{"id":8867,"date":"2026-03-29T13:14:34","date_gmt":"2026-03-29T13:14:34","guid":{"rendered":"https:\/\/zlatnodoba.org\/?post_type=product&#038;p=8867"},"modified":"2026-03-29T13:14:34","modified_gmt":"2026-03-29T13:14:34","slug":"duhoumnica-2-tehnologija-svesti-milan-izano","status":"publish","type":"product","link":"https:\/\/zlatnodoba.org\/en\/proizvod\/duhoumnica-2-tehnologija-svesti-milan-izano\/","title":{"rendered":"DUHOUMNICA 2 TEHNOLOGIJA SVESTI &#8211; Milan Izano"},"content":{"rendered":"<h1><span style=\"color: #0066ff;\"><strong>DUHOUMNICA 2 <\/strong><strong>TEHNOLOGIJA SVESTI <\/strong><\/span><\/h1>\n<h1><span style=\"color: #0066ff;\">Milan Nikoli\u0107 Izano<\/span><\/h1>\n<hr \/>\n<p>\u0160ta je zapravo\u00a0svest? Da li je svest proizvod mozga ili je\u00a0temeljna struktura univerzuma?<\/p>\n<p><strong>U ovom predavanju DUHOUMNICA 2 \u2013 Tehnologija svesti,<\/strong> Milan Nikoli\u0107 Izano otvara va\u017ena pitanja savremenog duhovnog razvoja, kolektivne svesti Balkana i izazova sa kojima se susre\u0107e \u010dovek koji traga za istinom i duhovnim znanjem.<\/p>\n<p>Doga\u0111aj je namenjen svima koji \u017eele dublje razumevanje duhovnosti, unutra\u0161njeg razvoja i \u0161ireg konteksta kolektivne svesti na prostoru Balkana.<\/p>\n<p>Kroz spoj savremene nauke, istorije i ezoterijskih tradicija, ovo predavanje istra\u017euje ideju da je svest mo\u017eda\u00a0najnaprednija tehnologija koja postoji, tehnologija koju \u010dovek nosi u sebi.<\/p>\n<p><span style=\"color: #5894ed;\"><strong>Tematske oblasti predavanja<\/strong><\/span><\/p>\n<p>U ovom predavanju govori se o:<br \/>\n\u2022 Koja je razlika izme\u0111u duhovnog bu\u0111enja i duhovne iluzije?<br \/>\n\u2022 Kakvu karmu nosi kolektivna svest Helma\u2013Huma\u2013Balkana?<br \/>\n\u2022 \u0160ta je najopasnije u duhovnosti, strah, duhovni ego ili iluzija?<br \/>\n\u2022 Ko su zmajeviti narodi i \u0161ta zapravo zna\u010di ovaj pojam?<br \/>\n\u2022 Za\u0161to se truju podzemne vode i kakve to veze ima sa kolektivnom sve\u0161\u0107u?<\/p>\n<h3><span style=\"color: #5894ed;\"><strong>Nauka i duhovnost \u2013 dva jezika iste stvarnosti<\/strong><\/span><\/h3>\n<p>Veliki umovi istorije \u010desto su ukazivali na vezu izme\u0111u nauke i duhovnosti. Nikola Tesla je govorio: \u201eAko \u017eelite da prona\u0111ete tajne univerzuma, razmi\u0161ljajte u terminima\u00a0energije, frekvencije i vibracije.\u201c<\/p>\n<p>Savremena kvantna fizika sve vi\u0161e otvara pitanja o ulozi\u00a0posmatra\u010da i svesti u stvaranju realnosti. U mnogim drevnim tradicijama, od vedskog znanja do hermeti\u010dke filozofije, svest se smatra\u00a0prvobitnim principom postojanja.<\/p>\n<h3><span style=\"color: #5894ed;\"><strong>\u010covek kao most izme\u0111u dva sveta<\/strong><\/span><\/h3>\n<p>Jedna od centralnih tema jeste razlika izme\u0111u\u00a0<strong>duhovnog bu\u0111enja i duhovne iluzije<\/strong>. U vremenu kada je duhovnost postala dostupna svima, postavlja se pitanje, da li zaista dolazi do bu\u0111enja svesti ili se \u010desto radi o suptilnim oblicima iluzije i duhovnog ega? Kako prepoznati razliku izme\u0111u istinskog uvida i privida znanja?<\/p>\n<p>Posebna pa\u017enja posve\u0107ena je pitanju\u00a0<strong>kolektivne svesti Balkana<\/strong>, odnosno prostora koji se u predanju naziva Helma\u2013Huma. Da li narodi ovog regiona nose odre\u0111eni istorijski i energetski obrazac, ono \u0161to se \u010desto naziva kolektivnom karmom? I ako je to slu\u010daj, na koji na\u010din se ona manifestuje kroz istoriju, kulturu i savremene doga\u0111aje?<\/p>\n<p>Predavanje tako\u0111e ulazi u jednu od najosetljivijih tema,\u00a0<strong>\u0161ta je najopasnije u duhovnosti<\/strong>. Da li je to strah koji paralizuje \u010doveka, duhovni ego koji stvara iluziju nadmo\u0107i ili sama iluzija koja udaljava od stvarnog razumevanja? Ova pitanja vode ka dubljem sagledavanju unutra\u0161njih procesa kroz koje prolazi svaki pojedinac na putu li\u010dnog razvoja.<\/p>\n<p>Jedna od intrigantnijih tema odnosi se na pojam\u00a0<strong>zmajevitih naroda<\/strong>. \u0160ta ovaj simbol zapravo zna\u010di? Da li se radi o mitolo\u0161kom nasle\u0111u, arhetipskom obrascu ili dubljem sloju identiteta koji je kroz istoriju preno\u0161en kroz simbole, predanja i kolektivnu svest?<\/p>\n<p>Na kraju, predavanje otvara i pitanje koje povezuje prirodu i \u010doveka,\u00a0<strong>za\u0161to se truju podzemne vode i kakve to veze ima sa kolektivnom sve\u0161\u0107u<\/strong>. Da li je odnos \u010doveka prema prirodi odraz njegovog unutra\u0161njeg stanja? I da li degradacija prirodnih resursa mo\u017ee biti povezana sa dubljim poreme\u0107ajem u kolektivnoj svesti?<\/p>\n<p>&nbsp;<\/p>\n<hr \/>\n<h1><span style=\"color: #0066ff;\"><strong>O predava\u010du<\/strong><\/span><\/h1>\n<p>Milan Nikoli\u0107 Izano\u00a0istra\u017euje teme duhovnosti, svesti i civilizacijskog razvoja kroz spoj istorijskih, filozofskih i savremenih nau\u010dnih ideja. Njegova predavanja \u010desto otvaraju pitanja koja povezuju\u00a0nauku, metafiziku i kolektivnu svest \u010doveka.<\/p>\n<p>&nbsp;<\/p>","protected":false},"excerpt":{"rendered":"<p>DUHOUMNICA 2 TEHNOLOGIJA SVESTI Milan Nikoli\u0107 Izano \u0160ta je zapravo\u00a0svest? Da li je svest proizvod mozga ili je\u00a0temeljna struktura univerzuma? U ovom predavanju DUHOUMNICA 2 \u2013 Tehnologija svesti, Milan Nikoli\u0107 Izano otvara va\u017ena pitanja savremenog duhovnog razvoja, kolektivne svesti Balkana i izazova sa kojima se susre\u0107e \u010dovek koji traga za istinom i duhovnim znanjem. Doga\u0111aj [&hellip;]<\/p>\n","protected":false},"featured_media":8869,"template":"","meta":{"_acf_changed":false,"_hpay_column_layout":"","_hpay_name_price":"","pmpro_default_level":""},"product_brand":[],"product_cat":[103,104],"product_tag":[],"class_list":{"0":"post-8867","1":"product","2":"type-product","3":"status-publish","4":"has-post-thumbnail","6":"product_cat-edukacije","7":"product_cat-predavanja","8":"pmpro-has-access","10":"first","11":"instock","12":"downloadable","13":"virtual","14":"taxable","15":"purchasable","16":"product-type-simple"},"acf":[],"yoast_head":"<!-- This site is optimized with the Yoast SEO plugin v27.1 - https:\/\/yoast.com\/product\/yoast-seo-wordpress\/ -->\n<title>DUHOUMNICA 2 TEHNOLOGIJA SVESTI - Milan Izano - Zlatno Doba<\/title>\n<meta name=\"robots\" content=\"index, follow, max-snippet:-1, max-image-preview:large, max-video-preview:-1\" \/>\n<link rel=\"canonical\" href=\"https:\/\/zlatnodoba.org\/en\/proizvod\/duhoumnica-2-tehnologija-svesti-milan-izano\/\" \/>\n<meta property=\"og:locale\" content=\"en_GB\" \/>\n<meta property=\"og:type\" content=\"article\" \/>\n<meta property=\"og:title\" content=\"DUHOUMNICA 2 TEHNOLOGIJA SVESTI - Milan Izano - Zlatno Doba\" \/>\n<meta property=\"og:description\" content=\"DUHOUMNICA 2 TEHNOLOGIJA SVESTI Milan Nikoli\u0107 Izano \u0160ta je zapravo\u00a0svest? Da li je svest proizvod mozga ili je\u00a0temeljna struktura univerzuma? U ovom predavanju DUHOUMNICA 2 \u2013 Tehnologija svesti, Milan Nikoli\u0107 Izano otvara va\u017ena pitanja savremenog duhovnog razvoja, kolektivne svesti Balkana i izazova sa kojima se susre\u0107e \u010dovek koji traga za istinom i duhovnim znanjem. Doga\u0111aj [&hellip;]\" \/>\n<meta property=\"og:url\" content=\"https:\/\/zlatnodoba.org\/en\/proizvod\/duhoumnica-2-tehnologija-svesti-milan-izano\/\" \/>\n<meta property=\"og:site_name\" content=\"Zlatno Doba\" \/>\n<meta property=\"og:image\" content=\"https:\/\/zlatnodoba.org\/wp-content\/uploads\/2026\/03\/Duhoumnica-2-Milan-Nikolic-Izano-Predavanje-Cover-Slika-Foto-Zlatno-doba-1024x683.png\" \/>\n\t<meta property=\"og:image:width\" content=\"1024\" \/>\n\t<meta property=\"og:image:height\" content=\"683\" \/>\n\t<meta property=\"og:image:type\" content=\"image\/png\" \/>\n<meta name=\"twitter:card\" content=\"summary_large_image\" \/>\n<meta name=\"twitter:label1\" content=\"Estimated reading time\" \/>\n\t<meta name=\"twitter:data1\" content=\"3 minutes\" \/>\n<script type=\"application\/ld+json\" class=\"yoast-schema-graph\">{\"@context\":\"https:\/\/schema.org\",\"@graph\":[{\"@type\":\"WebPage\",\"@id\":\"https:\/\/zlatnodoba.org\/proizvod\/duhoumnica-2-tehnologija-svesti-milan-izano\/\",\"url\":\"https:\/\/zlatnodoba.org\/proizvod\/duhoumnica-2-tehnologija-svesti-milan-izano\/\",\"name\":\"DUHOUMNICA 2 TEHNOLOGIJA SVESTI - Milan Izano - Zlatno Doba\",\"isPartOf\":{\"@id\":\"https:\/\/zlatnodoba.org\/#website\"},\"primaryImageOfPage\":{\"@id\":\"https:\/\/zlatnodoba.org\/proizvod\/duhoumnica-2-tehnologija-svesti-milan-izano\/#primaryimage\"},\"image\":{\"@id\":\"https:\/\/zlatnodoba.org\/proizvod\/duhoumnica-2-tehnologija-svesti-milan-izano\/#primaryimage\"},\"thumbnailUrl\":\"https:\/\/zlatnodoba.org\/wp-content\/uploads\/2026\/03\/Duhoumnica-2-Milan-Nikolic-Izano-Predavanje-Cover-Slika-Foto-Zlatno-doba.png\",\"datePublished\":\"2026-03-29T13:14:34+00:00\",\"breadcrumb\":{\"@id\":\"https:\/\/zlatnodoba.org\/proizvod\/duhoumnica-2-tehnologija-svesti-milan-izano\/#breadcrumb\"},\"inLanguage\":\"en-GB\",\"potentialAction\":[{\"@type\":\"ReadAction\",\"target\":[\"https:\/\/zlatnodoba.org\/proizvod\/duhoumnica-2-tehnologija-svesti-milan-izano\/\"]}]},{\"@type\":\"ImageObject\",\"inLanguage\":\"en-GB\",\"@id\":\"https:\/\/zlatnodoba.org\/proizvod\/duhoumnica-2-tehnologija-svesti-milan-izano\/#primaryimage\",\"url\":\"https:\/\/zlatnodoba.org\/wp-content\/uploads\/2026\/03\/Duhoumnica-2-Milan-Nikolic-Izano-Predavanje-Cover-Slika-Foto-Zlatno-doba.png\",\"contentUrl\":\"https:\/\/zlatnodoba.org\/wp-content\/uploads\/2026\/03\/Duhoumnica-2-Milan-Nikolic-Izano-Predavanje-Cover-Slika-Foto-Zlatno-doba.png\",\"width\":1536,\"height\":1024},{\"@type\":\"BreadcrumbList\",\"@id\":\"https:\/\/zlatnodoba.org\/proizvod\/duhoumnica-2-tehnologija-svesti-milan-izano\/#breadcrumb\",\"itemListElement\":[{\"@type\":\"ListItem\",\"position\":1,\"name\":\"Home\",\"item\":\"https:\/\/zlatnodoba.org\/\"},{\"@type\":\"ListItem\",\"position\":2,\"name\":\"Shop\",\"item\":\"https:\/\/zlatnodoba.org\/shop\/\"},{\"@type\":\"ListItem\",\"position\":3,\"name\":\"DUHOUMNICA 2 TEHNOLOGIJA SVESTI &#8211; Milan Izano\"}]},{\"@type\":\"WebSite\",\"@id\":\"https:\/\/zlatnodoba.org\/#website\",\"url\":\"https:\/\/zlatnodoba.org\/\",\"name\":\"Zlatno Doba\",\"description\":\"\",\"potentialAction\":[{\"@type\":\"SearchAction\",\"target\":{\"@type\":\"EntryPoint\",\"urlTemplate\":\"https:\/\/zlatnodoba.org\/?s={search_term_string}\"},\"query-input\":{\"@type\":\"PropertyValueSpecification\",\"valueRequired\":true,\"valueName\":\"search_term_string\"}}],\"inLanguage\":\"en-GB\"}]}<\/script>\n<!-- \/ Yoast SEO plugin. -->","yoast_head_json":{"title":"DUHOUMNICA 2 TEHNOLOGIJA SVESTI - Milan Izano - Zlatno Doba","robots":{"index":"index","follow":"follow","max-snippet":"max-snippet:-1","max-image-preview":"max-image-preview:large","max-video-preview":"max-video-preview:-1"},"canonical":"https:\/\/zlatnodoba.org\/en\/proizvod\/duhoumnica-2-tehnologija-svesti-milan-izano\/","og_locale":"en_GB","og_type":"article","og_title":"DUHOUMNICA 2 TEHNOLOGIJA SVESTI - Milan Izano - Zlatno Doba","og_description":"DUHOUMNICA 2 TEHNOLOGIJA SVESTI Milan Nikoli\u0107 Izano \u0160ta je zapravo\u00a0svest? Da li je svest proizvod mozga ili je\u00a0temeljna struktura univerzuma? U ovom predavanju DUHOUMNICA 2 \u2013 Tehnologija svesti, Milan Nikoli\u0107 Izano otvara va\u017ena pitanja savremenog duhovnog razvoja, kolektivne svesti Balkana i izazova sa kojima se susre\u0107e \u010dovek koji traga za istinom i duhovnim znanjem. Doga\u0111aj [&hellip;]","og_url":"https:\/\/zlatnodoba.org\/en\/proizvod\/duhoumnica-2-tehnologija-svesti-milan-izano\/","og_site_name":"Zlatno Doba","og_image":[{"width":1024,"height":683,"url":"https:\/\/zlatnodoba.org\/wp-content\/uploads\/2026\/03\/Duhoumnica-2-Milan-Nikolic-Izano-Predavanje-Cover-Slika-Foto-Zlatno-doba-1024x683.png","type":"image\/png"}],"twitter_card":"summary_large_image","twitter_misc":{"Estimated reading time":"3 minutes"},"schema":{"@context":"https:\/\/schema.org","@graph":[{"@type":"WebPage","@id":"https:\/\/zlatnodoba.org\/proizvod\/duhoumnica-2-tehnologija-svesti-milan-izano\/","url":"https:\/\/zlatnodoba.org\/proizvod\/duhoumnica-2-tehnologija-svesti-milan-izano\/","name":"DUHOUMNICA 2 TEHNOLOGIJA SVESTI - Milan Izano - Zlatno Doba","isPartOf":{"@id":"https:\/\/zlatnodoba.org\/#website"},"primaryImageOfPage":{"@id":"https:\/\/zlatnodoba.org\/proizvod\/duhoumnica-2-tehnologija-svesti-milan-izano\/#primaryimage"},"image":{"@id":"https:\/\/zlatnodoba.org\/proizvod\/duhoumnica-2-tehnologija-svesti-milan-izano\/#primaryimage"},"thumbnailUrl":"https:\/\/zlatnodoba.org\/wp-content\/uploads\/2026\/03\/Duhoumnica-2-Milan-Nikolic-Izano-Predavanje-Cover-Slika-Foto-Zlatno-doba.png","datePublished":"2026-03-29T13:14:34+00:00","breadcrumb":{"@id":"https:\/\/zlatnodoba.org\/proizvod\/duhoumnica-2-tehnologija-svesti-milan-izano\/#breadcrumb"},"inLanguage":"en-GB","potentialAction":[{"@type":"ReadAction","target":["https:\/\/zlatnodoba.org\/proizvod\/duhoumnica-2-tehnologija-svesti-milan-izano\/"]}]},{"@type":"ImageObject","inLanguage":"en-GB","@id":"https:\/\/zlatnodoba.org\/proizvod\/duhoumnica-2-tehnologija-svesti-milan-izano\/#primaryimage","url":"https:\/\/zlatnodoba.org\/wp-content\/uploads\/2026\/03\/Duhoumnica-2-Milan-Nikolic-Izano-Predavanje-Cover-Slika-Foto-Zlatno-doba.png","contentUrl":"https:\/\/zlatnodoba.org\/wp-content\/uploads\/2026\/03\/Duhoumnica-2-Milan-Nikolic-Izano-Predavanje-Cover-Slika-Foto-Zlatno-doba.png","width":1536,"height":1024},{"@type":"BreadcrumbList","@id":"https:\/\/zlatnodoba.org\/proizvod\/duhoumnica-2-tehnologija-svesti-milan-izano\/#breadcrumb","itemListElement":[{"@type":"ListItem","position":1,"name":"Home","item":"https:\/\/zlatnodoba.org\/"},{"@type":"ListItem","position":2,"name":"Shop","item":"https:\/\/zlatnodoba.org\/shop\/"},{"@type":"ListItem","position":3,"name":"DUHOUMNICA 2 TEHNOLOGIJA SVESTI &#8211; Milan Izano"}]},{"@type":"WebSite","@id":"https:\/\/zlatnodoba.org\/#website","url":"https:\/\/zlatnodoba.org\/","name":"Zlatno Doba","description":"","potentialAction":[{"@type":"SearchAction","target":{"@type":"EntryPoint","urlTemplate":"https:\/\/zlatnodoba.org\/?s={search_term_string}"},"query-input":{"@type":"PropertyValueSpecification","valueRequired":true,"valueName":"search_term_string"}}],"inLanguage":"en-GB"}]}},"_links":{"self":[{"href":"https:\/\/zlatnodoba.org\/en\/wp-json\/wp\/v2\/product\/8867","targetHints":{"allow":["GET"]}}],"collection":[{"href":"https:\/\/zlatnodoba.org\/en\/wp-json\/wp\/v2\/product"}],"about":[{"href":"https:\/\/zlatnodoba.org\/en\/wp-json\/wp\/v2\/types\/product"}],"version-history":[{"count":1,"href":"https:\/\/zlatnodoba.org\/en\/wp-json\/wp\/v2\/product\/8867\/revisions"}],"predecessor-version":[{"id":8868,"href":"https:\/\/zlatnodoba.org\/en\/wp-json\/wp\/v2\/product\/8867\/revisions\/8868"}],"wp:featuredmedia":[{"embeddable":true,"href":"https:\/\/zlatnodoba.org\/en\/wp-json\/wp\/v2\/media\/8869"}],"wp:attachment":[{"href":"https:\/\/zlatnodoba.org\/en\/wp-json\/wp\/v2\/media?parent=8867"}],"wp:term":[{"taxonomy":"product_brand","embeddable":true,"href":"https:\/\/zlatnodoba.org\/en\/wp-json\/wp\/v2\/product_brand?post=8867"},{"taxonomy":"product_cat","embeddable":true,"href":"https:\/\/zlatnodoba.org\/en\/wp-json\/wp\/v2\/product_cat?post=8867"},{"taxonomy":"product_tag","embeddable":true,"href":"https:\/\/zlatnodoba.org\/en\/wp-json\/wp\/v2\/product_tag?post=8867"}],"curies":[{"name":"wp","href":"https:\/\/api.w.org\/{rel}","templated":true}]}}