{"id":8687,"date":"2026-03-18T00:11:58","date_gmt":"2026-03-18T00:11:58","guid":{"rendered":"https:\/\/zlatnodoba.org\/?post_type=product&#038;p=8687"},"modified":"2026-03-18T21:39:12","modified_gmt":"2026-03-18T21:39:12","slug":"duhoumnica-1-tehnologija-svesti-milan-izano","status":"publish","type":"product","link":"https:\/\/zlatnodoba.org\/en\/proizvod\/duhoumnica-1-tehnologija-svesti-milan-izano\/","title":{"rendered":"DUHOUMNICA 1 TEHNOLOGIJA SVESTI &#8211; Milan Izano"},"content":{"rendered":"<h1><span style=\"color: #0066ff;\"><strong>DUHOUMNICA 1 <\/strong><strong>TEHNOLOGIJA SVESTI <\/strong><\/span><\/h1>\n<h1><span style=\"color: #0066ff;\">Milan Nikoli\u0107 Izano<\/span><\/h1>\n<hr \/>\n<p>\u0160ta je zapravo\u00a0svest? Da li je svest proizvod mozga ili je\u00a0temeljna struktura univerzuma?<\/p>\n<p><strong>U ovom predavanju\u00a0DUHOUMNICA 1 \u2013 Tehnologija svesti,<\/strong> Milan Nikoli\u0107 Izano otvara jedno od najdubljih pitanja ljudske civilizacije: odnos izme\u0111u\u00a0svesti, energije, nauke i duhovnosti.<\/p>\n<p>Kroz spoj savremene nauke, istorije i ezoterijskih tradicija, ovo predavanje istra\u017euje ideju da je svest mo\u017eda\u00a0najnaprednija tehnologija koja postoji, tehnologija koju \u010dovek nosi u sebi.<\/p>\n<p><span style=\"color: #5894ed;\"><strong>Tematske oblasti predavanja<\/strong><\/span><\/p>\n<p>U ovom predavanju govori se o:<br \/>\n\u2022 vezi izme\u0111u\u00a0svesti i fizike univerzuma<br \/>\n\u2022 odnosu\u00a0energije, frekvencije i informacija<br \/>\n\u2022 nau\u010dnim idejama Nikole Tesle o energiji i rezonanci<br \/>\n\u2022 mogu\u0107nosti da je\u00a0svest fundamentalno polje univerzuma<br \/>\n\u2022 vezi izme\u0111u\u00a0DNK, svesti i ljudskog potencijala<br \/>\n\u2022 odnosu izme\u0111u\u00a0duhovnog i materijalnog sveta<\/p>\n<h3><span style=\"color: #5894ed;\"><strong>Nauka i duhovnost \u2013 dva jezika iste stvarnosti<\/strong><\/span><\/h3>\n<p>Veliki umovi istorije \u010desto su ukazivali na vezu izme\u0111u nauke i duhovnosti. Nikola Tesla je govorio: \u201eAko \u017eelite da prona\u0111ete tajne univerzuma, razmi\u0161ljajte u terminima\u00a0energije, frekvencije i vibracije.\u201c<\/p>\n<p>Savremena kvantna fizika sve vi\u0161e otvara pitanja o ulozi\u00a0posmatra\u010da i svesti u stvaranju realnosti. U mnogim drevnim tradicijama, od vedskog znanja do hermeti\u010dke filozofije, svest se smatra\u00a0prvobitnim principom postojanja.<\/p>\n<h3><span style=\"color: #5894ed;\"><strong>\u010covek kao most izme\u0111u dva sveta<\/strong><\/span><\/h3>\n<p>Jedna od centralnih ideja ovog predavanja jeste da je \u010dovek\u00a0most izme\u0111u fizi\u010dkog i duhovnog univerzuma.<\/p>\n<p>Na jednoj strani nalazi se materija: atom, energija, prostor i vreme.<\/p>\n<p>Na drugoj strani nalazi se svest: percepcija, ideja, intuicija i iskustvo.<\/p>\n<p>Razumevanje ovog odnosa mo\u017ee otvoriti potpuno novu perspektivu o:<\/p>\n<ul>\n<li>prirodi realnosti<\/li>\n<li>potencijalu ljudskog uma<\/li>\n<li>budu\u0107nosti civilizacije<\/li>\n<\/ul>\n<h3><span style=\"color: #5894ed;\"><strong>\u0160ta je \u201ctehnologija svesti\u201d?<\/strong><\/span><\/h3>\n<p>Ako je svest temelj stvarnosti, onda su misao, namera i percepcija mo\u017eda\u00a0najmo\u0107niji alati koje \u010dovek poseduje. U tom smislu, svest se mo\u017ee posmatrati kao: unutra\u0161nja tehnologija razvoja \u010doveka.<\/p>\n<p>Tehnologija koja oblikuje:<\/p>\n<ul>\n<li>na\u010din na koji vidimo svet<\/li>\n<li>na\u010din na koji stvaramo realnost<\/li>\n<li>na\u010din na koji razumemo univerzum<\/li>\n<\/ul>\n<hr \/>\n<h1><span style=\"color: #0066ff;\"><strong>O predava\u010du<\/strong><\/span><\/h1>\n<p>Milan Nikoli\u0107 Izano\u00a0istra\u017euje teme duhovnosti, svesti i civilizacijskog razvoja kroz spoj istorijskih, filozofskih i savremenih nau\u010dnih ideja. Njegova predavanja \u010desto otvaraju pitanja koja povezuju\u00a0nauku, metafiziku i kolektivnu svest \u010doveka.<\/p>\n<p>&nbsp;<\/p>","protected":false},"excerpt":{"rendered":"<p>DUHOUMNICA 1 TEHNOLOGIJA SVESTI Milan Nikoli\u0107 Izano \u0160ta je zapravo\u00a0svest? Da li je svest proizvod mozga ili je\u00a0temeljna struktura univerzuma? U ovom predavanju\u00a0DUHOUMNICA 1 \u2013 Tehnologija svesti, Milan Nikoli\u0107 Izano otvara jedno od najdubljih pitanja ljudske civilizacije: odnos izme\u0111u\u00a0svesti, energije, nauke i duhovnosti. Kroz spoj savremene nauke, istorije i ezoterijskih tradicija, ovo predavanje istra\u017euje ideju [&hellip;]<\/p>\n","protected":false},"featured_media":8721,"template":"","meta":{"_acf_changed":false,"_hpay_column_layout":"","_hpay_name_price":"","pmpro_default_level":""},"product_brand":[],"product_cat":[103,104],"product_tag":[],"class_list":{"0":"post-8687","1":"product","2":"type-product","3":"status-publish","4":"has-post-thumbnail","6":"product_cat-edukacije","7":"product_cat-predavanja","8":"pmpro-has-access","10":"first","11":"instock","12":"downloadable","13":"virtual","14":"taxable","15":"purchasable","16":"product-type-simple"},"acf":[],"yoast_head":"<!-- This site is optimized with the Yoast SEO plugin v27.1 - https:\/\/yoast.com\/product\/yoast-seo-wordpress\/ -->\n<title>DUHOUMNICA 1 TEHNOLOGIJA SVESTI - Milan Izano - Zlatno Doba<\/title>\n<meta name=\"robots\" content=\"index, follow, max-snippet:-1, max-image-preview:large, max-video-preview:-1\" \/>\n<link rel=\"canonical\" href=\"https:\/\/zlatnodoba.org\/en\/proizvod\/duhoumnica-1-tehnologija-svesti-milan-izano\/\" \/>\n<meta property=\"og:locale\" content=\"en_GB\" \/>\n<meta property=\"og:type\" content=\"article\" \/>\n<meta property=\"og:title\" content=\"DUHOUMNICA 1 TEHNOLOGIJA SVESTI - Milan Izano - Zlatno Doba\" \/>\n<meta property=\"og:description\" content=\"DUHOUMNICA 1 TEHNOLOGIJA SVESTI Milan Nikoli\u0107 Izano \u0160ta je zapravo\u00a0svest? Da li je svest proizvod mozga ili je\u00a0temeljna struktura univerzuma? U ovom predavanju\u00a0DUHOUMNICA 1 \u2013 Tehnologija svesti, Milan Nikoli\u0107 Izano otvara jedno od najdubljih pitanja ljudske civilizacije: odnos izme\u0111u\u00a0svesti, energije, nauke i duhovnosti. Kroz spoj savremene nauke, istorije i ezoterijskih tradicija, ovo predavanje istra\u017euje ideju [&hellip;]\" \/>\n<meta property=\"og:url\" content=\"https:\/\/zlatnodoba.org\/en\/proizvod\/duhoumnica-1-tehnologija-svesti-milan-izano\/\" \/>\n<meta property=\"og:site_name\" content=\"Zlatno Doba\" \/>\n<meta property=\"article:modified_time\" content=\"2026-03-18T21:39:12+00:00\" \/>\n<meta property=\"og:image\" content=\"https:\/\/zlatnodoba.org\/wp-content\/uploads\/2026\/03\/viber_image_2026-03-08_21-58-28-020.jpg\" \/>\n\t<meta property=\"og:image:width\" content=\"1280\" \/>\n\t<meta property=\"og:image:height\" content=\"720\" \/>\n\t<meta property=\"og:image:type\" content=\"image\/jpeg\" \/>\n<meta name=\"twitter:card\" content=\"summary_large_image\" \/>\n<meta name=\"twitter:label1\" content=\"Estimated reading time\" \/>\n\t<meta name=\"twitter:data1\" content=\"3 minutes\" \/>\n<script type=\"application\/ld+json\" class=\"yoast-schema-graph\">{\"@context\":\"https:\/\/schema.org\",\"@graph\":[{\"@type\":\"WebPage\",\"@id\":\"https:\/\/zlatnodoba.org\/proizvod\/duhoumnica-1-tehnologija-svesti-milan-izano\/\",\"url\":\"https:\/\/zlatnodoba.org\/proizvod\/duhoumnica-1-tehnologija-svesti-milan-izano\/\",\"name\":\"DUHOUMNICA 1 TEHNOLOGIJA SVESTI - Milan Izano - Zlatno Doba\",\"isPartOf\":{\"@id\":\"https:\/\/zlatnodoba.org\/#website\"},\"primaryImageOfPage\":{\"@id\":\"https:\/\/zlatnodoba.org\/proizvod\/duhoumnica-1-tehnologija-svesti-milan-izano\/#primaryimage\"},\"image\":{\"@id\":\"https:\/\/zlatnodoba.org\/proizvod\/duhoumnica-1-tehnologija-svesti-milan-izano\/#primaryimage\"},\"thumbnailUrl\":\"https:\/\/zlatnodoba.org\/wp-content\/uploads\/2026\/03\/viber_image_2026-03-08_21-58-28-020.jpg\",\"datePublished\":\"2026-03-18T00:11:58+00:00\",\"dateModified\":\"2026-03-18T21:39:12+00:00\",\"breadcrumb\":{\"@id\":\"https:\/\/zlatnodoba.org\/proizvod\/duhoumnica-1-tehnologija-svesti-milan-izano\/#breadcrumb\"},\"inLanguage\":\"en-GB\",\"potentialAction\":[{\"@type\":\"ReadAction\",\"target\":[\"https:\/\/zlatnodoba.org\/proizvod\/duhoumnica-1-tehnologija-svesti-milan-izano\/\"]}]},{\"@type\":\"ImageObject\",\"inLanguage\":\"en-GB\",\"@id\":\"https:\/\/zlatnodoba.org\/proizvod\/duhoumnica-1-tehnologija-svesti-milan-izano\/#primaryimage\",\"url\":\"https:\/\/zlatnodoba.org\/wp-content\/uploads\/2026\/03\/viber_image_2026-03-08_21-58-28-020.jpg\",\"contentUrl\":\"https:\/\/zlatnodoba.org\/wp-content\/uploads\/2026\/03\/viber_image_2026-03-08_21-58-28-020.jpg\",\"width\":1280,\"height\":720,\"caption\":\"DUHOUMNICA 1 TEHNOLOGIJA SVESTI - Milan Izano\"},{\"@type\":\"BreadcrumbList\",\"@id\":\"https:\/\/zlatnodoba.org\/proizvod\/duhoumnica-1-tehnologija-svesti-milan-izano\/#breadcrumb\",\"itemListElement\":[{\"@type\":\"ListItem\",\"position\":1,\"name\":\"Home\",\"item\":\"https:\/\/zlatnodoba.org\/\"},{\"@type\":\"ListItem\",\"position\":2,\"name\":\"Shop\",\"item\":\"https:\/\/zlatnodoba.org\/shop\/\"},{\"@type\":\"ListItem\",\"position\":3,\"name\":\"DUHOUMNICA 1 TEHNOLOGIJA SVESTI &#8211; Milan Izano\"}]},{\"@type\":\"WebSite\",\"@id\":\"https:\/\/zlatnodoba.org\/#website\",\"url\":\"https:\/\/zlatnodoba.org\/\",\"name\":\"Zlatno Doba\",\"description\":\"\",\"potentialAction\":[{\"@type\":\"SearchAction\",\"target\":{\"@type\":\"EntryPoint\",\"urlTemplate\":\"https:\/\/zlatnodoba.org\/?s={search_term_string}\"},\"query-input\":{\"@type\":\"PropertyValueSpecification\",\"valueRequired\":true,\"valueName\":\"search_term_string\"}}],\"inLanguage\":\"en-GB\"}]}<\/script>\n<!-- \/ Yoast SEO plugin. -->","yoast_head_json":{"title":"DUHOUMNICA 1 TEHNOLOGIJA SVESTI - Milan Izano - Zlatno Doba","robots":{"index":"index","follow":"follow","max-snippet":"max-snippet:-1","max-image-preview":"max-image-preview:large","max-video-preview":"max-video-preview:-1"},"canonical":"https:\/\/zlatnodoba.org\/en\/proizvod\/duhoumnica-1-tehnologija-svesti-milan-izano\/","og_locale":"en_GB","og_type":"article","og_title":"DUHOUMNICA 1 TEHNOLOGIJA SVESTI - Milan Izano - Zlatno Doba","og_description":"DUHOUMNICA 1 TEHNOLOGIJA SVESTI Milan Nikoli\u0107 Izano \u0160ta je zapravo\u00a0svest? Da li je svest proizvod mozga ili je\u00a0temeljna struktura univerzuma? U ovom predavanju\u00a0DUHOUMNICA 1 \u2013 Tehnologija svesti, Milan Nikoli\u0107 Izano otvara jedno od najdubljih pitanja ljudske civilizacije: odnos izme\u0111u\u00a0svesti, energije, nauke i duhovnosti. Kroz spoj savremene nauke, istorije i ezoterijskih tradicija, ovo predavanje istra\u017euje ideju [&hellip;]","og_url":"https:\/\/zlatnodoba.org\/en\/proizvod\/duhoumnica-1-tehnologija-svesti-milan-izano\/","og_site_name":"Zlatno Doba","article_modified_time":"2026-03-18T21:39:12+00:00","og_image":[{"width":1280,"height":720,"url":"https:\/\/zlatnodoba.org\/wp-content\/uploads\/2026\/03\/viber_image_2026-03-08_21-58-28-020.jpg","type":"image\/jpeg"}],"twitter_card":"summary_large_image","twitter_misc":{"Estimated reading time":"3 minutes"},"schema":{"@context":"https:\/\/schema.org","@graph":[{"@type":"WebPage","@id":"https:\/\/zlatnodoba.org\/proizvod\/duhoumnica-1-tehnologija-svesti-milan-izano\/","url":"https:\/\/zlatnodoba.org\/proizvod\/duhoumnica-1-tehnologija-svesti-milan-izano\/","name":"DUHOUMNICA 1 TEHNOLOGIJA SVESTI - Milan Izano - Zlatno Doba","isPartOf":{"@id":"https:\/\/zlatnodoba.org\/#website"},"primaryImageOfPage":{"@id":"https:\/\/zlatnodoba.org\/proizvod\/duhoumnica-1-tehnologija-svesti-milan-izano\/#primaryimage"},"image":{"@id":"https:\/\/zlatnodoba.org\/proizvod\/duhoumnica-1-tehnologija-svesti-milan-izano\/#primaryimage"},"thumbnailUrl":"https:\/\/zlatnodoba.org\/wp-content\/uploads\/2026\/03\/viber_image_2026-03-08_21-58-28-020.jpg","datePublished":"2026-03-18T00:11:58+00:00","dateModified":"2026-03-18T21:39:12+00:00","breadcrumb":{"@id":"https:\/\/zlatnodoba.org\/proizvod\/duhoumnica-1-tehnologija-svesti-milan-izano\/#breadcrumb"},"inLanguage":"en-GB","potentialAction":[{"@type":"ReadAction","target":["https:\/\/zlatnodoba.org\/proizvod\/duhoumnica-1-tehnologija-svesti-milan-izano\/"]}]},{"@type":"ImageObject","inLanguage":"en-GB","@id":"https:\/\/zlatnodoba.org\/proizvod\/duhoumnica-1-tehnologija-svesti-milan-izano\/#primaryimage","url":"https:\/\/zlatnodoba.org\/wp-content\/uploads\/2026\/03\/viber_image_2026-03-08_21-58-28-020.jpg","contentUrl":"https:\/\/zlatnodoba.org\/wp-content\/uploads\/2026\/03\/viber_image_2026-03-08_21-58-28-020.jpg","width":1280,"height":720,"caption":"DUHOUMNICA 1 TEHNOLOGIJA SVESTI - Milan Izano"},{"@type":"BreadcrumbList","@id":"https:\/\/zlatnodoba.org\/proizvod\/duhoumnica-1-tehnologija-svesti-milan-izano\/#breadcrumb","itemListElement":[{"@type":"ListItem","position":1,"name":"Home","item":"https:\/\/zlatnodoba.org\/"},{"@type":"ListItem","position":2,"name":"Shop","item":"https:\/\/zlatnodoba.org\/shop\/"},{"@type":"ListItem","position":3,"name":"DUHOUMNICA 1 TEHNOLOGIJA SVESTI &#8211; Milan Izano"}]},{"@type":"WebSite","@id":"https:\/\/zlatnodoba.org\/#website","url":"https:\/\/zlatnodoba.org\/","name":"Zlatno Doba","description":"","potentialAction":[{"@type":"SearchAction","target":{"@type":"EntryPoint","urlTemplate":"https:\/\/zlatnodoba.org\/?s={search_term_string}"},"query-input":{"@type":"PropertyValueSpecification","valueRequired":true,"valueName":"search_term_string"}}],"inLanguage":"en-GB"}]}},"_links":{"self":[{"href":"https:\/\/zlatnodoba.org\/en\/wp-json\/wp\/v2\/product\/8687","targetHints":{"allow":["GET"]}}],"collection":[{"href":"https:\/\/zlatnodoba.org\/en\/wp-json\/wp\/v2\/product"}],"about":[{"href":"https:\/\/zlatnodoba.org\/en\/wp-json\/wp\/v2\/types\/product"}],"version-history":[{"count":5,"href":"https:\/\/zlatnodoba.org\/en\/wp-json\/wp\/v2\/product\/8687\/revisions"}],"predecessor-version":[{"id":8739,"href":"https:\/\/zlatnodoba.org\/en\/wp-json\/wp\/v2\/product\/8687\/revisions\/8739"}],"wp:featuredmedia":[{"embeddable":true,"href":"https:\/\/zlatnodoba.org\/en\/wp-json\/wp\/v2\/media\/8721"}],"wp:attachment":[{"href":"https:\/\/zlatnodoba.org\/en\/wp-json\/wp\/v2\/media?parent=8687"}],"wp:term":[{"taxonomy":"product_brand","embeddable":true,"href":"https:\/\/zlatnodoba.org\/en\/wp-json\/wp\/v2\/product_brand?post=8687"},{"taxonomy":"product_cat","embeddable":true,"href":"https:\/\/zlatnodoba.org\/en\/wp-json\/wp\/v2\/product_cat?post=8687"},{"taxonomy":"product_tag","embeddable":true,"href":"https:\/\/zlatnodoba.org\/en\/wp-json\/wp\/v2\/product_tag?post=8687"}],"curies":[{"name":"wp","href":"https:\/\/api.w.org\/{rel}","templated":true}]}}