{"id":8091,"date":"2026-01-03T12:30:17","date_gmt":"2026-01-03T12:30:17","guid":{"rendered":"https:\/\/zlatnodoba.org\/?post_type=product&#038;p=8091"},"modified":"2026-01-23T08:55:30","modified_gmt":"2026-01-23T08:55:30","slug":"bioprotektor-tehnologija-istrazivanja-proizvodi-cene","status":"publish","type":"product","link":"https:\/\/zlatnodoba.org\/en\/proizvod\/bioprotektor-tehnologija-istrazivanja-proizvodi-cene\/","title":{"rendered":"BIOPROTEKTOR &#8211; Tehnologija, Istra\u017eivanja, Proizvodi &#8211; Cene"},"content":{"rendered":"<h3>BIOPROTEKTOR &#8211; Tehnologija, Istra\u017eivanja, Proizvodi &#8211; Cene<\/h3>\n<p>BIOPROTEKTOR &#8211; Tehnologija, Istra\u017eivanja, Proizvodi &#8211; Cene<\/p>\n<p>Ovo nije jedan proizvod i zato nema izra\u017eenu cenu. Ovo je spisak svih Bioprotektor proizvoda i informativni blog.<\/p>\n<p>Narud\u017ebe mo\u017eete izvr\u0161iti putem mejl adrese: zlatnodoba369@gmail.com ili direktno na tel (viber\/whatsapp): +381 69 369 4111<\/p>\n<p>Analize prije i poslije kori\u0161tenja, eksperimenti, istra\u017eivanja i patentna tehnologija, sve PDF dokumente o Bioprotektoru preuzmite ispod slika.<\/p>\n<div id='gallery-1' class='gallery galleryid-8091 gallery-columns-1 gallery-size-large'><figure class='gallery-item'>\n\t\t\t<div class='gallery-icon portrait'>\n\t\t\t\t<a href='https:\/\/zlatnodoba.org\/wp-content\/uploads\/2026\/01\/SINGLE-PAKET-Promo-cene-Bioprotector.jpg'><img fetchpriority=\"high\" decoding=\"async\" width=\"640\" height=\"889\" src=\"https:\/\/zlatnodoba.org\/wp-content\/uploads\/2026\/01\/SINGLE-PAKET-Promo-cene-Bioprotector-737x1024.jpg\" class=\"attachment-large size-large\" alt=\"\" srcset=\"https:\/\/zlatnodoba.org\/wp-content\/uploads\/2026\/01\/SINGLE-PAKET-Promo-cene-Bioprotector-737x1024.jpg 737w, https:\/\/zlatnodoba.org\/wp-content\/uploads\/2026\/01\/SINGLE-PAKET-Promo-cene-Bioprotector-216x300.jpg 216w, https:\/\/zlatnodoba.org\/wp-content\/uploads\/2026\/01\/SINGLE-PAKET-Promo-cene-Bioprotector-768x1067.jpg 768w, https:\/\/zlatnodoba.org\/wp-content\/uploads\/2026\/01\/SINGLE-PAKET-Promo-cene-Bioprotector-600x833.jpg 600w, https:\/\/zlatnodoba.org\/wp-content\/uploads\/2026\/01\/SINGLE-PAKET-Promo-cene-Bioprotector.jpg 1000w\" sizes=\"(max-width: 640px) 100vw, 640px\" \/><\/a>\n\t\t\t<\/div><\/figure><figure class='gallery-item'>\n\t\t\t<div class='gallery-icon portrait'>\n\t\t\t\t<a href='https:\/\/zlatnodoba.org\/wp-content\/uploads\/2026\/01\/Malo-porodicno-pakovanje-Promo-cene-Bioprotector.jpg'><img decoding=\"async\" width=\"640\" height=\"889\" src=\"https:\/\/zlatnodoba.org\/wp-content\/uploads\/2026\/01\/Malo-porodicno-pakovanje-Promo-cene-Bioprotector-737x1024.jpg\" class=\"attachment-large size-large\" alt=\"\" srcset=\"https:\/\/zlatnodoba.org\/wp-content\/uploads\/2026\/01\/Malo-porodicno-pakovanje-Promo-cene-Bioprotector-737x1024.jpg 737w, https:\/\/zlatnodoba.org\/wp-content\/uploads\/2026\/01\/Malo-porodicno-pakovanje-Promo-cene-Bioprotector-216x300.jpg 216w, https:\/\/zlatnodoba.org\/wp-content\/uploads\/2026\/01\/Malo-porodicno-pakovanje-Promo-cene-Bioprotector-768x1067.jpg 768w, https:\/\/zlatnodoba.org\/wp-content\/uploads\/2026\/01\/Malo-porodicno-pakovanje-Promo-cene-Bioprotector-600x833.jpg 600w, https:\/\/zlatnodoba.org\/wp-content\/uploads\/2026\/01\/Malo-porodicno-pakovanje-Promo-cene-Bioprotector.jpg 1000w\" sizes=\"(max-width: 640px) 100vw, 640px\" \/><\/a>\n\t\t\t<\/div><\/figure><figure class='gallery-item'>\n\t\t\t<div class='gallery-icon portrait'>\n\t\t\t\t<a href='https:\/\/zlatnodoba.org\/wp-content\/uploads\/2026\/01\/Veliko-porodicno-pakovanje-Promo-cene-Bioprotector.jpg'><img decoding=\"async\" width=\"640\" height=\"889\" src=\"https:\/\/zlatnodoba.org\/wp-content\/uploads\/2026\/01\/Veliko-porodicno-pakovanje-Promo-cene-Bioprotector-737x1024.jpg\" class=\"attachment-large size-large\" alt=\"\" srcset=\"https:\/\/zlatnodoba.org\/wp-content\/uploads\/2026\/01\/Veliko-porodicno-pakovanje-Promo-cene-Bioprotector-737x1024.jpg 737w, https:\/\/zlatnodoba.org\/wp-content\/uploads\/2026\/01\/Veliko-porodicno-pakovanje-Promo-cene-Bioprotector-216x300.jpg 216w, https:\/\/zlatnodoba.org\/wp-content\/uploads\/2026\/01\/Veliko-porodicno-pakovanje-Promo-cene-Bioprotector-768x1067.jpg 768w, https:\/\/zlatnodoba.org\/wp-content\/uploads\/2026\/01\/Veliko-porodicno-pakovanje-Promo-cene-Bioprotector-600x833.jpg 600w, https:\/\/zlatnodoba.org\/wp-content\/uploads\/2026\/01\/Veliko-porodicno-pakovanje-Promo-cene-Bioprotector.jpg 1000w\" sizes=\"(max-width: 640px) 100vw, 640px\" \/><\/a>\n\t\t\t<\/div><\/figure><figure class='gallery-item'>\n\t\t\t<div class='gallery-icon landscape'>\n\t\t\t\t<a href='https:\/\/zlatnodoba.org\/wp-content\/uploads\/2026\/01\/1.-Prostorni-Bioprotecor.jpg'><img loading=\"lazy\" decoding=\"async\" width=\"640\" height=\"278\" src=\"https:\/\/zlatnodoba.org\/wp-content\/uploads\/2026\/01\/1.-Prostorni-Bioprotecor-1024x444.jpg\" class=\"attachment-large size-large\" alt=\"\" srcset=\"https:\/\/zlatnodoba.org\/wp-content\/uploads\/2026\/01\/1.-Prostorni-Bioprotecor-1024x444.jpg 1024w, https:\/\/zlatnodoba.org\/wp-content\/uploads\/2026\/01\/1.-Prostorni-Bioprotecor-300x130.jpg 300w, https:\/\/zlatnodoba.org\/wp-content\/uploads\/2026\/01\/1.-Prostorni-Bioprotecor-768x333.jpg 768w, https:\/\/zlatnodoba.org\/wp-content\/uploads\/2026\/01\/1.-Prostorni-Bioprotecor-600x260.jpg 600w, https:\/\/zlatnodoba.org\/wp-content\/uploads\/2026\/01\/1.-Prostorni-Bioprotecor.jpg 1152w\" sizes=\"(max-width: 640px) 100vw, 640px\" \/><\/a>\n\t\t\t<\/div><\/figure><figure class='gallery-item'>\n\t\t\t<div class='gallery-icon landscape'>\n\t\t\t\t<a href='https:\/\/zlatnodoba.org\/wp-content\/uploads\/2026\/01\/2.-Licni-Bioprotector.jpg'><img loading=\"lazy\" decoding=\"async\" width=\"640\" height=\"272\" src=\"https:\/\/zlatnodoba.org\/wp-content\/uploads\/2026\/01\/2.-Licni-Bioprotector-1024x435.jpg\" class=\"attachment-large size-large\" alt=\"\" srcset=\"https:\/\/zlatnodoba.org\/wp-content\/uploads\/2026\/01\/2.-Licni-Bioprotector-1024x435.jpg 1024w, https:\/\/zlatnodoba.org\/wp-content\/uploads\/2026\/01\/2.-Licni-Bioprotector-300x127.jpg 300w, https:\/\/zlatnodoba.org\/wp-content\/uploads\/2026\/01\/2.-Licni-Bioprotector-768x326.jpg 768w, https:\/\/zlatnodoba.org\/wp-content\/uploads\/2026\/01\/2.-Licni-Bioprotector-600x255.jpg 600w, https:\/\/zlatnodoba.org\/wp-content\/uploads\/2026\/01\/2.-Licni-Bioprotector.jpg 1178w\" sizes=\"(max-width: 640px) 100vw, 640px\" \/><\/a>\n\t\t\t<\/div><\/figure><figure class='gallery-item'>\n\t\t\t<div class='gallery-icon landscape'>\n\t\t\t\t<a href='https:\/\/zlatnodoba.org\/wp-content\/uploads\/2026\/01\/3.-Mobilni-bioprotector.jpg'><img loading=\"lazy\" decoding=\"async\" width=\"640\" height=\"266\" src=\"https:\/\/zlatnodoba.org\/wp-content\/uploads\/2026\/01\/3.-Mobilni-bioprotector-1024x425.jpg\" class=\"attachment-large size-large\" alt=\"\" srcset=\"https:\/\/zlatnodoba.org\/wp-content\/uploads\/2026\/01\/3.-Mobilni-bioprotector-1024x425.jpg 1024w, https:\/\/zlatnodoba.org\/wp-content\/uploads\/2026\/01\/3.-Mobilni-bioprotector-300x124.jpg 300w, https:\/\/zlatnodoba.org\/wp-content\/uploads\/2026\/01\/3.-Mobilni-bioprotector-768x318.jpg 768w, https:\/\/zlatnodoba.org\/wp-content\/uploads\/2026\/01\/3.-Mobilni-bioprotector-600x249.jpg 600w, https:\/\/zlatnodoba.org\/wp-content\/uploads\/2026\/01\/3.-Mobilni-bioprotector.jpg 1206w\" sizes=\"(max-width: 640px) 100vw, 640px\" \/><\/a>\n\t\t\t<\/div><\/figure><figure class='gallery-item'>\n\t\t\t<div class='gallery-icon landscape'>\n\t\t\t\t<a href='https:\/\/zlatnodoba.org\/wp-content\/uploads\/2026\/01\/4.-Anti-stres-dragulj-Bioprotector.jpg'><img loading=\"lazy\" decoding=\"async\" width=\"640\" height=\"271\" src=\"https:\/\/zlatnodoba.org\/wp-content\/uploads\/2026\/01\/4.-Anti-stres-dragulj-Bioprotector-1024x433.jpg\" class=\"attachment-large size-large\" alt=\"\" srcset=\"https:\/\/zlatnodoba.org\/wp-content\/uploads\/2026\/01\/4.-Anti-stres-dragulj-Bioprotector-1024x433.jpg 1024w, https:\/\/zlatnodoba.org\/wp-content\/uploads\/2026\/01\/4.-Anti-stres-dragulj-Bioprotector-300x127.jpg 300w, https:\/\/zlatnodoba.org\/wp-content\/uploads\/2026\/01\/4.-Anti-stres-dragulj-Bioprotector-768x325.jpg 768w, https:\/\/zlatnodoba.org\/wp-content\/uploads\/2026\/01\/4.-Anti-stres-dragulj-Bioprotector-600x254.jpg 600w, https:\/\/zlatnodoba.org\/wp-content\/uploads\/2026\/01\/4.-Anti-stres-dragulj-Bioprotector.jpg 1182w\" sizes=\"(max-width: 640px) 100vw, 640px\" \/><\/a>\n\t\t\t<\/div><\/figure><figure class='gallery-item'>\n\t\t\t<div class='gallery-icon landscape'>\n\t\t\t\t<a href='https:\/\/zlatnodoba.org\/wp-content\/uploads\/2026\/01\/5.-Kucni-ljubimci-Bioprotector.jpg'><img loading=\"lazy\" decoding=\"async\" width=\"640\" height=\"269\" src=\"https:\/\/zlatnodoba.org\/wp-content\/uploads\/2026\/01\/5.-Kucni-ljubimci-Bioprotector-1024x430.jpg\" class=\"attachment-large size-large\" alt=\"\" srcset=\"https:\/\/zlatnodoba.org\/wp-content\/uploads\/2026\/01\/5.-Kucni-ljubimci-Bioprotector-1024x430.jpg 1024w, https:\/\/zlatnodoba.org\/wp-content\/uploads\/2026\/01\/5.-Kucni-ljubimci-Bioprotector-300x126.jpg 300w, https:\/\/zlatnodoba.org\/wp-content\/uploads\/2026\/01\/5.-Kucni-ljubimci-Bioprotector-768x322.jpg 768w, https:\/\/zlatnodoba.org\/wp-content\/uploads\/2026\/01\/5.-Kucni-ljubimci-Bioprotector-600x252.jpg 600w, https:\/\/zlatnodoba.org\/wp-content\/uploads\/2026\/01\/5.-Kucni-ljubimci-Bioprotector.jpg 1192w\" sizes=\"(max-width: 640px) 100vw, 640px\" \/><\/a>\n\t\t\t<\/div><\/figure><figure class='gallery-item'>\n\t\t\t<div class='gallery-icon landscape'>\n\t\t\t\t<a href='https:\/\/zlatnodoba.org\/wp-content\/uploads\/2026\/01\/Aura-pre-i-posle-Bioprotector.jpg'><img loading=\"lazy\" decoding=\"async\" width=\"640\" height=\"271\" src=\"https:\/\/zlatnodoba.org\/wp-content\/uploads\/2026\/01\/Aura-pre-i-posle-Bioprotector.jpg\" class=\"attachment-large size-large\" alt=\"\" srcset=\"https:\/\/zlatnodoba.org\/wp-content\/uploads\/2026\/01\/Aura-pre-i-posle-Bioprotector.jpg 944w, https:\/\/zlatnodoba.org\/wp-content\/uploads\/2026\/01\/Aura-pre-i-posle-Bioprotector-300x127.jpg 300w, https:\/\/zlatnodoba.org\/wp-content\/uploads\/2026\/01\/Aura-pre-i-posle-Bioprotector-768x325.jpg 768w, https:\/\/zlatnodoba.org\/wp-content\/uploads\/2026\/01\/Aura-pre-i-posle-Bioprotector-600x254.jpg 600w\" sizes=\"(max-width: 640px) 100vw, 640px\" \/><\/a>\n\t\t\t<\/div><\/figure><figure class='gallery-item'>\n\t\t\t<div class='gallery-icon landscape'>\n\t\t\t\t<a href='https:\/\/zlatnodoba.org\/wp-content\/uploads\/2026\/01\/Nivo-kortizola-Bioprotector.jpg'><img loading=\"lazy\" decoding=\"async\" width=\"640\" height=\"223\" src=\"https:\/\/zlatnodoba.org\/wp-content\/uploads\/2026\/01\/Nivo-kortizola-Bioprotector.jpg\" class=\"attachment-large size-large\" alt=\"\" srcset=\"https:\/\/zlatnodoba.org\/wp-content\/uploads\/2026\/01\/Nivo-kortizola-Bioprotector.jpg 900w, https:\/\/zlatnodoba.org\/wp-content\/uploads\/2026\/01\/Nivo-kortizola-Bioprotector-300x105.jpg 300w, https:\/\/zlatnodoba.org\/wp-content\/uploads\/2026\/01\/Nivo-kortizola-Bioprotector-768x268.jpg 768w, https:\/\/zlatnodoba.org\/wp-content\/uploads\/2026\/01\/Nivo-kortizola-Bioprotector-600x209.jpg 600w\" sizes=\"(max-width: 640px) 100vw, 640px\" \/><\/a>\n\t\t\t<\/div><\/figure>\n\t\t<\/div>\n\n<h3>PDF dokumenti:<\/h3>\n<ol>\n<li><a href=\"https:\/\/zlatnodoba.org\/wp-content\/uploads\/2026\/01\/Bion-Institut-za-bioelektromagnetiku.pdf\">Bion &#8211; Institut za bioelektromagnetiku<\/a><\/li>\n<li><a href=\"https:\/\/zlatnodoba.org\/wp-content\/uploads\/2026\/01\/Hippocampus-Sertifikat.pdf\">Hippocampus Sertifikat<\/a><\/li>\n<li><a href=\"https:\/\/zlatnodoba.org\/wp-content\/uploads\/2026\/01\/Institut-za-preventivu-i-zastitu.pdf\">Institut za preventivu i za\u0161titu<\/a><\/li>\n<li><a href=\"https:\/\/zlatnodoba.org\/wp-content\/uploads\/2026\/01\/Kortizol-Pre-i-posle-nosenja-BioProtectora.pdf\">Kortizol &#8211; Pre i posle no\u0161enja BioProtectora<\/a><\/li>\n<li><a href=\"https:\/\/zlatnodoba.org\/wp-content\/uploads\/2026\/01\/Specijalizovani-centar-za-alternativnu-medicinu-Tedeas.docx\">Specijalizovani centar za alternativnu medicinu Tedeas<\/a><\/li>\n<\/ol>\n<p>Kako radi prostorni bioprotektor = Neutrali\u0161e zra\u010denje elektro smoga (uti\u010dnica, prekida\u010da, strujnih kablova, rutera).<\/p>\n<div style=\"width: 592px;\" class=\"wp-video\"><video class=\"wp-video-shortcode\" id=\"video-8091-1\" width=\"592\" height=\"1024\" preload=\"metadata\" controls=\"controls\"><source type=\"video\/mp4\" src=\"https:\/\/zlatnodoba.org\/wp-content\/uploads\/2026\/01\/Prostorni-Bio-Protector-Zastita-od-Elektromagnetnog-zracenja-uticnice-prekidaci-WiFi.mp4?_=1\" \/><a href=\"https:\/\/zlatnodoba.org\/wp-content\/uploads\/2026\/01\/Prostorni-Bio-Protector-Zastita-od-Elektromagnetnog-zracenja-uticnice-prekidaci-WiFi.mp4\">https:\/\/zlatnodoba.org\/wp-content\/uploads\/2026\/01\/Prostorni-Bio-Protector-Zastita-od-Elektromagnetnog-zracenja-uticnice-prekidaci-WiFi.mp4<\/a><\/video><\/div>\n<p>&nbsp;<\/p>\n<div class=\"mceTemp\"><\/div>","protected":false},"excerpt":{"rendered":"<p>BIOPROTEKTOR &#8211; Tehnologija, Istra\u017eivanja, Proizvodi &#8211; Cene BIOPROTEKTOR &#8211; Tehnologija, Istra\u017eivanja, Proizvodi &#8211; Cene Ovo nije jedan proizvod i zato nema izra\u017eenu cenu. Ovo je spisak svih Bioprotektor proizvoda i informativni blog. Narud\u017ebe mo\u017eete izvr\u0161iti putem mejl adrese: zlatnodoba369@gmail.com ili direktno na tel (viber\/whatsapp): +381 69 369 4111 Analize prije i poslije kori\u0161tenja, eksperimenti, istra\u017eivanja [&hellip;]<\/p>\n","protected":false},"featured_media":8109,"template":"","meta":{"_acf_changed":false,"_hpay_column_layout":"0","_hpay_name_price":"0","pmpro_default_level":""},"product_brand":[],"product_cat":[93],"product_tag":[],"class_list":{"0":"post-8091","1":"product","2":"type-product","3":"status-publish","4":"has-post-thumbnail","6":"product_cat-bioprotektor","7":"pmpro-has-access","9":"first","10":"onbackorder","11":"taxable","12":"shipping-taxable","13":"purchasable","14":"product-type-simple"},"acf":[],"yoast_head":"<!-- This site is optimized with the Yoast SEO plugin v27.1 - https:\/\/yoast.com\/product\/yoast-seo-wordpress\/ -->\n<title>BIOPROTEKTOR - Tehnologija, Istra\u017eivanja, Proizvodi - Cene - Zlatno Doba<\/title>\n<meta name=\"robots\" content=\"index, follow, max-snippet:-1, max-image-preview:large, max-video-preview:-1\" \/>\n<link rel=\"canonical\" href=\"https:\/\/zlatnodoba.org\/en\/proizvod\/bioprotektor-tehnologija-istrazivanja-proizvodi-cene\/\" \/>\n<meta property=\"og:locale\" content=\"en_GB\" \/>\n<meta property=\"og:type\" content=\"article\" \/>\n<meta property=\"og:title\" content=\"BIOPROTEKTOR - Tehnologija, Istra\u017eivanja, Proizvodi - Cene - Zlatno Doba\" \/>\n<meta property=\"og:description\" content=\"BIOPROTEKTOR &#8211; Tehnologija, Istra\u017eivanja, Proizvodi &#8211; Cene BIOPROTEKTOR &#8211; Tehnologija, Istra\u017eivanja, Proizvodi &#8211; Cene Ovo nije jedan proizvod i zato nema izra\u017eenu cenu. Ovo je spisak svih Bioprotektor proizvoda i informativni blog. Narud\u017ebe mo\u017eete izvr\u0161iti putem mejl adrese: zlatnodoba369@gmail.com ili direktno na tel (viber\/whatsapp): +381 69 369 4111 Analize prije i poslije kori\u0161tenja, eksperimenti, istra\u017eivanja [&hellip;]\" \/>\n<meta property=\"og:url\" content=\"https:\/\/zlatnodoba.org\/en\/proizvod\/bioprotektor-tehnologija-istrazivanja-proizvodi-cene\/\" \/>\n<meta property=\"og:site_name\" content=\"Zlatno Doba\" \/>\n<meta property=\"article:modified_time\" content=\"2026-01-23T08:55:30+00:00\" \/>\n<meta property=\"og:image\" content=\"https:\/\/zlatnodoba.org\/wp-content\/uploads\/2026\/01\/Bioprotector-Svi-proizvodi-scaled.jpg\" \/>\n\t<meta property=\"og:image:width\" content=\"1825\" \/>\n\t<meta property=\"og:image:height\" content=\"2560\" \/>\n\t<meta property=\"og:image:type\" content=\"image\/jpeg\" \/>\n<meta name=\"twitter:card\" content=\"summary_large_image\" \/>\n<meta name=\"twitter:label1\" content=\"Estimated reading time\" \/>\n\t<meta name=\"twitter:data1\" content=\"1 minute\" \/>\n<script type=\"application\/ld+json\" class=\"yoast-schema-graph\">{\"@context\":\"https:\/\/schema.org\",\"@graph\":[{\"@type\":\"WebPage\",\"@id\":\"https:\/\/zlatnodoba.org\/proizvod\/bioprotektor-tehnologija-istrazivanja-proizvodi-cene\/\",\"url\":\"https:\/\/zlatnodoba.org\/proizvod\/bioprotektor-tehnologija-istrazivanja-proizvodi-cene\/\",\"name\":\"BIOPROTEKTOR - Tehnologija, Istra\u017eivanja, Proizvodi - Cene - Zlatno Doba\",\"isPartOf\":{\"@id\":\"https:\/\/zlatnodoba.org\/#website\"},\"primaryImageOfPage\":{\"@id\":\"https:\/\/zlatnodoba.org\/proizvod\/bioprotektor-tehnologija-istrazivanja-proizvodi-cene\/#primaryimage\"},\"image\":{\"@id\":\"https:\/\/zlatnodoba.org\/proizvod\/bioprotektor-tehnologija-istrazivanja-proizvodi-cene\/#primaryimage\"},\"thumbnailUrl\":\"https:\/\/zlatnodoba.org\/wp-content\/uploads\/2026\/01\/Bioprotector-Svi-proizvodi-scaled.jpg\",\"datePublished\":\"2026-01-03T12:30:17+00:00\",\"dateModified\":\"2026-01-23T08:55:30+00:00\",\"breadcrumb\":{\"@id\":\"https:\/\/zlatnodoba.org\/proizvod\/bioprotektor-tehnologija-istrazivanja-proizvodi-cene\/#breadcrumb\"},\"inLanguage\":\"en-GB\",\"potentialAction\":[{\"@type\":\"ReadAction\",\"target\":[\"https:\/\/zlatnodoba.org\/proizvod\/bioprotektor-tehnologija-istrazivanja-proizvodi-cene\/\"]}]},{\"@type\":\"ImageObject\",\"inLanguage\":\"en-GB\",\"@id\":\"https:\/\/zlatnodoba.org\/proizvod\/bioprotektor-tehnologija-istrazivanja-proizvodi-cene\/#primaryimage\",\"url\":\"https:\/\/zlatnodoba.org\/wp-content\/uploads\/2026\/01\/Bioprotector-Svi-proizvodi-scaled.jpg\",\"contentUrl\":\"https:\/\/zlatnodoba.org\/wp-content\/uploads\/2026\/01\/Bioprotector-Svi-proizvodi-scaled.jpg\",\"width\":1825,\"height\":2560,\"caption\":\"Screenshot\"},{\"@type\":\"BreadcrumbList\",\"@id\":\"https:\/\/zlatnodoba.org\/proizvod\/bioprotektor-tehnologija-istrazivanja-proizvodi-cene\/#breadcrumb\",\"itemListElement\":[{\"@type\":\"ListItem\",\"position\":1,\"name\":\"Home\",\"item\":\"https:\/\/zlatnodoba.org\/\"},{\"@type\":\"ListItem\",\"position\":2,\"name\":\"Shop\",\"item\":\"https:\/\/zlatnodoba.org\/shop\/\"},{\"@type\":\"ListItem\",\"position\":3,\"name\":\"BIOPROTEKTOR &#8211; Tehnologija, Istra\u017eivanja, Proizvodi &#8211; Cene\"}]},{\"@type\":\"WebSite\",\"@id\":\"https:\/\/zlatnodoba.org\/#website\",\"url\":\"https:\/\/zlatnodoba.org\/\",\"name\":\"Zlatno Doba\",\"description\":\"\",\"potentialAction\":[{\"@type\":\"SearchAction\",\"target\":{\"@type\":\"EntryPoint\",\"urlTemplate\":\"https:\/\/zlatnodoba.org\/?s={search_term_string}\"},\"query-input\":{\"@type\":\"PropertyValueSpecification\",\"valueRequired\":true,\"valueName\":\"search_term_string\"}}],\"inLanguage\":\"en-GB\"}]}<\/script>\n<!-- \/ Yoast SEO plugin. -->","yoast_head_json":{"title":"BIOPROTEKTOR - Tehnologija, Istra\u017eivanja, Proizvodi - Cene - Zlatno Doba","robots":{"index":"index","follow":"follow","max-snippet":"max-snippet:-1","max-image-preview":"max-image-preview:large","max-video-preview":"max-video-preview:-1"},"canonical":"https:\/\/zlatnodoba.org\/en\/proizvod\/bioprotektor-tehnologija-istrazivanja-proizvodi-cene\/","og_locale":"en_GB","og_type":"article","og_title":"BIOPROTEKTOR - Tehnologija, Istra\u017eivanja, Proizvodi - Cene - Zlatno Doba","og_description":"BIOPROTEKTOR &#8211; Tehnologija, Istra\u017eivanja, Proizvodi &#8211; Cene BIOPROTEKTOR &#8211; Tehnologija, Istra\u017eivanja, Proizvodi &#8211; Cene Ovo nije jedan proizvod i zato nema izra\u017eenu cenu. Ovo je spisak svih Bioprotektor proizvoda i informativni blog. Narud\u017ebe mo\u017eete izvr\u0161iti putem mejl adrese: zlatnodoba369@gmail.com ili direktno na tel (viber\/whatsapp): +381 69 369 4111 Analize prije i poslije kori\u0161tenja, eksperimenti, istra\u017eivanja [&hellip;]","og_url":"https:\/\/zlatnodoba.org\/en\/proizvod\/bioprotektor-tehnologija-istrazivanja-proizvodi-cene\/","og_site_name":"Zlatno Doba","article_modified_time":"2026-01-23T08:55:30+00:00","og_image":[{"width":1825,"height":2560,"url":"https:\/\/zlatnodoba.org\/wp-content\/uploads\/2026\/01\/Bioprotector-Svi-proizvodi-scaled.jpg","type":"image\/jpeg"}],"twitter_card":"summary_large_image","twitter_misc":{"Estimated reading time":"1 minute"},"schema":{"@context":"https:\/\/schema.org","@graph":[{"@type":"WebPage","@id":"https:\/\/zlatnodoba.org\/proizvod\/bioprotektor-tehnologija-istrazivanja-proizvodi-cene\/","url":"https:\/\/zlatnodoba.org\/proizvod\/bioprotektor-tehnologija-istrazivanja-proizvodi-cene\/","name":"BIOPROTEKTOR - Tehnologija, Istra\u017eivanja, Proizvodi - Cene - Zlatno Doba","isPartOf":{"@id":"https:\/\/zlatnodoba.org\/#website"},"primaryImageOfPage":{"@id":"https:\/\/zlatnodoba.org\/proizvod\/bioprotektor-tehnologija-istrazivanja-proizvodi-cene\/#primaryimage"},"image":{"@id":"https:\/\/zlatnodoba.org\/proizvod\/bioprotektor-tehnologija-istrazivanja-proizvodi-cene\/#primaryimage"},"thumbnailUrl":"https:\/\/zlatnodoba.org\/wp-content\/uploads\/2026\/01\/Bioprotector-Svi-proizvodi-scaled.jpg","datePublished":"2026-01-03T12:30:17+00:00","dateModified":"2026-01-23T08:55:30+00:00","breadcrumb":{"@id":"https:\/\/zlatnodoba.org\/proizvod\/bioprotektor-tehnologija-istrazivanja-proizvodi-cene\/#breadcrumb"},"inLanguage":"en-GB","potentialAction":[{"@type":"ReadAction","target":["https:\/\/zlatnodoba.org\/proizvod\/bioprotektor-tehnologija-istrazivanja-proizvodi-cene\/"]}]},{"@type":"ImageObject","inLanguage":"en-GB","@id":"https:\/\/zlatnodoba.org\/proizvod\/bioprotektor-tehnologija-istrazivanja-proizvodi-cene\/#primaryimage","url":"https:\/\/zlatnodoba.org\/wp-content\/uploads\/2026\/01\/Bioprotector-Svi-proizvodi-scaled.jpg","contentUrl":"https:\/\/zlatnodoba.org\/wp-content\/uploads\/2026\/01\/Bioprotector-Svi-proizvodi-scaled.jpg","width":1825,"height":2560,"caption":"Screenshot"},{"@type":"BreadcrumbList","@id":"https:\/\/zlatnodoba.org\/proizvod\/bioprotektor-tehnologija-istrazivanja-proizvodi-cene\/#breadcrumb","itemListElement":[{"@type":"ListItem","position":1,"name":"Home","item":"https:\/\/zlatnodoba.org\/"},{"@type":"ListItem","position":2,"name":"Shop","item":"https:\/\/zlatnodoba.org\/shop\/"},{"@type":"ListItem","position":3,"name":"BIOPROTEKTOR &#8211; Tehnologija, Istra\u017eivanja, Proizvodi &#8211; Cene"}]},{"@type":"WebSite","@id":"https:\/\/zlatnodoba.org\/#website","url":"https:\/\/zlatnodoba.org\/","name":"Zlatno Doba","description":"","potentialAction":[{"@type":"SearchAction","target":{"@type":"EntryPoint","urlTemplate":"https:\/\/zlatnodoba.org\/?s={search_term_string}"},"query-input":{"@type":"PropertyValueSpecification","valueRequired":true,"valueName":"search_term_string"}}],"inLanguage":"en-GB"}]}},"_links":{"self":[{"href":"https:\/\/zlatnodoba.org\/en\/wp-json\/wp\/v2\/product\/8091","targetHints":{"allow":["GET"]}}],"collection":[{"href":"https:\/\/zlatnodoba.org\/en\/wp-json\/wp\/v2\/product"}],"about":[{"href":"https:\/\/zlatnodoba.org\/en\/wp-json\/wp\/v2\/types\/product"}],"version-history":[{"count":3,"href":"https:\/\/zlatnodoba.org\/en\/wp-json\/wp\/v2\/product\/8091\/revisions"}],"predecessor-version":[{"id":8111,"href":"https:\/\/zlatnodoba.org\/en\/wp-json\/wp\/v2\/product\/8091\/revisions\/8111"}],"wp:featuredmedia":[{"embeddable":true,"href":"https:\/\/zlatnodoba.org\/en\/wp-json\/wp\/v2\/media\/8109"}],"wp:attachment":[{"href":"https:\/\/zlatnodoba.org\/en\/wp-json\/wp\/v2\/media?parent=8091"}],"wp:term":[{"taxonomy":"product_brand","embeddable":true,"href":"https:\/\/zlatnodoba.org\/en\/wp-json\/wp\/v2\/product_brand?post=8091"},{"taxonomy":"product_cat","embeddable":true,"href":"https:\/\/zlatnodoba.org\/en\/wp-json\/wp\/v2\/product_cat?post=8091"},{"taxonomy":"product_tag","embeddable":true,"href":"https:\/\/zlatnodoba.org\/en\/wp-json\/wp\/v2\/product_tag?post=8091"}],"curies":[{"name":"wp","href":"https:\/\/api.w.org\/{rel}","templated":true}]}}