{"id":6238,"date":"2025-02-19T06:38:30","date_gmt":"2025-02-19T06:38:30","guid":{"rendered":"https:\/\/zlatnodoba.org\/?post_type=product&#038;p=6238"},"modified":"2025-02-19T07:23:09","modified_gmt":"2025-02-19T07:23:09","slug":"rucni-radovi-magijska-sveca-triglav","status":"publish","type":"product","link":"https:\/\/zlatnodoba.org\/en\/proizvod\/rucni-radovi-magijska-sveca-triglav\/","title":{"rendered":"Ru\u010dni radovi \u2013 Magijska Sve\u0107a &#8211; Triglav"},"content":{"rendered":"<p>TRIGLAV (TRIKVETR)<\/p>\n<p>&nbsp;<\/p>\n<p>Simbol Triglav ima ogromnu mo\u0107. Ovo je pre svega sveti znak koji vlada silom Svaroga, Peruna i Svetovida. Tako\u0111e, on simbolizuje i rezonuje energiju Java, Nava i Prava. Sve ove tri dimenzije jako su bitne za razvoj i spasenje Roda.<\/p>\n<p>Jedna od najpopularnijih verzija njegovog tuma\u010denja je cikli\u010dnost i harmonija univerzuma. Predstavlja ponovno ro\u0111enje, \u017eivot i smrt. Triglav tako\u0111e prikazuje polo\u017eaj Sunca na nebu, tri ugla simbola odgovaraju izlasku, zenitu i zalasku Sunca. Obnavljanje \u017eivota, u skladu sa ovim, Jav-Nav-Prav \u2013 ro\u0111enje, bitisanje i odlazak u Nav i Prav \u2013 tajna celovitosti i kontinuiteta.<\/p>\n<p>Sve\u0107a sa simbolom Triglava se koristi za za\u0161titu od mra\u010dnih sila i za privla\u010denje pozitivnih vibracija, za bu\u0111enje duhovnog i mentalnog potencijala.<\/p>\n<p>Ovo je jako energetski intenzivan znak, mo\u0107an deli\u0107 kosmi\u010dke energije, koji, poput vode, lako apsorbuje sve negativnosti i lo\u0161e emocije ljudi.<\/p>\n<p>Sve\u0107a od prirodnog voska sa ovim simbolom slu\u017ei kao energetski \u0161tit, \u010dija je slo\u017eena konfiguracija \u2013 bez po\u010detka i kraja \u2013 destruktivna za sve zle duhove koji ne mogu da prona\u0111u izlaz iz nje. Oblik neprekidnog \u010dvora \u010dini lavirint iz koga tamni nikada ne mogu prona\u0107i izlaz.<\/p>\n<p>\u0160to se ti\u010de same magije sve\u0107a, ovaj simbol se koristi za punjenje talismana i runa, kao i za rad sa stihijama.<\/p>\n<p>Slava Rodu !<\/p>","protected":false},"excerpt":{"rendered":"<p>TRIGLAV (TRIKVETR) &nbsp; Simbol Triglav ima ogromnu mo\u0107. Ovo je pre svega sveti znak koji vlada silom Svaroga, Peruna i Svetovida. Tako\u0111e, on simbolizuje i rezonuje energiju Java, Nava i Prava. Sve ove tri dimenzije jako su bitne za razvoj i spasenje Roda. Jedna od najpopularnijih verzija njegovog tuma\u010denja je cikli\u010dnost i harmonija univerzuma. Predstavlja [&hellip;]<\/p>\n","protected":false},"featured_media":6256,"template":"","meta":{"_acf_changed":false,"_hpay_column_layout":"0","_hpay_name_price":"0","pmpro_default_level":""},"product_brand":[],"product_cat":[99,119],"product_tag":[],"class_list":{"0":"post-6238","1":"product","2":"type-product","3":"status-publish","4":"has-post-thumbnail","6":"product_cat-rucni-radovi","7":"product_cat-svece","8":"pmpro-has-access","10":"first","11":"instock","12":"taxable","13":"shipping-taxable","14":"purchasable","15":"product-type-simple"},"acf":[],"yoast_head":"<!-- This site is optimized with the Yoast SEO plugin v27.1 - https:\/\/yoast.com\/product\/yoast-seo-wordpress\/ -->\n<title>Ru\u010dni radovi \u2013 Magijska Sve\u0107a - Triglav - Zlatno Doba<\/title>\n<meta name=\"description\" content=\"Garjajev aparat je \u010dista kvantna medicina. Rezultati su mnogobrojna isceljenja. Teslina tehnologija za savr\u0161eno zdravlje!\" \/>\n<meta name=\"robots\" content=\"index, follow, max-snippet:-1, max-image-preview:large, max-video-preview:-1\" \/>\n<link rel=\"canonical\" href=\"https:\/\/zlatnodoba.org\/en\/proizvod\/rucni-radovi-magijska-sveca-triglav\/\" \/>\n<meta property=\"og:locale\" content=\"en_GB\" \/>\n<meta property=\"og:type\" content=\"article\" \/>\n<meta property=\"og:title\" content=\"Ru\u010dni radovi \u2013 Magijska Sve\u0107a - Triglav - Zlatno Doba\" \/>\n<meta property=\"og:description\" content=\"Garjajev aparat je \u010dista kvantna medicina. Rezultati su mnogobrojna isceljenja. Teslina tehnologija za savr\u0161eno zdravlje!\" \/>\n<meta property=\"og:url\" content=\"https:\/\/zlatnodoba.org\/en\/proizvod\/rucni-radovi-magijska-sveca-triglav\/\" \/>\n<meta property=\"og:site_name\" content=\"Zlatno Doba\" \/>\n<meta property=\"article:modified_time\" content=\"2025-02-19T07:23:09+00:00\" \/>\n<meta property=\"og:image\" content=\"https:\/\/zlatnodoba.org\/wp-content\/uploads\/2025\/02\/tr1.jpg\" \/>\n\t<meta property=\"og:image:width\" content=\"768\" \/>\n\t<meta property=\"og:image:height\" content=\"1024\" \/>\n\t<meta property=\"og:image:type\" content=\"image\/jpeg\" \/>\n<meta name=\"twitter:card\" content=\"summary_large_image\" \/>\n<meta name=\"twitter:label1\" content=\"Estimated reading time\" \/>\n\t<meta name=\"twitter:data1\" content=\"11 minutes\" \/>\n<script type=\"application\/ld+json\" class=\"yoast-schema-graph\">{\"@context\":\"https:\/\/schema.org\",\"@graph\":[{\"@type\":\"WebPage\",\"@id\":\"https:\/\/zlatnodoba.org\/proizvod\/rucni-radovi-magijska-sveca-triglav\/\",\"url\":\"https:\/\/zlatnodoba.org\/proizvod\/rucni-radovi-magijska-sveca-triglav\/\",\"name\":\"Ru\u010dni radovi \u2013 Magijska Sve\u0107a - Triglav - Zlatno Doba\",\"isPartOf\":{\"@id\":\"https:\/\/zlatnodoba.org\/#website\"},\"primaryImageOfPage\":{\"@id\":\"https:\/\/zlatnodoba.org\/proizvod\/rucni-radovi-magijska-sveca-triglav\/#primaryimage\"},\"image\":{\"@id\":\"https:\/\/zlatnodoba.org\/proizvod\/rucni-radovi-magijska-sveca-triglav\/#primaryimage\"},\"thumbnailUrl\":\"https:\/\/zlatnodoba.org\/wp-content\/uploads\/2025\/02\/tr1.jpg\",\"datePublished\":\"2025-02-19T06:38:30+00:00\",\"dateModified\":\"2025-02-19T07:23:09+00:00\",\"description\":\"Garjajev aparat je \u010dista kvantna medicina. Rezultati su mnogobrojna isceljenja. Teslina tehnologija za savr\u0161eno zdravlje!\",\"breadcrumb\":{\"@id\":\"https:\/\/zlatnodoba.org\/proizvod\/rucni-radovi-magijska-sveca-triglav\/#breadcrumb\"},\"inLanguage\":\"en-GB\",\"potentialAction\":[{\"@type\":\"ReadAction\",\"target\":[\"https:\/\/zlatnodoba.org\/proizvod\/rucni-radovi-magijska-sveca-triglav\/\"]}]},{\"@type\":\"ImageObject\",\"inLanguage\":\"en-GB\",\"@id\":\"https:\/\/zlatnodoba.org\/proizvod\/rucni-radovi-magijska-sveca-triglav\/#primaryimage\",\"url\":\"https:\/\/zlatnodoba.org\/wp-content\/uploads\/2025\/02\/tr1.jpg\",\"contentUrl\":\"https:\/\/zlatnodoba.org\/wp-content\/uploads\/2025\/02\/tr1.jpg\",\"width\":768,\"height\":1024},{\"@type\":\"BreadcrumbList\",\"@id\":\"https:\/\/zlatnodoba.org\/proizvod\/rucni-radovi-magijska-sveca-triglav\/#breadcrumb\",\"itemListElement\":[{\"@type\":\"ListItem\",\"position\":1,\"name\":\"Home\",\"item\":\"https:\/\/zlatnodoba.org\/\"},{\"@type\":\"ListItem\",\"position\":2,\"name\":\"Shop\",\"item\":\"https:\/\/zlatnodoba.org\/shop\/\"},{\"@type\":\"ListItem\",\"position\":3,\"name\":\"Ru\u010dni radovi \u2013 Magijska Sve\u0107a &#8211; Triglav\"}]},{\"@type\":\"WebSite\",\"@id\":\"https:\/\/zlatnodoba.org\/#website\",\"url\":\"https:\/\/zlatnodoba.org\/\",\"name\":\"Zlatno Doba\",\"description\":\"\",\"potentialAction\":[{\"@type\":\"SearchAction\",\"target\":{\"@type\":\"EntryPoint\",\"urlTemplate\":\"https:\/\/zlatnodoba.org\/?s={search_term_string}\"},\"query-input\":{\"@type\":\"PropertyValueSpecification\",\"valueRequired\":true,\"valueName\":\"search_term_string\"}}],\"inLanguage\":\"en-GB\"}]}<\/script>\n<!-- \/ Yoast SEO plugin. -->","yoast_head_json":{"title":"Ru\u010dni radovi \u2013 Magijska Sve\u0107a - Triglav - Zlatno Doba","description":"Garjajev aparat je \u010dista kvantna medicina. Rezultati su mnogobrojna isceljenja. Teslina tehnologija za savr\u0161eno zdravlje!","robots":{"index":"index","follow":"follow","max-snippet":"max-snippet:-1","max-image-preview":"max-image-preview:large","max-video-preview":"max-video-preview:-1"},"canonical":"https:\/\/zlatnodoba.org\/en\/proizvod\/rucni-radovi-magijska-sveca-triglav\/","og_locale":"en_GB","og_type":"article","og_title":"Ru\u010dni radovi \u2013 Magijska Sve\u0107a - Triglav - Zlatno Doba","og_description":"Garjajev aparat je \u010dista kvantna medicina. Rezultati su mnogobrojna isceljenja. Teslina tehnologija za savr\u0161eno zdravlje!","og_url":"https:\/\/zlatnodoba.org\/en\/proizvod\/rucni-radovi-magijska-sveca-triglav\/","og_site_name":"Zlatno Doba","article_modified_time":"2025-02-19T07:23:09+00:00","og_image":[{"width":768,"height":1024,"url":"https:\/\/zlatnodoba.org\/wp-content\/uploads\/2025\/02\/tr1.jpg","type":"image\/jpeg"}],"twitter_card":"summary_large_image","twitter_misc":{"Estimated reading time":"11 minutes"},"schema":{"@context":"https:\/\/schema.org","@graph":[{"@type":"WebPage","@id":"https:\/\/zlatnodoba.org\/proizvod\/rucni-radovi-magijska-sveca-triglav\/","url":"https:\/\/zlatnodoba.org\/proizvod\/rucni-radovi-magijska-sveca-triglav\/","name":"Ru\u010dni radovi \u2013 Magijska Sve\u0107a - Triglav - Zlatno Doba","isPartOf":{"@id":"https:\/\/zlatnodoba.org\/#website"},"primaryImageOfPage":{"@id":"https:\/\/zlatnodoba.org\/proizvod\/rucni-radovi-magijska-sveca-triglav\/#primaryimage"},"image":{"@id":"https:\/\/zlatnodoba.org\/proizvod\/rucni-radovi-magijska-sveca-triglav\/#primaryimage"},"thumbnailUrl":"https:\/\/zlatnodoba.org\/wp-content\/uploads\/2025\/02\/tr1.jpg","datePublished":"2025-02-19T06:38:30+00:00","dateModified":"2025-02-19T07:23:09+00:00","description":"Garjajev aparat je \u010dista kvantna medicina. Rezultati su mnogobrojna isceljenja. Teslina tehnologija za savr\u0161eno zdravlje!","breadcrumb":{"@id":"https:\/\/zlatnodoba.org\/proizvod\/rucni-radovi-magijska-sveca-triglav\/#breadcrumb"},"inLanguage":"en-GB","potentialAction":[{"@type":"ReadAction","target":["https:\/\/zlatnodoba.org\/proizvod\/rucni-radovi-magijska-sveca-triglav\/"]}]},{"@type":"ImageObject","inLanguage":"en-GB","@id":"https:\/\/zlatnodoba.org\/proizvod\/rucni-radovi-magijska-sveca-triglav\/#primaryimage","url":"https:\/\/zlatnodoba.org\/wp-content\/uploads\/2025\/02\/tr1.jpg","contentUrl":"https:\/\/zlatnodoba.org\/wp-content\/uploads\/2025\/02\/tr1.jpg","width":768,"height":1024},{"@type":"BreadcrumbList","@id":"https:\/\/zlatnodoba.org\/proizvod\/rucni-radovi-magijska-sveca-triglav\/#breadcrumb","itemListElement":[{"@type":"ListItem","position":1,"name":"Home","item":"https:\/\/zlatnodoba.org\/"},{"@type":"ListItem","position":2,"name":"Shop","item":"https:\/\/zlatnodoba.org\/shop\/"},{"@type":"ListItem","position":3,"name":"Ru\u010dni radovi \u2013 Magijska Sve\u0107a &#8211; Triglav"}]},{"@type":"WebSite","@id":"https:\/\/zlatnodoba.org\/#website","url":"https:\/\/zlatnodoba.org\/","name":"Zlatno Doba","description":"","potentialAction":[{"@type":"SearchAction","target":{"@type":"EntryPoint","urlTemplate":"https:\/\/zlatnodoba.org\/?s={search_term_string}"},"query-input":{"@type":"PropertyValueSpecification","valueRequired":true,"valueName":"search_term_string"}}],"inLanguage":"en-GB"}]}},"_links":{"self":[{"href":"https:\/\/zlatnodoba.org\/en\/wp-json\/wp\/v2\/product\/6238","targetHints":{"allow":["GET"]}}],"collection":[{"href":"https:\/\/zlatnodoba.org\/en\/wp-json\/wp\/v2\/product"}],"about":[{"href":"https:\/\/zlatnodoba.org\/en\/wp-json\/wp\/v2\/types\/product"}],"version-history":[{"count":1,"href":"https:\/\/zlatnodoba.org\/en\/wp-json\/wp\/v2\/product\/6238\/revisions"}],"predecessor-version":[{"id":6258,"href":"https:\/\/zlatnodoba.org\/en\/wp-json\/wp\/v2\/product\/6238\/revisions\/6258"}],"wp:featuredmedia":[{"embeddable":true,"href":"https:\/\/zlatnodoba.org\/en\/wp-json\/wp\/v2\/media\/6256"}],"wp:attachment":[{"href":"https:\/\/zlatnodoba.org\/en\/wp-json\/wp\/v2\/media?parent=6238"}],"wp:term":[{"taxonomy":"product_brand","embeddable":true,"href":"https:\/\/zlatnodoba.org\/en\/wp-json\/wp\/v2\/product_brand?post=6238"},{"taxonomy":"product_cat","embeddable":true,"href":"https:\/\/zlatnodoba.org\/en\/wp-json\/wp\/v2\/product_cat?post=6238"},{"taxonomy":"product_tag","embeddable":true,"href":"https:\/\/zlatnodoba.org\/en\/wp-json\/wp\/v2\/product_tag?post=6238"}],"curies":[{"name":"wp","href":"https:\/\/api.w.org\/{rel}","templated":true}]}}