{"id":6233,"date":"2025-02-19T06:37:53","date_gmt":"2025-02-19T06:37:53","guid":{"rendered":"https:\/\/zlatnodoba.org\/?post_type=product&#038;p=6233"},"modified":"2025-02-19T07:16:01","modified_gmt":"2025-02-19T07:16:01","slug":"rucni-radovi-magijska-sveca-treba-bogovima","status":"publish","type":"product","link":"https:\/\/zlatnodoba.org\/en\/proizvod\/rucni-radovi-magijska-sveca-treba-bogovima\/","title":{"rendered":"Ru\u010dni radovi \u2013 Magijska Sve\u0107a &#8211; Treba Bogovima"},"content":{"rendered":"<p>Sve\u0107a \u201eTreba Bogovima\u201c<br \/>\nNa\u0161i Preci \u017eiveli su u harmoniji sa prirodom,svojim telom i svojim duhom. Znali su da je sveti plamen taj koji \u010disti sve i da posle po\u017eara uvek izraste ne\u0161to novo,lep\u0161e i bolje od onoga starog.Praktikovali su prino\u0161enje treba Bogovima ,kako bi ih umilostili i dobili njihovu podr\u0161ku. Kako su znali da im svetli Preci mogu pomo\u0107i u odre\u0111enom periodu, vrlo rado su nosili vez na ko\u0161ulji ili haljini, urezivali u drvo , kamen i vosaksimvole na\u0161ih prapredaka i Bogova.<br \/>\nOva sve\u0107a je kombinacija \u017ertvenika , energetskih simvola i same Trebe(\u017ertve) u obliku p\u010delinjeg voska . Ovakva sve\u0107a slu\u017ei za \u010di\u0161\u0107enje vas samih od dugova Roda(predaka), onih koji su ostavili dug i preneli ga u amanet slede\u0107im generacijama. Plamen sve\u0107e \u010disti, dim otvara vertikalu ka duhovnom i bo\u017eanskom, a sami simvoli dok god su na vosku , rezonuju energijui u trenutku sagorevanja mo\u0107 Roda dosti\u017ee vrhunac. Sve\u0107a Treba Bogovima vodi vas ka rastu samopouzdanja, ostvarenju ciljeva i osloba\u0111anju od starih preda\u010dkih dugova i nezavr\u0161enih poslova, Posle tihovanja uz ovu sve\u0107u , \u010dovek raste i ja\u010da kako duhovno tako i fizi\u010dki za sve izazove koji ga o\u010dekuju .<br \/>\nSlava Rodu, Svarogu, Perunu i Dajbogu !<\/p>","protected":false},"excerpt":{"rendered":"<p>Sve\u0107a \u201eTreba Bogovima\u201c Na\u0161i Preci \u017eiveli su u harmoniji sa prirodom,svojim telom i svojim duhom. Znali su da je sveti plamen taj koji \u010disti sve i da posle po\u017eara uvek izraste ne\u0161to novo,lep\u0161e i bolje od onoga starog.Praktikovali su prino\u0161enje treba Bogovima ,kako bi ih umilostili i dobili njihovu podr\u0161ku. Kako su znali da im [&hellip;]<\/p>\n","protected":false},"featured_media":6246,"template":"","meta":{"_acf_changed":false,"_hpay_column_layout":"0","_hpay_name_price":"0","pmpro_default_level":""},"product_brand":[],"product_cat":[99,119],"product_tag":[],"class_list":{"0":"post-6233","1":"product","2":"type-product","3":"status-publish","4":"has-post-thumbnail","6":"product_cat-rucni-radovi","7":"product_cat-svece","8":"pmpro-has-access","10":"first","11":"instock","12":"taxable","13":"shipping-taxable","14":"purchasable","15":"product-type-simple"},"acf":[],"yoast_head":"<!-- This site is optimized with the Yoast SEO plugin v27.1 - https:\/\/yoast.com\/product\/yoast-seo-wordpress\/ -->\n<title>Ru\u010dni radovi \u2013 Magijska Sve\u0107a - Treba Bogovima - Zlatno Doba<\/title>\n<meta name=\"description\" content=\"Garjajev aparat je \u010dista kvantna medicina. Rezultati su mnogobrojna isceljenja. Teslina tehnologija za savr\u0161eno zdravlje!\" \/>\n<meta name=\"robots\" content=\"index, follow, max-snippet:-1, max-image-preview:large, max-video-preview:-1\" \/>\n<link rel=\"canonical\" href=\"https:\/\/zlatnodoba.org\/en\/proizvod\/rucni-radovi-magijska-sveca-treba-bogovima\/\" \/>\n<meta property=\"og:locale\" content=\"en_GB\" \/>\n<meta property=\"og:type\" content=\"article\" \/>\n<meta property=\"og:title\" content=\"Ru\u010dni radovi \u2013 Magijska Sve\u0107a - Treba Bogovima - Zlatno Doba\" \/>\n<meta property=\"og:description\" content=\"Garjajev aparat je \u010dista kvantna medicina. Rezultati su mnogobrojna isceljenja. Teslina tehnologija za savr\u0161eno zdravlje!\" \/>\n<meta property=\"og:url\" content=\"https:\/\/zlatnodoba.org\/en\/proizvod\/rucni-radovi-magijska-sveca-treba-bogovima\/\" \/>\n<meta property=\"og:site_name\" content=\"Zlatno Doba\" \/>\n<meta property=\"article:modified_time\" content=\"2025-02-19T07:16:01+00:00\" \/>\n<meta property=\"og:image\" content=\"https:\/\/zlatnodoba.org\/wp-content\/uploads\/2025\/02\/\u0422\u0440\u0435\u0431\u0430-\u0411\u043e\u0433\u043e\u0432\u0438\u043c\u0430-768x1024-1.jpg\" \/>\n\t<meta property=\"og:image:width\" content=\"768\" \/>\n\t<meta property=\"og:image:height\" content=\"1024\" \/>\n\t<meta property=\"og:image:type\" content=\"image\/jpeg\" \/>\n<meta name=\"twitter:card\" content=\"summary_large_image\" \/>\n<meta name=\"twitter:label1\" content=\"Estimated reading time\" \/>\n\t<meta name=\"twitter:data1\" content=\"11 minutes\" \/>\n<script type=\"application\/ld+json\" class=\"yoast-schema-graph\">{\"@context\":\"https:\/\/schema.org\",\"@graph\":[{\"@type\":\"WebPage\",\"@id\":\"https:\/\/zlatnodoba.org\/proizvod\/rucni-radovi-magijska-sveca-treba-bogovima\/\",\"url\":\"https:\/\/zlatnodoba.org\/proizvod\/rucni-radovi-magijska-sveca-treba-bogovima\/\",\"name\":\"Ru\u010dni radovi \u2013 Magijska Sve\u0107a - Treba Bogovima - Zlatno Doba\",\"isPartOf\":{\"@id\":\"https:\/\/zlatnodoba.org\/#website\"},\"primaryImageOfPage\":{\"@id\":\"https:\/\/zlatnodoba.org\/proizvod\/rucni-radovi-magijska-sveca-treba-bogovima\/#primaryimage\"},\"image\":{\"@id\":\"https:\/\/zlatnodoba.org\/proizvod\/rucni-radovi-magijska-sveca-treba-bogovima\/#primaryimage\"},\"thumbnailUrl\":\"https:\/\/zlatnodoba.org\/wp-content\/uploads\/2025\/02\/\u0422\u0440\u0435\u0431\u0430-\u0411\u043e\u0433\u043e\u0432\u0438\u043c\u0430-768x1024-1.jpg\",\"datePublished\":\"2025-02-19T06:37:53+00:00\",\"dateModified\":\"2025-02-19T07:16:01+00:00\",\"description\":\"Garjajev aparat je \u010dista kvantna medicina. Rezultati su mnogobrojna isceljenja. Teslina tehnologija za savr\u0161eno zdravlje!\",\"breadcrumb\":{\"@id\":\"https:\/\/zlatnodoba.org\/proizvod\/rucni-radovi-magijska-sveca-treba-bogovima\/#breadcrumb\"},\"inLanguage\":\"en-GB\",\"potentialAction\":[{\"@type\":\"ReadAction\",\"target\":[\"https:\/\/zlatnodoba.org\/proizvod\/rucni-radovi-magijska-sveca-treba-bogovima\/\"]}]},{\"@type\":\"ImageObject\",\"inLanguage\":\"en-GB\",\"@id\":\"https:\/\/zlatnodoba.org\/proizvod\/rucni-radovi-magijska-sveca-treba-bogovima\/#primaryimage\",\"url\":\"https:\/\/zlatnodoba.org\/wp-content\/uploads\/2025\/02\/\u0422\u0440\u0435\u0431\u0430-\u0411\u043e\u0433\u043e\u0432\u0438\u043c\u0430-768x1024-1.jpg\",\"contentUrl\":\"https:\/\/zlatnodoba.org\/wp-content\/uploads\/2025\/02\/\u0422\u0440\u0435\u0431\u0430-\u0411\u043e\u0433\u043e\u0432\u0438\u043c\u0430-768x1024-1.jpg\",\"width\":768,\"height\":1024},{\"@type\":\"BreadcrumbList\",\"@id\":\"https:\/\/zlatnodoba.org\/proizvod\/rucni-radovi-magijska-sveca-treba-bogovima\/#breadcrumb\",\"itemListElement\":[{\"@type\":\"ListItem\",\"position\":1,\"name\":\"Home\",\"item\":\"https:\/\/zlatnodoba.org\/\"},{\"@type\":\"ListItem\",\"position\":2,\"name\":\"Shop\",\"item\":\"https:\/\/zlatnodoba.org\/shop\/\"},{\"@type\":\"ListItem\",\"position\":3,\"name\":\"Ru\u010dni radovi \u2013 Magijska Sve\u0107a &#8211; Treba Bogovima\"}]},{\"@type\":\"WebSite\",\"@id\":\"https:\/\/zlatnodoba.org\/#website\",\"url\":\"https:\/\/zlatnodoba.org\/\",\"name\":\"Zlatno Doba\",\"description\":\"\",\"potentialAction\":[{\"@type\":\"SearchAction\",\"target\":{\"@type\":\"EntryPoint\",\"urlTemplate\":\"https:\/\/zlatnodoba.org\/?s={search_term_string}\"},\"query-input\":{\"@type\":\"PropertyValueSpecification\",\"valueRequired\":true,\"valueName\":\"search_term_string\"}}],\"inLanguage\":\"en-GB\"}]}<\/script>\n<!-- \/ Yoast SEO plugin. -->","yoast_head_json":{"title":"Ru\u010dni radovi \u2013 Magijska Sve\u0107a - Treba Bogovima - Zlatno Doba","description":"Garjajev aparat je \u010dista kvantna medicina. Rezultati su mnogobrojna isceljenja. Teslina tehnologija za savr\u0161eno zdravlje!","robots":{"index":"index","follow":"follow","max-snippet":"max-snippet:-1","max-image-preview":"max-image-preview:large","max-video-preview":"max-video-preview:-1"},"canonical":"https:\/\/zlatnodoba.org\/en\/proizvod\/rucni-radovi-magijska-sveca-treba-bogovima\/","og_locale":"en_GB","og_type":"article","og_title":"Ru\u010dni radovi \u2013 Magijska Sve\u0107a - Treba Bogovima - Zlatno Doba","og_description":"Garjajev aparat je \u010dista kvantna medicina. Rezultati su mnogobrojna isceljenja. Teslina tehnologija za savr\u0161eno zdravlje!","og_url":"https:\/\/zlatnodoba.org\/en\/proizvod\/rucni-radovi-magijska-sveca-treba-bogovima\/","og_site_name":"Zlatno Doba","article_modified_time":"2025-02-19T07:16:01+00:00","og_image":[{"width":768,"height":1024,"url":"https:\/\/zlatnodoba.org\/wp-content\/uploads\/2025\/02\/\u0422\u0440\u0435\u0431\u0430-\u0411\u043e\u0433\u043e\u0432\u0438\u043c\u0430-768x1024-1.jpg","type":"image\/jpeg"}],"twitter_card":"summary_large_image","twitter_misc":{"Estimated reading time":"11 minutes"},"schema":{"@context":"https:\/\/schema.org","@graph":[{"@type":"WebPage","@id":"https:\/\/zlatnodoba.org\/proizvod\/rucni-radovi-magijska-sveca-treba-bogovima\/","url":"https:\/\/zlatnodoba.org\/proizvod\/rucni-radovi-magijska-sveca-treba-bogovima\/","name":"Ru\u010dni radovi \u2013 Magijska Sve\u0107a - Treba Bogovima - Zlatno Doba","isPartOf":{"@id":"https:\/\/zlatnodoba.org\/#website"},"primaryImageOfPage":{"@id":"https:\/\/zlatnodoba.org\/proizvod\/rucni-radovi-magijska-sveca-treba-bogovima\/#primaryimage"},"image":{"@id":"https:\/\/zlatnodoba.org\/proizvod\/rucni-radovi-magijska-sveca-treba-bogovima\/#primaryimage"},"thumbnailUrl":"https:\/\/zlatnodoba.org\/wp-content\/uploads\/2025\/02\/\u0422\u0440\u0435\u0431\u0430-\u0411\u043e\u0433\u043e\u0432\u0438\u043c\u0430-768x1024-1.jpg","datePublished":"2025-02-19T06:37:53+00:00","dateModified":"2025-02-19T07:16:01+00:00","description":"Garjajev aparat je \u010dista kvantna medicina. Rezultati su mnogobrojna isceljenja. Teslina tehnologija za savr\u0161eno zdravlje!","breadcrumb":{"@id":"https:\/\/zlatnodoba.org\/proizvod\/rucni-radovi-magijska-sveca-treba-bogovima\/#breadcrumb"},"inLanguage":"en-GB","potentialAction":[{"@type":"ReadAction","target":["https:\/\/zlatnodoba.org\/proizvod\/rucni-radovi-magijska-sveca-treba-bogovima\/"]}]},{"@type":"ImageObject","inLanguage":"en-GB","@id":"https:\/\/zlatnodoba.org\/proizvod\/rucni-radovi-magijska-sveca-treba-bogovima\/#primaryimage","url":"https:\/\/zlatnodoba.org\/wp-content\/uploads\/2025\/02\/\u0422\u0440\u0435\u0431\u0430-\u0411\u043e\u0433\u043e\u0432\u0438\u043c\u0430-768x1024-1.jpg","contentUrl":"https:\/\/zlatnodoba.org\/wp-content\/uploads\/2025\/02\/\u0422\u0440\u0435\u0431\u0430-\u0411\u043e\u0433\u043e\u0432\u0438\u043c\u0430-768x1024-1.jpg","width":768,"height":1024},{"@type":"BreadcrumbList","@id":"https:\/\/zlatnodoba.org\/proizvod\/rucni-radovi-magijska-sveca-treba-bogovima\/#breadcrumb","itemListElement":[{"@type":"ListItem","position":1,"name":"Home","item":"https:\/\/zlatnodoba.org\/"},{"@type":"ListItem","position":2,"name":"Shop","item":"https:\/\/zlatnodoba.org\/shop\/"},{"@type":"ListItem","position":3,"name":"Ru\u010dni radovi \u2013 Magijska Sve\u0107a &#8211; Treba Bogovima"}]},{"@type":"WebSite","@id":"https:\/\/zlatnodoba.org\/#website","url":"https:\/\/zlatnodoba.org\/","name":"Zlatno Doba","description":"","potentialAction":[{"@type":"SearchAction","target":{"@type":"EntryPoint","urlTemplate":"https:\/\/zlatnodoba.org\/?s={search_term_string}"},"query-input":{"@type":"PropertyValueSpecification","valueRequired":true,"valueName":"search_term_string"}}],"inLanguage":"en-GB"}]}},"_links":{"self":[{"href":"https:\/\/zlatnodoba.org\/en\/wp-json\/wp\/v2\/product\/6233","targetHints":{"allow":["GET"]}}],"collection":[{"href":"https:\/\/zlatnodoba.org\/en\/wp-json\/wp\/v2\/product"}],"about":[{"href":"https:\/\/zlatnodoba.org\/en\/wp-json\/wp\/v2\/types\/product"}],"version-history":[{"count":1,"href":"https:\/\/zlatnodoba.org\/en\/wp-json\/wp\/v2\/product\/6233\/revisions"}],"predecessor-version":[{"id":6247,"href":"https:\/\/zlatnodoba.org\/en\/wp-json\/wp\/v2\/product\/6233\/revisions\/6247"}],"wp:featuredmedia":[{"embeddable":true,"href":"https:\/\/zlatnodoba.org\/en\/wp-json\/wp\/v2\/media\/6246"}],"wp:attachment":[{"href":"https:\/\/zlatnodoba.org\/en\/wp-json\/wp\/v2\/media?parent=6233"}],"wp:term":[{"taxonomy":"product_brand","embeddable":true,"href":"https:\/\/zlatnodoba.org\/en\/wp-json\/wp\/v2\/product_brand?post=6233"},{"taxonomy":"product_cat","embeddable":true,"href":"https:\/\/zlatnodoba.org\/en\/wp-json\/wp\/v2\/product_cat?post=6233"},{"taxonomy":"product_tag","embeddable":true,"href":"https:\/\/zlatnodoba.org\/en\/wp-json\/wp\/v2\/product_tag?post=6233"}],"curies":[{"name":"wp","href":"https:\/\/api.w.org\/{rel}","templated":true}]}}