{"id":6209,"date":"2025-02-19T06:22:23","date_gmt":"2025-02-19T06:22:23","guid":{"rendered":"https:\/\/zlatnodoba.org\/?post_type=product&#038;p=6209"},"modified":"2025-02-19T06:33:00","modified_gmt":"2025-02-19T06:33:00","slug":"rucni-radovi-magijska-sveca-alatir","status":"publish","type":"product","link":"https:\/\/zlatnodoba.org\/en\/proizvod\/rucni-radovi-magijska-sveca-alatir\/","title":{"rendered":"Ru\u010dni radovi \u2013 Magijska Sve\u0107a &#8211; Alatir"},"content":{"rendered":"<p>Alatir \u2013 simbolizuje istoimeni kamen. Njegova posebnost je u tome \u0161to je, prema dugogodi\u0161njim legendama, pao na zemlju sa neba mnogo pre nego \u0161to su se na njemu pojavila \u017eiva bi\u0107a. Ovaj kamen ima veliku mo\u0107 jer na njemu je Svarog iskovao ljude, Bogove i ovaj svet.<\/p>\n<p>On je u stanju da le\u010di i osna\u017euje, ovo je prava osnova univerzuma. Donosi sre\u0107u i toplinu, personifikuje besmrtnu du\u0161u. U blizini Alatira, Bogovi su po\u010divali pod senkom Drveta \u017eivota koje raste na kamenu, a ispod njega je izvirao izvor \u017divotvorne vode. Uop\u0161te, ovo je osnova \u010ditavog slovenskog sveta.<\/p>\n<p>Nije iznena\u0111uju\u0107e \u0161to se Alatiru pripisuje i mo\u0107na snaga. Ina\u010de, re\u010d \u201eoltar\u201c je tako\u0111e u skladu sa imenom amuleta, a to govori o njihovoj povezanosti. To je bilo staroslovensko ime kamena koji je pretvoren u mesto prino\u0161enja treba danas poznatim Bogovima. Simbol kombinuje suprotne principe, personifikuju\u0107i njihovo kona\u010dno jedinstvo \u2013 mu\u0161ki i \u017eenski, svetli i tamni svet.<\/p>\n<p>Pored toga, amajlija sa razlogom ima osam zraka. Sloveni su, kao i mnogi drugi narodi, broju osam pridavali sakralno zna\u010denje. Na kraju krajeva, on simbolizuje ve\u010dnost, beskrajno kretanje procesa, tok bilo kog kraja u novi po\u010detak. Pored toga, jedinica u centru raskrsnice formira broj devet sa osam zraka.<\/p>\n<p>I ova figura tako\u0111e ima svoje zna\u010denje \u2013 neraskidivo je povezana sa porodicom, jer je 9 meseci da \u017eena nosi novi \u017eivot. Ovaj broj nosi mo\u0107an potencijal i bo\u017eansku mo\u0107. Kako \u0107e Alatir pomo\u0107i ku\u0107i u kojoj je prisutan: Pobolj\u0161ava odnose me\u0111u uku\u0107anima, \u0160titi one koji \u017eive u ku\u0107i od zla, Odseca svaki negativan uticaj spolja, Otvara put \u010distoj bo\u017eanskoj energiji u korist \u010dlanova doma\u0107instva.<\/p>","protected":false},"excerpt":{"rendered":"<p>Alatir \u2013 simbolizuje istoimeni kamen. Njegova posebnost je u tome \u0161to je, prema dugogodi\u0161njim legendama, pao na zemlju sa neba mnogo pre nego \u0161to su se na njemu pojavila \u017eiva bi\u0107a. Ovaj kamen ima veliku mo\u0107 jer na njemu je Svarog iskovao ljude, Bogove i ovaj svet. On je u stanju da le\u010di i osna\u017euje, [&hellip;]<\/p>\n","protected":false},"featured_media":6224,"template":"","meta":{"_acf_changed":false,"_hpay_column_layout":"0","_hpay_name_price":"0","pmpro_default_level":""},"product_brand":[],"product_cat":[99,119],"product_tag":[],"class_list":{"0":"post-6209","1":"product","2":"type-product","3":"status-publish","4":"has-post-thumbnail","6":"product_cat-rucni-radovi","7":"product_cat-svece","8":"pmpro-has-access","10":"first","11":"instock","12":"taxable","13":"shipping-taxable","14":"purchasable","15":"product-type-simple"},"acf":[],"yoast_head":"<!-- This site is optimized with the Yoast SEO plugin v27.1 - https:\/\/yoast.com\/product\/yoast-seo-wordpress\/ -->\n<title>Ru\u010dni radovi \u2013 Magijska Sve\u0107a - Alatir - Zlatno Doba<\/title>\n<meta name=\"description\" content=\"Garjajev aparat je \u010dista kvantna medicina. Rezultati su mnogobrojna isceljenja. Teslina tehnologija za savr\u0161eno zdravlje!\" \/>\n<meta name=\"robots\" content=\"index, follow, max-snippet:-1, max-image-preview:large, max-video-preview:-1\" \/>\n<link rel=\"canonical\" href=\"https:\/\/zlatnodoba.org\/en\/proizvod\/rucni-radovi-magijska-sveca-alatir\/\" \/>\n<meta property=\"og:locale\" content=\"en_GB\" \/>\n<meta property=\"og:type\" content=\"article\" \/>\n<meta property=\"og:title\" content=\"Ru\u010dni radovi \u2013 Magijska Sve\u0107a - Alatir - Zlatno Doba\" \/>\n<meta property=\"og:description\" content=\"Garjajev aparat je \u010dista kvantna medicina. Rezultati su mnogobrojna isceljenja. Teslina tehnologija za savr\u0161eno zdravlje!\" \/>\n<meta property=\"og:url\" content=\"https:\/\/zlatnodoba.org\/en\/proizvod\/rucni-radovi-magijska-sveca-alatir\/\" \/>\n<meta property=\"og:site_name\" content=\"Zlatno Doba\" \/>\n<meta property=\"article:modified_time\" content=\"2025-02-19T06:33:00+00:00\" \/>\n<meta property=\"og:image\" content=\"https:\/\/zlatnodoba.org\/wp-content\/uploads\/2025\/02\/\u0410\u043b\u0430\u0442\u0438\u0440-768x1024-1.jpg\" \/>\n\t<meta property=\"og:image:width\" content=\"768\" \/>\n\t<meta property=\"og:image:height\" content=\"1024\" \/>\n\t<meta property=\"og:image:type\" content=\"image\/jpeg\" \/>\n<meta name=\"twitter:card\" content=\"summary_large_image\" \/>\n<meta name=\"twitter:label1\" content=\"Estimated reading time\" \/>\n\t<meta name=\"twitter:data1\" content=\"11 minutes\" \/>\n<script type=\"application\/ld+json\" class=\"yoast-schema-graph\">{\"@context\":\"https:\/\/schema.org\",\"@graph\":[{\"@type\":\"WebPage\",\"@id\":\"https:\/\/zlatnodoba.org\/proizvod\/rucni-radovi-magijska-sveca-alatir\/\",\"url\":\"https:\/\/zlatnodoba.org\/proizvod\/rucni-radovi-magijska-sveca-alatir\/\",\"name\":\"Ru\u010dni radovi \u2013 Magijska Sve\u0107a - Alatir - Zlatno Doba\",\"isPartOf\":{\"@id\":\"https:\/\/zlatnodoba.org\/#website\"},\"primaryImageOfPage\":{\"@id\":\"https:\/\/zlatnodoba.org\/proizvod\/rucni-radovi-magijska-sveca-alatir\/#primaryimage\"},\"image\":{\"@id\":\"https:\/\/zlatnodoba.org\/proizvod\/rucni-radovi-magijska-sveca-alatir\/#primaryimage\"},\"thumbnailUrl\":\"https:\/\/zlatnodoba.org\/wp-content\/uploads\/2025\/02\/\u0410\u043b\u0430\u0442\u0438\u0440-768x1024-1.jpg\",\"datePublished\":\"2025-02-19T06:22:23+00:00\",\"dateModified\":\"2025-02-19T06:33:00+00:00\",\"description\":\"Garjajev aparat je \u010dista kvantna medicina. Rezultati su mnogobrojna isceljenja. Teslina tehnologija za savr\u0161eno zdravlje!\",\"breadcrumb\":{\"@id\":\"https:\/\/zlatnodoba.org\/proizvod\/rucni-radovi-magijska-sveca-alatir\/#breadcrumb\"},\"inLanguage\":\"en-GB\",\"potentialAction\":[{\"@type\":\"ReadAction\",\"target\":[\"https:\/\/zlatnodoba.org\/proizvod\/rucni-radovi-magijska-sveca-alatir\/\"]}]},{\"@type\":\"ImageObject\",\"inLanguage\":\"en-GB\",\"@id\":\"https:\/\/zlatnodoba.org\/proizvod\/rucni-radovi-magijska-sveca-alatir\/#primaryimage\",\"url\":\"https:\/\/zlatnodoba.org\/wp-content\/uploads\/2025\/02\/\u0410\u043b\u0430\u0442\u0438\u0440-768x1024-1.jpg\",\"contentUrl\":\"https:\/\/zlatnodoba.org\/wp-content\/uploads\/2025\/02\/\u0410\u043b\u0430\u0442\u0438\u0440-768x1024-1.jpg\",\"width\":768,\"height\":1024},{\"@type\":\"BreadcrumbList\",\"@id\":\"https:\/\/zlatnodoba.org\/proizvod\/rucni-radovi-magijska-sveca-alatir\/#breadcrumb\",\"itemListElement\":[{\"@type\":\"ListItem\",\"position\":1,\"name\":\"Home\",\"item\":\"https:\/\/zlatnodoba.org\/\"},{\"@type\":\"ListItem\",\"position\":2,\"name\":\"Shop\",\"item\":\"https:\/\/zlatnodoba.org\/shop\/\"},{\"@type\":\"ListItem\",\"position\":3,\"name\":\"Ru\u010dni radovi \u2013 Magijska Sve\u0107a &#8211; Alatir\"}]},{\"@type\":\"WebSite\",\"@id\":\"https:\/\/zlatnodoba.org\/#website\",\"url\":\"https:\/\/zlatnodoba.org\/\",\"name\":\"Zlatno Doba\",\"description\":\"\",\"potentialAction\":[{\"@type\":\"SearchAction\",\"target\":{\"@type\":\"EntryPoint\",\"urlTemplate\":\"https:\/\/zlatnodoba.org\/?s={search_term_string}\"},\"query-input\":{\"@type\":\"PropertyValueSpecification\",\"valueRequired\":true,\"valueName\":\"search_term_string\"}}],\"inLanguage\":\"en-GB\"}]}<\/script>\n<!-- \/ Yoast SEO plugin. -->","yoast_head_json":{"title":"Ru\u010dni radovi \u2013 Magijska Sve\u0107a - Alatir - Zlatno Doba","description":"Garjajev aparat je \u010dista kvantna medicina. Rezultati su mnogobrojna isceljenja. Teslina tehnologija za savr\u0161eno zdravlje!","robots":{"index":"index","follow":"follow","max-snippet":"max-snippet:-1","max-image-preview":"max-image-preview:large","max-video-preview":"max-video-preview:-1"},"canonical":"https:\/\/zlatnodoba.org\/en\/proizvod\/rucni-radovi-magijska-sveca-alatir\/","og_locale":"en_GB","og_type":"article","og_title":"Ru\u010dni radovi \u2013 Magijska Sve\u0107a - Alatir - Zlatno Doba","og_description":"Garjajev aparat je \u010dista kvantna medicina. Rezultati su mnogobrojna isceljenja. Teslina tehnologija za savr\u0161eno zdravlje!","og_url":"https:\/\/zlatnodoba.org\/en\/proizvod\/rucni-radovi-magijska-sveca-alatir\/","og_site_name":"Zlatno Doba","article_modified_time":"2025-02-19T06:33:00+00:00","og_image":[{"width":768,"height":1024,"url":"https:\/\/zlatnodoba.org\/wp-content\/uploads\/2025\/02\/\u0410\u043b\u0430\u0442\u0438\u0440-768x1024-1.jpg","type":"image\/jpeg"}],"twitter_card":"summary_large_image","twitter_misc":{"Estimated reading time":"11 minutes"},"schema":{"@context":"https:\/\/schema.org","@graph":[{"@type":"WebPage","@id":"https:\/\/zlatnodoba.org\/proizvod\/rucni-radovi-magijska-sveca-alatir\/","url":"https:\/\/zlatnodoba.org\/proizvod\/rucni-radovi-magijska-sveca-alatir\/","name":"Ru\u010dni radovi \u2013 Magijska Sve\u0107a - Alatir - Zlatno Doba","isPartOf":{"@id":"https:\/\/zlatnodoba.org\/#website"},"primaryImageOfPage":{"@id":"https:\/\/zlatnodoba.org\/proizvod\/rucni-radovi-magijska-sveca-alatir\/#primaryimage"},"image":{"@id":"https:\/\/zlatnodoba.org\/proizvod\/rucni-radovi-magijska-sveca-alatir\/#primaryimage"},"thumbnailUrl":"https:\/\/zlatnodoba.org\/wp-content\/uploads\/2025\/02\/\u0410\u043b\u0430\u0442\u0438\u0440-768x1024-1.jpg","datePublished":"2025-02-19T06:22:23+00:00","dateModified":"2025-02-19T06:33:00+00:00","description":"Garjajev aparat je \u010dista kvantna medicina. Rezultati su mnogobrojna isceljenja. Teslina tehnologija za savr\u0161eno zdravlje!","breadcrumb":{"@id":"https:\/\/zlatnodoba.org\/proizvod\/rucni-radovi-magijska-sveca-alatir\/#breadcrumb"},"inLanguage":"en-GB","potentialAction":[{"@type":"ReadAction","target":["https:\/\/zlatnodoba.org\/proizvod\/rucni-radovi-magijska-sveca-alatir\/"]}]},{"@type":"ImageObject","inLanguage":"en-GB","@id":"https:\/\/zlatnodoba.org\/proizvod\/rucni-radovi-magijska-sveca-alatir\/#primaryimage","url":"https:\/\/zlatnodoba.org\/wp-content\/uploads\/2025\/02\/\u0410\u043b\u0430\u0442\u0438\u0440-768x1024-1.jpg","contentUrl":"https:\/\/zlatnodoba.org\/wp-content\/uploads\/2025\/02\/\u0410\u043b\u0430\u0442\u0438\u0440-768x1024-1.jpg","width":768,"height":1024},{"@type":"BreadcrumbList","@id":"https:\/\/zlatnodoba.org\/proizvod\/rucni-radovi-magijska-sveca-alatir\/#breadcrumb","itemListElement":[{"@type":"ListItem","position":1,"name":"Home","item":"https:\/\/zlatnodoba.org\/"},{"@type":"ListItem","position":2,"name":"Shop","item":"https:\/\/zlatnodoba.org\/shop\/"},{"@type":"ListItem","position":3,"name":"Ru\u010dni radovi \u2013 Magijska Sve\u0107a &#8211; Alatir"}]},{"@type":"WebSite","@id":"https:\/\/zlatnodoba.org\/#website","url":"https:\/\/zlatnodoba.org\/","name":"Zlatno Doba","description":"","potentialAction":[{"@type":"SearchAction","target":{"@type":"EntryPoint","urlTemplate":"https:\/\/zlatnodoba.org\/?s={search_term_string}"},"query-input":{"@type":"PropertyValueSpecification","valueRequired":true,"valueName":"search_term_string"}}],"inLanguage":"en-GB"}]}},"_links":{"self":[{"href":"https:\/\/zlatnodoba.org\/en\/wp-json\/wp\/v2\/product\/6209","targetHints":{"allow":["GET"]}}],"collection":[{"href":"https:\/\/zlatnodoba.org\/en\/wp-json\/wp\/v2\/product"}],"about":[{"href":"https:\/\/zlatnodoba.org\/en\/wp-json\/wp\/v2\/types\/product"}],"version-history":[{"count":1,"href":"https:\/\/zlatnodoba.org\/en\/wp-json\/wp\/v2\/product\/6209\/revisions"}],"predecessor-version":[{"id":6225,"href":"https:\/\/zlatnodoba.org\/en\/wp-json\/wp\/v2\/product\/6209\/revisions\/6225"}],"wp:featuredmedia":[{"embeddable":true,"href":"https:\/\/zlatnodoba.org\/en\/wp-json\/wp\/v2\/media\/6224"}],"wp:attachment":[{"href":"https:\/\/zlatnodoba.org\/en\/wp-json\/wp\/v2\/media?parent=6209"}],"wp:term":[{"taxonomy":"product_brand","embeddable":true,"href":"https:\/\/zlatnodoba.org\/en\/wp-json\/wp\/v2\/product_brand?post=6209"},{"taxonomy":"product_cat","embeddable":true,"href":"https:\/\/zlatnodoba.org\/en\/wp-json\/wp\/v2\/product_cat?post=6209"},{"taxonomy":"product_tag","embeddable":true,"href":"https:\/\/zlatnodoba.org\/en\/wp-json\/wp\/v2\/product_tag?post=6209"}],"curies":[{"name":"wp","href":"https:\/\/api.w.org\/{rel}","templated":true}]}}