{"id":6204,"date":"2025-02-19T06:22:01","date_gmt":"2025-02-19T06:22:01","guid":{"rendered":"https:\/\/zlatnodoba.org\/?post_type=product&#038;p=6204"},"modified":"2025-02-19T06:27:23","modified_gmt":"2025-02-19T06:27:23","slug":"rucni-radovi-magijska-sveca-pecat-velesa","status":"publish","type":"product","link":"https:\/\/zlatnodoba.org\/en\/proizvod\/rucni-radovi-magijska-sveca-pecat-velesa\/","title":{"rendered":"Ru\u010dni radovi \u2013 Magijska Sve\u0107a &#8211; Pe\u010dat Velesa"},"content":{"rendered":"<p>Sve\u0107a pe\u010dat Velesa je preda\u010dki simbol koji ima mo\u0107nu energiju.<br \/>\nVeles se me\u0111u Slovenima smatra jednim od glavnih Bogova. Prvo, pomagao je ljudima koji se bave trgovinom, magijom ili ljudima vezanim za po\u0161tovanje Kona.<br \/>\nPe\u010dat Velesa<br \/>\nNa\u0161i Preci su verovali da pe\u010dat Velesa budi u ljudima osobine poput mudrosti i snage, ali tako\u0111e otkriva postoje\u0107i potencijal, poma\u017ee na putu i daje nadu izgubljenima.<br \/>\nS obzirom da je Veles pokrovitelj transformacija i magije, osoba koja poseduje simbol \u0107e nau\u010diti da se prilagodi okolnostima, otkrije intuitivne sposobnosti, i mo\u017ee o\u010dekivati neverovatne doga\u0111aje. Druga snaga ovog znaka je \u0161to spre\u010dava uticaj zlih ljudi i lo\u0161ih energetskih talasa.<br \/>\nOva sve\u0107a je za ljude koji imaju talente i ne pla\u0161e se da idu putem svog cilja, menjaju\u0107i postoje\u0107e okvire. Va\u017eno je napomenuti da Veles ne voli ljude koji preteruju sa alkoholom i koriste druge zabranjene metode, pove\u0107avaju\u0107i obim svesti \u2013 tako se uni\u0161tava duhovna vertikala.. Sve\u0107a poma\u017ee uspe\u0161no prona\u0107i re\u0161enja u te\u0161kim situacijama i iza\u0107i kao pobednik u mnogim borbama s neprijateljima.<br \/>\nPreporu\u010duje se da ovu sve\u0107u koriste pre svega ljudi \u010dije su aktivnosti vezane za prirodu, na primer, ribari, lovci, \u0161umari i ekolozi.<br \/>\nOvaj znak je pre svega za\u0161tita u fizi\u010dkom smislu, ali i obele\u017eje ljudi koji vole, po\u0161tuju i \u010duvaju prirodu, Pe\u010dat Velesa, \u010certog vuka, Runa Vetar, pa i sam znak Boga Velesa su energetski i vibracioni rezonatori i vi\u0161e odgovaraju osobama koje su posve\u0107ene magiji i kreaciji\u2026..<br \/>\nSlava Rodu! Slava Velesu!<\/p>","protected":false},"excerpt":{"rendered":"<p>Sve\u0107a pe\u010dat Velesa je preda\u010dki simbol koji ima mo\u0107nu energiju. Veles se me\u0111u Slovenima smatra jednim od glavnih Bogova. Prvo, pomagao je ljudima koji se bave trgovinom, magijom ili ljudima vezanim za po\u0161tovanje Kona. Pe\u010dat Velesa Na\u0161i Preci su verovali da pe\u010dat Velesa budi u ljudima osobine poput mudrosti i snage, ali tako\u0111e otkriva postoje\u0107i [&hellip;]<\/p>\n","protected":false},"featured_media":6212,"template":"","meta":{"_acf_changed":false,"_hpay_column_layout":"0","_hpay_name_price":"0","pmpro_default_level":""},"product_brand":[],"product_cat":[99,119],"product_tag":[],"class_list":{"0":"post-6204","1":"product","2":"type-product","3":"status-publish","4":"has-post-thumbnail","6":"product_cat-rucni-radovi","7":"product_cat-svece","8":"pmpro-has-access","10":"first","11":"instock","12":"taxable","13":"shipping-taxable","14":"purchasable","15":"product-type-simple"},"acf":[],"yoast_head":"<!-- This site is optimized with the Yoast SEO plugin v27.1 - https:\/\/yoast.com\/product\/yoast-seo-wordpress\/ -->\n<title>Ru\u010dni radovi \u2013 Magijska Sve\u0107a - Pe\u010dat Velesa - Zlatno Doba<\/title>\n<meta name=\"description\" content=\"Garjajev aparat je \u010dista kvantna medicina. Rezultati su mnogobrojna isceljenja. Teslina tehnologija za savr\u0161eno zdravlje!\" \/>\n<meta name=\"robots\" content=\"index, follow, max-snippet:-1, max-image-preview:large, max-video-preview:-1\" \/>\n<link rel=\"canonical\" href=\"https:\/\/zlatnodoba.org\/en\/proizvod\/rucni-radovi-magijska-sveca-pecat-velesa\/\" \/>\n<meta property=\"og:locale\" content=\"en_GB\" \/>\n<meta property=\"og:type\" content=\"article\" \/>\n<meta property=\"og:title\" content=\"Ru\u010dni radovi \u2013 Magijska Sve\u0107a - Pe\u010dat Velesa - Zlatno Doba\" \/>\n<meta property=\"og:description\" content=\"Garjajev aparat je \u010dista kvantna medicina. Rezultati su mnogobrojna isceljenja. Teslina tehnologija za savr\u0161eno zdravlje!\" \/>\n<meta property=\"og:url\" content=\"https:\/\/zlatnodoba.org\/en\/proizvod\/rucni-radovi-magijska-sveca-pecat-velesa\/\" \/>\n<meta property=\"og:site_name\" content=\"Zlatno Doba\" \/>\n<meta property=\"article:modified_time\" content=\"2025-02-19T06:27:23+00:00\" \/>\n<meta property=\"og:image\" content=\"https:\/\/zlatnodoba.org\/wp-content\/uploads\/2025\/02\/\u041f\u0435\u0447\u0430\u0442-\u0412\u0435\u043b\u0435\u0441\u0430-768x768-1.jpg\" \/>\n\t<meta property=\"og:image:width\" content=\"768\" \/>\n\t<meta property=\"og:image:height\" content=\"768\" \/>\n\t<meta property=\"og:image:type\" content=\"image\/jpeg\" \/>\n<meta name=\"twitter:card\" content=\"summary_large_image\" \/>\n<meta name=\"twitter:label1\" content=\"Estimated reading time\" \/>\n\t<meta name=\"twitter:data1\" content=\"11 minutes\" \/>\n<script type=\"application\/ld+json\" class=\"yoast-schema-graph\">{\"@context\":\"https:\/\/schema.org\",\"@graph\":[{\"@type\":\"WebPage\",\"@id\":\"https:\/\/zlatnodoba.org\/proizvod\/rucni-radovi-magijska-sveca-pecat-velesa\/\",\"url\":\"https:\/\/zlatnodoba.org\/proizvod\/rucni-radovi-magijska-sveca-pecat-velesa\/\",\"name\":\"Ru\u010dni radovi \u2013 Magijska Sve\u0107a - Pe\u010dat Velesa - Zlatno Doba\",\"isPartOf\":{\"@id\":\"https:\/\/zlatnodoba.org\/#website\"},\"primaryImageOfPage\":{\"@id\":\"https:\/\/zlatnodoba.org\/proizvod\/rucni-radovi-magijska-sveca-pecat-velesa\/#primaryimage\"},\"image\":{\"@id\":\"https:\/\/zlatnodoba.org\/proizvod\/rucni-radovi-magijska-sveca-pecat-velesa\/#primaryimage\"},\"thumbnailUrl\":\"https:\/\/zlatnodoba.org\/wp-content\/uploads\/2025\/02\/\u041f\u0435\u0447\u0430\u0442-\u0412\u0435\u043b\u0435\u0441\u0430-768x768-1.jpg\",\"datePublished\":\"2025-02-19T06:22:01+00:00\",\"dateModified\":\"2025-02-19T06:27:23+00:00\",\"description\":\"Garjajev aparat je \u010dista kvantna medicina. Rezultati su mnogobrojna isceljenja. Teslina tehnologija za savr\u0161eno zdravlje!\",\"breadcrumb\":{\"@id\":\"https:\/\/zlatnodoba.org\/proizvod\/rucni-radovi-magijska-sveca-pecat-velesa\/#breadcrumb\"},\"inLanguage\":\"en-GB\",\"potentialAction\":[{\"@type\":\"ReadAction\",\"target\":[\"https:\/\/zlatnodoba.org\/proizvod\/rucni-radovi-magijska-sveca-pecat-velesa\/\"]}]},{\"@type\":\"ImageObject\",\"inLanguage\":\"en-GB\",\"@id\":\"https:\/\/zlatnodoba.org\/proizvod\/rucni-radovi-magijska-sveca-pecat-velesa\/#primaryimage\",\"url\":\"https:\/\/zlatnodoba.org\/wp-content\/uploads\/2025\/02\/\u041f\u0435\u0447\u0430\u0442-\u0412\u0435\u043b\u0435\u0441\u0430-768x768-1.jpg\",\"contentUrl\":\"https:\/\/zlatnodoba.org\/wp-content\/uploads\/2025\/02\/\u041f\u0435\u0447\u0430\u0442-\u0412\u0435\u043b\u0435\u0441\u0430-768x768-1.jpg\",\"width\":768,\"height\":768},{\"@type\":\"BreadcrumbList\",\"@id\":\"https:\/\/zlatnodoba.org\/proizvod\/rucni-radovi-magijska-sveca-pecat-velesa\/#breadcrumb\",\"itemListElement\":[{\"@type\":\"ListItem\",\"position\":1,\"name\":\"Home\",\"item\":\"https:\/\/zlatnodoba.org\/\"},{\"@type\":\"ListItem\",\"position\":2,\"name\":\"Shop\",\"item\":\"https:\/\/zlatnodoba.org\/shop\/\"},{\"@type\":\"ListItem\",\"position\":3,\"name\":\"Ru\u010dni radovi \u2013 Magijska Sve\u0107a &#8211; Pe\u010dat Velesa\"}]},{\"@type\":\"WebSite\",\"@id\":\"https:\/\/zlatnodoba.org\/#website\",\"url\":\"https:\/\/zlatnodoba.org\/\",\"name\":\"Zlatno Doba\",\"description\":\"\",\"potentialAction\":[{\"@type\":\"SearchAction\",\"target\":{\"@type\":\"EntryPoint\",\"urlTemplate\":\"https:\/\/zlatnodoba.org\/?s={search_term_string}\"},\"query-input\":{\"@type\":\"PropertyValueSpecification\",\"valueRequired\":true,\"valueName\":\"search_term_string\"}}],\"inLanguage\":\"en-GB\"}]}<\/script>\n<!-- \/ Yoast SEO plugin. -->","yoast_head_json":{"title":"Ru\u010dni radovi \u2013 Magijska Sve\u0107a - Pe\u010dat Velesa - Zlatno Doba","description":"Garjajev aparat je \u010dista kvantna medicina. Rezultati su mnogobrojna isceljenja. Teslina tehnologija za savr\u0161eno zdravlje!","robots":{"index":"index","follow":"follow","max-snippet":"max-snippet:-1","max-image-preview":"max-image-preview:large","max-video-preview":"max-video-preview:-1"},"canonical":"https:\/\/zlatnodoba.org\/en\/proizvod\/rucni-radovi-magijska-sveca-pecat-velesa\/","og_locale":"en_GB","og_type":"article","og_title":"Ru\u010dni radovi \u2013 Magijska Sve\u0107a - Pe\u010dat Velesa - Zlatno Doba","og_description":"Garjajev aparat je \u010dista kvantna medicina. Rezultati su mnogobrojna isceljenja. Teslina tehnologija za savr\u0161eno zdravlje!","og_url":"https:\/\/zlatnodoba.org\/en\/proizvod\/rucni-radovi-magijska-sveca-pecat-velesa\/","og_site_name":"Zlatno Doba","article_modified_time":"2025-02-19T06:27:23+00:00","og_image":[{"width":768,"height":768,"url":"https:\/\/zlatnodoba.org\/wp-content\/uploads\/2025\/02\/\u041f\u0435\u0447\u0430\u0442-\u0412\u0435\u043b\u0435\u0441\u0430-768x768-1.jpg","type":"image\/jpeg"}],"twitter_card":"summary_large_image","twitter_misc":{"Estimated reading time":"11 minutes"},"schema":{"@context":"https:\/\/schema.org","@graph":[{"@type":"WebPage","@id":"https:\/\/zlatnodoba.org\/proizvod\/rucni-radovi-magijska-sveca-pecat-velesa\/","url":"https:\/\/zlatnodoba.org\/proizvod\/rucni-radovi-magijska-sveca-pecat-velesa\/","name":"Ru\u010dni radovi \u2013 Magijska Sve\u0107a - Pe\u010dat Velesa - Zlatno Doba","isPartOf":{"@id":"https:\/\/zlatnodoba.org\/#website"},"primaryImageOfPage":{"@id":"https:\/\/zlatnodoba.org\/proizvod\/rucni-radovi-magijska-sveca-pecat-velesa\/#primaryimage"},"image":{"@id":"https:\/\/zlatnodoba.org\/proizvod\/rucni-radovi-magijska-sveca-pecat-velesa\/#primaryimage"},"thumbnailUrl":"https:\/\/zlatnodoba.org\/wp-content\/uploads\/2025\/02\/\u041f\u0435\u0447\u0430\u0442-\u0412\u0435\u043b\u0435\u0441\u0430-768x768-1.jpg","datePublished":"2025-02-19T06:22:01+00:00","dateModified":"2025-02-19T06:27:23+00:00","description":"Garjajev aparat je \u010dista kvantna medicina. Rezultati su mnogobrojna isceljenja. Teslina tehnologija za savr\u0161eno zdravlje!","breadcrumb":{"@id":"https:\/\/zlatnodoba.org\/proizvod\/rucni-radovi-magijska-sveca-pecat-velesa\/#breadcrumb"},"inLanguage":"en-GB","potentialAction":[{"@type":"ReadAction","target":["https:\/\/zlatnodoba.org\/proizvod\/rucni-radovi-magijska-sveca-pecat-velesa\/"]}]},{"@type":"ImageObject","inLanguage":"en-GB","@id":"https:\/\/zlatnodoba.org\/proizvod\/rucni-radovi-magijska-sveca-pecat-velesa\/#primaryimage","url":"https:\/\/zlatnodoba.org\/wp-content\/uploads\/2025\/02\/\u041f\u0435\u0447\u0430\u0442-\u0412\u0435\u043b\u0435\u0441\u0430-768x768-1.jpg","contentUrl":"https:\/\/zlatnodoba.org\/wp-content\/uploads\/2025\/02\/\u041f\u0435\u0447\u0430\u0442-\u0412\u0435\u043b\u0435\u0441\u0430-768x768-1.jpg","width":768,"height":768},{"@type":"BreadcrumbList","@id":"https:\/\/zlatnodoba.org\/proizvod\/rucni-radovi-magijska-sveca-pecat-velesa\/#breadcrumb","itemListElement":[{"@type":"ListItem","position":1,"name":"Home","item":"https:\/\/zlatnodoba.org\/"},{"@type":"ListItem","position":2,"name":"Shop","item":"https:\/\/zlatnodoba.org\/shop\/"},{"@type":"ListItem","position":3,"name":"Ru\u010dni radovi \u2013 Magijska Sve\u0107a &#8211; Pe\u010dat Velesa"}]},{"@type":"WebSite","@id":"https:\/\/zlatnodoba.org\/#website","url":"https:\/\/zlatnodoba.org\/","name":"Zlatno Doba","description":"","potentialAction":[{"@type":"SearchAction","target":{"@type":"EntryPoint","urlTemplate":"https:\/\/zlatnodoba.org\/?s={search_term_string}"},"query-input":{"@type":"PropertyValueSpecification","valueRequired":true,"valueName":"search_term_string"}}],"inLanguage":"en-GB"}]}},"_links":{"self":[{"href":"https:\/\/zlatnodoba.org\/en\/wp-json\/wp\/v2\/product\/6204","targetHints":{"allow":["GET"]}}],"collection":[{"href":"https:\/\/zlatnodoba.org\/en\/wp-json\/wp\/v2\/product"}],"about":[{"href":"https:\/\/zlatnodoba.org\/en\/wp-json\/wp\/v2\/types\/product"}],"version-history":[{"count":1,"href":"https:\/\/zlatnodoba.org\/en\/wp-json\/wp\/v2\/product\/6204\/revisions"}],"predecessor-version":[{"id":6213,"href":"https:\/\/zlatnodoba.org\/en\/wp-json\/wp\/v2\/product\/6204\/revisions\/6213"}],"wp:featuredmedia":[{"embeddable":true,"href":"https:\/\/zlatnodoba.org\/en\/wp-json\/wp\/v2\/media\/6212"}],"wp:attachment":[{"href":"https:\/\/zlatnodoba.org\/en\/wp-json\/wp\/v2\/media?parent=6204"}],"wp:term":[{"taxonomy":"product_brand","embeddable":true,"href":"https:\/\/zlatnodoba.org\/en\/wp-json\/wp\/v2\/product_brand?post=6204"},{"taxonomy":"product_cat","embeddable":true,"href":"https:\/\/zlatnodoba.org\/en\/wp-json\/wp\/v2\/product_cat?post=6204"},{"taxonomy":"product_tag","embeddable":true,"href":"https:\/\/zlatnodoba.org\/en\/wp-json\/wp\/v2\/product_tag?post=6204"}],"curies":[{"name":"wp","href":"https:\/\/api.w.org\/{rel}","templated":true}]}}