{"id":6191,"date":"2025-02-18T07:18:32","date_gmt":"2025-02-18T07:18:32","guid":{"rendered":"https:\/\/zlatnodoba.org\/?post_type=product&#038;p=6191"},"modified":"2025-02-18T07:24:00","modified_gmt":"2025-02-18T07:24:00","slug":"rucni-radovi-magijska-sveca-lada-i-svarog","status":"publish","type":"product","link":"https:\/\/zlatnodoba.org\/en\/proizvod\/rucni-radovi-magijska-sveca-lada-i-svarog\/","title":{"rendered":"Ru\u010dni radovi \u2013 Magijska Sve\u0107a &#8211; Lada I Svarog"},"content":{"rendered":"<p>Sve\u0107a \u201eLada\u201c. 8 cm, 33 grama.<br \/>\nMaj\u010dinstvo, porodi\u010dni sklad, osloba\u0111anje energije \u017eenska kreacija\u2026.<\/p>\n<p>Sve\u0107a \u201eSvarog\u201c. 8 cm, 33 grama.<br \/>\nStvarala\u0161tvo, pokroviteljstvo porodice, roditeljska snaga, kovanje sre\u0107e\u2026.<\/p>","protected":false},"excerpt":{"rendered":"<p>Sve\u0107a \u201eLada\u201c. 8 cm, 33 grama. Maj\u010dinstvo, porodi\u010dni sklad, osloba\u0111anje energije \u017eenska kreacija\u2026. Sve\u0107a \u201eSvarog\u201c. 8 cm, 33 grama. Stvarala\u0161tvo, pokroviteljstvo porodice, roditeljska snaga, kovanje sre\u0107e\u2026.<\/p>","protected":false},"featured_media":6197,"template":"","meta":{"_acf_changed":false,"_hpay_column_layout":"0","_hpay_name_price":"0","pmpro_default_level":""},"product_brand":[],"product_cat":[99,119],"product_tag":[],"class_list":{"0":"post-6191","1":"product","2":"type-product","3":"status-publish","4":"has-post-thumbnail","6":"product_cat-rucni-radovi","7":"product_cat-svece","8":"pmpro-has-access","10":"first","11":"instock","12":"taxable","13":"shipping-taxable","14":"purchasable","15":"product-type-simple"},"acf":[],"yoast_head":"<!-- This site is optimized with the Yoast SEO plugin v27.1 - https:\/\/yoast.com\/product\/yoast-seo-wordpress\/ -->\n<title>Ru\u010dni radovi \u2013 Magijska Sve\u0107a - Lada I Svarog - Zlatno Doba<\/title>\n<meta name=\"description\" content=\"Garjajev aparat je \u010dista kvantna medicina. Rezultati su mnogobrojna isceljenja. Teslina tehnologija za savr\u0161eno zdravlje!\" \/>\n<meta name=\"robots\" content=\"index, follow, max-snippet:-1, max-image-preview:large, max-video-preview:-1\" \/>\n<link rel=\"canonical\" href=\"https:\/\/zlatnodoba.org\/en\/proizvod\/rucni-radovi-magijska-sveca-lada-i-svarog\/\" \/>\n<meta property=\"og:locale\" content=\"en_GB\" \/>\n<meta property=\"og:type\" content=\"article\" \/>\n<meta property=\"og:title\" content=\"Ru\u010dni radovi \u2013 Magijska Sve\u0107a - Lada I Svarog - Zlatno Doba\" \/>\n<meta property=\"og:description\" content=\"Garjajev aparat je \u010dista kvantna medicina. Rezultati su mnogobrojna isceljenja. Teslina tehnologija za savr\u0161eno zdravlje!\" \/>\n<meta property=\"og:url\" content=\"https:\/\/zlatnodoba.org\/en\/proizvod\/rucni-radovi-magijska-sveca-lada-i-svarog\/\" \/>\n<meta property=\"og:site_name\" content=\"Zlatno Doba\" \/>\n<meta property=\"article:modified_time\" content=\"2025-02-18T07:24:00+00:00\" \/>\n<meta property=\"og:image\" content=\"https:\/\/zlatnodoba.org\/wp-content\/uploads\/2025\/02\/Ma\u043b\u0430-\u0441\u0432\u0435\u045b\u0430-\u0421\u0432\u0430\u0440\u043e\u0433-\u0438-\u041b\u0430\u0434\u0430-710x1024-1.jpg\" \/>\n\t<meta property=\"og:image:width\" content=\"710\" \/>\n\t<meta property=\"og:image:height\" content=\"1024\" \/>\n\t<meta property=\"og:image:type\" content=\"image\/jpeg\" \/>\n<meta name=\"twitter:card\" content=\"summary_large_image\" \/>\n<meta name=\"twitter:label1\" content=\"Estimated reading time\" \/>\n\t<meta name=\"twitter:data1\" content=\"11 minutes\" \/>\n<script type=\"application\/ld+json\" class=\"yoast-schema-graph\">{\"@context\":\"https:\/\/schema.org\",\"@graph\":[{\"@type\":\"WebPage\",\"@id\":\"https:\/\/zlatnodoba.org\/proizvod\/rucni-radovi-magijska-sveca-lada-i-svarog\/\",\"url\":\"https:\/\/zlatnodoba.org\/proizvod\/rucni-radovi-magijska-sveca-lada-i-svarog\/\",\"name\":\"Ru\u010dni radovi \u2013 Magijska Sve\u0107a - Lada I Svarog - Zlatno Doba\",\"isPartOf\":{\"@id\":\"https:\/\/zlatnodoba.org\/#website\"},\"primaryImageOfPage\":{\"@id\":\"https:\/\/zlatnodoba.org\/proizvod\/rucni-radovi-magijska-sveca-lada-i-svarog\/#primaryimage\"},\"image\":{\"@id\":\"https:\/\/zlatnodoba.org\/proizvod\/rucni-radovi-magijska-sveca-lada-i-svarog\/#primaryimage\"},\"thumbnailUrl\":\"https:\/\/zlatnodoba.org\/wp-content\/uploads\/2025\/02\/Ma\u043b\u0430-\u0441\u0432\u0435\u045b\u0430-\u0421\u0432\u0430\u0440\u043e\u0433-\u0438-\u041b\u0430\u0434\u0430-710x1024-1.jpg\",\"datePublished\":\"2025-02-18T07:18:32+00:00\",\"dateModified\":\"2025-02-18T07:24:00+00:00\",\"description\":\"Garjajev aparat je \u010dista kvantna medicina. Rezultati su mnogobrojna isceljenja. Teslina tehnologija za savr\u0161eno zdravlje!\",\"breadcrumb\":{\"@id\":\"https:\/\/zlatnodoba.org\/proizvod\/rucni-radovi-magijska-sveca-lada-i-svarog\/#breadcrumb\"},\"inLanguage\":\"en-GB\",\"potentialAction\":[{\"@type\":\"ReadAction\",\"target\":[\"https:\/\/zlatnodoba.org\/proizvod\/rucni-radovi-magijska-sveca-lada-i-svarog\/\"]}]},{\"@type\":\"ImageObject\",\"inLanguage\":\"en-GB\",\"@id\":\"https:\/\/zlatnodoba.org\/proizvod\/rucni-radovi-magijska-sveca-lada-i-svarog\/#primaryimage\",\"url\":\"https:\/\/zlatnodoba.org\/wp-content\/uploads\/2025\/02\/Ma\u043b\u0430-\u0441\u0432\u0435\u045b\u0430-\u0421\u0432\u0430\u0440\u043e\u0433-\u0438-\u041b\u0430\u0434\u0430-710x1024-1.jpg\",\"contentUrl\":\"https:\/\/zlatnodoba.org\/wp-content\/uploads\/2025\/02\/Ma\u043b\u0430-\u0441\u0432\u0435\u045b\u0430-\u0421\u0432\u0430\u0440\u043e\u0433-\u0438-\u041b\u0430\u0434\u0430-710x1024-1.jpg\",\"width\":710,\"height\":1024},{\"@type\":\"BreadcrumbList\",\"@id\":\"https:\/\/zlatnodoba.org\/proizvod\/rucni-radovi-magijska-sveca-lada-i-svarog\/#breadcrumb\",\"itemListElement\":[{\"@type\":\"ListItem\",\"position\":1,\"name\":\"Home\",\"item\":\"https:\/\/zlatnodoba.org\/\"},{\"@type\":\"ListItem\",\"position\":2,\"name\":\"Shop\",\"item\":\"https:\/\/zlatnodoba.org\/shop\/\"},{\"@type\":\"ListItem\",\"position\":3,\"name\":\"Ru\u010dni radovi \u2013 Magijska Sve\u0107a &#8211; Lada I Svarog\"}]},{\"@type\":\"WebSite\",\"@id\":\"https:\/\/zlatnodoba.org\/#website\",\"url\":\"https:\/\/zlatnodoba.org\/\",\"name\":\"Zlatno Doba\",\"description\":\"\",\"potentialAction\":[{\"@type\":\"SearchAction\",\"target\":{\"@type\":\"EntryPoint\",\"urlTemplate\":\"https:\/\/zlatnodoba.org\/?s={search_term_string}\"},\"query-input\":{\"@type\":\"PropertyValueSpecification\",\"valueRequired\":true,\"valueName\":\"search_term_string\"}}],\"inLanguage\":\"en-GB\"}]}<\/script>\n<!-- \/ Yoast SEO plugin. -->","yoast_head_json":{"title":"Ru\u010dni radovi \u2013 Magijska Sve\u0107a - Lada I Svarog - Zlatno Doba","description":"Garjajev aparat je \u010dista kvantna medicina. Rezultati su mnogobrojna isceljenja. Teslina tehnologija za savr\u0161eno zdravlje!","robots":{"index":"index","follow":"follow","max-snippet":"max-snippet:-1","max-image-preview":"max-image-preview:large","max-video-preview":"max-video-preview:-1"},"canonical":"https:\/\/zlatnodoba.org\/en\/proizvod\/rucni-radovi-magijska-sveca-lada-i-svarog\/","og_locale":"en_GB","og_type":"article","og_title":"Ru\u010dni radovi \u2013 Magijska Sve\u0107a - Lada I Svarog - Zlatno Doba","og_description":"Garjajev aparat je \u010dista kvantna medicina. Rezultati su mnogobrojna isceljenja. Teslina tehnologija za savr\u0161eno zdravlje!","og_url":"https:\/\/zlatnodoba.org\/en\/proizvod\/rucni-radovi-magijska-sveca-lada-i-svarog\/","og_site_name":"Zlatno Doba","article_modified_time":"2025-02-18T07:24:00+00:00","og_image":[{"width":710,"height":1024,"url":"https:\/\/zlatnodoba.org\/wp-content\/uploads\/2025\/02\/Ma\u043b\u0430-\u0441\u0432\u0435\u045b\u0430-\u0421\u0432\u0430\u0440\u043e\u0433-\u0438-\u041b\u0430\u0434\u0430-710x1024-1.jpg","type":"image\/jpeg"}],"twitter_card":"summary_large_image","twitter_misc":{"Estimated reading time":"11 minutes"},"schema":{"@context":"https:\/\/schema.org","@graph":[{"@type":"WebPage","@id":"https:\/\/zlatnodoba.org\/proizvod\/rucni-radovi-magijska-sveca-lada-i-svarog\/","url":"https:\/\/zlatnodoba.org\/proizvod\/rucni-radovi-magijska-sveca-lada-i-svarog\/","name":"Ru\u010dni radovi \u2013 Magijska Sve\u0107a - Lada I Svarog - Zlatno Doba","isPartOf":{"@id":"https:\/\/zlatnodoba.org\/#website"},"primaryImageOfPage":{"@id":"https:\/\/zlatnodoba.org\/proizvod\/rucni-radovi-magijska-sveca-lada-i-svarog\/#primaryimage"},"image":{"@id":"https:\/\/zlatnodoba.org\/proizvod\/rucni-radovi-magijska-sveca-lada-i-svarog\/#primaryimage"},"thumbnailUrl":"https:\/\/zlatnodoba.org\/wp-content\/uploads\/2025\/02\/Ma\u043b\u0430-\u0441\u0432\u0435\u045b\u0430-\u0421\u0432\u0430\u0440\u043e\u0433-\u0438-\u041b\u0430\u0434\u0430-710x1024-1.jpg","datePublished":"2025-02-18T07:18:32+00:00","dateModified":"2025-02-18T07:24:00+00:00","description":"Garjajev aparat je \u010dista kvantna medicina. Rezultati su mnogobrojna isceljenja. Teslina tehnologija za savr\u0161eno zdravlje!","breadcrumb":{"@id":"https:\/\/zlatnodoba.org\/proizvod\/rucni-radovi-magijska-sveca-lada-i-svarog\/#breadcrumb"},"inLanguage":"en-GB","potentialAction":[{"@type":"ReadAction","target":["https:\/\/zlatnodoba.org\/proizvod\/rucni-radovi-magijska-sveca-lada-i-svarog\/"]}]},{"@type":"ImageObject","inLanguage":"en-GB","@id":"https:\/\/zlatnodoba.org\/proizvod\/rucni-radovi-magijska-sveca-lada-i-svarog\/#primaryimage","url":"https:\/\/zlatnodoba.org\/wp-content\/uploads\/2025\/02\/Ma\u043b\u0430-\u0441\u0432\u0435\u045b\u0430-\u0421\u0432\u0430\u0440\u043e\u0433-\u0438-\u041b\u0430\u0434\u0430-710x1024-1.jpg","contentUrl":"https:\/\/zlatnodoba.org\/wp-content\/uploads\/2025\/02\/Ma\u043b\u0430-\u0441\u0432\u0435\u045b\u0430-\u0421\u0432\u0430\u0440\u043e\u0433-\u0438-\u041b\u0430\u0434\u0430-710x1024-1.jpg","width":710,"height":1024},{"@type":"BreadcrumbList","@id":"https:\/\/zlatnodoba.org\/proizvod\/rucni-radovi-magijska-sveca-lada-i-svarog\/#breadcrumb","itemListElement":[{"@type":"ListItem","position":1,"name":"Home","item":"https:\/\/zlatnodoba.org\/"},{"@type":"ListItem","position":2,"name":"Shop","item":"https:\/\/zlatnodoba.org\/shop\/"},{"@type":"ListItem","position":3,"name":"Ru\u010dni radovi \u2013 Magijska Sve\u0107a &#8211; Lada I Svarog"}]},{"@type":"WebSite","@id":"https:\/\/zlatnodoba.org\/#website","url":"https:\/\/zlatnodoba.org\/","name":"Zlatno Doba","description":"","potentialAction":[{"@type":"SearchAction","target":{"@type":"EntryPoint","urlTemplate":"https:\/\/zlatnodoba.org\/?s={search_term_string}"},"query-input":{"@type":"PropertyValueSpecification","valueRequired":true,"valueName":"search_term_string"}}],"inLanguage":"en-GB"}]}},"_links":{"self":[{"href":"https:\/\/zlatnodoba.org\/en\/wp-json\/wp\/v2\/product\/6191","targetHints":{"allow":["GET"]}}],"collection":[{"href":"https:\/\/zlatnodoba.org\/en\/wp-json\/wp\/v2\/product"}],"about":[{"href":"https:\/\/zlatnodoba.org\/en\/wp-json\/wp\/v2\/types\/product"}],"version-history":[{"count":1,"href":"https:\/\/zlatnodoba.org\/en\/wp-json\/wp\/v2\/product\/6191\/revisions"}],"predecessor-version":[{"id":6200,"href":"https:\/\/zlatnodoba.org\/en\/wp-json\/wp\/v2\/product\/6191\/revisions\/6200"}],"wp:featuredmedia":[{"embeddable":true,"href":"https:\/\/zlatnodoba.org\/en\/wp-json\/wp\/v2\/media\/6197"}],"wp:attachment":[{"href":"https:\/\/zlatnodoba.org\/en\/wp-json\/wp\/v2\/media?parent=6191"}],"wp:term":[{"taxonomy":"product_brand","embeddable":true,"href":"https:\/\/zlatnodoba.org\/en\/wp-json\/wp\/v2\/product_brand?post=6191"},{"taxonomy":"product_cat","embeddable":true,"href":"https:\/\/zlatnodoba.org\/en\/wp-json\/wp\/v2\/product_cat?post=6191"},{"taxonomy":"product_tag","embeddable":true,"href":"https:\/\/zlatnodoba.org\/en\/wp-json\/wp\/v2\/product_tag?post=6191"}],"curies":[{"name":"wp","href":"https:\/\/api.w.org\/{rel}","templated":true}]}}