{"id":6071,"date":"2025-02-17T15:31:37","date_gmt":"2025-02-17T15:31:37","guid":{"rendered":"https:\/\/zlatnodoba.org\/?post_type=product&#038;p=6071"},"modified":"2025-02-17T15:45:50","modified_gmt":"2025-02-17T15:45:50","slug":"rucni-radovi-talismani-dararija","status":"publish","type":"product","link":"https:\/\/zlatnodoba.org\/en\/proizvod\/rucni-radovi-talismani-dararija\/","title":{"rendered":"Ru\u010dni radovi \u2013 Talismani &#8211; DarArija"},"content":{"rendered":"<p>Najlep\u0161i i najva\u017eniji znak za nas \u010duvare drevnih tradicija i zave\u0161tanja.<br \/>\nDarArija ili 4 S . Ono \u0161to ni jedan Srbin ne mo\u017ee zaboraviti , bio budan ili uspavan , koristio Azbuku ili inozemnu latinicu . Ovaj znak ocrtava na\u0161u ljubav prema precima i obrisima 4 zemlje , 4 plemena Arijevaca. Da\u2019Arija ve\u010dnoprekrasna i ve\u010dno sun\u010dana nikada ne pre\u017ealjena . Znak koji nam je Dajbog predak i spas na\u0161 ostavio kako nikada ne bi zaboravili ko smo i \u0161ta smo .<br \/>\nZablude oko na\u0161eg iskonskog znaka :<br \/>\n1. Krst i 4 ocila \u2013 Krst predstavlja 4 vodene povr\u0161ine koje dele severni kontinent, Svako pleme je imalo svoju teritoriju na 4 kopnena dela . 4 S zapravo predstavljaju obrise 4 obale .<br \/>\n2. Znak vezan sa Vizantijom \u2013 ovaj znak se nalazi na figurinama Boginja i grn\u010dariji mnogo starijoj od Vizantije . Na\u0111en je i u Vin\u010di. Naravno da su Srbski carevi Komnin i Draga\u0161 nose\u0107i u srcu ovaj znak poku\u0161ali i ubacili ga u heraldiku . Na\u0161 DarArija se nalazi na spomenicima u Nema\u010dkoj , Polablju ,\u0160leziji, Bavarskoj. Mo\u017ee se videti kod Ka\u0161uba u Poljskoj. I sve na drevnim spomenicima .<br \/>\n3. Samo Sloga Srbina Spasava, izreka novijeg datuma , naprotiv veoma drevna izreka koja ima svoju dubinu i podse\u0107a na mnoge nemile doga\u0111aje koji nam se de\u0161avaju . Tako\u0111e DAJBO\u017dE da se Srbi slo\u017ee \u2013 Tarh i Tara su nas tome u\u010dili , kako smo potomci Dajboga on je \u017eeleo da se njegova deca sla\u017eu i napreduju \u2026.<br \/>\n4. Crkveni znak- podlo podmetnuto kako bi na\u0161i preci pristali na pokorni \u017eivot i klanjanje tu\u0111em Bogu. Krst sam po sebi izvorno nije hri\u0161\u0107anski znak ( u po\u010detku su crtali ribu ) . To se mo\u017ee prosto videti na svim znakovima Bogova koji su vezani za na\u0161e predke , ponovo ovde su u pitanju grafi\u010dki predstavljene vodene povr\u0161ine i kopno nikada pre\u017ealjene Da\u2019Arije ve\u010dnosun\u010dane zemlje odakle smo na nebu posmatrali Veliki Svarogov Krug i \u0161tit \u010cisloboga nesmetano i pravilno i u harmoniji sa prirodom upravljali na\u0161im \u017eivotom .<br \/>\nPredla\u017eem svima kojima je ovaj znak u srcu da ga nose . Nadam se da \u0107emo se svi probuditi , o\u010distiti ovu na\u0161u Srbiju od raznih deponija , kako fizi\u010dkih i hemijskih ,tako i ljudskih i napraviti za svoju decu i unuke ve\u010dno prekrasnu ,plodnu i \u0161umovitu Srbiju \u010distog vazduha , dobrih i po\u0161tenih ljudi !<br \/>\nSlava Rodu !<\/p>","protected":false},"excerpt":{"rendered":"<p>Najlep\u0161i i najva\u017eniji znak za nas \u010duvare drevnih tradicija i zave\u0161tanja. DarArija ili 4 S . Ono \u0161to ni jedan Srbin ne mo\u017ee zaboraviti , bio budan ili uspavan , koristio Azbuku ili inozemnu latinicu . Ovaj znak ocrtava na\u0161u ljubav prema precima i obrisima 4 zemlje , 4 plemena Arijevaca. Da\u2019Arija ve\u010dnoprekrasna i ve\u010dno [&hellip;]<\/p>\n","protected":false},"featured_media":6083,"template":"","meta":{"_acf_changed":false,"_hpay_column_layout":"0","_hpay_name_price":"0","pmpro_default_level":""},"product_brand":[],"product_cat":[99,120,125],"product_tag":[],"class_list":{"0":"post-6071","1":"product","2":"type-product","3":"status-publish","4":"has-post-thumbnail","6":"product_cat-rucni-radovi","7":"product_cat-talismani","8":"product_cat-talismani-talismani","9":"pmpro-has-access","11":"first","12":"instock","13":"taxable","14":"shipping-taxable","15":"purchasable","16":"product-type-simple"},"acf":[],"yoast_head":"<!-- This site is optimized with the Yoast SEO plugin v27.1 - https:\/\/yoast.com\/product\/yoast-seo-wordpress\/ -->\n<title>Ru\u010dni radovi \u2013 Talismani - DarArija - Zlatno Doba<\/title>\n<meta name=\"description\" content=\"Garjajev aparat je \u010dista kvantna medicina. Rezultati su mnogobrojna isceljenja. Teslina tehnologija za savr\u0161eno zdravlje!\" \/>\n<meta name=\"robots\" content=\"index, follow, max-snippet:-1, max-image-preview:large, max-video-preview:-1\" \/>\n<link rel=\"canonical\" href=\"https:\/\/zlatnodoba.org\/en\/proizvod\/rucni-radovi-talismani-dararija\/\" \/>\n<meta property=\"og:locale\" content=\"en_GB\" \/>\n<meta property=\"og:type\" content=\"article\" \/>\n<meta property=\"og:title\" content=\"Ru\u010dni radovi \u2013 Talismani - DarArija - Zlatno Doba\" \/>\n<meta property=\"og:description\" content=\"Garjajev aparat je \u010dista kvantna medicina. Rezultati su mnogobrojna isceljenja. Teslina tehnologija za savr\u0161eno zdravlje!\" \/>\n<meta property=\"og:url\" content=\"https:\/\/zlatnodoba.org\/en\/proizvod\/rucni-radovi-talismani-dararija\/\" \/>\n<meta property=\"og:site_name\" content=\"Zlatno Doba\" \/>\n<meta property=\"article:modified_time\" content=\"2025-02-17T15:45:50+00:00\" \/>\n<meta property=\"og:image\" content=\"https:\/\/zlatnodoba.org\/wp-content\/uploads\/2025\/02\/\u0414\u0430\u0440\u0410\u0440\u0438\u0458\u0430-2-768x854-1.jpg\" \/>\n\t<meta property=\"og:image:width\" content=\"768\" \/>\n\t<meta property=\"og:image:height\" content=\"854\" \/>\n\t<meta property=\"og:image:type\" content=\"image\/jpeg\" \/>\n<meta name=\"twitter:card\" content=\"summary_large_image\" \/>\n<meta name=\"twitter:label1\" content=\"Estimated reading time\" \/>\n\t<meta name=\"twitter:data1\" content=\"11 minutes\" \/>\n<script type=\"application\/ld+json\" class=\"yoast-schema-graph\">{\"@context\":\"https:\/\/schema.org\",\"@graph\":[{\"@type\":\"WebPage\",\"@id\":\"https:\/\/zlatnodoba.org\/proizvod\/rucni-radovi-talismani-dararija\/\",\"url\":\"https:\/\/zlatnodoba.org\/proizvod\/rucni-radovi-talismani-dararija\/\",\"name\":\"Ru\u010dni radovi \u2013 Talismani - DarArija - Zlatno Doba\",\"isPartOf\":{\"@id\":\"https:\/\/zlatnodoba.org\/#website\"},\"primaryImageOfPage\":{\"@id\":\"https:\/\/zlatnodoba.org\/proizvod\/rucni-radovi-talismani-dararija\/#primaryimage\"},\"image\":{\"@id\":\"https:\/\/zlatnodoba.org\/proizvod\/rucni-radovi-talismani-dararija\/#primaryimage\"},\"thumbnailUrl\":\"https:\/\/zlatnodoba.org\/wp-content\/uploads\/2025\/02\/\u0414\u0430\u0440\u0410\u0440\u0438\u0458\u0430-2-768x854-1.jpg\",\"datePublished\":\"2025-02-17T15:31:37+00:00\",\"dateModified\":\"2025-02-17T15:45:50+00:00\",\"description\":\"Garjajev aparat je \u010dista kvantna medicina. Rezultati su mnogobrojna isceljenja. Teslina tehnologija za savr\u0161eno zdravlje!\",\"breadcrumb\":{\"@id\":\"https:\/\/zlatnodoba.org\/proizvod\/rucni-radovi-talismani-dararija\/#breadcrumb\"},\"inLanguage\":\"en-GB\",\"potentialAction\":[{\"@type\":\"ReadAction\",\"target\":[\"https:\/\/zlatnodoba.org\/proizvod\/rucni-radovi-talismani-dararija\/\"]}]},{\"@type\":\"ImageObject\",\"inLanguage\":\"en-GB\",\"@id\":\"https:\/\/zlatnodoba.org\/proizvod\/rucni-radovi-talismani-dararija\/#primaryimage\",\"url\":\"https:\/\/zlatnodoba.org\/wp-content\/uploads\/2025\/02\/\u0414\u0430\u0440\u0410\u0440\u0438\u0458\u0430-2-768x854-1.jpg\",\"contentUrl\":\"https:\/\/zlatnodoba.org\/wp-content\/uploads\/2025\/02\/\u0414\u0430\u0440\u0410\u0440\u0438\u0458\u0430-2-768x854-1.jpg\",\"width\":768,\"height\":854},{\"@type\":\"BreadcrumbList\",\"@id\":\"https:\/\/zlatnodoba.org\/proizvod\/rucni-radovi-talismani-dararija\/#breadcrumb\",\"itemListElement\":[{\"@type\":\"ListItem\",\"position\":1,\"name\":\"Home\",\"item\":\"https:\/\/zlatnodoba.org\/\"},{\"@type\":\"ListItem\",\"position\":2,\"name\":\"Shop\",\"item\":\"https:\/\/zlatnodoba.org\/shop\/\"},{\"@type\":\"ListItem\",\"position\":3,\"name\":\"Ru\u010dni radovi \u2013 Talismani &#8211; DarArija\"}]},{\"@type\":\"WebSite\",\"@id\":\"https:\/\/zlatnodoba.org\/#website\",\"url\":\"https:\/\/zlatnodoba.org\/\",\"name\":\"Zlatno Doba\",\"description\":\"\",\"potentialAction\":[{\"@type\":\"SearchAction\",\"target\":{\"@type\":\"EntryPoint\",\"urlTemplate\":\"https:\/\/zlatnodoba.org\/?s={search_term_string}\"},\"query-input\":{\"@type\":\"PropertyValueSpecification\",\"valueRequired\":true,\"valueName\":\"search_term_string\"}}],\"inLanguage\":\"en-GB\"}]}<\/script>\n<!-- \/ Yoast SEO plugin. -->","yoast_head_json":{"title":"Ru\u010dni radovi \u2013 Talismani - DarArija - Zlatno Doba","description":"Garjajev aparat je \u010dista kvantna medicina. Rezultati su mnogobrojna isceljenja. Teslina tehnologija za savr\u0161eno zdravlje!","robots":{"index":"index","follow":"follow","max-snippet":"max-snippet:-1","max-image-preview":"max-image-preview:large","max-video-preview":"max-video-preview:-1"},"canonical":"https:\/\/zlatnodoba.org\/en\/proizvod\/rucni-radovi-talismani-dararija\/","og_locale":"en_GB","og_type":"article","og_title":"Ru\u010dni radovi \u2013 Talismani - DarArija - Zlatno Doba","og_description":"Garjajev aparat je \u010dista kvantna medicina. Rezultati su mnogobrojna isceljenja. Teslina tehnologija za savr\u0161eno zdravlje!","og_url":"https:\/\/zlatnodoba.org\/en\/proizvod\/rucni-radovi-talismani-dararija\/","og_site_name":"Zlatno Doba","article_modified_time":"2025-02-17T15:45:50+00:00","og_image":[{"width":768,"height":854,"url":"https:\/\/zlatnodoba.org\/wp-content\/uploads\/2025\/02\/\u0414\u0430\u0440\u0410\u0440\u0438\u0458\u0430-2-768x854-1.jpg","type":"image\/jpeg"}],"twitter_card":"summary_large_image","twitter_misc":{"Estimated reading time":"11 minutes"},"schema":{"@context":"https:\/\/schema.org","@graph":[{"@type":"WebPage","@id":"https:\/\/zlatnodoba.org\/proizvod\/rucni-radovi-talismani-dararija\/","url":"https:\/\/zlatnodoba.org\/proizvod\/rucni-radovi-talismani-dararija\/","name":"Ru\u010dni radovi \u2013 Talismani - DarArija - Zlatno Doba","isPartOf":{"@id":"https:\/\/zlatnodoba.org\/#website"},"primaryImageOfPage":{"@id":"https:\/\/zlatnodoba.org\/proizvod\/rucni-radovi-talismani-dararija\/#primaryimage"},"image":{"@id":"https:\/\/zlatnodoba.org\/proizvod\/rucni-radovi-talismani-dararija\/#primaryimage"},"thumbnailUrl":"https:\/\/zlatnodoba.org\/wp-content\/uploads\/2025\/02\/\u0414\u0430\u0440\u0410\u0440\u0438\u0458\u0430-2-768x854-1.jpg","datePublished":"2025-02-17T15:31:37+00:00","dateModified":"2025-02-17T15:45:50+00:00","description":"Garjajev aparat je \u010dista kvantna medicina. Rezultati su mnogobrojna isceljenja. Teslina tehnologija za savr\u0161eno zdravlje!","breadcrumb":{"@id":"https:\/\/zlatnodoba.org\/proizvod\/rucni-radovi-talismani-dararija\/#breadcrumb"},"inLanguage":"en-GB","potentialAction":[{"@type":"ReadAction","target":["https:\/\/zlatnodoba.org\/proizvod\/rucni-radovi-talismani-dararija\/"]}]},{"@type":"ImageObject","inLanguage":"en-GB","@id":"https:\/\/zlatnodoba.org\/proizvod\/rucni-radovi-talismani-dararija\/#primaryimage","url":"https:\/\/zlatnodoba.org\/wp-content\/uploads\/2025\/02\/\u0414\u0430\u0440\u0410\u0440\u0438\u0458\u0430-2-768x854-1.jpg","contentUrl":"https:\/\/zlatnodoba.org\/wp-content\/uploads\/2025\/02\/\u0414\u0430\u0440\u0410\u0440\u0438\u0458\u0430-2-768x854-1.jpg","width":768,"height":854},{"@type":"BreadcrumbList","@id":"https:\/\/zlatnodoba.org\/proizvod\/rucni-radovi-talismani-dararija\/#breadcrumb","itemListElement":[{"@type":"ListItem","position":1,"name":"Home","item":"https:\/\/zlatnodoba.org\/"},{"@type":"ListItem","position":2,"name":"Shop","item":"https:\/\/zlatnodoba.org\/shop\/"},{"@type":"ListItem","position":3,"name":"Ru\u010dni radovi \u2013 Talismani &#8211; DarArija"}]},{"@type":"WebSite","@id":"https:\/\/zlatnodoba.org\/#website","url":"https:\/\/zlatnodoba.org\/","name":"Zlatno Doba","description":"","potentialAction":[{"@type":"SearchAction","target":{"@type":"EntryPoint","urlTemplate":"https:\/\/zlatnodoba.org\/?s={search_term_string}"},"query-input":{"@type":"PropertyValueSpecification","valueRequired":true,"valueName":"search_term_string"}}],"inLanguage":"en-GB"}]}},"_links":{"self":[{"href":"https:\/\/zlatnodoba.org\/en\/wp-json\/wp\/v2\/product\/6071","targetHints":{"allow":["GET"]}}],"collection":[{"href":"https:\/\/zlatnodoba.org\/en\/wp-json\/wp\/v2\/product"}],"about":[{"href":"https:\/\/zlatnodoba.org\/en\/wp-json\/wp\/v2\/types\/product"}],"version-history":[{"count":1,"href":"https:\/\/zlatnodoba.org\/en\/wp-json\/wp\/v2\/product\/6071\/revisions"}],"predecessor-version":[{"id":6084,"href":"https:\/\/zlatnodoba.org\/en\/wp-json\/wp\/v2\/product\/6071\/revisions\/6084"}],"wp:featuredmedia":[{"embeddable":true,"href":"https:\/\/zlatnodoba.org\/en\/wp-json\/wp\/v2\/media\/6083"}],"wp:attachment":[{"href":"https:\/\/zlatnodoba.org\/en\/wp-json\/wp\/v2\/media?parent=6071"}],"wp:term":[{"taxonomy":"product_brand","embeddable":true,"href":"https:\/\/zlatnodoba.org\/en\/wp-json\/wp\/v2\/product_brand?post=6071"},{"taxonomy":"product_cat","embeddable":true,"href":"https:\/\/zlatnodoba.org\/en\/wp-json\/wp\/v2\/product_cat?post=6071"},{"taxonomy":"product_tag","embeddable":true,"href":"https:\/\/zlatnodoba.org\/en\/wp-json\/wp\/v2\/product_tag?post=6071"}],"curies":[{"name":"wp","href":"https:\/\/api.w.org\/{rel}","templated":true}]}}