{"id":6066,"date":"2025-02-17T15:24:24","date_gmt":"2025-02-17T15:24:24","guid":{"rendered":"https:\/\/zlatnodoba.org\/?post_type=product&#038;p=6066"},"modified":"2025-02-17T15:28:09","modified_gmt":"2025-02-17T15:28:09","slug":"rucni-radovi-talismani-drvo-zivota-jesen","status":"publish","type":"product","link":"https:\/\/zlatnodoba.org\/en\/proizvod\/rucni-radovi-talismani-drvo-zivota-jesen\/","title":{"rendered":"Ru\u010dni radovi \u2013 Talismani &#8211; Drvo \u017divota Jesen"},"content":{"rendered":"<p>Drvo \u017eivota<br \/>\nSvetsko drvo, jasen, koje povezuje tri devet svetova- 27 Perunovih carstava; na njegovom vrhu sedi mudri orao, korenje drveta izgrizaju zmije i zmaj Skiper. Tri korena Jasena \u017eivota idu u podzemni svet; pod njima su izvori, a me\u0111u njima je i onaj NIJ s kojim \u017eive u svetu Navi. Igg-Drvo prepotopskog Jasena \u201eve\u0107i i lep\u0161i od svih stabala. Njegove grane su ra\u0161irene po celom svetu i uzdi\u017eu se iznad neba. Tri korena podr\u017eavaju drvo, a ovi koreni se \u0161ire. Jedan koren \u2013 iz zemlje Asa, drugi \u2013 iz ledenih bezdana, gde je nekada bio Svetski ponor. Tre\u0107i privla\u010di du\u0161e Navi \u2026 \u201c.<br \/>\nOpis Jasena drveta \u017eivota je vertikalna (kruna \u2013 nebo \u2013 Prav, stablo \u2013 JAV, koreni \u2013 Nav) i horizontalna (tri korena: Asgard \u2013 Midgard \u2013 Ingard) projekcije univerzuma, a u potonjem su modelirani numeri\u010dki odnosi (tri korena, \u010detiri jelena, \u0161est zmija).<br \/>\nNaravno Rode moj , \u0161ifrovana predstava , kako bi se o\u010duvalo znanje o poretku kako na na\u0161oj Zemlji tako i u Kosmosu. Mnogo parcijalnih znanja se koristi , a to onda li\u010di na neistinu . Dok god ne objedinimo znanje predaka \u0161arlatani \u0107e se koristiti na\u0161im nasle\u0111em i sramotiti nas . Elem Jasen-Ig je prepotopsko drvo , ve\u0107e od svih sekvoja , nezamislivo ogromno i posle potopa pre vi\u0161e od 13 000 godina , spaslo je svet od izumiranja. Oni koji su uspeli da se sakriju u kro\u0161njama ovog ogromnog drve\u0107a , o\u010duvali su i genetski materijal biljaka i \u017eivotinje , te je moglo da se krene od po\u010detka . Nemajte zablude, mi i ne predpostavljamo kakvih mega razmera je bilo ovo drvo. Posle promene klime i neumitnog se\u010denja naravno vi\u0161e nema takvoga drve\u0107a na svetu. Niti mi za \u017eivota , sve i da do\u017eivimo pun Krug \u017divota od 144 godine , pa \u010dak i 3 puta toliko ne mo\u017eemo do\u010dekati rast megalitskog Jasena. Ima puno dokaza , \u0161to se vidi i u prilo\u017eenim slikama da je ovo drve\u0107e postojalo . U jeziku se sa\u010duvalo znanje , ali tamni naravno uvek uspeju da izmene izreke . Si\u0161ao sa drveta ! zna\u010dilo je upravo to , novi po\u010detak izgradnje civilizacije na zemlji , a ne da smo bili primati , da ne ka\u017eem majmuni.<br \/>\nTalisman sa drvetom \u017eivota od Kedra , nosioca pribli\u017eava Preda\u010dkoj \u017ealosti za izgubljenim rajskim drvetom , ali tako\u0111e zna\u010di i jedinstvo , harmoniju , vi\u0161u pravdu \u2026 Zapravo ovaj talisman treba da nose graditelji , oni koji ho\u0107e da obnove sazidaju ili naprave ne\u0161to novo . Osim \u0161to Kedar skida negativne uticaje , Jasen koji je predstavljen kao \u0161ara rezonuje energiju ka stvaranju novog , brzinu kao u leoparda . Ina\u010de Prepotopski Jasen , kao i ovaj mali kojeg danas mo\u017eemo sresti je drvo Dajboga i neobi\u010dno odgovara ljudima ro\u0111enim u znaku Ras Tarh .<br \/>\nSlava Rodu !<\/p>","protected":false},"excerpt":{"rendered":"<p>Drvo \u017eivota Svetsko drvo, jasen, koje povezuje tri devet svetova- 27 Perunovih carstava; na njegovom vrhu sedi mudri orao, korenje drveta izgrizaju zmije i zmaj Skiper. Tri korena Jasena \u017eivota idu u podzemni svet; pod njima su izvori, a me\u0111u njima je i onaj NIJ s kojim \u017eive u svetu Navi. Igg-Drvo prepotopskog Jasena \u201eve\u0107i [&hellip;]<\/p>\n","protected":false},"featured_media":6067,"template":"","meta":{"_acf_changed":false,"_hpay_column_layout":"0","_hpay_name_price":"0","pmpro_default_level":""},"product_brand":[],"product_cat":[99,120,125],"product_tag":[],"class_list":{"0":"post-6066","1":"product","2":"type-product","3":"status-publish","4":"has-post-thumbnail","6":"product_cat-rucni-radovi","7":"product_cat-talismani","8":"product_cat-talismani-talismani","9":"pmpro-has-access","11":"first","12":"instock","13":"taxable","14":"shipping-taxable","15":"purchasable","16":"product-type-simple"},"acf":[],"yoast_head":"<!-- This site is optimized with the Yoast SEO plugin v27.1 - https:\/\/yoast.com\/product\/yoast-seo-wordpress\/ -->\n<title>Ru\u010dni radovi \u2013 Talismani - Drvo \u017divota Jesen - Zlatno Doba<\/title>\n<meta name=\"description\" content=\"Garjajev aparat je \u010dista kvantna medicina. Rezultati su mnogobrojna isceljenja. Teslina tehnologija za savr\u0161eno zdravlje!\" \/>\n<meta name=\"robots\" content=\"index, follow, max-snippet:-1, max-image-preview:large, max-video-preview:-1\" \/>\n<link rel=\"canonical\" href=\"https:\/\/zlatnodoba.org\/en\/proizvod\/rucni-radovi-talismani-drvo-zivota-jesen\/\" \/>\n<meta property=\"og:locale\" content=\"en_GB\" \/>\n<meta property=\"og:type\" content=\"article\" \/>\n<meta property=\"og:title\" content=\"Ru\u010dni radovi \u2013 Talismani - Drvo \u017divota Jesen - Zlatno Doba\" \/>\n<meta property=\"og:description\" content=\"Garjajev aparat je \u010dista kvantna medicina. Rezultati su mnogobrojna isceljenja. Teslina tehnologija za savr\u0161eno zdravlje!\" \/>\n<meta property=\"og:url\" content=\"https:\/\/zlatnodoba.org\/en\/proizvod\/rucni-radovi-talismani-drvo-zivota-jesen\/\" \/>\n<meta property=\"og:site_name\" content=\"Zlatno Doba\" \/>\n<meta property=\"article:modified_time\" content=\"2025-02-17T15:28:09+00:00\" \/>\n<meta property=\"og:image\" content=\"https:\/\/zlatnodoba.org\/wp-content\/uploads\/2025\/02\/\u0414\u0440\u0432\u043e-\u0436\u0438\u0432\u043e\u0442\u0430-768x943-1.jpg\" \/>\n\t<meta property=\"og:image:width\" content=\"768\" \/>\n\t<meta property=\"og:image:height\" content=\"943\" \/>\n\t<meta property=\"og:image:type\" content=\"image\/jpeg\" \/>\n<meta name=\"twitter:card\" content=\"summary_large_image\" \/>\n<meta name=\"twitter:label1\" content=\"Estimated reading time\" \/>\n\t<meta name=\"twitter:data1\" content=\"11 minutes\" \/>\n<script type=\"application\/ld+json\" class=\"yoast-schema-graph\">{\"@context\":\"https:\/\/schema.org\",\"@graph\":[{\"@type\":\"WebPage\",\"@id\":\"https:\/\/zlatnodoba.org\/proizvod\/rucni-radovi-talismani-drvo-zivota-jesen\/\",\"url\":\"https:\/\/zlatnodoba.org\/proizvod\/rucni-radovi-talismani-drvo-zivota-jesen\/\",\"name\":\"Ru\u010dni radovi \u2013 Talismani - Drvo \u017divota Jesen - Zlatno Doba\",\"isPartOf\":{\"@id\":\"https:\/\/zlatnodoba.org\/#website\"},\"primaryImageOfPage\":{\"@id\":\"https:\/\/zlatnodoba.org\/proizvod\/rucni-radovi-talismani-drvo-zivota-jesen\/#primaryimage\"},\"image\":{\"@id\":\"https:\/\/zlatnodoba.org\/proizvod\/rucni-radovi-talismani-drvo-zivota-jesen\/#primaryimage\"},\"thumbnailUrl\":\"https:\/\/zlatnodoba.org\/wp-content\/uploads\/2025\/02\/\u0414\u0440\u0432\u043e-\u0436\u0438\u0432\u043e\u0442\u0430-768x943-1.jpg\",\"datePublished\":\"2025-02-17T15:24:24+00:00\",\"dateModified\":\"2025-02-17T15:28:09+00:00\",\"description\":\"Garjajev aparat je \u010dista kvantna medicina. Rezultati su mnogobrojna isceljenja. Teslina tehnologija za savr\u0161eno zdravlje!\",\"breadcrumb\":{\"@id\":\"https:\/\/zlatnodoba.org\/proizvod\/rucni-radovi-talismani-drvo-zivota-jesen\/#breadcrumb\"},\"inLanguage\":\"en-GB\",\"potentialAction\":[{\"@type\":\"ReadAction\",\"target\":[\"https:\/\/zlatnodoba.org\/proizvod\/rucni-radovi-talismani-drvo-zivota-jesen\/\"]}]},{\"@type\":\"ImageObject\",\"inLanguage\":\"en-GB\",\"@id\":\"https:\/\/zlatnodoba.org\/proizvod\/rucni-radovi-talismani-drvo-zivota-jesen\/#primaryimage\",\"url\":\"https:\/\/zlatnodoba.org\/wp-content\/uploads\/2025\/02\/\u0414\u0440\u0432\u043e-\u0436\u0438\u0432\u043e\u0442\u0430-768x943-1.jpg\",\"contentUrl\":\"https:\/\/zlatnodoba.org\/wp-content\/uploads\/2025\/02\/\u0414\u0440\u0432\u043e-\u0436\u0438\u0432\u043e\u0442\u0430-768x943-1.jpg\",\"width\":768,\"height\":943},{\"@type\":\"BreadcrumbList\",\"@id\":\"https:\/\/zlatnodoba.org\/proizvod\/rucni-radovi-talismani-drvo-zivota-jesen\/#breadcrumb\",\"itemListElement\":[{\"@type\":\"ListItem\",\"position\":1,\"name\":\"Home\",\"item\":\"https:\/\/zlatnodoba.org\/\"},{\"@type\":\"ListItem\",\"position\":2,\"name\":\"Shop\",\"item\":\"https:\/\/zlatnodoba.org\/shop\/\"},{\"@type\":\"ListItem\",\"position\":3,\"name\":\"Ru\u010dni radovi \u2013 Talismani &#8211; Drvo \u017divota Jesen\"}]},{\"@type\":\"WebSite\",\"@id\":\"https:\/\/zlatnodoba.org\/#website\",\"url\":\"https:\/\/zlatnodoba.org\/\",\"name\":\"Zlatno Doba\",\"description\":\"\",\"potentialAction\":[{\"@type\":\"SearchAction\",\"target\":{\"@type\":\"EntryPoint\",\"urlTemplate\":\"https:\/\/zlatnodoba.org\/?s={search_term_string}\"},\"query-input\":{\"@type\":\"PropertyValueSpecification\",\"valueRequired\":true,\"valueName\":\"search_term_string\"}}],\"inLanguage\":\"en-GB\"}]}<\/script>\n<!-- \/ Yoast SEO plugin. -->","yoast_head_json":{"title":"Ru\u010dni radovi \u2013 Talismani - Drvo \u017divota Jesen - Zlatno Doba","description":"Garjajev aparat je \u010dista kvantna medicina. Rezultati su mnogobrojna isceljenja. Teslina tehnologija za savr\u0161eno zdravlje!","robots":{"index":"index","follow":"follow","max-snippet":"max-snippet:-1","max-image-preview":"max-image-preview:large","max-video-preview":"max-video-preview:-1"},"canonical":"https:\/\/zlatnodoba.org\/en\/proizvod\/rucni-radovi-talismani-drvo-zivota-jesen\/","og_locale":"en_GB","og_type":"article","og_title":"Ru\u010dni radovi \u2013 Talismani - Drvo \u017divota Jesen - Zlatno Doba","og_description":"Garjajev aparat je \u010dista kvantna medicina. Rezultati su mnogobrojna isceljenja. Teslina tehnologija za savr\u0161eno zdravlje!","og_url":"https:\/\/zlatnodoba.org\/en\/proizvod\/rucni-radovi-talismani-drvo-zivota-jesen\/","og_site_name":"Zlatno Doba","article_modified_time":"2025-02-17T15:28:09+00:00","og_image":[{"width":768,"height":943,"url":"https:\/\/zlatnodoba.org\/wp-content\/uploads\/2025\/02\/\u0414\u0440\u0432\u043e-\u0436\u0438\u0432\u043e\u0442\u0430-768x943-1.jpg","type":"image\/jpeg"}],"twitter_card":"summary_large_image","twitter_misc":{"Estimated reading time":"11 minutes"},"schema":{"@context":"https:\/\/schema.org","@graph":[{"@type":"WebPage","@id":"https:\/\/zlatnodoba.org\/proizvod\/rucni-radovi-talismani-drvo-zivota-jesen\/","url":"https:\/\/zlatnodoba.org\/proizvod\/rucni-radovi-talismani-drvo-zivota-jesen\/","name":"Ru\u010dni radovi \u2013 Talismani - Drvo \u017divota Jesen - Zlatno Doba","isPartOf":{"@id":"https:\/\/zlatnodoba.org\/#website"},"primaryImageOfPage":{"@id":"https:\/\/zlatnodoba.org\/proizvod\/rucni-radovi-talismani-drvo-zivota-jesen\/#primaryimage"},"image":{"@id":"https:\/\/zlatnodoba.org\/proizvod\/rucni-radovi-talismani-drvo-zivota-jesen\/#primaryimage"},"thumbnailUrl":"https:\/\/zlatnodoba.org\/wp-content\/uploads\/2025\/02\/\u0414\u0440\u0432\u043e-\u0436\u0438\u0432\u043e\u0442\u0430-768x943-1.jpg","datePublished":"2025-02-17T15:24:24+00:00","dateModified":"2025-02-17T15:28:09+00:00","description":"Garjajev aparat je \u010dista kvantna medicina. Rezultati su mnogobrojna isceljenja. Teslina tehnologija za savr\u0161eno zdravlje!","breadcrumb":{"@id":"https:\/\/zlatnodoba.org\/proizvod\/rucni-radovi-talismani-drvo-zivota-jesen\/#breadcrumb"},"inLanguage":"en-GB","potentialAction":[{"@type":"ReadAction","target":["https:\/\/zlatnodoba.org\/proizvod\/rucni-radovi-talismani-drvo-zivota-jesen\/"]}]},{"@type":"ImageObject","inLanguage":"en-GB","@id":"https:\/\/zlatnodoba.org\/proizvod\/rucni-radovi-talismani-drvo-zivota-jesen\/#primaryimage","url":"https:\/\/zlatnodoba.org\/wp-content\/uploads\/2025\/02\/\u0414\u0440\u0432\u043e-\u0436\u0438\u0432\u043e\u0442\u0430-768x943-1.jpg","contentUrl":"https:\/\/zlatnodoba.org\/wp-content\/uploads\/2025\/02\/\u0414\u0440\u0432\u043e-\u0436\u0438\u0432\u043e\u0442\u0430-768x943-1.jpg","width":768,"height":943},{"@type":"BreadcrumbList","@id":"https:\/\/zlatnodoba.org\/proizvod\/rucni-radovi-talismani-drvo-zivota-jesen\/#breadcrumb","itemListElement":[{"@type":"ListItem","position":1,"name":"Home","item":"https:\/\/zlatnodoba.org\/"},{"@type":"ListItem","position":2,"name":"Shop","item":"https:\/\/zlatnodoba.org\/shop\/"},{"@type":"ListItem","position":3,"name":"Ru\u010dni radovi \u2013 Talismani &#8211; Drvo \u017divota Jesen"}]},{"@type":"WebSite","@id":"https:\/\/zlatnodoba.org\/#website","url":"https:\/\/zlatnodoba.org\/","name":"Zlatno Doba","description":"","potentialAction":[{"@type":"SearchAction","target":{"@type":"EntryPoint","urlTemplate":"https:\/\/zlatnodoba.org\/?s={search_term_string}"},"query-input":{"@type":"PropertyValueSpecification","valueRequired":true,"valueName":"search_term_string"}}],"inLanguage":"en-GB"}]}},"_links":{"self":[{"href":"https:\/\/zlatnodoba.org\/en\/wp-json\/wp\/v2\/product\/6066","targetHints":{"allow":["GET"]}}],"collection":[{"href":"https:\/\/zlatnodoba.org\/en\/wp-json\/wp\/v2\/product"}],"about":[{"href":"https:\/\/zlatnodoba.org\/en\/wp-json\/wp\/v2\/types\/product"}],"version-history":[{"count":2,"href":"https:\/\/zlatnodoba.org\/en\/wp-json\/wp\/v2\/product\/6066\/revisions"}],"predecessor-version":[{"id":6069,"href":"https:\/\/zlatnodoba.org\/en\/wp-json\/wp\/v2\/product\/6066\/revisions\/6069"}],"wp:featuredmedia":[{"embeddable":true,"href":"https:\/\/zlatnodoba.org\/en\/wp-json\/wp\/v2\/media\/6067"}],"wp:attachment":[{"href":"https:\/\/zlatnodoba.org\/en\/wp-json\/wp\/v2\/media?parent=6066"}],"wp:term":[{"taxonomy":"product_brand","embeddable":true,"href":"https:\/\/zlatnodoba.org\/en\/wp-json\/wp\/v2\/product_brand?post=6066"},{"taxonomy":"product_cat","embeddable":true,"href":"https:\/\/zlatnodoba.org\/en\/wp-json\/wp\/v2\/product_cat?post=6066"},{"taxonomy":"product_tag","embeddable":true,"href":"https:\/\/zlatnodoba.org\/en\/wp-json\/wp\/v2\/product_tag?post=6066"}],"curies":[{"name":"wp","href":"https:\/\/api.w.org\/{rel}","templated":true}]}}