{"id":5585,"date":"2025-02-06T06:49:03","date_gmt":"2025-02-06T06:49:03","guid":{"rendered":"https:\/\/zlatnodoba.org\/?post_type=product&#038;p=5585"},"modified":"2025-02-15T19:23:11","modified_gmt":"2025-02-15T19:23:11","slug":"kozmetika-cvrsti-sampon-sikakai-25g-domaci-proizvodi","status":"publish","type":"product","link":"https:\/\/zlatnodoba.org\/en\/proizvod\/kozmetika-cvrsti-sampon-sikakai-25g-domaci-proizvodi\/","title":{"rendered":"Kozmetika &#8211; \u010cvrsti \u0161ampon \u0160ikakai 25g- Doma\u0107i proizvodi"},"content":{"rendered":"<p>Sastav: puderi biljaka shikakai, amla, marokanska glina, puter badem, mango, shea, pantenol, protein pirin\u010da, coco sulfat, hidrolat ru\u017ee, etarska ulja pa\u010duli i ylang ylang.<\/p>\n<p>Drveno ekskluzivno pakovanje.<\/p>","protected":false},"excerpt":{"rendered":"<ul>\n<li>\u0160IKAKAI \u0161ampon sa pa\u010dulijem i ylang ylangom za suvu i tretiranu kosu.<\/li>\n<li>Ajurvedska biljka od osu\u0161enog vo\u0107a samlevenog u prah tradicionalno se koristi u Indiji za \u010di\u0161\u0107enje sa namenom da kosa postane meka, svilenkasta, spre\u010di perut i pospe\u0161i rast.<\/li>\n<li>Oboga\u0107en sa marokanskom glinom koja \u0107e temeljno o\u010distiti skalp i vlasi\u0161te.<\/li>\n<li>Etarska ulja pa\u010duli i ylang ylang u\u010dini\u0107e kosu oporavljenom, mirisnom i sjajnom.<\/li>\n<\/ul>","protected":false},"featured_media":5609,"template":"","meta":{"_acf_changed":false,"_hpay_column_layout":"0","_hpay_name_price":"0","pmpro_default_level":""},"product_brand":[],"product_cat":[95,118],"product_tag":[],"class_list":{"0":"post-5585","1":"product","2":"type-product","3":"status-publish","4":"has-post-thumbnail","6":"product_cat-domaci_proizvodi","7":"product_cat-kozmetika","8":"pmpro-has-access","10":"first","11":"instock","12":"taxable","13":"shipping-taxable","14":"purchasable","15":"product-type-simple"},"acf":[],"yoast_head":"<!-- This site is optimized with the Yoast SEO plugin v27.1 - https:\/\/yoast.com\/product\/yoast-seo-wordpress\/ -->\n<title>Kozmetika - \u010cvrsti \u0161ampon \u0160ikakai 25g- Doma\u0107i proizvodi - Zlatno Doba<\/title>\n<meta name=\"description\" content=\"Garjajev aparat je \u010dista kvantna medicina. Rezultati su mnogobrojna isceljenja. Teslina tehnologija za savr\u0161eno zdravlje!\" \/>\n<meta name=\"robots\" content=\"index, follow, max-snippet:-1, max-image-preview:large, max-video-preview:-1\" \/>\n<link rel=\"canonical\" href=\"https:\/\/zlatnodoba.org\/en\/proizvod\/kozmetika-cvrsti-sampon-sikakai-25g-domaci-proizvodi\/\" \/>\n<meta property=\"og:locale\" content=\"en_GB\" \/>\n<meta property=\"og:type\" content=\"article\" \/>\n<meta property=\"og:title\" content=\"Kozmetika - \u010cvrsti \u0161ampon \u0160ikakai 25g- Doma\u0107i proizvodi - Zlatno Doba\" \/>\n<meta property=\"og:description\" content=\"Garjajev aparat je \u010dista kvantna medicina. Rezultati su mnogobrojna isceljenja. Teslina tehnologija za savr\u0161eno zdravlje!\" \/>\n<meta property=\"og:url\" content=\"https:\/\/zlatnodoba.org\/en\/proizvod\/kozmetika-cvrsti-sampon-sikakai-25g-domaci-proizvodi\/\" \/>\n<meta property=\"og:site_name\" content=\"Zlatno Doba\" \/>\n<meta property=\"article:modified_time\" content=\"2025-02-15T19:23:11+00:00\" \/>\n<meta property=\"og:image\" content=\"https:\/\/zlatnodoba.org\/wp-content\/uploads\/2025\/02\/sampon-sikakai-3.jpeg\" \/>\n\t<meta property=\"og:image:width\" content=\"1080\" \/>\n\t<meta property=\"og:image:height\" content=\"1080\" \/>\n\t<meta property=\"og:image:type\" content=\"image\/jpeg\" \/>\n<meta name=\"twitter:card\" content=\"summary_large_image\" \/>\n<meta name=\"twitter:label1\" content=\"Estimated reading time\" \/>\n\t<meta name=\"twitter:data1\" content=\"11 minutes\" \/>\n<script type=\"application\/ld+json\" class=\"yoast-schema-graph\">{\"@context\":\"https:\/\/schema.org\",\"@graph\":[{\"@type\":\"WebPage\",\"@id\":\"https:\/\/zlatnodoba.org\/proizvod\/kozmetika-cvrsti-sampon-sikakai-25g-domaci-proizvodi\/\",\"url\":\"https:\/\/zlatnodoba.org\/proizvod\/kozmetika-cvrsti-sampon-sikakai-25g-domaci-proizvodi\/\",\"name\":\"Kozmetika - \u010cvrsti \u0161ampon \u0160ikakai 25g- Doma\u0107i proizvodi - Zlatno Doba\",\"isPartOf\":{\"@id\":\"https:\/\/zlatnodoba.org\/#website\"},\"primaryImageOfPage\":{\"@id\":\"https:\/\/zlatnodoba.org\/proizvod\/kozmetika-cvrsti-sampon-sikakai-25g-domaci-proizvodi\/#primaryimage\"},\"image\":{\"@id\":\"https:\/\/zlatnodoba.org\/proizvod\/kozmetika-cvrsti-sampon-sikakai-25g-domaci-proizvodi\/#primaryimage\"},\"thumbnailUrl\":\"https:\/\/zlatnodoba.org\/wp-content\/uploads\/2025\/02\/sampon-sikakai-3.jpeg\",\"datePublished\":\"2025-02-06T06:49:03+00:00\",\"dateModified\":\"2025-02-15T19:23:11+00:00\",\"description\":\"Garjajev aparat je \u010dista kvantna medicina. Rezultati su mnogobrojna isceljenja. Teslina tehnologija za savr\u0161eno zdravlje!\",\"breadcrumb\":{\"@id\":\"https:\/\/zlatnodoba.org\/proizvod\/kozmetika-cvrsti-sampon-sikakai-25g-domaci-proizvodi\/#breadcrumb\"},\"inLanguage\":\"en-GB\",\"potentialAction\":[{\"@type\":\"ReadAction\",\"target\":[\"https:\/\/zlatnodoba.org\/proizvod\/kozmetika-cvrsti-sampon-sikakai-25g-domaci-proizvodi\/\"]}]},{\"@type\":\"ImageObject\",\"inLanguage\":\"en-GB\",\"@id\":\"https:\/\/zlatnodoba.org\/proizvod\/kozmetika-cvrsti-sampon-sikakai-25g-domaci-proizvodi\/#primaryimage\",\"url\":\"https:\/\/zlatnodoba.org\/wp-content\/uploads\/2025\/02\/sampon-sikakai-3.jpeg\",\"contentUrl\":\"https:\/\/zlatnodoba.org\/wp-content\/uploads\/2025\/02\/sampon-sikakai-3.jpeg\",\"width\":1080,\"height\":1080},{\"@type\":\"BreadcrumbList\",\"@id\":\"https:\/\/zlatnodoba.org\/proizvod\/kozmetika-cvrsti-sampon-sikakai-25g-domaci-proizvodi\/#breadcrumb\",\"itemListElement\":[{\"@type\":\"ListItem\",\"position\":1,\"name\":\"Home\",\"item\":\"https:\/\/zlatnodoba.org\/\"},{\"@type\":\"ListItem\",\"position\":2,\"name\":\"Shop\",\"item\":\"https:\/\/zlatnodoba.org\/shop\/\"},{\"@type\":\"ListItem\",\"position\":3,\"name\":\"Kozmetika &#8211; \u010cvrsti \u0161ampon \u0160ikakai 25g- Doma\u0107i proizvodi\"}]},{\"@type\":\"WebSite\",\"@id\":\"https:\/\/zlatnodoba.org\/#website\",\"url\":\"https:\/\/zlatnodoba.org\/\",\"name\":\"Zlatno Doba\",\"description\":\"\",\"potentialAction\":[{\"@type\":\"SearchAction\",\"target\":{\"@type\":\"EntryPoint\",\"urlTemplate\":\"https:\/\/zlatnodoba.org\/?s={search_term_string}\"},\"query-input\":{\"@type\":\"PropertyValueSpecification\",\"valueRequired\":true,\"valueName\":\"search_term_string\"}}],\"inLanguage\":\"en-GB\"}]}<\/script>\n<!-- \/ Yoast SEO plugin. -->","yoast_head_json":{"title":"Kozmetika - \u010cvrsti \u0161ampon \u0160ikakai 25g- Doma\u0107i proizvodi - Zlatno Doba","description":"Garjajev aparat je \u010dista kvantna medicina. Rezultati su mnogobrojna isceljenja. Teslina tehnologija za savr\u0161eno zdravlje!","robots":{"index":"index","follow":"follow","max-snippet":"max-snippet:-1","max-image-preview":"max-image-preview:large","max-video-preview":"max-video-preview:-1"},"canonical":"https:\/\/zlatnodoba.org\/en\/proizvod\/kozmetika-cvrsti-sampon-sikakai-25g-domaci-proizvodi\/","og_locale":"en_GB","og_type":"article","og_title":"Kozmetika - \u010cvrsti \u0161ampon \u0160ikakai 25g- Doma\u0107i proizvodi - Zlatno Doba","og_description":"Garjajev aparat je \u010dista kvantna medicina. Rezultati su mnogobrojna isceljenja. Teslina tehnologija za savr\u0161eno zdravlje!","og_url":"https:\/\/zlatnodoba.org\/en\/proizvod\/kozmetika-cvrsti-sampon-sikakai-25g-domaci-proizvodi\/","og_site_name":"Zlatno Doba","article_modified_time":"2025-02-15T19:23:11+00:00","og_image":[{"width":1080,"height":1080,"url":"https:\/\/zlatnodoba.org\/wp-content\/uploads\/2025\/02\/sampon-sikakai-3.jpeg","type":"image\/jpeg"}],"twitter_card":"summary_large_image","twitter_misc":{"Estimated reading time":"11 minutes"},"schema":{"@context":"https:\/\/schema.org","@graph":[{"@type":"WebPage","@id":"https:\/\/zlatnodoba.org\/proizvod\/kozmetika-cvrsti-sampon-sikakai-25g-domaci-proizvodi\/","url":"https:\/\/zlatnodoba.org\/proizvod\/kozmetika-cvrsti-sampon-sikakai-25g-domaci-proizvodi\/","name":"Kozmetika - \u010cvrsti \u0161ampon \u0160ikakai 25g- Doma\u0107i proizvodi - Zlatno Doba","isPartOf":{"@id":"https:\/\/zlatnodoba.org\/#website"},"primaryImageOfPage":{"@id":"https:\/\/zlatnodoba.org\/proizvod\/kozmetika-cvrsti-sampon-sikakai-25g-domaci-proizvodi\/#primaryimage"},"image":{"@id":"https:\/\/zlatnodoba.org\/proizvod\/kozmetika-cvrsti-sampon-sikakai-25g-domaci-proizvodi\/#primaryimage"},"thumbnailUrl":"https:\/\/zlatnodoba.org\/wp-content\/uploads\/2025\/02\/sampon-sikakai-3.jpeg","datePublished":"2025-02-06T06:49:03+00:00","dateModified":"2025-02-15T19:23:11+00:00","description":"Garjajev aparat je \u010dista kvantna medicina. Rezultati su mnogobrojna isceljenja. Teslina tehnologija za savr\u0161eno zdravlje!","breadcrumb":{"@id":"https:\/\/zlatnodoba.org\/proizvod\/kozmetika-cvrsti-sampon-sikakai-25g-domaci-proizvodi\/#breadcrumb"},"inLanguage":"en-GB","potentialAction":[{"@type":"ReadAction","target":["https:\/\/zlatnodoba.org\/proizvod\/kozmetika-cvrsti-sampon-sikakai-25g-domaci-proizvodi\/"]}]},{"@type":"ImageObject","inLanguage":"en-GB","@id":"https:\/\/zlatnodoba.org\/proizvod\/kozmetika-cvrsti-sampon-sikakai-25g-domaci-proizvodi\/#primaryimage","url":"https:\/\/zlatnodoba.org\/wp-content\/uploads\/2025\/02\/sampon-sikakai-3.jpeg","contentUrl":"https:\/\/zlatnodoba.org\/wp-content\/uploads\/2025\/02\/sampon-sikakai-3.jpeg","width":1080,"height":1080},{"@type":"BreadcrumbList","@id":"https:\/\/zlatnodoba.org\/proizvod\/kozmetika-cvrsti-sampon-sikakai-25g-domaci-proizvodi\/#breadcrumb","itemListElement":[{"@type":"ListItem","position":1,"name":"Home","item":"https:\/\/zlatnodoba.org\/"},{"@type":"ListItem","position":2,"name":"Shop","item":"https:\/\/zlatnodoba.org\/shop\/"},{"@type":"ListItem","position":3,"name":"Kozmetika &#8211; \u010cvrsti \u0161ampon \u0160ikakai 25g- Doma\u0107i proizvodi"}]},{"@type":"WebSite","@id":"https:\/\/zlatnodoba.org\/#website","url":"https:\/\/zlatnodoba.org\/","name":"Zlatno Doba","description":"","potentialAction":[{"@type":"SearchAction","target":{"@type":"EntryPoint","urlTemplate":"https:\/\/zlatnodoba.org\/?s={search_term_string}"},"query-input":{"@type":"PropertyValueSpecification","valueRequired":true,"valueName":"search_term_string"}}],"inLanguage":"en-GB"}]}},"_links":{"self":[{"href":"https:\/\/zlatnodoba.org\/en\/wp-json\/wp\/v2\/product\/5585","targetHints":{"allow":["GET"]}}],"collection":[{"href":"https:\/\/zlatnodoba.org\/en\/wp-json\/wp\/v2\/product"}],"about":[{"href":"https:\/\/zlatnodoba.org\/en\/wp-json\/wp\/v2\/types\/product"}],"version-history":[{"count":1,"href":"https:\/\/zlatnodoba.org\/en\/wp-json\/wp\/v2\/product\/5585\/revisions"}],"predecessor-version":[{"id":5612,"href":"https:\/\/zlatnodoba.org\/en\/wp-json\/wp\/v2\/product\/5585\/revisions\/5612"}],"wp:featuredmedia":[{"embeddable":true,"href":"https:\/\/zlatnodoba.org\/en\/wp-json\/wp\/v2\/media\/5609"}],"wp:attachment":[{"href":"https:\/\/zlatnodoba.org\/en\/wp-json\/wp\/v2\/media?parent=5585"}],"wp:term":[{"taxonomy":"product_brand","embeddable":true,"href":"https:\/\/zlatnodoba.org\/en\/wp-json\/wp\/v2\/product_brand?post=5585"},{"taxonomy":"product_cat","embeddable":true,"href":"https:\/\/zlatnodoba.org\/en\/wp-json\/wp\/v2\/product_cat?post=5585"},{"taxonomy":"product_tag","embeddable":true,"href":"https:\/\/zlatnodoba.org\/en\/wp-json\/wp\/v2\/product_tag?post=5585"}],"curies":[{"name":"wp","href":"https:\/\/api.w.org\/{rel}","templated":true}]}}