{"id":5484,"date":"2025-02-05T16:34:15","date_gmt":"2025-02-05T16:34:15","guid":{"rendered":"https:\/\/zlatnodoba.org\/?post_type=product&#038;p=5484"},"modified":"2025-02-15T19:23:31","modified_gmt":"2025-02-15T19:23:31","slug":"mirjana-prljevic-3x3-to-smo-mi-knjiga","status":"publish","type":"product","link":"https:\/\/zlatnodoba.org\/en\/proizvod\/mirjana-prljevic-3x3-to-smo-mi-knjiga\/","title":{"rendered":"Mirjana Prljevi\u0107 &#8211; 3&#215;3 = To smo mi &#8211; Knjiga"},"content":{"rendered":"","protected":false},"excerpt":{"rendered":"<p>\u201ePred \u010ditaocima se nalazi jedna veoma zanimljiva, neobi\u010dna i provokativna knjiga, koja obuhvata \u0161irok spektar tema iz oblasti strate\u0161kog pozicioniranja, menad\u017ementa, marketinga, ali i nekih grani\u010dnih podru\u010dja nauke poput ezoterije i duhovnosti. Centralna tema je Strate\u0161ko pozicioniranje i Globalno Strate\u0161ko Pozicioniranje Srbije \u2013 GPS. Knjiga nastoji da ova pitanja obradi i rasvetli iz razli\u010ditih uglova pozivaju\u0107i se na teorijska saznanja, prakti\u010dnu primenu menad\u017ement i marketing ve\u0161tina, brojne studije slu\u010daja, pa \u010dak i podru\u010dja duhovnosti poput kvantne fizike i kvantnog menad\u017ementa, polja aka\u0161e i moderne nauke, Teslinog algoritma nau\u010dnog saznanja. Autorka je po svojoj vokaciji ekonomista, ali se uvidom u knjigu sti\u010de utisak da je re\u010d o bezmalo renesansnoj li\u010dnosti koja je istovremeno i istra\u017eiva\u010d, pisac, poslovni \u010dovek, lobista, dru\u0161tveni delatnik, menad\u017eer, lider, novinar, organizator, svetski putnik. Mirjana Prljevi\u0107 je napisala jednu zanimljivu, inspirativnu i nadasve korisnu knjigu koju toplo preporu\u010dujemo istra\u017eiva\u010dima, ekonomistima, zastupnicima univerzalnog pogleda na nauku, prakti\u010darima, studentima, ali i \u0161iroj \u010ditala\u010dkoj publici, jer se ovde kao u nekom modernom muzeju umetnosti mo\u017ee prona\u0107i za svakog pone\u0161to.\u201c<br \/>\n\u2013 prof. dr Bojan Dimitrijevi\u0107<\/p>","protected":false},"featured_media":5485,"template":"","meta":{"_acf_changed":false,"_hpay_column_layout":"0","_hpay_name_price":"0","pmpro_default_level":""},"product_brand":[],"product_cat":[85],"product_tag":[],"class_list":{"0":"post-5484","1":"product","2":"type-product","3":"status-publish","4":"has-post-thumbnail","6":"product_cat-knjige","7":"pmpro-has-access","9":"first","10":"instock","11":"taxable","12":"shipping-taxable","13":"purchasable","14":"product-type-simple"},"acf":[],"yoast_head":"<!-- This site is optimized with the Yoast SEO plugin v27.1 - https:\/\/yoast.com\/product\/yoast-seo-wordpress\/ -->\n<title>Mirjana Prljevi\u0107 - 3x3 = To smo mi - Knjiga - Zlatno Doba<\/title>\n<meta name=\"robots\" content=\"index, follow, max-snippet:-1, max-image-preview:large, max-video-preview:-1\" \/>\n<link rel=\"canonical\" href=\"https:\/\/zlatnodoba.org\/en\/proizvod\/mirjana-prljevic-3x3-to-smo-mi-knjiga\/\" \/>\n<meta property=\"og:locale\" content=\"en_GB\" \/>\n<meta property=\"og:type\" content=\"article\" \/>\n<meta property=\"og:title\" content=\"Mirjana Prljevi\u0107 - 3x3 = To smo mi - Knjiga - Zlatno Doba\" \/>\n<meta property=\"og:description\" content=\"\u201ePred \u010ditaocima se nalazi jedna veoma zanimljiva, neobi\u010dna i provokativna knjiga, koja obuhvata \u0161irok spektar tema iz oblasti strate\u0161kog pozicioniranja, menad\u017ementa, marketinga, ali i nekih grani\u010dnih podru\u010dja nauke poput ezoterije i duhovnosti. Centralna tema je Strate\u0161ko pozicioniranje i Globalno Strate\u0161ko Pozicioniranje Srbije \u2013 GPS. Knjiga nastoji da ova pitanja obradi i rasvetli iz razli\u010ditih uglova pozivaju\u0107i se na teorijska saznanja, prakti\u010dnu primenu menad\u017ement i marketing ve\u0161tina, brojne studije slu\u010daja, pa \u010dak i podru\u010dja duhovnosti poput kvantne fizike i kvantnog menad\u017ementa, polja aka\u0161e i moderne nauke, Teslinog algoritma nau\u010dnog saznanja. Autorka je po svojoj vokaciji ekonomista, ali se uvidom u knjigu sti\u010de utisak da je re\u010d o bezmalo renesansnoj li\u010dnosti koja je istovremeno i istra\u017eiva\u010d, pisac, poslovni \u010dovek, lobista, dru\u0161tveni delatnik, menad\u017eer, lider, novinar, organizator, svetski putnik. Mirjana Prljevi\u0107 je napisala jednu zanimljivu, inspirativnu i nadasve korisnu knjigu koju toplo preporu\u010dujemo istra\u017eiva\u010dima, ekonomistima, zastupnicima univerzalnog pogleda na nauku, prakti\u010darima, studentima, ali i \u0161iroj \u010ditala\u010dkoj publici, jer se ovde kao u nekom modernom muzeju umetnosti mo\u017ee prona\u0107i za svakog pone\u0161to.\u201c \u2013 prof. dr Bojan Dimitrijevi\u0107\" \/>\n<meta property=\"og:url\" content=\"https:\/\/zlatnodoba.org\/en\/proizvod\/mirjana-prljevic-3x3-to-smo-mi-knjiga\/\" \/>\n<meta property=\"og:site_name\" content=\"Zlatno Doba\" \/>\n<meta property=\"article:modified_time\" content=\"2025-02-15T19:23:31+00:00\" \/>\n<meta property=\"og:image\" content=\"https:\/\/zlatnodoba.org\/wp-content\/uploads\/2025\/02\/1700561588-Olivera-removebg-preview.webp\" \/>\n\t<meta property=\"og:image:width\" content=\"400\" \/>\n\t<meta property=\"og:image:height\" content=\"566\" \/>\n\t<meta property=\"og:image:type\" content=\"image\/webp\" \/>\n<meta name=\"twitter:card\" content=\"summary_large_image\" \/>\n<meta name=\"twitter:label1\" content=\"Estimated reading time\" \/>\n\t<meta name=\"twitter:data1\" content=\"1 minute\" \/>\n<script type=\"application\/ld+json\" class=\"yoast-schema-graph\">{\"@context\":\"https:\/\/schema.org\",\"@graph\":[{\"@type\":\"WebPage\",\"@id\":\"https:\/\/zlatnodoba.org\/proizvod\/mirjana-prljevic-3x3-to-smo-mi-knjiga\/\",\"url\":\"https:\/\/zlatnodoba.org\/proizvod\/mirjana-prljevic-3x3-to-smo-mi-knjiga\/\",\"name\":\"Mirjana Prljevi\u0107 - 3x3 = To smo mi - Knjiga - Zlatno Doba\",\"isPartOf\":{\"@id\":\"https:\/\/zlatnodoba.org\/#website\"},\"primaryImageOfPage\":{\"@id\":\"https:\/\/zlatnodoba.org\/proizvod\/mirjana-prljevic-3x3-to-smo-mi-knjiga\/#primaryimage\"},\"image\":{\"@id\":\"https:\/\/zlatnodoba.org\/proizvod\/mirjana-prljevic-3x3-to-smo-mi-knjiga\/#primaryimage\"},\"thumbnailUrl\":\"https:\/\/zlatnodoba.org\/wp-content\/uploads\/2025\/02\/1700561588-Olivera-removebg-preview.webp\",\"datePublished\":\"2025-02-05T16:34:15+00:00\",\"dateModified\":\"2025-02-15T19:23:31+00:00\",\"breadcrumb\":{\"@id\":\"https:\/\/zlatnodoba.org\/proizvod\/mirjana-prljevic-3x3-to-smo-mi-knjiga\/#breadcrumb\"},\"inLanguage\":\"en-GB\",\"potentialAction\":[{\"@type\":\"ReadAction\",\"target\":[\"https:\/\/zlatnodoba.org\/proizvod\/mirjana-prljevic-3x3-to-smo-mi-knjiga\/\"]}]},{\"@type\":\"ImageObject\",\"inLanguage\":\"en-GB\",\"@id\":\"https:\/\/zlatnodoba.org\/proizvod\/mirjana-prljevic-3x3-to-smo-mi-knjiga\/#primaryimage\",\"url\":\"https:\/\/zlatnodoba.org\/wp-content\/uploads\/2025\/02\/1700561588-Olivera-removebg-preview.webp\",\"contentUrl\":\"https:\/\/zlatnodoba.org\/wp-content\/uploads\/2025\/02\/1700561588-Olivera-removebg-preview.webp\",\"width\":400,\"height\":566},{\"@type\":\"BreadcrumbList\",\"@id\":\"https:\/\/zlatnodoba.org\/proizvod\/mirjana-prljevic-3x3-to-smo-mi-knjiga\/#breadcrumb\",\"itemListElement\":[{\"@type\":\"ListItem\",\"position\":1,\"name\":\"Home\",\"item\":\"https:\/\/zlatnodoba.org\/\"},{\"@type\":\"ListItem\",\"position\":2,\"name\":\"Shop\",\"item\":\"https:\/\/zlatnodoba.org\/shop\/\"},{\"@type\":\"ListItem\",\"position\":3,\"name\":\"Mirjana Prljevi\u0107 &#8211; 3&#215;3 = To smo mi &#8211; Knjiga\"}]},{\"@type\":\"WebSite\",\"@id\":\"https:\/\/zlatnodoba.org\/#website\",\"url\":\"https:\/\/zlatnodoba.org\/\",\"name\":\"Zlatno Doba\",\"description\":\"\",\"potentialAction\":[{\"@type\":\"SearchAction\",\"target\":{\"@type\":\"EntryPoint\",\"urlTemplate\":\"https:\/\/zlatnodoba.org\/?s={search_term_string}\"},\"query-input\":{\"@type\":\"PropertyValueSpecification\",\"valueRequired\":true,\"valueName\":\"search_term_string\"}}],\"inLanguage\":\"en-GB\"}]}<\/script>\n<!-- \/ Yoast SEO plugin. -->","yoast_head_json":{"title":"Mirjana Prljevi\u0107 - 3x3 = To smo mi - Knjiga - Zlatno Doba","robots":{"index":"index","follow":"follow","max-snippet":"max-snippet:-1","max-image-preview":"max-image-preview:large","max-video-preview":"max-video-preview:-1"},"canonical":"https:\/\/zlatnodoba.org\/en\/proizvod\/mirjana-prljevic-3x3-to-smo-mi-knjiga\/","og_locale":"en_GB","og_type":"article","og_title":"Mirjana Prljevi\u0107 - 3x3 = To smo mi - Knjiga - Zlatno Doba","og_description":"\u201ePred \u010ditaocima se nalazi jedna veoma zanimljiva, neobi\u010dna i provokativna knjiga, koja obuhvata \u0161irok spektar tema iz oblasti strate\u0161kog pozicioniranja, menad\u017ementa, marketinga, ali i nekih grani\u010dnih podru\u010dja nauke poput ezoterije i duhovnosti. Centralna tema je Strate\u0161ko pozicioniranje i Globalno Strate\u0161ko Pozicioniranje Srbije \u2013 GPS. Knjiga nastoji da ova pitanja obradi i rasvetli iz razli\u010ditih uglova pozivaju\u0107i se na teorijska saznanja, prakti\u010dnu primenu menad\u017ement i marketing ve\u0161tina, brojne studije slu\u010daja, pa \u010dak i podru\u010dja duhovnosti poput kvantne fizike i kvantnog menad\u017ementa, polja aka\u0161e i moderne nauke, Teslinog algoritma nau\u010dnog saznanja. Autorka je po svojoj vokaciji ekonomista, ali se uvidom u knjigu sti\u010de utisak da je re\u010d o bezmalo renesansnoj li\u010dnosti koja je istovremeno i istra\u017eiva\u010d, pisac, poslovni \u010dovek, lobista, dru\u0161tveni delatnik, menad\u017eer, lider, novinar, organizator, svetski putnik. Mirjana Prljevi\u0107 je napisala jednu zanimljivu, inspirativnu i nadasve korisnu knjigu koju toplo preporu\u010dujemo istra\u017eiva\u010dima, ekonomistima, zastupnicima univerzalnog pogleda na nauku, prakti\u010darima, studentima, ali i \u0161iroj \u010ditala\u010dkoj publici, jer se ovde kao u nekom modernom muzeju umetnosti mo\u017ee prona\u0107i za svakog pone\u0161to.\u201c \u2013 prof. dr Bojan Dimitrijevi\u0107","og_url":"https:\/\/zlatnodoba.org\/en\/proizvod\/mirjana-prljevic-3x3-to-smo-mi-knjiga\/","og_site_name":"Zlatno Doba","article_modified_time":"2025-02-15T19:23:31+00:00","og_image":[{"width":400,"height":566,"url":"https:\/\/zlatnodoba.org\/wp-content\/uploads\/2025\/02\/1700561588-Olivera-removebg-preview.webp","type":"image\/webp"}],"twitter_card":"summary_large_image","twitter_misc":{"Estimated reading time":"1 minute"},"schema":{"@context":"https:\/\/schema.org","@graph":[{"@type":"WebPage","@id":"https:\/\/zlatnodoba.org\/proizvod\/mirjana-prljevic-3x3-to-smo-mi-knjiga\/","url":"https:\/\/zlatnodoba.org\/proizvod\/mirjana-prljevic-3x3-to-smo-mi-knjiga\/","name":"Mirjana Prljevi\u0107 - 3x3 = To smo mi - Knjiga - Zlatno Doba","isPartOf":{"@id":"https:\/\/zlatnodoba.org\/#website"},"primaryImageOfPage":{"@id":"https:\/\/zlatnodoba.org\/proizvod\/mirjana-prljevic-3x3-to-smo-mi-knjiga\/#primaryimage"},"image":{"@id":"https:\/\/zlatnodoba.org\/proizvod\/mirjana-prljevic-3x3-to-smo-mi-knjiga\/#primaryimage"},"thumbnailUrl":"https:\/\/zlatnodoba.org\/wp-content\/uploads\/2025\/02\/1700561588-Olivera-removebg-preview.webp","datePublished":"2025-02-05T16:34:15+00:00","dateModified":"2025-02-15T19:23:31+00:00","breadcrumb":{"@id":"https:\/\/zlatnodoba.org\/proizvod\/mirjana-prljevic-3x3-to-smo-mi-knjiga\/#breadcrumb"},"inLanguage":"en-GB","potentialAction":[{"@type":"ReadAction","target":["https:\/\/zlatnodoba.org\/proizvod\/mirjana-prljevic-3x3-to-smo-mi-knjiga\/"]}]},{"@type":"ImageObject","inLanguage":"en-GB","@id":"https:\/\/zlatnodoba.org\/proizvod\/mirjana-prljevic-3x3-to-smo-mi-knjiga\/#primaryimage","url":"https:\/\/zlatnodoba.org\/wp-content\/uploads\/2025\/02\/1700561588-Olivera-removebg-preview.webp","contentUrl":"https:\/\/zlatnodoba.org\/wp-content\/uploads\/2025\/02\/1700561588-Olivera-removebg-preview.webp","width":400,"height":566},{"@type":"BreadcrumbList","@id":"https:\/\/zlatnodoba.org\/proizvod\/mirjana-prljevic-3x3-to-smo-mi-knjiga\/#breadcrumb","itemListElement":[{"@type":"ListItem","position":1,"name":"Home","item":"https:\/\/zlatnodoba.org\/"},{"@type":"ListItem","position":2,"name":"Shop","item":"https:\/\/zlatnodoba.org\/shop\/"},{"@type":"ListItem","position":3,"name":"Mirjana Prljevi\u0107 &#8211; 3&#215;3 = To smo mi &#8211; Knjiga"}]},{"@type":"WebSite","@id":"https:\/\/zlatnodoba.org\/#website","url":"https:\/\/zlatnodoba.org\/","name":"Zlatno Doba","description":"","potentialAction":[{"@type":"SearchAction","target":{"@type":"EntryPoint","urlTemplate":"https:\/\/zlatnodoba.org\/?s={search_term_string}"},"query-input":{"@type":"PropertyValueSpecification","valueRequired":true,"valueName":"search_term_string"}}],"inLanguage":"en-GB"}]}},"_links":{"self":[{"href":"https:\/\/zlatnodoba.org\/en\/wp-json\/wp\/v2\/product\/5484","targetHints":{"allow":["GET"]}}],"collection":[{"href":"https:\/\/zlatnodoba.org\/en\/wp-json\/wp\/v2\/product"}],"about":[{"href":"https:\/\/zlatnodoba.org\/en\/wp-json\/wp\/v2\/types\/product"}],"version-history":[{"count":1,"href":"https:\/\/zlatnodoba.org\/en\/wp-json\/wp\/v2\/product\/5484\/revisions"}],"predecessor-version":[{"id":5486,"href":"https:\/\/zlatnodoba.org\/en\/wp-json\/wp\/v2\/product\/5484\/revisions\/5486"}],"wp:featuredmedia":[{"embeddable":true,"href":"https:\/\/zlatnodoba.org\/en\/wp-json\/wp\/v2\/media\/5485"}],"wp:attachment":[{"href":"https:\/\/zlatnodoba.org\/en\/wp-json\/wp\/v2\/media?parent=5484"}],"wp:term":[{"taxonomy":"product_brand","embeddable":true,"href":"https:\/\/zlatnodoba.org\/en\/wp-json\/wp\/v2\/product_brand?post=5484"},{"taxonomy":"product_cat","embeddable":true,"href":"https:\/\/zlatnodoba.org\/en\/wp-json\/wp\/v2\/product_cat?post=5484"},{"taxonomy":"product_tag","embeddable":true,"href":"https:\/\/zlatnodoba.org\/en\/wp-json\/wp\/v2\/product_tag?post=5484"}],"curies":[{"name":"wp","href":"https:\/\/api.w.org\/{rel}","templated":true}]}}