{"id":5461,"date":"2025-02-05T16:20:34","date_gmt":"2025-02-05T16:20:34","guid":{"rendered":"https:\/\/zlatnodoba.org\/?post_type=product&#038;p=5461"},"modified":"2025-02-15T19:23:36","modified_gmt":"2025-02-15T19:23:36","slug":"kozmetika-smilje-karite-krema-domaci-proizvodi","status":"publish","type":"product","link":"https:\/\/zlatnodoba.org\/en\/proizvod\/kozmetika-smilje-karite-krema-domaci-proizvodi\/","title":{"rendered":"Kozmetika &#8211; Smilje Karite krema &#8211; Doma\u0107i proizvodi"},"content":{"rendered":"","protected":false},"excerpt":{"rendered":"<p>Krema za lice na bazi shea putera odgovara suvoj i osetljivoj ko\u017ei lica.<\/p>\n<p>Bogata puterasta formula koju dobro upija ko\u017ea kada se nanosi u tankom sloju.<\/p>\n<p>Krema je poput univerzalnog lekovitog melema koji \u0107e oporaviti sve delove suve ko\u017ee i pru\u017eiti posebnu za\u0161titu tokom hladnih i vetrovitih dana.<br \/>\nPoma\u017ee kod razli\u010ditih stanja i problema ko\u017ee poput ekcema, psorijaze, dermatitisa, rozacea, rane, modrice, pro\u0161irene vene\u2026<\/p>\n<p>Dana\u0161nja kozmeti\u010dka industrija prepoznala je sposobnost Tamanu ulja da podsti\u010de\u00a0regeneraciju ko\u017ee i proizvodnju kolagena, pa je sve \u010de\u0161\u0107e deo preparata i formula, od onih za za\u0161titu od sunca, ubla\u017eavanje iritacija, do krema i losiona protiv bora i strija ali i za svakodnevnu negu ko\u017ee. Iskustva s tamanu uljem u Francuskoj su pokazala da je idealno za tretiranje o\u017eiljaka. Tamanu ulje je podesno za sve tipove ko\u017ee, a naro\u010dito za osetljivu, zrelu i suvu. Poma\u017ee kod iritacija nakon brijanja, depilacije ili sun\u010danja. Na Fid\u017eiju se tradicionalno koristi za bebe kod ojeda, kao i za suve i ispucale usne. Ono se lako upija, lagano je i ne ostavlja mastan trag.<\/p>\n<p>Oleinska i linoleinska kiselina daje ovom ulju sna\u017ena hidriraju\u0107a svojstva, dok je antibakterijsko i protivupalno dejstvo od velike koristi u le\u010denju\u00a0akni. Kako tamanu ulje stimuli\u0161e proizvodnju kolagena, idealno je za preparate protiv bora za zrelu ko\u017eu. Antioksidantna svojstva ovog ulja \u0161tite ko\u017eu od \u0161tetnih slobodnih radikala prilikom izlaganja suncu ili zaga\u0111enju. Protivupalno dejstvo ulja kalofila ne samo da le\u010di ko\u017ene poreme\u0107aje poput psorijaze, ekcema ili rozacee, ve\u0107 i sanira posledice koje naru\u0161avaju izgled.<\/p>\n<p>Tamanu ulje vekovima Tahi\u0107ankama daje besprekoran ten, a danas je dostupno i nama. Iako poti\u010de iz Polinezije, tamanu se danas gaji \u0161irom tropskog pojasa.<\/p>\n<p>Savremena upotreba uklju\u010duje le\u010denje ispucale ko\u017ee, promrzlina, ekcema, psorijaze, dermatitisa, upalnih stanja ko\u017ee, akni, o\u017eiljaka, facijalnih neuralgija, hemeroida, analnih fisura, upaljenih i pro\u0161irenih vena, popucalih kapilara, svih vrsta vaginalnih infekcija.<\/p>\n<p>Sastav: shea puter, macerat smilja, tamanu ulje, vitamin E i etarsko ulje smilja.<\/p>\n<p>Pakovanje: 70g<\/p>","protected":false},"featured_media":5474,"template":"","meta":{"_acf_changed":false,"_hpay_column_layout":"0","_hpay_name_price":"0","pmpro_default_level":""},"product_brand":[],"product_cat":[95,118],"product_tag":[],"class_list":{"0":"post-5461","1":"product","2":"type-product","3":"status-publish","4":"has-post-thumbnail","6":"product_cat-domaci_proizvodi","7":"product_cat-kozmetika","8":"pmpro-has-access","10":"first","11":"instock","12":"taxable","13":"shipping-taxable","14":"purchasable","15":"product-type-simple"},"acf":[],"yoast_head":"<!-- This site is optimized with the Yoast SEO plugin v27.1 - https:\/\/yoast.com\/product\/yoast-seo-wordpress\/ -->\n<title>Kozmetika - Smilje Karite krema - Doma\u0107i proizvodi - Zlatno Doba<\/title>\n<meta name=\"description\" content=\"Garjajev aparat je \u010dista kvantna medicina. Rezultati su mnogobrojna isceljenja. Teslina tehnologija za savr\u0161eno zdravlje!\" \/>\n<meta name=\"robots\" content=\"index, follow, max-snippet:-1, max-image-preview:large, max-video-preview:-1\" \/>\n<link rel=\"canonical\" href=\"https:\/\/zlatnodoba.org\/en\/proizvod\/kozmetika-smilje-karite-krema-domaci-proizvodi\/\" \/>\n<meta property=\"og:locale\" content=\"en_GB\" \/>\n<meta property=\"og:type\" content=\"article\" \/>\n<meta property=\"og:title\" content=\"Kozmetika - Smilje Karite krema - Doma\u0107i proizvodi - Zlatno Doba\" \/>\n<meta property=\"og:description\" content=\"Garjajev aparat je \u010dista kvantna medicina. Rezultati su mnogobrojna isceljenja. Teslina tehnologija za savr\u0161eno zdravlje!\" \/>\n<meta property=\"og:url\" content=\"https:\/\/zlatnodoba.org\/en\/proizvod\/kozmetika-smilje-karite-krema-domaci-proizvodi\/\" \/>\n<meta property=\"og:site_name\" content=\"Zlatno Doba\" \/>\n<meta property=\"article:modified_time\" content=\"2025-02-15T19:23:36+00:00\" \/>\n<meta property=\"og:image\" content=\"https:\/\/zlatnodoba.org\/wp-content\/uploads\/2025\/02\/smilje-karite-1.jpg\" \/>\n\t<meta property=\"og:image:width\" content=\"1280\" \/>\n\t<meta property=\"og:image:height\" content=\"1920\" \/>\n\t<meta property=\"og:image:type\" content=\"image\/jpeg\" \/>\n<meta name=\"twitter:card\" content=\"summary_large_image\" \/>\n<meta name=\"twitter:label1\" content=\"Estimated reading time\" \/>\n\t<meta name=\"twitter:data1\" content=\"11 minutes\" \/>\n<script type=\"application\/ld+json\" class=\"yoast-schema-graph\">{\"@context\":\"https:\/\/schema.org\",\"@graph\":[{\"@type\":\"WebPage\",\"@id\":\"https:\/\/zlatnodoba.org\/proizvod\/kozmetika-smilje-karite-krema-domaci-proizvodi\/\",\"url\":\"https:\/\/zlatnodoba.org\/proizvod\/kozmetika-smilje-karite-krema-domaci-proizvodi\/\",\"name\":\"Kozmetika - Smilje Karite krema - Doma\u0107i proizvodi - Zlatno Doba\",\"isPartOf\":{\"@id\":\"https:\/\/zlatnodoba.org\/#website\"},\"primaryImageOfPage\":{\"@id\":\"https:\/\/zlatnodoba.org\/proizvod\/kozmetika-smilje-karite-krema-domaci-proizvodi\/#primaryimage\"},\"image\":{\"@id\":\"https:\/\/zlatnodoba.org\/proizvod\/kozmetika-smilje-karite-krema-domaci-proizvodi\/#primaryimage\"},\"thumbnailUrl\":\"https:\/\/zlatnodoba.org\/wp-content\/uploads\/2025\/02\/smilje-karite-1.jpg\",\"datePublished\":\"2025-02-05T16:20:34+00:00\",\"dateModified\":\"2025-02-15T19:23:36+00:00\",\"description\":\"Garjajev aparat je \u010dista kvantna medicina. Rezultati su mnogobrojna isceljenja. Teslina tehnologija za savr\u0161eno zdravlje!\",\"breadcrumb\":{\"@id\":\"https:\/\/zlatnodoba.org\/proizvod\/kozmetika-smilje-karite-krema-domaci-proizvodi\/#breadcrumb\"},\"inLanguage\":\"en-GB\",\"potentialAction\":[{\"@type\":\"ReadAction\",\"target\":[\"https:\/\/zlatnodoba.org\/proizvod\/kozmetika-smilje-karite-krema-domaci-proizvodi\/\"]}]},{\"@type\":\"ImageObject\",\"inLanguage\":\"en-GB\",\"@id\":\"https:\/\/zlatnodoba.org\/proizvod\/kozmetika-smilje-karite-krema-domaci-proizvodi\/#primaryimage\",\"url\":\"https:\/\/zlatnodoba.org\/wp-content\/uploads\/2025\/02\/smilje-karite-1.jpg\",\"contentUrl\":\"https:\/\/zlatnodoba.org\/wp-content\/uploads\/2025\/02\/smilje-karite-1.jpg\",\"width\":1280,\"height\":1920},{\"@type\":\"BreadcrumbList\",\"@id\":\"https:\/\/zlatnodoba.org\/proizvod\/kozmetika-smilje-karite-krema-domaci-proizvodi\/#breadcrumb\",\"itemListElement\":[{\"@type\":\"ListItem\",\"position\":1,\"name\":\"Home\",\"item\":\"https:\/\/zlatnodoba.org\/\"},{\"@type\":\"ListItem\",\"position\":2,\"name\":\"Shop\",\"item\":\"https:\/\/zlatnodoba.org\/shop\/\"},{\"@type\":\"ListItem\",\"position\":3,\"name\":\"Kozmetika &#8211; Smilje Karite krema &#8211; Doma\u0107i proizvodi\"}]},{\"@type\":\"WebSite\",\"@id\":\"https:\/\/zlatnodoba.org\/#website\",\"url\":\"https:\/\/zlatnodoba.org\/\",\"name\":\"Zlatno Doba\",\"description\":\"\",\"potentialAction\":[{\"@type\":\"SearchAction\",\"target\":{\"@type\":\"EntryPoint\",\"urlTemplate\":\"https:\/\/zlatnodoba.org\/?s={search_term_string}\"},\"query-input\":{\"@type\":\"PropertyValueSpecification\",\"valueRequired\":true,\"valueName\":\"search_term_string\"}}],\"inLanguage\":\"en-GB\"}]}<\/script>\n<!-- \/ Yoast SEO plugin. -->","yoast_head_json":{"title":"Kozmetika - Smilje Karite krema - Doma\u0107i proizvodi - Zlatno Doba","description":"Garjajev aparat je \u010dista kvantna medicina. Rezultati su mnogobrojna isceljenja. Teslina tehnologija za savr\u0161eno zdravlje!","robots":{"index":"index","follow":"follow","max-snippet":"max-snippet:-1","max-image-preview":"max-image-preview:large","max-video-preview":"max-video-preview:-1"},"canonical":"https:\/\/zlatnodoba.org\/en\/proizvod\/kozmetika-smilje-karite-krema-domaci-proizvodi\/","og_locale":"en_GB","og_type":"article","og_title":"Kozmetika - Smilje Karite krema - Doma\u0107i proizvodi - Zlatno Doba","og_description":"Garjajev aparat je \u010dista kvantna medicina. Rezultati su mnogobrojna isceljenja. Teslina tehnologija za savr\u0161eno zdravlje!","og_url":"https:\/\/zlatnodoba.org\/en\/proizvod\/kozmetika-smilje-karite-krema-domaci-proizvodi\/","og_site_name":"Zlatno Doba","article_modified_time":"2025-02-15T19:23:36+00:00","og_image":[{"width":1280,"height":1920,"url":"https:\/\/zlatnodoba.org\/wp-content\/uploads\/2025\/02\/smilje-karite-1.jpg","type":"image\/jpeg"}],"twitter_card":"summary_large_image","twitter_misc":{"Estimated reading time":"11 minutes"},"schema":{"@context":"https:\/\/schema.org","@graph":[{"@type":"WebPage","@id":"https:\/\/zlatnodoba.org\/proizvod\/kozmetika-smilje-karite-krema-domaci-proizvodi\/","url":"https:\/\/zlatnodoba.org\/proizvod\/kozmetika-smilje-karite-krema-domaci-proizvodi\/","name":"Kozmetika - Smilje Karite krema - Doma\u0107i proizvodi - Zlatno Doba","isPartOf":{"@id":"https:\/\/zlatnodoba.org\/#website"},"primaryImageOfPage":{"@id":"https:\/\/zlatnodoba.org\/proizvod\/kozmetika-smilje-karite-krema-domaci-proizvodi\/#primaryimage"},"image":{"@id":"https:\/\/zlatnodoba.org\/proizvod\/kozmetika-smilje-karite-krema-domaci-proizvodi\/#primaryimage"},"thumbnailUrl":"https:\/\/zlatnodoba.org\/wp-content\/uploads\/2025\/02\/smilje-karite-1.jpg","datePublished":"2025-02-05T16:20:34+00:00","dateModified":"2025-02-15T19:23:36+00:00","description":"Garjajev aparat je \u010dista kvantna medicina. Rezultati su mnogobrojna isceljenja. Teslina tehnologija za savr\u0161eno zdravlje!","breadcrumb":{"@id":"https:\/\/zlatnodoba.org\/proizvod\/kozmetika-smilje-karite-krema-domaci-proizvodi\/#breadcrumb"},"inLanguage":"en-GB","potentialAction":[{"@type":"ReadAction","target":["https:\/\/zlatnodoba.org\/proizvod\/kozmetika-smilje-karite-krema-domaci-proizvodi\/"]}]},{"@type":"ImageObject","inLanguage":"en-GB","@id":"https:\/\/zlatnodoba.org\/proizvod\/kozmetika-smilje-karite-krema-domaci-proizvodi\/#primaryimage","url":"https:\/\/zlatnodoba.org\/wp-content\/uploads\/2025\/02\/smilje-karite-1.jpg","contentUrl":"https:\/\/zlatnodoba.org\/wp-content\/uploads\/2025\/02\/smilje-karite-1.jpg","width":1280,"height":1920},{"@type":"BreadcrumbList","@id":"https:\/\/zlatnodoba.org\/proizvod\/kozmetika-smilje-karite-krema-domaci-proizvodi\/#breadcrumb","itemListElement":[{"@type":"ListItem","position":1,"name":"Home","item":"https:\/\/zlatnodoba.org\/"},{"@type":"ListItem","position":2,"name":"Shop","item":"https:\/\/zlatnodoba.org\/shop\/"},{"@type":"ListItem","position":3,"name":"Kozmetika &#8211; Smilje Karite krema &#8211; Doma\u0107i proizvodi"}]},{"@type":"WebSite","@id":"https:\/\/zlatnodoba.org\/#website","url":"https:\/\/zlatnodoba.org\/","name":"Zlatno Doba","description":"","potentialAction":[{"@type":"SearchAction","target":{"@type":"EntryPoint","urlTemplate":"https:\/\/zlatnodoba.org\/?s={search_term_string}"},"query-input":{"@type":"PropertyValueSpecification","valueRequired":true,"valueName":"search_term_string"}}],"inLanguage":"en-GB"}]}},"_links":{"self":[{"href":"https:\/\/zlatnodoba.org\/en\/wp-json\/wp\/v2\/product\/5461","targetHints":{"allow":["GET"]}}],"collection":[{"href":"https:\/\/zlatnodoba.org\/en\/wp-json\/wp\/v2\/product"}],"about":[{"href":"https:\/\/zlatnodoba.org\/en\/wp-json\/wp\/v2\/types\/product"}],"version-history":[{"count":2,"href":"https:\/\/zlatnodoba.org\/en\/wp-json\/wp\/v2\/product\/5461\/revisions"}],"predecessor-version":[{"id":5476,"href":"https:\/\/zlatnodoba.org\/en\/wp-json\/wp\/v2\/product\/5461\/revisions\/5476"}],"wp:featuredmedia":[{"embeddable":true,"href":"https:\/\/zlatnodoba.org\/en\/wp-json\/wp\/v2\/media\/5474"}],"wp:attachment":[{"href":"https:\/\/zlatnodoba.org\/en\/wp-json\/wp\/v2\/media?parent=5461"}],"wp:term":[{"taxonomy":"product_brand","embeddable":true,"href":"https:\/\/zlatnodoba.org\/en\/wp-json\/wp\/v2\/product_brand?post=5461"},{"taxonomy":"product_cat","embeddable":true,"href":"https:\/\/zlatnodoba.org\/en\/wp-json\/wp\/v2\/product_cat?post=5461"},{"taxonomy":"product_tag","embeddable":true,"href":"https:\/\/zlatnodoba.org\/en\/wp-json\/wp\/v2\/product_tag?post=5461"}],"curies":[{"name":"wp","href":"https:\/\/api.w.org\/{rel}","templated":true}]}}