{"id":5460,"date":"2025-02-05T16:20:32","date_gmt":"2025-02-05T16:20:32","guid":{"rendered":"https:\/\/zlatnodoba.org\/?post_type=product&#038;p=5460"},"modified":"2025-02-15T19:23:46","modified_gmt":"2025-02-15T19:23:46","slug":"kozmetika-paculi-cvetna-vodica-domaci-proizvodi","status":"publish","type":"product","link":"https:\/\/zlatnodoba.org\/en\/proizvod\/kozmetika-paculi-cvetna-vodica-domaci-proizvodi\/","title":{"rendered":"Kozmetika &#8211; Pa\u010duli cvetna vodica &#8211; Doma\u0107i proizvodi"},"content":{"rendered":"<p>Prosto je neverovatno kakva sve blagotvorna dejstva ima pa\u010duli ulje i \u0161ta je sve mogu\u0107e posti\u0107i sa samo nekoliko kapi a u smislu pobolj\u0161anja zdravlja i unapre\u0111enja lepote. Navodimo listu nekih od dobro poznatih blagotvornih svojstava pa\u010duli eteri\u010dnog ulja:<\/p>\n<ul>\n<li>Kao sredstvo za ubla\u017eavanje depresije<\/li>\n<li>Pospe\u0161uje imunitet<\/li>\n<li>Mo\u017ee da poslu\u017ei kao prirodni dezodorans<\/li>\n<li>Spre\u010dava razvoj gljivica<\/li>\n<li>Neguje ko\u017eu<\/li>\n<li>Smanjuje upale i infekcije<\/li>\n<li>Ubla\u017eava groznicu<\/li>\n<li>Uklanja perut<\/li>\n<li>Pobolj\u0161ava kvalitet kose<\/li>\n<li>Pobolj\u0161ava raspolo\u017eenje<\/li>\n<li>\u00a0Stimuli\u0161e hormone<\/li>\n<li>Odbija insekte<\/li>\n<li>Pa\u010duli ulje se standardno koristi u aromaterapiji zbog svojih antidepresivnih svojstava. Prilikom udisanja pa\u010duli ulje podsti\u010de lu\u010denje seratonina i dopamina, ina\u010de hormona koji bitno ubla\u017eavaju a \u010desto i totalno anuliraju negativna ose\u0107anja kao \u0161to su nezadovoljstvo, ljutnja i nervoza. Zato se ovo ulje u azijskim zemljama redovno koristi prilikom molitvi i drugih religioznih obreda zato \u0161to inspiri\u0161e unutra\u0111nji ose\u0107aj mira i ravnote\u017ee.<\/li>\n<li>Pa\u010duli ulje je postalo jedno od mirisnih simbola \u201edece cve\u0107a\u201c i hipi pokreta, zajedno sa sandalovinom i jasminom.<\/li>\n<li>Pa\u010duli je lekovita biljka koja se mo\u017ee na\u0107i u Indiji, Kini, Indoneziji i Japanu, intenzivno se koristi u kozmeti\u0107koj industriji.<\/li>\n<li>Reputacija afrodizijaka, podjednako mo\u0107nog u savladavanju \u017eenskih i mu\u0161kih srca, uvrstila je pa\u010duli na listu redovno kori\u0161\u0107enih sastojaka u svim dobrim, senzualnim parfemima. Za ovu osobinu pa\u010dulija znala je \u017eena Napoleona Bonaparte, \u010duvena \u017dozefina, koja je sve do poznih godina uspevala da zadr\u017ei pa\u017enju svog supruga, najmo\u0107nijeg \u010doveka na planeti u tom trenutku.<\/li>\n<li>Pa\u010duli se u tradicionalnoj medicini naroda Dalekog Istoka i danas koristi za otklanjanje teskobe i depresije. Regeneri\u0161e tkiva i ja\u010da odbrambene sposobnosti organizma. Kineska, malajska i japanska medicina ga koriste protiv ujeda zmija. U lekovite svrhe eteri\u010dno ulje pa\u010dulija koristi se kod akni, upalnih procesa na ko\u017ei, seboreje, dermatitisa, peruti, oslabljenog imuniteta, psorijaze, pro\u0161irenih vena i hemoroida. U dermatologiji pa\u010duli se upotrebljava za negovanje zrele ko\u017ee.<\/li>\n<\/ul>\n<p>Ovo su naj\u010de\u0161\u0107e vrlo efikasne primene pa\u010dulija:<\/p>\n<p>Antidepresiv: Izuzetno dobro deluje na one koji pate od depresije. Poma\u017ee da se prevazi\u0111e ose\u0107anje tuge i gubitka i uliva nadu.<\/p>\n<p>Antiseptik: Spre\u010dava razvoj infekcije i sepse.<\/p>\n<p>Afrodizijak: Dobro je za tretiranje seksualnih problema, uklju\u0107uju\u0107i i impontenciju, gubitak libida, nezainteresovanost za seks, poreme\u0107aj erekcije, frigidnost i seksualnu anksioznost.<\/p>\n<p>Astrigent: Stimuli\u0161e kontrakciju mi\u0161i\u0107a, nerava i ko\u017ee. Poja\u010dava u\u010dvr\u0161\u0107ivanje zuba i desni, spre\u010dava starenje ko\u017ee, gubitak kose i zate\u017ee mi\u0161i\u0107no tkivo.<\/p>\n<p>Dezodorans: Njegova jaka, slatkasta, mirisava i mo\u0161usna aroma odstranjuje i sakriva telesne mirise.<\/p>\n<p>Fungicid: Izuzetno je efikasno u suzbijanju rasta gljivica i infekcija i na taj na\u010din pru\u017ea za\u0161titu od nekih infekcija, kao \u0161to je atletsko stopalo.<\/p>\n<p>Sedativ: Umiruje upale i smiruje gr\u010deve (konvulzije), ka\u0161alj i epilepti\u010dke napade nastale usled ekstraosetljivosti ili hiperreaktivnosti.<\/p>\n<p>&nbsp;<\/p>\n<p>Na\u010din primene: Cvetnu vodicu naprskati na ko\u017eu\u00a0 o\u010distiti lice tuferom. Zatim ga direktno naprskati na lice i dok je ko\u017ea jo\u0161 uvek vla\u017ena na lice naneti kremu ili ulje za negu.<\/p>","protected":false},"excerpt":{"rendered":"<ul>\n<li>Pa\u010duli je izuzetno sna\u017enog, bogatog mirisa koji odgovara \u017eenama i mu\u0161karcima, poznato je po svom dezodoriraju\u0107em, antidepresivnom i antisepti\u010dnom delovanju.<\/li>\n<li>Stimuli\u0161e osloba\u0111anje hormona koji uti\u010du na ose\u0107aj sre\u0107e, te smanjuje ose\u0107aj uznemirenosti, ljutnje, tuge i besa.<\/li>\n<li>Pobolj\u0161ava raspolo\u017eenje i smanjuje tenziju. Deluje kao afrodizijak i ubla\u017eava impotenciju, gubitak libida i seksualnu uznemirenost.<\/li>\n<li>Zbog adstrigentnog delovanja po\u017eeljan je dodatak u razli\u010ditim proizvodima za negu ko\u017ee. Aplikacijom preparata sa uljem pa\u010dulija spre\u010dava se opu\u0161tanje ko\u017ee i mi\u0161i\u0107a, kao i gubitak kose.<\/li>\n<li>Koristi u preparatima za negu ko\u017ee a smatra se za jedan od najboljih ku\u0107nih lekova protiv akni, ekcema, upala i ispucale ko\u017ee.<\/li>\n<li>Obnavlja i podmla\u0111uje \u0107elije pa se iz tog razloga koristi u anti-aging preparatima za regeneraciju ko\u017ee.<\/li>\n<li>Pa\u010duli ulje ima i antifungalno dejstvo \u0161to ga \u010dini korisnim u le\u010denju atletskog stopala, a ima i sposobnost da ubla\u017ei upale nastale usled infekcija.<\/li>\n<li>Poma\u017ee i kod pojave peruti tako \u0161to oja\u010dava koren i uravnote\u017euje nivo masno\u0107e kose.<\/li>\n<\/ul>","protected":false},"featured_media":5477,"template":"","meta":{"_acf_changed":false,"_hpay_column_layout":"0","_hpay_name_price":"0","pmpro_default_level":""},"product_brand":[],"product_cat":[95,118],"product_tag":[],"class_list":{"0":"post-5460","1":"product","2":"type-product","3":"status-publish","4":"has-post-thumbnail","6":"product_cat-domaci_proizvodi","7":"product_cat-kozmetika","8":"pmpro-has-access","10":"first","11":"instock","12":"taxable","13":"shipping-taxable","14":"purchasable","15":"product-type-simple"},"acf":[],"yoast_head":"<!-- This site is optimized with the Yoast SEO plugin v27.1 - https:\/\/yoast.com\/product\/yoast-seo-wordpress\/ -->\n<title>Kozmetika - Pa\u010duli cvetna vodica - Doma\u0107i proizvodi - Zlatno Doba<\/title>\n<meta name=\"description\" content=\"Garjajev aparat je \u010dista kvantna medicina. Rezultati su mnogobrojna isceljenja. Teslina tehnologija za savr\u0161eno zdravlje!\" \/>\n<meta name=\"robots\" content=\"index, follow, max-snippet:-1, max-image-preview:large, max-video-preview:-1\" \/>\n<link rel=\"canonical\" href=\"https:\/\/zlatnodoba.org\/en\/proizvod\/kozmetika-paculi-cvetna-vodica-domaci-proizvodi\/\" \/>\n<meta property=\"og:locale\" content=\"en_GB\" \/>\n<meta property=\"og:type\" content=\"article\" \/>\n<meta property=\"og:title\" content=\"Kozmetika - Pa\u010duli cvetna vodica - Doma\u0107i proizvodi - Zlatno Doba\" \/>\n<meta property=\"og:description\" content=\"Garjajev aparat je \u010dista kvantna medicina. Rezultati su mnogobrojna isceljenja. Teslina tehnologija za savr\u0161eno zdravlje!\" \/>\n<meta property=\"og:url\" content=\"https:\/\/zlatnodoba.org\/en\/proizvod\/kozmetika-paculi-cvetna-vodica-domaci-proizvodi\/\" \/>\n<meta property=\"og:site_name\" content=\"Zlatno Doba\" \/>\n<meta property=\"article:modified_time\" content=\"2025-02-15T19:23:46+00:00\" \/>\n<meta property=\"og:image\" content=\"https:\/\/zlatnodoba.org\/wp-content\/uploads\/2025\/02\/paculi.jpg\" \/>\n\t<meta property=\"og:image:width\" content=\"1280\" \/>\n\t<meta property=\"og:image:height\" content=\"1920\" \/>\n\t<meta property=\"og:image:type\" content=\"image\/jpeg\" \/>\n<meta name=\"twitter:card\" content=\"summary_large_image\" \/>\n<meta name=\"twitter:label1\" content=\"Estimated reading time\" \/>\n\t<meta name=\"twitter:data1\" content=\"11 minutes\" \/>\n<script type=\"application\/ld+json\" class=\"yoast-schema-graph\">{\"@context\":\"https:\/\/schema.org\",\"@graph\":[{\"@type\":\"WebPage\",\"@id\":\"https:\/\/zlatnodoba.org\/proizvod\/kozmetika-paculi-cvetna-vodica-domaci-proizvodi\/\",\"url\":\"https:\/\/zlatnodoba.org\/proizvod\/kozmetika-paculi-cvetna-vodica-domaci-proizvodi\/\",\"name\":\"Kozmetika - Pa\u010duli cvetna vodica - Doma\u0107i proizvodi - Zlatno Doba\",\"isPartOf\":{\"@id\":\"https:\/\/zlatnodoba.org\/#website\"},\"primaryImageOfPage\":{\"@id\":\"https:\/\/zlatnodoba.org\/proizvod\/kozmetika-paculi-cvetna-vodica-domaci-proizvodi\/#primaryimage\"},\"image\":{\"@id\":\"https:\/\/zlatnodoba.org\/proizvod\/kozmetika-paculi-cvetna-vodica-domaci-proizvodi\/#primaryimage\"},\"thumbnailUrl\":\"https:\/\/zlatnodoba.org\/wp-content\/uploads\/2025\/02\/paculi.jpg\",\"datePublished\":\"2025-02-05T16:20:32+00:00\",\"dateModified\":\"2025-02-15T19:23:46+00:00\",\"description\":\"Garjajev aparat je \u010dista kvantna medicina. Rezultati su mnogobrojna isceljenja. Teslina tehnologija za savr\u0161eno zdravlje!\",\"breadcrumb\":{\"@id\":\"https:\/\/zlatnodoba.org\/proizvod\/kozmetika-paculi-cvetna-vodica-domaci-proizvodi\/#breadcrumb\"},\"inLanguage\":\"en-GB\",\"potentialAction\":[{\"@type\":\"ReadAction\",\"target\":[\"https:\/\/zlatnodoba.org\/proizvod\/kozmetika-paculi-cvetna-vodica-domaci-proizvodi\/\"]}]},{\"@type\":\"ImageObject\",\"inLanguage\":\"en-GB\",\"@id\":\"https:\/\/zlatnodoba.org\/proizvod\/kozmetika-paculi-cvetna-vodica-domaci-proizvodi\/#primaryimage\",\"url\":\"https:\/\/zlatnodoba.org\/wp-content\/uploads\/2025\/02\/paculi.jpg\",\"contentUrl\":\"https:\/\/zlatnodoba.org\/wp-content\/uploads\/2025\/02\/paculi.jpg\",\"width\":1280,\"height\":1920},{\"@type\":\"BreadcrumbList\",\"@id\":\"https:\/\/zlatnodoba.org\/proizvod\/kozmetika-paculi-cvetna-vodica-domaci-proizvodi\/#breadcrumb\",\"itemListElement\":[{\"@type\":\"ListItem\",\"position\":1,\"name\":\"Home\",\"item\":\"https:\/\/zlatnodoba.org\/\"},{\"@type\":\"ListItem\",\"position\":2,\"name\":\"Shop\",\"item\":\"https:\/\/zlatnodoba.org\/shop\/\"},{\"@type\":\"ListItem\",\"position\":3,\"name\":\"Kozmetika &#8211; Pa\u010duli cvetna vodica &#8211; Doma\u0107i proizvodi\"}]},{\"@type\":\"WebSite\",\"@id\":\"https:\/\/zlatnodoba.org\/#website\",\"url\":\"https:\/\/zlatnodoba.org\/\",\"name\":\"Zlatno Doba\",\"description\":\"\",\"potentialAction\":[{\"@type\":\"SearchAction\",\"target\":{\"@type\":\"EntryPoint\",\"urlTemplate\":\"https:\/\/zlatnodoba.org\/?s={search_term_string}\"},\"query-input\":{\"@type\":\"PropertyValueSpecification\",\"valueRequired\":true,\"valueName\":\"search_term_string\"}}],\"inLanguage\":\"en-GB\"}]}<\/script>\n<!-- \/ Yoast SEO plugin. -->","yoast_head_json":{"title":"Kozmetika - Pa\u010duli cvetna vodica - Doma\u0107i proizvodi - Zlatno Doba","description":"Garjajev aparat je \u010dista kvantna medicina. Rezultati su mnogobrojna isceljenja. Teslina tehnologija za savr\u0161eno zdravlje!","robots":{"index":"index","follow":"follow","max-snippet":"max-snippet:-1","max-image-preview":"max-image-preview:large","max-video-preview":"max-video-preview:-1"},"canonical":"https:\/\/zlatnodoba.org\/en\/proizvod\/kozmetika-paculi-cvetna-vodica-domaci-proizvodi\/","og_locale":"en_GB","og_type":"article","og_title":"Kozmetika - Pa\u010duli cvetna vodica - Doma\u0107i proizvodi - Zlatno Doba","og_description":"Garjajev aparat je \u010dista kvantna medicina. Rezultati su mnogobrojna isceljenja. Teslina tehnologija za savr\u0161eno zdravlje!","og_url":"https:\/\/zlatnodoba.org\/en\/proizvod\/kozmetika-paculi-cvetna-vodica-domaci-proizvodi\/","og_site_name":"Zlatno Doba","article_modified_time":"2025-02-15T19:23:46+00:00","og_image":[{"width":1280,"height":1920,"url":"https:\/\/zlatnodoba.org\/wp-content\/uploads\/2025\/02\/paculi.jpg","type":"image\/jpeg"}],"twitter_card":"summary_large_image","twitter_misc":{"Estimated reading time":"11 minutes"},"schema":{"@context":"https:\/\/schema.org","@graph":[{"@type":"WebPage","@id":"https:\/\/zlatnodoba.org\/proizvod\/kozmetika-paculi-cvetna-vodica-domaci-proizvodi\/","url":"https:\/\/zlatnodoba.org\/proizvod\/kozmetika-paculi-cvetna-vodica-domaci-proizvodi\/","name":"Kozmetika - Pa\u010duli cvetna vodica - Doma\u0107i proizvodi - Zlatno Doba","isPartOf":{"@id":"https:\/\/zlatnodoba.org\/#website"},"primaryImageOfPage":{"@id":"https:\/\/zlatnodoba.org\/proizvod\/kozmetika-paculi-cvetna-vodica-domaci-proizvodi\/#primaryimage"},"image":{"@id":"https:\/\/zlatnodoba.org\/proizvod\/kozmetika-paculi-cvetna-vodica-domaci-proizvodi\/#primaryimage"},"thumbnailUrl":"https:\/\/zlatnodoba.org\/wp-content\/uploads\/2025\/02\/paculi.jpg","datePublished":"2025-02-05T16:20:32+00:00","dateModified":"2025-02-15T19:23:46+00:00","description":"Garjajev aparat je \u010dista kvantna medicina. Rezultati su mnogobrojna isceljenja. Teslina tehnologija za savr\u0161eno zdravlje!","breadcrumb":{"@id":"https:\/\/zlatnodoba.org\/proizvod\/kozmetika-paculi-cvetna-vodica-domaci-proizvodi\/#breadcrumb"},"inLanguage":"en-GB","potentialAction":[{"@type":"ReadAction","target":["https:\/\/zlatnodoba.org\/proizvod\/kozmetika-paculi-cvetna-vodica-domaci-proizvodi\/"]}]},{"@type":"ImageObject","inLanguage":"en-GB","@id":"https:\/\/zlatnodoba.org\/proizvod\/kozmetika-paculi-cvetna-vodica-domaci-proizvodi\/#primaryimage","url":"https:\/\/zlatnodoba.org\/wp-content\/uploads\/2025\/02\/paculi.jpg","contentUrl":"https:\/\/zlatnodoba.org\/wp-content\/uploads\/2025\/02\/paculi.jpg","width":1280,"height":1920},{"@type":"BreadcrumbList","@id":"https:\/\/zlatnodoba.org\/proizvod\/kozmetika-paculi-cvetna-vodica-domaci-proizvodi\/#breadcrumb","itemListElement":[{"@type":"ListItem","position":1,"name":"Home","item":"https:\/\/zlatnodoba.org\/"},{"@type":"ListItem","position":2,"name":"Shop","item":"https:\/\/zlatnodoba.org\/shop\/"},{"@type":"ListItem","position":3,"name":"Kozmetika &#8211; Pa\u010duli cvetna vodica &#8211; Doma\u0107i proizvodi"}]},{"@type":"WebSite","@id":"https:\/\/zlatnodoba.org\/#website","url":"https:\/\/zlatnodoba.org\/","name":"Zlatno Doba","description":"","potentialAction":[{"@type":"SearchAction","target":{"@type":"EntryPoint","urlTemplate":"https:\/\/zlatnodoba.org\/?s={search_term_string}"},"query-input":{"@type":"PropertyValueSpecification","valueRequired":true,"valueName":"search_term_string"}}],"inLanguage":"en-GB"}]}},"_links":{"self":[{"href":"https:\/\/zlatnodoba.org\/en\/wp-json\/wp\/v2\/product\/5460","targetHints":{"allow":["GET"]}}],"collection":[{"href":"https:\/\/zlatnodoba.org\/en\/wp-json\/wp\/v2\/product"}],"about":[{"href":"https:\/\/zlatnodoba.org\/en\/wp-json\/wp\/v2\/types\/product"}],"version-history":[{"count":2,"href":"https:\/\/zlatnodoba.org\/en\/wp-json\/wp\/v2\/product\/5460\/revisions"}],"predecessor-version":[{"id":5654,"href":"https:\/\/zlatnodoba.org\/en\/wp-json\/wp\/v2\/product\/5460\/revisions\/5654"}],"wp:featuredmedia":[{"embeddable":true,"href":"https:\/\/zlatnodoba.org\/en\/wp-json\/wp\/v2\/media\/5477"}],"wp:attachment":[{"href":"https:\/\/zlatnodoba.org\/en\/wp-json\/wp\/v2\/media?parent=5460"}],"wp:term":[{"taxonomy":"product_brand","embeddable":true,"href":"https:\/\/zlatnodoba.org\/en\/wp-json\/wp\/v2\/product_brand?post=5460"},{"taxonomy":"product_cat","embeddable":true,"href":"https:\/\/zlatnodoba.org\/en\/wp-json\/wp\/v2\/product_cat?post=5460"},{"taxonomy":"product_tag","embeddable":true,"href":"https:\/\/zlatnodoba.org\/en\/wp-json\/wp\/v2\/product_tag?post=5460"}],"curies":[{"name":"wp","href":"https:\/\/api.w.org\/{rel}","templated":true}]}}