{"id":5459,"date":"2025-02-05T16:20:29","date_gmt":"2025-02-05T16:20:29","guid":{"rendered":"https:\/\/zlatnodoba.org\/?post_type=product&#038;p=5459"},"modified":"2025-02-15T19:23:50","modified_gmt":"2025-02-15T19:23:50","slug":"kozmetika-lavanda-cvetna-vodica-domaci-proizvodi","status":"publish","type":"product","link":"https:\/\/zlatnodoba.org\/en\/proizvod\/kozmetika-lavanda-cvetna-vodica-domaci-proizvodi\/","title":{"rendered":"Kozmetika &#8211; Lavanda cvetna vodica &#8211; Doma\u0107i proizvodi"},"content":{"rendered":"<p>Aromaterapija: poma\u017ee kod nervne napetosti, unutra\u0161njeg nemira, anksioznosti, depresije, insomnije, napada panike, stresa\u2026<\/p>\n<p>Nega: Cvetna vodica od lavande koristi se kao tonik za lice, za sve tipove ko\u017ee posebno za osetljivu ko\u017eu. Zbog svojih antibakterijskih svojstava hidrolat je koristan kod mnogih ko\u017enih problema (ujedi insekata, ekcem, opekotine od sunca, psorijaza, seboreja), a tako\u0111e spre\u010dava pojavu akni i bubuljica.<\/p>\n<p>Na\u010din primene: Cvetnu vodicu naprskati na ko\u017eu I o\u010distiti lice tuferom. Zatim ga direktno naprskati na lice i dok je ko\u017ea jo\u0161 uvek vla\u017ena na lice naneti kremu ili ulje za negu.<\/p>\n<p>Naprsksjte na lice, udi\u0161ite miris i osetite blagotvornost ove divne biljke koja bi trebalo biti sastavni deo va\u0161e ku\u0107ne apoteke.<\/p>","protected":false},"excerpt":{"rendered":"<ul>\n<li>Cvetna vodica od lavande se koristi za negu, \u010di\u0161\u0107enje i dodatnu hidrataciju svih tipova ko\u017ee.<\/li>\n<li>Posebno je dobra za umirenje iritirane i osetljive ko\u017ee, kao i opekotina od sun\u010danja.<\/li>\n<li>Smanjuje ose\u0107aj svraba kod ujeda insekata i neprijatnog crvenila nakon depilacije ili brijanja.<\/li>\n<li>Koristi se umesto tonika za lice ili kao vodena faza prilikom pripreme maski ili upotrebe ulja za negu ko\u017ee.<\/li>\n<li>Tokom letnjih dana mo\u017ee se koristiti za osve\u017eavanje ko\u017ee lica i tela.<\/li>\n<\/ul>","protected":false},"featured_media":5479,"template":"","meta":{"_acf_changed":false,"_hpay_column_layout":"0","_hpay_name_price":"0","pmpro_default_level":""},"product_brand":[],"product_cat":[95,118],"product_tag":[],"class_list":{"0":"post-5459","1":"product","2":"type-product","3":"status-publish","4":"has-post-thumbnail","6":"product_cat-domaci_proizvodi","7":"product_cat-kozmetika","8":"pmpro-has-access","10":"first","11":"instock","12":"taxable","13":"shipping-taxable","14":"purchasable","15":"product-type-simple"},"acf":[],"yoast_head":"<!-- This site is optimized with the Yoast SEO plugin v27.1 - https:\/\/yoast.com\/product\/yoast-seo-wordpress\/ -->\n<title>Kozmetika - Lavanda cvetna vodica - Doma\u0107i proizvodi - Zlatno Doba<\/title>\n<meta name=\"description\" content=\"Garjajev aparat je \u010dista kvantna medicina. Rezultati su mnogobrojna isceljenja. Teslina tehnologija za savr\u0161eno zdravlje!\" \/>\n<meta name=\"robots\" content=\"index, follow, max-snippet:-1, max-image-preview:large, max-video-preview:-1\" \/>\n<link rel=\"canonical\" href=\"https:\/\/zlatnodoba.org\/en\/proizvod\/kozmetika-lavanda-cvetna-vodica-domaci-proizvodi\/\" \/>\n<meta property=\"og:locale\" content=\"en_GB\" \/>\n<meta property=\"og:type\" content=\"article\" \/>\n<meta property=\"og:title\" content=\"Kozmetika - Lavanda cvetna vodica - Doma\u0107i proizvodi - Zlatno Doba\" \/>\n<meta property=\"og:description\" content=\"Garjajev aparat je \u010dista kvantna medicina. Rezultati su mnogobrojna isceljenja. Teslina tehnologija za savr\u0161eno zdravlje!\" \/>\n<meta property=\"og:url\" content=\"https:\/\/zlatnodoba.org\/en\/proizvod\/kozmetika-lavanda-cvetna-vodica-domaci-proizvodi\/\" \/>\n<meta property=\"og:site_name\" content=\"Zlatno Doba\" \/>\n<meta property=\"article:modified_time\" content=\"2025-02-15T19:23:50+00:00\" \/>\n<meta property=\"og:image\" content=\"https:\/\/zlatnodoba.org\/wp-content\/uploads\/2025\/02\/lavanda-cvetna-vodica-1.jpeg\" \/>\n\t<meta property=\"og:image:width\" content=\"1080\" \/>\n\t<meta property=\"og:image:height\" content=\"1080\" \/>\n\t<meta property=\"og:image:type\" content=\"image\/jpeg\" \/>\n<meta name=\"twitter:card\" content=\"summary_large_image\" \/>\n<meta name=\"twitter:label1\" content=\"Estimated reading time\" \/>\n\t<meta name=\"twitter:data1\" content=\"11 minutes\" \/>\n<script type=\"application\/ld+json\" class=\"yoast-schema-graph\">{\"@context\":\"https:\/\/schema.org\",\"@graph\":[{\"@type\":\"WebPage\",\"@id\":\"https:\/\/zlatnodoba.org\/proizvod\/kozmetika-lavanda-cvetna-vodica-domaci-proizvodi\/\",\"url\":\"https:\/\/zlatnodoba.org\/proizvod\/kozmetika-lavanda-cvetna-vodica-domaci-proizvodi\/\",\"name\":\"Kozmetika - Lavanda cvetna vodica - Doma\u0107i proizvodi - Zlatno Doba\",\"isPartOf\":{\"@id\":\"https:\/\/zlatnodoba.org\/#website\"},\"primaryImageOfPage\":{\"@id\":\"https:\/\/zlatnodoba.org\/proizvod\/kozmetika-lavanda-cvetna-vodica-domaci-proizvodi\/#primaryimage\"},\"image\":{\"@id\":\"https:\/\/zlatnodoba.org\/proizvod\/kozmetika-lavanda-cvetna-vodica-domaci-proizvodi\/#primaryimage\"},\"thumbnailUrl\":\"https:\/\/zlatnodoba.org\/wp-content\/uploads\/2025\/02\/lavanda-cvetna-vodica-1.jpeg\",\"datePublished\":\"2025-02-05T16:20:29+00:00\",\"dateModified\":\"2025-02-15T19:23:50+00:00\",\"description\":\"Garjajev aparat je \u010dista kvantna medicina. Rezultati su mnogobrojna isceljenja. Teslina tehnologija za savr\u0161eno zdravlje!\",\"breadcrumb\":{\"@id\":\"https:\/\/zlatnodoba.org\/proizvod\/kozmetika-lavanda-cvetna-vodica-domaci-proizvodi\/#breadcrumb\"},\"inLanguage\":\"en-GB\",\"potentialAction\":[{\"@type\":\"ReadAction\",\"target\":[\"https:\/\/zlatnodoba.org\/proizvod\/kozmetika-lavanda-cvetna-vodica-domaci-proizvodi\/\"]}]},{\"@type\":\"ImageObject\",\"inLanguage\":\"en-GB\",\"@id\":\"https:\/\/zlatnodoba.org\/proizvod\/kozmetika-lavanda-cvetna-vodica-domaci-proizvodi\/#primaryimage\",\"url\":\"https:\/\/zlatnodoba.org\/wp-content\/uploads\/2025\/02\/lavanda-cvetna-vodica-1.jpeg\",\"contentUrl\":\"https:\/\/zlatnodoba.org\/wp-content\/uploads\/2025\/02\/lavanda-cvetna-vodica-1.jpeg\",\"width\":1080,\"height\":1080},{\"@type\":\"BreadcrumbList\",\"@id\":\"https:\/\/zlatnodoba.org\/proizvod\/kozmetika-lavanda-cvetna-vodica-domaci-proizvodi\/#breadcrumb\",\"itemListElement\":[{\"@type\":\"ListItem\",\"position\":1,\"name\":\"Home\",\"item\":\"https:\/\/zlatnodoba.org\/\"},{\"@type\":\"ListItem\",\"position\":2,\"name\":\"Shop\",\"item\":\"https:\/\/zlatnodoba.org\/shop\/\"},{\"@type\":\"ListItem\",\"position\":3,\"name\":\"Kozmetika &#8211; Lavanda cvetna vodica &#8211; Doma\u0107i proizvodi\"}]},{\"@type\":\"WebSite\",\"@id\":\"https:\/\/zlatnodoba.org\/#website\",\"url\":\"https:\/\/zlatnodoba.org\/\",\"name\":\"Zlatno Doba\",\"description\":\"\",\"potentialAction\":[{\"@type\":\"SearchAction\",\"target\":{\"@type\":\"EntryPoint\",\"urlTemplate\":\"https:\/\/zlatnodoba.org\/?s={search_term_string}\"},\"query-input\":{\"@type\":\"PropertyValueSpecification\",\"valueRequired\":true,\"valueName\":\"search_term_string\"}}],\"inLanguage\":\"en-GB\"}]}<\/script>\n<!-- \/ Yoast SEO plugin. -->","yoast_head_json":{"title":"Kozmetika - Lavanda cvetna vodica - Doma\u0107i proizvodi - Zlatno Doba","description":"Garjajev aparat je \u010dista kvantna medicina. Rezultati su mnogobrojna isceljenja. Teslina tehnologija za savr\u0161eno zdravlje!","robots":{"index":"index","follow":"follow","max-snippet":"max-snippet:-1","max-image-preview":"max-image-preview:large","max-video-preview":"max-video-preview:-1"},"canonical":"https:\/\/zlatnodoba.org\/en\/proizvod\/kozmetika-lavanda-cvetna-vodica-domaci-proizvodi\/","og_locale":"en_GB","og_type":"article","og_title":"Kozmetika - Lavanda cvetna vodica - Doma\u0107i proizvodi - Zlatno Doba","og_description":"Garjajev aparat je \u010dista kvantna medicina. Rezultati su mnogobrojna isceljenja. Teslina tehnologija za savr\u0161eno zdravlje!","og_url":"https:\/\/zlatnodoba.org\/en\/proizvod\/kozmetika-lavanda-cvetna-vodica-domaci-proizvodi\/","og_site_name":"Zlatno Doba","article_modified_time":"2025-02-15T19:23:50+00:00","og_image":[{"width":1080,"height":1080,"url":"https:\/\/zlatnodoba.org\/wp-content\/uploads\/2025\/02\/lavanda-cvetna-vodica-1.jpeg","type":"image\/jpeg"}],"twitter_card":"summary_large_image","twitter_misc":{"Estimated reading time":"11 minutes"},"schema":{"@context":"https:\/\/schema.org","@graph":[{"@type":"WebPage","@id":"https:\/\/zlatnodoba.org\/proizvod\/kozmetika-lavanda-cvetna-vodica-domaci-proizvodi\/","url":"https:\/\/zlatnodoba.org\/proizvod\/kozmetika-lavanda-cvetna-vodica-domaci-proizvodi\/","name":"Kozmetika - Lavanda cvetna vodica - Doma\u0107i proizvodi - Zlatno Doba","isPartOf":{"@id":"https:\/\/zlatnodoba.org\/#website"},"primaryImageOfPage":{"@id":"https:\/\/zlatnodoba.org\/proizvod\/kozmetika-lavanda-cvetna-vodica-domaci-proizvodi\/#primaryimage"},"image":{"@id":"https:\/\/zlatnodoba.org\/proizvod\/kozmetika-lavanda-cvetna-vodica-domaci-proizvodi\/#primaryimage"},"thumbnailUrl":"https:\/\/zlatnodoba.org\/wp-content\/uploads\/2025\/02\/lavanda-cvetna-vodica-1.jpeg","datePublished":"2025-02-05T16:20:29+00:00","dateModified":"2025-02-15T19:23:50+00:00","description":"Garjajev aparat je \u010dista kvantna medicina. Rezultati su mnogobrojna isceljenja. Teslina tehnologija za savr\u0161eno zdravlje!","breadcrumb":{"@id":"https:\/\/zlatnodoba.org\/proizvod\/kozmetika-lavanda-cvetna-vodica-domaci-proizvodi\/#breadcrumb"},"inLanguage":"en-GB","potentialAction":[{"@type":"ReadAction","target":["https:\/\/zlatnodoba.org\/proizvod\/kozmetika-lavanda-cvetna-vodica-domaci-proizvodi\/"]}]},{"@type":"ImageObject","inLanguage":"en-GB","@id":"https:\/\/zlatnodoba.org\/proizvod\/kozmetika-lavanda-cvetna-vodica-domaci-proizvodi\/#primaryimage","url":"https:\/\/zlatnodoba.org\/wp-content\/uploads\/2025\/02\/lavanda-cvetna-vodica-1.jpeg","contentUrl":"https:\/\/zlatnodoba.org\/wp-content\/uploads\/2025\/02\/lavanda-cvetna-vodica-1.jpeg","width":1080,"height":1080},{"@type":"BreadcrumbList","@id":"https:\/\/zlatnodoba.org\/proizvod\/kozmetika-lavanda-cvetna-vodica-domaci-proizvodi\/#breadcrumb","itemListElement":[{"@type":"ListItem","position":1,"name":"Home","item":"https:\/\/zlatnodoba.org\/"},{"@type":"ListItem","position":2,"name":"Shop","item":"https:\/\/zlatnodoba.org\/shop\/"},{"@type":"ListItem","position":3,"name":"Kozmetika &#8211; Lavanda cvetna vodica &#8211; Doma\u0107i proizvodi"}]},{"@type":"WebSite","@id":"https:\/\/zlatnodoba.org\/#website","url":"https:\/\/zlatnodoba.org\/","name":"Zlatno Doba","description":"","potentialAction":[{"@type":"SearchAction","target":{"@type":"EntryPoint","urlTemplate":"https:\/\/zlatnodoba.org\/?s={search_term_string}"},"query-input":{"@type":"PropertyValueSpecification","valueRequired":true,"valueName":"search_term_string"}}],"inLanguage":"en-GB"}]}},"_links":{"self":[{"href":"https:\/\/zlatnodoba.org\/en\/wp-json\/wp\/v2\/product\/5459","targetHints":{"allow":["GET"]}}],"collection":[{"href":"https:\/\/zlatnodoba.org\/en\/wp-json\/wp\/v2\/product"}],"about":[{"href":"https:\/\/zlatnodoba.org\/en\/wp-json\/wp\/v2\/types\/product"}],"version-history":[{"count":3,"href":"https:\/\/zlatnodoba.org\/en\/wp-json\/wp\/v2\/product\/5459\/revisions"}],"predecessor-version":[{"id":5646,"href":"https:\/\/zlatnodoba.org\/en\/wp-json\/wp\/v2\/product\/5459\/revisions\/5646"}],"wp:featuredmedia":[{"embeddable":true,"href":"https:\/\/zlatnodoba.org\/en\/wp-json\/wp\/v2\/media\/5479"}],"wp:attachment":[{"href":"https:\/\/zlatnodoba.org\/en\/wp-json\/wp\/v2\/media?parent=5459"}],"wp:term":[{"taxonomy":"product_brand","embeddable":true,"href":"https:\/\/zlatnodoba.org\/en\/wp-json\/wp\/v2\/product_brand?post=5459"},{"taxonomy":"product_cat","embeddable":true,"href":"https:\/\/zlatnodoba.org\/en\/wp-json\/wp\/v2\/product_cat?post=5459"},{"taxonomy":"product_tag","embeddable":true,"href":"https:\/\/zlatnodoba.org\/en\/wp-json\/wp\/v2\/product_tag?post=5459"}],"curies":[{"name":"wp","href":"https:\/\/api.w.org\/{rel}","templated":true}]}}