{"id":5444,"date":"2025-02-05T16:11:02","date_gmt":"2025-02-05T16:11:02","guid":{"rendered":"https:\/\/zlatnodoba.org\/?post_type=product&#038;p=5444"},"modified":"2025-02-15T19:23:51","modified_gmt":"2025-02-15T19:23:51","slug":"kozmetika-frangipani-mist-domaci-proizvodi","status":"publish","type":"product","link":"https:\/\/zlatnodoba.org\/en\/proizvod\/kozmetika-frangipani-mist-domaci-proizvodi\/","title":{"rendered":"Kozmetika &#8211; Frangipani Mist &#8211; Doma\u0107i proizvodi"},"content":{"rendered":"","protected":false},"excerpt":{"rendered":"<p>Frangipani je veoma mirisni i neguju\u0107i cvet \u0161to ga \u010dini klju\u010dnim sastojkom u nizu osnovnih sredstava za negu lepote. Frangipani kozmeti\u010dki proizvodi vas podmla\u0111uju iznutra i \u010dine da izgledate i osec\u0301ate se mladala\u010dki. Eteri\u010dno ulje Frangipani zauzima klju\u010dno mesto u aromaterapiji zahvaljujuc\u0301i svom romanti\u010dnom i stimulativnom mirisu koji pobolj\u0161ava um i telo. Poznato je da ubla\u017eava upale, glavobolju, bolove u le\u0111ima i tinitus. Dok afrodizija\u010dka priroda ovog ulja opu\u0161ta nervni sistem, mi\u0161ic\u0301e i podsti\u010de libido. Pro\u017eet jakim antioksidativnim i antiinflamatornim osobinama, cvet frangipanija je koristan u podizanju op\u0161teg zdravlja i blagostanja. Pa, kozmeti\u010dki proizvodi pro\u017eeti cvetovima frangipanija ostavljaju va\u0161u ko\u017eu mekom i blistavom.<\/p>\n<p>Bogat, sna\u017ean i egzoti\u010dan miris esencijalnog ulja frangipanija se \u0161iroko koristi u parfimeriji<br \/>\nPrirodne adstringentne osobine poma\u017eu u vla\u017eenju suve ko\u017ee \u010dinec\u0301i je mekom, gipkom i sjajnom<br \/>\nAktivnost dubinskog \u010di\u0161c\u0301enja ovog ulja poma\u017ee u \u010di\u0161c\u0301enju ne\u010distoc\u0301a, prljav\u0161tine iznutra ko\u017ee i od\u010depljivanju pora<br \/>\nSna\u017ena antiinflamatorna i pro\u010di\u0161c\u0301avajuc\u0301a svojstva esencijalnog ulja frangipanija su dragocena u bledenju pigmentacije ko\u017ee i \u010dini ko\u017eu bez mrlja<br \/>\nAdstringentno svojstvo je dragoceno u ja\u010danju folikula dlake i \u0161titi kosu od UV o\u0161tec\u0301enja i odr\u017eava vlasi\u0161te hidriranim i spre\u010dava perut<br \/>\nSedativni efekat esencijalnog ulja frangipanija koristi se kao inhalator ili ulje za difuziju za smirivanje uma, ubla\u017eavanje stresa i izazivanje zdravog sna.<br \/>\nSkladi\u0161te antioksidanata, poma\u017ee u eliminaciji \u0161tetnih toksina i slobodnih radikala iz oksidacije zdravih c\u0301elija ko\u017ee i podi\u017ee zdravlje ko\u017ee<br \/>\nCenjen je kao najbolji prirodni parfem na svetu zbog svog senzualnog i egzoti\u010dnog mirisa i dodaje da se nalazi u bogatom nizu proizvoda za negu ko\u017ee poput krema, losiona i osnovnih sredstava za negu kose.<\/p>\n<p>Sastav: voda, hidrolat frangipani, etarsko ulje frangipani, biljni glicerin.<\/p>\n<p>Pakovanje: 50ml<\/p>","protected":false},"featured_media":5452,"template":"","meta":{"_acf_changed":false,"_hpay_column_layout":"0","_hpay_name_price":"0","pmpro_default_level":""},"product_brand":[],"product_cat":[95,118],"product_tag":[],"class_list":{"0":"post-5444","1":"product","2":"type-product","3":"status-publish","4":"has-post-thumbnail","6":"product_cat-domaci_proizvodi","7":"product_cat-kozmetika","8":"pmpro-has-access","10":"first","11":"instock","12":"taxable","13":"shipping-taxable","14":"purchasable","15":"product-type-simple"},"acf":[],"yoast_head":"<!-- This site is optimized with the Yoast SEO plugin v27.1 - https:\/\/yoast.com\/product\/yoast-seo-wordpress\/ -->\n<title>Kozmetika - Frangipani Mist - Doma\u0107i proizvodi - Zlatno Doba<\/title>\n<meta name=\"description\" content=\"Garjajev aparat je \u010dista kvantna medicina. Rezultati su mnogobrojna isceljenja. Teslina tehnologija za savr\u0161eno zdravlje!\" \/>\n<meta name=\"robots\" content=\"index, follow, max-snippet:-1, max-image-preview:large, max-video-preview:-1\" \/>\n<link rel=\"canonical\" href=\"https:\/\/zlatnodoba.org\/en\/proizvod\/kozmetika-frangipani-mist-domaci-proizvodi\/\" \/>\n<meta property=\"og:locale\" content=\"en_GB\" \/>\n<meta property=\"og:type\" content=\"article\" \/>\n<meta property=\"og:title\" content=\"Kozmetika - Frangipani Mist - Doma\u0107i proizvodi - Zlatno Doba\" \/>\n<meta property=\"og:description\" content=\"Garjajev aparat je \u010dista kvantna medicina. Rezultati su mnogobrojna isceljenja. Teslina tehnologija za savr\u0161eno zdravlje!\" \/>\n<meta property=\"og:url\" content=\"https:\/\/zlatnodoba.org\/en\/proizvod\/kozmetika-frangipani-mist-domaci-proizvodi\/\" \/>\n<meta property=\"og:site_name\" content=\"Zlatno Doba\" \/>\n<meta property=\"article:modified_time\" content=\"2025-02-15T19:23:51+00:00\" \/>\n<meta property=\"og:image\" content=\"https:\/\/zlatnodoba.org\/wp-content\/uploads\/2025\/02\/IMG_8511.jpg\" \/>\n\t<meta property=\"og:image:width\" content=\"1280\" \/>\n\t<meta property=\"og:image:height\" content=\"1920\" \/>\n\t<meta property=\"og:image:type\" content=\"image\/jpeg\" \/>\n<meta name=\"twitter:card\" content=\"summary_large_image\" \/>\n<meta name=\"twitter:label1\" content=\"Estimated reading time\" \/>\n\t<meta name=\"twitter:data1\" content=\"11 minutes\" \/>\n<script type=\"application\/ld+json\" class=\"yoast-schema-graph\">{\"@context\":\"https:\/\/schema.org\",\"@graph\":[{\"@type\":\"WebPage\",\"@id\":\"https:\/\/zlatnodoba.org\/proizvod\/kozmetika-frangipani-mist-domaci-proizvodi\/\",\"url\":\"https:\/\/zlatnodoba.org\/proizvod\/kozmetika-frangipani-mist-domaci-proizvodi\/\",\"name\":\"Kozmetika - Frangipani Mist - Doma\u0107i proizvodi - Zlatno Doba\",\"isPartOf\":{\"@id\":\"https:\/\/zlatnodoba.org\/#website\"},\"primaryImageOfPage\":{\"@id\":\"https:\/\/zlatnodoba.org\/proizvod\/kozmetika-frangipani-mist-domaci-proizvodi\/#primaryimage\"},\"image\":{\"@id\":\"https:\/\/zlatnodoba.org\/proizvod\/kozmetika-frangipani-mist-domaci-proizvodi\/#primaryimage\"},\"thumbnailUrl\":\"https:\/\/zlatnodoba.org\/wp-content\/uploads\/2025\/02\/IMG_8511.jpg\",\"datePublished\":\"2025-02-05T16:11:02+00:00\",\"dateModified\":\"2025-02-15T19:23:51+00:00\",\"description\":\"Garjajev aparat je \u010dista kvantna medicina. Rezultati su mnogobrojna isceljenja. Teslina tehnologija za savr\u0161eno zdravlje!\",\"breadcrumb\":{\"@id\":\"https:\/\/zlatnodoba.org\/proizvod\/kozmetika-frangipani-mist-domaci-proizvodi\/#breadcrumb\"},\"inLanguage\":\"en-GB\",\"potentialAction\":[{\"@type\":\"ReadAction\",\"target\":[\"https:\/\/zlatnodoba.org\/proizvod\/kozmetika-frangipani-mist-domaci-proizvodi\/\"]}]},{\"@type\":\"ImageObject\",\"inLanguage\":\"en-GB\",\"@id\":\"https:\/\/zlatnodoba.org\/proizvod\/kozmetika-frangipani-mist-domaci-proizvodi\/#primaryimage\",\"url\":\"https:\/\/zlatnodoba.org\/wp-content\/uploads\/2025\/02\/IMG_8511.jpg\",\"contentUrl\":\"https:\/\/zlatnodoba.org\/wp-content\/uploads\/2025\/02\/IMG_8511.jpg\",\"width\":1280,\"height\":1920},{\"@type\":\"BreadcrumbList\",\"@id\":\"https:\/\/zlatnodoba.org\/proizvod\/kozmetika-frangipani-mist-domaci-proizvodi\/#breadcrumb\",\"itemListElement\":[{\"@type\":\"ListItem\",\"position\":1,\"name\":\"Home\",\"item\":\"https:\/\/zlatnodoba.org\/\"},{\"@type\":\"ListItem\",\"position\":2,\"name\":\"Shop\",\"item\":\"https:\/\/zlatnodoba.org\/shop\/\"},{\"@type\":\"ListItem\",\"position\":3,\"name\":\"Kozmetika &#8211; Frangipani Mist &#8211; Doma\u0107i proizvodi\"}]},{\"@type\":\"WebSite\",\"@id\":\"https:\/\/zlatnodoba.org\/#website\",\"url\":\"https:\/\/zlatnodoba.org\/\",\"name\":\"Zlatno Doba\",\"description\":\"\",\"potentialAction\":[{\"@type\":\"SearchAction\",\"target\":{\"@type\":\"EntryPoint\",\"urlTemplate\":\"https:\/\/zlatnodoba.org\/?s={search_term_string}\"},\"query-input\":{\"@type\":\"PropertyValueSpecification\",\"valueRequired\":true,\"valueName\":\"search_term_string\"}}],\"inLanguage\":\"en-GB\"}]}<\/script>\n<!-- \/ Yoast SEO plugin. -->","yoast_head_json":{"title":"Kozmetika - Frangipani Mist - Doma\u0107i proizvodi - Zlatno Doba","description":"Garjajev aparat je \u010dista kvantna medicina. Rezultati su mnogobrojna isceljenja. Teslina tehnologija za savr\u0161eno zdravlje!","robots":{"index":"index","follow":"follow","max-snippet":"max-snippet:-1","max-image-preview":"max-image-preview:large","max-video-preview":"max-video-preview:-1"},"canonical":"https:\/\/zlatnodoba.org\/en\/proizvod\/kozmetika-frangipani-mist-domaci-proizvodi\/","og_locale":"en_GB","og_type":"article","og_title":"Kozmetika - Frangipani Mist - Doma\u0107i proizvodi - Zlatno Doba","og_description":"Garjajev aparat je \u010dista kvantna medicina. Rezultati su mnogobrojna isceljenja. Teslina tehnologija za savr\u0161eno zdravlje!","og_url":"https:\/\/zlatnodoba.org\/en\/proizvod\/kozmetika-frangipani-mist-domaci-proizvodi\/","og_site_name":"Zlatno Doba","article_modified_time":"2025-02-15T19:23:51+00:00","og_image":[{"width":1280,"height":1920,"url":"https:\/\/zlatnodoba.org\/wp-content\/uploads\/2025\/02\/IMG_8511.jpg","type":"image\/jpeg"}],"twitter_card":"summary_large_image","twitter_misc":{"Estimated reading time":"11 minutes"},"schema":{"@context":"https:\/\/schema.org","@graph":[{"@type":"WebPage","@id":"https:\/\/zlatnodoba.org\/proizvod\/kozmetika-frangipani-mist-domaci-proizvodi\/","url":"https:\/\/zlatnodoba.org\/proizvod\/kozmetika-frangipani-mist-domaci-proizvodi\/","name":"Kozmetika - Frangipani Mist - Doma\u0107i proizvodi - Zlatno Doba","isPartOf":{"@id":"https:\/\/zlatnodoba.org\/#website"},"primaryImageOfPage":{"@id":"https:\/\/zlatnodoba.org\/proizvod\/kozmetika-frangipani-mist-domaci-proizvodi\/#primaryimage"},"image":{"@id":"https:\/\/zlatnodoba.org\/proizvod\/kozmetika-frangipani-mist-domaci-proizvodi\/#primaryimage"},"thumbnailUrl":"https:\/\/zlatnodoba.org\/wp-content\/uploads\/2025\/02\/IMG_8511.jpg","datePublished":"2025-02-05T16:11:02+00:00","dateModified":"2025-02-15T19:23:51+00:00","description":"Garjajev aparat je \u010dista kvantna medicina. Rezultati su mnogobrojna isceljenja. Teslina tehnologija za savr\u0161eno zdravlje!","breadcrumb":{"@id":"https:\/\/zlatnodoba.org\/proizvod\/kozmetika-frangipani-mist-domaci-proizvodi\/#breadcrumb"},"inLanguage":"en-GB","potentialAction":[{"@type":"ReadAction","target":["https:\/\/zlatnodoba.org\/proizvod\/kozmetika-frangipani-mist-domaci-proizvodi\/"]}]},{"@type":"ImageObject","inLanguage":"en-GB","@id":"https:\/\/zlatnodoba.org\/proizvod\/kozmetika-frangipani-mist-domaci-proizvodi\/#primaryimage","url":"https:\/\/zlatnodoba.org\/wp-content\/uploads\/2025\/02\/IMG_8511.jpg","contentUrl":"https:\/\/zlatnodoba.org\/wp-content\/uploads\/2025\/02\/IMG_8511.jpg","width":1280,"height":1920},{"@type":"BreadcrumbList","@id":"https:\/\/zlatnodoba.org\/proizvod\/kozmetika-frangipani-mist-domaci-proizvodi\/#breadcrumb","itemListElement":[{"@type":"ListItem","position":1,"name":"Home","item":"https:\/\/zlatnodoba.org\/"},{"@type":"ListItem","position":2,"name":"Shop","item":"https:\/\/zlatnodoba.org\/shop\/"},{"@type":"ListItem","position":3,"name":"Kozmetika &#8211; Frangipani Mist &#8211; Doma\u0107i proizvodi"}]},{"@type":"WebSite","@id":"https:\/\/zlatnodoba.org\/#website","url":"https:\/\/zlatnodoba.org\/","name":"Zlatno Doba","description":"","potentialAction":[{"@type":"SearchAction","target":{"@type":"EntryPoint","urlTemplate":"https:\/\/zlatnodoba.org\/?s={search_term_string}"},"query-input":{"@type":"PropertyValueSpecification","valueRequired":true,"valueName":"search_term_string"}}],"inLanguage":"en-GB"}]}},"_links":{"self":[{"href":"https:\/\/zlatnodoba.org\/en\/wp-json\/wp\/v2\/product\/5444","targetHints":{"allow":["GET"]}}],"collection":[{"href":"https:\/\/zlatnodoba.org\/en\/wp-json\/wp\/v2\/product"}],"about":[{"href":"https:\/\/zlatnodoba.org\/en\/wp-json\/wp\/v2\/types\/product"}],"version-history":[{"count":2,"href":"https:\/\/zlatnodoba.org\/en\/wp-json\/wp\/v2\/product\/5444\/revisions"}],"predecessor-version":[{"id":5454,"href":"https:\/\/zlatnodoba.org\/en\/wp-json\/wp\/v2\/product\/5444\/revisions\/5454"}],"wp:featuredmedia":[{"embeddable":true,"href":"https:\/\/zlatnodoba.org\/en\/wp-json\/wp\/v2\/media\/5452"}],"wp:attachment":[{"href":"https:\/\/zlatnodoba.org\/en\/wp-json\/wp\/v2\/media?parent=5444"}],"wp:term":[{"taxonomy":"product_brand","embeddable":true,"href":"https:\/\/zlatnodoba.org\/en\/wp-json\/wp\/v2\/product_brand?post=5444"},{"taxonomy":"product_cat","embeddable":true,"href":"https:\/\/zlatnodoba.org\/en\/wp-json\/wp\/v2\/product_cat?post=5444"},{"taxonomy":"product_tag","embeddable":true,"href":"https:\/\/zlatnodoba.org\/en\/wp-json\/wp\/v2\/product_tag?post=5444"}],"curies":[{"name":"wp","href":"https:\/\/api.w.org\/{rel}","templated":true}]}}