{"id":4707,"date":"2025-01-30T09:59:20","date_gmt":"2025-01-30T09:59:20","guid":{"rendered":"https:\/\/zlatnodoba.org\/?post_type=product&#038;p=4707"},"modified":"2025-02-15T19:24:13","modified_gmt":"2025-02-15T19:24:13","slug":"angelina-avatar-zlatna-knjiga","status":"publish","type":"product","link":"https:\/\/zlatnodoba.org\/en\/proizvod\/angelina-avatar-zlatna-knjiga\/","title":{"rendered":"Angelina Avatar Zlatna Knjiga &#8211; Zlatno doba &#8211; 2025"},"content":{"rendered":"<h3 style=\"padding-left: 80px;\">Angelina Avatar Zlatna knjiga i posebna iskustva sa desete dimenzije svesti.<\/h3>\n<p style=\"padding-left: 80px;\">Zlatna knjiga Angelina Avatar &#8211; Nosi u sebi \u010distu svetlost bo\u017eanskog principa kroz svako napisano slovo.<\/p>\n<p style=\"padding-left: 80px;\">Ovo je posebna knjiga koja predstavlja spajanje duhovnog principa sa principom materijalnog tela.<\/p>\n<h3 style=\"padding-left: 80px;\">Angelina sadr\u017ei Bo\u017eanski aspekt neograni\u010dene apsolutne kosmi\u010dke svesti.<\/h3>\n<p style=\"padding-left: 80px;\"><em>Nakon prve emisije i skoro 100.000 pregleda u kojoj je govorila kako je do\u017eivela prosvetljenje, danas je Angelina ponovo sa nama u studiju Zlatno doba 369. <\/em><em>Govori \u0161ta je to prelazno doba i poslu\u0161ajte neverovatna duhovna iskustva, vizije, provi\u0111enja i snovi\u0111enja, poruke an\u0111ela, \u0161ifre za otvaranje kapije ve\u010dnosti, prosvetljenje, putovanje du\u0161e bez tela&#8230;<\/em><\/p>\n<p style=\"padding-left: 80px;\"><strong>Pogledajte izuzetan intervju: Angelina Avatar &#8211; Prelazno doba &#8211; Link: <a href=\"https:\/\/youtu.be\/2ZuJ8kZsiZY\">https:\/\/youtu.be\/2ZuJ8kZsiZY<\/a><\/strong><\/p>\n<h3 style=\"padding-left: 80px;\">Vremenski raspored i teme emisije:<\/h3>\n<p style=\"padding-left: 80px;\">00:55 \u2013 ANGELININ PRVI ZNA\u010cAJAN SUSRET SA ONOSTRANIM<\/p>\n<p style=\"padding-left: 80px;\">&#8211; \u017dena koja nije s ovog sveta<br \/>\n&#8211; Dolazak do desete dimenzije<br \/>\n&#8211; Bog se ljudima obra\u0107a kroz \u010duda<br \/>\n&#8211; Mozak ne mora da razume ono \u0161to je du\u0161a ve\u0107 razumela<\/p>\n<p style=\"padding-left: 80px;\">05:18 \u2013 PRELAZNO DOBA<br \/>\n&#8211; Istorijsko doba koje se de\u0161ava nekoliko hiljada godina<br \/>\n&#8211; Nova era koja se rasplamsava nosi sa sobom velike emocije<br \/>\n&#8211; Na\u0161e telo je dobilo tri svetlosne \u010destice (duhovni kod)<br \/>\n&#8211; Najva\u017enije je prevladati strah<\/p>\n<p style=\"padding-left: 80px;\">14:57 \u2013 \u0160TA JE SMISAO \u017dIVOTA?<br \/>\n&#8211; Dolazimo od Izvora; stalno se ponovo ra\u0111amo;<br \/>\n&#8211; Sakupljamo informacije koje oboga\u0107uju iskustva du\u0161e<br \/>\n&#8211; Li\u010dni duhovni ugovori<br \/>\n&#8211; Gde ide du\u0161a kada se oslobodi tela?<br \/>\n&#8211; Svemajka, Bog Otac i duhovna vatra<br \/>\n&#8211; Duhovni svet nas ljude razlikuje po duhovnom plamenu koji nosimo<\/p>\n<p style=\"padding-left: 80px;\">20:53 \u2013 PROSVETLJENJE<br \/>\n&#8211; Prosvetljenje se de\u0161ava bez na\u0161e volje<br \/>\n&#8211; Najve\u0107e energije u univerzumu su Svemajka (kristali vode) i Bog Otac<br \/>\n&#8211; Mi smo samo u telu mali, ina\u010de smo mnogo ve\u0107i<br \/>\n&#8211; Du\u0161a je veoma tiha, ali mo\u017eemo da je \u010dujemo<\/p>\n<p style=\"padding-left: 80px;\">36:35 \u2013 PITANJA IZ PUBLIKE<\/p>\n<p style=\"padding-left: 80px;\">&#8211; Kada \u0107e da do\u0111e novo doba?<br \/>\n&#8211; Da li \u0107e strahovi da odu kada spoznamo da smo u novom dobu?<br \/>\n&#8211; Kako bi se pojedinac sam oslobodio straha?<br \/>\n&#8211; Dolazi novo doba, a mnogi ljudi sve dublje tonu, \u0161ta se de\u0161ava?<br \/>\n&#8211; Da li ljudi mogu da se nadaju pomo\u0107i energija na duhovnom putu?<br \/>\n&#8211; Koji je najbr\u017ei na\u010din da se oslobodimo karme?<\/p>\n<p style=\"padding-left: 80px;\">Pogledajte i ostale proizvode na: ZLATNO DOBA SHOP &#8211; <a href=\"https:\/\/zlatnodoba.org\/en\/shop\/\">https:\/\/zlatnodoba.org\/shop\/<\/a><\/p>","protected":false},"excerpt":{"rendered":"<h4>Angelina Avatar ZLATNA KNJIGA otvara vrlo neobi\u010dne duhovne spoznaje i odgovara na najve\u0107a zemaljska i kosmi\u010dka pitanja za celo \u010dove\u010danstvo.<\/h4>\n<p>\u0160ta odlu\u010duje sudbinu daleke budu\u0107nosti \u010dove\u010danstva?<\/p>\n<p>\u0160ta je to otelotvorenje i bo\u017eanska inkanracija?<\/p>\n<p>Da li kroz sve ljude dolazi bo\u017eanska transformacija i spoznaja?<\/p>\n<p>Ko su nosioci svetlosti i visoke svesti?<\/p>\n<h4>Zlatna knjiga Angelina Avatar odgovara na pitanje su\u0161tine Bo\u017eijeg plana.<\/h4>","protected":false},"featured_media":5138,"template":"","meta":{"_acf_changed":false,"_hpay_column_layout":"0","_hpay_name_price":"0","pmpro_default_level":""},"product_brand":[],"product_cat":[85],"product_tag":[113],"class_list":{"0":"post-4707","1":"product","2":"type-product","3":"status-publish","4":"has-post-thumbnail","6":"product_cat-knjige","7":"product_tag-angelina-avatar","8":"pmpro-has-access","10":"first","11":"instock","12":"taxable","13":"shipping-taxable","14":"purchasable","15":"product-type-simple"},"acf":[],"yoast_head":"<!-- This site is optimized with the Yoast SEO plugin v27.1 - https:\/\/yoast.com\/product\/yoast-seo-wordpress\/ -->\n<title>Angelina Avatar Zlatna Knjiga - Zlatno doba - 2025 - Zlatno Doba<\/title>\n<meta name=\"description\" content=\"Angelina Avatar ZLATNA KNJIGA otvara vrlo neobi\u010dne duhovne spoznaje i odgovara na najve\u0107a zemaljska i kosmi\u010dka pitanja za celo \u010dove\u010danstvo.\" \/>\n<meta name=\"robots\" content=\"index, follow, max-snippet:-1, max-image-preview:large, max-video-preview:-1\" \/>\n<link rel=\"canonical\" href=\"https:\/\/zlatnodoba.org\/en\/proizvod\/angelina-avatar-zlatna-knjiga\/\" \/>\n<meta property=\"og:locale\" content=\"en_GB\" \/>\n<meta property=\"og:type\" content=\"article\" \/>\n<meta property=\"og:title\" content=\"Angelina Avatar Zlatna Knjiga - Zlatno doba - 2025 - Zlatno Doba\" \/>\n<meta property=\"og:description\" content=\"Angelina Avatar ZLATNA KNJIGA otvara vrlo neobi\u010dne duhovne spoznaje i odgovara na najve\u0107a zemaljska i kosmi\u010dka pitanja za celo \u010dove\u010danstvo.\" \/>\n<meta property=\"og:url\" content=\"https:\/\/zlatnodoba.org\/en\/proizvod\/angelina-avatar-zlatna-knjiga\/\" \/>\n<meta property=\"og:site_name\" content=\"Zlatno Doba\" \/>\n<meta property=\"article:modified_time\" content=\"2025-02-15T19:24:13+00:00\" \/>\n<meta property=\"og:image\" content=\"https:\/\/zlatnodoba.org\/wp-content\/uploads\/2025\/01\/Zlatna-knjiga-Angelina-Avatar-2025-cover.png\" \/>\n\t<meta property=\"og:image:width\" content=\"524\" \/>\n\t<meta property=\"og:image:height\" content=\"753\" \/>\n\t<meta property=\"og:image:type\" content=\"image\/png\" \/>\n<meta name=\"twitter:card\" content=\"summary_large_image\" \/>\n<meta name=\"twitter:label1\" content=\"Estimated reading time\" \/>\n\t<meta name=\"twitter:data1\" content=\"3 minutes\" \/>\n<script type=\"application\/ld+json\" class=\"yoast-schema-graph\">{\"@context\":\"https:\/\/schema.org\",\"@graph\":[{\"@type\":\"WebPage\",\"@id\":\"https:\/\/zlatnodoba.org\/proizvod\/angelina-avatar-zlatna-knjiga\/\",\"url\":\"https:\/\/zlatnodoba.org\/proizvod\/angelina-avatar-zlatna-knjiga\/\",\"name\":\"Angelina Avatar Zlatna Knjiga - Zlatno doba - 2025 - Zlatno Doba\",\"isPartOf\":{\"@id\":\"https:\/\/zlatnodoba.org\/#website\"},\"primaryImageOfPage\":{\"@id\":\"https:\/\/zlatnodoba.org\/proizvod\/angelina-avatar-zlatna-knjiga\/#primaryimage\"},\"image\":{\"@id\":\"https:\/\/zlatnodoba.org\/proizvod\/angelina-avatar-zlatna-knjiga\/#primaryimage\"},\"thumbnailUrl\":\"https:\/\/zlatnodoba.org\/wp-content\/uploads\/2025\/01\/Zlatna-knjiga-Angelina-Avatar-2025-cover.png\",\"datePublished\":\"2025-01-30T09:59:20+00:00\",\"dateModified\":\"2025-02-15T19:24:13+00:00\",\"description\":\"Angelina Avatar ZLATNA KNJIGA otvara vrlo neobi\u010dne duhovne spoznaje i odgovara na najve\u0107a zemaljska i kosmi\u010dka pitanja za celo \u010dove\u010danstvo.\",\"breadcrumb\":{\"@id\":\"https:\/\/zlatnodoba.org\/proizvod\/angelina-avatar-zlatna-knjiga\/#breadcrumb\"},\"inLanguage\":\"en-GB\",\"potentialAction\":[{\"@type\":\"ReadAction\",\"target\":[\"https:\/\/zlatnodoba.org\/proizvod\/angelina-avatar-zlatna-knjiga\/\"]}]},{\"@type\":\"ImageObject\",\"inLanguage\":\"en-GB\",\"@id\":\"https:\/\/zlatnodoba.org\/proizvod\/angelina-avatar-zlatna-knjiga\/#primaryimage\",\"url\":\"https:\/\/zlatnodoba.org\/wp-content\/uploads\/2025\/01\/Zlatna-knjiga-Angelina-Avatar-2025-cover.png\",\"contentUrl\":\"https:\/\/zlatnodoba.org\/wp-content\/uploads\/2025\/01\/Zlatna-knjiga-Angelina-Avatar-2025-cover.png\",\"width\":524,\"height\":753,\"caption\":\"Angelina Avatar Zlatna Knjiga - Zlatno doba - 2025\"},{\"@type\":\"BreadcrumbList\",\"@id\":\"https:\/\/zlatnodoba.org\/proizvod\/angelina-avatar-zlatna-knjiga\/#breadcrumb\",\"itemListElement\":[{\"@type\":\"ListItem\",\"position\":1,\"name\":\"Home\",\"item\":\"https:\/\/zlatnodoba.org\/\"},{\"@type\":\"ListItem\",\"position\":2,\"name\":\"Shop\",\"item\":\"https:\/\/zlatnodoba.org\/shop\/\"},{\"@type\":\"ListItem\",\"position\":3,\"name\":\"Angelina Avatar Zlatna knjiga\"}]},{\"@type\":\"WebSite\",\"@id\":\"https:\/\/zlatnodoba.org\/#website\",\"url\":\"https:\/\/zlatnodoba.org\/\",\"name\":\"Zlatno Doba\",\"description\":\"\",\"potentialAction\":[{\"@type\":\"SearchAction\",\"target\":{\"@type\":\"EntryPoint\",\"urlTemplate\":\"https:\/\/zlatnodoba.org\/?s={search_term_string}\"},\"query-input\":{\"@type\":\"PropertyValueSpecification\",\"valueRequired\":true,\"valueName\":\"search_term_string\"}}],\"inLanguage\":\"en-GB\"}]}<\/script>\n<!-- \/ Yoast SEO plugin. -->","yoast_head_json":{"title":"Angelina Avatar Zlatna Knjiga - Zlatno doba - 2025 - Zlatno Doba","description":"Angelina Avatar ZLATNA KNJIGA otvara vrlo neobi\u010dne duhovne spoznaje i odgovara na najve\u0107a zemaljska i kosmi\u010dka pitanja za celo \u010dove\u010danstvo.","robots":{"index":"index","follow":"follow","max-snippet":"max-snippet:-1","max-image-preview":"max-image-preview:large","max-video-preview":"max-video-preview:-1"},"canonical":"https:\/\/zlatnodoba.org\/en\/proizvod\/angelina-avatar-zlatna-knjiga\/","og_locale":"en_GB","og_type":"article","og_title":"Angelina Avatar Zlatna Knjiga - Zlatno doba - 2025 - Zlatno Doba","og_description":"Angelina Avatar ZLATNA KNJIGA otvara vrlo neobi\u010dne duhovne spoznaje i odgovara na najve\u0107a zemaljska i kosmi\u010dka pitanja za celo \u010dove\u010danstvo.","og_url":"https:\/\/zlatnodoba.org\/en\/proizvod\/angelina-avatar-zlatna-knjiga\/","og_site_name":"Zlatno Doba","article_modified_time":"2025-02-15T19:24:13+00:00","og_image":[{"width":524,"height":753,"url":"https:\/\/zlatnodoba.org\/wp-content\/uploads\/2025\/01\/Zlatna-knjiga-Angelina-Avatar-2025-cover.png","type":"image\/png"}],"twitter_card":"summary_large_image","twitter_misc":{"Estimated reading time":"3 minutes"},"schema":{"@context":"https:\/\/schema.org","@graph":[{"@type":"WebPage","@id":"https:\/\/zlatnodoba.org\/proizvod\/angelina-avatar-zlatna-knjiga\/","url":"https:\/\/zlatnodoba.org\/proizvod\/angelina-avatar-zlatna-knjiga\/","name":"Angelina Avatar Zlatna Knjiga - Zlatno doba - 2025 - Zlatno Doba","isPartOf":{"@id":"https:\/\/zlatnodoba.org\/#website"},"primaryImageOfPage":{"@id":"https:\/\/zlatnodoba.org\/proizvod\/angelina-avatar-zlatna-knjiga\/#primaryimage"},"image":{"@id":"https:\/\/zlatnodoba.org\/proizvod\/angelina-avatar-zlatna-knjiga\/#primaryimage"},"thumbnailUrl":"https:\/\/zlatnodoba.org\/wp-content\/uploads\/2025\/01\/Zlatna-knjiga-Angelina-Avatar-2025-cover.png","datePublished":"2025-01-30T09:59:20+00:00","dateModified":"2025-02-15T19:24:13+00:00","description":"Angelina Avatar ZLATNA KNJIGA otvara vrlo neobi\u010dne duhovne spoznaje i odgovara na najve\u0107a zemaljska i kosmi\u010dka pitanja za celo \u010dove\u010danstvo.","breadcrumb":{"@id":"https:\/\/zlatnodoba.org\/proizvod\/angelina-avatar-zlatna-knjiga\/#breadcrumb"},"inLanguage":"en-GB","potentialAction":[{"@type":"ReadAction","target":["https:\/\/zlatnodoba.org\/proizvod\/angelina-avatar-zlatna-knjiga\/"]}]},{"@type":"ImageObject","inLanguage":"en-GB","@id":"https:\/\/zlatnodoba.org\/proizvod\/angelina-avatar-zlatna-knjiga\/#primaryimage","url":"https:\/\/zlatnodoba.org\/wp-content\/uploads\/2025\/01\/Zlatna-knjiga-Angelina-Avatar-2025-cover.png","contentUrl":"https:\/\/zlatnodoba.org\/wp-content\/uploads\/2025\/01\/Zlatna-knjiga-Angelina-Avatar-2025-cover.png","width":524,"height":753,"caption":"Angelina Avatar Zlatna Knjiga - Zlatno doba - 2025"},{"@type":"BreadcrumbList","@id":"https:\/\/zlatnodoba.org\/proizvod\/angelina-avatar-zlatna-knjiga\/#breadcrumb","itemListElement":[{"@type":"ListItem","position":1,"name":"Home","item":"https:\/\/zlatnodoba.org\/"},{"@type":"ListItem","position":2,"name":"Shop","item":"https:\/\/zlatnodoba.org\/shop\/"},{"@type":"ListItem","position":3,"name":"Angelina Avatar Zlatna knjiga"}]},{"@type":"WebSite","@id":"https:\/\/zlatnodoba.org\/#website","url":"https:\/\/zlatnodoba.org\/","name":"Zlatno Doba","description":"","potentialAction":[{"@type":"SearchAction","target":{"@type":"EntryPoint","urlTemplate":"https:\/\/zlatnodoba.org\/?s={search_term_string}"},"query-input":{"@type":"PropertyValueSpecification","valueRequired":true,"valueName":"search_term_string"}}],"inLanguage":"en-GB"}]}},"_links":{"self":[{"href":"https:\/\/zlatnodoba.org\/en\/wp-json\/wp\/v2\/product\/4707","targetHints":{"allow":["GET"]}}],"collection":[{"href":"https:\/\/zlatnodoba.org\/en\/wp-json\/wp\/v2\/product"}],"about":[{"href":"https:\/\/zlatnodoba.org\/en\/wp-json\/wp\/v2\/types\/product"}],"version-history":[{"count":8,"href":"https:\/\/zlatnodoba.org\/en\/wp-json\/wp\/v2\/product\/4707\/revisions"}],"predecessor-version":[{"id":6020,"href":"https:\/\/zlatnodoba.org\/en\/wp-json\/wp\/v2\/product\/4707\/revisions\/6020"}],"wp:featuredmedia":[{"embeddable":true,"href":"https:\/\/zlatnodoba.org\/en\/wp-json\/wp\/v2\/media\/5138"}],"wp:attachment":[{"href":"https:\/\/zlatnodoba.org\/en\/wp-json\/wp\/v2\/media?parent=4707"}],"wp:term":[{"taxonomy":"product_brand","embeddable":true,"href":"https:\/\/zlatnodoba.org\/en\/wp-json\/wp\/v2\/product_brand?post=4707"},{"taxonomy":"product_cat","embeddable":true,"href":"https:\/\/zlatnodoba.org\/en\/wp-json\/wp\/v2\/product_cat?post=4707"},{"taxonomy":"product_tag","embeddable":true,"href":"https:\/\/zlatnodoba.org\/en\/wp-json\/wp\/v2\/product_tag?post=4707"}],"curies":[{"name":"wp","href":"https:\/\/api.w.org\/{rel}","templated":true}]}}