{"id":3822,"date":"2025-01-16T08:59:18","date_gmt":"2025-01-16T08:59:18","guid":{"rendered":"https:\/\/zlatnodoba.org\/?post_type=product&#038;p=3822"},"modified":"2025-02-15T19:24:26","modified_gmt":"2025-02-15T19:24:26","slug":"teslin-zlatni-disk","status":"publish","type":"product","link":"https:\/\/zlatnodoba.org\/en\/proizvod\/teslin-zlatni-disk\/","title":{"rendered":"Teslin Zlatni Disk"},"content":{"rendered":"<h2 style=\"padding-left: 80px;\"><strong><b>Teslin Zlatni disk je deo kvantne Tesline medicine.<\/b><\/strong><\/h2>\n<p style=\"padding-left: 80px;\"><span style=\"font-size: 16px;\">Teslin zlatni disk jeste deo istra\u017eivanja Nikole Tesle o neograni\u010denoj Energiji i tehnoligiji savr\u0161enog zdravlja.<\/span><\/p>\n<h3 style=\"padding-left: 80px;\">Nau\u010dno priznat u Bion Institutu Bioelektromagnetike i nove biologije<\/h3>\n<p style=\"padding-left: 80px;\">Izra\u0111en je od najboljih materijala i bi\u0107ete odu\u0161evljeni ne samo izgledom nego i blagotvornim dejstvom koje \u0107ete do\u017eiveti i osetiti.\u00a0\u00a0Vrhunski Kvalitet Proizvoda sa Antibakterijskom Za\u0161titom!<\/p>\n<h3 style=\"padding-left: 80px;\">Baziran na pronalascima i tehnologiji Nikole Tesle, kao i njegovim istra\u017eivanjima o besplatnoj energiji, frekvenciji i vibraciji, mo\u017ee vam doneti pozitivne efekte iznad Va\u0161ih o\u010dekivanja.<\/h3>\n<p style=\"padding-left: 80px;\">Jo\u0161 vi\u0161e mo\u017eete pro\u010ditati na:<a href=\"https:\/\/leonbijelic.com\/tesline-tahjonske-ploce\/\"> https:\/\/leonbijelic.com\/tesline-tahjonske-ploce\/<\/a><\/p>\n<p style=\"padding-left: 80px;\">Izra\u0111en od najkvalitetnijih materijala, ovo je proizvod koji \u0107ete obo\u017eavati. Samo ga stavite oko vrata i bi\u0107ete odu\u0161evljeni pozitivnim efektima koje \u0107ete odmah primetiti.<\/p>\n<p style=\"padding-left: 80px;\">Baziran na istra\u017eivanjima i radu Nikole Tesle, Teslin solarni disk je jedinstveni Generator \u017divotne Energije koji pobolj\u0161ava stanje Uma, Tela i Du\u0161e i poma\u017ee kod mnogih zdravstvenih problema.<\/p>\n<h3 style=\"padding-left: 80px;\">Ovaj proizvod je nau\u010dno ispitan na institutu Bion!<\/h3>\n<p style=\"padding-left: 80px;\">On predstavlja antenu i predajnik radijantne energije za koju je Nikola Tesla tvrdio da je najva\u017enija u svakoj kreaciji u Univerzumu.<\/p>\n<p style=\"padding-left: 80px;\">Dokazano je da ima suptilni uticaj na dinami\u010dke strukture vode, a obzirom da je telo sa\u010dinjeno od najmanje 70% vode \u2013 ima gotovo trenutan pozitivan efekat na zdravlje i op\u0161te stanje organizma.<\/p>\n<h3 style=\"padding-left: 80px;\">Jednostavno, Teslin zlatni disk ubrzava proces regeneracije \u0107elija tako \u0161to ima direktan uticaj na molekule vode u telu.<\/h3>\n<p style=\"padding-left: 80px;\">Teslin zlatni disk tako\u0111e mo\u017ee biti dobar EMF \u0161tit, koji Vas \u010duva od negativnih uticaja elektromagnetnog zra\u010denja.<\/p>\n<p style=\"padding-left: 80px;\">Jo\u0161 vi\u0161e mo\u017eete pro\u010ditati na:<a href=\"https:\/\/leonbijelic.com\/tesline-tahjonske-ploce\/\"> https:\/\/leonbijelic.com\/tesline-tahjonske-ploce\/<\/a><\/p>\n<h3 style=\"padding-left: 80px;\">Energizovani kristali sa obe strane diska su programirani blagotvornim frekvencijama i na taj na\u010din \u2013 poja\u010davaju pozitivan efekat.<\/h3>\n<p style=\"padding-left: 80px;\">Ceo paket dolazi u luksuznom crnom pakovanju sa sertifikatom nau\u010dnog istra\u017eivanja, sa korisni\u010dkim uputstvom i crnom trakom.<\/p>\n<p style=\"padding-left: 80px;\">\u0160aljemo po\u0161tom za Srbiju i inostranstvo. Rok trajanja: Neograni\u010den.<\/p>\n<p style=\"padding-left: 80px;\">Ako \u017eelite naru\u010diti ceo porodi\u010dni paket &#8211; TESLINE TAHJONSKE PLO\u010cE I TESLINE TAHJONSKE DISKOVE, pogledajte sve na linku: <a href=\"https:\/\/zlatnodoba.org\/en\/proizvod\/paket-teslin-tahjonski-ploca-disk\/\">https:\/\/zlatnodoba.org\/proizvod\/paket-teslin-tahjonski-ploca-disk\/<\/a><\/p>\n<blockquote style=\"padding-left: 80px;\">\n<h3 style=\"padding-left: 80px;\"><em><strong>\u201cOnoga dana kada nauka po\u010dne prou\u010davati nefizi\u010dke (duhovne) pojave, u deset godina napredova\u0107e vi\u0161e nego u ranijim vekovima svoje istorije.\u201d &#8211; Nikola Tesla<\/strong><\/em><\/h3>\n<\/blockquote>","protected":false},"excerpt":{"rendered":"<p><strong><b>Teslin Zlatni disk je deo kvantne Tesline medicine. <\/b><\/strong><span style=\"font-size: 16px;\">Deo istra\u017eivanja Nikole Tesle o neograni\u010denoj Energiji i tehnoligiji savr\u0161enog zdravlja.<\/span><\/p>\n<p><strong>Ovaj proizvod je nau\u010dno ispitan na institutu Bion! <\/strong>On predstavlja antenu i predajnik radijantne energije za koju je Nikola Tesla tvrdio da je najva\u017enija u svakoj kreaciji u Univerzumu. <strong>Dokazano je da ima suptilni uticaj na dinami\u010dke strukture vode, <\/strong>a obzirom da je telo sa\u010dinjeno od najmanje 70% vode \u2013 ima gotovo trenutan pozitivan efekat na zdravlje i op\u0161te stanje organizma.<\/p>\n<p><strong><span style=\"font-size: 16px;\">TESLIN ZLATNI DISK vam mo\u017ee doneti pozitivne utiske iznad o\u010dekivanja:<\/span><\/strong><\/p>\n<ul>\n<li>Pobolj\u0161ava kvalitet \u017eivota na mnogo na\u010dina,<\/li>\n<li>Ubrzava proces regeneracije \u0107elija,<\/li>\n<li>Pobolj\u0161ava molekule dinami\u010dkih struktura vode,<\/li>\n<li>Podi\u017ee mentalnu i fizi\u010dku energiju,<\/li>\n<li>\u0160titi od elektomagnetnog zra\u010denja,<\/li>\n<li>Usporava proces starenja\u2026<\/li>\n<\/ul>","protected":false},"featured_media":3826,"template":"","meta":{"_acf_changed":false,"_hpay_column_layout":"0","_hpay_name_price":"0","pmpro_default_level":""},"product_brand":[],"product_cat":[92],"product_tag":[],"class_list":{"0":"post-3822","1":"product","2":"type-product","3":"status-publish","4":"has-post-thumbnail","6":"product_cat-zastita-od-zracenja","7":"pmpro-has-access","9":"first","10":"instock","11":"taxable","12":"shipping-taxable","13":"purchasable","14":"product-type-simple"},"acf":[],"yoast_head":"<!-- This site is optimized with the Yoast SEO plugin v27.1 - https:\/\/yoast.com\/product\/yoast-seo-wordpress\/ -->\n<title>Teslin Zlatni Disk - Zlatno Doba<\/title>\n<meta name=\"description\" content=\"Teslin zlatni disk je deo kvantne Tesline medicine. Ubrzava proces regeneracije \u0107elija i nau\u010dno je ispitan i potvr\u0111en uticaj i pozitivni rezultati.\" \/>\n<meta name=\"robots\" content=\"index, follow, max-snippet:-1, max-image-preview:large, max-video-preview:-1\" \/>\n<link rel=\"canonical\" href=\"https:\/\/zlatnodoba.org\/en\/proizvod\/teslin-zlatni-disk\/\" \/>\n<meta property=\"og:locale\" content=\"en_GB\" \/>\n<meta property=\"og:type\" content=\"article\" \/>\n<meta property=\"og:title\" content=\"Teslin Zlatni Disk - Zlatno Doba\" \/>\n<meta property=\"og:description\" content=\"Teslin zlatni disk je deo kvantne Tesline medicine. Ubrzava proces regeneracije \u0107elija i nau\u010dno je ispitan i potvr\u0111en uticaj i pozitivni rezultati.\" \/>\n<meta property=\"og:url\" content=\"https:\/\/zlatnodoba.org\/en\/proizvod\/teslin-zlatni-disk\/\" \/>\n<meta property=\"og:site_name\" content=\"Zlatno Doba\" \/>\n<meta property=\"article:modified_time\" content=\"2025-02-15T19:24:26+00:00\" \/>\n<meta property=\"og:image\" content=\"https:\/\/zlatnodoba.org\/wp-content\/uploads\/2025\/01\/IMG_4623.jpg\" \/>\n\t<meta property=\"og:image:width\" content=\"1000\" \/>\n\t<meta property=\"og:image:height\" content=\"653\" \/>\n\t<meta property=\"og:image:type\" content=\"image\/jpeg\" \/>\n<meta name=\"twitter:card\" content=\"summary_large_image\" \/>\n<meta name=\"twitter:label1\" content=\"Estimated reading time\" \/>\n\t<meta name=\"twitter:data1\" content=\"2 minutes\" \/>\n<script type=\"application\/ld+json\" class=\"yoast-schema-graph\">{\"@context\":\"https:\/\/schema.org\",\"@graph\":[{\"@type\":\"WebPage\",\"@id\":\"https:\/\/zlatnodoba.org\/proizvod\/teslin-zlatni-disk\/\",\"url\":\"https:\/\/zlatnodoba.org\/proizvod\/teslin-zlatni-disk\/\",\"name\":\"Teslin Zlatni Disk - Zlatno Doba\",\"isPartOf\":{\"@id\":\"https:\/\/zlatnodoba.org\/#website\"},\"primaryImageOfPage\":{\"@id\":\"https:\/\/zlatnodoba.org\/proizvod\/teslin-zlatni-disk\/#primaryimage\"},\"image\":{\"@id\":\"https:\/\/zlatnodoba.org\/proizvod\/teslin-zlatni-disk\/#primaryimage\"},\"thumbnailUrl\":\"https:\/\/zlatnodoba.org\/wp-content\/uploads\/2025\/01\/IMG_4623.jpg\",\"datePublished\":\"2025-01-16T08:59:18+00:00\",\"dateModified\":\"2025-02-15T19:24:26+00:00\",\"description\":\"Teslin zlatni disk je deo kvantne Tesline medicine. Ubrzava proces regeneracije \u0107elija i nau\u010dno je ispitan i potvr\u0111en uticaj i pozitivni rezultati.\",\"breadcrumb\":{\"@id\":\"https:\/\/zlatnodoba.org\/proizvod\/teslin-zlatni-disk\/#breadcrumb\"},\"inLanguage\":\"en-GB\",\"potentialAction\":[{\"@type\":\"ReadAction\",\"target\":[\"https:\/\/zlatnodoba.org\/proizvod\/teslin-zlatni-disk\/\"]}]},{\"@type\":\"ImageObject\",\"inLanguage\":\"en-GB\",\"@id\":\"https:\/\/zlatnodoba.org\/proizvod\/teslin-zlatni-disk\/#primaryimage\",\"url\":\"https:\/\/zlatnodoba.org\/wp-content\/uploads\/2025\/01\/IMG_4623.jpg\",\"contentUrl\":\"https:\/\/zlatnodoba.org\/wp-content\/uploads\/2025\/01\/IMG_4623.jpg\",\"width\":1000,\"height\":653,\"caption\":\"Teslin Zlatni disk je deo kvantne Tesline medicine.\"},{\"@type\":\"BreadcrumbList\",\"@id\":\"https:\/\/zlatnodoba.org\/proizvod\/teslin-zlatni-disk\/#breadcrumb\",\"itemListElement\":[{\"@type\":\"ListItem\",\"position\":1,\"name\":\"Home\",\"item\":\"https:\/\/zlatnodoba.org\/\"},{\"@type\":\"ListItem\",\"position\":2,\"name\":\"Shop\",\"item\":\"https:\/\/zlatnodoba.org\/shop\/\"},{\"@type\":\"ListItem\",\"position\":3,\"name\":\"Teslin Zlatni Disk\"}]},{\"@type\":\"WebSite\",\"@id\":\"https:\/\/zlatnodoba.org\/#website\",\"url\":\"https:\/\/zlatnodoba.org\/\",\"name\":\"Zlatno Doba\",\"description\":\"\",\"potentialAction\":[{\"@type\":\"SearchAction\",\"target\":{\"@type\":\"EntryPoint\",\"urlTemplate\":\"https:\/\/zlatnodoba.org\/?s={search_term_string}\"},\"query-input\":{\"@type\":\"PropertyValueSpecification\",\"valueRequired\":true,\"valueName\":\"search_term_string\"}}],\"inLanguage\":\"en-GB\"}]}<\/script>\n<!-- \/ Yoast SEO plugin. -->","yoast_head_json":{"title":"Teslin Zlatni Disk - Zlatno Doba","description":"Teslin zlatni disk je deo kvantne Tesline medicine. Ubrzava proces regeneracije \u0107elija i nau\u010dno je ispitan i potvr\u0111en uticaj i pozitivni rezultati.","robots":{"index":"index","follow":"follow","max-snippet":"max-snippet:-1","max-image-preview":"max-image-preview:large","max-video-preview":"max-video-preview:-1"},"canonical":"https:\/\/zlatnodoba.org\/en\/proizvod\/teslin-zlatni-disk\/","og_locale":"en_GB","og_type":"article","og_title":"Teslin Zlatni Disk - Zlatno Doba","og_description":"Teslin zlatni disk je deo kvantne Tesline medicine. Ubrzava proces regeneracije \u0107elija i nau\u010dno je ispitan i potvr\u0111en uticaj i pozitivni rezultati.","og_url":"https:\/\/zlatnodoba.org\/en\/proizvod\/teslin-zlatni-disk\/","og_site_name":"Zlatno Doba","article_modified_time":"2025-02-15T19:24:26+00:00","og_image":[{"width":1000,"height":653,"url":"https:\/\/zlatnodoba.org\/wp-content\/uploads\/2025\/01\/IMG_4623.jpg","type":"image\/jpeg"}],"twitter_card":"summary_large_image","twitter_misc":{"Estimated reading time":"2 minutes"},"schema":{"@context":"https:\/\/schema.org","@graph":[{"@type":"WebPage","@id":"https:\/\/zlatnodoba.org\/proizvod\/teslin-zlatni-disk\/","url":"https:\/\/zlatnodoba.org\/proizvod\/teslin-zlatni-disk\/","name":"Teslin Zlatni Disk - Zlatno Doba","isPartOf":{"@id":"https:\/\/zlatnodoba.org\/#website"},"primaryImageOfPage":{"@id":"https:\/\/zlatnodoba.org\/proizvod\/teslin-zlatni-disk\/#primaryimage"},"image":{"@id":"https:\/\/zlatnodoba.org\/proizvod\/teslin-zlatni-disk\/#primaryimage"},"thumbnailUrl":"https:\/\/zlatnodoba.org\/wp-content\/uploads\/2025\/01\/IMG_4623.jpg","datePublished":"2025-01-16T08:59:18+00:00","dateModified":"2025-02-15T19:24:26+00:00","description":"Teslin zlatni disk je deo kvantne Tesline medicine. Ubrzava proces regeneracije \u0107elija i nau\u010dno je ispitan i potvr\u0111en uticaj i pozitivni rezultati.","breadcrumb":{"@id":"https:\/\/zlatnodoba.org\/proizvod\/teslin-zlatni-disk\/#breadcrumb"},"inLanguage":"en-GB","potentialAction":[{"@type":"ReadAction","target":["https:\/\/zlatnodoba.org\/proizvod\/teslin-zlatni-disk\/"]}]},{"@type":"ImageObject","inLanguage":"en-GB","@id":"https:\/\/zlatnodoba.org\/proizvod\/teslin-zlatni-disk\/#primaryimage","url":"https:\/\/zlatnodoba.org\/wp-content\/uploads\/2025\/01\/IMG_4623.jpg","contentUrl":"https:\/\/zlatnodoba.org\/wp-content\/uploads\/2025\/01\/IMG_4623.jpg","width":1000,"height":653,"caption":"Teslin Zlatni disk je deo kvantne Tesline medicine."},{"@type":"BreadcrumbList","@id":"https:\/\/zlatnodoba.org\/proizvod\/teslin-zlatni-disk\/#breadcrumb","itemListElement":[{"@type":"ListItem","position":1,"name":"Home","item":"https:\/\/zlatnodoba.org\/"},{"@type":"ListItem","position":2,"name":"Shop","item":"https:\/\/zlatnodoba.org\/shop\/"},{"@type":"ListItem","position":3,"name":"Teslin Zlatni Disk"}]},{"@type":"WebSite","@id":"https:\/\/zlatnodoba.org\/#website","url":"https:\/\/zlatnodoba.org\/","name":"Zlatno Doba","description":"","potentialAction":[{"@type":"SearchAction","target":{"@type":"EntryPoint","urlTemplate":"https:\/\/zlatnodoba.org\/?s={search_term_string}"},"query-input":{"@type":"PropertyValueSpecification","valueRequired":true,"valueName":"search_term_string"}}],"inLanguage":"en-GB"}]}},"_links":{"self":[{"href":"https:\/\/zlatnodoba.org\/en\/wp-json\/wp\/v2\/product\/3822","targetHints":{"allow":["GET"]}}],"collection":[{"href":"https:\/\/zlatnodoba.org\/en\/wp-json\/wp\/v2\/product"}],"about":[{"href":"https:\/\/zlatnodoba.org\/en\/wp-json\/wp\/v2\/types\/product"}],"version-history":[{"count":4,"href":"https:\/\/zlatnodoba.org\/en\/wp-json\/wp\/v2\/product\/3822\/revisions"}],"predecessor-version":[{"id":5155,"href":"https:\/\/zlatnodoba.org\/en\/wp-json\/wp\/v2\/product\/3822\/revisions\/5155"}],"wp:featuredmedia":[{"embeddable":true,"href":"https:\/\/zlatnodoba.org\/en\/wp-json\/wp\/v2\/media\/3826"}],"wp:attachment":[{"href":"https:\/\/zlatnodoba.org\/en\/wp-json\/wp\/v2\/media?parent=3822"}],"wp:term":[{"taxonomy":"product_brand","embeddable":true,"href":"https:\/\/zlatnodoba.org\/en\/wp-json\/wp\/v2\/product_brand?post=3822"},{"taxonomy":"product_cat","embeddable":true,"href":"https:\/\/zlatnodoba.org\/en\/wp-json\/wp\/v2\/product_cat?post=3822"},{"taxonomy":"product_tag","embeddable":true,"href":"https:\/\/zlatnodoba.org\/en\/wp-json\/wp\/v2\/product_tag?post=3822"}],"curies":[{"name":"wp","href":"https:\/\/api.w.org\/{rel}","templated":true}]}}