{"id":3816,"date":"2025-01-16T08:56:48","date_gmt":"2025-01-16T08:56:48","guid":{"rendered":"https:\/\/zlatnodoba.org\/?post_type=product&#038;p=3816"},"modified":"2025-02-15T19:24:23","modified_gmt":"2025-02-15T19:24:23","slug":"teslin-tahjonski-disk","status":"publish","type":"product","link":"https:\/\/zlatnodoba.org\/en\/proizvod\/teslin-tahjonski-disk\/","title":{"rendered":"Teslin Tahjonski Disk"},"content":{"rendered":"<p style=\"padding-left: 80px;\">Tesline energetske plo\u010de sa rezonansom spektra planetarnih frekvencija, poznatim kao \u201e\u0160umanove rezonanse\u201c stvaraju suptilno, ali ipak mo\u0107no polje energije, koje se efikasno prenosi na okolinu ili na mesto primene. Veoma sli\u010dan koncept kori\u0161ten je u vojnim bazama gde su prostorije opremljene malim \u0160umanovim generatorima koji uskla\u0111uju vitalne biolo\u0161ke funkcije. Pozitivna energija koju emituje Teslina purpurna plo\u010da ili disk se \u010desto naziva i \u017eivotna snaga, biopolje, Prana, \u010ci (ki), radijantna energija, energija nulte ta\u010dke. Ovo su samo neki nazivi iz razli\u010ditih drevnih spisa i novijih nau\u010dnih radova iz kvantne fizike i alternativnog le\u010denja.<\/p>\n<p style=\"padding-left: 80px;\">Teslinu purpurnu plo\u010du je prvi proizveo Ralf Bergstreser, ina\u010de blizak prijatelj Nikole Tesle. Na osnovu istra\u017eivanja Nikole Tesle o povezanosti ljudskih bi\u0107a sa kosmi\u010dkim silama, Ralf je eksperimentisao i tako razvio tehniku kori\u0161tenja elektriciteta u svrhu promene rezonanse odre\u0111enih materijala. \u201eTe energizovane plo\u010de \u0107e pomo\u0107i \u010dove\u010danstvu da podigne svoju vibraciju na vi\u0161i nivo\u201c, izjavio je Ralf Bergstreser.<\/p>\n<p style=\"padding-left: 80px;\">Teslina purpurna plo\u010da je plo\u010da proizvedena od aluminijuma. To je materijal koji se sam po sebi pona\u0161a kao antena za tahjone (\u010destice koje se kre\u0107u br\u017ee od svetlosti \u2013 primarna supstanca), ali problem kod aluminijuma je to \u0161to se privla\u010denje i rezonansa tahjona de\u0161ava toliko brzo da nema nikakvog efekta na organsko tkivo. Posebnim procesom proizvodnje (anodizacija, elektrohemijsko bojenje aluminijuma, integracija blagotvornih frekvencija) Tesline plo\u010de, stvara se sna\u017eno tahjonsko polje koje ubrzava proces obnavljanja \u0107elija.<\/p>\n<p style=\"padding-left: 80px;\">Teslina tahjonska plo\u010da ili disk je purpurne boje jer je purpurna boja poslednji zrak duge i deo njenog lekovitog spektra. U duhovnom svetu, purpurna boja je uvek prikazana kao boja duhovnosti (spiritualnosti) vi\u0161eg morala, povezanosti sa vi\u0161im silama, dobrotom, sveznanjem\u2026 Purpurna boja je ina\u010de i najlekovitija boja za \u010dovekovo telo (pored crvene) i dokazano je da se \u010dovek najbolje ose\u0107a kada se nalazi u prostori koji je purpurne boje, a pinealna \u017elezda koja se nalazi u mozgu i koja nadzire rad svih endokrinih \u017elezda je tako\u0111e purpurne boje.<\/p>\n<p style=\"padding-left: 80px;\"><strong><b>UPUTSTVO ZA UPOTREBU &#8211; TESLINA TAHJONSKA PLO\u010cA I DISK<\/b><\/strong><\/p>\n<p style=\"padding-left: 80px;\">\n<p style=\"padding-left: 80px;\"><strong><b>Oblik:<\/b><\/strong><\/p>\n<p style=\"padding-left: 80px;\">Teslin tahjonski disk se proizvodi u obliku kruga pre\u010dnika 4,5 cm.<\/p>\n<p style=\"padding-left: 80px;\">Teslina tahjonska plo\u010da se proizvodi u dimenziji 9,3 x 6,3 cm.<\/p>\n<p style=\"padding-left: 80px;\">Svaki proizvod ima mali otvor pre\u010dnika 3mm, radi lak\u0161eg kori\u0161tenja.<\/p>\n<p style=\"padding-left: 80px;\">\n<p style=\"padding-left: 80px;\"><strong><b>Sastav:<\/b><\/strong><\/p>\n<p style=\"padding-left: 80px;\">Teslina tahjonska plo\u010da i Teslin tahjonski disk se proizvode od anodizovanog aluminijuma gde se naknadno elektrohemijski nanosi purpurna boja. Proizvodi su uskla\u0111eni sa frekvencijama Univerzuma specijalnim vibracionim i zvu\u010dnim procesom. Svaki proizvod je za\u0161ti\u0107en znakom TESLA369 u obliku \u201eWardenclyffe\u201c kule.<\/p>\n<p style=\"padding-left: 80px;\">\n<p style=\"padding-left: 80px;\"><strong><b>Delovanje:<\/b><\/strong><\/p>\n<p style=\"padding-left: 80px;\">Teslina purpurna plo\u010da ili disk je generator kosmi\u010dke energije \u2013 poma\u017ee u le\u010denju:<\/p>\n<ul>\n<li style=\"list-style-type: none;\">\n<ul>\n<li style=\"list-style-type: none;\">\n<ul>\n<li>Migrene &#8211; \u00a0\u00a0\u00a0ose\u0107anja mu\u010dnine i povra\u0107anja<\/li>\n<li>Reumatskih oboljenja &#8211; \u00a0\u00a0\u00a0ubla\u017eava posledice stresa<\/li>\n<li>Spondiloze i artroze &#8211; \u00a0\u00a0\u00a0elimini\u0161e umor i iscrpljenost<\/li>\n<li>Distorzije i distenzije &#8211; \u00a0\u00a0\u00a0podsti\u010de proces regeneracije \u0107elija<\/li>\n<li>Post-traumatskih stanja &#8211; \u00a0\u00a0\u00a0podi\u017ee nivo energije<\/li>\n<li>Kontuzija, povreda i bolova &#8211; \u00a0\u00a0\u00a0\u0161titi od \u0161tetnih zra\u010denja<\/li>\n<\/ul>\n<\/li>\n<\/ul>\n<\/li>\n<\/ul>\n<p style=\"padding-left: 80px;\">\n<p style=\"padding-left: 80px;\"><strong><b>Na\u010din primene:<\/b><\/strong><\/p>\n<p style=\"padding-left: 80px;\">Teslinu tahjonsku plo\u010du i disk mo\u017eete koristiti koliko god \u017eelite \u2013 sve dok ne osetite da ste dovoljno energetski \u201ejaki\u201c. Teslin tahjonski disk se uglavnom nosi oko vrata. I plo\u010da i disk daju najbolje efekte kada se postavljaju u predelu srca. Kada purpurne diskove postavimo na akupunkturne ta\u010dke na telu, bolna mesta se za kratko vreme normalizuju. Teslinu plo\u010du i disk mo\u017eemo koristiti da otklonimo negativne vibracije u hrani i vodi tako \u0161to \u0107emo ih postaviti ispod posude ili ispod fla\u0161e. Biljke tako\u0111e mo\u017eemo zalivati vodom tretiranom Teslinom plo\u010dom i primeti\u0107emo da br\u017ee rastu. Teslina tahjonska plo\u010da i disk nisu zamena za klasi\u010dne metode le\u010denja, ve\u0107 pomo\u0107na sredstva koja poma\u017eu da energiju odr\u017eavamo na visokom nivou.<\/p>\n<p style=\"padding-left: 80px;\">\n<p style=\"padding-left: 80px;\"><strong><b>Ne\u017eeljena dejstva:<\/b><\/strong><\/p>\n<p style=\"padding-left: 80px;\">Teslina tahjonska plo\u010da i disk nemaju ne\u017eeljena dejstva.<\/p>\n<p style=\"padding-left: 80px;\">\n<p style=\"padding-left: 80px;\"><strong><b>Rok trajanja:<\/b><\/strong><\/p>\n<p style=\"padding-left: 80px;\">Neograni\u010den.<\/p>\n<p style=\"padding-left: 80px;\">\n<p style=\"padding-left: 80px;\"><strong><b>Sadr\u017eaj paketa:<\/b><\/strong><\/p>\n<ul>\n<li style=\"list-style-type: none;\">\n<ul>\n<li style=\"list-style-type: none;\">\n<ul>\n<li>Pakovanje<\/li>\n<li>Uputstvo<\/li>\n<li>Hologram<\/li>\n<li>Traka (lan\u010di\u0107)<\/li>\n<\/ul>\n<\/li>\n<\/ul>\n<\/li>\n<\/ul>\n<p style=\"padding-left: 80px;\"><strong><b>Pogledajte video u kojem radiestezista <\/b><\/strong><strong><b><br \/>\n<\/b><\/strong><strong><b>sa preko 35 godina iskustva\u00a0<\/b><\/strong><\/p>\n<p style=\"padding-left: 80px;\">Kako radiestezista obja\u0161njava uticaj \u0161tetnih zra\u010denja (Hartmanova i Karijeva) i kako Teslina Tahjonska Purpurna Plo\u010da stvara Tahjonsko polje za\u0161tite.<\/p>\n<p style=\"padding-left: 80px;\">LINK: <a href=\"https:\/\/www.youtube.com\/watch?v=7AuhkSWvEGM\"><u>https:\/\/www.youtube.com\/watch?v=7AuhkSWvEGM<\/u><\/a><\/p>","protected":false},"excerpt":{"rendered":"<p><strong>Tesline energetske plo\u010de sa rezonansom spektra planetarnih frekvencija, poznatim kao \u201e\u0160umanove rezonanse\u201c stvaraju suptilno, ali ipak mo\u0107no polje energije, koje se efikasno prenosi na okolinu ili na mesto primene. Veoma sli\u010dan koncept kori\u0161ten je u vojnim bazama gde su prostorije opremljene malim \u0160umanovim generatorima koji uskla\u0111uju vitalne biolo\u0161ke funkcije. Pozitivna energija koju emituje Teslina purpurna plo\u010da ili disk se \u010desto naziva i \u017eivotna snaga, biopolje, Prana, \u010ci (ki), radijantna energija, energija nulte ta\u010dke. Ovo su samo neki nazivi iz razli\u010ditih drevnih spisa i novijih nau\u010dnih radova iz kvantne fizike i alternativnog le\u010denja.<\/strong><\/p>","protected":false},"featured_media":3817,"template":"","meta":{"_acf_changed":false,"_hpay_column_layout":"0","_hpay_name_price":"0","pmpro_default_level":""},"product_brand":[],"product_cat":[92],"product_tag":[],"class_list":{"0":"post-3816","1":"product","2":"type-product","3":"status-publish","4":"has-post-thumbnail","6":"product_cat-zastita-od-zracenja","7":"pmpro-has-access","9":"first","10":"instock","11":"taxable","12":"shipping-taxable","13":"purchasable","14":"product-type-simple"},"acf":[],"yoast_head":"<!-- This site is optimized with the Yoast SEO plugin v27.1 - https:\/\/yoast.com\/product\/yoast-seo-wordpress\/ -->\n<title>Teslin Tahjonski Disk - Zlatno Doba<\/title>\n<meta name=\"robots\" content=\"index, follow, max-snippet:-1, max-image-preview:large, max-video-preview:-1\" \/>\n<link rel=\"canonical\" href=\"https:\/\/zlatnodoba.org\/en\/proizvod\/teslin-tahjonski-disk\/\" \/>\n<meta property=\"og:locale\" content=\"en_GB\" \/>\n<meta property=\"og:type\" content=\"article\" \/>\n<meta property=\"og:title\" content=\"Teslin Tahjonski Disk - Zlatno Doba\" \/>\n<meta property=\"og:description\" content=\"Tesline energetske plo\u010de sa rezonansom spektra planetarnih frekvencija, poznatim kao \u201e\u0160umanove rezonanse\u201c stvaraju suptilno, ali ipak mo\u0107no polje energije, koje se efikasno prenosi na okolinu ili na mesto primene. Veoma sli\u010dan koncept kori\u0161ten je u vojnim bazama gde su prostorije opremljene malim \u0160umanovim generatorima koji uskla\u0111uju vitalne biolo\u0161ke funkcije. Pozitivna energija koju emituje Teslina purpurna plo\u010da ili disk se \u010desto naziva i \u017eivotna snaga, biopolje, Prana, \u010ci (ki), radijantna energija, energija nulte ta\u010dke. Ovo su samo neki nazivi iz razli\u010ditih drevnih spisa i novijih nau\u010dnih radova iz kvantne fizike i alternativnog le\u010denja.\" \/>\n<meta property=\"og:url\" content=\"https:\/\/zlatnodoba.org\/en\/proizvod\/teslin-tahjonski-disk\/\" \/>\n<meta property=\"og:site_name\" content=\"Zlatno Doba\" \/>\n<meta property=\"article:modified_time\" content=\"2025-02-15T19:24:23+00:00\" \/>\n<meta property=\"og:image\" content=\"https:\/\/zlatnodoba.org\/wp-content\/uploads\/2025\/01\/IMG_4600.jpg\" \/>\n\t<meta property=\"og:image:width\" content=\"1000\" \/>\n\t<meta property=\"og:image:height\" content=\"938\" \/>\n\t<meta property=\"og:image:type\" content=\"image\/jpeg\" \/>\n<meta name=\"twitter:card\" content=\"summary_large_image\" \/>\n<meta name=\"twitter:label1\" content=\"Estimated reading time\" \/>\n\t<meta name=\"twitter:data1\" content=\"4 minutes\" \/>\n<script type=\"application\/ld+json\" class=\"yoast-schema-graph\">{\"@context\":\"https:\/\/schema.org\",\"@graph\":[{\"@type\":\"WebPage\",\"@id\":\"https:\/\/zlatnodoba.org\/proizvod\/teslin-tahjonski-disk\/\",\"url\":\"https:\/\/zlatnodoba.org\/proizvod\/teslin-tahjonski-disk\/\",\"name\":\"Teslin Tahjonski Disk - Zlatno Doba\",\"isPartOf\":{\"@id\":\"https:\/\/zlatnodoba.org\/#website\"},\"primaryImageOfPage\":{\"@id\":\"https:\/\/zlatnodoba.org\/proizvod\/teslin-tahjonski-disk\/#primaryimage\"},\"image\":{\"@id\":\"https:\/\/zlatnodoba.org\/proizvod\/teslin-tahjonski-disk\/#primaryimage\"},\"thumbnailUrl\":\"https:\/\/zlatnodoba.org\/wp-content\/uploads\/2025\/01\/IMG_4600.jpg\",\"datePublished\":\"2025-01-16T08:56:48+00:00\",\"dateModified\":\"2025-02-15T19:24:23+00:00\",\"breadcrumb\":{\"@id\":\"https:\/\/zlatnodoba.org\/proizvod\/teslin-tahjonski-disk\/#breadcrumb\"},\"inLanguage\":\"en-GB\",\"potentialAction\":[{\"@type\":\"ReadAction\",\"target\":[\"https:\/\/zlatnodoba.org\/proizvod\/teslin-tahjonski-disk\/\"]}]},{\"@type\":\"ImageObject\",\"inLanguage\":\"en-GB\",\"@id\":\"https:\/\/zlatnodoba.org\/proizvod\/teslin-tahjonski-disk\/#primaryimage\",\"url\":\"https:\/\/zlatnodoba.org\/wp-content\/uploads\/2025\/01\/IMG_4600.jpg\",\"contentUrl\":\"https:\/\/zlatnodoba.org\/wp-content\/uploads\/2025\/01\/IMG_4600.jpg\",\"width\":1000,\"height\":938},{\"@type\":\"BreadcrumbList\",\"@id\":\"https:\/\/zlatnodoba.org\/proizvod\/teslin-tahjonski-disk\/#breadcrumb\",\"itemListElement\":[{\"@type\":\"ListItem\",\"position\":1,\"name\":\"Home\",\"item\":\"https:\/\/zlatnodoba.org\/\"},{\"@type\":\"ListItem\",\"position\":2,\"name\":\"Shop\",\"item\":\"https:\/\/zlatnodoba.org\/shop\/\"},{\"@type\":\"ListItem\",\"position\":3,\"name\":\"Teslin Tahjonski Disk\"}]},{\"@type\":\"WebSite\",\"@id\":\"https:\/\/zlatnodoba.org\/#website\",\"url\":\"https:\/\/zlatnodoba.org\/\",\"name\":\"Zlatno Doba\",\"description\":\"\",\"potentialAction\":[{\"@type\":\"SearchAction\",\"target\":{\"@type\":\"EntryPoint\",\"urlTemplate\":\"https:\/\/zlatnodoba.org\/?s={search_term_string}\"},\"query-input\":{\"@type\":\"PropertyValueSpecification\",\"valueRequired\":true,\"valueName\":\"search_term_string\"}}],\"inLanguage\":\"en-GB\"}]}<\/script>\n<!-- \/ Yoast SEO plugin. -->","yoast_head_json":{"title":"Teslin Tahjonski Disk - Zlatno Doba","robots":{"index":"index","follow":"follow","max-snippet":"max-snippet:-1","max-image-preview":"max-image-preview:large","max-video-preview":"max-video-preview:-1"},"canonical":"https:\/\/zlatnodoba.org\/en\/proizvod\/teslin-tahjonski-disk\/","og_locale":"en_GB","og_type":"article","og_title":"Teslin Tahjonski Disk - Zlatno Doba","og_description":"Tesline energetske plo\u010de sa rezonansom spektra planetarnih frekvencija, poznatim kao \u201e\u0160umanove rezonanse\u201c stvaraju suptilno, ali ipak mo\u0107no polje energije, koje se efikasno prenosi na okolinu ili na mesto primene. Veoma sli\u010dan koncept kori\u0161ten je u vojnim bazama gde su prostorije opremljene malim \u0160umanovim generatorima koji uskla\u0111uju vitalne biolo\u0161ke funkcije. Pozitivna energija koju emituje Teslina purpurna plo\u010da ili disk se \u010desto naziva i \u017eivotna snaga, biopolje, Prana, \u010ci (ki), radijantna energija, energija nulte ta\u010dke. Ovo su samo neki nazivi iz razli\u010ditih drevnih spisa i novijih nau\u010dnih radova iz kvantne fizike i alternativnog le\u010denja.","og_url":"https:\/\/zlatnodoba.org\/en\/proizvod\/teslin-tahjonski-disk\/","og_site_name":"Zlatno Doba","article_modified_time":"2025-02-15T19:24:23+00:00","og_image":[{"width":1000,"height":938,"url":"https:\/\/zlatnodoba.org\/wp-content\/uploads\/2025\/01\/IMG_4600.jpg","type":"image\/jpeg"}],"twitter_card":"summary_large_image","twitter_misc":{"Estimated reading time":"4 minutes"},"schema":{"@context":"https:\/\/schema.org","@graph":[{"@type":"WebPage","@id":"https:\/\/zlatnodoba.org\/proizvod\/teslin-tahjonski-disk\/","url":"https:\/\/zlatnodoba.org\/proizvod\/teslin-tahjonski-disk\/","name":"Teslin Tahjonski Disk - Zlatno Doba","isPartOf":{"@id":"https:\/\/zlatnodoba.org\/#website"},"primaryImageOfPage":{"@id":"https:\/\/zlatnodoba.org\/proizvod\/teslin-tahjonski-disk\/#primaryimage"},"image":{"@id":"https:\/\/zlatnodoba.org\/proizvod\/teslin-tahjonski-disk\/#primaryimage"},"thumbnailUrl":"https:\/\/zlatnodoba.org\/wp-content\/uploads\/2025\/01\/IMG_4600.jpg","datePublished":"2025-01-16T08:56:48+00:00","dateModified":"2025-02-15T19:24:23+00:00","breadcrumb":{"@id":"https:\/\/zlatnodoba.org\/proizvod\/teslin-tahjonski-disk\/#breadcrumb"},"inLanguage":"en-GB","potentialAction":[{"@type":"ReadAction","target":["https:\/\/zlatnodoba.org\/proizvod\/teslin-tahjonski-disk\/"]}]},{"@type":"ImageObject","inLanguage":"en-GB","@id":"https:\/\/zlatnodoba.org\/proizvod\/teslin-tahjonski-disk\/#primaryimage","url":"https:\/\/zlatnodoba.org\/wp-content\/uploads\/2025\/01\/IMG_4600.jpg","contentUrl":"https:\/\/zlatnodoba.org\/wp-content\/uploads\/2025\/01\/IMG_4600.jpg","width":1000,"height":938},{"@type":"BreadcrumbList","@id":"https:\/\/zlatnodoba.org\/proizvod\/teslin-tahjonski-disk\/#breadcrumb","itemListElement":[{"@type":"ListItem","position":1,"name":"Home","item":"https:\/\/zlatnodoba.org\/"},{"@type":"ListItem","position":2,"name":"Shop","item":"https:\/\/zlatnodoba.org\/shop\/"},{"@type":"ListItem","position":3,"name":"Teslin Tahjonski Disk"}]},{"@type":"WebSite","@id":"https:\/\/zlatnodoba.org\/#website","url":"https:\/\/zlatnodoba.org\/","name":"Zlatno Doba","description":"","potentialAction":[{"@type":"SearchAction","target":{"@type":"EntryPoint","urlTemplate":"https:\/\/zlatnodoba.org\/?s={search_term_string}"},"query-input":{"@type":"PropertyValueSpecification","valueRequired":true,"valueName":"search_term_string"}}],"inLanguage":"en-GB"}]}},"_links":{"self":[{"href":"https:\/\/zlatnodoba.org\/en\/wp-json\/wp\/v2\/product\/3816","targetHints":{"allow":["GET"]}}],"collection":[{"href":"https:\/\/zlatnodoba.org\/en\/wp-json\/wp\/v2\/product"}],"about":[{"href":"https:\/\/zlatnodoba.org\/en\/wp-json\/wp\/v2\/types\/product"}],"version-history":[{"count":2,"href":"https:\/\/zlatnodoba.org\/en\/wp-json\/wp\/v2\/product\/3816\/revisions"}],"predecessor-version":[{"id":5157,"href":"https:\/\/zlatnodoba.org\/en\/wp-json\/wp\/v2\/product\/3816\/revisions\/5157"}],"wp:featuredmedia":[{"embeddable":true,"href":"https:\/\/zlatnodoba.org\/en\/wp-json\/wp\/v2\/media\/3817"}],"wp:attachment":[{"href":"https:\/\/zlatnodoba.org\/en\/wp-json\/wp\/v2\/media?parent=3816"}],"wp:term":[{"taxonomy":"product_brand","embeddable":true,"href":"https:\/\/zlatnodoba.org\/en\/wp-json\/wp\/v2\/product_brand?post=3816"},{"taxonomy":"product_cat","embeddable":true,"href":"https:\/\/zlatnodoba.org\/en\/wp-json\/wp\/v2\/product_cat?post=3816"},{"taxonomy":"product_tag","embeddable":true,"href":"https:\/\/zlatnodoba.org\/en\/wp-json\/wp\/v2\/product_tag?post=3816"}],"curies":[{"name":"wp","href":"https:\/\/api.w.org\/{rel}","templated":true}]}}