{"id":3802,"date":"2025-01-16T06:50:40","date_gmt":"2025-01-16T06:50:40","guid":{"rendered":"https:\/\/zlatnodoba.org\/?post_type=product&#038;p=3802"},"modified":"2025-02-15T19:24:27","modified_gmt":"2025-02-15T19:24:27","slug":"knjiga-popularna-lingvisticko-valna-genetika","status":"publish","type":"product","link":"https:\/\/zlatnodoba.org\/en\/proizvod\/knjiga-popularna-lingvisticko-valna-genetika\/","title":{"rendered":"Pjotr Petrovi\u010d Gariaev &#8211; Popularna Lingvisti\u010dko-Valna Genetika &#8211; Knjiga"},"content":{"rendered":"<p style=\"padding-left: 80px;\">\ud83d\udcd5 Talasna genetika je najnoviji poku\u0161aj da se preispita hipoteza o nastanku \u017eivota na Zemlji,[1] a to zna\u010di da se jo\u0161 vi\u0161e pribli\u017eimo odgonetanju glavne tajne Univerzuma. Osnovno na\u010delo talasne genetike je mogu\u0107nost podmla\u0111ivanja organa bez hirur\u0161ke intervencije, produ\u017eetak \u017eivota po \u017eelji, \u0161to je veoma va\u017eno za \u010dove\u010danstvo. Pristalice talasne genetike smatraju da je milionima godina ranije osnovna informacija o nastanku \u017eivota na Zemlji ve\u0161ta\u010dki donesena pomo\u0107u kosmi\u010dkih izlu\u010denja. Osniva\u010d ove nauke je ruski akademik Petar Garjajev.<\/p>\n<p style=\"padding-left: 80px;\">\u2705 <strong><em>VRIJEME JE ZA NOVO ZNANJE<\/em><\/strong><\/p>\n<p style=\"padding-left: 80px;\"><em>Vrijeme je da svijet prestane ignorisati poznate nam slu\u010dajeve pre\u0161u\u0107ivanja pronalazaka I novih ideja iz finansijskih ili politi\u010dkih razloga. Oni koji su imali vlast \u010desto su, kada to nije odgovaralo njihovim ciljevima, nare\u0111ivali svojim poslu\u0161nicima dr\u017eati u tajni ona znanja koja pripadaju vje\u010dnosti I vlasni\u0161tvo su svih naroda. \u2013 Saint German<\/em><\/p>\n<p style=\"padding-left: 80px;\">Ko se ne\u0107e razvijati zajedno s vremenom, nesta\u0107e u njegovom ponoru.<\/p>\n<p style=\"padding-left: 80px;\">Jasno je da se u principu \u010dovjek bavi vlastitim razvojem kako bi promjenio \u017eivot nabolje i izbavio se od razli\u010ditih problema: fizi\u010dkih, materijalnih, emocionalnih, psihi\u010dkih i duhovnih. Sla\u017eete li se? Upravo zbog toga nam je potrebno pro\u0161iriti svijest, pove\u0107ati svoju razinu samosvijesti.<\/p>\n<p style=\"padding-left: 80px;\">Bez promjene svijesti nema realnih promjena u \u017eivotu. To je jednostavna, potpuno o\u010dita i u \u017eivotu potvr\u0111ena \u010dinjenica.<\/p>\n<p style=\"padding-left: 80px;\">Kvant je najmanja koli\u010dina energije, ali kod koje se mo\u017ee mijenjati fizi\u010dka pojava.<\/p>\n<p style=\"padding-left: 80px;\">Shva\u0107eno je (ili se po\u010dinje shvatati), da su DNK i geni \u2013 materija i energetsko polje koji egzistiraju u prostoru istovremeno.<\/p>\n<p style=\"padding-left: 80px;\">Autor ove knjige, profesor, doktor biolo\u0161kih znanosti, akademik Ruske Akademije prirodnih nauka Pjotr Petrovi\u010d Gariaev \u2013\u00a0<strong>osniva\u010d nove nauke\u00a0<\/strong>\u2013 valne genetike, \u010dovjek koji slu\u017ebenim znanjima suvereno vlada i kojeg u nau\u010dnim krugovima po\u0161tuju kao talentovanog nau\u010dnika. On je utvrdio klju\u010dne stavove lingvisti\u010dko-valne (talasne) genetike i time promijenio okvire na\u0161ih predob\u017ei o genetskim procesima. Upravo je to onaj kvantni iskorak na druge razine shvatanja genoma kao kvantnog bio-kompjutera.<\/p>\n<p style=\"padding-left: 80px;\">\u2013 Prof. dr kvantne medicine \u2013 Elena Parigin<\/p>\n<p style=\"padding-left: 80px;\">\u2764\ufe0f SADR\u017dAJ KNJIGE:<br \/>\n&#8211; Vreme je za novo znanje<br \/>\n&#8211; \u0160ta je to gen?<br \/>\n&#8211; \u0160ta je kvant?<br \/>\n&#8211; \u0160ta je DNK i RNK?<br \/>\n&#8211; Za\u0161to su va\u017eni kodoni &#8211; homonimi?<br \/>\n&#8211; Kako embrij \u201czna\u201d gde \u0107e i kako razviti nogu, nos, uho, srce?<br \/>\n&#8211; Upravljanje mati\u010dnim stanicama (jedan od najva\u017enijih priloga talasnoj genetici)<br \/>\n&#8211; Primer isceljenja (o\u0161te\u0107enje le\u0111ne mo\u017edine, paraliza)<br \/>\n&#8211; \u201cDva od tri\u201d kao simptom kvazi svesnosti genoma<br \/>\n&#8211; Fundamentalan rad V.I. \u0160\u0107erbaka<br \/>\n&#8211; Mogu\u0107e znakovne funkcije \u201cnekodiraju\u0107e\u201d ili \u201cotpadne\u201d DNK<br \/>\n&#8211; Genom kao govorna tvorevina<br \/>\n&#8211; DNK je besmrtna<br \/>\n&#8211; V. Nalimov &#8211; \u010covek je tekst<br \/>\n&#8211; Godina 1935 &#8211; A. Einstein i njegovi saradnici (eksperiment)<br \/>\n&#8211; Valne biokompjuterske funkcije DNK<br \/>\n&#8211; Genetski kod kao valna znakovna struktura<br \/>\n&#8211; Solitonska i laserska polja DNK<br \/>\n&#8211; Kakve su prakti\u010dne primene u le\u010denju?<\/p>\n<p style=\"padding-left: 80px;\">Za vi\u0161e informacija o knjizi: <a href=\"https:\/\/t.ly\/Lg4HG\">https:\/\/t.ly\/Lg4HG<\/a><\/p>\n","protected":false},"excerpt":{"rendered":"<p><strong>Talasna genetika je najnoviji poku\u0161aj da se preispita hipoteza o nastanku \u017eivota na Zemlji, a to zna\u010di da se jo\u0161 vi\u0161e pribli\u017eimo odgonetanju glavne tajne Univerzuma. <\/strong><\/p>\n<p>Osnovno na\u010delo talasne genetike je mogu\u0107nost podmla\u0111ivanja organa bez hirur\u0161ke intervencije, produ\u017eetak \u017eivota po \u017eelji, \u0161to je veoma va\u017eno za \u010dove\u010danstvo. Pristalice talasne genetike smatraju da je milionima godina ranije osnovna informacija o nastanku \u017eivota na Zemlji ve\u0161ta\u010dki donesena pomo\u0107u kosmi\u010dkih izlu\u010denja. <strong>Osniva\u010d ove nauke je ruski akademik Petar Garjajev.<\/strong><\/p>\n<p><strong>Za Garjajev aparat i sva pitanja po\u0161aljite poruku na: <a href=\"mailto:zlatnodoba369@gmail.com\"><u>zlatnodoba369@gmail.com<\/u><\/a>\u00a0\u00a0<\/strong><\/p>\n<p><strong>\u00a0<\/strong><\/p>","protected":false},"featured_media":3804,"template":"","meta":{"_acf_changed":false,"_hpay_column_layout":"0","_hpay_name_price":"0","pmpro_default_level":""},"product_brand":[],"product_cat":[85],"product_tag":[],"class_list":{"0":"post-3802","1":"product","2":"type-product","3":"status-publish","4":"has-post-thumbnail","6":"product_cat-knjige","7":"pmpro-has-access","9":"first","10":"instock","11":"taxable","12":"shipping-taxable","13":"purchasable","14":"product-type-simple"},"acf":[],"yoast_head":"<!-- This site is optimized with the Yoast SEO plugin v27.1 - https:\/\/yoast.com\/product\/yoast-seo-wordpress\/ -->\n<title>Pjotr Petrovi\u010d Gariaev - Popularna Lingvisti\u010dko-Valna Genetika - Knjiga - Zlatno Doba<\/title>\n<meta name=\"robots\" content=\"index, follow, max-snippet:-1, max-image-preview:large, max-video-preview:-1\" \/>\n<link rel=\"canonical\" href=\"https:\/\/zlatnodoba.org\/en\/proizvod\/knjiga-popularna-lingvisticko-valna-genetika\/\" \/>\n<meta property=\"og:locale\" content=\"en_GB\" \/>\n<meta property=\"og:type\" content=\"article\" \/>\n<meta property=\"og:title\" content=\"Pjotr Petrovi\u010d Gariaev - Popularna Lingvisti\u010dko-Valna Genetika - Knjiga - Zlatno Doba\" \/>\n<meta property=\"og:description\" content=\"Talasna genetika je najnoviji poku\u0161aj da se preispita hipoteza o nastanku \u017eivota na Zemlji, a to zna\u010di da se jo\u0161 vi\u0161e pribli\u017eimo odgonetanju glavne tajne Univerzuma.   Osnovno na\u010delo talasne genetike je mogu\u0107nost podmla\u0111ivanja organa bez hirur\u0161ke intervencije, produ\u017eetak \u017eivota po \u017eelji, \u0161to je veoma va\u017eno za \u010dove\u010danstvo. Pristalice talasne genetike smatraju da je milionima godina ranije osnovna informacija o nastanku \u017eivota na Zemlji ve\u0161ta\u010dki donesena pomo\u0107u kosmi\u010dkih izlu\u010denja. Osniva\u010d ove nauke je ruski akademik Petar Garjajev.  Za Garjajev aparat i sva pitanja po\u0161aljite poruku na: zlatnodoba369@gmail.com\u00a0\u00a0  \u00a0\" \/>\n<meta property=\"og:url\" content=\"https:\/\/zlatnodoba.org\/en\/proizvod\/knjiga-popularna-lingvisticko-valna-genetika\/\" \/>\n<meta property=\"og:site_name\" content=\"Zlatno Doba\" \/>\n<meta property=\"article:modified_time\" content=\"2025-02-15T19:24:27+00:00\" \/>\n<meta property=\"og:image\" content=\"https:\/\/zlatnodoba.org\/wp-content\/uploads\/2025\/01\/viber_image_2025-01-11_17-17-06-374.png\" \/>\n\t<meta property=\"og:image:width\" content=\"346\" \/>\n\t<meta property=\"og:image:height\" content=\"534\" \/>\n\t<meta property=\"og:image:type\" content=\"image\/png\" \/>\n<meta name=\"twitter:card\" content=\"summary_large_image\" \/>\n<meta name=\"twitter:label1\" content=\"Estimated reading time\" \/>\n\t<meta name=\"twitter:data1\" content=\"3 minutes\" \/>\n<script type=\"application\/ld+json\" class=\"yoast-schema-graph\">{\"@context\":\"https:\/\/schema.org\",\"@graph\":[{\"@type\":\"WebPage\",\"@id\":\"https:\/\/zlatnodoba.org\/proizvod\/knjiga-popularna-lingvisticko-valna-genetika\/\",\"url\":\"https:\/\/zlatnodoba.org\/proizvod\/knjiga-popularna-lingvisticko-valna-genetika\/\",\"name\":\"Pjotr Petrovi\u010d Gariaev - Popularna Lingvisti\u010dko-Valna Genetika - Knjiga - Zlatno Doba\",\"isPartOf\":{\"@id\":\"https:\/\/zlatnodoba.org\/#website\"},\"primaryImageOfPage\":{\"@id\":\"https:\/\/zlatnodoba.org\/proizvod\/knjiga-popularna-lingvisticko-valna-genetika\/#primaryimage\"},\"image\":{\"@id\":\"https:\/\/zlatnodoba.org\/proizvod\/knjiga-popularna-lingvisticko-valna-genetika\/#primaryimage\"},\"thumbnailUrl\":\"https:\/\/zlatnodoba.org\/wp-content\/uploads\/2025\/01\/viber_image_2025-01-11_17-17-06-374.png\",\"datePublished\":\"2025-01-16T06:50:40+00:00\",\"dateModified\":\"2025-02-15T19:24:27+00:00\",\"breadcrumb\":{\"@id\":\"https:\/\/zlatnodoba.org\/proizvod\/knjiga-popularna-lingvisticko-valna-genetika\/#breadcrumb\"},\"inLanguage\":\"en-GB\",\"potentialAction\":[{\"@type\":\"ReadAction\",\"target\":[\"https:\/\/zlatnodoba.org\/proizvod\/knjiga-popularna-lingvisticko-valna-genetika\/\"]}]},{\"@type\":\"ImageObject\",\"inLanguage\":\"en-GB\",\"@id\":\"https:\/\/zlatnodoba.org\/proizvod\/knjiga-popularna-lingvisticko-valna-genetika\/#primaryimage\",\"url\":\"https:\/\/zlatnodoba.org\/wp-content\/uploads\/2025\/01\/viber_image_2025-01-11_17-17-06-374.png\",\"contentUrl\":\"https:\/\/zlatnodoba.org\/wp-content\/uploads\/2025\/01\/viber_image_2025-01-11_17-17-06-374.png\",\"width\":346,\"height\":534},{\"@type\":\"BreadcrumbList\",\"@id\":\"https:\/\/zlatnodoba.org\/proizvod\/knjiga-popularna-lingvisticko-valna-genetika\/#breadcrumb\",\"itemListElement\":[{\"@type\":\"ListItem\",\"position\":1,\"name\":\"Home\",\"item\":\"https:\/\/zlatnodoba.org\/\"},{\"@type\":\"ListItem\",\"position\":2,\"name\":\"Shop\",\"item\":\"https:\/\/zlatnodoba.org\/shop\/\"},{\"@type\":\"ListItem\",\"position\":3,\"name\":\"Knjiga &#8211; Popularna Lingvisti\u010dko-Valna Genetika\"}]},{\"@type\":\"WebSite\",\"@id\":\"https:\/\/zlatnodoba.org\/#website\",\"url\":\"https:\/\/zlatnodoba.org\/\",\"name\":\"Zlatno Doba\",\"description\":\"\",\"potentialAction\":[{\"@type\":\"SearchAction\",\"target\":{\"@type\":\"EntryPoint\",\"urlTemplate\":\"https:\/\/zlatnodoba.org\/?s={search_term_string}\"},\"query-input\":{\"@type\":\"PropertyValueSpecification\",\"valueRequired\":true,\"valueName\":\"search_term_string\"}}],\"inLanguage\":\"en-GB\"}]}<\/script>\n<!-- \/ Yoast SEO plugin. -->","yoast_head_json":{"title":"Pjotr Petrovi\u010d Gariaev - Popularna Lingvisti\u010dko-Valna Genetika - Knjiga - Zlatno Doba","robots":{"index":"index","follow":"follow","max-snippet":"max-snippet:-1","max-image-preview":"max-image-preview:large","max-video-preview":"max-video-preview:-1"},"canonical":"https:\/\/zlatnodoba.org\/en\/proizvod\/knjiga-popularna-lingvisticko-valna-genetika\/","og_locale":"en_GB","og_type":"article","og_title":"Pjotr Petrovi\u010d Gariaev - Popularna Lingvisti\u010dko-Valna Genetika - Knjiga - Zlatno Doba","og_description":"Talasna genetika je najnoviji poku\u0161aj da se preispita hipoteza o nastanku \u017eivota na Zemlji, a to zna\u010di da se jo\u0161 vi\u0161e pribli\u017eimo odgonetanju glavne tajne Univerzuma.   Osnovno na\u010delo talasne genetike je mogu\u0107nost podmla\u0111ivanja organa bez hirur\u0161ke intervencije, produ\u017eetak \u017eivota po \u017eelji, \u0161to je veoma va\u017eno za \u010dove\u010danstvo. Pristalice talasne genetike smatraju da je milionima godina ranije osnovna informacija o nastanku \u017eivota na Zemlji ve\u0161ta\u010dki donesena pomo\u0107u kosmi\u010dkih izlu\u010denja. Osniva\u010d ove nauke je ruski akademik Petar Garjajev.  Za Garjajev aparat i sva pitanja po\u0161aljite poruku na: zlatnodoba369@gmail.com\u00a0\u00a0  \u00a0","og_url":"https:\/\/zlatnodoba.org\/en\/proizvod\/knjiga-popularna-lingvisticko-valna-genetika\/","og_site_name":"Zlatno Doba","article_modified_time":"2025-02-15T19:24:27+00:00","og_image":[{"width":346,"height":534,"url":"https:\/\/zlatnodoba.org\/wp-content\/uploads\/2025\/01\/viber_image_2025-01-11_17-17-06-374.png","type":"image\/png"}],"twitter_card":"summary_large_image","twitter_misc":{"Estimated reading time":"3 minutes"},"schema":{"@context":"https:\/\/schema.org","@graph":[{"@type":"WebPage","@id":"https:\/\/zlatnodoba.org\/proizvod\/knjiga-popularna-lingvisticko-valna-genetika\/","url":"https:\/\/zlatnodoba.org\/proizvod\/knjiga-popularna-lingvisticko-valna-genetika\/","name":"Pjotr Petrovi\u010d Gariaev - Popularna Lingvisti\u010dko-Valna Genetika - Knjiga - Zlatno Doba","isPartOf":{"@id":"https:\/\/zlatnodoba.org\/#website"},"primaryImageOfPage":{"@id":"https:\/\/zlatnodoba.org\/proizvod\/knjiga-popularna-lingvisticko-valna-genetika\/#primaryimage"},"image":{"@id":"https:\/\/zlatnodoba.org\/proizvod\/knjiga-popularna-lingvisticko-valna-genetika\/#primaryimage"},"thumbnailUrl":"https:\/\/zlatnodoba.org\/wp-content\/uploads\/2025\/01\/viber_image_2025-01-11_17-17-06-374.png","datePublished":"2025-01-16T06:50:40+00:00","dateModified":"2025-02-15T19:24:27+00:00","breadcrumb":{"@id":"https:\/\/zlatnodoba.org\/proizvod\/knjiga-popularna-lingvisticko-valna-genetika\/#breadcrumb"},"inLanguage":"en-GB","potentialAction":[{"@type":"ReadAction","target":["https:\/\/zlatnodoba.org\/proizvod\/knjiga-popularna-lingvisticko-valna-genetika\/"]}]},{"@type":"ImageObject","inLanguage":"en-GB","@id":"https:\/\/zlatnodoba.org\/proizvod\/knjiga-popularna-lingvisticko-valna-genetika\/#primaryimage","url":"https:\/\/zlatnodoba.org\/wp-content\/uploads\/2025\/01\/viber_image_2025-01-11_17-17-06-374.png","contentUrl":"https:\/\/zlatnodoba.org\/wp-content\/uploads\/2025\/01\/viber_image_2025-01-11_17-17-06-374.png","width":346,"height":534},{"@type":"BreadcrumbList","@id":"https:\/\/zlatnodoba.org\/proizvod\/knjiga-popularna-lingvisticko-valna-genetika\/#breadcrumb","itemListElement":[{"@type":"ListItem","position":1,"name":"Home","item":"https:\/\/zlatnodoba.org\/"},{"@type":"ListItem","position":2,"name":"Shop","item":"https:\/\/zlatnodoba.org\/shop\/"},{"@type":"ListItem","position":3,"name":"Knjiga &#8211; Popularna Lingvisti\u010dko-Valna Genetika"}]},{"@type":"WebSite","@id":"https:\/\/zlatnodoba.org\/#website","url":"https:\/\/zlatnodoba.org\/","name":"Zlatno Doba","description":"","potentialAction":[{"@type":"SearchAction","target":{"@type":"EntryPoint","urlTemplate":"https:\/\/zlatnodoba.org\/?s={search_term_string}"},"query-input":{"@type":"PropertyValueSpecification","valueRequired":true,"valueName":"search_term_string"}}],"inLanguage":"en-GB"}]}},"_links":{"self":[{"href":"https:\/\/zlatnodoba.org\/en\/wp-json\/wp\/v2\/product\/3802","targetHints":{"allow":["GET"]}}],"collection":[{"href":"https:\/\/zlatnodoba.org\/en\/wp-json\/wp\/v2\/product"}],"about":[{"href":"https:\/\/zlatnodoba.org\/en\/wp-json\/wp\/v2\/types\/product"}],"version-history":[{"count":3,"href":"https:\/\/zlatnodoba.org\/en\/wp-json\/wp\/v2\/product\/3802\/revisions"}],"predecessor-version":[{"id":5405,"href":"https:\/\/zlatnodoba.org\/en\/wp-json\/wp\/v2\/product\/3802\/revisions\/5405"}],"wp:featuredmedia":[{"embeddable":true,"href":"https:\/\/zlatnodoba.org\/en\/wp-json\/wp\/v2\/media\/3804"}],"wp:attachment":[{"href":"https:\/\/zlatnodoba.org\/en\/wp-json\/wp\/v2\/media?parent=3802"}],"wp:term":[{"taxonomy":"product_brand","embeddable":true,"href":"https:\/\/zlatnodoba.org\/en\/wp-json\/wp\/v2\/product_brand?post=3802"},{"taxonomy":"product_cat","embeddable":true,"href":"https:\/\/zlatnodoba.org\/en\/wp-json\/wp\/v2\/product_cat?post=3802"},{"taxonomy":"product_tag","embeddable":true,"href":"https:\/\/zlatnodoba.org\/en\/wp-json\/wp\/v2\/product_tag?post=3802"}],"curies":[{"name":"wp","href":"https:\/\/api.w.org\/{rel}","templated":true}]}}