{"id":3796,"date":"2025-01-16T06:30:15","date_gmt":"2025-01-16T06:30:15","guid":{"rendered":"https:\/\/zlatnodoba.org\/?post_type=product&#038;p=3796"},"modified":"2026-01-19T15:09:32","modified_gmt":"2026-01-19T15:09:32","slug":"stari-srpski-kalendar","status":"publish","type":"product","link":"https:\/\/zlatnodoba.org\/en\/proizvod\/stari-srpski-kalendar\/","title":{"rendered":"STARI SRPSKI KALENDAR &#8211; Zabranjena istorija Srba \ud83c\uddf7\ud83c\uddf8"},"content":{"rendered":"<h2 data-start=\"238\" data-end=\"297\">Stari srpski kalendar &#8211; <em data-start=\"269\" data-end=\"295\">Zabranjena istorija Srba \ud83c\uddf7\ud83c\uddf8<\/em><\/h2>\n<p>Stari srpski kalendar &#8222;Zabranjena istorija Srba&#8220; je poseban istorijski dokument i riznica obi\u010daja i kulturno i tradicionalno bogatstvo jednog naroda.<\/p>\n<p>Kalendar ima 14 stranica. Stare i nove nazive meseci.<br \/>\nSve pravoslavne postove (petrovski, sretenjski, bogojavljenski\u2026).<\/p>\n<p data-start=\"391\" data-end=\"516\"><strong data-start=\"391\" data-end=\"412\">Link za kupovinu:<\/strong> <a class=\"decorated-link\" href=\"https:\/\/zlatnodoba.org\/en\/proizvod\/stari-srpski-kalendar\/\" target=\"_new\" rel=\"noopener\" data-start=\"413\" data-end=\"476\">https:\/\/zlatnodoba.org\/proizvod\/stari-srpski-kalendar<\/a><\/p>\n<h2 data-start=\"238\" data-end=\"297\">\ud83d\uddd3\ufe0f <span style=\"font-size: 16px;\">Uvod: \u0160ta je <\/span><em style=\"font-size: 16px;\" data-start=\"543\" data-end=\"566\">Stari srpski kalendar<\/em><span style=\"font-size: 16px;\">?<\/span><\/h2>\n<p data-start=\"569\" data-end=\"895\"><em data-start=\"569\" data-end=\"592\">Stari srpski kalendar<\/em> je jedinstveni grafi\u010dki i istorijski prikaz srpskog vremena i kulture kroz vekove, predstavljen kroz kalendar \u2013 ali i kao alat za u\u010denje, o\u010duvanje i \u010ditanje srpske istorije i tradicije. Kalendar nije samo mera dana i meseci, ve\u0107 hronolo\u0161ka vizija srpskog identiteta, mitologije i kulturne memorije.<\/p>\n<p data-start=\"897\" data-end=\"1151\">Ovaj proizvod kreirala je akademska umetnica i likovni pedagog Ljiljana Krtini\u0107, dok je u Srbiji i Bosni i Hercegovini distributer i pomo\u0107nik za prodaju \u2013 Leon Bijeli\u0107, posebno kroz YouTube kanal Zlatno doba i zvani\u010dnu web stranicu (<a href=\"https:\/\/zlatnodoba.org\/en\/shop\/\">www.zlatnodoba.org<\/a>) preko koje mo\u017eete naru\u010diti kalendar i druge \u00a0proizvode.<\/p>\n<p data-start=\"897\" data-end=\"1151\">Predstavljanje kalendara kroz kratak video: <a href=\"https:\/\/www.youtube.com\/watch?v=Vgr7WIjRxMQ\">https:\/\/www.youtube.com\/watch?v=Vgr7WIjRxMQ\u00a0<\/a><\/p>\n<h2 data-start=\"1158\" data-end=\"1206\">Nau\u010dno i istorijsko tlo: Stari Srpski Kalendar i vreme \ud83e\udde0<\/h2>\n<h3 data-start=\"1208\" data-end=\"1262\">\ud83d\udccd 1. Tradicionalni srpski i pravoslavni kalendari<\/h3>\n<p data-start=\"1264\" data-end=\"1326\">Istorijski gledano, kalendari sudeljuju u kulturi svih naroda:<\/p>\n<ul data-start=\"1328\" data-end=\"1928\">\n<li data-start=\"1328\" data-end=\"1623\">\n<p data-start=\"1330\" data-end=\"1623\"><strong data-start=\"1330\" data-end=\"1355\">Liturgijski kalendari<\/strong> \u2013 u srpskom kulturnom krugu, kalendari poput <em data-start=\"1401\" data-end=\"1419\">Bratkovog mineja<\/em> iz 13. veka predstavljaju dokumente koji bele\u017ee liturgijske i civilne podatke u okviru crkvenog \u017eivota, na osnovu <em data-start=\"1534\" data-end=\"1558\">staroslovenskog jezika<\/em> i starog pismenog nasle\u0111a.<\/p>\n<\/li>\n<li data-start=\"1625\" data-end=\"1928\">\n<p data-start=\"1627\" data-end=\"1928\"><strong data-start=\"1627\" data-end=\"1666\">Julijanski i Gregorijanski kalendar<\/strong> \u2013 ove dve forme merenja vremena koristile su se u istoriji Evrope i na Balkanu, pri \u010demu je Julijanski kalendar bio prisutan u pravoslavnim sredinama, a moderni Gregorijanski uveden 1919. zbog uskla\u0111ivanja dr\u017eavnih potreba.<\/p>\n<\/li>\n<\/ul>\n<p>Srbi su tako\u0111e kroz istoriju koristili crkvene (liturgijske) kalendare, ali savremene tvrdnje o prehri\u0161\u0107anskim kosmi\u010dkim kalendarima nisu dokumentovane niti potvr\u0111ene u okviru zvani\u010dne arheologije ili antropologije.<\/p>\n<h2 data-start=\"2146\" data-end=\"2192\">2. <em data-start=\"2155\" data-end=\"2178\">Stari srpski kalendar<\/em> \u2013 \u0160ta sadr\u017ei? \ud83d\udcdc<\/h2>\n<p data-start=\"2194\" data-end=\"2229\">Prema opisu proizvoda i materijala:<\/p>\n<h3 data-start=\"2231\" data-end=\"2272\">\ud83d\udccc Glavne tematske cjeline uklju\u010duju:<\/h3>\n<ul data-start=\"2273\" data-end=\"2595\">\n<li data-start=\"2273\" data-end=\"2338\">\n<p data-start=\"2275\" data-end=\"2338\">Istorijske teme kao <em data-start=\"2295\" data-end=\"2314\">Vin\u010danska kultura<\/em> i <em data-start=\"2317\" data-end=\"2338\">Star\u010deva\u010dka kultura<\/em><\/p>\n<\/li>\n<li data-start=\"2339\" data-end=\"2398\">\n<p data-start=\"2341\" data-end=\"2398\">Prikaze tradicija, simbolike i legendi iz srpskog nasle\u0111a<\/p>\n<\/li>\n<li data-start=\"2399\" data-end=\"2459\">\n<p data-start=\"2401\" data-end=\"2459\">Stare i novi nazivi meseci, pravoslavni postovi i praznici<\/p>\n<\/li>\n<li data-start=\"2460\" data-end=\"2508\">\n<p data-start=\"2462\" data-end=\"2508\">Eseji o jeziku, pismu i nacionalnom identitetu<\/p>\n<\/li>\n<li data-start=\"2509\" data-end=\"2595\">\n<p data-start=\"2511\" data-end=\"2595\">Art i vizualni prikazi kulturolo\u0161kih elemenata<\/p>\n<\/li>\n<\/ul>\n<p data-start=\"2597\" data-end=\"2786\">Ovaj kalendar ima 14 stranica i predstavlja spoj kalendar-vodi\u010da i narativnog istorijskog materijala \u2013 \u0161to ga \u010dini vi\u0161e od klasi\u010dnog kalendara.<\/p>\n<p data-start=\"2597\" data-end=\"2786\"><img fetchpriority=\"high\" decoding=\"async\" class=\"alignnone wp-image-3799 size-full\" src=\"https:\/\/zlatnodoba.org\/wp-content\/uploads\/2025\/01\/kalendar4-scaled.jpg\" alt=\"Stari srpski kalendar - Zabranjena istorija Srba - O\u010duvana istorija Srba - Zlatno doba - Ljiljana Krtini\u0107\" width=\"922\" height=\"2560\" srcset=\"https:\/\/zlatnodoba.org\/wp-content\/uploads\/2025\/01\/kalendar4-scaled.jpg 922w, https:\/\/zlatnodoba.org\/wp-content\/uploads\/2025\/01\/kalendar4-scaled-600x1666.jpg 600w, https:\/\/zlatnodoba.org\/wp-content\/uploads\/2025\/01\/kalendar4-108x300.jpg 108w, https:\/\/zlatnodoba.org\/wp-content\/uploads\/2025\/01\/kalendar4-369x1024.jpg 369w, https:\/\/zlatnodoba.org\/wp-content\/uploads\/2025\/01\/kalendar4-768x2132.jpg 768w, https:\/\/zlatnodoba.org\/wp-content\/uploads\/2025\/01\/kalendar4-553x1536.jpg 553w, https:\/\/zlatnodoba.org\/wp-content\/uploads\/2025\/01\/kalendar4-738x2048.jpg 738w\" sizes=\"(max-width: 922px) 100vw, 922px\" \/><\/p>\n<h2 data-start=\"2793\" data-end=\"2828\">3. Tema \u201eZabranjena istorija\u201c \ud83e\udded<\/h2>\n<h3 data-start=\"2830\" data-end=\"2859\">\ud83d\udccc \u0160ta zna\u010di ovaj termin?<\/h3>\n<p data-start=\"2861\" data-end=\"2966\">U okviru kalendara i povezanih tekstova \u010desto se koristi pojam \u201e<em data-start=\"2925\" data-end=\"2951\">Zabranjena istorija Srba<\/em>\u201c. To ozna\u010dava:<\/p>\n<ul data-start=\"2968\" data-end=\"3431\">\n<li data-start=\"2968\" data-end=\"3110\">\n<p data-start=\"2970\" data-end=\"3110\"><strong data-start=\"2970\" data-end=\"3017\">Reinterpretacija istorijskih izvora<\/strong><br data-start=\"3017\" data-end=\"3020\" \/>Nagla\u0161avanje postojanja starijih civilizacijskih tragova povezanih sa prostorom Balkana.<\/p>\n<\/li>\n<li data-start=\"3112\" data-end=\"3248\">\n<p data-start=\"3114\" data-end=\"3248\"><strong data-start=\"3114\" data-end=\"3147\">Mitolo\u0161ko-istorijske narative<\/strong><br data-start=\"3147\" data-end=\"3150\" \/>Povezivanje tradicija, simbola i praznika sa drevnim kosmi\u010dkim ciklusima i posmatranjem prirode.<\/p>\n<\/li>\n<li data-start=\"3250\" data-end=\"3431\">\n<p data-start=\"3252\" data-end=\"3431\"><strong data-start=\"3252\" data-end=\"3284\">Kulturno-identitetsku poruku<\/strong><br data-start=\"3284\" data-end=\"3287\" \/>Naglasak na dug narodnu tradiciju i kulturolo\u0161ki kontinuitet nezavisno od zvani\u010dnih akademskih narativa.<\/p>\n<\/li>\n<\/ul>\n<h2 data-start=\"3859\" data-end=\"3904\">4. Nau\u010dne \u010dinjenice \ud83d\udcca<\/h2>\n<h3 data-start=\"3906\" data-end=\"3944\">\u2705 Ono \u0161to je istorijski potvr\u0111eno:<\/h3>\n<p data-start=\"3946\" data-end=\"4092\">\u2714\ufe0f Postojanje prvih pisanih srpskih i srednjovekovnih kalendara u okviru crkvenih rukopisa (npr. <em data-start=\"4043\" data-end=\"4052\">Meneion<\/em>).<\/p>\n<p data-start=\"4094\" data-end=\"4216\">\u2714\ufe0f Kalendar kao dru\u0161tveni fenomen \u2013 ode za ritmove \u017eetve, liturgije i administrativne evidencije kroz vekove \u0161irom Evrope.<\/p>\n<p data-start=\"4218\" data-end=\"4382\">\u2714\ufe0f Kalendar kao kulturni artefakt \u2013 vremenom se menjao kroz civilizacijske kontakte, hri\u0161\u0107ansku liturgiju i dr\u017eavne reforme.<\/p>\n<h2 data-start=\"4871\" data-end=\"4912\">5. Za\u0161to je ovaj, Stari srpski kalendar &#8222;Zabranjena istorija Srba&#8220; dragocen? \u269c\ufe0f<\/h2>\n<p data-start=\"4964\" data-end=\"5338\">\u2705 <strong data-start=\"4966\" data-end=\"4998\">Kulturno-edukativni artefakt<\/strong> \u2013 predstavlja tradiciju i narativnu istoriju Srba kroz simboli\u010dne i vizualne elemente.<br data-start=\"5085\" data-end=\"5088\" \/>\u2705 <strong data-start=\"5090\" data-end=\"5129\">Inspiracija za dijalog o identitetu<\/strong> \u2013 pokre\u0107e pitanja o istorijskom pam\u0107enju i na\u010dinu na koji narodi vide sopstvenu pro\u0161lost.<br data-start=\"5219\" data-end=\"5222\" \/>\u2705 <strong data-start=\"5224\" data-end=\"5244\">Estetski predmet<\/strong> \u2013 dizajn Ljiljane Krtini\u0107 spaja umetnost i tradiciju.<\/p>\n<p data-start=\"5362\" data-end=\"5591\"><strong><em data-start=\"5362\" data-end=\"5412\">Stari srpski kalendar \u2013 Zabranjena istorija Srba<\/em> je vi\u0161eslojni poduhvat i proizvod:<\/strong><br data-start=\"5440\" data-end=\"5443\" \/>\ud83d\udccc Umetni\u010dki kalendar,<br data-start=\"5465\" data-end=\"5468\" \/>\ud83d\udccc Narativna istorijska knjiga,<br data-start=\"5499\" data-end=\"5502\" \/>\ud83d\udccc Kolekcionarski predmet<br data-start=\"5529\" data-end=\"5532\" \/>\ud83d\udccc Motivacija za istra\u017eivanje sopstvene kulturne tradicije.<\/p>\n<p data-start=\"5593\" data-end=\"5801\">Iako neke tvrdnje u narativima oko njega nisu podr\u017eane savremenom naukom, posebno onima propagandama u kojima se istorija Srba krade ili pre\u0107utkuje i skriva ili \u010dak jo\u0161 gore, menja i la\u017eira&#8230; Ova publikacija doprinosi razumevanju prave istine i kompleksne veze izme\u0111u kulture, vremena i tradicije.<\/p>\n<h2 data-start=\"5808\" data-end=\"5844\">Kako naru\u010diti: Stari Srpski Kalendar &#8211; Zabranjena Istorija Srba ?<\/h2>\n<p data-start=\"5846\" data-end=\"6044\">\ud83d\udccd <strong data-start=\"5849\" data-end=\"5883\">Narud\u017ebe mo\u017eete izvr\u0161iti ovde:<\/strong><br data-start=\"5883\" data-end=\"5886\" \/>\ud83d\udc49 <em data-start=\"5889\" data-end=\"5936\">Stari srpski kalendar \u2013 O\u010duvana istorija Srba<\/em> \u2013 <a class=\"decorated-link\" href=\"https:\/\/zlatnodoba.org\/en\/proizvod\/kalendar-ocuvana-istorija-srba\/?utm_source=chatgpt.com\" target=\"_new\" rel=\"noopener\" data-start=\"5939\" data-end=\"6002\">https:\/\/zlatnodoba.org\/proizvod\/kalendar-ocuvana-istorija-srba\/<\/a><\/p>\n<p data-start=\"6046\" data-end=\"6176\">\ud83d\udccc Idealan za kolekcionare, entuzijaste istorije, u\u010ditelje i sve koji \u017eele dublje povezivanje sa srpskom kulturnom tradicijom.<\/p>","protected":false},"excerpt":{"rendered":"<h2>Stari srpski kalendar &#8222;ZABRANJENA ISTORIJA SRBA&#8220; je vizija i grafi\u010dki prikaz srpskog identiteta.<\/h2>\n<p>Stari srpski kalendar je istorijski dokaz srpske drevne kulture kroz vekove.<\/p>\n<ul>\n<li style=\"list-style-type: none;\">\n<ul>\n<li><strong> NASLOVI I SADR\u017dAJ:<\/strong><br \/>\nE moja Srbijo<br \/>\nVin\u010danska kultura<br \/>\nStar\u010deva\u010dka kultura<br \/>\n\u017drnov grad kojeg vi\u0161e nema<br \/>\n\u010cuvari du\u0161e<br \/>\nKlju\u010d vremena<br \/>\n\u010cuvari du\u0161e<br \/>\nStudeni\u010dki tipik<br \/>\nCar Du\u0161an i prvi zakon<br \/>\nDrvo je \u017eivot<br \/>\n\u017divotvorno drvo<br \/>\nNkead i sad<br \/>\nObelisk iz Serbina (oko 5500 god. pre nove ere)<br \/>\nSrbski jezik i srbska knji\u017eevnost (azbuka)<br \/>\nSlavimo na\u0161e pretke<br \/>\n\u010cuvamo li na\u0161e pismo i jezik<br \/>\nSvenarodni budilnik<\/li>\n<\/ul>\n<\/li>\n<\/ul>\n<p style=\"padding-left: 80px;\">1 kalendar = 1200 \/ 10\u20ac \/ 20 KM<br \/>\n5 kalendara\u00a0+ 1 gratis = 6000 \/ 50\u20ac \/ 100 KM<br \/>\n10 kalendara\u00a0+ 2 gratis = 12.000 \/ 100\u20ac \/ 200 KM<br \/>\n20 kalendara\u00a0+ 3 gratis = 24.000 \/ 200\u20ac \/ 400 KM<br \/>\n&#8211; Ako kupujete za firmu (zaposlene) vi\u0161e od 50 ili 100 kalendara onda je cena po dogovoru.<br \/>\n&#8211; \u0160aljemo po\u0161tom i pla\u0107anje pouze\u0107em (ako ste u Srbiji ili RS-BiH)<br \/>\n&#8211; Za inostranstvo \u0161aljemo po dogovoru (busom, po\u0161tom, preko prijatelja&#8230;)<\/p>\n<p style=\"padding-left: 80px;\">Za narud\u017ebu napi\u0161ite koliko komada \u017eelite i po\u0161aljite po\u0161tanske podatke uz va\u0161 broj telefona na viber: +381 62 8138 907<\/p>\n<p>&nbsp;<\/p>","protected":false},"featured_media":8248,"template":"","meta":{"_acf_changed":false,"_hpay_column_layout":"0","_hpay_name_price":"0","pmpro_default_level":""},"product_brand":[],"product_cat":[91],"product_tag":[],"class_list":{"0":"post-3796","1":"product","2":"type-product","3":"status-publish","4":"has-post-thumbnail","6":"product_cat-kalendar","7":"pmpro-has-access","9":"first","10":"instock","11":"sale","12":"taxable","13":"shipping-taxable","14":"purchasable","15":"product-type-simple"},"acf":[],"yoast_head":"<!-- This site is optimized with the Yoast SEO plugin v27.1 - https:\/\/yoast.com\/product\/yoast-seo-wordpress\/ -->\n<title>STARI SRPSKI KALENDAR - Zabranjena istorija Srba \ud83c\uddf7\ud83c\uddf8 - Zlatno Doba<\/title>\n<meta name=\"description\" content=\"Stari srpski kalendar &quot;ZABRANJENA ISTORIJA SRBA&quot; je vizija i grafi\u010dki prikaz srpskog identiteta i istorijski dokaz srpske drevne kulture kroz vekove.\" \/>\n<meta name=\"robots\" content=\"index, follow, max-snippet:-1, max-image-preview:large, max-video-preview:-1\" \/>\n<link rel=\"canonical\" href=\"https:\/\/zlatnodoba.org\/en\/proizvod\/stari-srpski-kalendar\/\" \/>\n<meta property=\"og:locale\" content=\"en_GB\" \/>\n<meta property=\"og:type\" content=\"article\" \/>\n<meta property=\"og:title\" content=\"STARI SRPSKI KALENDAR - Zabranjena istorija Srba \ud83c\uddf7\ud83c\uddf8 - Zlatno Doba\" \/>\n<meta property=\"og:description\" content=\"Stari srpski kalendar &quot;ZABRANJENA ISTORIJA SRBA&quot; je vizija i grafi\u010dki prikaz srpskog identiteta i istorijski dokaz srpske drevne kulture kroz vekove.\" \/>\n<meta property=\"og:url\" content=\"https:\/\/zlatnodoba.org\/en\/proizvod\/stari-srpski-kalendar\/\" \/>\n<meta property=\"og:site_name\" content=\"Zlatno Doba\" \/>\n<meta property=\"article:modified_time\" content=\"2026-01-19T15:09:32+00:00\" \/>\n<meta property=\"og:image\" content=\"https:\/\/zlatnodoba.org\/wp-content\/uploads\/2025\/01\/Stari-Srpski-Kalendar-Zabranjena-Istorija-Srba-Ocuvana-Pra-Istorija-Srbije-Zlatno-doba-2025-Ljiljana-Krtinic-JPG-WEB-2.jpg\" \/>\n\t<meta property=\"og:image:width\" content=\"900\" \/>\n\t<meta property=\"og:image:height\" content=\"900\" \/>\n\t<meta property=\"og:image:type\" content=\"image\/jpeg\" \/>\n<meta name=\"twitter:card\" content=\"summary_large_image\" \/>\n<meta name=\"twitter:label1\" content=\"Estimated reading time\" \/>\n\t<meta name=\"twitter:data1\" content=\"4 minutes\" \/>\n<script type=\"application\/ld+json\" class=\"yoast-schema-graph\">{\"@context\":\"https:\/\/schema.org\",\"@graph\":[{\"@type\":\"WebPage\",\"@id\":\"https:\/\/zlatnodoba.org\/proizvod\/stari-srpski-kalendar\/\",\"url\":\"https:\/\/zlatnodoba.org\/proizvod\/stari-srpski-kalendar\/\",\"name\":\"STARI SRPSKI KALENDAR - Zabranjena istorija Srba \ud83c\uddf7\ud83c\uddf8 - Zlatno Doba\",\"isPartOf\":{\"@id\":\"https:\/\/zlatnodoba.org\/#website\"},\"primaryImageOfPage\":{\"@id\":\"https:\/\/zlatnodoba.org\/proizvod\/stari-srpski-kalendar\/#primaryimage\"},\"image\":{\"@id\":\"https:\/\/zlatnodoba.org\/proizvod\/stari-srpski-kalendar\/#primaryimage\"},\"thumbnailUrl\":\"https:\/\/zlatnodoba.org\/wp-content\/uploads\/2025\/01\/Stari-Srpski-Kalendar-Zabranjena-Istorija-Srba-Ocuvana-Pra-Istorija-Srbije-Zlatno-doba-2025-Ljiljana-Krtinic-JPG-WEB-2.jpg\",\"datePublished\":\"2025-01-16T06:30:15+00:00\",\"dateModified\":\"2026-01-19T15:09:32+00:00\",\"description\":\"Stari srpski kalendar \\\"ZABRANJENA ISTORIJA SRBA\\\" je vizija i grafi\u010dki prikaz srpskog identiteta i istorijski dokaz srpske drevne kulture kroz vekove.\",\"breadcrumb\":{\"@id\":\"https:\/\/zlatnodoba.org\/proizvod\/stari-srpski-kalendar\/#breadcrumb\"},\"inLanguage\":\"en-GB\",\"potentialAction\":[{\"@type\":\"ReadAction\",\"target\":[\"https:\/\/zlatnodoba.org\/proizvod\/stari-srpski-kalendar\/\"]}]},{\"@type\":\"ImageObject\",\"inLanguage\":\"en-GB\",\"@id\":\"https:\/\/zlatnodoba.org\/proizvod\/stari-srpski-kalendar\/#primaryimage\",\"url\":\"https:\/\/zlatnodoba.org\/wp-content\/uploads\/2025\/01\/Stari-Srpski-Kalendar-Zabranjena-Istorija-Srba-Ocuvana-Pra-Istorija-Srbije-Zlatno-doba-2025-Ljiljana-Krtinic-JPG-WEB-2.jpg\",\"contentUrl\":\"https:\/\/zlatnodoba.org\/wp-content\/uploads\/2025\/01\/Stari-Srpski-Kalendar-Zabranjena-Istorija-Srba-Ocuvana-Pra-Istorija-Srbije-Zlatno-doba-2025-Ljiljana-Krtinic-JPG-WEB-2.jpg\",\"width\":900,\"height\":900,\"caption\":\"Stari Srpski Kalendar - Zabranjena Istorija Srba - O\u010duvana Pra Istorija Srbije - Zlatno doba - 2025 - Ljiljana Krtini\u0107 JPG WEB-2\"},{\"@type\":\"BreadcrumbList\",\"@id\":\"https:\/\/zlatnodoba.org\/proizvod\/stari-srpski-kalendar\/#breadcrumb\",\"itemListElement\":[{\"@type\":\"ListItem\",\"position\":1,\"name\":\"Home\",\"item\":\"https:\/\/zlatnodoba.org\/\"},{\"@type\":\"ListItem\",\"position\":2,\"name\":\"Shop\",\"item\":\"https:\/\/zlatnodoba.org\/shop\/\"},{\"@type\":\"ListItem\",\"position\":3,\"name\":\"STARI SRPSKI KALENDAR &#8211; Zabranjena istorija Srba \ud83c\uddf7\ud83c\uddf8\"}]},{\"@type\":\"WebSite\",\"@id\":\"https:\/\/zlatnodoba.org\/#website\",\"url\":\"https:\/\/zlatnodoba.org\/\",\"name\":\"Zlatno Doba\",\"description\":\"\",\"potentialAction\":[{\"@type\":\"SearchAction\",\"target\":{\"@type\":\"EntryPoint\",\"urlTemplate\":\"https:\/\/zlatnodoba.org\/?s={search_term_string}\"},\"query-input\":{\"@type\":\"PropertyValueSpecification\",\"valueRequired\":true,\"valueName\":\"search_term_string\"}}],\"inLanguage\":\"en-GB\"}]}<\/script>\n<!-- \/ Yoast SEO plugin. -->","yoast_head_json":{"title":"STARI SRPSKI KALENDAR - Zabranjena istorija Srba \ud83c\uddf7\ud83c\uddf8 - Zlatno Doba","description":"Stari srpski kalendar \"ZABRANJENA ISTORIJA SRBA\" je vizija i grafi\u010dki prikaz srpskog identiteta i istorijski dokaz srpske drevne kulture kroz vekove.","robots":{"index":"index","follow":"follow","max-snippet":"max-snippet:-1","max-image-preview":"max-image-preview:large","max-video-preview":"max-video-preview:-1"},"canonical":"https:\/\/zlatnodoba.org\/en\/proizvod\/stari-srpski-kalendar\/","og_locale":"en_GB","og_type":"article","og_title":"STARI SRPSKI KALENDAR - Zabranjena istorija Srba \ud83c\uddf7\ud83c\uddf8 - Zlatno Doba","og_description":"Stari srpski kalendar \"ZABRANJENA ISTORIJA SRBA\" je vizija i grafi\u010dki prikaz srpskog identiteta i istorijski dokaz srpske drevne kulture kroz vekove.","og_url":"https:\/\/zlatnodoba.org\/en\/proizvod\/stari-srpski-kalendar\/","og_site_name":"Zlatno Doba","article_modified_time":"2026-01-19T15:09:32+00:00","og_image":[{"width":900,"height":900,"url":"https:\/\/zlatnodoba.org\/wp-content\/uploads\/2025\/01\/Stari-Srpski-Kalendar-Zabranjena-Istorija-Srba-Ocuvana-Pra-Istorija-Srbije-Zlatno-doba-2025-Ljiljana-Krtinic-JPG-WEB-2.jpg","type":"image\/jpeg"}],"twitter_card":"summary_large_image","twitter_misc":{"Estimated reading time":"4 minutes"},"schema":{"@context":"https:\/\/schema.org","@graph":[{"@type":"WebPage","@id":"https:\/\/zlatnodoba.org\/proizvod\/stari-srpski-kalendar\/","url":"https:\/\/zlatnodoba.org\/proizvod\/stari-srpski-kalendar\/","name":"STARI SRPSKI KALENDAR - Zabranjena istorija Srba \ud83c\uddf7\ud83c\uddf8 - Zlatno Doba","isPartOf":{"@id":"https:\/\/zlatnodoba.org\/#website"},"primaryImageOfPage":{"@id":"https:\/\/zlatnodoba.org\/proizvod\/stari-srpski-kalendar\/#primaryimage"},"image":{"@id":"https:\/\/zlatnodoba.org\/proizvod\/stari-srpski-kalendar\/#primaryimage"},"thumbnailUrl":"https:\/\/zlatnodoba.org\/wp-content\/uploads\/2025\/01\/Stari-Srpski-Kalendar-Zabranjena-Istorija-Srba-Ocuvana-Pra-Istorija-Srbije-Zlatno-doba-2025-Ljiljana-Krtinic-JPG-WEB-2.jpg","datePublished":"2025-01-16T06:30:15+00:00","dateModified":"2026-01-19T15:09:32+00:00","description":"Stari srpski kalendar \"ZABRANJENA ISTORIJA SRBA\" je vizija i grafi\u010dki prikaz srpskog identiteta i istorijski dokaz srpske drevne kulture kroz vekove.","breadcrumb":{"@id":"https:\/\/zlatnodoba.org\/proizvod\/stari-srpski-kalendar\/#breadcrumb"},"inLanguage":"en-GB","potentialAction":[{"@type":"ReadAction","target":["https:\/\/zlatnodoba.org\/proizvod\/stari-srpski-kalendar\/"]}]},{"@type":"ImageObject","inLanguage":"en-GB","@id":"https:\/\/zlatnodoba.org\/proizvod\/stari-srpski-kalendar\/#primaryimage","url":"https:\/\/zlatnodoba.org\/wp-content\/uploads\/2025\/01\/Stari-Srpski-Kalendar-Zabranjena-Istorija-Srba-Ocuvana-Pra-Istorija-Srbije-Zlatno-doba-2025-Ljiljana-Krtinic-JPG-WEB-2.jpg","contentUrl":"https:\/\/zlatnodoba.org\/wp-content\/uploads\/2025\/01\/Stari-Srpski-Kalendar-Zabranjena-Istorija-Srba-Ocuvana-Pra-Istorija-Srbije-Zlatno-doba-2025-Ljiljana-Krtinic-JPG-WEB-2.jpg","width":900,"height":900,"caption":"Stari Srpski Kalendar - Zabranjena Istorija Srba - O\u010duvana Pra Istorija Srbije - Zlatno doba - 2025 - Ljiljana Krtini\u0107 JPG WEB-2"},{"@type":"BreadcrumbList","@id":"https:\/\/zlatnodoba.org\/proizvod\/stari-srpski-kalendar\/#breadcrumb","itemListElement":[{"@type":"ListItem","position":1,"name":"Home","item":"https:\/\/zlatnodoba.org\/"},{"@type":"ListItem","position":2,"name":"Shop","item":"https:\/\/zlatnodoba.org\/shop\/"},{"@type":"ListItem","position":3,"name":"STARI SRPSKI KALENDAR &#8211; Zabranjena istorija Srba \ud83c\uddf7\ud83c\uddf8"}]},{"@type":"WebSite","@id":"https:\/\/zlatnodoba.org\/#website","url":"https:\/\/zlatnodoba.org\/","name":"Zlatno Doba","description":"","potentialAction":[{"@type":"SearchAction","target":{"@type":"EntryPoint","urlTemplate":"https:\/\/zlatnodoba.org\/?s={search_term_string}"},"query-input":{"@type":"PropertyValueSpecification","valueRequired":true,"valueName":"search_term_string"}}],"inLanguage":"en-GB"}]}},"_links":{"self":[{"href":"https:\/\/zlatnodoba.org\/en\/wp-json\/wp\/v2\/product\/3796","targetHints":{"allow":["GET"]}}],"collection":[{"href":"https:\/\/zlatnodoba.org\/en\/wp-json\/wp\/v2\/product"}],"about":[{"href":"https:\/\/zlatnodoba.org\/en\/wp-json\/wp\/v2\/types\/product"}],"version-history":[{"count":7,"href":"https:\/\/zlatnodoba.org\/en\/wp-json\/wp\/v2\/product\/3796\/revisions"}],"predecessor-version":[{"id":8244,"href":"https:\/\/zlatnodoba.org\/en\/wp-json\/wp\/v2\/product\/3796\/revisions\/8244"}],"wp:featuredmedia":[{"embeddable":true,"href":"https:\/\/zlatnodoba.org\/en\/wp-json\/wp\/v2\/media\/8248"}],"wp:attachment":[{"href":"https:\/\/zlatnodoba.org\/en\/wp-json\/wp\/v2\/media?parent=3796"}],"wp:term":[{"taxonomy":"product_brand","embeddable":true,"href":"https:\/\/zlatnodoba.org\/en\/wp-json\/wp\/v2\/product_brand?post=3796"},{"taxonomy":"product_cat","embeddable":true,"href":"https:\/\/zlatnodoba.org\/en\/wp-json\/wp\/v2\/product_cat?post=3796"},{"taxonomy":"product_tag","embeddable":true,"href":"https:\/\/zlatnodoba.org\/en\/wp-json\/wp\/v2\/product_tag?post=3796"}],"curies":[{"name":"wp","href":"https:\/\/api.w.org\/{rel}","templated":true}]}}