{"id":3562,"date":"2025-01-11T13:15:04","date_gmt":"2025-01-11T13:15:04","guid":{"rendered":"https:\/\/zlatnodoba.org\/?post_type=product&#038;p=3562"},"modified":"2025-02-15T19:24:37","modified_gmt":"2025-02-15T19:24:37","slug":"knjiga-stvaranje-i-privlacenje-srece","status":"publish","type":"product","link":"https:\/\/zlatnodoba.org\/en\/proizvod\/knjiga-stvaranje-i-privlacenje-srece\/","title":{"rendered":"Spasoje Vlaji\u0107 &#8211; Stvaranje i Privla\u010denje Sre\u0107e &#8211; Knjiga"},"content":{"rendered":"<p style=\"padding-left: 80px;\">\ud83d\udcd5 Vlaji\u0107eva uputstva u knjizi pokazuju kako se preko &#8222;dimenzije svesti&#8220; uvodi red unutar bi\u0107a i uspostavlja skladan odnos \u010doveka sa prirodnim zakonima i onim vi\u0161im svetom, u kome se krije neiscrpno vrelo novih energija.\u00a0Ushi\u0107uje i sama\u00a0pretpostavka da korisna upotreba tih energija, mo\u017ee unaprediti svakog \u010doveka i na dobro preobraziti svet&#8230;<\/p>\n<p style=\"padding-left: 80px;\">\u2705 Ova knjiga\u00a0sadr\u017ei\u00a0najkorisnijie\u00a0informacije\u00a0o stvaranju i privla\u010denju sre\u0107e, uspeha, radosti, bla\u017eenosti, smirenosti, mudrosti, strpljivosti\u2026 Pored navedenog ovde mo\u017eete prona\u0107i konkretne i sa\u017eete korake o pravilnom postavljanju \u017eelja, o pravoj ljubavi, o tome kako se pravilno moliti i kako molitva deluje\u2026 Knjiga je puna neobi\u010dnih i neverovatnih pri\u010da-iskustava (\u010duda) koja nisu ovde navedena. Za potpunije znanje i jo\u0161 ve\u0107i do\u017eivljaj nadahnu\u0107a i inspiracije preporu\u010dujem da kupite knjigu\u2026<\/p>\n<p style=\"padding-left: 80px;\">\u2764\ufe0f Ovo je jedan od najboljih priru\u010dnika za psihologiju i tehnologiju uspeha \u2013 stvaranja sre\u0107e. Obogati\u0107ete svoj um veoma povoljnim i korisnim znanjima koji \u0107e vama i va\u0161im bli\u017enjima neprestano slu\u017eiti i pomagati da bolje i uspe\u0161nije razmi\u0161ljate, lak\u0161e i lep\u0161e \u017eivite.<\/p>","protected":false},"excerpt":{"rendered":"<p><strong>Vlaji\u0107eva uputstva u knjizi pokazuju kako se preko &#8222;dimenzije svesti&#8220; uvodi red unutar bi\u0107a i uspostavlja skladan odnos \u010doveka sa prirodnim zakonima i onim vi\u0161im svetom, u kome se krije neiscrpno vrelo novih energija.\u00a0Ushi\u0107uje i sama\u00a0pretpostavka da korisna upotreba tih energija, mo\u017ee unaprediti svakog \u010doveka i na dobro preobraziti svet&#8230;<\/strong><\/p>\n<p>&nbsp;<\/p>","protected":false},"featured_media":3563,"template":"","meta":{"_acf_changed":false,"_hpay_column_layout":"0","_hpay_name_price":"0","pmpro_default_level":""},"product_brand":[],"product_cat":[85],"product_tag":[],"class_list":{"0":"post-3562","1":"product","2":"type-product","3":"status-publish","4":"has-post-thumbnail","6":"product_cat-knjige","7":"pmpro-has-access","9":"first","10":"instock","11":"taxable","12":"shipping-taxable","13":"purchasable","14":"product-type-simple"},"acf":[],"yoast_head":"<!-- This site is optimized with the Yoast SEO plugin v27.1 - https:\/\/yoast.com\/product\/yoast-seo-wordpress\/ -->\n<title>Spasoje Vlaji\u0107 - Stvaranje i Privla\u010denje Sre\u0107e - Knjiga - Zlatno Doba<\/title>\n<meta name=\"robots\" content=\"index, follow, max-snippet:-1, max-image-preview:large, max-video-preview:-1\" \/>\n<link rel=\"canonical\" href=\"https:\/\/zlatnodoba.org\/en\/proizvod\/knjiga-stvaranje-i-privlacenje-srece\/\" \/>\n<meta property=\"og:locale\" content=\"en_GB\" \/>\n<meta property=\"og:type\" content=\"article\" \/>\n<meta property=\"og:title\" content=\"Spasoje Vlaji\u0107 - Stvaranje i Privla\u010denje Sre\u0107e - Knjiga - Zlatno Doba\" \/>\n<meta property=\"og:description\" content=\"Vlaji\u0107eva uputstva u knjizi pokazuju kako se preko &quot;dimenzije svesti&quot; uvodi red unutar bi\u0107a i uspostavlja skladan odnos \u010doveka sa prirodnim zakonima i onim vi\u0161im svetom, u kome se krije neiscrpno vrelo novih energija.\u00a0Ushi\u0107uje i sama\u00a0pretpostavka da korisna upotreba tih energija, mo\u017ee unaprediti svakog \u010doveka i na dobro preobraziti svet...  &nbsp;\" \/>\n<meta property=\"og:url\" content=\"https:\/\/zlatnodoba.org\/en\/proizvod\/knjiga-stvaranje-i-privlacenje-srece\/\" \/>\n<meta property=\"og:site_name\" content=\"Zlatno Doba\" \/>\n<meta property=\"article:modified_time\" content=\"2025-02-15T19:24:37+00:00\" \/>\n<meta property=\"og:image\" content=\"https:\/\/zlatnodoba.org\/wp-content\/uploads\/2025\/01\/Spasoje-Vlajic-Stvaranje-i-privlacenje-srece-Citati-iz-knjige-i-knjiga.jpg\" \/>\n\t<meta property=\"og:image:width\" content=\"324\" \/>\n\t<meta property=\"og:image:height\" content=\"472\" \/>\n\t<meta property=\"og:image:type\" content=\"image\/jpeg\" \/>\n<meta name=\"twitter:card\" content=\"summary_large_image\" \/>\n<meta name=\"twitter:label1\" content=\"Estimated reading time\" \/>\n\t<meta name=\"twitter:data1\" content=\"2 minutes\" \/>\n<script type=\"application\/ld+json\" class=\"yoast-schema-graph\">{\"@context\":\"https:\/\/schema.org\",\"@graph\":[{\"@type\":\"WebPage\",\"@id\":\"https:\/\/zlatnodoba.org\/proizvod\/knjiga-stvaranje-i-privlacenje-srece\/\",\"url\":\"https:\/\/zlatnodoba.org\/proizvod\/knjiga-stvaranje-i-privlacenje-srece\/\",\"name\":\"Spasoje Vlaji\u0107 - Stvaranje i Privla\u010denje Sre\u0107e - Knjiga - Zlatno Doba\",\"isPartOf\":{\"@id\":\"https:\/\/zlatnodoba.org\/#website\"},\"primaryImageOfPage\":{\"@id\":\"https:\/\/zlatnodoba.org\/proizvod\/knjiga-stvaranje-i-privlacenje-srece\/#primaryimage\"},\"image\":{\"@id\":\"https:\/\/zlatnodoba.org\/proizvod\/knjiga-stvaranje-i-privlacenje-srece\/#primaryimage\"},\"thumbnailUrl\":\"https:\/\/zlatnodoba.org\/wp-content\/uploads\/2025\/01\/Spasoje-Vlajic-Stvaranje-i-privlacenje-srece-Citati-iz-knjige-i-knjiga.jpg\",\"datePublished\":\"2025-01-11T13:15:04+00:00\",\"dateModified\":\"2025-02-15T19:24:37+00:00\",\"breadcrumb\":{\"@id\":\"https:\/\/zlatnodoba.org\/proizvod\/knjiga-stvaranje-i-privlacenje-srece\/#breadcrumb\"},\"inLanguage\":\"en-GB\",\"potentialAction\":[{\"@type\":\"ReadAction\",\"target\":[\"https:\/\/zlatnodoba.org\/proizvod\/knjiga-stvaranje-i-privlacenje-srece\/\"]}]},{\"@type\":\"ImageObject\",\"inLanguage\":\"en-GB\",\"@id\":\"https:\/\/zlatnodoba.org\/proizvod\/knjiga-stvaranje-i-privlacenje-srece\/#primaryimage\",\"url\":\"https:\/\/zlatnodoba.org\/wp-content\/uploads\/2025\/01\/Spasoje-Vlajic-Stvaranje-i-privlacenje-srece-Citati-iz-knjige-i-knjiga.jpg\",\"contentUrl\":\"https:\/\/zlatnodoba.org\/wp-content\/uploads\/2025\/01\/Spasoje-Vlajic-Stvaranje-i-privlacenje-srece-Citati-iz-knjige-i-knjiga.jpg\",\"width\":324,\"height\":472},{\"@type\":\"BreadcrumbList\",\"@id\":\"https:\/\/zlatnodoba.org\/proizvod\/knjiga-stvaranje-i-privlacenje-srece\/#breadcrumb\",\"itemListElement\":[{\"@type\":\"ListItem\",\"position\":1,\"name\":\"Home\",\"item\":\"https:\/\/zlatnodoba.org\/\"},{\"@type\":\"ListItem\",\"position\":2,\"name\":\"Shop\",\"item\":\"https:\/\/zlatnodoba.org\/shop\/\"},{\"@type\":\"ListItem\",\"position\":3,\"name\":\"Knjiga &#8211; Stvaranje i Privla\u010denje Sre\u0107e\"}]},{\"@type\":\"WebSite\",\"@id\":\"https:\/\/zlatnodoba.org\/#website\",\"url\":\"https:\/\/zlatnodoba.org\/\",\"name\":\"Zlatno Doba\",\"description\":\"\",\"potentialAction\":[{\"@type\":\"SearchAction\",\"target\":{\"@type\":\"EntryPoint\",\"urlTemplate\":\"https:\/\/zlatnodoba.org\/?s={search_term_string}\"},\"query-input\":{\"@type\":\"PropertyValueSpecification\",\"valueRequired\":true,\"valueName\":\"search_term_string\"}}],\"inLanguage\":\"en-GB\"}]}<\/script>\n<!-- \/ Yoast SEO plugin. -->","yoast_head_json":{"title":"Spasoje Vlaji\u0107 - Stvaranje i Privla\u010denje Sre\u0107e - Knjiga - Zlatno Doba","robots":{"index":"index","follow":"follow","max-snippet":"max-snippet:-1","max-image-preview":"max-image-preview:large","max-video-preview":"max-video-preview:-1"},"canonical":"https:\/\/zlatnodoba.org\/en\/proizvod\/knjiga-stvaranje-i-privlacenje-srece\/","og_locale":"en_GB","og_type":"article","og_title":"Spasoje Vlaji\u0107 - Stvaranje i Privla\u010denje Sre\u0107e - Knjiga - Zlatno Doba","og_description":"Vlaji\u0107eva uputstva u knjizi pokazuju kako se preko \"dimenzije svesti\" uvodi red unutar bi\u0107a i uspostavlja skladan odnos \u010doveka sa prirodnim zakonima i onim vi\u0161im svetom, u kome se krije neiscrpno vrelo novih energija.\u00a0Ushi\u0107uje i sama\u00a0pretpostavka da korisna upotreba tih energija, mo\u017ee unaprediti svakog \u010doveka i na dobro preobraziti svet...  &nbsp;","og_url":"https:\/\/zlatnodoba.org\/en\/proizvod\/knjiga-stvaranje-i-privlacenje-srece\/","og_site_name":"Zlatno Doba","article_modified_time":"2025-02-15T19:24:37+00:00","og_image":[{"width":324,"height":472,"url":"https:\/\/zlatnodoba.org\/wp-content\/uploads\/2025\/01\/Spasoje-Vlajic-Stvaranje-i-privlacenje-srece-Citati-iz-knjige-i-knjiga.jpg","type":"image\/jpeg"}],"twitter_card":"summary_large_image","twitter_misc":{"Estimated reading time":"2 minutes"},"schema":{"@context":"https:\/\/schema.org","@graph":[{"@type":"WebPage","@id":"https:\/\/zlatnodoba.org\/proizvod\/knjiga-stvaranje-i-privlacenje-srece\/","url":"https:\/\/zlatnodoba.org\/proizvod\/knjiga-stvaranje-i-privlacenje-srece\/","name":"Spasoje Vlaji\u0107 - Stvaranje i Privla\u010denje Sre\u0107e - Knjiga - Zlatno Doba","isPartOf":{"@id":"https:\/\/zlatnodoba.org\/#website"},"primaryImageOfPage":{"@id":"https:\/\/zlatnodoba.org\/proizvod\/knjiga-stvaranje-i-privlacenje-srece\/#primaryimage"},"image":{"@id":"https:\/\/zlatnodoba.org\/proizvod\/knjiga-stvaranje-i-privlacenje-srece\/#primaryimage"},"thumbnailUrl":"https:\/\/zlatnodoba.org\/wp-content\/uploads\/2025\/01\/Spasoje-Vlajic-Stvaranje-i-privlacenje-srece-Citati-iz-knjige-i-knjiga.jpg","datePublished":"2025-01-11T13:15:04+00:00","dateModified":"2025-02-15T19:24:37+00:00","breadcrumb":{"@id":"https:\/\/zlatnodoba.org\/proizvod\/knjiga-stvaranje-i-privlacenje-srece\/#breadcrumb"},"inLanguage":"en-GB","potentialAction":[{"@type":"ReadAction","target":["https:\/\/zlatnodoba.org\/proizvod\/knjiga-stvaranje-i-privlacenje-srece\/"]}]},{"@type":"ImageObject","inLanguage":"en-GB","@id":"https:\/\/zlatnodoba.org\/proizvod\/knjiga-stvaranje-i-privlacenje-srece\/#primaryimage","url":"https:\/\/zlatnodoba.org\/wp-content\/uploads\/2025\/01\/Spasoje-Vlajic-Stvaranje-i-privlacenje-srece-Citati-iz-knjige-i-knjiga.jpg","contentUrl":"https:\/\/zlatnodoba.org\/wp-content\/uploads\/2025\/01\/Spasoje-Vlajic-Stvaranje-i-privlacenje-srece-Citati-iz-knjige-i-knjiga.jpg","width":324,"height":472},{"@type":"BreadcrumbList","@id":"https:\/\/zlatnodoba.org\/proizvod\/knjiga-stvaranje-i-privlacenje-srece\/#breadcrumb","itemListElement":[{"@type":"ListItem","position":1,"name":"Home","item":"https:\/\/zlatnodoba.org\/"},{"@type":"ListItem","position":2,"name":"Shop","item":"https:\/\/zlatnodoba.org\/shop\/"},{"@type":"ListItem","position":3,"name":"Knjiga &#8211; Stvaranje i Privla\u010denje Sre\u0107e"}]},{"@type":"WebSite","@id":"https:\/\/zlatnodoba.org\/#website","url":"https:\/\/zlatnodoba.org\/","name":"Zlatno Doba","description":"","potentialAction":[{"@type":"SearchAction","target":{"@type":"EntryPoint","urlTemplate":"https:\/\/zlatnodoba.org\/?s={search_term_string}"},"query-input":{"@type":"PropertyValueSpecification","valueRequired":true,"valueName":"search_term_string"}}],"inLanguage":"en-GB"}]}},"_links":{"self":[{"href":"https:\/\/zlatnodoba.org\/en\/wp-json\/wp\/v2\/product\/3562","targetHints":{"allow":["GET"]}}],"collection":[{"href":"https:\/\/zlatnodoba.org\/en\/wp-json\/wp\/v2\/product"}],"about":[{"href":"https:\/\/zlatnodoba.org\/en\/wp-json\/wp\/v2\/types\/product"}],"version-history":[{"count":3,"href":"https:\/\/zlatnodoba.org\/en\/wp-json\/wp\/v2\/product\/3562\/revisions"}],"predecessor-version":[{"id":5401,"href":"https:\/\/zlatnodoba.org\/en\/wp-json\/wp\/v2\/product\/3562\/revisions\/5401"}],"wp:featuredmedia":[{"embeddable":true,"href":"https:\/\/zlatnodoba.org\/en\/wp-json\/wp\/v2\/media\/3563"}],"wp:attachment":[{"href":"https:\/\/zlatnodoba.org\/en\/wp-json\/wp\/v2\/media?parent=3562"}],"wp:term":[{"taxonomy":"product_brand","embeddable":true,"href":"https:\/\/zlatnodoba.org\/en\/wp-json\/wp\/v2\/product_brand?post=3562"},{"taxonomy":"product_cat","embeddable":true,"href":"https:\/\/zlatnodoba.org\/en\/wp-json\/wp\/v2\/product_cat?post=3562"},{"taxonomy":"product_tag","embeddable":true,"href":"https:\/\/zlatnodoba.org\/en\/wp-json\/wp\/v2\/product_tag?post=3562"}],"curies":[{"name":"wp","href":"https:\/\/api.w.org\/{rel}","templated":true}]}}