{"id":3560,"date":"2025-01-11T13:12:23","date_gmt":"2025-01-11T13:12:23","guid":{"rendered":"https:\/\/zlatnodoba.org\/?post_type=product&#038;p=3560"},"modified":"2025-02-15T19:24:38","modified_gmt":"2025-02-15T19:24:38","slug":"knjiga-razmisljajte-kao-nikola-tesla","status":"publish","type":"product","link":"https:\/\/zlatnodoba.org\/en\/proizvod\/knjiga-razmisljajte-kao-nikola-tesla\/","title":{"rendered":"Spasoje Vlaji\u0107 &#8211; Razmi\u0161ljajte Kao Nikola Tesla &#8211; Knjiga"},"content":{"rendered":"<p style=\"padding-left: 80px;\">\ud83d\udcd5 Knjiga &#8222;Razmi\u0161ljajte kao Nikola Tesla&#8220; je ud\u017ebenik uspjeha.\u00a0Takav ud\u017ebenik je poput nasu\u0161nog hljeba potreban na\u0161im \u0161kolama, jer uz njegovu pomo\u0107, \u010dovjek postaje svjestan svojih uspavanih mo\u0107i, mogu\u0107nosti dosega sopstvenih \u017eelja i va\u017enosti vjere&#8230;&#8220; &#8211; dr Gorjana Ajdukovi\u0107, red. prof.<\/p>","protected":false},"excerpt":{"rendered":"<p><strong>Knjiga &#8222;Razmi\u0161ljajte kao Nikola Tesla&#8220; je ud\u017ebenik uspjeha.\u00a0Takav ud\u017ebenik je poput nasu\u0161nog hljeba potreban na\u0161im \u0161kolama, jer uz njegovu pomo\u0107, \u010dovjek postaje svjestan svojih uspavanih mo\u0107i, mogu\u0107nosti dosega sopstvenih \u017eelja i va\u017enosti vjere&#8230;&#8220; &#8211; dr Gorjana Ajdukovi\u0107, red. prof.<\/strong><\/p>","protected":false},"featured_media":3561,"template":"","meta":{"_acf_changed":false,"_hpay_column_layout":"0","_hpay_name_price":"0","pmpro_default_level":""},"product_brand":[],"product_cat":[85],"product_tag":[],"class_list":{"0":"post-3560","1":"product","2":"type-product","3":"status-publish","4":"has-post-thumbnail","6":"product_cat-knjige","7":"pmpro-has-access","9":"first","10":"instock","11":"taxable","12":"shipping-taxable","13":"purchasable","14":"product-type-simple"},"acf":[],"yoast_head":"<!-- This site is optimized with the Yoast SEO plugin v27.1 - https:\/\/yoast.com\/product\/yoast-seo-wordpress\/ -->\n<title>Spasoje Vlaji\u0107 - Razmi\u0161ljajte Kao Nikola Tesla - Knjiga - Zlatno Doba<\/title>\n<meta name=\"robots\" content=\"index, follow, max-snippet:-1, max-image-preview:large, max-video-preview:-1\" \/>\n<link rel=\"canonical\" href=\"https:\/\/zlatnodoba.org\/en\/proizvod\/knjiga-razmisljajte-kao-nikola-tesla\/\" \/>\n<meta property=\"og:locale\" content=\"en_GB\" \/>\n<meta property=\"og:type\" content=\"article\" \/>\n<meta property=\"og:title\" content=\"Spasoje Vlaji\u0107 - Razmi\u0161ljajte Kao Nikola Tesla - Knjiga - Zlatno Doba\" \/>\n<meta property=\"og:description\" content=\"Knjiga &quot;Razmi\u0161ljajte kao Nikola Tesla&quot; je ud\u017ebenik uspjeha.\u00a0Takav ud\u017ebenik je poput nasu\u0161nog hljeba potreban na\u0161im \u0161kolama, jer uz njegovu pomo\u0107, \u010dovjek postaje svjestan svojih uspavanih mo\u0107i, mogu\u0107nosti dosega sopstvenih \u017eelja i va\u017enosti vjere...&quot; - dr Gorjana Ajdukovi\u0107, red. prof.\" \/>\n<meta property=\"og:url\" content=\"https:\/\/zlatnodoba.org\/en\/proizvod\/knjiga-razmisljajte-kao-nikola-tesla\/\" \/>\n<meta property=\"og:site_name\" content=\"Zlatno Doba\" \/>\n<meta property=\"article:modified_time\" content=\"2025-02-15T19:24:38+00:00\" \/>\n<meta property=\"og:image\" content=\"https:\/\/zlatnodoba.org\/wp-content\/uploads\/2025\/01\/viber_image_2025-01-11_14-07-19-402.jpg\" \/>\n\t<meta property=\"og:image:width\" content=\"426\" \/>\n\t<meta property=\"og:image:height\" content=\"637\" \/>\n\t<meta property=\"og:image:type\" content=\"image\/jpeg\" \/>\n<meta name=\"twitter:card\" content=\"summary_large_image\" \/>\n<meta name=\"twitter:label1\" content=\"Estimated reading time\" \/>\n\t<meta name=\"twitter:data1\" content=\"1 minute\" \/>\n<script type=\"application\/ld+json\" class=\"yoast-schema-graph\">{\"@context\":\"https:\/\/schema.org\",\"@graph\":[{\"@type\":\"WebPage\",\"@id\":\"https:\/\/zlatnodoba.org\/proizvod\/knjiga-razmisljajte-kao-nikola-tesla\/\",\"url\":\"https:\/\/zlatnodoba.org\/proizvod\/knjiga-razmisljajte-kao-nikola-tesla\/\",\"name\":\"Spasoje Vlaji\u0107 - Razmi\u0161ljajte Kao Nikola Tesla - Knjiga - Zlatno Doba\",\"isPartOf\":{\"@id\":\"https:\/\/zlatnodoba.org\/#website\"},\"primaryImageOfPage\":{\"@id\":\"https:\/\/zlatnodoba.org\/proizvod\/knjiga-razmisljajte-kao-nikola-tesla\/#primaryimage\"},\"image\":{\"@id\":\"https:\/\/zlatnodoba.org\/proizvod\/knjiga-razmisljajte-kao-nikola-tesla\/#primaryimage\"},\"thumbnailUrl\":\"https:\/\/zlatnodoba.org\/wp-content\/uploads\/2025\/01\/viber_image_2025-01-11_14-07-19-402.jpg\",\"datePublished\":\"2025-01-11T13:12:23+00:00\",\"dateModified\":\"2025-02-15T19:24:38+00:00\",\"breadcrumb\":{\"@id\":\"https:\/\/zlatnodoba.org\/proizvod\/knjiga-razmisljajte-kao-nikola-tesla\/#breadcrumb\"},\"inLanguage\":\"en-GB\",\"potentialAction\":[{\"@type\":\"ReadAction\",\"target\":[\"https:\/\/zlatnodoba.org\/proizvod\/knjiga-razmisljajte-kao-nikola-tesla\/\"]}]},{\"@type\":\"ImageObject\",\"inLanguage\":\"en-GB\",\"@id\":\"https:\/\/zlatnodoba.org\/proizvod\/knjiga-razmisljajte-kao-nikola-tesla\/#primaryimage\",\"url\":\"https:\/\/zlatnodoba.org\/wp-content\/uploads\/2025\/01\/viber_image_2025-01-11_14-07-19-402.jpg\",\"contentUrl\":\"https:\/\/zlatnodoba.org\/wp-content\/uploads\/2025\/01\/viber_image_2025-01-11_14-07-19-402.jpg\",\"width\":426,\"height\":637},{\"@type\":\"BreadcrumbList\",\"@id\":\"https:\/\/zlatnodoba.org\/proizvod\/knjiga-razmisljajte-kao-nikola-tesla\/#breadcrumb\",\"itemListElement\":[{\"@type\":\"ListItem\",\"position\":1,\"name\":\"Home\",\"item\":\"https:\/\/zlatnodoba.org\/\"},{\"@type\":\"ListItem\",\"position\":2,\"name\":\"Shop\",\"item\":\"https:\/\/zlatnodoba.org\/shop\/\"},{\"@type\":\"ListItem\",\"position\":3,\"name\":\"Knjiga &#8211; Razmi\u0161ljajte Kao Nikola Tesla\"}]},{\"@type\":\"WebSite\",\"@id\":\"https:\/\/zlatnodoba.org\/#website\",\"url\":\"https:\/\/zlatnodoba.org\/\",\"name\":\"Zlatno Doba\",\"description\":\"\",\"potentialAction\":[{\"@type\":\"SearchAction\",\"target\":{\"@type\":\"EntryPoint\",\"urlTemplate\":\"https:\/\/zlatnodoba.org\/?s={search_term_string}\"},\"query-input\":{\"@type\":\"PropertyValueSpecification\",\"valueRequired\":true,\"valueName\":\"search_term_string\"}}],\"inLanguage\":\"en-GB\"}]}<\/script>\n<!-- \/ Yoast SEO plugin. -->","yoast_head_json":{"title":"Spasoje Vlaji\u0107 - Razmi\u0161ljajte Kao Nikola Tesla - Knjiga - Zlatno Doba","robots":{"index":"index","follow":"follow","max-snippet":"max-snippet:-1","max-image-preview":"max-image-preview:large","max-video-preview":"max-video-preview:-1"},"canonical":"https:\/\/zlatnodoba.org\/en\/proizvod\/knjiga-razmisljajte-kao-nikola-tesla\/","og_locale":"en_GB","og_type":"article","og_title":"Spasoje Vlaji\u0107 - Razmi\u0161ljajte Kao Nikola Tesla - Knjiga - Zlatno Doba","og_description":"Knjiga \"Razmi\u0161ljajte kao Nikola Tesla\" je ud\u017ebenik uspjeha.\u00a0Takav ud\u017ebenik je poput nasu\u0161nog hljeba potreban na\u0161im \u0161kolama, jer uz njegovu pomo\u0107, \u010dovjek postaje svjestan svojih uspavanih mo\u0107i, mogu\u0107nosti dosega sopstvenih \u017eelja i va\u017enosti vjere...\" - dr Gorjana Ajdukovi\u0107, red. prof.","og_url":"https:\/\/zlatnodoba.org\/en\/proizvod\/knjiga-razmisljajte-kao-nikola-tesla\/","og_site_name":"Zlatno Doba","article_modified_time":"2025-02-15T19:24:38+00:00","og_image":[{"width":426,"height":637,"url":"https:\/\/zlatnodoba.org\/wp-content\/uploads\/2025\/01\/viber_image_2025-01-11_14-07-19-402.jpg","type":"image\/jpeg"}],"twitter_card":"summary_large_image","twitter_misc":{"Estimated reading time":"1 minute"},"schema":{"@context":"https:\/\/schema.org","@graph":[{"@type":"WebPage","@id":"https:\/\/zlatnodoba.org\/proizvod\/knjiga-razmisljajte-kao-nikola-tesla\/","url":"https:\/\/zlatnodoba.org\/proizvod\/knjiga-razmisljajte-kao-nikola-tesla\/","name":"Spasoje Vlaji\u0107 - Razmi\u0161ljajte Kao Nikola Tesla - Knjiga - Zlatno Doba","isPartOf":{"@id":"https:\/\/zlatnodoba.org\/#website"},"primaryImageOfPage":{"@id":"https:\/\/zlatnodoba.org\/proizvod\/knjiga-razmisljajte-kao-nikola-tesla\/#primaryimage"},"image":{"@id":"https:\/\/zlatnodoba.org\/proizvod\/knjiga-razmisljajte-kao-nikola-tesla\/#primaryimage"},"thumbnailUrl":"https:\/\/zlatnodoba.org\/wp-content\/uploads\/2025\/01\/viber_image_2025-01-11_14-07-19-402.jpg","datePublished":"2025-01-11T13:12:23+00:00","dateModified":"2025-02-15T19:24:38+00:00","breadcrumb":{"@id":"https:\/\/zlatnodoba.org\/proizvod\/knjiga-razmisljajte-kao-nikola-tesla\/#breadcrumb"},"inLanguage":"en-GB","potentialAction":[{"@type":"ReadAction","target":["https:\/\/zlatnodoba.org\/proizvod\/knjiga-razmisljajte-kao-nikola-tesla\/"]}]},{"@type":"ImageObject","inLanguage":"en-GB","@id":"https:\/\/zlatnodoba.org\/proizvod\/knjiga-razmisljajte-kao-nikola-tesla\/#primaryimage","url":"https:\/\/zlatnodoba.org\/wp-content\/uploads\/2025\/01\/viber_image_2025-01-11_14-07-19-402.jpg","contentUrl":"https:\/\/zlatnodoba.org\/wp-content\/uploads\/2025\/01\/viber_image_2025-01-11_14-07-19-402.jpg","width":426,"height":637},{"@type":"BreadcrumbList","@id":"https:\/\/zlatnodoba.org\/proizvod\/knjiga-razmisljajte-kao-nikola-tesla\/#breadcrumb","itemListElement":[{"@type":"ListItem","position":1,"name":"Home","item":"https:\/\/zlatnodoba.org\/"},{"@type":"ListItem","position":2,"name":"Shop","item":"https:\/\/zlatnodoba.org\/shop\/"},{"@type":"ListItem","position":3,"name":"Knjiga &#8211; Razmi\u0161ljajte Kao Nikola Tesla"}]},{"@type":"WebSite","@id":"https:\/\/zlatnodoba.org\/#website","url":"https:\/\/zlatnodoba.org\/","name":"Zlatno Doba","description":"","potentialAction":[{"@type":"SearchAction","target":{"@type":"EntryPoint","urlTemplate":"https:\/\/zlatnodoba.org\/?s={search_term_string}"},"query-input":{"@type":"PropertyValueSpecification","valueRequired":true,"valueName":"search_term_string"}}],"inLanguage":"en-GB"}]}},"_links":{"self":[{"href":"https:\/\/zlatnodoba.org\/en\/wp-json\/wp\/v2\/product\/3560","targetHints":{"allow":["GET"]}}],"collection":[{"href":"https:\/\/zlatnodoba.org\/en\/wp-json\/wp\/v2\/product"}],"about":[{"href":"https:\/\/zlatnodoba.org\/en\/wp-json\/wp\/v2\/types\/product"}],"version-history":[{"count":3,"href":"https:\/\/zlatnodoba.org\/en\/wp-json\/wp\/v2\/product\/3560\/revisions"}],"predecessor-version":[{"id":5399,"href":"https:\/\/zlatnodoba.org\/en\/wp-json\/wp\/v2\/product\/3560\/revisions\/5399"}],"wp:featuredmedia":[{"embeddable":true,"href":"https:\/\/zlatnodoba.org\/en\/wp-json\/wp\/v2\/media\/3561"}],"wp:attachment":[{"href":"https:\/\/zlatnodoba.org\/en\/wp-json\/wp\/v2\/media?parent=3560"}],"wp:term":[{"taxonomy":"product_brand","embeddable":true,"href":"https:\/\/zlatnodoba.org\/en\/wp-json\/wp\/v2\/product_brand?post=3560"},{"taxonomy":"product_cat","embeddable":true,"href":"https:\/\/zlatnodoba.org\/en\/wp-json\/wp\/v2\/product_cat?post=3560"},{"taxonomy":"product_tag","embeddable":true,"href":"https:\/\/zlatnodoba.org\/en\/wp-json\/wp\/v2\/product_tag?post=3560"}],"curies":[{"name":"wp","href":"https:\/\/api.w.org\/{rel}","templated":true}]}}