{"id":3557,"date":"2025-01-11T13:08:42","date_gmt":"2025-01-11T13:08:42","guid":{"rendered":"https:\/\/zlatnodoba.org\/?post_type=product&#038;p=3557"},"modified":"2025-02-15T19:24:39","modified_gmt":"2025-02-15T19:24:39","slug":"knjiga-zena-i-ljubav","status":"publish","type":"product","link":"https:\/\/zlatnodoba.org\/en\/proizvod\/knjiga-zena-i-ljubav\/","title":{"rendered":"Spasoje Vlaji\u0107 &#8211; \u017dena i Ljubav &#8211; Knjiga"},"content":{"rendered":"<p style=\"padding-left: 80px;\">\ud83d\udcd5 Ovo je knjiga koja se mo\u017ee \u010ditati redovno ili na preskoke ili na otvaranje. 365 poruka ljubavi. 365 poruka mudrosti. 365 poruka savr\u0161enog znanja za savr\u0161eno zdravlje, savr\u0161en \u017eivot, savr\u0161en uspeh, savr\u0161en odnos, savr\u0161eno vi\u0111enje svega.<\/p>\n<p style=\"padding-left: 80px;\">Ova knjiga \u0107e biti jedan od najlep\u0161ih poklona va\u0161oj dami ili va\u0161oj prijateljici, ali i va\u0161em prijatelju kome treba podr\u0161ka i znak naj\u010distije i najve\u0107e ljubavi, ljubavi koja nadahnjuje, le\u010di, ispunjava, smiruje i uzdi\u017ee.<\/p>","protected":false},"excerpt":{"rendered":"<p><strong>Ovo je knjiga koja se mo\u017ee \u010ditati redovno ili na preskoke ili na otvaranje. 365 poruka ljubavi. 365 poruka mudrosti. 365 poruka savr\u0161enog znanja za savr\u0161eno zdravlje, savr\u0161en \u017eivot, savr\u0161en uspeh, savr\u0161en odnos, savr\u0161eno vi\u0111enje svega.<\/strong><\/p>\n<p><strong>Ova knjiga \u0107e biti jedan od najlep\u0161ih poklona va\u0161oj dami ili va\u0161oj prijateljici, ali i va\u0161em prijatelju kome treba podr\u0161ka i znak naj\u010distije i najve\u0107e ljubavi, ljubavi koja nadahnjuje, le\u010di, ispunjava, smiruje i uzdi\u017ee.<\/strong><\/p>","protected":false},"featured_media":3558,"template":"","meta":{"_acf_changed":false,"_hpay_column_layout":"0","_hpay_name_price":"0","pmpro_default_level":""},"product_brand":[],"product_cat":[85],"product_tag":[],"class_list":{"0":"post-3557","1":"product","2":"type-product","3":"status-publish","4":"has-post-thumbnail","6":"product_cat-knjige","7":"pmpro-has-access","9":"first","10":"instock","11":"taxable","12":"shipping-taxable","13":"purchasable","14":"product-type-simple"},"acf":[],"yoast_head":"<!-- This site is optimized with the Yoast SEO plugin v27.1 - https:\/\/yoast.com\/product\/yoast-seo-wordpress\/ -->\n<title>Spasoje Vlaji\u0107 - \u017dena i Ljubav - Knjiga - Zlatno Doba<\/title>\n<meta name=\"robots\" content=\"index, follow, max-snippet:-1, max-image-preview:large, max-video-preview:-1\" \/>\n<link rel=\"canonical\" href=\"https:\/\/zlatnodoba.org\/en\/proizvod\/knjiga-zena-i-ljubav\/\" \/>\n<meta property=\"og:locale\" content=\"en_GB\" \/>\n<meta property=\"og:type\" content=\"article\" \/>\n<meta property=\"og:title\" content=\"Spasoje Vlaji\u0107 - \u017dena i Ljubav - Knjiga - Zlatno Doba\" \/>\n<meta property=\"og:description\" content=\"Ovo je knjiga koja se mo\u017ee \u010ditati redovno ili na preskoke ili na otvaranje. 365 poruka ljubavi. 365 poruka mudrosti. 365 poruka savr\u0161enog znanja za savr\u0161eno zdravlje, savr\u0161en \u017eivot, savr\u0161en uspeh, savr\u0161en odnos, savr\u0161eno vi\u0111enje svega.  Ova knjiga \u0107e biti jedan od najlep\u0161ih poklona va\u0161oj dami ili va\u0161oj prijateljici, ali i va\u0161em prijatelju kome treba podr\u0161ka i znak naj\u010distije i najve\u0107e ljubavi, ljubavi koja nadahnjuje, le\u010di, ispunjava, smiruje i uzdi\u017ee.\" \/>\n<meta property=\"og:url\" content=\"https:\/\/zlatnodoba.org\/en\/proizvod\/knjiga-zena-i-ljubav\/\" \/>\n<meta property=\"og:site_name\" content=\"Zlatno Doba\" \/>\n<meta property=\"article:modified_time\" content=\"2025-02-15T19:24:39+00:00\" \/>\n<meta property=\"og:image\" content=\"https:\/\/zlatnodoba.org\/wp-content\/uploads\/2025\/01\/Copy-of-How-to-stay-healthy-this-season.jpg\" \/>\n\t<meta property=\"og:image:width\" content=\"331\" \/>\n\t<meta property=\"og:image:height\" content=\"500\" \/>\n\t<meta property=\"og:image:type\" content=\"image\/jpeg\" \/>\n<meta name=\"twitter:card\" content=\"summary_large_image\" \/>\n<meta name=\"twitter:label1\" content=\"Estimated reading time\" \/>\n\t<meta name=\"twitter:data1\" content=\"1 minute\" \/>\n<script type=\"application\/ld+json\" class=\"yoast-schema-graph\">{\"@context\":\"https:\/\/schema.org\",\"@graph\":[{\"@type\":\"WebPage\",\"@id\":\"https:\/\/zlatnodoba.org\/proizvod\/knjiga-zena-i-ljubav\/\",\"url\":\"https:\/\/zlatnodoba.org\/proizvod\/knjiga-zena-i-ljubav\/\",\"name\":\"Spasoje Vlaji\u0107 - \u017dena i Ljubav - Knjiga - Zlatno Doba\",\"isPartOf\":{\"@id\":\"https:\/\/zlatnodoba.org\/#website\"},\"primaryImageOfPage\":{\"@id\":\"https:\/\/zlatnodoba.org\/proizvod\/knjiga-zena-i-ljubav\/#primaryimage\"},\"image\":{\"@id\":\"https:\/\/zlatnodoba.org\/proizvod\/knjiga-zena-i-ljubav\/#primaryimage\"},\"thumbnailUrl\":\"https:\/\/zlatnodoba.org\/wp-content\/uploads\/2025\/01\/Copy-of-How-to-stay-healthy-this-season.jpg\",\"datePublished\":\"2025-01-11T13:08:42+00:00\",\"dateModified\":\"2025-02-15T19:24:39+00:00\",\"breadcrumb\":{\"@id\":\"https:\/\/zlatnodoba.org\/proizvod\/knjiga-zena-i-ljubav\/#breadcrumb\"},\"inLanguage\":\"en-GB\",\"potentialAction\":[{\"@type\":\"ReadAction\",\"target\":[\"https:\/\/zlatnodoba.org\/proizvod\/knjiga-zena-i-ljubav\/\"]}]},{\"@type\":\"ImageObject\",\"inLanguage\":\"en-GB\",\"@id\":\"https:\/\/zlatnodoba.org\/proizvod\/knjiga-zena-i-ljubav\/#primaryimage\",\"url\":\"https:\/\/zlatnodoba.org\/wp-content\/uploads\/2025\/01\/Copy-of-How-to-stay-healthy-this-season.jpg\",\"contentUrl\":\"https:\/\/zlatnodoba.org\/wp-content\/uploads\/2025\/01\/Copy-of-How-to-stay-healthy-this-season.jpg\",\"width\":331,\"height\":500},{\"@type\":\"BreadcrumbList\",\"@id\":\"https:\/\/zlatnodoba.org\/proizvod\/knjiga-zena-i-ljubav\/#breadcrumb\",\"itemListElement\":[{\"@type\":\"ListItem\",\"position\":1,\"name\":\"Home\",\"item\":\"https:\/\/zlatnodoba.org\/\"},{\"@type\":\"ListItem\",\"position\":2,\"name\":\"Shop\",\"item\":\"https:\/\/zlatnodoba.org\/shop\/\"},{\"@type\":\"ListItem\",\"position\":3,\"name\":\"Knjiga &#8211; \u017dena i Ljubav\"}]},{\"@type\":\"WebSite\",\"@id\":\"https:\/\/zlatnodoba.org\/#website\",\"url\":\"https:\/\/zlatnodoba.org\/\",\"name\":\"Zlatno Doba\",\"description\":\"\",\"potentialAction\":[{\"@type\":\"SearchAction\",\"target\":{\"@type\":\"EntryPoint\",\"urlTemplate\":\"https:\/\/zlatnodoba.org\/?s={search_term_string}\"},\"query-input\":{\"@type\":\"PropertyValueSpecification\",\"valueRequired\":true,\"valueName\":\"search_term_string\"}}],\"inLanguage\":\"en-GB\"}]}<\/script>\n<!-- \/ Yoast SEO plugin. -->","yoast_head_json":{"title":"Spasoje Vlaji\u0107 - \u017dena i Ljubav - Knjiga - Zlatno Doba","robots":{"index":"index","follow":"follow","max-snippet":"max-snippet:-1","max-image-preview":"max-image-preview:large","max-video-preview":"max-video-preview:-1"},"canonical":"https:\/\/zlatnodoba.org\/en\/proizvod\/knjiga-zena-i-ljubav\/","og_locale":"en_GB","og_type":"article","og_title":"Spasoje Vlaji\u0107 - \u017dena i Ljubav - Knjiga - Zlatno Doba","og_description":"Ovo je knjiga koja se mo\u017ee \u010ditati redovno ili na preskoke ili na otvaranje. 365 poruka ljubavi. 365 poruka mudrosti. 365 poruka savr\u0161enog znanja za savr\u0161eno zdravlje, savr\u0161en \u017eivot, savr\u0161en uspeh, savr\u0161en odnos, savr\u0161eno vi\u0111enje svega.  Ova knjiga \u0107e biti jedan od najlep\u0161ih poklona va\u0161oj dami ili va\u0161oj prijateljici, ali i va\u0161em prijatelju kome treba podr\u0161ka i znak naj\u010distije i najve\u0107e ljubavi, ljubavi koja nadahnjuje, le\u010di, ispunjava, smiruje i uzdi\u017ee.","og_url":"https:\/\/zlatnodoba.org\/en\/proizvod\/knjiga-zena-i-ljubav\/","og_site_name":"Zlatno Doba","article_modified_time":"2025-02-15T19:24:39+00:00","og_image":[{"width":331,"height":500,"url":"https:\/\/zlatnodoba.org\/wp-content\/uploads\/2025\/01\/Copy-of-How-to-stay-healthy-this-season.jpg","type":"image\/jpeg"}],"twitter_card":"summary_large_image","twitter_misc":{"Estimated reading time":"1 minute"},"schema":{"@context":"https:\/\/schema.org","@graph":[{"@type":"WebPage","@id":"https:\/\/zlatnodoba.org\/proizvod\/knjiga-zena-i-ljubav\/","url":"https:\/\/zlatnodoba.org\/proizvod\/knjiga-zena-i-ljubav\/","name":"Spasoje Vlaji\u0107 - \u017dena i Ljubav - Knjiga - Zlatno Doba","isPartOf":{"@id":"https:\/\/zlatnodoba.org\/#website"},"primaryImageOfPage":{"@id":"https:\/\/zlatnodoba.org\/proizvod\/knjiga-zena-i-ljubav\/#primaryimage"},"image":{"@id":"https:\/\/zlatnodoba.org\/proizvod\/knjiga-zena-i-ljubav\/#primaryimage"},"thumbnailUrl":"https:\/\/zlatnodoba.org\/wp-content\/uploads\/2025\/01\/Copy-of-How-to-stay-healthy-this-season.jpg","datePublished":"2025-01-11T13:08:42+00:00","dateModified":"2025-02-15T19:24:39+00:00","breadcrumb":{"@id":"https:\/\/zlatnodoba.org\/proizvod\/knjiga-zena-i-ljubav\/#breadcrumb"},"inLanguage":"en-GB","potentialAction":[{"@type":"ReadAction","target":["https:\/\/zlatnodoba.org\/proizvod\/knjiga-zena-i-ljubav\/"]}]},{"@type":"ImageObject","inLanguage":"en-GB","@id":"https:\/\/zlatnodoba.org\/proizvod\/knjiga-zena-i-ljubav\/#primaryimage","url":"https:\/\/zlatnodoba.org\/wp-content\/uploads\/2025\/01\/Copy-of-How-to-stay-healthy-this-season.jpg","contentUrl":"https:\/\/zlatnodoba.org\/wp-content\/uploads\/2025\/01\/Copy-of-How-to-stay-healthy-this-season.jpg","width":331,"height":500},{"@type":"BreadcrumbList","@id":"https:\/\/zlatnodoba.org\/proizvod\/knjiga-zena-i-ljubav\/#breadcrumb","itemListElement":[{"@type":"ListItem","position":1,"name":"Home","item":"https:\/\/zlatnodoba.org\/"},{"@type":"ListItem","position":2,"name":"Shop","item":"https:\/\/zlatnodoba.org\/shop\/"},{"@type":"ListItem","position":3,"name":"Knjiga &#8211; \u017dena i Ljubav"}]},{"@type":"WebSite","@id":"https:\/\/zlatnodoba.org\/#website","url":"https:\/\/zlatnodoba.org\/","name":"Zlatno Doba","description":"","potentialAction":[{"@type":"SearchAction","target":{"@type":"EntryPoint","urlTemplate":"https:\/\/zlatnodoba.org\/?s={search_term_string}"},"query-input":{"@type":"PropertyValueSpecification","valueRequired":true,"valueName":"search_term_string"}}],"inLanguage":"en-GB"}]}},"_links":{"self":[{"href":"https:\/\/zlatnodoba.org\/en\/wp-json\/wp\/v2\/product\/3557","targetHints":{"allow":["GET"]}}],"collection":[{"href":"https:\/\/zlatnodoba.org\/en\/wp-json\/wp\/v2\/product"}],"about":[{"href":"https:\/\/zlatnodoba.org\/en\/wp-json\/wp\/v2\/types\/product"}],"version-history":[{"count":3,"href":"https:\/\/zlatnodoba.org\/en\/wp-json\/wp\/v2\/product\/3557\/revisions"}],"predecessor-version":[{"id":5397,"href":"https:\/\/zlatnodoba.org\/en\/wp-json\/wp\/v2\/product\/3557\/revisions\/5397"}],"wp:featuredmedia":[{"embeddable":true,"href":"https:\/\/zlatnodoba.org\/en\/wp-json\/wp\/v2\/media\/3558"}],"wp:attachment":[{"href":"https:\/\/zlatnodoba.org\/en\/wp-json\/wp\/v2\/media?parent=3557"}],"wp:term":[{"taxonomy":"product_brand","embeddable":true,"href":"https:\/\/zlatnodoba.org\/en\/wp-json\/wp\/v2\/product_brand?post=3557"},{"taxonomy":"product_cat","embeddable":true,"href":"https:\/\/zlatnodoba.org\/en\/wp-json\/wp\/v2\/product_cat?post=3557"},{"taxonomy":"product_tag","embeddable":true,"href":"https:\/\/zlatnodoba.org\/en\/wp-json\/wp\/v2\/product_tag?post=3557"}],"curies":[{"name":"wp","href":"https:\/\/api.w.org\/{rel}","templated":true}]}}