{"id":3555,"date":"2025-01-11T13:04:41","date_gmt":"2025-01-11T13:04:41","guid":{"rendered":"https:\/\/zlatnodoba.org\/?post_type=product&#038;p=3555"},"modified":"2025-02-15T19:24:29","modified_gmt":"2025-02-15T19:24:29","slug":"knjiga-fizika-i-tehnologija-svesti","status":"publish","type":"product","link":"https:\/\/zlatnodoba.org\/en\/proizvod\/knjiga-fizika-i-tehnologija-svesti\/","title":{"rendered":"Spasoje Vlaji\u0107 &#8211; Fizika i Tehnologija Svesti &#8211; Knjiga"},"content":{"rendered":"<p style=\"padding-left: 80px;\">\ud83d\udcd5 Fizika i tehnologija svesti se bavi izu\u010davanjem \u00a0naduzro\u010dnih, smisaonih veza i podudarnosti, kao i primenom razli\u010ditih znanja i tehnika (ve\u017ebi) koja dovode do tih podudarnosti (sinhroniciteta). Pored navedenog, izu\u010dava razli\u010dita stanja svesti, dimenzija, prostora, vremena, uticaj misli (mo\u017edanih zra\u010denja) na op\u0161te zdravlje \u010dovjeka, na okolinu (prirodu, doga\u0111aje, pojave, svemir, morfogenetsko polje\u2026).<\/p>\n<p style=\"padding-left: 80px;\">\u2705 Fizika i tehnologija svesti se bavi prakti\u010dnim ve\u017ebama pomo\u0107u kojih se aktiviraju uspavane i skrivene sposobnosti uma (\u010dakre \u2013 koje stvaraju \u010duda), zatim dose\u017ee do vi\u0161ih sfera svesti, dimenzija, energija\u2026 To je tek 10% od onoga \u0161to nam prof. i svetlosni in\u017eenjer Spasoje Vlaji\u0107 prenosi.<\/p>\n<p style=\"padding-left: 80px;\">\u2764\ufe0f Ova knjiga je izuzetan i vrlo vjerovatno jedan jedini priru\u010dnik na svetu koji daje uvid u veoma zna\u010dajna znanja koja su do nedavno bila velika tajna\u2026 A koja \u0107e, postepeno, preobra\u017eavaju\u0107i pojedinca po pojedinca, preobraziti i uzdi\u0107i celo \u010dove\u010danstvo u vi\u0161e oblasti postojanja gde su ljubav, radost, vera, dobronamernost, smirenost, bla\u017eenost samo deli\u0107 vrlina i uzvi\u0161enih ose\u0107anja koja \u0107e iz mnogih sijati i zra\u010diti\u2026 Za dublje i potpunije znanje preporu\u010dujem da kupite knjigu.<\/p>\n<ul>\n<li style=\"list-style-type: none;\">\n<ul>\n<li style=\"list-style-type: none;\">\n<ul>\n<li>Zlatni broj<\/li>\n<li>Broj kao praoblik<\/li>\n<li>Sila i energija zna\u010denja + svojstva<\/li>\n<li>Nauka o umnim (bo\u017eanskim) mo\u0107ima<\/li>\n<li>Najvi\u0161a dostignu\u0107a<\/li>\n<li>An\u0111eli<\/li>\n<li>Primena tehnologije svesti<\/li>\n<li>Misaona medicina<\/li>\n<li>Energija molitve<\/li>\n<li>Stanja svesti<\/li>\n<\/ul>\n<\/li>\n<\/ul>\n<\/li>\n<\/ul>","protected":false},"excerpt":{"rendered":"<p><strong>Fizika i tehnologija svesti se bavi izu\u010davanjem \u00a0naduzro\u010dnih, smisaonih veza i podudarnosti, kao i primenom razli\u010ditih znanja i tehnika (ve\u017ebi) koja dovode do tih podudarnosti (sinhroniciteta). Pored navedenog, izu\u010dava razli\u010dita stanja svesti, dimenzija, prostora, vremena, uticaj misli (mo\u017edanih zra\u010denja) na op\u0161te zdravlje \u010dovjeka, na okolinu (prirodu, doga\u0111aje, pojave, svemir, morfogenetsko polje\u2026).<\/strong><\/p>","protected":false},"featured_media":3556,"template":"","meta":{"_acf_changed":false,"_hpay_column_layout":"0","_hpay_name_price":"0","pmpro_default_level":""},"product_brand":[],"product_cat":[85],"product_tag":[],"class_list":{"0":"post-3555","1":"product","2":"type-product","3":"status-publish","4":"has-post-thumbnail","6":"product_cat-knjige","7":"pmpro-has-access","9":"first","10":"instock","11":"taxable","12":"shipping-taxable","13":"purchasable","14":"product-type-simple"},"acf":[],"yoast_head":"<!-- This site is optimized with the Yoast SEO plugin v27.1 - https:\/\/yoast.com\/product\/yoast-seo-wordpress\/ -->\n<title>Spasoje Vlaji\u0107 - Fizika i Tehnologija Svesti - Knjiga - Zlatno Doba<\/title>\n<meta name=\"robots\" content=\"index, follow, max-snippet:-1, max-image-preview:large, max-video-preview:-1\" \/>\n<link rel=\"canonical\" href=\"https:\/\/zlatnodoba.org\/en\/proizvod\/knjiga-fizika-i-tehnologija-svesti\/\" \/>\n<meta property=\"og:locale\" content=\"en_GB\" \/>\n<meta property=\"og:type\" content=\"article\" \/>\n<meta property=\"og:title\" content=\"Spasoje Vlaji\u0107 - Fizika i Tehnologija Svesti - Knjiga - Zlatno Doba\" \/>\n<meta property=\"og:description\" content=\"Fizika i tehnologija svesti se bavi izu\u010davanjem \u00a0naduzro\u010dnih, smisaonih veza i podudarnosti, kao i primenom razli\u010ditih znanja i tehnika (ve\u017ebi) koja dovode do tih podudarnosti (sinhroniciteta). Pored navedenog, izu\u010dava razli\u010dita stanja svesti, dimenzija, prostora, vremena, uticaj misli (mo\u017edanih zra\u010denja) na op\u0161te zdravlje \u010dovjeka, na okolinu (prirodu, doga\u0111aje, pojave, svemir, morfogenetsko polje\u2026).\" \/>\n<meta property=\"og:url\" content=\"https:\/\/zlatnodoba.org\/en\/proizvod\/knjiga-fizika-i-tehnologija-svesti\/\" \/>\n<meta property=\"og:site_name\" content=\"Zlatno Doba\" \/>\n<meta property=\"article:modified_time\" content=\"2025-02-15T19:24:29+00:00\" \/>\n<meta property=\"og:image\" content=\"https:\/\/zlatnodoba.org\/wp-content\/uploads\/2025\/01\/Fizika-i-tehnologija-svesti-Spasoje-Vlajic-Citati-iz-knjige-Leon-Bijelic.jpg\" \/>\n\t<meta property=\"og:image:width\" content=\"347\" \/>\n\t<meta property=\"og:image:height\" content=\"506\" \/>\n\t<meta property=\"og:image:type\" content=\"image\/jpeg\" \/>\n<meta name=\"twitter:card\" content=\"summary_large_image\" \/>\n<meta name=\"twitter:label1\" content=\"Estimated reading time\" \/>\n\t<meta name=\"twitter:data1\" content=\"2 minutes\" \/>\n<script type=\"application\/ld+json\" class=\"yoast-schema-graph\">{\"@context\":\"https:\/\/schema.org\",\"@graph\":[{\"@type\":\"WebPage\",\"@id\":\"https:\/\/zlatnodoba.org\/proizvod\/knjiga-fizika-i-tehnologija-svesti\/\",\"url\":\"https:\/\/zlatnodoba.org\/proizvod\/knjiga-fizika-i-tehnologija-svesti\/\",\"name\":\"Spasoje Vlaji\u0107 - Fizika i Tehnologija Svesti - Knjiga - Zlatno Doba\",\"isPartOf\":{\"@id\":\"https:\/\/zlatnodoba.org\/#website\"},\"primaryImageOfPage\":{\"@id\":\"https:\/\/zlatnodoba.org\/proizvod\/knjiga-fizika-i-tehnologija-svesti\/#primaryimage\"},\"image\":{\"@id\":\"https:\/\/zlatnodoba.org\/proizvod\/knjiga-fizika-i-tehnologija-svesti\/#primaryimage\"},\"thumbnailUrl\":\"https:\/\/zlatnodoba.org\/wp-content\/uploads\/2025\/01\/Fizika-i-tehnologija-svesti-Spasoje-Vlajic-Citati-iz-knjige-Leon-Bijelic.jpg\",\"datePublished\":\"2025-01-11T13:04:41+00:00\",\"dateModified\":\"2025-02-15T19:24:29+00:00\",\"breadcrumb\":{\"@id\":\"https:\/\/zlatnodoba.org\/proizvod\/knjiga-fizika-i-tehnologija-svesti\/#breadcrumb\"},\"inLanguage\":\"en-GB\",\"potentialAction\":[{\"@type\":\"ReadAction\",\"target\":[\"https:\/\/zlatnodoba.org\/proizvod\/knjiga-fizika-i-tehnologija-svesti\/\"]}]},{\"@type\":\"ImageObject\",\"inLanguage\":\"en-GB\",\"@id\":\"https:\/\/zlatnodoba.org\/proizvod\/knjiga-fizika-i-tehnologija-svesti\/#primaryimage\",\"url\":\"https:\/\/zlatnodoba.org\/wp-content\/uploads\/2025\/01\/Fizika-i-tehnologija-svesti-Spasoje-Vlajic-Citati-iz-knjige-Leon-Bijelic.jpg\",\"contentUrl\":\"https:\/\/zlatnodoba.org\/wp-content\/uploads\/2025\/01\/Fizika-i-tehnologija-svesti-Spasoje-Vlajic-Citati-iz-knjige-Leon-Bijelic.jpg\",\"width\":347,\"height\":506},{\"@type\":\"BreadcrumbList\",\"@id\":\"https:\/\/zlatnodoba.org\/proizvod\/knjiga-fizika-i-tehnologija-svesti\/#breadcrumb\",\"itemListElement\":[{\"@type\":\"ListItem\",\"position\":1,\"name\":\"Home\",\"item\":\"https:\/\/zlatnodoba.org\/\"},{\"@type\":\"ListItem\",\"position\":2,\"name\":\"Shop\",\"item\":\"https:\/\/zlatnodoba.org\/shop\/\"},{\"@type\":\"ListItem\",\"position\":3,\"name\":\"Knjiga &#8211; Fizika i Tehnologija Svesti\"}]},{\"@type\":\"WebSite\",\"@id\":\"https:\/\/zlatnodoba.org\/#website\",\"url\":\"https:\/\/zlatnodoba.org\/\",\"name\":\"Zlatno Doba\",\"description\":\"\",\"potentialAction\":[{\"@type\":\"SearchAction\",\"target\":{\"@type\":\"EntryPoint\",\"urlTemplate\":\"https:\/\/zlatnodoba.org\/?s={search_term_string}\"},\"query-input\":{\"@type\":\"PropertyValueSpecification\",\"valueRequired\":true,\"valueName\":\"search_term_string\"}}],\"inLanguage\":\"en-GB\"}]}<\/script>\n<!-- \/ Yoast SEO plugin. -->","yoast_head_json":{"title":"Spasoje Vlaji\u0107 - Fizika i Tehnologija Svesti - Knjiga - Zlatno Doba","robots":{"index":"index","follow":"follow","max-snippet":"max-snippet:-1","max-image-preview":"max-image-preview:large","max-video-preview":"max-video-preview:-1"},"canonical":"https:\/\/zlatnodoba.org\/en\/proizvod\/knjiga-fizika-i-tehnologija-svesti\/","og_locale":"en_GB","og_type":"article","og_title":"Spasoje Vlaji\u0107 - Fizika i Tehnologija Svesti - Knjiga - Zlatno Doba","og_description":"Fizika i tehnologija svesti se bavi izu\u010davanjem \u00a0naduzro\u010dnih, smisaonih veza i podudarnosti, kao i primenom razli\u010ditih znanja i tehnika (ve\u017ebi) koja dovode do tih podudarnosti (sinhroniciteta). Pored navedenog, izu\u010dava razli\u010dita stanja svesti, dimenzija, prostora, vremena, uticaj misli (mo\u017edanih zra\u010denja) na op\u0161te zdravlje \u010dovjeka, na okolinu (prirodu, doga\u0111aje, pojave, svemir, morfogenetsko polje\u2026).","og_url":"https:\/\/zlatnodoba.org\/en\/proizvod\/knjiga-fizika-i-tehnologija-svesti\/","og_site_name":"Zlatno Doba","article_modified_time":"2025-02-15T19:24:29+00:00","og_image":[{"width":347,"height":506,"url":"https:\/\/zlatnodoba.org\/wp-content\/uploads\/2025\/01\/Fizika-i-tehnologija-svesti-Spasoje-Vlajic-Citati-iz-knjige-Leon-Bijelic.jpg","type":"image\/jpeg"}],"twitter_card":"summary_large_image","twitter_misc":{"Estimated reading time":"2 minutes"},"schema":{"@context":"https:\/\/schema.org","@graph":[{"@type":"WebPage","@id":"https:\/\/zlatnodoba.org\/proizvod\/knjiga-fizika-i-tehnologija-svesti\/","url":"https:\/\/zlatnodoba.org\/proizvod\/knjiga-fizika-i-tehnologija-svesti\/","name":"Spasoje Vlaji\u0107 - Fizika i Tehnologija Svesti - Knjiga - Zlatno Doba","isPartOf":{"@id":"https:\/\/zlatnodoba.org\/#website"},"primaryImageOfPage":{"@id":"https:\/\/zlatnodoba.org\/proizvod\/knjiga-fizika-i-tehnologija-svesti\/#primaryimage"},"image":{"@id":"https:\/\/zlatnodoba.org\/proizvod\/knjiga-fizika-i-tehnologija-svesti\/#primaryimage"},"thumbnailUrl":"https:\/\/zlatnodoba.org\/wp-content\/uploads\/2025\/01\/Fizika-i-tehnologija-svesti-Spasoje-Vlajic-Citati-iz-knjige-Leon-Bijelic.jpg","datePublished":"2025-01-11T13:04:41+00:00","dateModified":"2025-02-15T19:24:29+00:00","breadcrumb":{"@id":"https:\/\/zlatnodoba.org\/proizvod\/knjiga-fizika-i-tehnologija-svesti\/#breadcrumb"},"inLanguage":"en-GB","potentialAction":[{"@type":"ReadAction","target":["https:\/\/zlatnodoba.org\/proizvod\/knjiga-fizika-i-tehnologija-svesti\/"]}]},{"@type":"ImageObject","inLanguage":"en-GB","@id":"https:\/\/zlatnodoba.org\/proizvod\/knjiga-fizika-i-tehnologija-svesti\/#primaryimage","url":"https:\/\/zlatnodoba.org\/wp-content\/uploads\/2025\/01\/Fizika-i-tehnologija-svesti-Spasoje-Vlajic-Citati-iz-knjige-Leon-Bijelic.jpg","contentUrl":"https:\/\/zlatnodoba.org\/wp-content\/uploads\/2025\/01\/Fizika-i-tehnologija-svesti-Spasoje-Vlajic-Citati-iz-knjige-Leon-Bijelic.jpg","width":347,"height":506},{"@type":"BreadcrumbList","@id":"https:\/\/zlatnodoba.org\/proizvod\/knjiga-fizika-i-tehnologija-svesti\/#breadcrumb","itemListElement":[{"@type":"ListItem","position":1,"name":"Home","item":"https:\/\/zlatnodoba.org\/"},{"@type":"ListItem","position":2,"name":"Shop","item":"https:\/\/zlatnodoba.org\/shop\/"},{"@type":"ListItem","position":3,"name":"Knjiga &#8211; Fizika i Tehnologija Svesti"}]},{"@type":"WebSite","@id":"https:\/\/zlatnodoba.org\/#website","url":"https:\/\/zlatnodoba.org\/","name":"Zlatno Doba","description":"","potentialAction":[{"@type":"SearchAction","target":{"@type":"EntryPoint","urlTemplate":"https:\/\/zlatnodoba.org\/?s={search_term_string}"},"query-input":{"@type":"PropertyValueSpecification","valueRequired":true,"valueName":"search_term_string"}}],"inLanguage":"en-GB"}]}},"_links":{"self":[{"href":"https:\/\/zlatnodoba.org\/en\/wp-json\/wp\/v2\/product\/3555","targetHints":{"allow":["GET"]}}],"collection":[{"href":"https:\/\/zlatnodoba.org\/en\/wp-json\/wp\/v2\/product"}],"about":[{"href":"https:\/\/zlatnodoba.org\/en\/wp-json\/wp\/v2\/types\/product"}],"version-history":[{"count":3,"href":"https:\/\/zlatnodoba.org\/en\/wp-json\/wp\/v2\/product\/3555\/revisions"}],"predecessor-version":[{"id":5395,"href":"https:\/\/zlatnodoba.org\/en\/wp-json\/wp\/v2\/product\/3555\/revisions\/5395"}],"wp:featuredmedia":[{"embeddable":true,"href":"https:\/\/zlatnodoba.org\/en\/wp-json\/wp\/v2\/media\/3556"}],"wp:attachment":[{"href":"https:\/\/zlatnodoba.org\/en\/wp-json\/wp\/v2\/media?parent=3555"}],"wp:term":[{"taxonomy":"product_brand","embeddable":true,"href":"https:\/\/zlatnodoba.org\/en\/wp-json\/wp\/v2\/product_brand?post=3555"},{"taxonomy":"product_cat","embeddable":true,"href":"https:\/\/zlatnodoba.org\/en\/wp-json\/wp\/v2\/product_cat?post=3555"},{"taxonomy":"product_tag","embeddable":true,"href":"https:\/\/zlatnodoba.org\/en\/wp-json\/wp\/v2\/product_tag?post=3555"}],"curies":[{"name":"wp","href":"https:\/\/api.w.org\/{rel}","templated":true}]}}