{"id":3547,"date":"2025-01-11T12:53:20","date_gmt":"2025-01-11T12:53:20","guid":{"rendered":"https:\/\/zlatnodoba.org\/?post_type=product&#038;p=3547"},"modified":"2025-02-15T19:24:43","modified_gmt":"2025-02-15T19:24:43","slug":"knjiga-budjenje-skrivenih-sposobnosti","status":"publish","type":"product","link":"https:\/\/zlatnodoba.org\/en\/proizvod\/knjiga-budjenje-skrivenih-sposobnosti\/","title":{"rendered":"Spasoje Vlaji\u0107 &#8211; Bu\u0111enje Skrivenih Sposobnosti &#8211; Knjiga"},"content":{"rendered":"<p style=\"padding-left: 80px;\">\ud83d\udcd5 U ovoj knjizi autor govori o tome da bu\u0111enjem skrivenih sposobnosti, mo\u0107i \u0107ete da za\u0161tite sebe od opasnosti koje mogu da ugroze va\u0161 \u017eivot. Otkri\u0107a do kojih je do\u0161ao mogu da imaju epohalni zna\u010daj u razvoju nove tehnologije zasnovane na kori\u0161\u0107enju energije misli. Njegova formula za ostvarenje \u017eelja u samim su temeljima nove fizike i tehnologije svesti.<\/p>\n<p style=\"padding-left: 80px;\">\u2705 Ova knjiga od 180 listova ima najzanimljivija i najkorisnija znanja i informacije o vremenu i prostoru, svesti, nadsvesti, ljubavi, ispravljanju pro\u0161losti\u2026 O nauci, energiji misli\u2026 Neverovatne i za\u010du\u0111uju\u0107e \u010dinjenice koje prenosi svetlosni in\u017eenjer i prof. Spasoje Vlaji\u0107.<\/p>","protected":false},"excerpt":{"rendered":"<p><strong>U ovoj knjizi autor govori o tome da bu\u0111enjem skrivenih sposobnosti, mo\u0107i \u0107ete da za\u0161tite sebe od opasnosti koje mogu da ugroze va\u0161 \u017eivot. Otkri\u0107a do kojih je do\u0161ao mogu da imaju epohalni zna\u010daj u razvoju nove tehnologije zasnovane na kori\u0161\u0107enju energije misli. Njegova formula za ostvarenje \u017eelja u samim su temeljima nove fizike i tehnologije svesti.<\/strong><\/p>","protected":false},"featured_media":3548,"template":"","meta":{"_acf_changed":false,"_hpay_column_layout":"0","_hpay_name_price":"0","pmpro_default_level":""},"product_brand":[],"product_cat":[85],"product_tag":[],"class_list":{"0":"post-3547","1":"product","2":"type-product","3":"status-publish","4":"has-post-thumbnail","6":"product_cat-knjige","7":"pmpro-has-access","9":"first","10":"instock","11":"taxable","12":"shipping-taxable","13":"purchasable","14":"product-type-simple"},"acf":[],"yoast_head":"<!-- This site is optimized with the Yoast SEO plugin v27.1 - https:\/\/yoast.com\/product\/yoast-seo-wordpress\/ -->\n<title>Spasoje Vlaji\u0107 - Bu\u0111enje Skrivenih Sposobnosti - Knjiga - Zlatno Doba<\/title>\n<meta name=\"robots\" content=\"index, follow, max-snippet:-1, max-image-preview:large, max-video-preview:-1\" \/>\n<link rel=\"canonical\" href=\"https:\/\/zlatnodoba.org\/en\/proizvod\/knjiga-budjenje-skrivenih-sposobnosti\/\" \/>\n<meta property=\"og:locale\" content=\"en_GB\" \/>\n<meta property=\"og:type\" content=\"article\" \/>\n<meta property=\"og:title\" content=\"Spasoje Vlaji\u0107 - Bu\u0111enje Skrivenih Sposobnosti - Knjiga - Zlatno Doba\" \/>\n<meta property=\"og:description\" content=\"U ovoj knjizi autor govori o tome da bu\u0111enjem skrivenih sposobnosti, mo\u0107i \u0107ete da za\u0161tite sebe od opasnosti koje mogu da ugroze va\u0161 \u017eivot. Otkri\u0107a do kojih je do\u0161ao mogu da imaju epohalni zna\u010daj u razvoju nove tehnologije zasnovane na kori\u0161\u0107enju energije misli. Njegova formula za ostvarenje \u017eelja u samim su temeljima nove fizike i tehnologije svesti.\" \/>\n<meta property=\"og:url\" content=\"https:\/\/zlatnodoba.org\/en\/proizvod\/knjiga-budjenje-skrivenih-sposobnosti\/\" \/>\n<meta property=\"og:site_name\" content=\"Zlatno Doba\" \/>\n<meta property=\"article:modified_time\" content=\"2025-02-15T19:24:43+00:00\" \/>\n<meta property=\"og:image\" content=\"https:\/\/zlatnodoba.org\/wp-content\/uploads\/2025\/01\/Screenshot-2024-12-08-at-13.33.01.png\" \/>\n\t<meta property=\"og:image:width\" content=\"888\" \/>\n\t<meta property=\"og:image:height\" content=\"1338\" \/>\n\t<meta property=\"og:image:type\" content=\"image\/png\" \/>\n<meta name=\"twitter:card\" content=\"summary_large_image\" \/>\n<meta name=\"twitter:label1\" content=\"Estimated reading time\" \/>\n\t<meta name=\"twitter:data1\" content=\"1 minute\" \/>\n<script type=\"application\/ld+json\" class=\"yoast-schema-graph\">{\"@context\":\"https:\/\/schema.org\",\"@graph\":[{\"@type\":\"WebPage\",\"@id\":\"https:\/\/zlatnodoba.org\/proizvod\/knjiga-budjenje-skrivenih-sposobnosti\/\",\"url\":\"https:\/\/zlatnodoba.org\/proizvod\/knjiga-budjenje-skrivenih-sposobnosti\/\",\"name\":\"Spasoje Vlaji\u0107 - Bu\u0111enje Skrivenih Sposobnosti - Knjiga - Zlatno Doba\",\"isPartOf\":{\"@id\":\"https:\/\/zlatnodoba.org\/#website\"},\"primaryImageOfPage\":{\"@id\":\"https:\/\/zlatnodoba.org\/proizvod\/knjiga-budjenje-skrivenih-sposobnosti\/#primaryimage\"},\"image\":{\"@id\":\"https:\/\/zlatnodoba.org\/proizvod\/knjiga-budjenje-skrivenih-sposobnosti\/#primaryimage\"},\"thumbnailUrl\":\"https:\/\/zlatnodoba.org\/wp-content\/uploads\/2025\/01\/Screenshot-2024-12-08-at-13.33.01.png\",\"datePublished\":\"2025-01-11T12:53:20+00:00\",\"dateModified\":\"2025-02-15T19:24:43+00:00\",\"breadcrumb\":{\"@id\":\"https:\/\/zlatnodoba.org\/proizvod\/knjiga-budjenje-skrivenih-sposobnosti\/#breadcrumb\"},\"inLanguage\":\"en-GB\",\"potentialAction\":[{\"@type\":\"ReadAction\",\"target\":[\"https:\/\/zlatnodoba.org\/proizvod\/knjiga-budjenje-skrivenih-sposobnosti\/\"]}]},{\"@type\":\"ImageObject\",\"inLanguage\":\"en-GB\",\"@id\":\"https:\/\/zlatnodoba.org\/proizvod\/knjiga-budjenje-skrivenih-sposobnosti\/#primaryimage\",\"url\":\"https:\/\/zlatnodoba.org\/wp-content\/uploads\/2025\/01\/Screenshot-2024-12-08-at-13.33.01.png\",\"contentUrl\":\"https:\/\/zlatnodoba.org\/wp-content\/uploads\/2025\/01\/Screenshot-2024-12-08-at-13.33.01.png\",\"width\":888,\"height\":1338},{\"@type\":\"BreadcrumbList\",\"@id\":\"https:\/\/zlatnodoba.org\/proizvod\/knjiga-budjenje-skrivenih-sposobnosti\/#breadcrumb\",\"itemListElement\":[{\"@type\":\"ListItem\",\"position\":1,\"name\":\"Home\",\"item\":\"https:\/\/zlatnodoba.org\/\"},{\"@type\":\"ListItem\",\"position\":2,\"name\":\"Shop\",\"item\":\"https:\/\/zlatnodoba.org\/shop\/\"},{\"@type\":\"ListItem\",\"position\":3,\"name\":\"Knjiga &#8211; Bu\u0111enje Skrivenih Sposobnosti\"}]},{\"@type\":\"WebSite\",\"@id\":\"https:\/\/zlatnodoba.org\/#website\",\"url\":\"https:\/\/zlatnodoba.org\/\",\"name\":\"Zlatno Doba\",\"description\":\"\",\"potentialAction\":[{\"@type\":\"SearchAction\",\"target\":{\"@type\":\"EntryPoint\",\"urlTemplate\":\"https:\/\/zlatnodoba.org\/?s={search_term_string}\"},\"query-input\":{\"@type\":\"PropertyValueSpecification\",\"valueRequired\":true,\"valueName\":\"search_term_string\"}}],\"inLanguage\":\"en-GB\"}]}<\/script>\n<!-- \/ Yoast SEO plugin. -->","yoast_head_json":{"title":"Spasoje Vlaji\u0107 - Bu\u0111enje Skrivenih Sposobnosti - Knjiga - Zlatno Doba","robots":{"index":"index","follow":"follow","max-snippet":"max-snippet:-1","max-image-preview":"max-image-preview:large","max-video-preview":"max-video-preview:-1"},"canonical":"https:\/\/zlatnodoba.org\/en\/proizvod\/knjiga-budjenje-skrivenih-sposobnosti\/","og_locale":"en_GB","og_type":"article","og_title":"Spasoje Vlaji\u0107 - Bu\u0111enje Skrivenih Sposobnosti - Knjiga - Zlatno Doba","og_description":"U ovoj knjizi autor govori o tome da bu\u0111enjem skrivenih sposobnosti, mo\u0107i \u0107ete da za\u0161tite sebe od opasnosti koje mogu da ugroze va\u0161 \u017eivot. Otkri\u0107a do kojih je do\u0161ao mogu da imaju epohalni zna\u010daj u razvoju nove tehnologije zasnovane na kori\u0161\u0107enju energije misli. Njegova formula za ostvarenje \u017eelja u samim su temeljima nove fizike i tehnologije svesti.","og_url":"https:\/\/zlatnodoba.org\/en\/proizvod\/knjiga-budjenje-skrivenih-sposobnosti\/","og_site_name":"Zlatno Doba","article_modified_time":"2025-02-15T19:24:43+00:00","og_image":[{"width":888,"height":1338,"url":"https:\/\/zlatnodoba.org\/wp-content\/uploads\/2025\/01\/Screenshot-2024-12-08-at-13.33.01.png","type":"image\/png"}],"twitter_card":"summary_large_image","twitter_misc":{"Estimated reading time":"1 minute"},"schema":{"@context":"https:\/\/schema.org","@graph":[{"@type":"WebPage","@id":"https:\/\/zlatnodoba.org\/proizvod\/knjiga-budjenje-skrivenih-sposobnosti\/","url":"https:\/\/zlatnodoba.org\/proizvod\/knjiga-budjenje-skrivenih-sposobnosti\/","name":"Spasoje Vlaji\u0107 - Bu\u0111enje Skrivenih Sposobnosti - Knjiga - Zlatno Doba","isPartOf":{"@id":"https:\/\/zlatnodoba.org\/#website"},"primaryImageOfPage":{"@id":"https:\/\/zlatnodoba.org\/proizvod\/knjiga-budjenje-skrivenih-sposobnosti\/#primaryimage"},"image":{"@id":"https:\/\/zlatnodoba.org\/proizvod\/knjiga-budjenje-skrivenih-sposobnosti\/#primaryimage"},"thumbnailUrl":"https:\/\/zlatnodoba.org\/wp-content\/uploads\/2025\/01\/Screenshot-2024-12-08-at-13.33.01.png","datePublished":"2025-01-11T12:53:20+00:00","dateModified":"2025-02-15T19:24:43+00:00","breadcrumb":{"@id":"https:\/\/zlatnodoba.org\/proizvod\/knjiga-budjenje-skrivenih-sposobnosti\/#breadcrumb"},"inLanguage":"en-GB","potentialAction":[{"@type":"ReadAction","target":["https:\/\/zlatnodoba.org\/proizvod\/knjiga-budjenje-skrivenih-sposobnosti\/"]}]},{"@type":"ImageObject","inLanguage":"en-GB","@id":"https:\/\/zlatnodoba.org\/proizvod\/knjiga-budjenje-skrivenih-sposobnosti\/#primaryimage","url":"https:\/\/zlatnodoba.org\/wp-content\/uploads\/2025\/01\/Screenshot-2024-12-08-at-13.33.01.png","contentUrl":"https:\/\/zlatnodoba.org\/wp-content\/uploads\/2025\/01\/Screenshot-2024-12-08-at-13.33.01.png","width":888,"height":1338},{"@type":"BreadcrumbList","@id":"https:\/\/zlatnodoba.org\/proizvod\/knjiga-budjenje-skrivenih-sposobnosti\/#breadcrumb","itemListElement":[{"@type":"ListItem","position":1,"name":"Home","item":"https:\/\/zlatnodoba.org\/"},{"@type":"ListItem","position":2,"name":"Shop","item":"https:\/\/zlatnodoba.org\/shop\/"},{"@type":"ListItem","position":3,"name":"Knjiga &#8211; Bu\u0111enje Skrivenih Sposobnosti"}]},{"@type":"WebSite","@id":"https:\/\/zlatnodoba.org\/#website","url":"https:\/\/zlatnodoba.org\/","name":"Zlatno Doba","description":"","potentialAction":[{"@type":"SearchAction","target":{"@type":"EntryPoint","urlTemplate":"https:\/\/zlatnodoba.org\/?s={search_term_string}"},"query-input":{"@type":"PropertyValueSpecification","valueRequired":true,"valueName":"search_term_string"}}],"inLanguage":"en-GB"}]}},"_links":{"self":[{"href":"https:\/\/zlatnodoba.org\/en\/wp-json\/wp\/v2\/product\/3547","targetHints":{"allow":["GET"]}}],"collection":[{"href":"https:\/\/zlatnodoba.org\/en\/wp-json\/wp\/v2\/product"}],"about":[{"href":"https:\/\/zlatnodoba.org\/en\/wp-json\/wp\/v2\/types\/product"}],"version-history":[{"count":3,"href":"https:\/\/zlatnodoba.org\/en\/wp-json\/wp\/v2\/product\/3547\/revisions"}],"predecessor-version":[{"id":5390,"href":"https:\/\/zlatnodoba.org\/en\/wp-json\/wp\/v2\/product\/3547\/revisions\/5390"}],"wp:featuredmedia":[{"embeddable":true,"href":"https:\/\/zlatnodoba.org\/en\/wp-json\/wp\/v2\/media\/3548"}],"wp:attachment":[{"href":"https:\/\/zlatnodoba.org\/en\/wp-json\/wp\/v2\/media?parent=3547"}],"wp:term":[{"taxonomy":"product_brand","embeddable":true,"href":"https:\/\/zlatnodoba.org\/en\/wp-json\/wp\/v2\/product_brand?post=3547"},{"taxonomy":"product_cat","embeddable":true,"href":"https:\/\/zlatnodoba.org\/en\/wp-json\/wp\/v2\/product_cat?post=3547"},{"taxonomy":"product_tag","embeddable":true,"href":"https:\/\/zlatnodoba.org\/en\/wp-json\/wp\/v2\/product_tag?post=3547"}],"curies":[{"name":"wp","href":"https:\/\/api.w.org\/{rel}","templated":true}]}}