{"id":3545,"date":"2025-01-11T12:42:25","date_gmt":"2025-01-11T12:42:25","guid":{"rendered":"https:\/\/zlatnodoba.org\/?post_type=product&#038;p=3545"},"modified":"2025-02-15T19:24:41","modified_gmt":"2025-02-15T19:24:41","slug":"knjiga-knjiga-o-radosti-i-uspehu","status":"publish","type":"product","link":"https:\/\/zlatnodoba.org\/en\/proizvod\/knjiga-knjiga-o-radosti-i-uspehu\/","title":{"rendered":"Spasoje Vlaji\u0107 &#8211; Knjiga o Radosti i Uspehu &#8211; Knjiga"},"content":{"rendered":"<p style=\"padding-left: 80px;\">\ud83d\udcd5 Priru\u010dnik za psihologiju uspeha.\u00a0Najvi\u0161i \u010din i krunsko dostignu\u0107e \u010doveka je pravilno kori\u0161\u0107enje mozga, energije misli i snage uma.\u00a0Ovu knjigu posve\u0107ujem milim i upornim srcima koja te\u017ee da ovladav\u0161i tim dostignu\u0107ima budu bolji, uspe\u0161niji i sre\u0107niji od prethodnih sebe.<\/p>\n<p style=\"padding-left: 80px;\">\u2705 Sila i energija zna\u010denja, u\u0161teda vremena, rada i energije a maksimalni rezultati\u2026 Smiren um, \u017eelje i uspesi, materijalizacija misli, mo\u0107 uma, mo\u0107 misli, drugi svet, susedna stvarnost, u\u010denje i ispiti, le\u010denje, zdravlje i snaga, brak i porodica, darovi i pokloni, posao, vidovitost i \u010ditanje misli, sre\u0107a, samopouzdanje, umetnost, zarada i novac, stan (ku\u0107a), trgovina\u2026 I jo\u0161 mnogo sadr\u017eaja, vrlo korisnog nalazi se u ovoj posebnoj, radosnoj knjizi.<\/p>","protected":false},"excerpt":{"rendered":"<p><strong>Priru\u010dnik za psihologiju uspeha.\u00a0Najvi\u0161i \u010din i krunsko dostignu\u0107e \u010doveka je pravilno kori\u0161\u0107enje mozga, energije misli i snage uma.\u00a0Ovu knjigu posve\u0107ujem milim i upornim srcima koja te\u017ee da ovladav\u0161i tim dostignu\u0107ima budu bolji, uspe\u0161niji i sre\u0107niji od prethodnih sebe.<\/strong><\/p>","protected":false},"featured_media":3546,"template":"","meta":{"_acf_changed":false,"_hpay_column_layout":"0","_hpay_name_price":"0","pmpro_default_level":""},"product_brand":[],"product_cat":[85],"product_tag":[],"class_list":{"0":"post-3545","1":"product","2":"type-product","3":"status-publish","4":"has-post-thumbnail","6":"product_cat-knjige","7":"pmpro-has-access","9":"first","10":"instock","11":"taxable","12":"shipping-taxable","13":"purchasable","14":"product-type-simple"},"acf":[],"yoast_head":"<!-- This site is optimized with the Yoast SEO plugin v27.1 - https:\/\/yoast.com\/product\/yoast-seo-wordpress\/ -->\n<title>Spasoje Vlaji\u0107 - Knjiga o Radosti i Uspehu - Knjiga - Zlatno Doba<\/title>\n<meta name=\"robots\" content=\"index, follow, max-snippet:-1, max-image-preview:large, max-video-preview:-1\" \/>\n<link rel=\"canonical\" href=\"https:\/\/zlatnodoba.org\/en\/proizvod\/knjiga-knjiga-o-radosti-i-uspehu\/\" \/>\n<meta property=\"og:locale\" content=\"en_GB\" \/>\n<meta property=\"og:type\" content=\"article\" \/>\n<meta property=\"og:title\" content=\"Spasoje Vlaji\u0107 - Knjiga o Radosti i Uspehu - Knjiga - Zlatno Doba\" \/>\n<meta property=\"og:description\" content=\"Priru\u010dnik za psihologiju uspeha.\u00a0Najvi\u0161i \u010din i krunsko dostignu\u0107e \u010doveka je pravilno kori\u0161\u0107enje mozga, energije misli i snage uma.\u00a0Ovu knjigu posve\u0107ujem milim i upornim srcima koja te\u017ee da ovladav\u0161i tim dostignu\u0107ima budu bolji, uspe\u0161niji i sre\u0107niji od prethodnih sebe.\" \/>\n<meta property=\"og:url\" content=\"https:\/\/zlatnodoba.org\/en\/proizvod\/knjiga-knjiga-o-radosti-i-uspehu\/\" \/>\n<meta property=\"og:site_name\" content=\"Zlatno Doba\" \/>\n<meta property=\"article:modified_time\" content=\"2025-02-15T19:24:41+00:00\" \/>\n<meta property=\"og:image\" content=\"https:\/\/zlatnodoba.org\/wp-content\/uploads\/2025\/01\/Screenshot-2024-12-08-at-13.24.31.png\" \/>\n\t<meta property=\"og:image:width\" content=\"890\" \/>\n\t<meta property=\"og:image:height\" content=\"1290\" \/>\n\t<meta property=\"og:image:type\" content=\"image\/png\" \/>\n<meta name=\"twitter:card\" content=\"summary_large_image\" \/>\n<meta name=\"twitter:label1\" content=\"Estimated reading time\" \/>\n\t<meta name=\"twitter:data1\" content=\"1 minute\" \/>\n<script type=\"application\/ld+json\" class=\"yoast-schema-graph\">{\"@context\":\"https:\/\/schema.org\",\"@graph\":[{\"@type\":\"WebPage\",\"@id\":\"https:\/\/zlatnodoba.org\/proizvod\/knjiga-knjiga-o-radosti-i-uspehu\/\",\"url\":\"https:\/\/zlatnodoba.org\/proizvod\/knjiga-knjiga-o-radosti-i-uspehu\/\",\"name\":\"Spasoje Vlaji\u0107 - Knjiga o Radosti i Uspehu - Knjiga - Zlatno Doba\",\"isPartOf\":{\"@id\":\"https:\/\/zlatnodoba.org\/#website\"},\"primaryImageOfPage\":{\"@id\":\"https:\/\/zlatnodoba.org\/proizvod\/knjiga-knjiga-o-radosti-i-uspehu\/#primaryimage\"},\"image\":{\"@id\":\"https:\/\/zlatnodoba.org\/proizvod\/knjiga-knjiga-o-radosti-i-uspehu\/#primaryimage\"},\"thumbnailUrl\":\"https:\/\/zlatnodoba.org\/wp-content\/uploads\/2025\/01\/Screenshot-2024-12-08-at-13.24.31.png\",\"datePublished\":\"2025-01-11T12:42:25+00:00\",\"dateModified\":\"2025-02-15T19:24:41+00:00\",\"breadcrumb\":{\"@id\":\"https:\/\/zlatnodoba.org\/proizvod\/knjiga-knjiga-o-radosti-i-uspehu\/#breadcrumb\"},\"inLanguage\":\"en-GB\",\"potentialAction\":[{\"@type\":\"ReadAction\",\"target\":[\"https:\/\/zlatnodoba.org\/proizvod\/knjiga-knjiga-o-radosti-i-uspehu\/\"]}]},{\"@type\":\"ImageObject\",\"inLanguage\":\"en-GB\",\"@id\":\"https:\/\/zlatnodoba.org\/proizvod\/knjiga-knjiga-o-radosti-i-uspehu\/#primaryimage\",\"url\":\"https:\/\/zlatnodoba.org\/wp-content\/uploads\/2025\/01\/Screenshot-2024-12-08-at-13.24.31.png\",\"contentUrl\":\"https:\/\/zlatnodoba.org\/wp-content\/uploads\/2025\/01\/Screenshot-2024-12-08-at-13.24.31.png\",\"width\":890,\"height\":1290},{\"@type\":\"BreadcrumbList\",\"@id\":\"https:\/\/zlatnodoba.org\/proizvod\/knjiga-knjiga-o-radosti-i-uspehu\/#breadcrumb\",\"itemListElement\":[{\"@type\":\"ListItem\",\"position\":1,\"name\":\"Home\",\"item\":\"https:\/\/zlatnodoba.org\/\"},{\"@type\":\"ListItem\",\"position\":2,\"name\":\"Shop\",\"item\":\"https:\/\/zlatnodoba.org\/shop\/\"},{\"@type\":\"ListItem\",\"position\":3,\"name\":\"Knjiga &#8211; Knjiga o Radosti i Uspehu\"}]},{\"@type\":\"WebSite\",\"@id\":\"https:\/\/zlatnodoba.org\/#website\",\"url\":\"https:\/\/zlatnodoba.org\/\",\"name\":\"Zlatno Doba\",\"description\":\"\",\"potentialAction\":[{\"@type\":\"SearchAction\",\"target\":{\"@type\":\"EntryPoint\",\"urlTemplate\":\"https:\/\/zlatnodoba.org\/?s={search_term_string}\"},\"query-input\":{\"@type\":\"PropertyValueSpecification\",\"valueRequired\":true,\"valueName\":\"search_term_string\"}}],\"inLanguage\":\"en-GB\"}]}<\/script>\n<!-- \/ Yoast SEO plugin. -->","yoast_head_json":{"title":"Spasoje Vlaji\u0107 - Knjiga o Radosti i Uspehu - Knjiga - Zlatno Doba","robots":{"index":"index","follow":"follow","max-snippet":"max-snippet:-1","max-image-preview":"max-image-preview:large","max-video-preview":"max-video-preview:-1"},"canonical":"https:\/\/zlatnodoba.org\/en\/proizvod\/knjiga-knjiga-o-radosti-i-uspehu\/","og_locale":"en_GB","og_type":"article","og_title":"Spasoje Vlaji\u0107 - Knjiga o Radosti i Uspehu - Knjiga - Zlatno Doba","og_description":"Priru\u010dnik za psihologiju uspeha.\u00a0Najvi\u0161i \u010din i krunsko dostignu\u0107e \u010doveka je pravilno kori\u0161\u0107enje mozga, energije misli i snage uma.\u00a0Ovu knjigu posve\u0107ujem milim i upornim srcima koja te\u017ee da ovladav\u0161i tim dostignu\u0107ima budu bolji, uspe\u0161niji i sre\u0107niji od prethodnih sebe.","og_url":"https:\/\/zlatnodoba.org\/en\/proizvod\/knjiga-knjiga-o-radosti-i-uspehu\/","og_site_name":"Zlatno Doba","article_modified_time":"2025-02-15T19:24:41+00:00","og_image":[{"width":890,"height":1290,"url":"https:\/\/zlatnodoba.org\/wp-content\/uploads\/2025\/01\/Screenshot-2024-12-08-at-13.24.31.png","type":"image\/png"}],"twitter_card":"summary_large_image","twitter_misc":{"Estimated reading time":"1 minute"},"schema":{"@context":"https:\/\/schema.org","@graph":[{"@type":"WebPage","@id":"https:\/\/zlatnodoba.org\/proizvod\/knjiga-knjiga-o-radosti-i-uspehu\/","url":"https:\/\/zlatnodoba.org\/proizvod\/knjiga-knjiga-o-radosti-i-uspehu\/","name":"Spasoje Vlaji\u0107 - Knjiga o Radosti i Uspehu - Knjiga - Zlatno Doba","isPartOf":{"@id":"https:\/\/zlatnodoba.org\/#website"},"primaryImageOfPage":{"@id":"https:\/\/zlatnodoba.org\/proizvod\/knjiga-knjiga-o-radosti-i-uspehu\/#primaryimage"},"image":{"@id":"https:\/\/zlatnodoba.org\/proizvod\/knjiga-knjiga-o-radosti-i-uspehu\/#primaryimage"},"thumbnailUrl":"https:\/\/zlatnodoba.org\/wp-content\/uploads\/2025\/01\/Screenshot-2024-12-08-at-13.24.31.png","datePublished":"2025-01-11T12:42:25+00:00","dateModified":"2025-02-15T19:24:41+00:00","breadcrumb":{"@id":"https:\/\/zlatnodoba.org\/proizvod\/knjiga-knjiga-o-radosti-i-uspehu\/#breadcrumb"},"inLanguage":"en-GB","potentialAction":[{"@type":"ReadAction","target":["https:\/\/zlatnodoba.org\/proizvod\/knjiga-knjiga-o-radosti-i-uspehu\/"]}]},{"@type":"ImageObject","inLanguage":"en-GB","@id":"https:\/\/zlatnodoba.org\/proizvod\/knjiga-knjiga-o-radosti-i-uspehu\/#primaryimage","url":"https:\/\/zlatnodoba.org\/wp-content\/uploads\/2025\/01\/Screenshot-2024-12-08-at-13.24.31.png","contentUrl":"https:\/\/zlatnodoba.org\/wp-content\/uploads\/2025\/01\/Screenshot-2024-12-08-at-13.24.31.png","width":890,"height":1290},{"@type":"BreadcrumbList","@id":"https:\/\/zlatnodoba.org\/proizvod\/knjiga-knjiga-o-radosti-i-uspehu\/#breadcrumb","itemListElement":[{"@type":"ListItem","position":1,"name":"Home","item":"https:\/\/zlatnodoba.org\/"},{"@type":"ListItem","position":2,"name":"Shop","item":"https:\/\/zlatnodoba.org\/shop\/"},{"@type":"ListItem","position":3,"name":"Knjiga &#8211; Knjiga o Radosti i Uspehu"}]},{"@type":"WebSite","@id":"https:\/\/zlatnodoba.org\/#website","url":"https:\/\/zlatnodoba.org\/","name":"Zlatno Doba","description":"","potentialAction":[{"@type":"SearchAction","target":{"@type":"EntryPoint","urlTemplate":"https:\/\/zlatnodoba.org\/?s={search_term_string}"},"query-input":{"@type":"PropertyValueSpecification","valueRequired":true,"valueName":"search_term_string"}}],"inLanguage":"en-GB"}]}},"_links":{"self":[{"href":"https:\/\/zlatnodoba.org\/en\/wp-json\/wp\/v2\/product\/3545","targetHints":{"allow":["GET"]}}],"collection":[{"href":"https:\/\/zlatnodoba.org\/en\/wp-json\/wp\/v2\/product"}],"about":[{"href":"https:\/\/zlatnodoba.org\/en\/wp-json\/wp\/v2\/types\/product"}],"version-history":[{"count":3,"href":"https:\/\/zlatnodoba.org\/en\/wp-json\/wp\/v2\/product\/3545\/revisions"}],"predecessor-version":[{"id":5389,"href":"https:\/\/zlatnodoba.org\/en\/wp-json\/wp\/v2\/product\/3545\/revisions\/5389"}],"wp:featuredmedia":[{"embeddable":true,"href":"https:\/\/zlatnodoba.org\/en\/wp-json\/wp\/v2\/media\/3546"}],"wp:attachment":[{"href":"https:\/\/zlatnodoba.org\/en\/wp-json\/wp\/v2\/media?parent=3545"}],"wp:term":[{"taxonomy":"product_brand","embeddable":true,"href":"https:\/\/zlatnodoba.org\/en\/wp-json\/wp\/v2\/product_brand?post=3545"},{"taxonomy":"product_cat","embeddable":true,"href":"https:\/\/zlatnodoba.org\/en\/wp-json\/wp\/v2\/product_cat?post=3545"},{"taxonomy":"product_tag","embeddable":true,"href":"https:\/\/zlatnodoba.org\/en\/wp-json\/wp\/v2\/product_tag?post=3545"}],"curies":[{"name":"wp","href":"https:\/\/api.w.org\/{rel}","templated":true}]}}