{"id":3543,"date":"2025-01-11T12:37:28","date_gmt":"2025-01-11T12:37:28","guid":{"rendered":"https:\/\/zlatnodoba.org\/?post_type=product&#038;p=3543"},"modified":"2025-02-15T19:24:44","modified_gmt":"2025-02-15T19:24:44","slug":"knjiga-lecenje-mislima","status":"publish","type":"product","link":"https:\/\/zlatnodoba.org\/en\/proizvod\/knjiga-lecenje-mislima\/","title":{"rendered":"Spasoje Vlaji\u0107 &#8211; Le\u010denje Mislima &#8211; Knjiga"},"content":{"rendered":"<p style=\"padding-left: 80px;\">\ud83d\udcd5 Pri odre\u0111enim uslovima mo\u017ee se nagovestiti pove\u0107ana verovatno\u0107a \u0161ta nas o\u010dekuje.<br \/>\nTo nisu zamrznuta stanja, nego se na budu\u0107nost mo\u017ee uticati misaonim slikama.<\/p>\n<p style=\"padding-left: 80px;\">\u2705 Pri tome treba voditi ra\u010duna o drevnom obrazcu koga potvr\u0111uju i savremena otkri\u0107a &#8211; predvi\u0111anje, kad se u njega poveruje, ujedno je i stvaranje budu\u0107nosti.\u00a0Iz tog razloga svako predvi\u0111anje treba da sadr\u017ei uputstva za prevazila\u017eenje te\u0161ko\u0107a, treba da probudi nadu u bolje sutra.\u00a0To je u skladu sa re\u010dima bla\u017eenopo\u010div\u0161eg monaha Tadeja: &#8222;Kakve su ti misli, takav ti je \u017eivot&#8220;.\u00a0Knjiga je prepuna sa puno pozitivnih afirmacija, misaonih obrazaca za uspeh, saveeta za ostvarenje \u017eelja i prakti\u010dnih saveta za ostvarenje \u017eelja, kako se pravilno moliti, kako sam sebe le\u010diti\u2026<\/p>\n<p style=\"padding-left: 80px;\">\u2764\ufe0f Ova knjiga je izuzetan i verovatno jedan jedini priru\u010dnik na svetu koji daje uvid u to kako le\u010diti sam sebe svojim mislima, molitvom, verom i misaonim slikama. Za dublje i potpunije znanje kupite knjigu i u\u017eivajte u ostvarenjima va\u0161ih \u017eelja i misli.<\/p>","protected":false},"excerpt":{"rendered":"<p><strong>Pri odre\u0111enim uslovima mo\u017ee se nagovestiti pove\u0107ana verovatno\u0107a \u0161ta nas o\u010dekuje.<\/strong><br \/>\n<strong>To nisu zamrznuta stanja, nego se na budu\u0107nost mo\u017ee uticati misaonim slikama.<\/strong><\/p>","protected":false},"featured_media":3544,"template":"","meta":{"_acf_changed":false,"_hpay_column_layout":"0","_hpay_name_price":"0","pmpro_default_level":""},"product_brand":[],"product_cat":[85],"product_tag":[],"class_list":{"0":"post-3543","1":"product","2":"type-product","3":"status-publish","4":"has-post-thumbnail","6":"product_cat-knjige","7":"pmpro-has-access","9":"first","10":"instock","11":"taxable","12":"shipping-taxable","13":"purchasable","14":"product-type-simple"},"acf":[],"yoast_head":"<!-- This site is optimized with the Yoast SEO plugin v27.1 - https:\/\/yoast.com\/product\/yoast-seo-wordpress\/ -->\n<title>Spasoje Vlaji\u0107 - Le\u010denje Mislima - Knjiga - Zlatno Doba<\/title>\n<meta name=\"robots\" content=\"index, follow, max-snippet:-1, max-image-preview:large, max-video-preview:-1\" \/>\n<link rel=\"canonical\" href=\"https:\/\/zlatnodoba.org\/en\/proizvod\/knjiga-lecenje-mislima\/\" \/>\n<meta property=\"og:locale\" content=\"en_GB\" \/>\n<meta property=\"og:type\" content=\"article\" \/>\n<meta property=\"og:title\" content=\"Spasoje Vlaji\u0107 - Le\u010denje Mislima - Knjiga - Zlatno Doba\" \/>\n<meta property=\"og:description\" content=\"Pri odre\u0111enim uslovima mo\u017ee se nagovestiti pove\u0107ana verovatno\u0107a \u0161ta nas o\u010dekuje. To nisu zamrznuta stanja, nego se na budu\u0107nost mo\u017ee uticati misaonim slikama.\" \/>\n<meta property=\"og:url\" content=\"https:\/\/zlatnodoba.org\/en\/proizvod\/knjiga-lecenje-mislima\/\" \/>\n<meta property=\"og:site_name\" content=\"Zlatno Doba\" \/>\n<meta property=\"article:modified_time\" content=\"2025-02-15T19:24:44+00:00\" \/>\n<meta property=\"og:image\" content=\"https:\/\/zlatnodoba.org\/wp-content\/uploads\/2025\/01\/Lecenje_mislima_o.jpg\" \/>\n\t<meta property=\"og:image:width\" content=\"274\" \/>\n\t<meta property=\"og:image:height\" content=\"400\" \/>\n\t<meta property=\"og:image:type\" content=\"image\/jpeg\" \/>\n<meta name=\"twitter:card\" content=\"summary_large_image\" \/>\n<meta name=\"twitter:label1\" content=\"Estimated reading time\" \/>\n\t<meta name=\"twitter:data1\" content=\"2 minutes\" \/>\n<script type=\"application\/ld+json\" class=\"yoast-schema-graph\">{\"@context\":\"https:\/\/schema.org\",\"@graph\":[{\"@type\":\"WebPage\",\"@id\":\"https:\/\/zlatnodoba.org\/proizvod\/knjiga-lecenje-mislima\/\",\"url\":\"https:\/\/zlatnodoba.org\/proizvod\/knjiga-lecenje-mislima\/\",\"name\":\"Spasoje Vlaji\u0107 - Le\u010denje Mislima - Knjiga - Zlatno Doba\",\"isPartOf\":{\"@id\":\"https:\/\/zlatnodoba.org\/#website\"},\"primaryImageOfPage\":{\"@id\":\"https:\/\/zlatnodoba.org\/proizvod\/knjiga-lecenje-mislima\/#primaryimage\"},\"image\":{\"@id\":\"https:\/\/zlatnodoba.org\/proizvod\/knjiga-lecenje-mislima\/#primaryimage\"},\"thumbnailUrl\":\"https:\/\/zlatnodoba.org\/wp-content\/uploads\/2025\/01\/Lecenje_mislima_o.jpg\",\"datePublished\":\"2025-01-11T12:37:28+00:00\",\"dateModified\":\"2025-02-15T19:24:44+00:00\",\"breadcrumb\":{\"@id\":\"https:\/\/zlatnodoba.org\/proizvod\/knjiga-lecenje-mislima\/#breadcrumb\"},\"inLanguage\":\"en-GB\",\"potentialAction\":[{\"@type\":\"ReadAction\",\"target\":[\"https:\/\/zlatnodoba.org\/proizvod\/knjiga-lecenje-mislima\/\"]}]},{\"@type\":\"ImageObject\",\"inLanguage\":\"en-GB\",\"@id\":\"https:\/\/zlatnodoba.org\/proizvod\/knjiga-lecenje-mislima\/#primaryimage\",\"url\":\"https:\/\/zlatnodoba.org\/wp-content\/uploads\/2025\/01\/Lecenje_mislima_o.jpg\",\"contentUrl\":\"https:\/\/zlatnodoba.org\/wp-content\/uploads\/2025\/01\/Lecenje_mislima_o.jpg\",\"width\":274,\"height\":400},{\"@type\":\"BreadcrumbList\",\"@id\":\"https:\/\/zlatnodoba.org\/proizvod\/knjiga-lecenje-mislima\/#breadcrumb\",\"itemListElement\":[{\"@type\":\"ListItem\",\"position\":1,\"name\":\"Home\",\"item\":\"https:\/\/zlatnodoba.org\/\"},{\"@type\":\"ListItem\",\"position\":2,\"name\":\"Shop\",\"item\":\"https:\/\/zlatnodoba.org\/shop\/\"},{\"@type\":\"ListItem\",\"position\":3,\"name\":\"Knjiga &#8211; Le\u010denje Mislima\"}]},{\"@type\":\"WebSite\",\"@id\":\"https:\/\/zlatnodoba.org\/#website\",\"url\":\"https:\/\/zlatnodoba.org\/\",\"name\":\"Zlatno Doba\",\"description\":\"\",\"potentialAction\":[{\"@type\":\"SearchAction\",\"target\":{\"@type\":\"EntryPoint\",\"urlTemplate\":\"https:\/\/zlatnodoba.org\/?s={search_term_string}\"},\"query-input\":{\"@type\":\"PropertyValueSpecification\",\"valueRequired\":true,\"valueName\":\"search_term_string\"}}],\"inLanguage\":\"en-GB\"}]}<\/script>\n<!-- \/ Yoast SEO plugin. -->","yoast_head_json":{"title":"Spasoje Vlaji\u0107 - Le\u010denje Mislima - Knjiga - Zlatno Doba","robots":{"index":"index","follow":"follow","max-snippet":"max-snippet:-1","max-image-preview":"max-image-preview:large","max-video-preview":"max-video-preview:-1"},"canonical":"https:\/\/zlatnodoba.org\/en\/proizvod\/knjiga-lecenje-mislima\/","og_locale":"en_GB","og_type":"article","og_title":"Spasoje Vlaji\u0107 - Le\u010denje Mislima - Knjiga - Zlatno Doba","og_description":"Pri odre\u0111enim uslovima mo\u017ee se nagovestiti pove\u0107ana verovatno\u0107a \u0161ta nas o\u010dekuje. To nisu zamrznuta stanja, nego se na budu\u0107nost mo\u017ee uticati misaonim slikama.","og_url":"https:\/\/zlatnodoba.org\/en\/proizvod\/knjiga-lecenje-mislima\/","og_site_name":"Zlatno Doba","article_modified_time":"2025-02-15T19:24:44+00:00","og_image":[{"width":274,"height":400,"url":"https:\/\/zlatnodoba.org\/wp-content\/uploads\/2025\/01\/Lecenje_mislima_o.jpg","type":"image\/jpeg"}],"twitter_card":"summary_large_image","twitter_misc":{"Estimated reading time":"2 minutes"},"schema":{"@context":"https:\/\/schema.org","@graph":[{"@type":"WebPage","@id":"https:\/\/zlatnodoba.org\/proizvod\/knjiga-lecenje-mislima\/","url":"https:\/\/zlatnodoba.org\/proizvod\/knjiga-lecenje-mislima\/","name":"Spasoje Vlaji\u0107 - Le\u010denje Mislima - Knjiga - Zlatno Doba","isPartOf":{"@id":"https:\/\/zlatnodoba.org\/#website"},"primaryImageOfPage":{"@id":"https:\/\/zlatnodoba.org\/proizvod\/knjiga-lecenje-mislima\/#primaryimage"},"image":{"@id":"https:\/\/zlatnodoba.org\/proizvod\/knjiga-lecenje-mislima\/#primaryimage"},"thumbnailUrl":"https:\/\/zlatnodoba.org\/wp-content\/uploads\/2025\/01\/Lecenje_mislima_o.jpg","datePublished":"2025-01-11T12:37:28+00:00","dateModified":"2025-02-15T19:24:44+00:00","breadcrumb":{"@id":"https:\/\/zlatnodoba.org\/proizvod\/knjiga-lecenje-mislima\/#breadcrumb"},"inLanguage":"en-GB","potentialAction":[{"@type":"ReadAction","target":["https:\/\/zlatnodoba.org\/proizvod\/knjiga-lecenje-mislima\/"]}]},{"@type":"ImageObject","inLanguage":"en-GB","@id":"https:\/\/zlatnodoba.org\/proizvod\/knjiga-lecenje-mislima\/#primaryimage","url":"https:\/\/zlatnodoba.org\/wp-content\/uploads\/2025\/01\/Lecenje_mislima_o.jpg","contentUrl":"https:\/\/zlatnodoba.org\/wp-content\/uploads\/2025\/01\/Lecenje_mislima_o.jpg","width":274,"height":400},{"@type":"BreadcrumbList","@id":"https:\/\/zlatnodoba.org\/proizvod\/knjiga-lecenje-mislima\/#breadcrumb","itemListElement":[{"@type":"ListItem","position":1,"name":"Home","item":"https:\/\/zlatnodoba.org\/"},{"@type":"ListItem","position":2,"name":"Shop","item":"https:\/\/zlatnodoba.org\/shop\/"},{"@type":"ListItem","position":3,"name":"Knjiga &#8211; Le\u010denje Mislima"}]},{"@type":"WebSite","@id":"https:\/\/zlatnodoba.org\/#website","url":"https:\/\/zlatnodoba.org\/","name":"Zlatno Doba","description":"","potentialAction":[{"@type":"SearchAction","target":{"@type":"EntryPoint","urlTemplate":"https:\/\/zlatnodoba.org\/?s={search_term_string}"},"query-input":{"@type":"PropertyValueSpecification","valueRequired":true,"valueName":"search_term_string"}}],"inLanguage":"en-GB"}]}},"_links":{"self":[{"href":"https:\/\/zlatnodoba.org\/en\/wp-json\/wp\/v2\/product\/3543","targetHints":{"allow":["GET"]}}],"collection":[{"href":"https:\/\/zlatnodoba.org\/en\/wp-json\/wp\/v2\/product"}],"about":[{"href":"https:\/\/zlatnodoba.org\/en\/wp-json\/wp\/v2\/types\/product"}],"version-history":[{"count":3,"href":"https:\/\/zlatnodoba.org\/en\/wp-json\/wp\/v2\/product\/3543\/revisions"}],"predecessor-version":[{"id":5387,"href":"https:\/\/zlatnodoba.org\/en\/wp-json\/wp\/v2\/product\/3543\/revisions\/5387"}],"wp:featuredmedia":[{"embeddable":true,"href":"https:\/\/zlatnodoba.org\/en\/wp-json\/wp\/v2\/media\/3544"}],"wp:attachment":[{"href":"https:\/\/zlatnodoba.org\/en\/wp-json\/wp\/v2\/media?parent=3543"}],"wp:term":[{"taxonomy":"product_brand","embeddable":true,"href":"https:\/\/zlatnodoba.org\/en\/wp-json\/wp\/v2\/product_brand?post=3543"},{"taxonomy":"product_cat","embeddable":true,"href":"https:\/\/zlatnodoba.org\/en\/wp-json\/wp\/v2\/product_cat?post=3543"},{"taxonomy":"product_tag","embeddable":true,"href":"https:\/\/zlatnodoba.org\/en\/wp-json\/wp\/v2\/product_tag?post=3543"}],"curies":[{"name":"wp","href":"https:\/\/api.w.org\/{rel}","templated":true}]}}