{"id":3541,"date":"2025-01-10T12:30:05","date_gmt":"2025-01-10T12:30:05","guid":{"rendered":"https:\/\/zlatnodoba.org\/?post_type=product&#038;p=3541"},"modified":"2025-02-15T19:24:46","modified_gmt":"2025-02-15T19:24:46","slug":"knjiga-lecenje-zvukom-i-bojama","status":"publish","type":"product","link":"https:\/\/zlatnodoba.org\/en\/proizvod\/knjiga-lecenje-zvukom-i-bojama\/","title":{"rendered":"Spasoje Vlaji\u0107 &#8211; Le\u010denje Zvukom i Bojama &#8211; Knjiga"},"content":{"rendered":"<p style=\"padding-left: 80px;\">\ud83d\udcd5 &#8222;Knjiga &#8222;Le\u010denje zvukom i bojama&#8220; je nastala kao plod vi\u0161egodi\u0161njeg istra\u017eivanja onih prirodnih i jednostavnih na\u010dina, koji mogu pomo\u0107i da se u znatnoj meri oslobodimo svojih telesnih i du\u0161evnih tegoba.<\/p>\n<p style=\"padding-left: 80px;\">\u2705 Ta prirodna sredstva su re\u010di i boje. Njihovu delotvornost je narodna medicina poznavala. Me\u0111utim, to drevno iskustvo, tek u novije vreme, po\u010dinje da se istra\u017euje i nau\u010dnim metodama. Jedan od istaknutih istra\u017eiva\u010da u toj oblasti je i in\u017eenjer Spasoje Vlaji\u0107. Njegovo otkri\u0107e svetlosne formule je otvorilo nove mogu\u0107nosti svima koji \u017eele da samostalno u\u010destvuju u ubla\u017eivanju i otklanjanju sopstvenih tegoba, ali, isto tako, i u pobolj\u0161anju zdravog i aktivnog \u017eivota.<\/p>\n<p style=\"padding-left: 80px;\">\u2764\ufe0f O\u00a0ovoj knjizi, koja je svojevrsni praktikum &#8211; nastao iz teorijskih rezultata, izlo\u017eenih u studijama Nova (meta)fizika, profesor, doktor Vojislav I. Ili\u0107 je pisao: \u201eVlaji\u0107 izla\u017ee mogu\u0107nosti prakti\u010dne primene novih saznanja, pre svega za le\u010denje \u2019na finijim nivoima\u2019 koji bi doveli do neke vrste psihosomatskog prenosa ozdravljenja od mentalnog ka telesnom. Ta \u2019zavr\u0161nost\u2019 u vidu metoda za prakti\u010dnu upotrebu pru\u017ea mogu\u0107nost daljeg istra\u017eivanja&#8220;<\/p>","protected":false},"excerpt":{"rendered":"<p><strong>&#8222;Knjiga &#8222;Le\u010denje zvukom i bojama&#8220; je nastala kao plod vi\u0161egodi\u0161njeg istra\u017eivanja onih prirodnih i jednostavnih na\u010dina, koji mogu pomo\u0107i da se u znatnoj meri oslobodimo svojih telesnih i du\u0161evnih tegoba.<\/strong><\/p>","protected":false},"featured_media":3542,"template":"","meta":{"_acf_changed":false,"_hpay_column_layout":"0","_hpay_name_price":"0","pmpro_default_level":""},"product_brand":[],"product_cat":[85],"product_tag":[],"class_list":{"0":"post-3541","1":"product","2":"type-product","3":"status-publish","4":"has-post-thumbnail","6":"product_cat-knjige","7":"pmpro-has-access","9":"first","10":"instock","11":"taxable","12":"shipping-taxable","13":"purchasable","14":"product-type-simple"},"acf":[],"yoast_head":"<!-- This site is optimized with the Yoast SEO plugin v27.1 - https:\/\/yoast.com\/product\/yoast-seo-wordpress\/ -->\n<title>Spasoje Vlaji\u0107 - Le\u010denje Zvukom i Bojama - Knjiga - Zlatno Doba<\/title>\n<meta name=\"robots\" content=\"index, follow, max-snippet:-1, max-image-preview:large, max-video-preview:-1\" \/>\n<link rel=\"canonical\" href=\"https:\/\/zlatnodoba.org\/en\/proizvod\/knjiga-lecenje-zvukom-i-bojama\/\" \/>\n<meta property=\"og:locale\" content=\"en_GB\" \/>\n<meta property=\"og:type\" content=\"article\" \/>\n<meta property=\"og:title\" content=\"Spasoje Vlaji\u0107 - Le\u010denje Zvukom i Bojama - Knjiga - Zlatno Doba\" \/>\n<meta property=\"og:description\" content=\"&quot;Knjiga &quot;Le\u010denje zvukom i bojama&quot; je nastala kao plod vi\u0161egodi\u0161njeg istra\u017eivanja onih prirodnih i jednostavnih na\u010dina, koji mogu pomo\u0107i da se u znatnoj meri oslobodimo svojih telesnih i du\u0161evnih tegoba.\" \/>\n<meta property=\"og:url\" content=\"https:\/\/zlatnodoba.org\/en\/proizvod\/knjiga-lecenje-zvukom-i-bojama\/\" \/>\n<meta property=\"og:site_name\" content=\"Zlatno Doba\" \/>\n<meta property=\"article:modified_time\" content=\"2025-02-15T19:24:46+00:00\" \/>\n<meta property=\"og:image\" content=\"https:\/\/zlatnodoba.org\/wp-content\/uploads\/2025\/01\/Screenshot-2024-12-08-at-12.27.28.png\" \/>\n\t<meta property=\"og:image:width\" content=\"894\" \/>\n\t<meta property=\"og:image:height\" content=\"1292\" \/>\n\t<meta property=\"og:image:type\" content=\"image\/png\" \/>\n<meta name=\"twitter:card\" content=\"summary_large_image\" \/>\n<meta name=\"twitter:label1\" content=\"Estimated reading time\" \/>\n\t<meta name=\"twitter:data1\" content=\"2 minutes\" \/>\n<script type=\"application\/ld+json\" class=\"yoast-schema-graph\">{\"@context\":\"https:\/\/schema.org\",\"@graph\":[{\"@type\":\"WebPage\",\"@id\":\"https:\/\/zlatnodoba.org\/proizvod\/knjiga-lecenje-zvukom-i-bojama\/\",\"url\":\"https:\/\/zlatnodoba.org\/proizvod\/knjiga-lecenje-zvukom-i-bojama\/\",\"name\":\"Spasoje Vlaji\u0107 - Le\u010denje Zvukom i Bojama - Knjiga - Zlatno Doba\",\"isPartOf\":{\"@id\":\"https:\/\/zlatnodoba.org\/#website\"},\"primaryImageOfPage\":{\"@id\":\"https:\/\/zlatnodoba.org\/proizvod\/knjiga-lecenje-zvukom-i-bojama\/#primaryimage\"},\"image\":{\"@id\":\"https:\/\/zlatnodoba.org\/proizvod\/knjiga-lecenje-zvukom-i-bojama\/#primaryimage\"},\"thumbnailUrl\":\"https:\/\/zlatnodoba.org\/wp-content\/uploads\/2025\/01\/Screenshot-2024-12-08-at-12.27.28.png\",\"datePublished\":\"2025-01-10T12:30:05+00:00\",\"dateModified\":\"2025-02-15T19:24:46+00:00\",\"breadcrumb\":{\"@id\":\"https:\/\/zlatnodoba.org\/proizvod\/knjiga-lecenje-zvukom-i-bojama\/#breadcrumb\"},\"inLanguage\":\"en-GB\",\"potentialAction\":[{\"@type\":\"ReadAction\",\"target\":[\"https:\/\/zlatnodoba.org\/proizvod\/knjiga-lecenje-zvukom-i-bojama\/\"]}]},{\"@type\":\"ImageObject\",\"inLanguage\":\"en-GB\",\"@id\":\"https:\/\/zlatnodoba.org\/proizvod\/knjiga-lecenje-zvukom-i-bojama\/#primaryimage\",\"url\":\"https:\/\/zlatnodoba.org\/wp-content\/uploads\/2025\/01\/Screenshot-2024-12-08-at-12.27.28.png\",\"contentUrl\":\"https:\/\/zlatnodoba.org\/wp-content\/uploads\/2025\/01\/Screenshot-2024-12-08-at-12.27.28.png\",\"width\":894,\"height\":1292},{\"@type\":\"BreadcrumbList\",\"@id\":\"https:\/\/zlatnodoba.org\/proizvod\/knjiga-lecenje-zvukom-i-bojama\/#breadcrumb\",\"itemListElement\":[{\"@type\":\"ListItem\",\"position\":1,\"name\":\"Home\",\"item\":\"https:\/\/zlatnodoba.org\/\"},{\"@type\":\"ListItem\",\"position\":2,\"name\":\"Shop\",\"item\":\"https:\/\/zlatnodoba.org\/shop\/\"},{\"@type\":\"ListItem\",\"position\":3,\"name\":\"Knjiga &#8211; Le\u010denje Zvukom i Bojama\"}]},{\"@type\":\"WebSite\",\"@id\":\"https:\/\/zlatnodoba.org\/#website\",\"url\":\"https:\/\/zlatnodoba.org\/\",\"name\":\"Zlatno Doba\",\"description\":\"\",\"potentialAction\":[{\"@type\":\"SearchAction\",\"target\":{\"@type\":\"EntryPoint\",\"urlTemplate\":\"https:\/\/zlatnodoba.org\/?s={search_term_string}\"},\"query-input\":{\"@type\":\"PropertyValueSpecification\",\"valueRequired\":true,\"valueName\":\"search_term_string\"}}],\"inLanguage\":\"en-GB\"}]}<\/script>\n<!-- \/ Yoast SEO plugin. -->","yoast_head_json":{"title":"Spasoje Vlaji\u0107 - Le\u010denje Zvukom i Bojama - Knjiga - Zlatno Doba","robots":{"index":"index","follow":"follow","max-snippet":"max-snippet:-1","max-image-preview":"max-image-preview:large","max-video-preview":"max-video-preview:-1"},"canonical":"https:\/\/zlatnodoba.org\/en\/proizvod\/knjiga-lecenje-zvukom-i-bojama\/","og_locale":"en_GB","og_type":"article","og_title":"Spasoje Vlaji\u0107 - Le\u010denje Zvukom i Bojama - Knjiga - Zlatno Doba","og_description":"\"Knjiga \"Le\u010denje zvukom i bojama\" je nastala kao plod vi\u0161egodi\u0161njeg istra\u017eivanja onih prirodnih i jednostavnih na\u010dina, koji mogu pomo\u0107i da se u znatnoj meri oslobodimo svojih telesnih i du\u0161evnih tegoba.","og_url":"https:\/\/zlatnodoba.org\/en\/proizvod\/knjiga-lecenje-zvukom-i-bojama\/","og_site_name":"Zlatno Doba","article_modified_time":"2025-02-15T19:24:46+00:00","og_image":[{"width":894,"height":1292,"url":"https:\/\/zlatnodoba.org\/wp-content\/uploads\/2025\/01\/Screenshot-2024-12-08-at-12.27.28.png","type":"image\/png"}],"twitter_card":"summary_large_image","twitter_misc":{"Estimated reading time":"2 minutes"},"schema":{"@context":"https:\/\/schema.org","@graph":[{"@type":"WebPage","@id":"https:\/\/zlatnodoba.org\/proizvod\/knjiga-lecenje-zvukom-i-bojama\/","url":"https:\/\/zlatnodoba.org\/proizvod\/knjiga-lecenje-zvukom-i-bojama\/","name":"Spasoje Vlaji\u0107 - Le\u010denje Zvukom i Bojama - Knjiga - Zlatno Doba","isPartOf":{"@id":"https:\/\/zlatnodoba.org\/#website"},"primaryImageOfPage":{"@id":"https:\/\/zlatnodoba.org\/proizvod\/knjiga-lecenje-zvukom-i-bojama\/#primaryimage"},"image":{"@id":"https:\/\/zlatnodoba.org\/proizvod\/knjiga-lecenje-zvukom-i-bojama\/#primaryimage"},"thumbnailUrl":"https:\/\/zlatnodoba.org\/wp-content\/uploads\/2025\/01\/Screenshot-2024-12-08-at-12.27.28.png","datePublished":"2025-01-10T12:30:05+00:00","dateModified":"2025-02-15T19:24:46+00:00","breadcrumb":{"@id":"https:\/\/zlatnodoba.org\/proizvod\/knjiga-lecenje-zvukom-i-bojama\/#breadcrumb"},"inLanguage":"en-GB","potentialAction":[{"@type":"ReadAction","target":["https:\/\/zlatnodoba.org\/proizvod\/knjiga-lecenje-zvukom-i-bojama\/"]}]},{"@type":"ImageObject","inLanguage":"en-GB","@id":"https:\/\/zlatnodoba.org\/proizvod\/knjiga-lecenje-zvukom-i-bojama\/#primaryimage","url":"https:\/\/zlatnodoba.org\/wp-content\/uploads\/2025\/01\/Screenshot-2024-12-08-at-12.27.28.png","contentUrl":"https:\/\/zlatnodoba.org\/wp-content\/uploads\/2025\/01\/Screenshot-2024-12-08-at-12.27.28.png","width":894,"height":1292},{"@type":"BreadcrumbList","@id":"https:\/\/zlatnodoba.org\/proizvod\/knjiga-lecenje-zvukom-i-bojama\/#breadcrumb","itemListElement":[{"@type":"ListItem","position":1,"name":"Home","item":"https:\/\/zlatnodoba.org\/"},{"@type":"ListItem","position":2,"name":"Shop","item":"https:\/\/zlatnodoba.org\/shop\/"},{"@type":"ListItem","position":3,"name":"Knjiga &#8211; Le\u010denje Zvukom i Bojama"}]},{"@type":"WebSite","@id":"https:\/\/zlatnodoba.org\/#website","url":"https:\/\/zlatnodoba.org\/","name":"Zlatno Doba","description":"","potentialAction":[{"@type":"SearchAction","target":{"@type":"EntryPoint","urlTemplate":"https:\/\/zlatnodoba.org\/?s={search_term_string}"},"query-input":{"@type":"PropertyValueSpecification","valueRequired":true,"valueName":"search_term_string"}}],"inLanguage":"en-GB"}]}},"_links":{"self":[{"href":"https:\/\/zlatnodoba.org\/en\/wp-json\/wp\/v2\/product\/3541","targetHints":{"allow":["GET"]}}],"collection":[{"href":"https:\/\/zlatnodoba.org\/en\/wp-json\/wp\/v2\/product"}],"about":[{"href":"https:\/\/zlatnodoba.org\/en\/wp-json\/wp\/v2\/types\/product"}],"version-history":[{"count":3,"href":"https:\/\/zlatnodoba.org\/en\/wp-json\/wp\/v2\/product\/3541\/revisions"}],"predecessor-version":[{"id":5385,"href":"https:\/\/zlatnodoba.org\/en\/wp-json\/wp\/v2\/product\/3541\/revisions\/5385"}],"wp:featuredmedia":[{"embeddable":true,"href":"https:\/\/zlatnodoba.org\/en\/wp-json\/wp\/v2\/media\/3542"}],"wp:attachment":[{"href":"https:\/\/zlatnodoba.org\/en\/wp-json\/wp\/v2\/media?parent=3541"}],"wp:term":[{"taxonomy":"product_brand","embeddable":true,"href":"https:\/\/zlatnodoba.org\/en\/wp-json\/wp\/v2\/product_brand?post=3541"},{"taxonomy":"product_cat","embeddable":true,"href":"https:\/\/zlatnodoba.org\/en\/wp-json\/wp\/v2\/product_cat?post=3541"},{"taxonomy":"product_tag","embeddable":true,"href":"https:\/\/zlatnodoba.org\/en\/wp-json\/wp\/v2\/product_tag?post=3541"}],"curies":[{"name":"wp","href":"https:\/\/api.w.org\/{rel}","templated":true}]}}