{"id":3537,"date":"2025-01-10T11:52:32","date_gmt":"2025-01-10T11:52:32","guid":{"rendered":"https:\/\/zlatnodoba.org\/?post_type=product&#038;p=3537"},"modified":"2025-02-15T19:24:42","modified_gmt":"2025-02-15T19:24:42","slug":"knjiga-svetlosna-formula","status":"publish","type":"product","link":"https:\/\/zlatnodoba.org\/en\/proizvod\/knjiga-svetlosna-formula\/","title":{"rendered":"Spasoje Vlaji\u0107 &#8211; Svetlosna Formula &#8211; Knjiga"},"content":{"rendered":"<p style=\"padding-left: 80px;\">\ud83d\udcd5 U ovoj knjizi su izlo\u017eeni rezultati vi\u0161egodi\u0161njih istra\u017eivanja zasnovanih na tanano energetskoj prirodi\u00a0<em><i>Svetlosne formule<\/i><\/em>, koja je matemati\u010dki obrazac za izra\u010dunavanje energija, kojima su predstave o imenovanim pojavama &#8222;utisnute&#8220; u na\u0161u svest.<\/p>\n<p style=\"padding-left: 80px;\">\u2705 Ispitivanja su pokazala da je ova formula, izgleda, prirodni klju\u010d, kojim se proizvoljna tuma\u010denja o nekim tajanstvenim duhovnim pojavama mogu znatnim delom objasniti zakonitostima elektromagnetnog polja, koje je verovatno podloga jo\u0161 tananijeg tkiva na\u0161ega uma.<\/p>\n<p style=\"padding-left: 80px;\">\u2764\ufe0f Svetlosna formula daje odre\u0111ena usmerenja, poma\u017ee da \u010dovek predvidi i odgovaraju\u0107im pona\u0161anjem pobolj\u0161a budu\u0107nost.\u00a0To je put da kona\u010dno nau\u010dimo kako se upravlja kormilom sudbine.<\/p>","protected":false},"excerpt":{"rendered":"<p><strong>U ovoj knjizi su izlo\u017eeni rezultati vi\u0161egodi\u0161njih istra\u017eivanja zasnovanih na tanano energetskoj prirodi\u00a0<em><i>Svetlosne formule<\/i><\/em>, koja je matemati\u010dki obrazac za izra\u010dunavanje energija, kojima su predstave o imenovanim pojavama &#8222;utisnute&#8220; u na\u0161u svest.<\/strong><\/p>","protected":false},"featured_media":3539,"template":"","meta":{"_acf_changed":false,"_hpay_column_layout":"0","_hpay_name_price":"0","pmpro_default_level":""},"product_brand":[],"product_cat":[85],"product_tag":[],"class_list":{"0":"post-3537","1":"product","2":"type-product","3":"status-publish","4":"has-post-thumbnail","6":"product_cat-knjige","7":"pmpro-has-access","9":"first","10":"instock","11":"taxable","12":"shipping-taxable","13":"purchasable","14":"product-type-simple"},"acf":[],"yoast_head":"<!-- This site is optimized with the Yoast SEO plugin v27.1 - https:\/\/yoast.com\/product\/yoast-seo-wordpress\/ -->\n<title>Spasoje Vlaji\u0107 - Svetlosna Formula - Knjiga - Zlatno Doba<\/title>\n<meta name=\"robots\" content=\"index, follow, max-snippet:-1, max-image-preview:large, max-video-preview:-1\" \/>\n<link rel=\"canonical\" href=\"https:\/\/zlatnodoba.org\/en\/proizvod\/knjiga-svetlosna-formula\/\" \/>\n<meta property=\"og:locale\" content=\"en_GB\" \/>\n<meta property=\"og:type\" content=\"article\" \/>\n<meta property=\"og:title\" content=\"Spasoje Vlaji\u0107 - Svetlosna Formula - Knjiga - Zlatno Doba\" \/>\n<meta property=\"og:description\" content=\"U ovoj knjizi su izlo\u017eeni rezultati vi\u0161egodi\u0161njih istra\u017eivanja zasnovanih na tanano energetskoj prirodi\u00a0Svetlosne formule, koja je matemati\u010dki obrazac za izra\u010dunavanje energija, kojima su predstave o imenovanim pojavama &quot;utisnute&quot; u na\u0161u svest.\" \/>\n<meta property=\"og:url\" content=\"https:\/\/zlatnodoba.org\/en\/proizvod\/knjiga-svetlosna-formula\/\" \/>\n<meta property=\"og:site_name\" content=\"Zlatno Doba\" \/>\n<meta property=\"article:modified_time\" content=\"2025-02-15T19:24:42+00:00\" \/>\n<meta property=\"og:image\" content=\"https:\/\/zlatnodoba.org\/wp-content\/uploads\/2025\/01\/Screenshot-2024-09-04-at-23.32.41-copy.png\" \/>\n\t<meta property=\"og:image:width\" content=\"1104\" \/>\n\t<meta property=\"og:image:height\" content=\"1566\" \/>\n\t<meta property=\"og:image:type\" content=\"image\/png\" \/>\n<meta name=\"twitter:card\" content=\"summary_large_image\" \/>\n<meta name=\"twitter:label1\" content=\"Estimated reading time\" \/>\n\t<meta name=\"twitter:data1\" content=\"1 minute\" \/>\n<script type=\"application\/ld+json\" class=\"yoast-schema-graph\">{\"@context\":\"https:\/\/schema.org\",\"@graph\":[{\"@type\":\"WebPage\",\"@id\":\"https:\/\/zlatnodoba.org\/proizvod\/knjiga-svetlosna-formula\/\",\"url\":\"https:\/\/zlatnodoba.org\/proizvod\/knjiga-svetlosna-formula\/\",\"name\":\"Spasoje Vlaji\u0107 - Svetlosna Formula - Knjiga - Zlatno Doba\",\"isPartOf\":{\"@id\":\"https:\/\/zlatnodoba.org\/#website\"},\"primaryImageOfPage\":{\"@id\":\"https:\/\/zlatnodoba.org\/proizvod\/knjiga-svetlosna-formula\/#primaryimage\"},\"image\":{\"@id\":\"https:\/\/zlatnodoba.org\/proizvod\/knjiga-svetlosna-formula\/#primaryimage\"},\"thumbnailUrl\":\"https:\/\/zlatnodoba.org\/wp-content\/uploads\/2025\/01\/Screenshot-2024-09-04-at-23.32.41-copy.png\",\"datePublished\":\"2025-01-10T11:52:32+00:00\",\"dateModified\":\"2025-02-15T19:24:42+00:00\",\"breadcrumb\":{\"@id\":\"https:\/\/zlatnodoba.org\/proizvod\/knjiga-svetlosna-formula\/#breadcrumb\"},\"inLanguage\":\"en-GB\",\"potentialAction\":[{\"@type\":\"ReadAction\",\"target\":[\"https:\/\/zlatnodoba.org\/proizvod\/knjiga-svetlosna-formula\/\"]}]},{\"@type\":\"ImageObject\",\"inLanguage\":\"en-GB\",\"@id\":\"https:\/\/zlatnodoba.org\/proizvod\/knjiga-svetlosna-formula\/#primaryimage\",\"url\":\"https:\/\/zlatnodoba.org\/wp-content\/uploads\/2025\/01\/Screenshot-2024-09-04-at-23.32.41-copy.png\",\"contentUrl\":\"https:\/\/zlatnodoba.org\/wp-content\/uploads\/2025\/01\/Screenshot-2024-09-04-at-23.32.41-copy.png\",\"width\":1104,\"height\":1566},{\"@type\":\"BreadcrumbList\",\"@id\":\"https:\/\/zlatnodoba.org\/proizvod\/knjiga-svetlosna-formula\/#breadcrumb\",\"itemListElement\":[{\"@type\":\"ListItem\",\"position\":1,\"name\":\"Home\",\"item\":\"https:\/\/zlatnodoba.org\/\"},{\"@type\":\"ListItem\",\"position\":2,\"name\":\"Shop\",\"item\":\"https:\/\/zlatnodoba.org\/shop\/\"},{\"@type\":\"ListItem\",\"position\":3,\"name\":\"Knjiga &#8211; Svetlosna Formula\"}]},{\"@type\":\"WebSite\",\"@id\":\"https:\/\/zlatnodoba.org\/#website\",\"url\":\"https:\/\/zlatnodoba.org\/\",\"name\":\"Zlatno Doba\",\"description\":\"\",\"potentialAction\":[{\"@type\":\"SearchAction\",\"target\":{\"@type\":\"EntryPoint\",\"urlTemplate\":\"https:\/\/zlatnodoba.org\/?s={search_term_string}\"},\"query-input\":{\"@type\":\"PropertyValueSpecification\",\"valueRequired\":true,\"valueName\":\"search_term_string\"}}],\"inLanguage\":\"en-GB\"}]}<\/script>\n<!-- \/ Yoast SEO plugin. -->","yoast_head_json":{"title":"Spasoje Vlaji\u0107 - Svetlosna Formula - Knjiga - Zlatno Doba","robots":{"index":"index","follow":"follow","max-snippet":"max-snippet:-1","max-image-preview":"max-image-preview:large","max-video-preview":"max-video-preview:-1"},"canonical":"https:\/\/zlatnodoba.org\/en\/proizvod\/knjiga-svetlosna-formula\/","og_locale":"en_GB","og_type":"article","og_title":"Spasoje Vlaji\u0107 - Svetlosna Formula - Knjiga - Zlatno Doba","og_description":"U ovoj knjizi su izlo\u017eeni rezultati vi\u0161egodi\u0161njih istra\u017eivanja zasnovanih na tanano energetskoj prirodi\u00a0Svetlosne formule, koja je matemati\u010dki obrazac za izra\u010dunavanje energija, kojima su predstave o imenovanim pojavama \"utisnute\" u na\u0161u svest.","og_url":"https:\/\/zlatnodoba.org\/en\/proizvod\/knjiga-svetlosna-formula\/","og_site_name":"Zlatno Doba","article_modified_time":"2025-02-15T19:24:42+00:00","og_image":[{"width":1104,"height":1566,"url":"https:\/\/zlatnodoba.org\/wp-content\/uploads\/2025\/01\/Screenshot-2024-09-04-at-23.32.41-copy.png","type":"image\/png"}],"twitter_card":"summary_large_image","twitter_misc":{"Estimated reading time":"1 minute"},"schema":{"@context":"https:\/\/schema.org","@graph":[{"@type":"WebPage","@id":"https:\/\/zlatnodoba.org\/proizvod\/knjiga-svetlosna-formula\/","url":"https:\/\/zlatnodoba.org\/proizvod\/knjiga-svetlosna-formula\/","name":"Spasoje Vlaji\u0107 - Svetlosna Formula - Knjiga - Zlatno Doba","isPartOf":{"@id":"https:\/\/zlatnodoba.org\/#website"},"primaryImageOfPage":{"@id":"https:\/\/zlatnodoba.org\/proizvod\/knjiga-svetlosna-formula\/#primaryimage"},"image":{"@id":"https:\/\/zlatnodoba.org\/proizvod\/knjiga-svetlosna-formula\/#primaryimage"},"thumbnailUrl":"https:\/\/zlatnodoba.org\/wp-content\/uploads\/2025\/01\/Screenshot-2024-09-04-at-23.32.41-copy.png","datePublished":"2025-01-10T11:52:32+00:00","dateModified":"2025-02-15T19:24:42+00:00","breadcrumb":{"@id":"https:\/\/zlatnodoba.org\/proizvod\/knjiga-svetlosna-formula\/#breadcrumb"},"inLanguage":"en-GB","potentialAction":[{"@type":"ReadAction","target":["https:\/\/zlatnodoba.org\/proizvod\/knjiga-svetlosna-formula\/"]}]},{"@type":"ImageObject","inLanguage":"en-GB","@id":"https:\/\/zlatnodoba.org\/proizvod\/knjiga-svetlosna-formula\/#primaryimage","url":"https:\/\/zlatnodoba.org\/wp-content\/uploads\/2025\/01\/Screenshot-2024-09-04-at-23.32.41-copy.png","contentUrl":"https:\/\/zlatnodoba.org\/wp-content\/uploads\/2025\/01\/Screenshot-2024-09-04-at-23.32.41-copy.png","width":1104,"height":1566},{"@type":"BreadcrumbList","@id":"https:\/\/zlatnodoba.org\/proizvod\/knjiga-svetlosna-formula\/#breadcrumb","itemListElement":[{"@type":"ListItem","position":1,"name":"Home","item":"https:\/\/zlatnodoba.org\/"},{"@type":"ListItem","position":2,"name":"Shop","item":"https:\/\/zlatnodoba.org\/shop\/"},{"@type":"ListItem","position":3,"name":"Knjiga &#8211; Svetlosna Formula"}]},{"@type":"WebSite","@id":"https:\/\/zlatnodoba.org\/#website","url":"https:\/\/zlatnodoba.org\/","name":"Zlatno Doba","description":"","potentialAction":[{"@type":"SearchAction","target":{"@type":"EntryPoint","urlTemplate":"https:\/\/zlatnodoba.org\/?s={search_term_string}"},"query-input":{"@type":"PropertyValueSpecification","valueRequired":true,"valueName":"search_term_string"}}],"inLanguage":"en-GB"}]}},"_links":{"self":[{"href":"https:\/\/zlatnodoba.org\/en\/wp-json\/wp\/v2\/product\/3537","targetHints":{"allow":["GET"]}}],"collection":[{"href":"https:\/\/zlatnodoba.org\/en\/wp-json\/wp\/v2\/product"}],"about":[{"href":"https:\/\/zlatnodoba.org\/en\/wp-json\/wp\/v2\/types\/product"}],"version-history":[{"count":3,"href":"https:\/\/zlatnodoba.org\/en\/wp-json\/wp\/v2\/product\/3537\/revisions"}],"predecessor-version":[{"id":5383,"href":"https:\/\/zlatnodoba.org\/en\/wp-json\/wp\/v2\/product\/3537\/revisions\/5383"}],"wp:featuredmedia":[{"embeddable":true,"href":"https:\/\/zlatnodoba.org\/en\/wp-json\/wp\/v2\/media\/3539"}],"wp:attachment":[{"href":"https:\/\/zlatnodoba.org\/en\/wp-json\/wp\/v2\/media?parent=3537"}],"wp:term":[{"taxonomy":"product_brand","embeddable":true,"href":"https:\/\/zlatnodoba.org\/en\/wp-json\/wp\/v2\/product_brand?post=3537"},{"taxonomy":"product_cat","embeddable":true,"href":"https:\/\/zlatnodoba.org\/en\/wp-json\/wp\/v2\/product_cat?post=3537"},{"taxonomy":"product_tag","embeddable":true,"href":"https:\/\/zlatnodoba.org\/en\/wp-json\/wp\/v2\/product_tag?post=3537"}],"curies":[{"name":"wp","href":"https:\/\/api.w.org\/{rel}","templated":true}]}}