{"id":3202,"date":"2026-01-19T13:00:44","date_gmt":"2026-01-19T13:00:44","guid":{"rendered":"https:\/\/zlatnodoba.org\/?post_type=product&#038;p=3202"},"modified":"2026-01-20T12:39:33","modified_gmt":"2026-01-20T12:39:33","slug":"ovako-govori-ljubav-leon-bijelic","status":"publish","type":"product","link":"https:\/\/zlatnodoba.org\/en\/proizvod\/ovako-govori-ljubav-leon-bijelic\/","title":{"rendered":"Ovako Govori Ljubav &#8211; Leon Bijeli\u0107 &#8211; Knjige"},"content":{"rendered":"<h3 style=\"padding-left: 80px;\">OVAKO GOVORI LJUBAV JE POSEBNA KNJIGA I VELIKO BLAGO KNJI\u017dEVNE KULTURE.<\/h3>\n<p style=\"padding-left: 80px;\">OVAKO GOVORI LJUBAV &#8211; Leon Bijeli\u0107 &#8211; Knjige &#8211; Godinama je pripremao i pisao zna\u010dajno delo za sve roditelje. Knjiga sadr\u017ei najve\u0107e mudrosti o \u017eivotu, roditeljstvu, odgoju, ljubavi, partnerskom odnosu, razvoju svesti&#8230;<\/p>\n<p style=\"padding-left: 80px;\">Ova knjiga predstavlja pored toliko divne i inspirativne poezije, izreke i citate koji preobra\u017eavaju ljudski um i pro\u0161iruju svest izvan granica mogu\u0107eg i nemogu\u0107eg&#8230;<\/p>\n<h3 style=\"padding-left: 80px;\"><strong>Svako ko je kupio poslao je poruku da su tokom \u010ditanja suze same i\u0161le i da nikada nisu osetili ovakvu ljubav, ovakvu milost, ovakvu lepotu i dobrotu NIGDE, a kamoli u jednoj knjizi&#8230;<\/strong><\/h3>\n<p style=\"padding-left: 80px;\">\ud83c\udfa8 154 stranice u boji i svaka stranica ima poseban sadr\u017eaj (pesme, uspavanke, pri\u010de, mudre izreke, ilustracije, pozitivne afirmacije, konkretni savete za roditeljstvo, odgoj&#8230;)<\/p>\n<p style=\"padding-left: 80px;\">\ud83d\udcd5 Knjiga je riznica mudrosti, vrhunskog znanja i slu\u017ei kao sredstvo za brzo uzdizanje svesti, za pozitivan stav u \u017eivotu i prema \u017eivotu, za unapre\u0111enje i li\u010dni razvoj, za smirivanje svakog nemira, za prevazila\u017eenje svake prepreke, za porodi\u010dni sklad i duhovni napredak.<\/p>\n<p style=\"padding-left: 80px;\"><strong>\ud83c\udfac Obavezno pogledajte video: <a href=\"https:\/\/youtu.be\/rDkqmISBZKo\">https:\/\/youtu.be\/rDkqmISBZKo<\/a><\/strong><br \/>\n&#8211; To je predstavljanje knjige &#8222;OVAKO GOVORI LJUBAV&#8220; na doga\u0111aju &#8222;SUSRETI RODA 6 &#8211; Rtanj 2024&#8220; &#8211; Leon Bijeli\u0107 i akademik dr Mirjana Sovilj<\/p>\n<p style=\"padding-left: 80px;\">\ud83d\udc8e Knjiga je 2000 dinara za Srbiju ili 35 KM za RS-BiH ili 25\u20ac za inostranstvo, bez po\u0161tarine. Ova knjiga se kupuje jednom, a \u010dita \u010desto i u najposebnijim prilikama. Ova knjiga \u0107e biti kao alat za pozitivan stav, za vedrinu, za lepotu i \u010distu ljubav u du\u0161i. Slu\u017ei\u0107e celoj porodici i celom potomstvu i svim generacijama, sada\u0161njim i budu\u0107im.<\/p>\n<p style=\"padding-left: 80px;\">Ceo blog PROMOCIJA KNJIGE pro\u010ditajte na: <a href=\"https:\/\/zlatnodoba.org\/en\/leon-bijelic-promocija-knjige\/\">https:\/\/zlatnodoba.org\/leon-bijelic-promocija-knjige\/<\/a><\/p>\n<p>\u00a0 \u00a0 \u00a0 \u00a0 \u00a0 \u00a0 \u00a0 \u00a0 \u00a0 \u00a0 \u00a0Knjigu mo\u017eete naru\u010diti i porukom na viber ili whatsapp: +381 62 8138 907<\/p>\n<h3 style=\"text-align: center;\"><strong>DRUGO IZDANJE KNJIGE &#8211; Na latinici<\/strong><br \/>\n<img fetchpriority=\"high\" decoding=\"async\" class=\"aligncenter wp-image-8083 size-full\" src=\"https:\/\/zlatnodoba.org\/wp-content\/uploads\/2024\/01\/Korice-knjige-OVAKO-GOVORI-LJUBAV-Leon-Bijelic-Drugo-izdanje-2025.jpg\" alt=\"Ovako Govori Ljubav - Knjiga - Leon Bijeli\u0107 - Drugo izdanje - Latinica - 2025\" width=\"1000\" height=\"700\" srcset=\"https:\/\/zlatnodoba.org\/wp-content\/uploads\/2024\/01\/Korice-knjige-OVAKO-GOVORI-LJUBAV-Leon-Bijelic-Drugo-izdanje-2025.jpg 1000w, https:\/\/zlatnodoba.org\/wp-content\/uploads\/2024\/01\/Korice-knjige-OVAKO-GOVORI-LJUBAV-Leon-Bijelic-Drugo-izdanje-2025-300x210.jpg 300w, https:\/\/zlatnodoba.org\/wp-content\/uploads\/2024\/01\/Korice-knjige-OVAKO-GOVORI-LJUBAV-Leon-Bijelic-Drugo-izdanje-2025-768x538.jpg 768w, https:\/\/zlatnodoba.org\/wp-content\/uploads\/2024\/01\/Korice-knjige-OVAKO-GOVORI-LJUBAV-Leon-Bijelic-Drugo-izdanje-2025-600x420.jpg 600w\" sizes=\"(max-width: 1000px) 100vw, 1000px\" \/><\/h3>\n<p>&nbsp;<\/p>\n<h3 style=\"padding-left: 80px;\"><strong>\u2705 Jedan od najveli\u010danstvenijih knji\u017eevnih poklona i poduhvata ovog doba, ovog vremena i ovog veka je knjiga OVAKO GOVORI LJUBAV. <\/strong><\/h3>\n<p style=\"padding-left: 80px;\">To je \u010dista i prava vrednost ove knjige. Koliko vredi ljubav majke prema detetu? Eto, toliko vredi ova knjiga jer je \u010dista ljubav u njoj, \u010dista, bezuslovna ljubav, uz najdragocenije savete za \u017eivot i pravilan i pametan razvoj deteta i razvoj pravih vrednosti.<\/p>\n<p style=\"padding-left: 80px;\">\u2764\ufe0f Sadr\u017eaj koji \u0107ete prona\u0107i odi\u0161e mudro\u0161\u0107u i \u010distom bo\u017eanskom ljubavlju, pozitivnim programima i misaonim obrascima novog \u010doveka, \u010doveka zlatnog doba i daje prakti\u010dna znanja za zdravu porodicu i pametnu decu.<\/p>\n<p style=\"padding-left: 80px;\"><strong>Emisije, pesme, recitacije, molitve Leona Bijeli\u0107a:<\/strong><br \/>\n1. Rije\u010d: <a href=\"https:\/\/www.youtube.com\/watch?v=GLV90sqFYis\">https:\/\/www.youtube.com\/watch?v=GLV90sqFYis<\/a><br \/>\n2. Saveti: <a href=\"https:\/\/www.youtube.com\/watch?v=P7M5hhoX_Wo\">https:\/\/www.youtube.com\/watch?v=P7M5hhoX_Wo<\/a><br \/>\n3. Molitva Isusu Hristu: <a href=\"https:\/\/www.youtube.com\/watch?v=j3aHlZO6WTo\">https:\/\/www.youtube.com\/watch?v=j3aHlZO6WTo<\/a><br \/>\n4. Hvala: <a href=\"https:\/\/www.youtube.com\/watch?v=GOCM_vbEvFk\">https:\/\/www.youtube.com\/watch?v=GOCM_vbEvFk<\/a><br \/>\n5. Od piramide do piramide: <a href=\"https:\/\/www.youtube.com\/watch?v=NGI1zlMh6iA\">https:\/\/www.youtube.com\/watch?v=NGI1zlMh6iA<\/a><br \/>\n6. Perun i Tesla: <a href=\"https:\/\/www.youtube.com\/watch?v=Rb0wdDRpyfs\">https:\/\/www.youtube.com\/watch?v=Rb0wdDRpyfs<\/a><br \/>\n7. Molitve Gospodu: <a href=\"https:\/\/www.youtube.com\/watch?v=0EKsTcxPW3Q\">https:\/\/www.youtube.com\/watch?v=0EKsTcxPW3Q<\/a><br \/>\n8. Ljudi su svest: <a href=\"https:\/\/www.youtube.com\/watch?v=mPT644RUcng\">https:\/\/www.youtube.com\/watch?v=mPT644RUcng<\/a><br \/>\n9. Ve\u010dnost je na\u0161a sudbina: <a href=\"https:\/\/www.youtube.com\/watch?v=JW3_2njN0RY\">https:\/\/www.youtube.com\/watch?v=JW3_2njN0RY<\/a><br \/>\n10. Dobro jutro divni svete: <a href=\"https:\/\/www.youtube.com\/watch?v=KDlfxuYoQjE\">https:\/\/www.youtube.com\/watch?v=KDlfxuYoQjE<\/a><br \/>\n11. Leon Bijeli\u0107 i Goran Potkonjak: <a href=\"https:\/\/youtu.be\/SfDDLjZl5A4\">https:\/\/youtu.be\/SfDDLjZl5A4\u00a0<\/a><\/p>\n<p>Knjigu mo\u017eete naru\u010diti i porukom na viber ili whatsapp: +381 62 8138 907<\/p>","protected":false},"excerpt":{"rendered":"<p><strong>OVAKO GOVORI LJUBAV &#8211; Knjiga za sve roditelje novog zlatnog doba.<\/strong><\/p>\n<p>Ova knjiga je posve\u0107ena svim roditeljima, majkama, trudnicama i bebama.<br \/>\n<strong>Ova knjiga je alat za pozitivan li\u010dni razvoj, porodi\u010dni sklad i duhovni napredak.\u00a0 <\/strong><\/p>\n<p style=\"font-weight: 400;\">Napisana je za osve\u0161\u0107enje i unapre\u0111enje dru\u0161tva, roditelja, dece, potomaka, prijatelja. Za stvaranje lep\u0161e sada\u0161njosti i bolje budu\u0107nosti.<\/p>\n<p style=\"font-weight: 400;\">Za preobra\u017eenje psiholo\u0161kih blokada (svesnih i podsvesnih), starih negativnih programa, misaonih obrazaca i sistema verovanja. Za oslobo\u0111enje od stresa i svega onoga \u0161to donosi neprijatna i nepo\u017eeljna iskusva. Za pozitivno programiranje svih generacija.<\/p>\n<p style=\"font-weight: 400;\"><strong>Ova knjiga je \u017eivo svedo\u010danstvo najuzvi\u0161enije Bo\u017eije Ljubavi koja se umetni\u010dki i pesni\u010dki izra\u017eava kroz stihove i re\u010deni\u010dne vihore. porodi\u010dni sklad i duhovnu puno\u0107u.<\/strong><\/p>","protected":false},"featured_media":3211,"template":"","meta":{"_acf_changed":false,"_hpay_column_layout":"0","_hpay_name_price":"0","pmpro_default_level":""},"product_brand":[],"product_cat":[85],"product_tag":[],"class_list":{"0":"post-3202","1":"product","2":"type-product","3":"status-publish","4":"has-post-thumbnail","6":"product_cat-knjige","7":"pmpro-has-access","9":"first","10":"instock","11":"sale","12":"taxable","13":"shipping-taxable","14":"purchasable","15":"product-type-simple"},"acf":[],"yoast_head":"<!-- This site is optimized with the Yoast SEO plugin v27.1 - https:\/\/yoast.com\/product\/yoast-seo-wordpress\/ -->\n<title>Ovako Govori Ljubav - Leon Bijeli\u0107 - Knjige - Zlatno Doba<\/title>\n<meta name=\"description\" content=\"OVAKO GOVORI LJUBAV je knjiga posve\u0107ena svim roditeljima, majkama, trudnicama i bebama. Leon Bijeli\u0107 je sakupio i napisao najve\u0107e mudrosti i korisne savete.\" \/>\n<meta name=\"robots\" content=\"index, follow, max-snippet:-1, max-image-preview:large, max-video-preview:-1\" \/>\n<link rel=\"canonical\" href=\"https:\/\/zlatnodoba.org\/en\/proizvod\/ovako-govori-ljubav-leon-bijelic\/\" \/>\n<meta property=\"og:locale\" content=\"en_GB\" \/>\n<meta property=\"og:type\" content=\"article\" \/>\n<meta property=\"og:title\" content=\"Ovako Govori Ljubav - Leon Bijeli\u0107 - Knjige - Zlatno Doba\" \/>\n<meta property=\"og:description\" content=\"OVAKO GOVORI LJUBAV je knjiga posve\u0107ena svim roditeljima, majkama, trudnicama i bebama. Leon Bijeli\u0107 je sakupio i napisao najve\u0107e mudrosti i korisne savete.\" \/>\n<meta property=\"og:url\" content=\"https:\/\/zlatnodoba.org\/en\/proizvod\/ovako-govori-ljubav-leon-bijelic\/\" \/>\n<meta property=\"og:site_name\" content=\"Zlatno Doba\" \/>\n<meta property=\"article:modified_time\" content=\"2026-01-20T12:39:33+00:00\" \/>\n<meta property=\"og:image\" content=\"https:\/\/zlatnodoba.org\/wp-content\/uploads\/2024\/12\/Korice-knjige-Zbirka-pesama-za-trudnice-i-bebe.png\" \/>\n\t<meta property=\"og:image:width\" content=\"1148\" \/>\n\t<meta property=\"og:image:height\" content=\"1164\" \/>\n\t<meta property=\"og:image:type\" content=\"image\/png\" \/>\n<meta name=\"twitter:card\" content=\"summary_large_image\" \/>\n<meta name=\"twitter:label1\" content=\"Estimated reading time\" \/>\n\t<meta name=\"twitter:data1\" content=\"3 minutes\" \/>\n<script type=\"application\/ld+json\" class=\"yoast-schema-graph\">{\"@context\":\"https:\/\/schema.org\",\"@graph\":[{\"@type\":\"WebPage\",\"@id\":\"https:\/\/zlatnodoba.org\/proizvod\/ovako-govori-ljubav-leon-bijelic\/\",\"url\":\"https:\/\/zlatnodoba.org\/proizvod\/ovako-govori-ljubav-leon-bijelic\/\",\"name\":\"Ovako Govori Ljubav - Leon Bijeli\u0107 - Knjige - Zlatno Doba\",\"isPartOf\":{\"@id\":\"https:\/\/zlatnodoba.org\/#website\"},\"primaryImageOfPage\":{\"@id\":\"https:\/\/zlatnodoba.org\/proizvod\/ovako-govori-ljubav-leon-bijelic\/#primaryimage\"},\"image\":{\"@id\":\"https:\/\/zlatnodoba.org\/proizvod\/ovako-govori-ljubav-leon-bijelic\/#primaryimage\"},\"thumbnailUrl\":\"https:\/\/zlatnodoba.org\/wp-content\/uploads\/2024\/12\/Korice-knjige-Zbirka-pesama-za-trudnice-i-bebe.png\",\"datePublished\":\"2026-01-19T13:00:44+00:00\",\"dateModified\":\"2026-01-20T12:39:33+00:00\",\"description\":\"OVAKO GOVORI LJUBAV je knjiga posve\u0107ena svim roditeljima, majkama, trudnicama i bebama. Leon Bijeli\u0107 je sakupio i napisao najve\u0107e mudrosti i korisne savete.\",\"breadcrumb\":{\"@id\":\"https:\/\/zlatnodoba.org\/proizvod\/ovako-govori-ljubav-leon-bijelic\/#breadcrumb\"},\"inLanguage\":\"en-GB\",\"potentialAction\":[{\"@type\":\"ReadAction\",\"target\":[\"https:\/\/zlatnodoba.org\/proizvod\/ovako-govori-ljubav-leon-bijelic\/\"]}]},{\"@type\":\"ImageObject\",\"inLanguage\":\"en-GB\",\"@id\":\"https:\/\/zlatnodoba.org\/proizvod\/ovako-govori-ljubav-leon-bijelic\/#primaryimage\",\"url\":\"https:\/\/zlatnodoba.org\/wp-content\/uploads\/2024\/12\/Korice-knjige-Zbirka-pesama-za-trudnice-i-bebe.png\",\"contentUrl\":\"https:\/\/zlatnodoba.org\/wp-content\/uploads\/2024\/12\/Korice-knjige-Zbirka-pesama-za-trudnice-i-bebe.png\",\"width\":1148,\"height\":1164,\"caption\":\"Knjiga Ovako Govori Ljubav - Leon Bijeli\u0107 - Zlatno doba\"},{\"@type\":\"BreadcrumbList\",\"@id\":\"https:\/\/zlatnodoba.org\/proizvod\/ovako-govori-ljubav-leon-bijelic\/#breadcrumb\",\"itemListElement\":[{\"@type\":\"ListItem\",\"position\":1,\"name\":\"Home\",\"item\":\"https:\/\/zlatnodoba.org\/\"},{\"@type\":\"ListItem\",\"position\":2,\"name\":\"Shop\",\"item\":\"https:\/\/zlatnodoba.org\/shop\/\"},{\"@type\":\"ListItem\",\"position\":3,\"name\":\"Ovako Govori Ljubav &#8211; Leon Bijeli\u0107 &#8211; Knjige\"}]},{\"@type\":\"WebSite\",\"@id\":\"https:\/\/zlatnodoba.org\/#website\",\"url\":\"https:\/\/zlatnodoba.org\/\",\"name\":\"Zlatno Doba\",\"description\":\"\",\"potentialAction\":[{\"@type\":\"SearchAction\",\"target\":{\"@type\":\"EntryPoint\",\"urlTemplate\":\"https:\/\/zlatnodoba.org\/?s={search_term_string}\"},\"query-input\":{\"@type\":\"PropertyValueSpecification\",\"valueRequired\":true,\"valueName\":\"search_term_string\"}}],\"inLanguage\":\"en-GB\"}]}<\/script>\n<!-- \/ Yoast SEO plugin. -->","yoast_head_json":{"title":"Ovako Govori Ljubav - Leon Bijeli\u0107 - Knjige - Zlatno Doba","description":"OVAKO GOVORI LJUBAV je knjiga posve\u0107ena svim roditeljima, majkama, trudnicama i bebama. Leon Bijeli\u0107 je sakupio i napisao najve\u0107e mudrosti i korisne savete.","robots":{"index":"index","follow":"follow","max-snippet":"max-snippet:-1","max-image-preview":"max-image-preview:large","max-video-preview":"max-video-preview:-1"},"canonical":"https:\/\/zlatnodoba.org\/en\/proizvod\/ovako-govori-ljubav-leon-bijelic\/","og_locale":"en_GB","og_type":"article","og_title":"Ovako Govori Ljubav - Leon Bijeli\u0107 - Knjige - Zlatno Doba","og_description":"OVAKO GOVORI LJUBAV je knjiga posve\u0107ena svim roditeljima, majkama, trudnicama i bebama. Leon Bijeli\u0107 je sakupio i napisao najve\u0107e mudrosti i korisne savete.","og_url":"https:\/\/zlatnodoba.org\/en\/proizvod\/ovako-govori-ljubav-leon-bijelic\/","og_site_name":"Zlatno Doba","article_modified_time":"2026-01-20T12:39:33+00:00","og_image":[{"width":1148,"height":1164,"url":"https:\/\/zlatnodoba.org\/wp-content\/uploads\/2024\/12\/Korice-knjige-Zbirka-pesama-za-trudnice-i-bebe.png","type":"image\/png"}],"twitter_card":"summary_large_image","twitter_misc":{"Estimated reading time":"3 minutes"},"schema":{"@context":"https:\/\/schema.org","@graph":[{"@type":"WebPage","@id":"https:\/\/zlatnodoba.org\/proizvod\/ovako-govori-ljubav-leon-bijelic\/","url":"https:\/\/zlatnodoba.org\/proizvod\/ovako-govori-ljubav-leon-bijelic\/","name":"Ovako Govori Ljubav - Leon Bijeli\u0107 - Knjige - Zlatno Doba","isPartOf":{"@id":"https:\/\/zlatnodoba.org\/#website"},"primaryImageOfPage":{"@id":"https:\/\/zlatnodoba.org\/proizvod\/ovako-govori-ljubav-leon-bijelic\/#primaryimage"},"image":{"@id":"https:\/\/zlatnodoba.org\/proizvod\/ovako-govori-ljubav-leon-bijelic\/#primaryimage"},"thumbnailUrl":"https:\/\/zlatnodoba.org\/wp-content\/uploads\/2024\/12\/Korice-knjige-Zbirka-pesama-za-trudnice-i-bebe.png","datePublished":"2026-01-19T13:00:44+00:00","dateModified":"2026-01-20T12:39:33+00:00","description":"OVAKO GOVORI LJUBAV je knjiga posve\u0107ena svim roditeljima, majkama, trudnicama i bebama. Leon Bijeli\u0107 je sakupio i napisao najve\u0107e mudrosti i korisne savete.","breadcrumb":{"@id":"https:\/\/zlatnodoba.org\/proizvod\/ovako-govori-ljubav-leon-bijelic\/#breadcrumb"},"inLanguage":"en-GB","potentialAction":[{"@type":"ReadAction","target":["https:\/\/zlatnodoba.org\/proizvod\/ovako-govori-ljubav-leon-bijelic\/"]}]},{"@type":"ImageObject","inLanguage":"en-GB","@id":"https:\/\/zlatnodoba.org\/proizvod\/ovako-govori-ljubav-leon-bijelic\/#primaryimage","url":"https:\/\/zlatnodoba.org\/wp-content\/uploads\/2024\/12\/Korice-knjige-Zbirka-pesama-za-trudnice-i-bebe.png","contentUrl":"https:\/\/zlatnodoba.org\/wp-content\/uploads\/2024\/12\/Korice-knjige-Zbirka-pesama-za-trudnice-i-bebe.png","width":1148,"height":1164,"caption":"Knjiga Ovako Govori Ljubav - Leon Bijeli\u0107 - Zlatno doba"},{"@type":"BreadcrumbList","@id":"https:\/\/zlatnodoba.org\/proizvod\/ovako-govori-ljubav-leon-bijelic\/#breadcrumb","itemListElement":[{"@type":"ListItem","position":1,"name":"Home","item":"https:\/\/zlatnodoba.org\/"},{"@type":"ListItem","position":2,"name":"Shop","item":"https:\/\/zlatnodoba.org\/shop\/"},{"@type":"ListItem","position":3,"name":"Ovako Govori Ljubav &#8211; Leon Bijeli\u0107 &#8211; Knjige"}]},{"@type":"WebSite","@id":"https:\/\/zlatnodoba.org\/#website","url":"https:\/\/zlatnodoba.org\/","name":"Zlatno Doba","description":"","potentialAction":[{"@type":"SearchAction","target":{"@type":"EntryPoint","urlTemplate":"https:\/\/zlatnodoba.org\/?s={search_term_string}"},"query-input":{"@type":"PropertyValueSpecification","valueRequired":true,"valueName":"search_term_string"}}],"inLanguage":"en-GB"}]}},"_links":{"self":[{"href":"https:\/\/zlatnodoba.org\/en\/wp-json\/wp\/v2\/product\/3202","targetHints":{"allow":["GET"]}}],"collection":[{"href":"https:\/\/zlatnodoba.org\/en\/wp-json\/wp\/v2\/product"}],"about":[{"href":"https:\/\/zlatnodoba.org\/en\/wp-json\/wp\/v2\/types\/product"}],"version-history":[{"count":11,"href":"https:\/\/zlatnodoba.org\/en\/wp-json\/wp\/v2\/product\/3202\/revisions"}],"predecessor-version":[{"id":3855,"href":"https:\/\/zlatnodoba.org\/en\/wp-json\/wp\/v2\/product\/3202\/revisions\/3855"}],"wp:featuredmedia":[{"embeddable":true,"href":"https:\/\/zlatnodoba.org\/en\/wp-json\/wp\/v2\/media\/3211"}],"wp:attachment":[{"href":"https:\/\/zlatnodoba.org\/en\/wp-json\/wp\/v2\/media?parent=3202"}],"wp:term":[{"taxonomy":"product_brand","embeddable":true,"href":"https:\/\/zlatnodoba.org\/en\/wp-json\/wp\/v2\/product_brand?post=3202"},{"taxonomy":"product_cat","embeddable":true,"href":"https:\/\/zlatnodoba.org\/en\/wp-json\/wp\/v2\/product_cat?post=3202"},{"taxonomy":"product_tag","embeddable":true,"href":"https:\/\/zlatnodoba.org\/en\/wp-json\/wp\/v2\/product_tag?post=3202"}],"curies":[{"name":"wp","href":"https:\/\/api.w.org\/{rel}","templated":true}]}}