{"id":2762,"date":"2024-11-15T19:07:42","date_gmt":"2024-11-15T19:07:42","guid":{"rendered":"https:\/\/zlatnodoba.org\/?post_type=product&#038;p=2762"},"modified":"2025-02-15T19:25:02","modified_gmt":"2025-02-15T19:25:02","slug":"majica-crna-zlatno-doba","status":"publish","type":"product","link":"https:\/\/zlatnodoba.org\/en\/proizvod\/majica-crna-zlatno-doba\/","title":{"rendered":"Majica crna &#8211; Zlatno doba"},"content":{"rendered":"<p style=\"padding-left: 80px;\">\u2981 Zlatno doba simbolizuje vreme kada su svi aspekti \u017eivota bili u savr\u0161eno izbalansiranom stanju. To je period kada su ljudi \u017eiveli u harmoniji sa sobom, drugima i prirodom, bez velikih konflikata, patnji ili nepravdi.<\/p>\n<p style=\"padding-left: 80px;\">\u2981 U mitologijama, kao \u0161to su gr\u010dka, hinduisti\u010dka i druge, Zlatno doba je vreme kada je ljudska rasa bila ujedinjena, \u017eivela u moralnoj \u010disto\u0107i i bila vo\u0111ena mudro\u0161\u0107u i ljubavlju.<br \/>\nUspostavljanje idealnog dru\u0161tva:<\/p>\n<p style=\"padding-left: 80px;\">\u2981 U istorijskom i socijalnom kontekstu, Zlatno doba ozna\u010dava vreme kada su dru\u0161tva postigla svoj maksimalni potencijal u smislu tehni\u010dkog napretka, obrazovanja i op\u0161te blagostanja.<\/p>\n<p style=\"padding-left: 80px;\">\u2981 To je vreme kada je pravda, jednakost i sloboda bila temelj svakog dru\u0161tvenog ure\u0111enja, a ljudi su se trudili da unaprede kako sebe, tako i dru\u0161tvo.<br \/>\nPreporod i napredak:<\/p>\n<p style=\"padding-left: 80px;\">\u2981 Zlatno doba \u010desto se koristi i kao simbol preporoda ili novog po\u010detka. U mnogim filozofijama i duhovnim u\u010denjima, to je vreme kada individua ili dru\u0161tvo ulazi u period prosvetljenja, kroz duhovni rast, moralni razvoj i dublje razumevanje \u017eivota.<br \/>\nKako Zlatno doba uti\u010de na ljude:<br \/>\nInspiracija i motivacija:<\/p>\n<p style=\"padding-left: 80px;\">\u2981 Pojam Zlatnog doba inspiri\u0161e ljude da te\u017ee ka savr\u0161eno organizovanom dru\u0161tvu, osna\u017eenom unutra\u0161njem miru i pobolj\u0161anju me\u0111uljudskih odnosa. Poma\u017ee im da te\u017ee balansu izme\u0111u materijalnog i duhovnog, kao i postizanju harmonije sa svetom oko sebe.<\/p>\n<p style=\"padding-left: 80px;\">\u2981 Zlatno doba, iako \u010desto povezano sa pro\u0161lo\u0161\u0107u, daje ljudima nadu i motivaciju da te\u017ee boljoj budu\u0107nosti. Poziva na duhovni preporod, stalno unapre\u0111enje samih sebe i sveta oko sebe.<br \/>\nTe\u017enja ka idealu:<\/p>\n<p style=\"padding-left: 80px;\">\u2981 Kada ljudi govore o Zlatnom dobu, oni ne govore samo o pro\u0161losti. Mnoge kulture, filozofije i pokreti smatraju da je Zlatno doba ideal kojem treba te\u017eiti. To je podsticaj da se neprestano uspinjemo, razvijamo i te\u017eimo da stvorimo svet u kojem su vrednosti kao \u0161to su ljubav, mir, pravda i po\u0161tovanje osnovne.<\/p>\n<p style=\"padding-left: 80px;\">Uticaj na li\u010dni razvoj:<br \/>\n\u2981 Na li\u010dnom nivou, Zlatno doba podsti\u010de samopouzdanje i osna\u017eivanje unutra\u0161njih vrednosti. Poziva ljude da rade na svom duhovnom i mentalnom razvoju kako bi doprinosili pozitivnim promenama u svetu. Zlatno doba u tom kontekstu postaje simbol duhovnog savr\u0161enstva koje se ne posti\u017ee samo spoljnim uslovima, ve\u0107 i unutar svakog pojedinca.<\/p>\n<p style=\"padding-left: 80px;\">Zlatno doba u razli\u010ditim kulturama:<\/p>\n<p style=\"padding-left: 80px;\">Gr\u010dka mitologija: U gr\u010dkoj mitologiji, Zlatno doba je prvo doba koje je vladalo na Zemlji, kada su bogovi hodali me\u0111u ljudima i bili su u savr\u0161enom skladu sa prirodom. Ljudi su \u017eiveli bez briga, bolesti, rada i patnje.<\/p>\n<p style=\"padding-left: 80px;\">Hinduizam: U hinduisti\u010dkom verovanju, postoji pojam Satya Yuga \u2013 prvo od \u010detiri doba u ciklusu sveta, koje je prepoznato kao doba istine i pravde, kada su ljudi bili neviniji i imali ve\u0107u duhovnu svest.<\/p>\n<p style=\"padding-left: 80px;\">Renesansa: U evropskoj istoriji, Renesansa je ponekad opisana kao &#8222;novi po\u010detak&#8220; \u2013 Zlatno doba umetnosti i nauke, kada su ljudi poput Leonarda da Vincija i Mikelan\u0111ela doneli procvat kreativnosti i intelektualnog razvoja.<\/p>\n<p style=\"padding-left: 80px;\">\u0160ta zna\u010di Zlatno doba u savremenom dru\u0161tvu?<\/p>\n<p style=\"padding-left: 80px;\">U dana\u0161njem vremenu, Zlatno doba postavlja standarde za idealno dru\u0161tvo u kojem bi ljudi \u017eiveli u ravnote\u017ei sa sobom, svojom okolinom i prirodom. Iako savremeno dru\u0161tvo suo\u010dava sa mnogim izazovima, pojam Zlatnog doba podse\u0107a nas da uvek te\u017eimo ka boljem, pravednijem i harmoni\u010dnijem svetu.<\/p>\n<p style=\"padding-left: 80px;\">Zaklju\u010dak:<br \/>\nZlatno doba je idealizovana vizija savr\u0161enstva u svim aspektima \u017eivota, od duhovnog do dru\u0161tvenog. Simbolizuje uspon, napredak i harmoniju. Iako nije nu\u017eno ostvareno u pro\u0161losti, ono predstavlja neprekidan proces te\u017enje ka boljim uslovima i postizanju unutra\u0161nje i spoljne ravnote\u017ee. U kontekstu li\u010dnog razvoja, Zlatno doba poziva na postizanje savr\u0161ene harmonije sa svetom i sobom.<\/p>","protected":false},"excerpt":{"rendered":"<p>&nbsp;<\/p>\n<p><strong>Zlatno doba<\/strong> je pojam koji ima duboku simboliku i zna\u010daj u mnogim kulturama, filozofijama i istorijskim periodima.<\/p>\n<p>Obi\u010dno ozna\u010dava idealizovani period u pro\u0161losti ili viziju savr\u0161enstva u budu\u0107nosti, kada su dru\u0161tva, ljudi ili civilizacije dostigle najve\u0107i mogu\u0107i napredak u razli\u010ditim oblastima: u umetnosti, nauci, filozofiji, moralnosti i harmoniji.<\/p>\n<p>Simbolika &#8222;Zlatnog doba&#8220;<br \/>\n<strong>Savr\u0161enstvo i harmonija<\/strong><\/p>","protected":false},"featured_media":2464,"template":"","meta":{"_acf_changed":false,"_hpay_column_layout":"0","_hpay_name_price":"0","pmpro_default_level":""},"product_brand":[],"product_cat":[81],"product_tag":[],"class_list":{"0":"post-2762","1":"product","2":"type-product","3":"status-publish","4":"has-post-thumbnail","6":"product_cat-majice","7":"pmpro-has-access","9":"first","10":"instock","11":"taxable","12":"shipping-taxable","13":"purchasable","14":"product-type-variable"},"acf":[],"yoast_head":"<!-- This site is optimized with the Yoast SEO plugin v27.1 - https:\/\/yoast.com\/product\/yoast-seo-wordpress\/ -->\n<title>Majica crna - Zlatno doba - Zlatno Doba<\/title>\n<meta name=\"robots\" content=\"index, follow, max-snippet:-1, max-image-preview:large, max-video-preview:-1\" \/>\n<link rel=\"canonical\" href=\"https:\/\/zlatnodoba.org\/en\/proizvod\/majica-crna-zlatno-doba\/\" \/>\n<meta property=\"og:locale\" content=\"en_GB\" \/>\n<meta property=\"og:type\" content=\"article\" \/>\n<meta property=\"og:title\" content=\"Majica crna - Zlatno doba - Zlatno Doba\" \/>\n<meta property=\"og:description\" content=\"&nbsp;  Zlatno doba je pojam koji ima duboku simboliku i zna\u010daj u mnogim kulturama, filozofijama i istorijskim periodima.  Obi\u010dno ozna\u010dava idealizovani period u pro\u0161losti ili viziju savr\u0161enstva u budu\u0107nosti, kada su dru\u0161tva, ljudi ili civilizacije dostigle najve\u0107i mogu\u0107i napredak u razli\u010ditim oblastima: u umetnosti, nauci, filozofiji, moralnosti i harmoniji.  Simbolika &quot;Zlatnog doba&quot; Savr\u0161enstvo i harmonija\" \/>\n<meta property=\"og:url\" content=\"https:\/\/zlatnodoba.org\/en\/proizvod\/majica-crna-zlatno-doba\/\" \/>\n<meta property=\"og:site_name\" content=\"Zlatno Doba\" \/>\n<meta property=\"article:modified_time\" content=\"2025-02-15T19:25:02+00:00\" \/>\n<meta property=\"og:image\" content=\"https:\/\/zlatnodoba.org\/wp-content\/uploads\/2024\/11\/Zlatno-doba-Dve-crne-majice-par-LOGO-JPG.jpg\" \/>\n\t<meta property=\"og:image:width\" content=\"1390\" \/>\n\t<meta property=\"og:image:height\" content=\"1578\" \/>\n\t<meta property=\"og:image:type\" content=\"image\/jpeg\" \/>\n<meta name=\"twitter:card\" content=\"summary_large_image\" \/>\n<meta name=\"twitter:label1\" content=\"Estimated reading time\" \/>\n\t<meta name=\"twitter:data1\" content=\"4 minutes\" \/>\n<script type=\"application\/ld+json\" class=\"yoast-schema-graph\">{\"@context\":\"https:\/\/schema.org\",\"@graph\":[{\"@type\":\"WebPage\",\"@id\":\"https:\/\/zlatnodoba.org\/proizvod\/majica-crna-zlatno-doba\/\",\"url\":\"https:\/\/zlatnodoba.org\/proizvod\/majica-crna-zlatno-doba\/\",\"name\":\"Majica crna - Zlatno doba - Zlatno Doba\",\"isPartOf\":{\"@id\":\"https:\/\/zlatnodoba.org\/#website\"},\"primaryImageOfPage\":{\"@id\":\"https:\/\/zlatnodoba.org\/proizvod\/majica-crna-zlatno-doba\/#primaryimage\"},\"image\":{\"@id\":\"https:\/\/zlatnodoba.org\/proizvod\/majica-crna-zlatno-doba\/#primaryimage\"},\"thumbnailUrl\":\"https:\/\/zlatnodoba.org\/wp-content\/uploads\/2024\/11\/Zlatno-doba-Dve-crne-majice-par-LOGO-JPG.jpg\",\"datePublished\":\"2024-11-15T19:07:42+00:00\",\"dateModified\":\"2025-02-15T19:25:02+00:00\",\"breadcrumb\":{\"@id\":\"https:\/\/zlatnodoba.org\/proizvod\/majica-crna-zlatno-doba\/#breadcrumb\"},\"inLanguage\":\"en-GB\",\"potentialAction\":[{\"@type\":\"ReadAction\",\"target\":[\"https:\/\/zlatnodoba.org\/proizvod\/majica-crna-zlatno-doba\/\"]}]},{\"@type\":\"ImageObject\",\"inLanguage\":\"en-GB\",\"@id\":\"https:\/\/zlatnodoba.org\/proizvod\/majica-crna-zlatno-doba\/#primaryimage\",\"url\":\"https:\/\/zlatnodoba.org\/wp-content\/uploads\/2024\/11\/Zlatno-doba-Dve-crne-majice-par-LOGO-JPG.jpg\",\"contentUrl\":\"https:\/\/zlatnodoba.org\/wp-content\/uploads\/2024\/11\/Zlatno-doba-Dve-crne-majice-par-LOGO-JPG.jpg\",\"width\":1390,\"height\":1578},{\"@type\":\"BreadcrumbList\",\"@id\":\"https:\/\/zlatnodoba.org\/proizvod\/majica-crna-zlatno-doba\/#breadcrumb\",\"itemListElement\":[{\"@type\":\"ListItem\",\"position\":1,\"name\":\"Home\",\"item\":\"https:\/\/zlatnodoba.org\/\"},{\"@type\":\"ListItem\",\"position\":2,\"name\":\"Shop\",\"item\":\"https:\/\/zlatnodoba.org\/shop\/\"},{\"@type\":\"ListItem\",\"position\":3,\"name\":\"Majica crna &#8211; Zlatno doba\"}]},{\"@type\":\"WebSite\",\"@id\":\"https:\/\/zlatnodoba.org\/#website\",\"url\":\"https:\/\/zlatnodoba.org\/\",\"name\":\"Zlatno Doba\",\"description\":\"\",\"potentialAction\":[{\"@type\":\"SearchAction\",\"target\":{\"@type\":\"EntryPoint\",\"urlTemplate\":\"https:\/\/zlatnodoba.org\/?s={search_term_string}\"},\"query-input\":{\"@type\":\"PropertyValueSpecification\",\"valueRequired\":true,\"valueName\":\"search_term_string\"}}],\"inLanguage\":\"en-GB\"}]}<\/script>\n<!-- \/ Yoast SEO plugin. -->","yoast_head_json":{"title":"Majica crna - Zlatno doba - Zlatno Doba","robots":{"index":"index","follow":"follow","max-snippet":"max-snippet:-1","max-image-preview":"max-image-preview:large","max-video-preview":"max-video-preview:-1"},"canonical":"https:\/\/zlatnodoba.org\/en\/proizvod\/majica-crna-zlatno-doba\/","og_locale":"en_GB","og_type":"article","og_title":"Majica crna - Zlatno doba - Zlatno Doba","og_description":"&nbsp;  Zlatno doba je pojam koji ima duboku simboliku i zna\u010daj u mnogim kulturama, filozofijama i istorijskim periodima.  Obi\u010dno ozna\u010dava idealizovani period u pro\u0161losti ili viziju savr\u0161enstva u budu\u0107nosti, kada su dru\u0161tva, ljudi ili civilizacije dostigle najve\u0107i mogu\u0107i napredak u razli\u010ditim oblastima: u umetnosti, nauci, filozofiji, moralnosti i harmoniji.  Simbolika \"Zlatnog doba\" Savr\u0161enstvo i harmonija","og_url":"https:\/\/zlatnodoba.org\/en\/proizvod\/majica-crna-zlatno-doba\/","og_site_name":"Zlatno Doba","article_modified_time":"2025-02-15T19:25:02+00:00","og_image":[{"width":1390,"height":1578,"url":"https:\/\/zlatnodoba.org\/wp-content\/uploads\/2024\/11\/Zlatno-doba-Dve-crne-majice-par-LOGO-JPG.jpg","type":"image\/jpeg"}],"twitter_card":"summary_large_image","twitter_misc":{"Estimated reading time":"4 minutes"},"schema":{"@context":"https:\/\/schema.org","@graph":[{"@type":"WebPage","@id":"https:\/\/zlatnodoba.org\/proizvod\/majica-crna-zlatno-doba\/","url":"https:\/\/zlatnodoba.org\/proizvod\/majica-crna-zlatno-doba\/","name":"Majica crna - Zlatno doba - Zlatno Doba","isPartOf":{"@id":"https:\/\/zlatnodoba.org\/#website"},"primaryImageOfPage":{"@id":"https:\/\/zlatnodoba.org\/proizvod\/majica-crna-zlatno-doba\/#primaryimage"},"image":{"@id":"https:\/\/zlatnodoba.org\/proizvod\/majica-crna-zlatno-doba\/#primaryimage"},"thumbnailUrl":"https:\/\/zlatnodoba.org\/wp-content\/uploads\/2024\/11\/Zlatno-doba-Dve-crne-majice-par-LOGO-JPG.jpg","datePublished":"2024-11-15T19:07:42+00:00","dateModified":"2025-02-15T19:25:02+00:00","breadcrumb":{"@id":"https:\/\/zlatnodoba.org\/proizvod\/majica-crna-zlatno-doba\/#breadcrumb"},"inLanguage":"en-GB","potentialAction":[{"@type":"ReadAction","target":["https:\/\/zlatnodoba.org\/proizvod\/majica-crna-zlatno-doba\/"]}]},{"@type":"ImageObject","inLanguage":"en-GB","@id":"https:\/\/zlatnodoba.org\/proizvod\/majica-crna-zlatno-doba\/#primaryimage","url":"https:\/\/zlatnodoba.org\/wp-content\/uploads\/2024\/11\/Zlatno-doba-Dve-crne-majice-par-LOGO-JPG.jpg","contentUrl":"https:\/\/zlatnodoba.org\/wp-content\/uploads\/2024\/11\/Zlatno-doba-Dve-crne-majice-par-LOGO-JPG.jpg","width":1390,"height":1578},{"@type":"BreadcrumbList","@id":"https:\/\/zlatnodoba.org\/proizvod\/majica-crna-zlatno-doba\/#breadcrumb","itemListElement":[{"@type":"ListItem","position":1,"name":"Home","item":"https:\/\/zlatnodoba.org\/"},{"@type":"ListItem","position":2,"name":"Shop","item":"https:\/\/zlatnodoba.org\/shop\/"},{"@type":"ListItem","position":3,"name":"Majica crna &#8211; Zlatno doba"}]},{"@type":"WebSite","@id":"https:\/\/zlatnodoba.org\/#website","url":"https:\/\/zlatnodoba.org\/","name":"Zlatno Doba","description":"","potentialAction":[{"@type":"SearchAction","target":{"@type":"EntryPoint","urlTemplate":"https:\/\/zlatnodoba.org\/?s={search_term_string}"},"query-input":{"@type":"PropertyValueSpecification","valueRequired":true,"valueName":"search_term_string"}}],"inLanguage":"en-GB"}]}},"_links":{"self":[{"href":"https:\/\/zlatnodoba.org\/en\/wp-json\/wp\/v2\/product\/2762","targetHints":{"allow":["GET"]}}],"collection":[{"href":"https:\/\/zlatnodoba.org\/en\/wp-json\/wp\/v2\/product"}],"about":[{"href":"https:\/\/zlatnodoba.org\/en\/wp-json\/wp\/v2\/types\/product"}],"version-history":[{"count":2,"href":"https:\/\/zlatnodoba.org\/en\/wp-json\/wp\/v2\/product\/2762\/revisions"}],"predecessor-version":[{"id":5176,"href":"https:\/\/zlatnodoba.org\/en\/wp-json\/wp\/v2\/product\/2762\/revisions\/5176"}],"wp:featuredmedia":[{"embeddable":true,"href":"https:\/\/zlatnodoba.org\/en\/wp-json\/wp\/v2\/media\/2464"}],"wp:attachment":[{"href":"https:\/\/zlatnodoba.org\/en\/wp-json\/wp\/v2\/media?parent=2762"}],"wp:term":[{"taxonomy":"product_brand","embeddable":true,"href":"https:\/\/zlatnodoba.org\/en\/wp-json\/wp\/v2\/product_brand?post=2762"},{"taxonomy":"product_cat","embeddable":true,"href":"https:\/\/zlatnodoba.org\/en\/wp-json\/wp\/v2\/product_cat?post=2762"},{"taxonomy":"product_tag","embeddable":true,"href":"https:\/\/zlatnodoba.org\/en\/wp-json\/wp\/v2\/product_tag?post=2762"}],"curies":[{"name":"wp","href":"https:\/\/api.w.org\/{rel}","templated":true}]}}