{"id":2559,"date":"2024-11-10T15:24:45","date_gmt":"2024-11-10T15:24:45","guid":{"rendered":"https:\/\/zlatnodoba.org\/?post_type=product&#038;p=2559"},"modified":"2025-02-15T19:25:17","modified_gmt":"2025-02-15T19:25:17","slug":"majica-nole-dobra","status":"publish","type":"product","link":"https:\/\/zlatnodoba.org\/en\/proizvod\/majica-nole-dobra\/","title":{"rendered":"Majica &#8211; Nole DOBRA"},"content":{"rendered":"<p style=\"padding-left: 80px;\">Ali, osim \u0161to je vrhunski sportista, <strong>Nole je i Srbin pre svega<\/strong>, koji je ponosno nosio svoju zemlju na svakom koraku svog uspeha, postavljaju\u0107i mostove izme\u0111u naroda i inspirisaju\u0107i generacije \u0161irom sveta.<\/p>\n<p style=\"padding-left: 80px;\">Pojam <strong>&#8222;Dobra!&#8220;<\/strong> u tenisu, kad god loptica pogodi ta\u010dno u teren i donese poen, postao je sinonim za besprijekornu preciznost i potpunu kontrolu.<\/p>\n<p style=\"padding-left: 80px;\">Tako je i Novak \u0110okovi\u0107 \u2013 svaka njegova lopta, svaki njegov udarac, svaki poen je &#8222;dobra!&#8220; jer je uvek malo bolji, malo precizniji i nepobediviji.<\/p>\n<p style=\"padding-left: 80px;\"><strong>Spojiti &#8222;Nole&#8220; i &#8222;Dobra!&#8220;<\/strong> zna\u010di stvoriti simbol vrhunske posve\u0107enosti, majstorstva i neverovatne preciznosti koja se vidi u svakom njegovom udarcu, svakom pokretu na terenu.<\/p>\n<p style=\"padding-left: 80px;\">Na ovoj majici, ti pojmovi nisu samo re\u010di \u2013 oni predstavljaju trijumf duha i fizi\u010dke snage, nevjerojatnu predanost svakom trenutku, svakom me\u010du, svakom poenu.<\/p>\n<p style=\"padding-left: 80px;\">Tako, kao Novak, u \u017eivotu i sportu, svaki tvoj udarac mo\u017ee biti &#8222;Dobra!&#8220;, a svaki trenutak tvoje borbe mo\u017ee doneti pobedu.<\/p>\n<p style=\"padding-left: 80px;\">Ova majica nosi u sebi poruku da je snaga u preciznosti, usponi u posve\u0107enosti i pobedni\u010dka strast u svakom pokretu.<\/p>","protected":false},"excerpt":{"rendered":"<p>&nbsp;<\/p>\n<p>Nole je simbol najve\u0107e strasti, posve\u0107enosti i izuzetnosti u svetu sporta, naro\u010dito u tenisu.<\/p>\n<p><strong>Novak \u0110okovi\u0107<\/strong>, najbolji teniser svih vremena, svojim nevjerovatnim usponima i rekordima postavio je standarde koji su neo\u010dekivano podigli granice mogu\u0107nosti u sportu<\/p>","protected":false},"featured_media":2467,"template":"","meta":{"_acf_changed":false,"_hpay_column_layout":"0","_hpay_name_price":"0","pmpro_default_level":""},"product_brand":[],"product_cat":[81],"product_tag":[],"class_list":{"0":"post-2559","1":"product","2":"type-product","3":"status-publish","4":"has-post-thumbnail","6":"product_cat-majice","7":"pmpro-has-access","9":"first","10":"instock","11":"taxable","12":"shipping-taxable","13":"purchasable","14":"product-type-variable"},"acf":[],"yoast_head":"<!-- This site is optimized with the Yoast SEO plugin v27.1 - https:\/\/yoast.com\/product\/yoast-seo-wordpress\/ -->\n<title>Majica - Nole DOBRA - Zlatno Doba<\/title>\n<meta name=\"robots\" content=\"index, follow, max-snippet:-1, max-image-preview:large, max-video-preview:-1\" \/>\n<link rel=\"canonical\" href=\"https:\/\/zlatnodoba.org\/en\/proizvod\/majica-nole-dobra\/\" \/>\n<meta property=\"og:locale\" content=\"en_GB\" \/>\n<meta property=\"og:type\" content=\"article\" \/>\n<meta property=\"og:title\" content=\"Majica - Nole DOBRA - Zlatno Doba\" \/>\n<meta property=\"og:description\" content=\"&nbsp;  Nole je simbol najve\u0107e strasti, posve\u0107enosti i izuzetnosti u svetu sporta, naro\u010dito u tenisu.  Novak \u0110okovi\u0107, najbolji teniser svih vremena, svojim nevjerovatnim usponima i rekordima postavio je standarde koji su neo\u010dekivano podigli granice mogu\u0107nosti u sportu\" \/>\n<meta property=\"og:url\" content=\"https:\/\/zlatnodoba.org\/en\/proizvod\/majica-nole-dobra\/\" \/>\n<meta property=\"og:site_name\" content=\"Zlatno Doba\" \/>\n<meta property=\"article:modified_time\" content=\"2025-02-15T19:25:17+00:00\" \/>\n<meta property=\"og:image\" content=\"https:\/\/zlatnodoba.org\/wp-content\/uploads\/2024\/11\/Majica-no1.jpg\" \/>\n\t<meta property=\"og:image:width\" content=\"1848\" \/>\n\t<meta property=\"og:image:height\" content=\"1232\" \/>\n\t<meta property=\"og:image:type\" content=\"image\/jpeg\" \/>\n<meta name=\"twitter:card\" content=\"summary_large_image\" \/>\n<meta name=\"twitter:label1\" content=\"Estimated reading time\" \/>\n\t<meta name=\"twitter:data1\" content=\"2 minutes\" \/>\n<script type=\"application\/ld+json\" class=\"yoast-schema-graph\">{\"@context\":\"https:\/\/schema.org\",\"@graph\":[{\"@type\":\"WebPage\",\"@id\":\"https:\/\/zlatnodoba.org\/proizvod\/majica-nole-dobra\/\",\"url\":\"https:\/\/zlatnodoba.org\/proizvod\/majica-nole-dobra\/\",\"name\":\"Majica - Nole DOBRA - Zlatno Doba\",\"isPartOf\":{\"@id\":\"https:\/\/zlatnodoba.org\/#website\"},\"primaryImageOfPage\":{\"@id\":\"https:\/\/zlatnodoba.org\/proizvod\/majica-nole-dobra\/#primaryimage\"},\"image\":{\"@id\":\"https:\/\/zlatnodoba.org\/proizvod\/majica-nole-dobra\/#primaryimage\"},\"thumbnailUrl\":\"https:\/\/zlatnodoba.org\/wp-content\/uploads\/2024\/11\/Majica-no1.jpg\",\"datePublished\":\"2024-11-10T15:24:45+00:00\",\"dateModified\":\"2025-02-15T19:25:17+00:00\",\"breadcrumb\":{\"@id\":\"https:\/\/zlatnodoba.org\/proizvod\/majica-nole-dobra\/#breadcrumb\"},\"inLanguage\":\"en-GB\",\"potentialAction\":[{\"@type\":\"ReadAction\",\"target\":[\"https:\/\/zlatnodoba.org\/proizvod\/majica-nole-dobra\/\"]}]},{\"@type\":\"ImageObject\",\"inLanguage\":\"en-GB\",\"@id\":\"https:\/\/zlatnodoba.org\/proizvod\/majica-nole-dobra\/#primaryimage\",\"url\":\"https:\/\/zlatnodoba.org\/wp-content\/uploads\/2024\/11\/Majica-no1.jpg\",\"contentUrl\":\"https:\/\/zlatnodoba.org\/wp-content\/uploads\/2024\/11\/Majica-no1.jpg\",\"width\":1848,\"height\":1232},{\"@type\":\"BreadcrumbList\",\"@id\":\"https:\/\/zlatnodoba.org\/proizvod\/majica-nole-dobra\/#breadcrumb\",\"itemListElement\":[{\"@type\":\"ListItem\",\"position\":1,\"name\":\"Home\",\"item\":\"https:\/\/zlatnodoba.org\/\"},{\"@type\":\"ListItem\",\"position\":2,\"name\":\"Shop\",\"item\":\"https:\/\/zlatnodoba.org\/shop\/\"},{\"@type\":\"ListItem\",\"position\":3,\"name\":\"Majica &#8211; Nole DOBRA\"}]},{\"@type\":\"WebSite\",\"@id\":\"https:\/\/zlatnodoba.org\/#website\",\"url\":\"https:\/\/zlatnodoba.org\/\",\"name\":\"Zlatno Doba\",\"description\":\"\",\"potentialAction\":[{\"@type\":\"SearchAction\",\"target\":{\"@type\":\"EntryPoint\",\"urlTemplate\":\"https:\/\/zlatnodoba.org\/?s={search_term_string}\"},\"query-input\":{\"@type\":\"PropertyValueSpecification\",\"valueRequired\":true,\"valueName\":\"search_term_string\"}}],\"inLanguage\":\"en-GB\"}]}<\/script>\n<!-- \/ Yoast SEO plugin. -->","yoast_head_json":{"title":"Majica - Nole DOBRA - Zlatno Doba","robots":{"index":"index","follow":"follow","max-snippet":"max-snippet:-1","max-image-preview":"max-image-preview:large","max-video-preview":"max-video-preview:-1"},"canonical":"https:\/\/zlatnodoba.org\/en\/proizvod\/majica-nole-dobra\/","og_locale":"en_GB","og_type":"article","og_title":"Majica - Nole DOBRA - Zlatno Doba","og_description":"&nbsp;  Nole je simbol najve\u0107e strasti, posve\u0107enosti i izuzetnosti u svetu sporta, naro\u010dito u tenisu.  Novak \u0110okovi\u0107, najbolji teniser svih vremena, svojim nevjerovatnim usponima i rekordima postavio je standarde koji su neo\u010dekivano podigli granice mogu\u0107nosti u sportu","og_url":"https:\/\/zlatnodoba.org\/en\/proizvod\/majica-nole-dobra\/","og_site_name":"Zlatno Doba","article_modified_time":"2025-02-15T19:25:17+00:00","og_image":[{"width":1848,"height":1232,"url":"https:\/\/zlatnodoba.org\/wp-content\/uploads\/2024\/11\/Majica-no1.jpg","type":"image\/jpeg"}],"twitter_card":"summary_large_image","twitter_misc":{"Estimated reading time":"2 minutes"},"schema":{"@context":"https:\/\/schema.org","@graph":[{"@type":"WebPage","@id":"https:\/\/zlatnodoba.org\/proizvod\/majica-nole-dobra\/","url":"https:\/\/zlatnodoba.org\/proizvod\/majica-nole-dobra\/","name":"Majica - Nole DOBRA - Zlatno Doba","isPartOf":{"@id":"https:\/\/zlatnodoba.org\/#website"},"primaryImageOfPage":{"@id":"https:\/\/zlatnodoba.org\/proizvod\/majica-nole-dobra\/#primaryimage"},"image":{"@id":"https:\/\/zlatnodoba.org\/proizvod\/majica-nole-dobra\/#primaryimage"},"thumbnailUrl":"https:\/\/zlatnodoba.org\/wp-content\/uploads\/2024\/11\/Majica-no1.jpg","datePublished":"2024-11-10T15:24:45+00:00","dateModified":"2025-02-15T19:25:17+00:00","breadcrumb":{"@id":"https:\/\/zlatnodoba.org\/proizvod\/majica-nole-dobra\/#breadcrumb"},"inLanguage":"en-GB","potentialAction":[{"@type":"ReadAction","target":["https:\/\/zlatnodoba.org\/proizvod\/majica-nole-dobra\/"]}]},{"@type":"ImageObject","inLanguage":"en-GB","@id":"https:\/\/zlatnodoba.org\/proizvod\/majica-nole-dobra\/#primaryimage","url":"https:\/\/zlatnodoba.org\/wp-content\/uploads\/2024\/11\/Majica-no1.jpg","contentUrl":"https:\/\/zlatnodoba.org\/wp-content\/uploads\/2024\/11\/Majica-no1.jpg","width":1848,"height":1232},{"@type":"BreadcrumbList","@id":"https:\/\/zlatnodoba.org\/proizvod\/majica-nole-dobra\/#breadcrumb","itemListElement":[{"@type":"ListItem","position":1,"name":"Home","item":"https:\/\/zlatnodoba.org\/"},{"@type":"ListItem","position":2,"name":"Shop","item":"https:\/\/zlatnodoba.org\/shop\/"},{"@type":"ListItem","position":3,"name":"Majica &#8211; Nole DOBRA"}]},{"@type":"WebSite","@id":"https:\/\/zlatnodoba.org\/#website","url":"https:\/\/zlatnodoba.org\/","name":"Zlatno Doba","description":"","potentialAction":[{"@type":"SearchAction","target":{"@type":"EntryPoint","urlTemplate":"https:\/\/zlatnodoba.org\/?s={search_term_string}"},"query-input":{"@type":"PropertyValueSpecification","valueRequired":true,"valueName":"search_term_string"}}],"inLanguage":"en-GB"}]}},"_links":{"self":[{"href":"https:\/\/zlatnodoba.org\/en\/wp-json\/wp\/v2\/product\/2559","targetHints":{"allow":["GET"]}}],"collection":[{"href":"https:\/\/zlatnodoba.org\/en\/wp-json\/wp\/v2\/product"}],"about":[{"href":"https:\/\/zlatnodoba.org\/en\/wp-json\/wp\/v2\/types\/product"}],"version-history":[{"count":3,"href":"https:\/\/zlatnodoba.org\/en\/wp-json\/wp\/v2\/product\/2559\/revisions"}],"predecessor-version":[{"id":5177,"href":"https:\/\/zlatnodoba.org\/en\/wp-json\/wp\/v2\/product\/2559\/revisions\/5177"}],"wp:featuredmedia":[{"embeddable":true,"href":"https:\/\/zlatnodoba.org\/en\/wp-json\/wp\/v2\/media\/2467"}],"wp:attachment":[{"href":"https:\/\/zlatnodoba.org\/en\/wp-json\/wp\/v2\/media?parent=2559"}],"wp:term":[{"taxonomy":"product_brand","embeddable":true,"href":"https:\/\/zlatnodoba.org\/en\/wp-json\/wp\/v2\/product_brand?post=2559"},{"taxonomy":"product_cat","embeddable":true,"href":"https:\/\/zlatnodoba.org\/en\/wp-json\/wp\/v2\/product_cat?post=2559"},{"taxonomy":"product_tag","embeddable":true,"href":"https:\/\/zlatnodoba.org\/en\/wp-json\/wp\/v2\/product_tag?post=2559"}],"curies":[{"name":"wp","href":"https:\/\/api.w.org\/{rel}","templated":true}]}}