{"id":2549,"date":"2024-11-10T15:23:27","date_gmt":"2024-11-10T15:23:27","guid":{"rendered":"https:\/\/zlatnodoba.org\/?post_type=product&#038;p=2549"},"modified":"2025-02-15T19:25:27","modified_gmt":"2025-02-15T19:25:27","slug":"muska-majica-dijamant","status":"publish","type":"product","link":"https:\/\/zlatnodoba.org\/en\/proizvod\/muska-majica-dijamant\/","title":{"rendered":"Mu\u0161ka majica &#8211; Dijamant"},"content":{"rendered":"","protected":false},"excerpt":{"rendered":"<p>&nbsp;<\/p>\n<p><strong>Dijamant<\/strong>, kao simbol, predstavlja <strong>snagu, nepomi\u010dnost, pro\u010di\u0161\u0107enje, savr\u0161enstvo i duhovnu svetlost. <\/strong><\/p>\n<p>On je metafora za unutra\u0161nji razvoj i duhovnu evoluciju svakog \u010doveka koji te\u017ei da postigne svoj puni potencijal i postane &#8222;<strong>svetlucaju\u0107i<\/strong>&#8220; u smislu svoje unutra\u0161nje snage i mudrosti.<\/p>\n<p>Kao dijamant, \u010dovek se oblikuje kroz \u017eivotne izazove, a kroz introspekciju i rast on pronalazi svoju pravu prirodu i snagu.<\/p>","protected":false},"featured_media":2466,"template":"","meta":{"_acf_changed":false,"_hpay_column_layout":"0","_hpay_name_price":"0","pmpro_default_level":""},"product_brand":[],"product_cat":[81,82],"product_tag":[],"class_list":{"0":"post-2549","1":"product","2":"type-product","3":"status-publish","4":"has-post-thumbnail","6":"product_cat-majice","7":"product_cat-muske","8":"pmpro-has-access","10":"first","11":"instock","12":"taxable","13":"shipping-taxable","14":"purchasable","15":"product-type-variable"},"acf":[],"yoast_head":"<!-- This site is optimized with the Yoast SEO plugin v27.1 - https:\/\/yoast.com\/product\/yoast-seo-wordpress\/ -->\n<title>Mu\u0161ka majica - Dijamant - Zlatno Doba<\/title>\n<meta name=\"robots\" content=\"index, follow, max-snippet:-1, max-image-preview:large, max-video-preview:-1\" \/>\n<link rel=\"canonical\" href=\"https:\/\/zlatnodoba.org\/en\/proizvod\/muska-majica-dijamant\/\" \/>\n<meta property=\"og:locale\" content=\"en_GB\" \/>\n<meta property=\"og:type\" content=\"article\" \/>\n<meta property=\"og:title\" content=\"Mu\u0161ka majica - Dijamant - Zlatno Doba\" \/>\n<meta property=\"og:description\" content=\"&nbsp;  Dijamant, kao simbol, predstavlja snagu, nepomi\u010dnost, pro\u010di\u0161\u0107enje, savr\u0161enstvo i duhovnu svetlost.   On je metafora za unutra\u0161nji razvoj i duhovnu evoluciju svakog \u010doveka koji te\u017ei da postigne svoj puni potencijal i postane &quot;svetlucaju\u0107i&quot; u smislu svoje unutra\u0161nje snage i mudrosti.  Kao dijamant, \u010dovek se oblikuje kroz \u017eivotne izazove, a kroz introspekciju i rast on pronalazi svoju pravu prirodu i snagu.\" \/>\n<meta property=\"og:url\" content=\"https:\/\/zlatnodoba.org\/en\/proizvod\/muska-majica-dijamant\/\" \/>\n<meta property=\"og:site_name\" content=\"Zlatno Doba\" \/>\n<meta property=\"article:modified_time\" content=\"2025-02-15T19:25:27+00:00\" \/>\n<meta property=\"og:image\" content=\"https:\/\/zlatnodoba.org\/wp-content\/uploads\/2024\/11\/Bela-muska-S-Dijamant.jpg\" \/>\n\t<meta property=\"og:image:width\" content=\"723\" \/>\n\t<meta property=\"og:image:height\" content=\"1000\" \/>\n\t<meta property=\"og:image:type\" content=\"image\/jpeg\" \/>\n<meta name=\"twitter:card\" content=\"summary_large_image\" \/>\n<meta name=\"twitter:label1\" content=\"Estimated reading time\" \/>\n\t<meta name=\"twitter:data1\" content=\"1 minute\" \/>\n<script type=\"application\/ld+json\" class=\"yoast-schema-graph\">{\"@context\":\"https:\/\/schema.org\",\"@graph\":[{\"@type\":\"WebPage\",\"@id\":\"https:\/\/zlatnodoba.org\/proizvod\/muska-majica-dijamant\/\",\"url\":\"https:\/\/zlatnodoba.org\/proizvod\/muska-majica-dijamant\/\",\"name\":\"Mu\u0161ka majica - Dijamant - Zlatno Doba\",\"isPartOf\":{\"@id\":\"https:\/\/zlatnodoba.org\/#website\"},\"primaryImageOfPage\":{\"@id\":\"https:\/\/zlatnodoba.org\/proizvod\/muska-majica-dijamant\/#primaryimage\"},\"image\":{\"@id\":\"https:\/\/zlatnodoba.org\/proizvod\/muska-majica-dijamant\/#primaryimage\"},\"thumbnailUrl\":\"https:\/\/zlatnodoba.org\/wp-content\/uploads\/2024\/11\/Bela-muska-S-Dijamant.jpg\",\"datePublished\":\"2024-11-10T15:23:27+00:00\",\"dateModified\":\"2025-02-15T19:25:27+00:00\",\"breadcrumb\":{\"@id\":\"https:\/\/zlatnodoba.org\/proizvod\/muska-majica-dijamant\/#breadcrumb\"},\"inLanguage\":\"en-GB\",\"potentialAction\":[{\"@type\":\"ReadAction\",\"target\":[\"https:\/\/zlatnodoba.org\/proizvod\/muska-majica-dijamant\/\"]}]},{\"@type\":\"ImageObject\",\"inLanguage\":\"en-GB\",\"@id\":\"https:\/\/zlatnodoba.org\/proizvod\/muska-majica-dijamant\/#primaryimage\",\"url\":\"https:\/\/zlatnodoba.org\/wp-content\/uploads\/2024\/11\/Bela-muska-S-Dijamant.jpg\",\"contentUrl\":\"https:\/\/zlatnodoba.org\/wp-content\/uploads\/2024\/11\/Bela-muska-S-Dijamant.jpg\",\"width\":723,\"height\":1000},{\"@type\":\"BreadcrumbList\",\"@id\":\"https:\/\/zlatnodoba.org\/proizvod\/muska-majica-dijamant\/#breadcrumb\",\"itemListElement\":[{\"@type\":\"ListItem\",\"position\":1,\"name\":\"Home\",\"item\":\"https:\/\/zlatnodoba.org\/\"},{\"@type\":\"ListItem\",\"position\":2,\"name\":\"Shop\",\"item\":\"https:\/\/zlatnodoba.org\/shop\/\"},{\"@type\":\"ListItem\",\"position\":3,\"name\":\"Mu\u0161ka majica &#8211; Dijamant\"}]},{\"@type\":\"WebSite\",\"@id\":\"https:\/\/zlatnodoba.org\/#website\",\"url\":\"https:\/\/zlatnodoba.org\/\",\"name\":\"Zlatno Doba\",\"description\":\"\",\"potentialAction\":[{\"@type\":\"SearchAction\",\"target\":{\"@type\":\"EntryPoint\",\"urlTemplate\":\"https:\/\/zlatnodoba.org\/?s={search_term_string}\"},\"query-input\":{\"@type\":\"PropertyValueSpecification\",\"valueRequired\":true,\"valueName\":\"search_term_string\"}}],\"inLanguage\":\"en-GB\"}]}<\/script>\n<!-- \/ Yoast SEO plugin. -->","yoast_head_json":{"title":"Mu\u0161ka majica - Dijamant - Zlatno Doba","robots":{"index":"index","follow":"follow","max-snippet":"max-snippet:-1","max-image-preview":"max-image-preview:large","max-video-preview":"max-video-preview:-1"},"canonical":"https:\/\/zlatnodoba.org\/en\/proizvod\/muska-majica-dijamant\/","og_locale":"en_GB","og_type":"article","og_title":"Mu\u0161ka majica - Dijamant - Zlatno Doba","og_description":"&nbsp;  Dijamant, kao simbol, predstavlja snagu, nepomi\u010dnost, pro\u010di\u0161\u0107enje, savr\u0161enstvo i duhovnu svetlost.   On je metafora za unutra\u0161nji razvoj i duhovnu evoluciju svakog \u010doveka koji te\u017ei da postigne svoj puni potencijal i postane \"svetlucaju\u0107i\" u smislu svoje unutra\u0161nje snage i mudrosti.  Kao dijamant, \u010dovek se oblikuje kroz \u017eivotne izazove, a kroz introspekciju i rast on pronalazi svoju pravu prirodu i snagu.","og_url":"https:\/\/zlatnodoba.org\/en\/proizvod\/muska-majica-dijamant\/","og_site_name":"Zlatno Doba","article_modified_time":"2025-02-15T19:25:27+00:00","og_image":[{"width":723,"height":1000,"url":"https:\/\/zlatnodoba.org\/wp-content\/uploads\/2024\/11\/Bela-muska-S-Dijamant.jpg","type":"image\/jpeg"}],"twitter_card":"summary_large_image","twitter_misc":{"Estimated reading time":"1 minute"},"schema":{"@context":"https:\/\/schema.org","@graph":[{"@type":"WebPage","@id":"https:\/\/zlatnodoba.org\/proizvod\/muska-majica-dijamant\/","url":"https:\/\/zlatnodoba.org\/proizvod\/muska-majica-dijamant\/","name":"Mu\u0161ka majica - Dijamant - Zlatno Doba","isPartOf":{"@id":"https:\/\/zlatnodoba.org\/#website"},"primaryImageOfPage":{"@id":"https:\/\/zlatnodoba.org\/proizvod\/muska-majica-dijamant\/#primaryimage"},"image":{"@id":"https:\/\/zlatnodoba.org\/proizvod\/muska-majica-dijamant\/#primaryimage"},"thumbnailUrl":"https:\/\/zlatnodoba.org\/wp-content\/uploads\/2024\/11\/Bela-muska-S-Dijamant.jpg","datePublished":"2024-11-10T15:23:27+00:00","dateModified":"2025-02-15T19:25:27+00:00","breadcrumb":{"@id":"https:\/\/zlatnodoba.org\/proizvod\/muska-majica-dijamant\/#breadcrumb"},"inLanguage":"en-GB","potentialAction":[{"@type":"ReadAction","target":["https:\/\/zlatnodoba.org\/proizvod\/muska-majica-dijamant\/"]}]},{"@type":"ImageObject","inLanguage":"en-GB","@id":"https:\/\/zlatnodoba.org\/proizvod\/muska-majica-dijamant\/#primaryimage","url":"https:\/\/zlatnodoba.org\/wp-content\/uploads\/2024\/11\/Bela-muska-S-Dijamant.jpg","contentUrl":"https:\/\/zlatnodoba.org\/wp-content\/uploads\/2024\/11\/Bela-muska-S-Dijamant.jpg","width":723,"height":1000},{"@type":"BreadcrumbList","@id":"https:\/\/zlatnodoba.org\/proizvod\/muska-majica-dijamant\/#breadcrumb","itemListElement":[{"@type":"ListItem","position":1,"name":"Home","item":"https:\/\/zlatnodoba.org\/"},{"@type":"ListItem","position":2,"name":"Shop","item":"https:\/\/zlatnodoba.org\/shop\/"},{"@type":"ListItem","position":3,"name":"Mu\u0161ka majica &#8211; Dijamant"}]},{"@type":"WebSite","@id":"https:\/\/zlatnodoba.org\/#website","url":"https:\/\/zlatnodoba.org\/","name":"Zlatno Doba","description":"","potentialAction":[{"@type":"SearchAction","target":{"@type":"EntryPoint","urlTemplate":"https:\/\/zlatnodoba.org\/?s={search_term_string}"},"query-input":{"@type":"PropertyValueSpecification","valueRequired":true,"valueName":"search_term_string"}}],"inLanguage":"en-GB"}]}},"_links":{"self":[{"href":"https:\/\/zlatnodoba.org\/en\/wp-json\/wp\/v2\/product\/2549","targetHints":{"allow":["GET"]}}],"collection":[{"href":"https:\/\/zlatnodoba.org\/en\/wp-json\/wp\/v2\/product"}],"about":[{"href":"https:\/\/zlatnodoba.org\/en\/wp-json\/wp\/v2\/types\/product"}],"version-history":[{"count":2,"href":"https:\/\/zlatnodoba.org\/en\/wp-json\/wp\/v2\/product\/2549\/revisions"}],"predecessor-version":[{"id":3009,"href":"https:\/\/zlatnodoba.org\/en\/wp-json\/wp\/v2\/product\/2549\/revisions\/3009"}],"wp:featuredmedia":[{"embeddable":true,"href":"https:\/\/zlatnodoba.org\/en\/wp-json\/wp\/v2\/media\/2466"}],"wp:attachment":[{"href":"https:\/\/zlatnodoba.org\/en\/wp-json\/wp\/v2\/media?parent=2549"}],"wp:term":[{"taxonomy":"product_brand","embeddable":true,"href":"https:\/\/zlatnodoba.org\/en\/wp-json\/wp\/v2\/product_brand?post=2549"},{"taxonomy":"product_cat","embeddable":true,"href":"https:\/\/zlatnodoba.org\/en\/wp-json\/wp\/v2\/product_cat?post=2549"},{"taxonomy":"product_tag","embeddable":true,"href":"https:\/\/zlatnodoba.org\/en\/wp-json\/wp\/v2\/product_tag?post=2549"}],"curies":[{"name":"wp","href":"https:\/\/api.w.org\/{rel}","templated":true}]}}