{"id":2544,"date":"2024-11-10T15:22:21","date_gmt":"2024-11-10T15:22:21","guid":{"rendered":"https:\/\/zlatnodoba.org\/?post_type=product&#038;p=2544"},"modified":"2025-02-15T19:25:33","modified_gmt":"2025-02-15T19:25:33","slug":"muska-majica-nikola-tesla-munja","status":"publish","type":"product","link":"https:\/\/zlatnodoba.org\/en\/proizvod\/muska-majica-nikola-tesla-munja\/","title":{"rendered":"Mu\u0161ka majica &#8211; Nikola Tesla munja"},"content":{"rendered":"<p style=\"padding-left: 80px;\">Nikola Tesla je bio genijalni izumitelj i nau\u010dnik, \u010diji su radovi u oblasti elektri\u010dne energije i magnetizma zauzeli centralno mesto u oblikovanju savremenog sveta.<\/p>\n<p style=\"padding-left: 80px;\">Jedan od njegovih najpoznatijih izuma, sistem naizmeni\u010dne struje (AC), omogu\u0107io je masovnu elektrifikaciju sveta i kori\u0161\u0107enje elektri\u010dne energije na na\u010din koji je pre\u0161ao granice ma\u0161tovitosti 19. veka.<\/p>\n<p style=\"padding-left: 80px;\">Tesla je bio fasciniran prirodnim pojavama, a me\u0111u najimpresivnijim i najuzbudljivijim za njega bile su munje\u2014elektri\u010dni fenomeni koji su ga inspirisali da istra\u017euje prirodu i mogu\u0107nosti prenosa energije.<\/p>\n<p style=\"padding-left: 80px;\">Njegov Tesla transformator i Teslina zavojnica bile su klju\u010dne inovacije koje su omogu\u0107ile generisanje visokonaponskih elektri\u010dnih udara, koji su podse\u0107ali na munje, a istovremeno bile osnova za mnoge budu\u0107e tehnologije.<\/p>\n<p style=\"padding-left: 80px;\">Teslina fascinacija munjama kao prirodnim izvorima energije oblikovala je njegov rad i doprinos nauci, jer je video elektricitet kao mo\u0107nu, nevidljivu energiju koja je u sredi\u0161tu svega u svetu.<\/p>\n<p style=\"padding-left: 80px;\">Nikola Tesla i munje postali su tako povezani simboli za sna\u017enu, neukrotivu energiju koja ima sposobnost da stvori revoluciju.<\/p>\n<p style=\"padding-left: 80px;\">Tesla je svojim radom omogu\u0107io da se ideje o prirodnim silama, kao \u0161to je munja, pretvore u konkretne, korisne tehnologije koje oblikuju na\u0161 svakodnevni \u017eivot.<\/p>\n<p style=\"padding-left: 80px;\">Njegov rad je dokaz da se \u010dak i najnevjerojatniji prirodni fenomeni mogu razumeti, kontrolisati i koristiti za napredak \u010dove\u010danstva.<\/p>","protected":false},"excerpt":{"rendered":"<p>&nbsp;<\/p>\n<p><strong>Munje<\/strong>, sa svojim sna\u017enim, prirodnim elektri\u010dnim udarima, bile su <strong>za Teslu<\/strong> <strong>simbol neograni\u010dene sile i dinami\u010dne energije<\/strong>.<\/p>\n<p>On je verovao da je mogu\u0107e manipulisati elektri\u010dnim impulsima u korist \u010dove\u010danstva, koriste\u0107i ih za be\u017ei\u010dni prenos energije i komunikaciju.<\/p>\n<p><strong>Tesla<\/strong> je zami\u0161ljao svet u kojem bi elektricitet, poput munje, mogao da bude prenesen na velike razdaljine, bez \u017eica i ograni\u010denja, omogu\u0107uju\u0107i globalnu elektrifikaciju i besprekorno povezivanje.<\/p>","protected":false},"featured_media":2469,"template":"","meta":{"_acf_changed":false,"_hpay_column_layout":"0","_hpay_name_price":"0","pmpro_default_level":""},"product_brand":[],"product_cat":[81,82],"product_tag":[],"class_list":{"0":"post-2544","1":"product","2":"type-product","3":"status-publish","4":"has-post-thumbnail","6":"product_cat-majice","7":"product_cat-muske","8":"pmpro-has-access","10":"first","11":"instock","12":"taxable","13":"shipping-taxable","14":"purchasable","15":"product-type-variable"},"acf":[],"yoast_head":"<!-- This site is optimized with the Yoast SEO plugin v27.1 - https:\/\/yoast.com\/product\/yoast-seo-wordpress\/ -->\n<title>Mu\u0161ka majica - Nikola Tesla munja - Zlatno Doba<\/title>\n<meta name=\"robots\" content=\"index, follow, max-snippet:-1, max-image-preview:large, max-video-preview:-1\" \/>\n<link rel=\"canonical\" href=\"https:\/\/zlatnodoba.org\/en\/proizvod\/muska-majica-nikola-tesla-munja\/\" \/>\n<meta property=\"og:locale\" content=\"en_GB\" \/>\n<meta property=\"og:type\" content=\"article\" \/>\n<meta property=\"og:title\" content=\"Mu\u0161ka majica - Nikola Tesla munja - Zlatno Doba\" \/>\n<meta property=\"og:description\" content=\"&nbsp;  Munje, sa svojim sna\u017enim, prirodnim elektri\u010dnim udarima, bile su za Teslu simbol neograni\u010dene sile i dinami\u010dne energije.  On je verovao da je mogu\u0107e manipulisati elektri\u010dnim impulsima u korist \u010dove\u010danstva, koriste\u0107i ih za be\u017ei\u010dni prenos energije i komunikaciju.  Tesla je zami\u0161ljao svet u kojem bi elektricitet, poput munje, mogao da bude prenesen na velike razdaljine, bez \u017eica i ograni\u010denja, omogu\u0107uju\u0107i globalnu elektrifikaciju i besprekorno povezivanje.\" \/>\n<meta property=\"og:url\" content=\"https:\/\/zlatnodoba.org\/en\/proizvod\/muska-majica-nikola-tesla-munja\/\" \/>\n<meta property=\"og:site_name\" content=\"Zlatno Doba\" \/>\n<meta property=\"article:modified_time\" content=\"2025-02-15T19:25:33+00:00\" \/>\n<meta property=\"og:image\" content=\"https:\/\/zlatnodoba.org\/wp-content\/uploads\/2024\/11\/Nikola-Tesla-White-Pigeon-Light-png2.jpg\" \/>\n\t<meta property=\"og:image:width\" content=\"1463\" \/>\n\t<meta property=\"og:image:height\" content=\"2048\" \/>\n\t<meta property=\"og:image:type\" content=\"image\/jpeg\" \/>\n<meta name=\"twitter:card\" content=\"summary_large_image\" \/>\n<meta name=\"twitter:label1\" content=\"Estimated reading time\" \/>\n\t<meta name=\"twitter:data1\" content=\"2 minutes\" \/>\n<script type=\"application\/ld+json\" class=\"yoast-schema-graph\">{\"@context\":\"https:\/\/schema.org\",\"@graph\":[{\"@type\":\"WebPage\",\"@id\":\"https:\/\/zlatnodoba.org\/proizvod\/muska-majica-nikola-tesla-munja\/\",\"url\":\"https:\/\/zlatnodoba.org\/proizvod\/muska-majica-nikola-tesla-munja\/\",\"name\":\"Mu\u0161ka majica - Nikola Tesla munja - Zlatno Doba\",\"isPartOf\":{\"@id\":\"https:\/\/zlatnodoba.org\/#website\"},\"primaryImageOfPage\":{\"@id\":\"https:\/\/zlatnodoba.org\/proizvod\/muska-majica-nikola-tesla-munja\/#primaryimage\"},\"image\":{\"@id\":\"https:\/\/zlatnodoba.org\/proizvod\/muska-majica-nikola-tesla-munja\/#primaryimage\"},\"thumbnailUrl\":\"https:\/\/zlatnodoba.org\/wp-content\/uploads\/2024\/11\/Nikola-Tesla-White-Pigeon-Light-png2.jpg\",\"datePublished\":\"2024-11-10T15:22:21+00:00\",\"dateModified\":\"2025-02-15T19:25:33+00:00\",\"breadcrumb\":{\"@id\":\"https:\/\/zlatnodoba.org\/proizvod\/muska-majica-nikola-tesla-munja\/#breadcrumb\"},\"inLanguage\":\"en-GB\",\"potentialAction\":[{\"@type\":\"ReadAction\",\"target\":[\"https:\/\/zlatnodoba.org\/proizvod\/muska-majica-nikola-tesla-munja\/\"]}]},{\"@type\":\"ImageObject\",\"inLanguage\":\"en-GB\",\"@id\":\"https:\/\/zlatnodoba.org\/proizvod\/muska-majica-nikola-tesla-munja\/#primaryimage\",\"url\":\"https:\/\/zlatnodoba.org\/wp-content\/uploads\/2024\/11\/Nikola-Tesla-White-Pigeon-Light-png2.jpg\",\"contentUrl\":\"https:\/\/zlatnodoba.org\/wp-content\/uploads\/2024\/11\/Nikola-Tesla-White-Pigeon-Light-png2.jpg\",\"width\":1463,\"height\":2048},{\"@type\":\"BreadcrumbList\",\"@id\":\"https:\/\/zlatnodoba.org\/proizvod\/muska-majica-nikola-tesla-munja\/#breadcrumb\",\"itemListElement\":[{\"@type\":\"ListItem\",\"position\":1,\"name\":\"Home\",\"item\":\"https:\/\/zlatnodoba.org\/\"},{\"@type\":\"ListItem\",\"position\":2,\"name\":\"Shop\",\"item\":\"https:\/\/zlatnodoba.org\/shop\/\"},{\"@type\":\"ListItem\",\"position\":3,\"name\":\"Mu\u0161ka majica &#8211; Nikola Tesla munja\"}]},{\"@type\":\"WebSite\",\"@id\":\"https:\/\/zlatnodoba.org\/#website\",\"url\":\"https:\/\/zlatnodoba.org\/\",\"name\":\"Zlatno Doba\",\"description\":\"\",\"potentialAction\":[{\"@type\":\"SearchAction\",\"target\":{\"@type\":\"EntryPoint\",\"urlTemplate\":\"https:\/\/zlatnodoba.org\/?s={search_term_string}\"},\"query-input\":{\"@type\":\"PropertyValueSpecification\",\"valueRequired\":true,\"valueName\":\"search_term_string\"}}],\"inLanguage\":\"en-GB\"}]}<\/script>\n<!-- \/ Yoast SEO plugin. -->","yoast_head_json":{"title":"Mu\u0161ka majica - Nikola Tesla munja - Zlatno Doba","robots":{"index":"index","follow":"follow","max-snippet":"max-snippet:-1","max-image-preview":"max-image-preview:large","max-video-preview":"max-video-preview:-1"},"canonical":"https:\/\/zlatnodoba.org\/en\/proizvod\/muska-majica-nikola-tesla-munja\/","og_locale":"en_GB","og_type":"article","og_title":"Mu\u0161ka majica - Nikola Tesla munja - Zlatno Doba","og_description":"&nbsp;  Munje, sa svojim sna\u017enim, prirodnim elektri\u010dnim udarima, bile su za Teslu simbol neograni\u010dene sile i dinami\u010dne energije.  On je verovao da je mogu\u0107e manipulisati elektri\u010dnim impulsima u korist \u010dove\u010danstva, koriste\u0107i ih za be\u017ei\u010dni prenos energije i komunikaciju.  Tesla je zami\u0161ljao svet u kojem bi elektricitet, poput munje, mogao da bude prenesen na velike razdaljine, bez \u017eica i ograni\u010denja, omogu\u0107uju\u0107i globalnu elektrifikaciju i besprekorno povezivanje.","og_url":"https:\/\/zlatnodoba.org\/en\/proizvod\/muska-majica-nikola-tesla-munja\/","og_site_name":"Zlatno Doba","article_modified_time":"2025-02-15T19:25:33+00:00","og_image":[{"width":1463,"height":2048,"url":"https:\/\/zlatnodoba.org\/wp-content\/uploads\/2024\/11\/Nikola-Tesla-White-Pigeon-Light-png2.jpg","type":"image\/jpeg"}],"twitter_card":"summary_large_image","twitter_misc":{"Estimated reading time":"2 minutes"},"schema":{"@context":"https:\/\/schema.org","@graph":[{"@type":"WebPage","@id":"https:\/\/zlatnodoba.org\/proizvod\/muska-majica-nikola-tesla-munja\/","url":"https:\/\/zlatnodoba.org\/proizvod\/muska-majica-nikola-tesla-munja\/","name":"Mu\u0161ka majica - Nikola Tesla munja - Zlatno Doba","isPartOf":{"@id":"https:\/\/zlatnodoba.org\/#website"},"primaryImageOfPage":{"@id":"https:\/\/zlatnodoba.org\/proizvod\/muska-majica-nikola-tesla-munja\/#primaryimage"},"image":{"@id":"https:\/\/zlatnodoba.org\/proizvod\/muska-majica-nikola-tesla-munja\/#primaryimage"},"thumbnailUrl":"https:\/\/zlatnodoba.org\/wp-content\/uploads\/2024\/11\/Nikola-Tesla-White-Pigeon-Light-png2.jpg","datePublished":"2024-11-10T15:22:21+00:00","dateModified":"2025-02-15T19:25:33+00:00","breadcrumb":{"@id":"https:\/\/zlatnodoba.org\/proizvod\/muska-majica-nikola-tesla-munja\/#breadcrumb"},"inLanguage":"en-GB","potentialAction":[{"@type":"ReadAction","target":["https:\/\/zlatnodoba.org\/proizvod\/muska-majica-nikola-tesla-munja\/"]}]},{"@type":"ImageObject","inLanguage":"en-GB","@id":"https:\/\/zlatnodoba.org\/proizvod\/muska-majica-nikola-tesla-munja\/#primaryimage","url":"https:\/\/zlatnodoba.org\/wp-content\/uploads\/2024\/11\/Nikola-Tesla-White-Pigeon-Light-png2.jpg","contentUrl":"https:\/\/zlatnodoba.org\/wp-content\/uploads\/2024\/11\/Nikola-Tesla-White-Pigeon-Light-png2.jpg","width":1463,"height":2048},{"@type":"BreadcrumbList","@id":"https:\/\/zlatnodoba.org\/proizvod\/muska-majica-nikola-tesla-munja\/#breadcrumb","itemListElement":[{"@type":"ListItem","position":1,"name":"Home","item":"https:\/\/zlatnodoba.org\/"},{"@type":"ListItem","position":2,"name":"Shop","item":"https:\/\/zlatnodoba.org\/shop\/"},{"@type":"ListItem","position":3,"name":"Mu\u0161ka majica &#8211; Nikola Tesla munja"}]},{"@type":"WebSite","@id":"https:\/\/zlatnodoba.org\/#website","url":"https:\/\/zlatnodoba.org\/","name":"Zlatno Doba","description":"","potentialAction":[{"@type":"SearchAction","target":{"@type":"EntryPoint","urlTemplate":"https:\/\/zlatnodoba.org\/?s={search_term_string}"},"query-input":{"@type":"PropertyValueSpecification","valueRequired":true,"valueName":"search_term_string"}}],"inLanguage":"en-GB"}]}},"_links":{"self":[{"href":"https:\/\/zlatnodoba.org\/en\/wp-json\/wp\/v2\/product\/2544","targetHints":{"allow":["GET"]}}],"collection":[{"href":"https:\/\/zlatnodoba.org\/en\/wp-json\/wp\/v2\/product"}],"about":[{"href":"https:\/\/zlatnodoba.org\/en\/wp-json\/wp\/v2\/types\/product"}],"version-history":[{"count":2,"href":"https:\/\/zlatnodoba.org\/en\/wp-json\/wp\/v2\/product\/2544\/revisions"}],"predecessor-version":[{"id":5179,"href":"https:\/\/zlatnodoba.org\/en\/wp-json\/wp\/v2\/product\/2544\/revisions\/5179"}],"wp:featuredmedia":[{"embeddable":true,"href":"https:\/\/zlatnodoba.org\/en\/wp-json\/wp\/v2\/media\/2469"}],"wp:attachment":[{"href":"https:\/\/zlatnodoba.org\/en\/wp-json\/wp\/v2\/media?parent=2544"}],"wp:term":[{"taxonomy":"product_brand","embeddable":true,"href":"https:\/\/zlatnodoba.org\/en\/wp-json\/wp\/v2\/product_brand?post=2544"},{"taxonomy":"product_cat","embeddable":true,"href":"https:\/\/zlatnodoba.org\/en\/wp-json\/wp\/v2\/product_cat?post=2544"},{"taxonomy":"product_tag","embeddable":true,"href":"https:\/\/zlatnodoba.org\/en\/wp-json\/wp\/v2\/product_tag?post=2544"}],"curies":[{"name":"wp","href":"https:\/\/api.w.org\/{rel}","templated":true}]}}