{"id":2504,"date":"2024-11-10T14:51:48","date_gmt":"2024-11-10T14:51:48","guid":{"rendered":"https:\/\/zlatnodoba.org\/?post_type=product&#038;p=2504"},"modified":"2025-02-15T19:26:11","modified_gmt":"2025-02-15T19:26:11","slug":"nikola-tesla-slova-zenska-majica","status":"publish","type":"product","link":"https:\/\/zlatnodoba.org\/en\/proizvod\/nikola-tesla-slova-zenska-majica\/","title":{"rendered":"Nikola Tesla Slova &#8211; \u017denska majica"},"content":{"rendered":"<p style=\"padding-left: 80px;\">Zlatno doba, \u010desto se koristi kao termin koji ozna\u010dava period u kojem su se postigli najzna\u010dajniji kulturni, umetni\u010dki, politi\u010dki ili nau\u010dni uspesi.<\/p>\n<p style=\"padding-left: 80px;\">Tesla je \u017eiveo u upravo takvom zlatnom dobu nauke krajem 19. i po\u010detkom 20. veka, kada su se mnogi klju\u010dni izumi i inovacije preplitali sa dru\u0161tvenim i industrijskim promenama koje su oblikovale moderni svet.<\/p>\n<p style=\"padding-left: 80px;\">Tesla je bio jedan od klju\u010dnih igra\u010da u ovom periodu, jer su njegovi izumi omogu\u0107ili elektrifikaciju sveta, promenili na\u010din na koji ljudi komuniciraju, a mnogi od njegovih koncepata, kao \u0161to je be\u017ei\u010dni prenos energije, i dalje ostaju inspiracija za budu\u0107e generacije.<\/p>\n<p style=\"padding-left: 80px;\">Ovi pojmovi simbolizuju eru inovacija i otkri\u0107a u kojoj je Tesla bio klju\u010dna figura. Njegova istra\u017eivanja i rad spadaju u zlatno doba nauke, u kojem je nauka ne samo napredovala, ve\u0107 je u\u0161la u period u kojem su se svi njeni temelji postavljali za budu\u0107i napredak.<\/p>\n<p style=\"padding-left: 80px;\">Tesla, kao ikona tog vremena, nastavlja da bude simbol ne samo genijalnosti, ve\u0107 i nade u neograni\u010dene mogu\u0107nosti nauke za dobrobit \u010dove\u010danstva.<\/p>","protected":false},"excerpt":{"rendered":"<p>&nbsp;<\/p>\n<p><strong>Nikola Tesla<\/strong> je bio jedan od najve\u0107ih vizionara i nau\u010dnika svog vremena, \u010diji su izumi postavili temelje za tehnolo\u0161ki napredak koji danas oblikuje na\u0161 svet.<\/p>\n<p>Tesla je bio pionir u oblasti elektri\u010dne energije, poznat po svojim radovima na razvoju sistema naizmeni\u010dne struje (AC), kao i brojnim izumima koji su unapredili industriju, komunikacije i nauku.<\/p>\n<p>Njegova strast za otkrivanjem novih mogu\u0107nosti u svetu tehnologije, u kombinaciji sa njegovim dubokim verovanjima u korist koju nauka mo\u017ee doneti \u010dove\u010danstvu, u\u010dinila ga je figurom koja nije samo promenila svet, ve\u0107 i na\u010din na koji razmi\u0161ljamo o nauci i inovacijama.<\/p>","protected":false},"featured_media":2470,"template":"","meta":{"_acf_changed":false,"_hpay_column_layout":"0","_hpay_name_price":"0","pmpro_default_level":""},"product_brand":[],"product_cat":[81,84],"product_tag":[],"class_list":{"0":"post-2504","1":"product","2":"type-product","3":"status-publish","4":"has-post-thumbnail","6":"product_cat-majice","7":"product_cat-zenske","8":"pmpro-has-access","10":"first","11":"instock","12":"taxable","13":"shipping-taxable","14":"purchasable","15":"product-type-variable"},"acf":[],"yoast_head":"<!-- This site is optimized with the Yoast SEO plugin v27.1 - https:\/\/yoast.com\/product\/yoast-seo-wordpress\/ -->\n<title>Nikola Tesla Slova - \u017denska majica - Zlatno Doba<\/title>\n<meta name=\"robots\" content=\"index, follow, max-snippet:-1, max-image-preview:large, max-video-preview:-1\" \/>\n<link rel=\"canonical\" href=\"https:\/\/zlatnodoba.org\/en\/proizvod\/nikola-tesla-slova-zenska-majica\/\" \/>\n<meta property=\"og:locale\" content=\"en_GB\" \/>\n<meta property=\"og:type\" content=\"article\" \/>\n<meta property=\"og:title\" content=\"Nikola Tesla Slova - \u017denska majica - Zlatno Doba\" \/>\n<meta property=\"og:description\" content=\"&nbsp;  Nikola Tesla je bio jedan od najve\u0107ih vizionara i nau\u010dnika svog vremena, \u010diji su izumi postavili temelje za tehnolo\u0161ki napredak koji danas oblikuje na\u0161 svet.  Tesla je bio pionir u oblasti elektri\u010dne energije, poznat po svojim radovima na razvoju sistema naizmeni\u010dne struje (AC), kao i brojnim izumima koji su unapredili industriju, komunikacije i nauku.  Njegova strast za otkrivanjem novih mogu\u0107nosti u svetu tehnologije, u kombinaciji sa njegovim dubokim verovanjima u korist koju nauka mo\u017ee doneti \u010dove\u010danstvu, u\u010dinila ga je figurom koja nije samo promenila svet, ve\u0107 i na\u010din na koji razmi\u0161ljamo o nauci i inovacijama.\" \/>\n<meta property=\"og:url\" content=\"https:\/\/zlatnodoba.org\/en\/proizvod\/nikola-tesla-slova-zenska-majica\/\" \/>\n<meta property=\"og:site_name\" content=\"Zlatno Doba\" \/>\n<meta property=\"article:modified_time\" content=\"2025-02-15T19:26:11+00:00\" \/>\n<meta property=\"og:image\" content=\"https:\/\/zlatnodoba.org\/wp-content\/uploads\/2024\/11\/Nikola-Tesla-Majica-NOVI-DIZAJN-2-JPG-Zlatno-doba.jpg\" \/>\n\t<meta property=\"og:image:width\" content=\"2000\" \/>\n\t<meta property=\"og:image:height\" content=\"1336\" \/>\n\t<meta property=\"og:image:type\" content=\"image\/jpeg\" \/>\n<meta name=\"twitter:card\" content=\"summary_large_image\" \/>\n<meta name=\"twitter:label1\" content=\"Estimated reading time\" \/>\n\t<meta name=\"twitter:data1\" content=\"2 minutes\" \/>\n<script type=\"application\/ld+json\" class=\"yoast-schema-graph\">{\"@context\":\"https:\/\/schema.org\",\"@graph\":[{\"@type\":\"WebPage\",\"@id\":\"https:\/\/zlatnodoba.org\/proizvod\/nikola-tesla-slova-zenska-majica\/\",\"url\":\"https:\/\/zlatnodoba.org\/proizvod\/nikola-tesla-slova-zenska-majica\/\",\"name\":\"Nikola Tesla Slova - \u017denska majica - Zlatno Doba\",\"isPartOf\":{\"@id\":\"https:\/\/zlatnodoba.org\/#website\"},\"primaryImageOfPage\":{\"@id\":\"https:\/\/zlatnodoba.org\/proizvod\/nikola-tesla-slova-zenska-majica\/#primaryimage\"},\"image\":{\"@id\":\"https:\/\/zlatnodoba.org\/proizvod\/nikola-tesla-slova-zenska-majica\/#primaryimage\"},\"thumbnailUrl\":\"https:\/\/zlatnodoba.org\/wp-content\/uploads\/2024\/11\/Nikola-Tesla-Majica-NOVI-DIZAJN-2-JPG-Zlatno-doba.jpg\",\"datePublished\":\"2024-11-10T14:51:48+00:00\",\"dateModified\":\"2025-02-15T19:26:11+00:00\",\"breadcrumb\":{\"@id\":\"https:\/\/zlatnodoba.org\/proizvod\/nikola-tesla-slova-zenska-majica\/#breadcrumb\"},\"inLanguage\":\"en-GB\",\"potentialAction\":[{\"@type\":\"ReadAction\",\"target\":[\"https:\/\/zlatnodoba.org\/proizvod\/nikola-tesla-slova-zenska-majica\/\"]}]},{\"@type\":\"ImageObject\",\"inLanguage\":\"en-GB\",\"@id\":\"https:\/\/zlatnodoba.org\/proizvod\/nikola-tesla-slova-zenska-majica\/#primaryimage\",\"url\":\"https:\/\/zlatnodoba.org\/wp-content\/uploads\/2024\/11\/Nikola-Tesla-Majica-NOVI-DIZAJN-2-JPG-Zlatno-doba.jpg\",\"contentUrl\":\"https:\/\/zlatnodoba.org\/wp-content\/uploads\/2024\/11\/Nikola-Tesla-Majica-NOVI-DIZAJN-2-JPG-Zlatno-doba.jpg\",\"width\":2000,\"height\":1336},{\"@type\":\"BreadcrumbList\",\"@id\":\"https:\/\/zlatnodoba.org\/proizvod\/nikola-tesla-slova-zenska-majica\/#breadcrumb\",\"itemListElement\":[{\"@type\":\"ListItem\",\"position\":1,\"name\":\"Home\",\"item\":\"https:\/\/zlatnodoba.org\/\"},{\"@type\":\"ListItem\",\"position\":2,\"name\":\"Shop\",\"item\":\"https:\/\/zlatnodoba.org\/shop\/\"},{\"@type\":\"ListItem\",\"position\":3,\"name\":\"Nikola Tesla Slova &#8211; \u017denska majica\"}]},{\"@type\":\"WebSite\",\"@id\":\"https:\/\/zlatnodoba.org\/#website\",\"url\":\"https:\/\/zlatnodoba.org\/\",\"name\":\"Zlatno Doba\",\"description\":\"\",\"potentialAction\":[{\"@type\":\"SearchAction\",\"target\":{\"@type\":\"EntryPoint\",\"urlTemplate\":\"https:\/\/zlatnodoba.org\/?s={search_term_string}\"},\"query-input\":{\"@type\":\"PropertyValueSpecification\",\"valueRequired\":true,\"valueName\":\"search_term_string\"}}],\"inLanguage\":\"en-GB\"}]}<\/script>\n<!-- \/ Yoast SEO plugin. -->","yoast_head_json":{"title":"Nikola Tesla Slova - \u017denska majica - Zlatno Doba","robots":{"index":"index","follow":"follow","max-snippet":"max-snippet:-1","max-image-preview":"max-image-preview:large","max-video-preview":"max-video-preview:-1"},"canonical":"https:\/\/zlatnodoba.org\/en\/proizvod\/nikola-tesla-slova-zenska-majica\/","og_locale":"en_GB","og_type":"article","og_title":"Nikola Tesla Slova - \u017denska majica - Zlatno Doba","og_description":"&nbsp;  Nikola Tesla je bio jedan od najve\u0107ih vizionara i nau\u010dnika svog vremena, \u010diji su izumi postavili temelje za tehnolo\u0161ki napredak koji danas oblikuje na\u0161 svet.  Tesla je bio pionir u oblasti elektri\u010dne energije, poznat po svojim radovima na razvoju sistema naizmeni\u010dne struje (AC), kao i brojnim izumima koji su unapredili industriju, komunikacije i nauku.  Njegova strast za otkrivanjem novih mogu\u0107nosti u svetu tehnologije, u kombinaciji sa njegovim dubokim verovanjima u korist koju nauka mo\u017ee doneti \u010dove\u010danstvu, u\u010dinila ga je figurom koja nije samo promenila svet, ve\u0107 i na\u010din na koji razmi\u0161ljamo o nauci i inovacijama.","og_url":"https:\/\/zlatnodoba.org\/en\/proizvod\/nikola-tesla-slova-zenska-majica\/","og_site_name":"Zlatno Doba","article_modified_time":"2025-02-15T19:26:11+00:00","og_image":[{"width":2000,"height":1336,"url":"https:\/\/zlatnodoba.org\/wp-content\/uploads\/2024\/11\/Nikola-Tesla-Majica-NOVI-DIZAJN-2-JPG-Zlatno-doba.jpg","type":"image\/jpeg"}],"twitter_card":"summary_large_image","twitter_misc":{"Estimated reading time":"2 minutes"},"schema":{"@context":"https:\/\/schema.org","@graph":[{"@type":"WebPage","@id":"https:\/\/zlatnodoba.org\/proizvod\/nikola-tesla-slova-zenska-majica\/","url":"https:\/\/zlatnodoba.org\/proizvod\/nikola-tesla-slova-zenska-majica\/","name":"Nikola Tesla Slova - \u017denska majica - Zlatno Doba","isPartOf":{"@id":"https:\/\/zlatnodoba.org\/#website"},"primaryImageOfPage":{"@id":"https:\/\/zlatnodoba.org\/proizvod\/nikola-tesla-slova-zenska-majica\/#primaryimage"},"image":{"@id":"https:\/\/zlatnodoba.org\/proizvod\/nikola-tesla-slova-zenska-majica\/#primaryimage"},"thumbnailUrl":"https:\/\/zlatnodoba.org\/wp-content\/uploads\/2024\/11\/Nikola-Tesla-Majica-NOVI-DIZAJN-2-JPG-Zlatno-doba.jpg","datePublished":"2024-11-10T14:51:48+00:00","dateModified":"2025-02-15T19:26:11+00:00","breadcrumb":{"@id":"https:\/\/zlatnodoba.org\/proizvod\/nikola-tesla-slova-zenska-majica\/#breadcrumb"},"inLanguage":"en-GB","potentialAction":[{"@type":"ReadAction","target":["https:\/\/zlatnodoba.org\/proizvod\/nikola-tesla-slova-zenska-majica\/"]}]},{"@type":"ImageObject","inLanguage":"en-GB","@id":"https:\/\/zlatnodoba.org\/proizvod\/nikola-tesla-slova-zenska-majica\/#primaryimage","url":"https:\/\/zlatnodoba.org\/wp-content\/uploads\/2024\/11\/Nikola-Tesla-Majica-NOVI-DIZAJN-2-JPG-Zlatno-doba.jpg","contentUrl":"https:\/\/zlatnodoba.org\/wp-content\/uploads\/2024\/11\/Nikola-Tesla-Majica-NOVI-DIZAJN-2-JPG-Zlatno-doba.jpg","width":2000,"height":1336},{"@type":"BreadcrumbList","@id":"https:\/\/zlatnodoba.org\/proizvod\/nikola-tesla-slova-zenska-majica\/#breadcrumb","itemListElement":[{"@type":"ListItem","position":1,"name":"Home","item":"https:\/\/zlatnodoba.org\/"},{"@type":"ListItem","position":2,"name":"Shop","item":"https:\/\/zlatnodoba.org\/shop\/"},{"@type":"ListItem","position":3,"name":"Nikola Tesla Slova &#8211; \u017denska majica"}]},{"@type":"WebSite","@id":"https:\/\/zlatnodoba.org\/#website","url":"https:\/\/zlatnodoba.org\/","name":"Zlatno Doba","description":"","potentialAction":[{"@type":"SearchAction","target":{"@type":"EntryPoint","urlTemplate":"https:\/\/zlatnodoba.org\/?s={search_term_string}"},"query-input":{"@type":"PropertyValueSpecification","valueRequired":true,"valueName":"search_term_string"}}],"inLanguage":"en-GB"}]}},"_links":{"self":[{"href":"https:\/\/zlatnodoba.org\/en\/wp-json\/wp\/v2\/product\/2504","targetHints":{"allow":["GET"]}}],"collection":[{"href":"https:\/\/zlatnodoba.org\/en\/wp-json\/wp\/v2\/product"}],"about":[{"href":"https:\/\/zlatnodoba.org\/en\/wp-json\/wp\/v2\/types\/product"}],"version-history":[{"count":2,"href":"https:\/\/zlatnodoba.org\/en\/wp-json\/wp\/v2\/product\/2504\/revisions"}],"predecessor-version":[{"id":5181,"href":"https:\/\/zlatnodoba.org\/en\/wp-json\/wp\/v2\/product\/2504\/revisions\/5181"}],"wp:featuredmedia":[{"embeddable":true,"href":"https:\/\/zlatnodoba.org\/en\/wp-json\/wp\/v2\/media\/2470"}],"wp:attachment":[{"href":"https:\/\/zlatnodoba.org\/en\/wp-json\/wp\/v2\/media?parent=2504"}],"wp:term":[{"taxonomy":"product_brand","embeddable":true,"href":"https:\/\/zlatnodoba.org\/en\/wp-json\/wp\/v2\/product_brand?post=2504"},{"taxonomy":"product_cat","embeddable":true,"href":"https:\/\/zlatnodoba.org\/en\/wp-json\/wp\/v2\/product_cat?post=2504"},{"taxonomy":"product_tag","embeddable":true,"href":"https:\/\/zlatnodoba.org\/en\/wp-json\/wp\/v2\/product_tag?post=2504"}],"curies":[{"name":"wp","href":"https:\/\/api.w.org\/{rel}","templated":true}]}}