{"id":7747,"date":"2025-08-08T10:31:43","date_gmt":"2025-08-08T10:31:43","guid":{"rendered":"https:\/\/zlatnodoba.org\/?page_id=7747"},"modified":"2025-08-08T10:47:51","modified_gmt":"2025-08-08T10:47:51","slug":"ugovor-o-prodaji-na-daljinu","status":"publish","type":"page","link":"https:\/\/zlatnodoba.org\/en\/ugovor-o-prodaji-na-daljinu\/","title":{"rendered":"Ugovor o prodaji na daljinu"},"content":{"rendered":"<div data-elementor-type=\"wp-page\" data-elementor-id=\"7747\" class=\"elementor elementor-7747\" data-elementor-post-type=\"page\">\n\t\t\t\t\t\t<section class=\"elementor-section elementor-top-section elementor-element elementor-element-ec21d36 elementor-section-boxed elementor-section-height-default elementor-section-height-default\" data-id=\"ec21d36\" data-element_type=\"section\" data-e-type=\"section\">\n\t\t\t\t\t\t<div class=\"elementor-container elementor-column-gap-default\">\n\t\t\t\t\t<div class=\"elementor-column elementor-col-100 elementor-top-column elementor-element elementor-element-c202721\" data-id=\"c202721\" data-element_type=\"column\" data-e-type=\"column\">\n\t\t\t<div class=\"elementor-widget-wrap elementor-element-populated\">\n\t\t\t\t\t\t<div class=\"elementor-element elementor-element-d2cd99f elementor-widget elementor-widget-heading\" data-id=\"d2cd99f\" data-element_type=\"widget\" data-e-type=\"widget\" data-widget_type=\"heading.default\">\n\t\t\t\t<div class=\"elementor-widget-container\">\n\t\t\t\t\t<h2 class=\"elementor-heading-title elementor-size-default\">Ugovor o prodaji na daljinu<\/h2>\t\t\t\t<\/div>\n\t\t\t\t<\/div>\n\t\t\t\t<div class=\"elementor-element elementor-element-235e9e6 elementor-widget elementor-widget-text-editor\" data-id=\"235e9e6\" data-element_type=\"widget\" data-e-type=\"widget\" data-widget_type=\"text-editor.default\">\n\t\t\t\t<div class=\"elementor-widget-container\">\n\t\t\t\t\t\t\t\t\t<p><b>Ugovor o prodaji na daljinu br._______, zaklju\u010den dana________, u Beogradu<\/b><\/p><p><b>Ugovorne strane:<\/b><\/p><p>Privredno dru\u0161tvo_ZLATNO DOBA 369 DOO BEOGRAD, sa sedi\u0161tem U Beograd \u2013 NOVI BEOGRAD , Milutina MIlankovi\u0107a .94, mati\u010dni broj: 22105990, PIB: 115021573, koga zastupa direktor Leon Bijeli\u0107 kao Prodavac i Kupac<\/p><p>\u00a0<\/p><p>\u00a0<\/p><p>\u00a0<\/p><ol><li><p><b>Uvodne odredbe<\/b><\/p><\/li><\/ol><p align=\"JUSTIFY\"><span lang=\"de-DE\">Ovaj ugovor se ima smatrati zaklju\u010denim putem elektronskih sredstava komunikacije (internet, e-mail). Prodavac je obavezan da Kupcu preda robu tako da Kupac postane njen vlasnik, dok se Kupac obavezuje da za to isplati cenu i preuzme robu. Ovaj ugovor je zaklju\u010den kao Ugovor o prodaji na daljinu u smislu \u010dlana 5 stav 1 ta\u010dka 8 Zakona o za\u0161titi potro\u0161a\u010da (&#8222;Sl. glasnik RS&#8220;, br. 88\/2021).<\/span><\/p><ol start=\"2\"><li><p><b>Obave\u0161tenja<\/b><\/p><\/li><\/ol><p align=\"JUSTIFY\">Kupac zaklju\u010denjem ovog Ugovora potvr\u0111uje da ga je Prodavac pre njegovog zaklju\u010denja obavestio o:<\/p><ul><li><p align=\"JUSTIFY\">Osnovnim obele\u017ejima robe;<\/p><\/li><li><p align=\"JUSTIFY\">Adresi i drugim podacima koji su od zna\u010daja za utvr\u0111ivanje identiteta Prodavca;<\/p><\/li><li><p align=\"JUSTIFY\">Adresi na kojoj posluje, ako ne posluje na adresi na kojoj mu je sedi\u0161te ili prebivali\u0161te i adresi, broju telefona faksa i adresi elektronske po\u0161te trgovca u \u010dije ime postupa na koju potro\u0161a\u010d mo\u017ee da izjavi reklamaciju;<\/p><\/li><li><p align=\"JUSTIFY\">Prodajnoj ceni, kao i o svim dodatnim po\u0161tanskim tro\u0161kovima i tro\u0161kovima transporta i isporuke i mogu\u0107nosti da se ti tro\u0161kovi mogu staviti potro\u0161a\u010du na teret a ukoliko oni postoje;<\/p><\/li><li><p align=\"JUSTIFY\">Na\u010dinu pla\u0107anja, na\u010dinu i roku isporuke, na\u010dinu izvr\u0161enja drugih ugovornih obaveza;<\/p><\/li><li><p align=\"JUSTIFY\">Postojanju zakonske odgovornosti za saobraznost robe ugovoru;<\/p><\/li><li><p align=\"JUSTIFY\">Prilikom ponude i prodaje tehni\u010dke robe o dostupnosti rezervnih delova, potro\u0161nog materijala, priklju\u010dnih aparata i sli\u010dnih delova, tehni\u010dkog servisa ili odr\u017eavanja i opravke za vreme i posle prestanka perioda u kojem odgovara za nesaobraznost ugovoru, odnosno posle prestanka proizvodnje ili uvoza robe<\/p><\/li><li><p align=\"JUSTIFY\">Na\u010dinu izjavljivanja reklamacije trgovcu, a naro\u010dito o mestu prijema i na\u010dinu postupanja trgovca po njima, kao i uslovima koji se odnose na ostvarirvanje prava potro\u0161a\u010da po osnovu saobraznosti;<\/p><\/li><li><p align=\"JUSTIFY\">Pravu potro\u0161a\u010da na odustanak od ugovora pod uslovima koji su propisani Zakonom;<\/p><\/li><li><p align=\"JUSTIFY\">Uslovima, vremenskom roku i postupku za ostvarivanje prava na odustanak od ugovora;<\/p><\/li><li><p align=\"JUSTIFY\">Kada pravo na odustanak od ugovora nije predvi\u0111eno ili kada potro\u0161a\u010d gubi to pravo;<\/p><\/li><li><p align=\"JUSTIFY\">Obavezi da plati trgovcu razumne tro\u0161kove, ako potro\u0161a\u010d ostvaruje pravo na odustanak od ugovora nakon \u0161to je podneo izjavu o odustanku, odnosno obrazac o odustanku;<\/p><\/li><li><p align=\"JUSTIFY\">Du\u017enosti potro\u0161a\u010da da snosi tro\u0161kove povra\u0107aja robe u slu\u010daju odustanka od ugovora i za ugovore na daljinu, ako se roba zbog svojih karakteristika ne mo\u017ee vratiti po\u0161tom, tro\u0161kove vra\u0107anja robe<\/p><\/li><li><p align=\"JUSTIFY\">Obavezi potro\u0161a\u010da da snosi tro\u0161kove povra\u0107aja robe u slu\u010daju odustanka od ugovora;<\/p><\/li><li><p align=\"JUSTIFY\">Postojanju ugovornog odnosa Prodavca sa po\u0161tanskim operaterom preko koga potro\u0161a\u010da mo\u017ee, u slu\u010daju reklamacije zbog nesaobraznosti, da po\u0161alje robu;<\/p><\/li><li><p align=\"JUSTIFY\">Minimalnom trajanju ugovornih obaveza potro\u0161a\u010da u skladu sa ugovorom;<\/p><\/li><li><p align=\"JUSTIFY\">Postojanju i uslovima za polaganje depozita ili drugih finansijskih garancija koje potro\u0161a\u010da na zahtev Prodavca treba da plati ili dostavi;<\/p><\/li><li><p align=\"JUSTIFY\">Dostupnosti prepravke, ispravke za vreme i posle prestanka perioda odgovornosti za saobraznost, odnosno posle prestanka proizvodnje i uvoza robe;<\/p><\/li><li><p align=\"JUSTIFY\">Mogu\u0107nosti vansudskog re\u0161avanja spora koje trgovac unapred prihvata i na\u010dinima pristupa.<\/p><\/li><\/ul><ol start=\"3\"><li><p><b>Prava i obaveze prilikom zaklju\u010denja<\/b><\/p><\/li><\/ol><p align=\"JUSTIFY\">Prilikom zaklju\u010denja Ugovora Kupac je du\u017ean popuniti neophodne podatke na online prodavnici u cilju realizacije kupovine.<\/p><ol start=\"4\"><li><p align=\"JUSTIFY\"><b>Na\u010din pla\u0107anja<\/b><\/p><\/li><\/ol><p>Kupac mo\u017ee proizvode mo\u017ee platiti gotovinom prilikom pouze\u0107a, kreditnih debitnih kartica i bankovnim transferom.<\/p><ol start=\"5\"><li><p><b>Dostava robe<\/b><\/p><\/li><\/ol><p align=\"JUSTIFY\">Prodavac se obavezuje da \u0107e kupljenu robu dostaviti Kupcu na adresu koja je navedena u Ugovoru, a najkasnije u roku od 30 radnih dana, od dana zaklju\u010denja ovog Ugovora. Prodavac zadr\u017eava pravo produ\u017eenja predvi\u0111enog roka isporuke u slu\u010daju nastupanja vi\u0161e sile ili objektivno izmenjenih okolnosti bez uticaja prodavca, o \u010dijem nastanku je du\u017ean da obavesti Kupca. Ukoliko Kupac unese pogre\u0161ne li\u010dne podatke ili podatke o adresi prebivali\u0161ta (adresa za isporuku robe) prilikom zaklju\u010denja Ugovora prodavac ne snosi odgovornost za neisporu\u010divanje robe. U tom slu\u010daju prodavac \u0107e poku\u0161ati da kontakt\u00edra Kupca i isporu\u010di robu na novoutvr\u0111enu adresu, a u slu\u010daju da to ne utvrdi, prodavac mo\u017ee jednostrano raskinuti ugovor uz zadr\u017eavanje prava da od kupca potra\u017euje tro\u0161kove nastale usled pogre\u0161no ozna\u010dene adrese isporuke od strane Kupca. Kupac je odgovoran za \u0161tetu koja nastane propu\u0161tanjem da preuzme robu koju mu je poslao Prodavac u skladu sa ovim ugovorom, pod \u0161tetom se podrazumeva o\u0161te\u0107enje na robi, kao i svi tro\u0161kovi koje Prodavac ima zbog propu\u0161tanja Kupca da preuzme robu, kao \u0161to su: tro\u0161kovi \u010duvanja, prepakivanja, vra\u0107anja robe i sli\u010dno;<\/p><ol start=\"6\"><li><p><b>Materijalni nedostaci robe<\/b><\/p><\/li><\/ol><p align=\"JUSTIFY\">Kupac je du\u017ean da prilikom prijema robe pregleda robu i proveri njenu saobraznost sa naru\u010denom, te da istakne postojanje nedostatka koji se mogu uo\u010diti pregledom. Potpisom na ovom ugovoru Kupac potvr\u0111uje da na robi nema nedostataka koji se mogu uo\u010diti pregledom. Prodavac odgovara za materijalne nedostatke stvari koje je ona imala u \u010dasu prelaza rizika na kupca, bez obzira na to da li mu je to bilo poznato. Prodavac odgovara i za one materijalne nedostatke koji se pojave posle prelaza rizika na kupca ako su posledica uzroka koji je postojao pre toga. Neznatan materijalni nedostatak ne uzima se u obzir.<\/p><p>Materijalni nedostatak postoji:<\/p><ol><li><p>ako stvar nema potrebna svojstva za njenu redovnu upotrebu ili za promet;<\/p><\/li><li><p>ako stvar nema potrebna svojstva za naro\u010ditu upotrebu za koju je kupac nabavlja, a koja je bila poznata prodavcu, ili mu je morala biti poznata;<\/p><\/li><li><p>ako stvar nema svojstva i odlike koje su izri\u010dito ili pre\u0107utno ugovorene, odnosno propisane;<\/p><\/li><li><p>kad je prodavac predao stvar koja nije saobrazna uzorku ili modelu, osim ako su uzorak ili model pokazani samo radi obave\u0161tenja.<\/p><\/li><\/ol><p align=\"JUSTIFY\">Prodavac ne odgovara za nedostatke, ako su u \u010dasu zaklju\u010denja ugovora bili poznati kupcu ili mu nisu mogli ostati nepoznati. Smatra se da nisu mogli ostati nepoznati kupcu oni nedostaci koje bi bri\u017eljivo lice sa prose\u010dnim znanjem i iskustvom lica istog zanimanja i struke kao kupac moglo lako opaziti pri uobi\u010dajenom pregledu stvari. Ali, prodavac odgovara i za nedostatke koje je kupac mogao lako opaziti, ako je izjavio da stvar nema nikakve nedostatke ili da stvar ima odre\u0111ena svojstva ili odlike. Kad se posle prijema stvari od strane kupca poka\u017ee da stvar ima neki nedostatak koji se nije mogao otkriti uobi\u010dajenim pregledom prilikom preuzimanja stvari (skriveni nedostatak), kupac je du\u017ean, pod pretnjom gubitka prava, da o tom nedostatku obavesti prodavca u roku od 8 dana ra\u010dunaju\u0107i od dana kad je nedostatak otkrio. Prodavac ne odgovara za nedostatke koji se poka\u017eu po\u0161to protekne \u0161est meseci od predaje stvari.<\/p><ol start=\"7\"><li><p><b>Odustanak od ugovora<\/b><\/p><\/li><\/ol><p align=\"JUSTIFY\">Kupac ima pravo na odustanak od ugovora bez navo\u0111enja razloga u roku od 14 dana od dana kada je roba dospela u dr\u017eavinu Kupca ili lica koje je on ovlastio za prijem robe. Kupac ostvaruje pravo na odustanak izjavom koju daje na obrascu za odustanak, koji \u010dini sastavni deo ovog ugovora. Kupac je du\u017ean da proizvod vrati bez odlaganja, a najkasnije u roku od 14 dana od dana kada je poslao obrazac za odustanak. Ugovorne strane su se saglasile da direktne tro\u0161kove vra\u0107anja robe u slu\u010daju odustanka snosi Kupac. U slu\u010daju da Kupac odustane od ugovora u Zakonom predvi\u0111enom roku, Prodavac je du\u017ean da Kupcu bez odlaganja vrati iznos koji je Kupac platio po osnovu ugovora, a najkasnije u roku od 14 dana od dana kada je primio obrazac za odustanak. Prodavac mo\u017ee da odlo\u017ei povra\u0107aj sredstava dok ne dobije robu koja se vra\u0107a, ili dok Kupac ne dostavi dokaz da je poslao robu Prodavcu u zavisnosti od toga \u0161ta nastupa prvo. Izjava o odustanku od Ugovora proizvodi pravno dejstvo od dana kada je dostavljena Prodavcu u formi preporu\u010dene po\u0161iljke. Obavezu vra\u0107anja i direktne tro\u0161kove vra\u0107anja snosi Kupac. Kupac snosi tro\u0161ak vra\u0107anja robe koja je bila isporu\u010dena \u010dak i ako se roba po svojoj prirodi ne mo\u017ee vratiti na uobi\u010dajen na\u010din preko po\u0161tanskog operatora. Nakon proteka roka od 14 dana od dana kada je kupcu dostavljena roba, kupac gubi pravo na odustanaka od ugovora.<\/p><ol start=\"8\"><li><p><b>Izuzeci od prava na odustanak od ugovora<\/b><\/p><\/li><\/ol><p>Izuzeto od \u010dlana 8. ovog ugovora Kupac nema pravo na odustanak od ugovora u slu\u010daju:<\/p><ol><li><p>isporuke robe ili pru\u017eanja usluga \u010dija cena zavisi od promena na finansijskom tr\u017ei\u0161tu na koje trgovac ne mo\u017ee da uti\u010de i koje mogu nastati u toku roka za odustanak;<\/p><\/li><li><p>isporuke robe proizvedene prema posebnim zahtevima potro\u0161a\u010da ili jasno personalizovane;<\/p><\/li><li><p>isporuke robe koja je podlo\u017ena pogor\u0161anju kvaliteta ili ima kratak rok trajanja;<\/p><\/li><li><p>isporuke zape\u010da\u0107ene robe koja se ne mo\u017ee vratiti zbog za\u0161tite zdravlja ili higijenskih razloga i koja je otpe\u010da\u0107ena nakon isporuke;<\/p><\/li><li><p>isporuke robe koja se, nakon isporuke, zbog svoje prirode neodvojivo me\u0161a sa drugom robom;<\/p><\/li><li><p>isporuke zape\u010da\u0107enih audio, video zapisa ili ra\u010dunarskog softvera, koji su otpe\u010da\u0107eni nakon isporuke;<\/p><\/li><li><p>isporuke digitalnog sadr\u017eaja koji nije isporu\u010den na trajnom nosa\u010du zapisa ako je izvr\u0161enje zapo\u010delo posle prethodne izri\u010dite saglasnosti potro\u0161a\u010da i njegove potvrde da zna da na taj na\u010din gubi pravo na odustanak od ugovora.<\/p><\/li><\/ol><ol start=\"9\"><li><p><b>Reklamacija i uslovi servisiranja<\/b><\/p><\/li><\/ol><p align=\"JUSTIFY\">Kupac ima pravo reklamacije u skladu sa izdatim uputstvom i Zakonom o za\u0161titi potro\u0161a\u010da. Fiskalni ra\u010dun, Garantni list (ukoliko se izdaje za vrstu proizvoda) i uslovi servisiranja od strane prodavca bi\u0107e dostavljeni kupcu prilikom dostave robe.<\/p><ol start=\"10\"><li><p><b>Zavr\u0161ne odredbe<\/b><\/p><\/li><\/ol><p align=\"JUSTIFY\">Potro\u0161a\u010dki spor mo\u017ee se re\u0161iti vansudskim re\u0161avanjem potro\u0161a\u010dkih sporova. U slu\u010daju spora, ugovara\u010di su saglasni da se poku\u0161a njihovo re\u0161avanje vansudskim sredstvima u skladu sa Zakonom.<\/p><p>Za Prodavca\u00a0 \u00a0 \u00a0 \u00a0 \u00a0 \u00a0 \u00a0 \u00a0 \u00a0 \u00a0 \u00a0 \u00a0 \u00a0 \u00a0 \u00a0 \u00a0 \u00a0 \u00a0 \u00a0 \u00a0 \u00a0 \u00a0 \u00a0 \u00a0 \u00a0 \u00a0 \u00a0 \u00a0 \u00a0 \u00a0 \u00a0 \u00a0 \u00a0 \u00a0 \u00a0 \u00a0 \u00a0 \u00a0 \u00a0 \u00a0 \u00a0 \u00a0 \u00a0 \u00a0 \u00a0 \u00a0 \u00a0 \u00a0 \u00a0 \u00a0 \u00a0 \u00a0 \u00a0 \u00a0 \u00a0 \u00a0 \u00a0 \u00a0 \u00a0 \u00a0 \u00a0 \u00a0 \u00a0 \u00a0 \u00a0 \u00a0 \u00a0 \u00a0 \u00a0 \u00a0 \u00a0 \u00a0 \u00a0 \u00a0 \u00a0 \u00a0 \u00a0 \u00a0 \u00a0 \u00a0 \u00a0 \u00a0 \u00a0 \u00a0 \u00a0 \u00a0 \u00a0 \u00a0 \u00a0 \u00a0 \u00a0 \u00a0 \u00a0 \u00a0 \u00a0 \u00a0 \u00a0 \u00a0 \u00a0 \u00a0 \u00a0 \u00a0 \u00a0 \u00a0 \u00a0Za Kupca<\/p><p>Direktor<!-- Ovde ubaciti scan potpisa sa pe\u010datom --><\/p><p>Leon Bijeli\u0107<\/p>\t\t\t\t\t\t\t\t<\/div>\n\t\t\t\t<\/div>\n\t\t\t\t\t<\/div>\n\t\t<\/div>\n\t\t\t\t\t<\/div>\n\t\t<\/section>\n\t\t\t\t<section class=\"elementor-section elementor-top-section elementor-element elementor-element-1901349 elementor-section-boxed elementor-section-height-default elementor-section-height-default\" data-id=\"1901349\" data-element_type=\"section\" data-e-type=\"section\">\n\t\t\t\t\t\t<div class=\"elementor-container elementor-column-gap-default\">\n\t\t\t\t\t<div class=\"elementor-column elementor-col-100 elementor-top-column elementor-element elementor-element-32cb3eb\" data-id=\"32cb3eb\" data-element_type=\"column\" data-e-type=\"column\">\n\t\t\t<div class=\"elementor-widget-wrap elementor-element-populated\">\n\t\t\t\t\t\t<div class=\"elementor-element elementor-element-81ef375 elementor-align-left elementor-widget elementor-widget-button\" data-id=\"81ef375\" data-element_type=\"widget\" data-e-type=\"widget\" data-widget_type=\"button.default\">\n\t\t\t\t<div class=\"elementor-widget-container\">\n\t\t\t\t\t\t\t\t\t<div class=\"elementor-button-wrapper\">\n\t\t\t\t\t<a class=\"elementor-button elementor-button-link elementor-size-sm\" href=\"https:\/\/zlatnodoba.org\/reliant\/wp-content\/uploads\/2025\/07\/Ugovor-o-prodaji-na-daljinu-br.docx\">\n\t\t\t\t\t\t<span class=\"elementor-button-content-wrapper\">\n\t\t\t\t\t\t\t\t\t<span class=\"elementor-button-text\">Preuzmite Ugovor o prodaji na daljinu<\/span>\n\t\t\t\t\t<\/span>\n\t\t\t\t\t<\/a>\n\t\t\t\t<\/div>\n\t\t\t\t\t\t\t\t<\/div>\n\t\t\t\t<\/div>\n\t\t\t\t\t<\/div>\n\t\t<\/div>\n\t\t\t\t\t<\/div>\n\t\t<\/section>\n\t\t\t\t<\/div>","protected":false},"excerpt":{"rendered":"<p>Ugovor o prodaji na daljinu Ugovor o prodaji na daljinu br._______, zaklju\u010den dana________, u Beogradu Ugovorne strane: Privredno dru\u0161tvo_ZLATNO DOBA 369 DOO BEOGRAD, sa sedi\u0161tem U Beograd \u2013 NOVI BEOGRAD , Milutina MIlankovi\u0107a .94, mati\u010dni broj: 22105990, PIB: 115021573, koga zastupa direktor Leon Bijeli\u0107 kao Prodavac i Kupac Uvodne odredbe Ovaj ugovor se ima smatrati [&hellip;]<\/p>\n","protected":false},"author":1,"featured_media":0,"parent":0,"menu_order":0,"comment_status":"closed","ping_status":"closed","template":"","meta":{"_acf_changed":false,"_hpay_column_layout":"0","_hpay_name_price":"0","pmpro_default_level":"","footnotes":""},"class_list":["post-7747","page","type-page","status-publish","hentry","pmpro-has-access"],"acf":[],"yoast_head":"<!-- This site is optimized with the Yoast SEO plugin v27.1 - https:\/\/yoast.com\/product\/yoast-seo-wordpress\/ -->\n<title>Ugovor o prodaji na daljinu - Zlatno Doba<\/title>\n<meta name=\"robots\" content=\"index, follow, max-snippet:-1, max-image-preview:large, max-video-preview:-1\" \/>\n<link rel=\"canonical\" href=\"https:\/\/zlatnodoba.org\/en\/ugovor-o-prodaji-na-daljinu\/\" \/>\n<meta property=\"og:locale\" content=\"en_GB\" \/>\n<meta property=\"og:type\" content=\"article\" \/>\n<meta property=\"og:title\" content=\"Ugovor o prodaji na daljinu - Zlatno Doba\" \/>\n<meta property=\"og:description\" content=\"Ugovor o prodaji na daljinu Ugovor o prodaji na daljinu br._______, zaklju\u010den dana________, u Beogradu Ugovorne strane: Privredno dru\u0161tvo_ZLATNO DOBA 369 DOO BEOGRAD, sa sedi\u0161tem U Beograd \u2013 NOVI BEOGRAD , Milutina MIlankovi\u0107a .94, mati\u010dni broj: 22105990, PIB: 115021573, koga zastupa direktor Leon Bijeli\u0107 kao Prodavac i Kupac Uvodne odredbe Ovaj ugovor se ima smatrati [&hellip;]\" \/>\n<meta property=\"og:url\" content=\"https:\/\/zlatnodoba.org\/en\/ugovor-o-prodaji-na-daljinu\/\" \/>\n<meta property=\"og:site_name\" content=\"Zlatno Doba\" \/>\n<meta property=\"article:modified_time\" content=\"2025-08-08T10:47:51+00:00\" \/>\n<meta name=\"twitter:card\" content=\"summary_large_image\" \/>\n<meta name=\"twitter:label1\" content=\"Estimated reading time\" \/>\n\t<meta name=\"twitter:data1\" content=\"8 minutes\" \/>\n<script type=\"application\/ld+json\" class=\"yoast-schema-graph\">{\"@context\":\"https:\/\/schema.org\",\"@graph\":[{\"@type\":\"WebPage\",\"@id\":\"https:\/\/zlatnodoba.org\/ugovor-o-prodaji-na-daljinu\/\",\"url\":\"https:\/\/zlatnodoba.org\/ugovor-o-prodaji-na-daljinu\/\",\"name\":\"Ugovor o prodaji na daljinu - Zlatno Doba\",\"isPartOf\":{\"@id\":\"https:\/\/zlatnodoba.org\/#website\"},\"datePublished\":\"2025-08-08T10:31:43+00:00\",\"dateModified\":\"2025-08-08T10:47:51+00:00\",\"inLanguage\":\"en-GB\",\"potentialAction\":[{\"@type\":\"ReadAction\",\"target\":[\"https:\/\/zlatnodoba.org\/ugovor-o-prodaji-na-daljinu\/\"]}]},{\"@type\":\"WebSite\",\"@id\":\"https:\/\/zlatnodoba.org\/#website\",\"url\":\"https:\/\/zlatnodoba.org\/\",\"name\":\"Zlatno Doba\",\"description\":\"\",\"potentialAction\":[{\"@type\":\"SearchAction\",\"target\":{\"@type\":\"EntryPoint\",\"urlTemplate\":\"https:\/\/zlatnodoba.org\/?s={search_term_string}\"},\"query-input\":{\"@type\":\"PropertyValueSpecification\",\"valueRequired\":true,\"valueName\":\"search_term_string\"}}],\"inLanguage\":\"en-GB\"}]}<\/script>\n<!-- \/ Yoast SEO plugin. -->","yoast_head_json":{"title":"Ugovor o prodaji na daljinu - Zlatno Doba","robots":{"index":"index","follow":"follow","max-snippet":"max-snippet:-1","max-image-preview":"max-image-preview:large","max-video-preview":"max-video-preview:-1"},"canonical":"https:\/\/zlatnodoba.org\/en\/ugovor-o-prodaji-na-daljinu\/","og_locale":"en_GB","og_type":"article","og_title":"Ugovor o prodaji na daljinu - Zlatno Doba","og_description":"Ugovor o prodaji na daljinu Ugovor o prodaji na daljinu br._______, zaklju\u010den dana________, u Beogradu Ugovorne strane: Privredno dru\u0161tvo_ZLATNO DOBA 369 DOO BEOGRAD, sa sedi\u0161tem U Beograd \u2013 NOVI BEOGRAD , Milutina MIlankovi\u0107a .94, mati\u010dni broj: 22105990, PIB: 115021573, koga zastupa direktor Leon Bijeli\u0107 kao Prodavac i Kupac Uvodne odredbe Ovaj ugovor se ima smatrati [&hellip;]","og_url":"https:\/\/zlatnodoba.org\/en\/ugovor-o-prodaji-na-daljinu\/","og_site_name":"Zlatno Doba","article_modified_time":"2025-08-08T10:47:51+00:00","twitter_card":"summary_large_image","twitter_misc":{"Estimated reading time":"8 minutes"},"schema":{"@context":"https:\/\/schema.org","@graph":[{"@type":"WebPage","@id":"https:\/\/zlatnodoba.org\/ugovor-o-prodaji-na-daljinu\/","url":"https:\/\/zlatnodoba.org\/ugovor-o-prodaji-na-daljinu\/","name":"Ugovor o prodaji na daljinu - Zlatno Doba","isPartOf":{"@id":"https:\/\/zlatnodoba.org\/#website"},"datePublished":"2025-08-08T10:31:43+00:00","dateModified":"2025-08-08T10:47:51+00:00","inLanguage":"en-GB","potentialAction":[{"@type":"ReadAction","target":["https:\/\/zlatnodoba.org\/ugovor-o-prodaji-na-daljinu\/"]}]},{"@type":"WebSite","@id":"https:\/\/zlatnodoba.org\/#website","url":"https:\/\/zlatnodoba.org\/","name":"Zlatno Doba","description":"","potentialAction":[{"@type":"SearchAction","target":{"@type":"EntryPoint","urlTemplate":"https:\/\/zlatnodoba.org\/?s={search_term_string}"},"query-input":{"@type":"PropertyValueSpecification","valueRequired":true,"valueName":"search_term_string"}}],"inLanguage":"en-GB"}]}},"_links":{"self":[{"href":"https:\/\/zlatnodoba.org\/en\/wp-json\/wp\/v2\/pages\/7747","targetHints":{"allow":["GET"]}}],"collection":[{"href":"https:\/\/zlatnodoba.org\/en\/wp-json\/wp\/v2\/pages"}],"about":[{"href":"https:\/\/zlatnodoba.org\/en\/wp-json\/wp\/v2\/types\/page"}],"author":[{"embeddable":true,"href":"https:\/\/zlatnodoba.org\/en\/wp-json\/wp\/v2\/users\/1"}],"replies":[{"embeddable":true,"href":"https:\/\/zlatnodoba.org\/en\/wp-json\/wp\/v2\/comments?post=7747"}],"version-history":[{"count":5,"href":"https:\/\/zlatnodoba.org\/en\/wp-json\/wp\/v2\/pages\/7747\/revisions"}],"predecessor-version":[{"id":7773,"href":"https:\/\/zlatnodoba.org\/en\/wp-json\/wp\/v2\/pages\/7747\/revisions\/7773"}],"wp:attachment":[{"href":"https:\/\/zlatnodoba.org\/en\/wp-json\/wp\/v2\/media?parent=7747"}],"curies":[{"name":"wp","href":"https:\/\/api.w.org\/{rel}","templated":true}]}}