{"id":7742,"date":"2025-08-08T10:29:38","date_gmt":"2025-08-08T10:29:38","guid":{"rendered":"https:\/\/zlatnodoba.org\/?page_id=7742"},"modified":"2025-08-08T10:47:33","modified_gmt":"2025-08-08T10:47:33","slug":"pravilnik-o-informacijama","status":"publish","type":"page","link":"https:\/\/zlatnodoba.org\/en\/pravilnik-o-informacijama\/","title":{"rendered":"Pravilnik o informacijama"},"content":{"rendered":"<div data-elementor-type=\"wp-page\" data-elementor-id=\"7742\" class=\"elementor elementor-7742\" data-elementor-post-type=\"page\">\n\t\t\t\t\t\t<section class=\"elementor-section elementor-top-section elementor-element elementor-element-fd64aa0 elementor-section-boxed elementor-section-height-default elementor-section-height-default\" data-id=\"fd64aa0\" data-element_type=\"section\" data-e-type=\"section\">\n\t\t\t\t\t\t<div class=\"elementor-container elementor-column-gap-default\">\n\t\t\t\t\t<div class=\"elementor-column elementor-col-100 elementor-top-column elementor-element elementor-element-45936f4\" data-id=\"45936f4\" data-element_type=\"column\" data-e-type=\"column\">\n\t\t\t<div class=\"elementor-widget-wrap elementor-element-populated\">\n\t\t\t\t\t\t<div class=\"elementor-element elementor-element-901851b elementor-widget elementor-widget-text-editor\" data-id=\"901851b\" data-element_type=\"widget\" data-e-type=\"widget\" data-widget_type=\"text-editor.default\">\n\t\t\t\t<div class=\"elementor-widget-container\">\n\t\t\t\t\t\t\t\t\t<div class=\"elementor-element elementor-element-641c2fe6 elementor-widget elementor-widget-heading\" data-id=\"641c2fe6\" data-element_type=\"widget\" data-widget_type=\"heading.default\"><div class=\"elementor-widget-container\"><h2 class=\"elementor-heading-title elementor-size-default\">PRAVILNIK O USLOVIMA I NA\u010cINU RE\u0160AVANJA REKLAMACIJA POTRO\u0160A\u010cA<\/h2><p>\u00a0<\/p><\/div><\/div><div class=\"elementor-element elementor-element-4f1f8b7f elementor-widget elementor-widget-text-editor\" data-id=\"4f1f8b7f\" data-element_type=\"widget\" data-widget_type=\"text-editor.default\"><div class=\"elementor-widget-container\"><p>Shodno odredbi \u010dlana 55. Zakona o za\u0161titi potro\u0161a\u010da (dalje: Zakon), a u vezi sa odredbama Zakona o trgovini i Zakona o privrednim dru\u0161tvima,\u00a0<strong>Zlatno Doba d.o.o. Beograd<\/strong>, ul. Bulevar Milutina Milankovi\u0107a br. 94, MB: 22105990, PIB: 115021573, \u010diji je zakonski zastupnik Kre\u0161o Sekuli\u0107, dana 01.6.2025. godine donosi:<\/p><p>\u00a0<\/p><p><strong>PRAVILNIK O USLOVIMA I NA\u010cINU RE\u0160AVANJA REKLAMACIJA POTRO\u0160A\u010cA<\/strong><\/p><ol><li><strong>OSNOVNE ODREDBE<\/strong><\/li><\/ol><p><strong>Predmet<\/strong><\/p><p><strong>\u010clan 1.<\/strong><\/p><p>Ovim pravilnikom ure\u0111uju se uslovi i na\u010din re\u0161avanja reklamacija potro\u0161a\u010da kod privrednog dru\u0161tva\u00a0<strong>Zlatno Doba d.o.o<\/strong>\u00a0(dalje: Prodavac), radi ostvarivanja prava potro\u0161a\u010da na saobraznost prodate i isporu\u010dene robe ugovoru, prava po osnovu izjavljene garancije i garantnog lista, i zbog pogre\u0161no obra\u010dunate cene i drugih nedostataka, kao i druga pitanja od zna\u010daja za re\u0161avanje reklamacija i za\u0161titu potro\u0161a\u010da.<\/p><p><strong>Zna\u010denje izraza<\/strong><\/p><p><strong>\u010clan 2.<\/strong><\/p><p>Pojedini izrazi upotrebljeni u ovom pravilniku imaju slede\u0107a zna\u010denja:<\/p><p>\u2013 \u201epotro\u0161a\u010d\u201c je fizi\u010dko lice koje pribavlja robu koju prodaje Prodavac, u svrhe koje nisu namenjene potro\u0161a\u010devoj poslovnoj ili drugoj komercijalnoj delatnosti, odnosno radi zadovoljavanja li\u010dnih potreba ili potreba doma\u0107instva;<\/p><p>\u2013 \u201eroba\u201c je telesna pokretna stvar koja je namenjena za prodaju potro\u0161a\u010dima, koju Prodavac stavlja u promet u okviru svoje poslovne delatnosti, osim stvari koja je prodata u postupku izvr\u0161enja ili na drugi na\u010din po sili zakona;<\/p><p>\u2013 \u201eovla\u0161\u0107eno lice Prodavca\u201c je zakonski zastupnik prodavca ili lice koje vr\u0161i prodaju ili drugo lice koje ovlasti zakonski zastupnik<\/p><p>\u2013 ,,reklamacija\u2019\u2019 podrazumeva u smislu odredbi Zakona o za\u0161titi potro\u0161a\u010da i ovog Pravilnika, da se potro\u0161a\u010d obrati prodavcu zbog uo\u010denog postojanja nesaobraznosti robe ili zbog pogre\u0161no obra\u010dunate cene ili drugih nedostataka.<\/p><p>\u00a0<\/p><p><strong>Primena u skladu sa zakonima i drugim propisima<\/strong><\/p><p><strong>\u010clan 3.<\/strong><\/p><p>Ovaj pravilnik primenjuje se u skladu sa odredbama Zakona o za\u0161titi potro\u0161a\u010da, Zakona o trgovini, Zakona o obligacionim odnosima, Zakona o fiskalnim kasama i drugih va\u017ee\u0107ih zakona i drugih propisa kojima se ure\u0111uje reklamacija, za\u0161tita potro\u0161a\u010da, trgovina i evidentiranje prometa.<\/p><p><strong>II SAOBRAZNOST<\/strong><\/p><p><strong>Saobraznost<\/strong><\/p><p><strong>\u010clan 4.<\/strong><\/p><p>Prodavac je du\u017ean da isporu\u010di robu koja je saobrazna ugovoru.<\/p><p>Pretpostavlja se da je isporu\u010dena roba saobrazna ugovoru:<\/p><p>1) ako odgovara opisu koji je dao prodavac i ako ima svojstva robe koju je prodavac pokazao potro\u0161a\u010du kao uzorak ili model;<\/p><p>2) ako ima svojstva potrebna za naro\u010ditu upotrebu za koju je potro\u0161a\u010d nabavlja, a koja je bila poznata prodavcu ili mu je morala biti poznata u vreme zaklju\u010denja ugovora;<\/p><p>3) ako ima svojstva potrebna za redovnu upotrebu robe iste vrste;<\/p><p>4) ako po kvalitetu i funkcionisanju odgovara onome \u0161to je uobi\u010dajeno kod robe iste vrste i \u0161to potro\u0161a\u010d mo\u017ee osnovano da o\u010dekuje s obzirom na prirodu robe i javna obe\u0107anja o posebnim svojstvima robe data od strane prodavca, proizvo\u0111a\u010da ili njihovih predstavnika, naro\u010dito ako je obe\u0107anje u\u010dinjeno putem oglasa ili na ambala\u017ei robe.<\/p><p><strong>Odgovornost za nesaobraznost<\/strong><\/p><p><strong>\u010clan 5.<\/strong><\/p><p>Prodavac odgovara za nesaobraznosti isporu\u010dene robe ugovoru ako:<\/p><p>1) je postojala u \u010dasu prelaska rizika na potro\u0161a\u010da, bez obzira na to da li je za tu nesaobraznost prodavac znao;<\/p><p>2) se pojavila posle prelaska rizika na potro\u0161a\u010da i poti\u010de od uzroka koji je postojao pre prelaska rizika na potro\u0161a\u010da;<\/p><p>3) je potro\u0161a\u010d mogao lako uo\u010diti, ukoliko je prodavac izjavio da je roba saobrazna ugovoru.<\/p><p>Prodavac je odgovoran i za nesaobraznost nastalu zbog nepravilnog pakovanja, nepravilne instalacije ili monta\u017ee koju je izvr\u0161io on ili lice pod njegovim nadzorom, kao i za nepravilnu instalaciju ili monta\u017eu robe koja je posledica nedostatka u uputstvu koje je predao potro\u0161a\u010du radi samostalne instalacije ili monta\u017ee.<\/p><p>Prodavac ne odgovara za nesaobraznost ako je u trenutku zaklju\u010denja ugovora potro\u0161a\u010du bilo poznato ili mu nije moglo ostati nepoznato da roba nije saobrazna ugovoru ili ako je uzrok nesaobraznosti u materijalu koji je dao potro\u0161a\u010d.<\/p><p>Prodavac nije vezan javnim obe\u0107anjem u pogledu svojstava robe ako:<\/p><p>1) nije znao ili nije mogao znati za dato obe\u0107anje;<\/p><p>2) je pre zaklju\u010denja ugovora objavljena ispravka obe\u0107anja;<\/p><p>3) obe\u0107anje nije moglo uticati na odluku potro\u0161a\u010da da zaklju\u010di ugovor.<\/p><p><strong>Zahtev za otklanjanje nesaobraznosti<\/strong><\/p><p><strong>\u010clan 6.<\/strong><\/p><p>Ako isporu\u010dena roba nije saobrazna ugovoru, potro\u0161a\u010d koji je obavestio prodavca o nesaobraznosti ima pravo da zahteva od prodavca da otkloni nesaobraznost, bez naknade, opravkom ili zamenom ili da zahteva odgovaraju\u0107e umanjenje cene ili da raskine ugovor u pogledu te robe.<\/p><p>Potro\u0161a\u010d ima pravo da bira izme\u0111u opravke ili zamene kao na\u010dina otklanjanja nesaobraznosti robe.<\/p><p>Ako otklanjanje nesaobraznosti opravkom ili zamenom nije mogu\u0107e, potro\u0161a\u010d ima pravo da zahteva odgovaraju\u0107e umanjenje cene ili raskid ugovora ako:<\/p><p>1) nesaobraznost ne mo\u017ee da se otkloni opravkom ili zamenom uop\u0161te, ni u primerenom roku;<\/p><p>2) ne mo\u017ee da ostvari pravo na opravku ili zamenu, to jest ako prodavac nije izvr\u0161io opravku ili zamenu u primerenom roku;<\/p><p>3) opravka ili zamena ne mo\u017ee da se sprovede bez zna\u010dajnijih nepogodnosti za potro\u0161a\u010da zbog prirode robe i njene namene;<\/p><p>4) otklanjanje nesaobraznosti opravkom ili zamenom predstavlja nesrazmerno optere\u0107enje za prodavca.<\/p><p>Nesrazmerno optere\u0107enje za prodavca, javlja se ako u pore\u0111enju sa umanjenjem cene i raskidom ugovora, stvara preterane tro\u0161kove, uzimaju\u0107i u obzir:<\/p><p>1) vrednost robe koju bi imala da je saobrazna ugovoru;<\/p><p>2) zna\u010daj saobraznosti u konkretnom slu\u010daju;<\/p><p>3) da li se nesaobraznost mo\u017ee otkloniti bez zna\u010dajnijih nepogodnosti za potro\u0161a\u010da.<\/p><p>Potro\u0161a\u010d ima pravo da zahteva zamenu, odgovaraju\u0107e umanjenje cene ili da raskine ugovor zbog istog ili drugog nedostatka saobraznosti koji se posle prve opravke pojavi, a ponovna opravka je mogu\u0107a samo uz izri\u010ditu saglasnost potro\u0161a\u010da.<\/p><p>Uzimaju\u0107i u obzir prirodu robe i svrhu zbog koje je potro\u0161a\u010d nabavio, opravka ili zamena mora se izvr\u0161iti u primerenom roku bez zna\u010dajnih neugodnosti za potro\u0161a\u010da i uz njegovu saglasnost.<\/p><p>Ako se nesaobraznost pojavi u roku od \u0161est meseci od dana prelaska rizika na potro\u0161a\u010da, potro\u0161a\u010d ima pravo da bira izme\u0111u zahteva da se nesaobraznost otkloni zamenom, odgovaraju\u0107im umanjenjem cene ili da izjavi da raskida ugovor.<\/p><p>Ako se nesaobraznost pojavi u roku od \u0161est meseci od dana prelaska rizika na potro\u0161a\u010da, otklanjanje nesaobraznosti mogu\u0107e je opravkom uz izri\u010ditu saglasnost potro\u0161a\u010da.<\/p><p>Sve tro\u0161kove koji su neophodni da bi roba postala saobrazna ugovoru, a naro\u010dito tro\u0161kove rada, materijala, preuzimanja i isporuke, snosi prodavac.<\/p><p>Za obaveze prodavca prema potro\u0161a\u010du, koje nastanu usled nesaobraznosti robe, prodavac ima pravo da zahteva od proizvo\u0111a\u010da u lancu nabavke te robe, da mu naknadi ono \u0161to je ispunio po osnovu te obaveze.<\/p><p>Potro\u0161a\u010d ne mo\u017ee da raskine ugovor ako je nesaobraznost robe neznatna.<\/p><p><strong>Rokovi i teret dokazivanja<\/strong><\/p><p><strong>\u010clan 7.<\/strong><\/p><p>Prodavac je odgovoran za nesaobraznost robe ugovoru koja se pojavi u roku od dve godine od dana prelaska rizika na potro\u0161a\u010da.<\/p><p>Ako nesaobraznost nastane u roku od \u0161est meseci od dana prelaska rizika na potro\u0161a\u010da, pretpostavlja se da je nesaobraznost postojala u trenutku prelaska rizika, osim ako je to u suprotnosti sa prirodom robe i prirodom odre\u0111ene nesaobraznosti.<\/p><p>Teret dokazivanja da nije postojala nesaobraznost snosi prodavac.<\/p><p>Navedeni rokovi ne teku u periodu koji prodavac koristi za otklanjanje nesaobraznosti.<\/p><p><strong>III GARANCIJA<\/strong><\/p><p><strong>Garancija<\/strong><\/p><p><strong>\u010clan 8.<\/strong><\/p><p>Garancija je svaka izjava kojom njen davalac daje obe\u0107anje u vezi sa robom, i pravno je obavezuju\u0107a pod uslovima datim u izjavi, kao i ogla\u0161avanju u vezi sa tom robom.<\/p><p><strong>Garantni list<\/strong><\/p><p><strong>\u010clan 9.<\/strong><\/p><p>Garantni list je isprava u pisanom ili elektronskom obliku ili na drugom trajnom nosa\u010du zapisa, koja sadr\u017ei sve podatke iz garancije, navedene na jasan i \u010ditljiv na\u010din, lako razumljivim jezikom, a naro\u010dito podatke o:<\/p><p>1) pravima koja potro\u0161a\u010d ima na osnovu ovog zakona i o tome da garancija ne isklju\u010duje i ne uti\u010de na prava potro\u0161a\u010da koja proizlaze iz zakonske odgovornosti prodavca za nesaobraznost robe ugovoru;<\/p><p>2) nazivu i adresi davaoca garancije;<\/p><p>3) nazivu i adresi prodavca, ako on nije istovremeno i davalac garancije;<\/p><p>4) datumu predaje robe potro\u0161a\u010du;<\/p><p>5) podatke kojima se identifikuje roba (model, tip, serijski broj i sl.);<\/p><p>6) sadr\u017eini garancije, uslovima i postupku ostvarivanja prava iz garancije;<\/p><p>7) trajanju garantnog roka i prostornom va\u017eenju garancije.<\/p><p>Trgovac je du\u017ean da za datu garanciju sa\u010dini garantni list.<\/p><p>Trgovac je du\u017ean da potro\u0161a\u010du preda garantni list.<\/p><p>Garantni list se mo\u017ee izdati i u elektronskom obliku ili na drugom trajnom nosa\u010du zapisa koji je dostupan potro\u0161a\u010du, ukoliko se potro\u0161a\u010d saglasi.<\/p><p>Teret dokazivanja da je garantni list predat potro\u0161a\u010du je na trgovcu.<\/p><p>Garancija ne isklju\u010duje i ne uti\u010de na prava potro\u0161a\u010da u vezi sa saobrazno\u0161\u0107u robe ugovoru.<\/p><p><strong>IV Reklamacija<\/strong><\/p><p><strong>Izjavljivanje reklamacije<\/strong><\/p><p><strong>\u010clan 10.<\/strong><\/p><p>Potro\u0161a\u010d mo\u017ee da izjavi reklamaciju prodavcu radi ostvarivanja svojih prava u pogledu saobraznosti robe, kao i zbog pogre\u0161no obra\u010dunate cene i drugih nedostataka.<\/p><p>Potro\u0161a\u010d mo\u017ee da izjavi reklamaciju prodavcu radi ostvarivanja svojih prava u pogledu nesaobraznosti robe u roku u kome je predvi\u0111ena odgovornost prodavca po osnovu nesaobraznosti, a posle isteka tog roka reklamacija se izjavljuje izdavaocu garancije.<\/p><p>Trgovac je du\u017ean da primi izjavljenu reklamaciju.<\/p><p>Potro\u0161a\u010d mo\u017ee da izjavi reklamaciju na e- mail adresu:\u00a0<a href=\"mailto:zlatnodoba369@gmail.com\">zlatnodoba369@gmail.com<\/a>\u00a0ili na broj telefona \u00a0+381693694111, a koji broj je dostupan radnim danom od 09 do 18 \u00a0\u010dasova.<\/p><p><strong>Evidencija primljenih reklamacija<\/strong><\/p><p><strong>\u010clan 11.<\/strong><\/p><p>Prodavac je du\u017ean da vodi evidenciju primljenih reklamacija i da je \u010duva najmanje dve godine od dana podno\u0161enja reklamacija potro\u0161a\u010da.<\/p><p>Evidencija o primljenim reklamacijama vodi se u obliku ukori\u010dene knjige ili u elektronskom obliku i sadr\u017ei naro\u010dito ime i prezime podnosioca i datum prijema reklamacije, podatke o robi, kratkom opisu nesaobraznosti i zahtevu iz reklamacije, datumu izdavanja potvrde o prijemu reklamacije, odluci o odgovoru potro\u0161a\u010du, datumu dostavljanja te odluke, ugovorenom primerenom roku za re\u0161avanje na koji se saglasio potro\u0161a\u010d, na\u010dinu i datumu re\u0161avanja reklamacije, kao i informacije o produ\u017eavanju roka za re\u0161avanje reklamacije.<\/p><p><strong>Potvrda prijema reklamacije i postupak re\u0161avanja<\/strong><\/p><p><strong>\u010clan 12.<\/strong><\/p><p>Prodavac je du\u017ean da potro\u0161a\u010du bez odlaganja elektronskim putem potvrdi prijem reklamacije, odnosno saop\u0161ti broj pod kojim je zavedena njegova reklamacija u evidenciji primljenih reklamacija.<\/p><p>Prodavac je du\u017ean da bez odlaganja, a najkasnije u roku od osam dana od dana prijema reklamacije, pisanim ili elektronskim putem odgovori potro\u0161a\u010du na izjavljenu reklamaciju. Odgovor prodavca na reklamaciju potro\u0161a\u010da mora da sadr\u017ei odluku da li prihvata reklamaciju, obrazlo\u017eenje ako ne prihvata reklamaciju, izja\u0161njenje o zahtevu potro\u0161a\u010da o na\u010dinu re\u0161avanja i konkretan predlog u kom roku \u0107e i kako re\u0161iti reklamaciju ukoliko je prihvata. Rok za re\u0161avanje reklamacije ne mo\u017ee da bude du\u017ei od 15 dana, odnosno 30 dana za tehni\u010dku robu, od dana podno\u0161enja reklamacije.<\/p><p>Prodavac je du\u017ean da postupi u skladu sa odlukom i predlogom za re\u0161avanje reklamacije, ukoliko je dobio prethodnu saglasnost potro\u0161a\u010da. Rok za re\u0161avanje reklamacije prekida se kada potro\u0161a\u010d primi odgovor prodavca i po\u010dinje da te\u010de iznova kada prodavac primi izja\u0161njenje potro\u0161a\u010da. Potro\u0161a\u010d je du\u017ean da se izjasni na odgovor prodavca najkasnije u roku od tri dana od dana prijema odgovora prodavca. Ukoliko se potro\u0161a\u010d u propisanom roku ne izjasni, smatra\u0107e se da nije saglasan sa predlogom prodavca.<\/p><p>Ukoliko prodavac iz objektivnih razloga nije u mogu\u0107nosti da udovolji zahtevu potro\u0161a\u010da u propisanom roku, du\u017ean je da o produ\u017eavanju roka za re\u0161avanje reklamacije obavesti potro\u0161a\u010da i navede rok u kome \u0107e je re\u0161iti, kao i da dobije njegovu saglasnost, \u0161to je u obavezi da evidentira u evidenciji primljenih reklamacija. Produ\u017eavanje roka za re\u0161avanje reklamacija mogu\u0107e je samo jednom.<\/p><p>Ukoliko prodavac odbije reklamaciju, du\u017ean je da potro\u0161a\u010da obavesti o mogu\u0107nosti re\u0161avanja spora vansudskim putem i o nadle\u017enim telima za vansudsko re\u0161avanje potro\u0161a\u010dkih sporova.<\/p><p>\u00a0<\/p><p><strong>Obave\u0161tavanje potro\u0161a\u010da o pravima u vezi sa reklamacijom<\/strong><\/p><p><strong>\u010clan 13.<\/strong><\/p><p>Potro\u0161a\u010d ima pravo da se li\u010dno obavesti o svojim pravima u vezi sa reklamacijom. Sve informacije su dostupne potro\u0161a\u010du na internet stranici:\u00a0<a href=\"https:\/\/zlatnodoba.org\/en\/reliant\/ugovor-o-prodaji-na-daljinu\/\">https:\/\/zlatnodoba.org\/reliant\/ugovor-o-prodaji-na-daljinu\/<\/a>.<\/p><p>\u00a0<\/p><p><strong>V PRELAZNE I ZAVR\u0160NE ODREDBE<\/strong><\/p><p><strong>Objavljivanje ovog pravilnika<\/strong><\/p><p><strong>\u010clan 14.<\/strong><\/p><p>Ovaj pravilnik, kao i njegove izmene i dopune objavljuju se na internet stranici Prodavca.<\/p><p><strong>Stupanje na snagu<\/strong><\/p><p><strong>\u010clan 15.<\/strong><\/p><p>Ovaj pravilnik stupa na snagu 8 dana od dana njegovog objavljivanja na oglasnoj tabli Prodavca, nakon \u010dega \u0107e isti biti objavljen na internet stranici Prodavca.<\/p><p>\u00a0<\/p><p>U Beogradu dana 01.06.2024. godine \u00a0\u00a0\u00a0\u00a0 \u00a0\u00a0\u00a0\u00a0\u00a0\u00a0\u00a0\u00a0\u00a0\u00a0\u00a0\u00a0\u00a0\u00a0<\/p><p>___________________________<\/p><p>\u00a0 \u00a0\u00a0\u00a0\u00a0\u00a0\u00a0\u00a0\u00a0\u00a0\u00a0\u00a0\u00a0 \u00a0\u00a0\u00a0\u00a0\u00a0\u00a0\u00a0\u00a0\u00a0\u00a0\u00a0\u00a0\u00a0\u00a0\u00a0\u00a0\u00a0\u00a0\u00a0\u00a0\u00a0\u00a0\u00a0\u00a0\u00a0\u00a0\u00a0\u00a0\u00a0\u00a0\u00a0\u00a0\u00a0\u00a0\u00a0\u00a0\u00a0\u00a0\u00a0\u00a0\u00a0\u00a0\u00a0\u00a0\u00a0\u00a0\u00a0\u00a0\u00a0\u00a0\u00a0\u00a0\u00a0\u00a0\u00a0\u00a0\u00a0\u00a0\u00a0\u00a0\u00a0\u00a0\u00a0\u00a0\u00a0\u00a0\u00a0\u00a0\u00a0\u00a0\u00a0\u00a0\u00a0\u00a0 \u00a0\u00a0\u00a0\u00a0\u00a0\u00a0\u00a0\u00a0\u00a0\u00a0\u00a0\u00a0\u00a0\u00a0 ____________, direktor<\/p><\/div><\/div>\t\t\t\t\t\t\t\t<\/div>\n\t\t\t\t<\/div>\n\t\t\t\t\t<\/div>\n\t\t<\/div>\n\t\t\t\t\t<\/div>\n\t\t<\/section>\n\t\t\t\t<\/div>","protected":false},"excerpt":{"rendered":"<p>PRAVILNIK O USLOVIMA I NA\u010cINU RE\u0160AVANJA REKLAMACIJA POTRO\u0160A\u010cA Shodno odredbi \u010dlana 55. Zakona o za\u0161titi potro\u0161a\u010da (dalje: Zakon), a u vezi sa odredbama Zakona o trgovini i Zakona o privrednim dru\u0161tvima,\u00a0Zlatno Doba d.o.o. Beograd, ul. Bulevar Milutina Milankovi\u0107a br. 94, MB: 22105990, PIB: 115021573, \u010diji je zakonski zastupnik Kre\u0161o Sekuli\u0107, dana 01.6.2025. godine donosi: PRAVILNIK [&hellip;]<\/p>\n","protected":false},"author":1,"featured_media":0,"parent":0,"menu_order":0,"comment_status":"closed","ping_status":"closed","template":"","meta":{"_acf_changed":false,"_hpay_column_layout":"0","_hpay_name_price":"0","pmpro_default_level":"","footnotes":""},"class_list":["post-7742","page","type-page","status-publish","hentry","pmpro-has-access"],"acf":[],"yoast_head":"<!-- This site is optimized with the Yoast SEO plugin v27.1 - https:\/\/yoast.com\/product\/yoast-seo-wordpress\/ -->\n<title>Pravilnik o informacijama - Zlatno Doba<\/title>\n<meta name=\"robots\" content=\"index, follow, max-snippet:-1, max-image-preview:large, max-video-preview:-1\" \/>\n<link rel=\"canonical\" href=\"https:\/\/zlatnodoba.org\/en\/pravilnik-o-informacijama\/\" \/>\n<meta property=\"og:locale\" content=\"en_GB\" \/>\n<meta property=\"og:type\" content=\"article\" \/>\n<meta property=\"og:title\" content=\"Pravilnik o informacijama - Zlatno Doba\" \/>\n<meta property=\"og:description\" content=\"PRAVILNIK O USLOVIMA I NA\u010cINU RE\u0160AVANJA REKLAMACIJA POTRO\u0160A\u010cA Shodno odredbi \u010dlana 55. Zakona o za\u0161titi potro\u0161a\u010da (dalje: Zakon), a u vezi sa odredbama Zakona o trgovini i Zakona o privrednim dru\u0161tvima,\u00a0Zlatno Doba d.o.o. Beograd, ul. Bulevar Milutina Milankovi\u0107a br. 94, MB: 22105990, PIB: 115021573, \u010diji je zakonski zastupnik Kre\u0161o Sekuli\u0107, dana 01.6.2025. godine donosi: PRAVILNIK [&hellip;]\" \/>\n<meta property=\"og:url\" content=\"https:\/\/zlatnodoba.org\/en\/pravilnik-o-informacijama\/\" \/>\n<meta property=\"og:site_name\" content=\"Zlatno Doba\" \/>\n<meta property=\"article:modified_time\" content=\"2025-08-08T10:47:33+00:00\" \/>\n<meta name=\"twitter:card\" content=\"summary_large_image\" \/>\n<meta name=\"twitter:label1\" content=\"Estimated reading time\" \/>\n\t<meta name=\"twitter:data1\" content=\"11 minutes\" \/>\n<script type=\"application\/ld+json\" class=\"yoast-schema-graph\">{\"@context\":\"https:\/\/schema.org\",\"@graph\":[{\"@type\":\"WebPage\",\"@id\":\"https:\/\/zlatnodoba.org\/pravilnik-o-informacijama\/\",\"url\":\"https:\/\/zlatnodoba.org\/pravilnik-o-informacijama\/\",\"name\":\"Pravilnik o informacijama - Zlatno Doba\",\"isPartOf\":{\"@id\":\"https:\/\/zlatnodoba.org\/#website\"},\"datePublished\":\"2025-08-08T10:29:38+00:00\",\"dateModified\":\"2025-08-08T10:47:33+00:00\",\"inLanguage\":\"en-GB\",\"potentialAction\":[{\"@type\":\"ReadAction\",\"target\":[\"https:\/\/zlatnodoba.org\/pravilnik-o-informacijama\/\"]}]},{\"@type\":\"WebSite\",\"@id\":\"https:\/\/zlatnodoba.org\/#website\",\"url\":\"https:\/\/zlatnodoba.org\/\",\"name\":\"Zlatno Doba\",\"description\":\"\",\"potentialAction\":[{\"@type\":\"SearchAction\",\"target\":{\"@type\":\"EntryPoint\",\"urlTemplate\":\"https:\/\/zlatnodoba.org\/?s={search_term_string}\"},\"query-input\":{\"@type\":\"PropertyValueSpecification\",\"valueRequired\":true,\"valueName\":\"search_term_string\"}}],\"inLanguage\":\"en-GB\"}]}<\/script>\n<!-- \/ Yoast SEO plugin. -->","yoast_head_json":{"title":"Pravilnik o informacijama - Zlatno Doba","robots":{"index":"index","follow":"follow","max-snippet":"max-snippet:-1","max-image-preview":"max-image-preview:large","max-video-preview":"max-video-preview:-1"},"canonical":"https:\/\/zlatnodoba.org\/en\/pravilnik-o-informacijama\/","og_locale":"en_GB","og_type":"article","og_title":"Pravilnik o informacijama - Zlatno Doba","og_description":"PRAVILNIK O USLOVIMA I NA\u010cINU RE\u0160AVANJA REKLAMACIJA POTRO\u0160A\u010cA Shodno odredbi \u010dlana 55. Zakona o za\u0161titi potro\u0161a\u010da (dalje: Zakon), a u vezi sa odredbama Zakona o trgovini i Zakona o privrednim dru\u0161tvima,\u00a0Zlatno Doba d.o.o. Beograd, ul. Bulevar Milutina Milankovi\u0107a br. 94, MB: 22105990, PIB: 115021573, \u010diji je zakonski zastupnik Kre\u0161o Sekuli\u0107, dana 01.6.2025. godine donosi: PRAVILNIK [&hellip;]","og_url":"https:\/\/zlatnodoba.org\/en\/pravilnik-o-informacijama\/","og_site_name":"Zlatno Doba","article_modified_time":"2025-08-08T10:47:33+00:00","twitter_card":"summary_large_image","twitter_misc":{"Estimated reading time":"11 minutes"},"schema":{"@context":"https:\/\/schema.org","@graph":[{"@type":"WebPage","@id":"https:\/\/zlatnodoba.org\/pravilnik-o-informacijama\/","url":"https:\/\/zlatnodoba.org\/pravilnik-o-informacijama\/","name":"Pravilnik o informacijama - Zlatno Doba","isPartOf":{"@id":"https:\/\/zlatnodoba.org\/#website"},"datePublished":"2025-08-08T10:29:38+00:00","dateModified":"2025-08-08T10:47:33+00:00","inLanguage":"en-GB","potentialAction":[{"@type":"ReadAction","target":["https:\/\/zlatnodoba.org\/pravilnik-o-informacijama\/"]}]},{"@type":"WebSite","@id":"https:\/\/zlatnodoba.org\/#website","url":"https:\/\/zlatnodoba.org\/","name":"Zlatno Doba","description":"","potentialAction":[{"@type":"SearchAction","target":{"@type":"EntryPoint","urlTemplate":"https:\/\/zlatnodoba.org\/?s={search_term_string}"},"query-input":{"@type":"PropertyValueSpecification","valueRequired":true,"valueName":"search_term_string"}}],"inLanguage":"en-GB"}]}},"_links":{"self":[{"href":"https:\/\/zlatnodoba.org\/en\/wp-json\/wp\/v2\/pages\/7742","targetHints":{"allow":["GET"]}}],"collection":[{"href":"https:\/\/zlatnodoba.org\/en\/wp-json\/wp\/v2\/pages"}],"about":[{"href":"https:\/\/zlatnodoba.org\/en\/wp-json\/wp\/v2\/types\/page"}],"author":[{"embeddable":true,"href":"https:\/\/zlatnodoba.org\/en\/wp-json\/wp\/v2\/users\/1"}],"replies":[{"embeddable":true,"href":"https:\/\/zlatnodoba.org\/en\/wp-json\/wp\/v2\/comments?post=7742"}],"version-history":[{"count":5,"href":"https:\/\/zlatnodoba.org\/en\/wp-json\/wp\/v2\/pages\/7742\/revisions"}],"predecessor-version":[{"id":7772,"href":"https:\/\/zlatnodoba.org\/en\/wp-json\/wp\/v2\/pages\/7742\/revisions\/7772"}],"wp:attachment":[{"href":"https:\/\/zlatnodoba.org\/en\/wp-json\/wp\/v2\/media?parent=7742"}],"curies":[{"name":"wp","href":"https:\/\/api.w.org\/{rel}","templated":true}]}}