{"id":7718,"date":"2025-08-07T12:57:20","date_gmt":"2025-08-07T12:57:20","guid":{"rendered":"https:\/\/zlatnodoba.org\/?page_id=7718"},"modified":"2025-08-26T10:53:41","modified_gmt":"2025-08-26T10:53:41","slug":"404-2","status":"publish","type":"page","link":"https:\/\/zlatnodoba.org\/en\/404-2\/","title":{"rendered":"404"},"content":{"rendered":"<section class=\"error-404\" style=\"text-align: center; padding: 60px 20px;\">\n<h1>Ups! Stranica nije prona\u0111ena<\/h1>\n<p>Izgleda da je ova stranica nekako zalutala negde izme\u0111u pro\u0161losti i budu\u0107nosti\u2026<\/p>\n<p>Ali ne brinite \u2013 u Zlatnom Dobu vas uvek \u010deka obilje znanja, motivacije i pozitivne energije!<\/p>\n<p><!-- Search form --><\/p>\n<form id=\"search-form\" class=\"search-form\" style=\"margin: 30px 0;\" action=\"\/en\/\" method=\"get\" data-trp-original-action=\"\/\"><input style=\"padding: 10px; width: 60%; max-width: 300px;\" name=\"s\" required=\"\" type=\"search\" placeholder=\"Pretra\u017ei sajt\u2026\" \/><br \/>\n<button style=\"padding: 10px 20px;\" type=\"submit\">Pretra\u017ei<\/button><input type=\"hidden\" name=\"trp-form-language\" value=\"en\"\/><\/form>\n<h2>\u0160ta dalje?<\/h2>\n<ul class=\"error-actions\" style=\"list-style: none; padding: 0; margin: 20px 0;\">\n<li style=\"margin: 10px 0;\"><a style=\"text-decoration: none; font-weight: bold;\" href=\"\/en\/\">\u27a4 Vrati me na po\u010detnu<\/a><\/li>\n<li style=\"margin: 10px 0;\"><a style=\"text-decoration: none; font-weight: bold;\" href=\"#search-form\">\u27a4 Pretra\u017ei sajt<\/a><\/li>\n<li style=\"margin: 10px 0; text-align: left; display: inline-block;\"><span style=\"font-weight: bold;\">\u27a4 Pogledaj na\u0161e najpopularnije:<\/span>\n<ul style=\"list-style: disc; margin: 10px 0 0 20px; padding: 0; text-align: left;\">\n<li><a href=\"\/en\/edukacija\/\">\u2728 Edukativni \u010dlanci<\/a><\/li>\n<li><a href=\"\/en\/video\/\">\ud83c\udf1f Inspirativni videi<\/a><\/li>\n<\/ul>\n<\/li>\n<\/ul>\n<p>Ako vam treba pomo\u0107 ili imate pitanje, <a href=\"\/en\/kontakt\/\">pi\u0161ite nam<\/a>.<\/p>\n<\/section>","protected":false},"excerpt":{"rendered":"<p>Ups! Stranica nije prona\u0111ena Izgleda da je ova stranica nekako zalutala negde izme\u0111u pro\u0161losti i budu\u0107nosti\u2026 Ali ne brinite \u2013 u Zlatnom Dobu vas uvek \u010deka obilje znanja, motivacije i pozitivne energije! Pretra\u017ei \u0160ta dalje? \u27a4 Vrati me na po\u010detnu \u27a4 Pretra\u017ei sajt \u27a4 Pogledaj na\u0161e najpopularnije: \u2728 Edukativni \u010dlanci \ud83c\udf1f Inspirativni videi Ako vam [&hellip;]<\/p>\n","protected":false},"author":1,"featured_media":0,"parent":0,"menu_order":0,"comment_status":"closed","ping_status":"closed","template":"elementor_header_footer","meta":{"_acf_changed":false,"_hpay_column_layout":"0","_hpay_name_price":"0","pmpro_default_level":"","footnotes":""},"class_list":["post-7718","page","type-page","status-publish","hentry","pmpro-has-access"],"acf":[],"yoast_head":"<!-- This site is optimized with the Yoast SEO plugin v27.1 - https:\/\/yoast.com\/product\/yoast-seo-wordpress\/ -->\n<title>404 - Zlatno Doba<\/title>\n<meta name=\"robots\" content=\"index, follow, max-snippet:-1, max-image-preview:large, max-video-preview:-1\" \/>\n<link rel=\"canonical\" href=\"https:\/\/zlatnodoba.org\/en\/404-2\/\" \/>\n<meta property=\"og:locale\" content=\"en_GB\" \/>\n<meta property=\"og:type\" content=\"article\" \/>\n<meta property=\"og:title\" content=\"404 - Zlatno Doba\" \/>\n<meta property=\"og:description\" content=\"Ups! Stranica nije prona\u0111ena Izgleda da je ova stranica nekako zalutala negde izme\u0111u pro\u0161losti i budu\u0107nosti\u2026 Ali ne brinite \u2013 u Zlatnom Dobu vas uvek \u010deka obilje znanja, motivacije i pozitivne energije! Pretra\u017ei \u0160ta dalje? \u27a4 Vrati me na po\u010detnu \u27a4 Pretra\u017ei sajt \u27a4 Pogledaj na\u0161e najpopularnije: \u2728 Edukativni \u010dlanci \ud83c\udf1f Inspirativni videi Ako vam [&hellip;]\" \/>\n<meta property=\"og:url\" content=\"https:\/\/zlatnodoba.org\/en\/404-2\/\" \/>\n<meta property=\"og:site_name\" content=\"Zlatno Doba\" \/>\n<meta property=\"article:modified_time\" content=\"2025-08-26T10:53:41+00:00\" \/>\n<meta name=\"twitter:card\" content=\"summary_large_image\" \/>\n<meta name=\"twitter:label1\" content=\"Estimated reading time\" \/>\n\t<meta name=\"twitter:data1\" content=\"13 minutes\" \/>\n<script type=\"application\/ld+json\" class=\"yoast-schema-graph\">{\"@context\":\"https:\/\/schema.org\",\"@graph\":[{\"@type\":\"WebPage\",\"@id\":\"https:\/\/zlatnodoba.org\/404-2\/\",\"url\":\"https:\/\/zlatnodoba.org\/404-2\/\",\"name\":\"404 - Zlatno Doba\",\"isPartOf\":{\"@id\":\"https:\/\/zlatnodoba.org\/#website\"},\"datePublished\":\"2025-08-07T12:57:20+00:00\",\"dateModified\":\"2025-08-26T10:53:41+00:00\",\"breadcrumb\":{\"@id\":\"https:\/\/zlatnodoba.org\/404-2\/#breadcrumb\"},\"inLanguage\":\"en-GB\",\"potentialAction\":[{\"@type\":\"ReadAction\",\"target\":[\"https:\/\/zlatnodoba.org\/404-2\/\"]}]},{\"@type\":\"BreadcrumbList\",\"@id\":\"https:\/\/zlatnodoba.org\/404-2\/#breadcrumb\",\"itemListElement\":[{\"@type\":\"ListItem\",\"position\":1,\"name\":\"Home\",\"item\":\"https:\/\/zlatnodoba.org\/\"},{\"@type\":\"ListItem\",\"position\":2,\"name\":\"404\"}]},{\"@type\":\"WebSite\",\"@id\":\"https:\/\/zlatnodoba.org\/#website\",\"url\":\"https:\/\/zlatnodoba.org\/\",\"name\":\"Zlatno Doba\",\"description\":\"\",\"potentialAction\":[{\"@type\":\"SearchAction\",\"target\":{\"@type\":\"EntryPoint\",\"urlTemplate\":\"https:\/\/zlatnodoba.org\/?s={search_term_string}\"},\"query-input\":{\"@type\":\"PropertyValueSpecification\",\"valueRequired\":true,\"valueName\":\"search_term_string\"}}],\"inLanguage\":\"en-GB\"}]}<\/script>\n<!-- \/ Yoast SEO plugin. -->","yoast_head_json":{"title":"404 - Zlatno Doba","robots":{"index":"index","follow":"follow","max-snippet":"max-snippet:-1","max-image-preview":"max-image-preview:large","max-video-preview":"max-video-preview:-1"},"canonical":"https:\/\/zlatnodoba.org\/en\/404-2\/","og_locale":"en_GB","og_type":"article","og_title":"404 - Zlatno Doba","og_description":"Ups! Stranica nije prona\u0111ena Izgleda da je ova stranica nekako zalutala negde izme\u0111u pro\u0161losti i budu\u0107nosti\u2026 Ali ne brinite \u2013 u Zlatnom Dobu vas uvek \u010deka obilje znanja, motivacije i pozitivne energije! Pretra\u017ei \u0160ta dalje? \u27a4 Vrati me na po\u010detnu \u27a4 Pretra\u017ei sajt \u27a4 Pogledaj na\u0161e najpopularnije: \u2728 Edukativni \u010dlanci \ud83c\udf1f Inspirativni videi Ako vam [&hellip;]","og_url":"https:\/\/zlatnodoba.org\/en\/404-2\/","og_site_name":"Zlatno Doba","article_modified_time":"2025-08-26T10:53:41+00:00","twitter_card":"summary_large_image","twitter_misc":{"Estimated reading time":"13 minutes"},"schema":{"@context":"https:\/\/schema.org","@graph":[{"@type":"WebPage","@id":"https:\/\/zlatnodoba.org\/404-2\/","url":"https:\/\/zlatnodoba.org\/404-2\/","name":"404 - Zlatno Doba","isPartOf":{"@id":"https:\/\/zlatnodoba.org\/#website"},"datePublished":"2025-08-07T12:57:20+00:00","dateModified":"2025-08-26T10:53:41+00:00","breadcrumb":{"@id":"https:\/\/zlatnodoba.org\/404-2\/#breadcrumb"},"inLanguage":"en-GB","potentialAction":[{"@type":"ReadAction","target":["https:\/\/zlatnodoba.org\/404-2\/"]}]},{"@type":"BreadcrumbList","@id":"https:\/\/zlatnodoba.org\/404-2\/#breadcrumb","itemListElement":[{"@type":"ListItem","position":1,"name":"Home","item":"https:\/\/zlatnodoba.org\/"},{"@type":"ListItem","position":2,"name":"404"}]},{"@type":"WebSite","@id":"https:\/\/zlatnodoba.org\/#website","url":"https:\/\/zlatnodoba.org\/","name":"Zlatno Doba","description":"","potentialAction":[{"@type":"SearchAction","target":{"@type":"EntryPoint","urlTemplate":"https:\/\/zlatnodoba.org\/?s={search_term_string}"},"query-input":{"@type":"PropertyValueSpecification","valueRequired":true,"valueName":"search_term_string"}}],"inLanguage":"en-GB"}]}},"_links":{"self":[{"href":"https:\/\/zlatnodoba.org\/en\/wp-json\/wp\/v2\/pages\/7718","targetHints":{"allow":["GET"]}}],"collection":[{"href":"https:\/\/zlatnodoba.org\/en\/wp-json\/wp\/v2\/pages"}],"about":[{"href":"https:\/\/zlatnodoba.org\/en\/wp-json\/wp\/v2\/types\/page"}],"author":[{"embeddable":true,"href":"https:\/\/zlatnodoba.org\/en\/wp-json\/wp\/v2\/users\/1"}],"replies":[{"embeddable":true,"href":"https:\/\/zlatnodoba.org\/en\/wp-json\/wp\/v2\/comments?post=7718"}],"version-history":[{"count":6,"href":"https:\/\/zlatnodoba.org\/en\/wp-json\/wp\/v2\/pages\/7718\/revisions"}],"predecessor-version":[{"id":7789,"href":"https:\/\/zlatnodoba.org\/en\/wp-json\/wp\/v2\/pages\/7718\/revisions\/7789"}],"wp:attachment":[{"href":"https:\/\/zlatnodoba.org\/en\/wp-json\/wp\/v2\/media?parent=7718"}],"curies":[{"name":"wp","href":"https:\/\/api.w.org\/{rel}","templated":true}]}}