{"id":600,"date":"2022-03-08T18:00:40","date_gmt":"2022-03-08T18:00:40","guid":{"rendered":"https:\/\/zlatnodoba.org\/membership-account\/membership-levels\/"},"modified":"2025-02-02T19:06:20","modified_gmt":"2025-02-02T19:06:20","slug":"membership-levels","status":"publish","type":"page","link":"https:\/\/zlatnodoba.org\/en\/membership-account\/membership-levels\/","title":{"rendered":"Membership Levels"},"content":{"rendered":"<div data-elementor-type=\"wp-page\" data-elementor-id=\"600\" class=\"elementor elementor-600\" data-elementor-post-type=\"page\">\n\t\t\t\t\t\t<section class=\"elementor-section elementor-top-section elementor-element elementor-element-06dc938 elementor-hidden-desktop elementor-hidden-tablet elementor-hidden-mobile elementor-section-boxed elementor-section-height-default elementor-section-height-default\" data-id=\"06dc938\" data-element_type=\"section\" data-e-type=\"section\" data-settings=\"{&quot;background_background&quot;:&quot;classic&quot;}\">\n\t\t\t\t\t\t<div class=\"elementor-container elementor-column-gap-default\">\n\t\t\t\t\t<div class=\"elementor-column elementor-col-100 elementor-top-column elementor-element elementor-element-2a99c29\" data-id=\"2a99c29\" data-element_type=\"column\" data-e-type=\"column\">\n\t\t\t<div class=\"elementor-widget-wrap elementor-element-populated\">\n\t\t\t\t\t\t<div class=\"elementor-element elementor-element-cc3fe5c elementor-widget elementor-widget-elementskit-pricing\" data-id=\"cc3fe5c\" data-element_type=\"widget\" data-e-type=\"widget\" data-widget_type=\"elementskit-pricing.default\">\n\t\t\t\t<div class=\"elementor-widget-container\">\n\t\t\t\t\t<div class=\"ekit-wid-con\" >\n\n        <div class=\"elementskit-single-pricing\" >\n            <div class=\"elementskit-pricing-header\">\n\t\t\t\t\t\t\t\t\t\t\t\t\t\n\t\t\t\t\t<i aria-hidden=\"true\" class=\"elementkit-pricing-icon elementor-animation- fas fa-archive\"><\/i>\t\t\t\t\t\t\t\t\t\n\t\t\t\t\n\t\t\t\t                \t<h3\t\t\t\t\tclass=\"elementskit-pricing-title\">GODI\u0160NJA DONACIJA\t\t\t\t\t<\/h3>\n\t\t\t\t\t\t\t\t                \t<p class=\"elementskit-pricing-subtitle\">Pristupite celoj arhivi za 6,00\u20ac mese\u010dno<\/p>\n\t\t\t\t            <\/div>\n\t\t\t            <div class=\"elementskit-pricing-price-wraper has-tag\">\n                <div class=\"elementskit-pricing-tag\"><\/div>\n                <span class=\"elementskit-pricing-price\">\n\t\t\t\t\t\t\t\t\t\t\t<sup class=\"currency\">\u20ac<\/sup>\n\t\t\t\t\t\t\t\t\t\t<span>72<\/span>\n\t\t\t\t\t\n\t\t\t\t\t\t\t\t\t\t<sub class=\"period\">godi\u0161nje<\/sub>\n\t\t\t\t\t\t\t\t\t<\/span>\n            <\/div>\n\t\t\t            <div class=\"elementskit-pricing-content\">\n\n                                                    <ul class=\"elementskit-pricing-lists\">\n                        \t\t\t\t\t\t\t<li class=\"elementor-repeater-item-9cb75f0\">\n\t\t\t\t\t\t\t\t<i aria-hidden=\"true\" class=\"fas fa-music\"><\/i>\t\t\t\t\t\t\t\t\n\t\t\t\t\t\t\t\t7 LEKOVITIH MATRICA DR GARJAJEVA (programiranje DNK)\t\t\t\t\t\t\t\t\n\t\t\t\t\t\t\t\t\t\t\t\t\t\t\t<\/li>\n                        \t\t\t\t\t\t\t<li class=\"elementor-repeater-item-99b31ce\">\n\t\t\t\t\t\t\t\t<i aria-hidden=\"true\" class=\"icon icon-open-book\"><\/i>\t\t\t\t\t\t\t\t\n\t\t\t\t\t\t\t\t120+ PDF KNJIGA (duhovnost, ezoterija, metafizika, zdravlje..)\t\t\t\t\t\t\t\t\n\t\t\t\t\t\t\t\t\t\t\t\t\t\t\t<\/li>\n                        \t\t\t\t\t\t\t<li class=\"elementor-repeater-item-7e5703f\">\n\t\t\t\t\t\t\t\t<i aria-hidden=\"true\" class=\"fas fa-star\"><\/i>\t\t\t\t\t\t\t\t\n\t\t\t\t\t\t\t\t30 EKSLUZIVNIH EMISIJA (nedostupne javnosti samo za \u010dlanove)\t\t\t\t\t\t\t\t\n\t\t\t\t\t\t\t\t\t\t\t\t\t\t\t<\/li>\n                        \t\t\t\t\t\t\t<li class=\"elementor-repeater-item-1226806\">\n\t\t\t\t\t\t\t\t<i aria-hidden=\"true\" class=\"fas fa-lightbulb\"><\/i>\t\t\t\t\t\t\t\t\n\t\t\t\t\t\t\t\t50 EMISIJA O NIKOLI TESLI (sa razli\u010ditim ljudima iz nauke)\t\t\t\t\t\t\t\t\n\t\t\t\t\t\t\t\t\t\t\t\t\t\t\t<\/li>\n                        \t\t\t\t\t\t\t<li class=\"elementor-repeater-item-51b88f2\">\n\t\t\t\t\t\t\t\t<i aria-hidden=\"true\" class=\"fas fa-heartbeat\"><\/i>\t\t\t\t\t\t\t\t\n\t\t\t\t\t\t\t\t74 EMISIJE O ZDRAVLJU (kvantna i alternativna medicina)\t\t\t\t\t\t\t\t\n\t\t\t\t\t\t\t\t\t\t\t\t\t\t\t<\/li>\n                        \t\t\t\t\t\t\t<li class=\"elementor-repeater-item-0e3e55e\">\n\t\t\t\t\t\t\t\t<i aria-hidden=\"true\" class=\"fas fa-infinity\"><\/i>\t\t\t\t\t\t\t\t\n\t\t\t\t\t\t\t\t69 PREDAVANJA PROF. SPASOJA VLAJI\u0106A + 1\/3 seminar\t\t\t\t\t\t\t\t\n\t\t\t\t\t\t\t\t\t\t\t\t\t\t\t<\/li>\n                        \t\t\t\t\t\t\t<li class=\"elementor-repeater-item-96b4501\">\n\t\t\t\t\t\t\t\t<i aria-hidden=\"true\" class=\"fas fa-gem\"><\/i>\t\t\t\t\t\t\t\t\n\t\t\t\t\t\t\t\tVIBER NALJEPNICE RUNE + PDF katalog o zna\u010denju runa\t\t\t\t\t\t\t\t\n\t\t\t\t\t\t\t\t\t\t\t\t\t\t\t<\/li>\n                        \t\t\t\t\t\t\t<li class=\"elementor-repeater-item-17f34ad\">\n\t\t\t\t\t\t\t\t<i aria-hidden=\"true\" class=\"fab fa-viber\"><\/i>\t\t\t\t\t\t\t\t\n\t\t\t\t\t\t\t\tU\u010cLANJENJE U VIBER GRUPU (zajednica sa 1280+ \u010dlanova)\t\t\t\t\t\t\t\t\n\t\t\t\t\t\t\t\t\t\t\t\t\t\t\t<\/li>\n                        \t\t\t\t\t\t\t<li class=\"elementor-repeater-item-15a508f\">\n\t\t\t\t\t\t\t\t<i aria-hidden=\"true\" class=\"fas fa-receipt\"><\/i>\t\t\t\t\t\t\t\t\n\t\t\t\t\t\t\t\tRECEPTI ZA \u010cI\u0160\u0106ENJE ORGANIZMA (Gordana Cveti\u0107)\t\t\t\t\t\t\t\t\n\t\t\t\t\t\t\t\t\t\t\t\t\t\t\t<\/li>\n                        \t\t\t\t\t\t\t<li class=\"elementor-repeater-item-7739389\">\n\t\t\t\t\t\t\t\t<i aria-hidden=\"true\" class=\"fas fa-book-reader\"><\/i>\t\t\t\t\t\t\t\t\n\t\t\t\t\t\t\t\tMOLITVE I POZITIVNE AFIRMACIJE (Leon Bijeli\u0107)\t\t\t\t\t\t\t\t\n\t\t\t\t\t\t\t\t\t\t\t\t\t\t\t<\/li>\n                        \t\t\t\t\t\t\t<li class=\"elementor-repeater-item-781f521\">\n\t\t\t\t\t\t\t\t<i aria-hidden=\"true\" class=\"fas fa-phone-square\"><\/i>\t\t\t\t\t\t\t\t\n\t\t\t\t\t\t\t\tKONTAKT PODACI (iscelitelji, terapeuti, doktori...)\t\t\t\t\t\t\t\t\n\t\t\t\t\t\t\t\t\t\t\t\t\t\t\t<\/li>\n                        \t\t\t\t\t\t\t<li class=\"elementor-repeater-item-cc5ac1c\">\n\t\t\t\t\t\t\t\t<i aria-hidden=\"true\" class=\"fas fa-shopping-cart\"><\/i>\t\t\t\t\t\t\t\t\n\t\t\t\t\t\t\t\tPROMO KOD ZA 10% POPUSTA (na razne proizvode)\t\t\t\t\t\t\t\t\n\t\t\t\t\t\t\t\t\t\t\t\t\t\t\t<\/li>\n                                            <\/ul>\n                            <\/div>\n            <div class=\"elementskit-pricing-btn-wraper\">\n\t\t\t\t<a href=\"https:\/\/zlatnodoba.org\/en\/proizvod\/zajednica-zlatno-doba-donacija\/\" class=\"elementskit-pricing-btn  ekit-pricing-btn-icon-pos-left\" >\n\t\t\t\t\t<i aria-hidden=\"true\" class=\"fas fa-shopping-cart\"><\/i>\u017eelim sav materijal\t\t\t\t<\/a>\n            <\/div>\n        <\/div>\n\n    <\/div>\t\t\t\t<\/div>\n\t\t\t\t<\/div>\n\t\t\t\t\t<\/div>\n\t\t<\/div>\n\t\t\t\t\t<\/div>\n\t\t<\/section>\n\t\t\t\t<section class=\"elementor-section elementor-top-section elementor-element elementor-element-5f25c42 elementor-section-boxed elementor-section-height-default elementor-section-height-default\" data-id=\"5f25c42\" data-element_type=\"section\" data-e-type=\"section\">\n\t\t\t\t\t\t<div class=\"elementor-container elementor-column-gap-default\">\n\t\t\t\t\t<div class=\"elementor-column elementor-col-100 elementor-top-column elementor-element elementor-element-0b452dd\" data-id=\"0b452dd\" data-element_type=\"column\" data-e-type=\"column\">\n\t\t\t<div class=\"elementor-widget-wrap elementor-element-populated\">\n\t\t\t\t\t\t<div class=\"elementor-element elementor-element-1380e22 elementor-widget elementor-widget-elementskit-pricing\" data-id=\"1380e22\" data-element_type=\"widget\" data-e-type=\"widget\" data-widget_type=\"elementskit-pricing.default\">\n\t\t\t\t<div class=\"elementor-widget-container\">\n\t\t\t\t\t<div class=\"ekit-wid-con\" >\n\n        <div class=\"elementskit-single-pricing\" >\n            <div class=\"elementskit-pricing-header\">\n\t\t\t\t\t\t\t\t\t\t\t\t\t\n\t\t\t\t\t<i aria-hidden=\"true\" class=\"elementkit-pricing-icon elementor-animation- fas fa-archive\"><\/i>\t\t\t\t\t\t\t\t\t\n\t\t\t\t\n\t\t\t\t                \t<h3\t\t\t\t\tclass=\"elementskit-pricing-title\">GODI\u0160NJA DONACIJA\t\t\t\t\t<\/h3>\n\t\t\t\t\t\t\t\t                \t<p class=\"elementskit-pricing-subtitle\">Pristupite celoj arhivi za 6,00\u20ac mese\u010dno<\/p>\n\t\t\t\t            <\/div>\n\t\t\t            <div class=\"elementskit-pricing-price-wraper has-tag\">\n                <div class=\"elementskit-pricing-tag\"><\/div>\n                <span class=\"elementskit-pricing-price\">\n\t\t\t\t\t\t\t\t\t\t\t<sup class=\"currency\">\u20ac<\/sup>\n\t\t\t\t\t\t\t\t\t\t<span>72<\/span>\n\t\t\t\t\t\n\t\t\t\t\t\t\t\t\t\t<sub class=\"period\">godi\u0161nje<\/sub>\n\t\t\t\t\t\t\t\t\t<\/span>\n            <\/div>\n\t\t\t            <div class=\"elementskit-pricing-content\">\n\n                                                    <ul class=\"elementskit-pricing-lists\">\n                        \t\t\t\t\t\t\t<li class=\"elementor-repeater-item-9cb75f0\">\n\t\t\t\t\t\t\t\t<i aria-hidden=\"true\" class=\"fas fa-music\"><\/i>\t\t\t\t\t\t\t\t\n\t\t\t\t\t\t\t\t7 LEKOVITIH MATRICA DR GARJAJEVA (programiranje DNK)\t\t\t\t\t\t\t\t\n\t\t\t\t\t\t\t\t\t\t\t\t\t\t\t<\/li>\n                        \t\t\t\t\t\t\t<li class=\"elementor-repeater-item-99b31ce\">\n\t\t\t\t\t\t\t\t<i aria-hidden=\"true\" class=\"icon icon-open-book\"><\/i>\t\t\t\t\t\t\t\t\n\t\t\t\t\t\t\t\t120+ PDF KNJIGA (duhovnost, ezoterija, metafizika, zdravlje..)\t\t\t\t\t\t\t\t\n\t\t\t\t\t\t\t\t\t\t\t\t\t\t\t<\/li>\n                        \t\t\t\t\t\t\t<li class=\"elementor-repeater-item-7e5703f\">\n\t\t\t\t\t\t\t\t<i aria-hidden=\"true\" class=\"fas fa-star\"><\/i>\t\t\t\t\t\t\t\t\n\t\t\t\t\t\t\t\t30 EKSLUZIVNIH EMISIJA (nedostupne javnosti samo za \u010dlanove)\t\t\t\t\t\t\t\t\n\t\t\t\t\t\t\t\t\t\t\t\t\t\t\t<\/li>\n                        \t\t\t\t\t\t\t<li class=\"elementor-repeater-item-6419e51\">\n\t\t\t\t\t\t\t\t<i aria-hidden=\"true\" class=\"fas fa-music\"><\/i>\t\t\t\t\t\t\t\t\n\t\t\t\t\t\t\t\t81 MUZI\u010cKO UMETNI\u010cKA EMISIJA (koncerti, spotovi, pesme...)\t\t\t\t\t\t\t\t\n\t\t\t\t\t\t\t\t\t\t\t\t\t\t\t<\/li>\n                        \t\t\t\t\t\t\t<li class=\"elementor-repeater-item-0ae3dca\">\n\t\t\t\t\t\t\t\t<i aria-hidden=\"true\" class=\"fas fa-tv\"><\/i>\t\t\t\t\t\t\t\t\n\t\t\t\t\t\t\t\t29 FILMOVA (dokumentarnih, nau\u010dnih, eksperimentalnih...)\t\t\t\t\t\t\t\t\n\t\t\t\t\t\t\t\t\t\t\t\t\t\t\t<\/li>\n                        \t\t\t\t\t\t\t<li class=\"elementor-repeater-item-1226806\">\n\t\t\t\t\t\t\t\t<i aria-hidden=\"true\" class=\"fas fa-lightbulb\"><\/i>\t\t\t\t\t\t\t\t\n\t\t\t\t\t\t\t\t50 EMISIJA O NIKOLI TESLI (sa razli\u010ditim ljudima iz nauke)\t\t\t\t\t\t\t\t\n\t\t\t\t\t\t\t\t\t\t\t\t\t\t\t<\/li>\n                        \t\t\t\t\t\t\t<li class=\"elementor-repeater-item-51b88f2\">\n\t\t\t\t\t\t\t\t<i aria-hidden=\"true\" class=\"fas fa-heartbeat\"><\/i>\t\t\t\t\t\t\t\t\n\t\t\t\t\t\t\t\t74 EMISIJE O ZDRAVLJU (kvantna i alternativna medicina)\t\t\t\t\t\t\t\t\n\t\t\t\t\t\t\t\t\t\t\t\t\t\t\t<\/li>\n                        \t\t\t\t\t\t\t<li class=\"elementor-repeater-item-0e3e55e\">\n\t\t\t\t\t\t\t\t<i aria-hidden=\"true\" class=\"fas fa-infinity\"><\/i>\t\t\t\t\t\t\t\t\n\t\t\t\t\t\t\t\t69 PREDAVANJA PROF. SPASOJA VLAJI\u0106A + 1\/3 seminar\t\t\t\t\t\t\t\t\n\t\t\t\t\t\t\t\t\t\t\t\t\t\t\t<\/li>\n                        \t\t\t\t\t\t\t<li class=\"elementor-repeater-item-96b4501\">\n\t\t\t\t\t\t\t\t<i aria-hidden=\"true\" class=\"fas fa-gem\"><\/i>\t\t\t\t\t\t\t\t\n\t\t\t\t\t\t\t\tVIBER NALJEPNICE RUNE + PDF katalog o zna\u010denju runa\t\t\t\t\t\t\t\t\n\t\t\t\t\t\t\t\t\t\t\t\t\t\t\t<\/li>\n                        \t\t\t\t\t\t\t<li class=\"elementor-repeater-item-17f34ad\">\n\t\t\t\t\t\t\t\t<i aria-hidden=\"true\" class=\"fab fa-viber\"><\/i>\t\t\t\t\t\t\t\t\n\t\t\t\t\t\t\t\tU\u010cLANJENJE U VIBER GRUPU (zajednica sa 1280+ \u010dlanova)\t\t\t\t\t\t\t\t\n\t\t\t\t\t\t\t\t\t\t\t\t\t\t\t<\/li>\n                        \t\t\t\t\t\t\t<li class=\"elementor-repeater-item-15a508f\">\n\t\t\t\t\t\t\t\t<i aria-hidden=\"true\" class=\"fas fa-receipt\"><\/i>\t\t\t\t\t\t\t\t\n\t\t\t\t\t\t\t\tRECEPTI ZA \u010cI\u0160\u0106ENJE ORGANIZMA (Gordana Cveti\u0107)\t\t\t\t\t\t\t\t\n\t\t\t\t\t\t\t\t\t\t\t\t\t\t\t<\/li>\n                        \t\t\t\t\t\t\t<li class=\"elementor-repeater-item-7739389\">\n\t\t\t\t\t\t\t\t<i aria-hidden=\"true\" class=\"fas fa-book-reader\"><\/i>\t\t\t\t\t\t\t\t\n\t\t\t\t\t\t\t\tMOLITVE I POZITIVNE AFIRMACIJE (Leon Bijeli\u0107)\t\t\t\t\t\t\t\t\n\t\t\t\t\t\t\t\t\t\t\t\t\t\t\t<\/li>\n                        \t\t\t\t\t\t\t<li class=\"elementor-repeater-item-781f521\">\n\t\t\t\t\t\t\t\t<i aria-hidden=\"true\" class=\"fas fa-phone-square\"><\/i>\t\t\t\t\t\t\t\t\n\t\t\t\t\t\t\t\tKONTAKT PODACI (doktori, iscelitelji, duhovni u\u010ditelji...)\t\t\t\t\t\t\t\t\n\t\t\t\t\t\t\t\t\t\t\t\t\t\t\t<\/li>\n                        \t\t\t\t\t\t\t<li class=\"elementor-repeater-item-cc5ac1c\">\n\t\t\t\t\t\t\t\t<i aria-hidden=\"true\" class=\"fas fa-shopping-cart\"><\/i>\t\t\t\t\t\t\t\t\n\t\t\t\t\t\t\t\tPROMO KOD ZA 10% POPUSTA (na razne proizvode)\t\t\t\t\t\t\t\t\n\t\t\t\t\t\t\t\t\t\t\t\t\t\t\t<\/li>\n                                            <\/ul>\n                            <\/div>\n            <div class=\"elementskit-pricing-btn-wraper\">\n\t\t\t\t<a href=\"https:\/\/zlatnodoba.org\/en\/proizvod\/zajednica-zlatno-doba-donacija\/\" class=\"elementskit-pricing-btn  ekit-pricing-btn-icon-pos-left\" >\n\t\t\t\t\t<i aria-hidden=\"true\" class=\"fas fa-shopping-cart\"><\/i>\u017eelim sav materijal\t\t\t\t<\/a>\n            <\/div>\n        <\/div>\n\n    <\/div>\t\t\t\t<\/div>\n\t\t\t\t<\/div>\n\t\t\t\t\t<\/div>\n\t\t<\/div>\n\t\t\t\t\t<\/div>\n\t\t<\/section>\n\t\t\t\t<\/div>","protected":false},"excerpt":{"rendered":"<p>GODI\u0160NJA DONACIJA Pristupite celoj arhivi za 6,00\u20ac mese\u010dno \u20ac 72 godi\u0161nje 7 LEKOVITIH MATRICA DR GARJAJEVA (programiranje DNK) 120+ PDF KNJIGA (duhovnost, ezoterija, metafizika, zdravlje..) 30 EKSLUZIVNIH EMISIJA (nedostupne javnosti samo za \u010dlanove) 50 EMISIJA O NIKOLI TESLI (sa razli\u010ditim ljudima iz nauke) 74 EMISIJE O ZDRAVLJU (kvantna i alternativna medicina) 69 PREDAVANJA PROF. SPASOJA [&hellip;]<\/p>\n","protected":false},"author":1,"featured_media":0,"parent":594,"menu_order":0,"comment_status":"closed","ping_status":"closed","template":"elementor_header_footer","meta":{"_acf_changed":false,"_hpay_column_layout":"0","_hpay_name_price":"0","pmpro_default_level":"","footnotes":""},"class_list":["post-600","page","type-page","status-publish","hentry","pmpro-has-access"],"acf":[],"yoast_head":"<!-- This site is optimized with the Yoast SEO plugin v27.1 - https:\/\/yoast.com\/product\/yoast-seo-wordpress\/ -->\n<title>Membership Levels - Zlatno Doba<\/title>\n<meta name=\"robots\" content=\"index, follow, max-snippet:-1, max-image-preview:large, max-video-preview:-1\" \/>\n<link rel=\"canonical\" href=\"https:\/\/zlatnodoba.org\/en\/membership-account\/membership-levels\/\" \/>\n<meta property=\"og:locale\" content=\"en_GB\" \/>\n<meta property=\"og:type\" content=\"article\" \/>\n<meta property=\"og:title\" content=\"Membership Levels - Zlatno Doba\" \/>\n<meta property=\"og:description\" content=\"GODI\u0160NJA DONACIJA Pristupite celoj arhivi za 6,00\u20ac mese\u010dno \u20ac 72 godi\u0161nje 7 LEKOVITIH MATRICA DR GARJAJEVA (programiranje DNK) 120+ PDF KNJIGA (duhovnost, ezoterija, metafizika, zdravlje..) 30 EKSLUZIVNIH EMISIJA (nedostupne javnosti samo za \u010dlanove) 50 EMISIJA O NIKOLI TESLI (sa razli\u010ditim ljudima iz nauke) 74 EMISIJE O ZDRAVLJU (kvantna i alternativna medicina) 69 PREDAVANJA PROF. SPASOJA [&hellip;]\" \/>\n<meta property=\"og:url\" content=\"https:\/\/zlatnodoba.org\/en\/membership-account\/membership-levels\/\" \/>\n<meta property=\"og:site_name\" content=\"Zlatno Doba\" \/>\n<meta property=\"article:modified_time\" content=\"2025-02-02T19:06:20+00:00\" \/>\n<meta name=\"twitter:card\" content=\"summary_large_image\" \/>\n<meta name=\"twitter:label1\" content=\"Estimated reading time\" \/>\n\t<meta name=\"twitter:data1\" content=\"2 minutes\" \/>\n<script type=\"application\/ld+json\" class=\"yoast-schema-graph\">{\"@context\":\"https:\/\/schema.org\",\"@graph\":[{\"@type\":\"WebPage\",\"@id\":\"https:\/\/zlatnodoba.org\/membership-account\/membership-levels\/\",\"url\":\"https:\/\/zlatnodoba.org\/membership-account\/membership-levels\/\",\"name\":\"Membership Levels - Zlatno Doba\",\"isPartOf\":{\"@id\":\"https:\/\/zlatnodoba.org\/#website\"},\"datePublished\":\"2022-03-08T18:00:40+00:00\",\"dateModified\":\"2025-02-02T19:06:20+00:00\",\"breadcrumb\":{\"@id\":\"https:\/\/zlatnodoba.org\/membership-account\/membership-levels\/#breadcrumb\"},\"inLanguage\":\"en-GB\",\"potentialAction\":[{\"@type\":\"ReadAction\",\"target\":[\"https:\/\/zlatnodoba.org\/membership-account\/membership-levels\/\"]}]},{\"@type\":\"BreadcrumbList\",\"@id\":\"https:\/\/zlatnodoba.org\/membership-account\/membership-levels\/#breadcrumb\",\"itemListElement\":[{\"@type\":\"ListItem\",\"position\":1,\"name\":\"Home\",\"item\":\"https:\/\/zlatnodoba.org\/\"},{\"@type\":\"ListItem\",\"position\":2,\"name\":\"Membership Account\",\"item\":\"https:\/\/zlatnodoba.org\/membership-account\/\"},{\"@type\":\"ListItem\",\"position\":3,\"name\":\"Membership Levels\"}]},{\"@type\":\"WebSite\",\"@id\":\"https:\/\/zlatnodoba.org\/#website\",\"url\":\"https:\/\/zlatnodoba.org\/\",\"name\":\"Zlatno Doba\",\"description\":\"\",\"potentialAction\":[{\"@type\":\"SearchAction\",\"target\":{\"@type\":\"EntryPoint\",\"urlTemplate\":\"https:\/\/zlatnodoba.org\/?s={search_term_string}\"},\"query-input\":{\"@type\":\"PropertyValueSpecification\",\"valueRequired\":true,\"valueName\":\"search_term_string\"}}],\"inLanguage\":\"en-GB\"}]}<\/script>\n<!-- \/ Yoast SEO plugin. -->","yoast_head_json":{"title":"Membership Levels - Zlatno Doba","robots":{"index":"index","follow":"follow","max-snippet":"max-snippet:-1","max-image-preview":"max-image-preview:large","max-video-preview":"max-video-preview:-1"},"canonical":"https:\/\/zlatnodoba.org\/en\/membership-account\/membership-levels\/","og_locale":"en_GB","og_type":"article","og_title":"Membership Levels - Zlatno Doba","og_description":"GODI\u0160NJA DONACIJA Pristupite celoj arhivi za 6,00\u20ac mese\u010dno \u20ac 72 godi\u0161nje 7 LEKOVITIH MATRICA DR GARJAJEVA (programiranje DNK) 120+ PDF KNJIGA (duhovnost, ezoterija, metafizika, zdravlje..) 30 EKSLUZIVNIH EMISIJA (nedostupne javnosti samo za \u010dlanove) 50 EMISIJA O NIKOLI TESLI (sa razli\u010ditim ljudima iz nauke) 74 EMISIJE O ZDRAVLJU (kvantna i alternativna medicina) 69 PREDAVANJA PROF. SPASOJA [&hellip;]","og_url":"https:\/\/zlatnodoba.org\/en\/membership-account\/membership-levels\/","og_site_name":"Zlatno Doba","article_modified_time":"2025-02-02T19:06:20+00:00","twitter_card":"summary_large_image","twitter_misc":{"Estimated reading time":"2 minutes"},"schema":{"@context":"https:\/\/schema.org","@graph":[{"@type":"WebPage","@id":"https:\/\/zlatnodoba.org\/membership-account\/membership-levels\/","url":"https:\/\/zlatnodoba.org\/membership-account\/membership-levels\/","name":"Membership Levels - Zlatno Doba","isPartOf":{"@id":"https:\/\/zlatnodoba.org\/#website"},"datePublished":"2022-03-08T18:00:40+00:00","dateModified":"2025-02-02T19:06:20+00:00","breadcrumb":{"@id":"https:\/\/zlatnodoba.org\/membership-account\/membership-levels\/#breadcrumb"},"inLanguage":"en-GB","potentialAction":[{"@type":"ReadAction","target":["https:\/\/zlatnodoba.org\/membership-account\/membership-levels\/"]}]},{"@type":"BreadcrumbList","@id":"https:\/\/zlatnodoba.org\/membership-account\/membership-levels\/#breadcrumb","itemListElement":[{"@type":"ListItem","position":1,"name":"Home","item":"https:\/\/zlatnodoba.org\/"},{"@type":"ListItem","position":2,"name":"Membership Account","item":"https:\/\/zlatnodoba.org\/membership-account\/"},{"@type":"ListItem","position":3,"name":"Membership Levels"}]},{"@type":"WebSite","@id":"https:\/\/zlatnodoba.org\/#website","url":"https:\/\/zlatnodoba.org\/","name":"Zlatno Doba","description":"","potentialAction":[{"@type":"SearchAction","target":{"@type":"EntryPoint","urlTemplate":"https:\/\/zlatnodoba.org\/?s={search_term_string}"},"query-input":{"@type":"PropertyValueSpecification","valueRequired":true,"valueName":"search_term_string"}}],"inLanguage":"en-GB"}]}},"_links":{"self":[{"href":"https:\/\/zlatnodoba.org\/en\/wp-json\/wp\/v2\/pages\/600","targetHints":{"allow":["GET"]}}],"collection":[{"href":"https:\/\/zlatnodoba.org\/en\/wp-json\/wp\/v2\/pages"}],"about":[{"href":"https:\/\/zlatnodoba.org\/en\/wp-json\/wp\/v2\/types\/page"}],"author":[{"embeddable":true,"href":"https:\/\/zlatnodoba.org\/en\/wp-json\/wp\/v2\/users\/1"}],"replies":[{"embeddable":true,"href":"https:\/\/zlatnodoba.org\/en\/wp-json\/wp\/v2\/comments?post=600"}],"version-history":[{"count":100,"href":"https:\/\/zlatnodoba.org\/en\/wp-json\/wp\/v2\/pages\/600\/revisions"}],"predecessor-version":[{"id":5052,"href":"https:\/\/zlatnodoba.org\/en\/wp-json\/wp\/v2\/pages\/600\/revisions\/5052"}],"up":[{"embeddable":true,"href":"https:\/\/zlatnodoba.org\/en\/wp-json\/wp\/v2\/pages\/594"}],"wp:attachment":[{"href":"https:\/\/zlatnodoba.org\/en\/wp-json\/wp\/v2\/media?parent=600"}],"curies":[{"name":"wp","href":"https:\/\/api.w.org\/{rel}","templated":true}]}}