{"id":5187,"date":"2025-02-02T22:26:38","date_gmt":"2025-02-02T22:26:38","guid":{"rendered":"https:\/\/zlatnodoba.org\/?page_id=5187"},"modified":"2025-06-01T20:31:34","modified_gmt":"2025-06-01T20:31:34","slug":"kvantna-medicina","status":"publish","type":"page","link":"https:\/\/zlatnodoba.org\/en\/kvantna-medicina\/","title":{"rendered":"Kvantna Medicina &#8211; shop page"},"content":{"rendered":"<div data-elementor-type=\"wp-page\" data-elementor-id=\"5187\" class=\"elementor elementor-5187\" data-elementor-post-type=\"page\">\n\t\t\t\t\t\t<section class=\"elementor-section elementor-top-section elementor-element elementor-element-ad0fbe0 elementor-section-boxed elementor-section-height-default elementor-section-height-default\" data-id=\"ad0fbe0\" data-element_type=\"section\" data-e-type=\"section\">\n\t\t\t\t\t\t<div class=\"elementor-container elementor-column-gap-default\">\n\t\t\t\t\t<div class=\"elementor-column elementor-col-100 elementor-top-column elementor-element elementor-element-8beaa4f\" data-id=\"8beaa4f\" data-element_type=\"column\" data-e-type=\"column\">\n\t\t\t<div class=\"elementor-widget-wrap elementor-element-populated\">\n\t\t\t\t\t\t<div class=\"elementor-element elementor-element-98c8aa3 elementor-widget elementor-widget-heading\" data-id=\"98c8aa3\" data-element_type=\"widget\" data-e-type=\"widget\" data-widget_type=\"heading.default\">\n\t\t\t\t<div class=\"elementor-widget-container\">\n\t\t\t\t\t<h2 class=\"elementor-heading-title elementor-size-default\">KATEGORIJA - KVANTNA MEDICINA<\/h2>\t\t\t\t<\/div>\n\t\t\t\t<\/div>\n\t\t\t\t<div class=\"elementor-element elementor-element-00f5213 premium-woo-product-align-center premium-qv-hidden-yes elementor-widget elementor-widget-premium-woo-products\" data-id=\"00f5213\" data-element_type=\"widget\" data-e-type=\"widget\" data-widget_type=\"premium-woo-products.grid-1\">\n\t\t\t\t<div class=\"elementor-widget-container\">\n\t\t\t\t\t<div class=\"premium-woocommerce premium-woo-products-grid premium-woo-skin-grid-1 premium-woo-query-custom\" data-page-id=\"5187\" data-skin=\"grid_1\" data-quick-view=\"\"><div class=\"premium-woo-products-inner premium-woo-product__hover-zoomin\"><ul class=\"products columns-3\">\n\r\n<li class=\"post-4930 product first instock taxable shipping-taxable purchasable product-type-simple\">\r\n\t<div class=\"premium-woo-product-wrapper premium-con-lq__none\">\r\n\t\t<div class=\"premium-woo-product-thumbnail\"><a href=\"https:\/\/zlatnodoba.org\/en\/proizvod\/garjajev-aparat-kvantna-medicina-saveti\/\" class=\"woocommerce-LoopProduct-link woocommerce-loop-product__link\"><img decoding=\"async\" src=\"https:\/\/zlatnodoba.org\/wp-content\/uploads\/2025\/02\/aparat1-300x300.jpg\" alt=\"Garjajev Aparat Kvantna Medicina - Teslina tehnologija za zdravlje!\"><\/a><\/div><div class=\"premium-woo-products-details-wrap\"><a href=\"https:\/\/zlatnodoba.org\/en\/proizvod\/garjajev-aparat-kvantna-medicina-saveti\/\" class=\"premium-woo-product__link\"><h2 class=\"woocommerce-loop-product__title\">Garjajev Aparat &#8211; Kvantna Medicina &#8211; Kako se koristi za zdravlje &#8211; 2025<\/h2><\/a>\t\t\t<span class=\"premium-woo-product-category\">\r\n\t\t\t\tKvantna medicina\t\t\t<\/span>\r\n\t\t\t\n\t<span class=\"price\"><span class=\"woocommerce-Price-amount amount\"><bdi>0&nbsp;<span class=\"woocommerce-Price-currencySymbol\">RSD<\/span><\/bdi><\/span><\/span>\n<div class=\"premium-woo-atc-button\" ><a href=\"\/en\/wp-json\/wp\/v2\/pages\/5187?add-to-cart=4930\" aria-describedby=\"woocommerce_loop_add_to_cart_link_describedby_4930\" data-quantity=\"1\" class=\"button product_type_simple add_to_cart_button ajax_add_to_cart\" data-product_id=\"4930\" data-product_sku=\"4930\" aria-label=\"Add to basket: \u201cGarjajev Aparat - Kvantna Medicina - Kako se koristi za zdravlje - 2025\u201d\" rel=\"nofollow\" data-success_message=\"\u201cGarjajev Aparat - Kvantna Medicina - Kako se koristi za zdravlje - 2025\u201d has been added to your cart\" role=\"button\" data-no-translation=\"\" data-trp-gettext=\"\" data-no-translation-aria-label=\"\" data-no-translation-data-success_message=\"\">Add to basket<\/a>\t<span id=\"woocommerce_loop_add_to_cart_link_describedby_4930\" class=\"screen-reader-text\">\n\t\t\t<\/span>\n<\/div><\/div>\t<\/div>\r\n<\/li>\r\n<\/ul>\n<\/div><\/div>\t\t\t\t<\/div>\n\t\t\t\t<\/div>\n\t\t\t\t\t<\/div>\n\t\t<\/div>\n\t\t\t\t\t<\/div>\n\t\t<\/section>\n\t\t\t\t<section class=\"elementor-section elementor-top-section elementor-element elementor-element-c3ebc2c elementor-section-boxed elementor-section-height-default elementor-section-height-default\" data-id=\"c3ebc2c\" data-element_type=\"section\" data-e-type=\"section\">\n\t\t\t\t\t\t<div class=\"elementor-container elementor-column-gap-default\">\n\t\t\t\t\t<div class=\"elementor-column elementor-col-100 elementor-top-column elementor-element elementor-element-6eb4e85\" data-id=\"6eb4e85\" data-element_type=\"column\" data-e-type=\"column\">\n\t\t\t<div class=\"elementor-widget-wrap elementor-element-populated\">\n\t\t\t\t\t\t<div class=\"elementor-element elementor-element-a74bba1 elementor-widget elementor-widget-spacer\" data-id=\"a74bba1\" data-element_type=\"widget\" data-e-type=\"widget\" data-widget_type=\"spacer.default\">\n\t\t\t\t<div class=\"elementor-widget-container\">\n\t\t\t\t\t\t\t<div class=\"elementor-spacer\">\n\t\t\t<div class=\"elementor-spacer-inner\"><\/div>\n\t\t<\/div>\n\t\t\t\t\t\t<\/div>\n\t\t\t\t<\/div>\n\t\t\t\t<div class=\"elementor-element elementor-element-e4bd945 elementor-widget elementor-widget-heading\" data-id=\"e4bd945\" data-element_type=\"widget\" data-e-type=\"widget\" data-widget_type=\"heading.default\">\n\t\t\t\t<div class=\"elementor-widget-container\">\n\t\t\t\t\t<h2 class=\"elementor-heading-title elementor-size-default\">SVE KATEGORIJE<\/h2>\t\t\t\t<\/div>\n\t\t\t\t<\/div>\n\t\t\t\t<div class=\"elementor-element elementor-element-3e0b0ea elementor-widget elementor-widget-spacer\" data-id=\"3e0b0ea\" data-element_type=\"widget\" data-e-type=\"widget\" data-widget_type=\"spacer.default\">\n\t\t\t\t<div class=\"elementor-widget-container\">\n\t\t\t\t\t\t\t<div class=\"elementor-spacer\">\n\t\t\t<div class=\"elementor-spacer-inner\"><\/div>\n\t\t<\/div>\n\t\t\t\t\t\t<\/div>\n\t\t\t\t<\/div>\n\t\t\t\t\t<\/div>\n\t\t<\/div>\n\t\t\t\t\t<\/div>\n\t\t<\/section>\n\t\t\t\t<\/div>","protected":false},"excerpt":{"rendered":"<p>KATEGORIJA &#8211; KVANTNA MEDICINA Garjajev Aparat \u2013 Kvantna Medicina \u2013 Kako se koristi za zdravlje \u2013 2025 &nbsp; Kvantna medicina 0\u00a0\u0440\u0441\u0434 Dodaj u korpu SVE KATEGORIJE Za\u0161tita od zra\u010denja Harmonizator aure Zajednica Godi\u0161nja \u010dlanarina Ru\u010dni radovi Unikatni proizvodi Ode\u0107a Majice i ostalo Kvantna medicina Aparati i ostalo Knjige Znanje je mo\u0107 Kalendar Za 2025. godinu [&hellip;]<\/p>\n","protected":false},"author":46,"featured_media":0,"parent":0,"menu_order":0,"comment_status":"closed","ping_status":"closed","template":"","meta":{"_acf_changed":false,"_hpay_column_layout":"0","_hpay_name_price":"0","pmpro_default_level":"","footnotes":""},"class_list":["post-5187","page","type-page","status-publish","hentry","pmpro-has-access"],"acf":[],"yoast_head":"<!-- This site is optimized with the Yoast SEO plugin v27.1 - https:\/\/yoast.com\/product\/yoast-seo-wordpress\/ -->\n<title>Kvantna Medicina - shop page - Zlatno Doba<\/title>\n<meta name=\"robots\" content=\"index, follow, max-snippet:-1, max-image-preview:large, max-video-preview:-1\" \/>\n<link rel=\"canonical\" href=\"https:\/\/zlatnodoba.org\/en\/product-category\/kvantna-medicina\/\" \/>\n<meta property=\"og:locale\" content=\"en_GB\" \/>\n<meta property=\"og:type\" content=\"article\" \/>\n<meta property=\"og:title\" content=\"Kvantna Medicina - shop page - Zlatno Doba\" \/>\n<meta property=\"og:description\" content=\"KATEGORIJA &#8211; KVANTNA MEDICINA Garjajev Aparat \u2013 Kvantna Medicina \u2013 Kako se koristi za zdravlje \u2013 2025 &nbsp; Kvantna medicina 0\u00a0\u0440\u0441\u0434 Dodaj u korpu SVE KATEGORIJE Za\u0161tita od zra\u010denja Harmonizator aure Zajednica Godi\u0161nja \u010dlanarina Ru\u010dni radovi Unikatni proizvodi Ode\u0107a Majice i ostalo Kvantna medicina Aparati i ostalo Knjige Znanje je mo\u0107 Kalendar Za 2025. godinu [&hellip;]\" \/>\n<meta property=\"og:url\" content=\"https:\/\/zlatnodoba.org\/en\/product-category\/kvantna-medicina\/\" \/>\n<meta property=\"og:site_name\" content=\"Zlatno Doba\" \/>\n<meta property=\"article:modified_time\" content=\"2025-06-01T20:31:34+00:00\" \/>\n<meta property=\"og:image\" content=\"https:\/\/zlatnodoba.org\/wp-content\/uploads\/2025\/02\/aparat1-300x300.jpg\" \/>\n<meta name=\"twitter:card\" content=\"summary_large_image\" \/>\n<meta name=\"twitter:label1\" content=\"Estimated reading time\" \/>\n\t<meta name=\"twitter:data1\" content=\"5 minutes\" \/>\n<script type=\"application\/ld+json\" class=\"yoast-schema-graph\">{\"@context\":\"https:\/\/schema.org\",\"@graph\":[{\"@type\":\"WebPage\",\"@id\":\"https:\/\/zlatnodoba.org\/product-category\/kvantna-medicina\/\",\"url\":\"https:\/\/zlatnodoba.org\/product-category\/kvantna-medicina\/\",\"name\":\"Kvantna Medicina - shop page - Zlatno Doba\",\"isPartOf\":{\"@id\":\"https:\/\/zlatnodoba.org\/#website\"},\"primaryImageOfPage\":{\"@id\":\"https:\/\/zlatnodoba.org\/product-category\/kvantna-medicina\/#primaryimage\"},\"image\":{\"@id\":\"https:\/\/zlatnodoba.org\/product-category\/kvantna-medicina\/#primaryimage\"},\"thumbnailUrl\":\"https:\/\/zlatnodoba.org\/wp-content\/uploads\/2025\/02\/aparat1-300x300.jpg\",\"datePublished\":\"2025-02-02T22:26:38+00:00\",\"dateModified\":\"2025-06-01T20:31:34+00:00\",\"breadcrumb\":{\"@id\":\"https:\/\/zlatnodoba.org\/product-category\/kvantna-medicina\/#breadcrumb\"},\"inLanguage\":\"en-GB\",\"potentialAction\":[{\"@type\":\"ReadAction\",\"target\":[\"https:\/\/zlatnodoba.org\/product-category\/kvantna-medicina\/\"]}]},{\"@type\":\"ImageObject\",\"inLanguage\":\"en-GB\",\"@id\":\"https:\/\/zlatnodoba.org\/product-category\/kvantna-medicina\/#primaryimage\",\"url\":\"https:\/\/zlatnodoba.org\/wp-content\/uploads\/2025\/02\/aparat1-300x300.jpg\",\"contentUrl\":\"https:\/\/zlatnodoba.org\/wp-content\/uploads\/2025\/02\/aparat1-300x300.jpg\"},{\"@type\":\"BreadcrumbList\",\"@id\":\"https:\/\/zlatnodoba.org\/product-category\/kvantna-medicina\/#breadcrumb\",\"itemListElement\":[{\"@type\":\"ListItem\",\"position\":1,\"name\":\"Home\",\"item\":\"https:\/\/zlatnodoba.org\/\"},{\"@type\":\"ListItem\",\"position\":2,\"name\":\"Product category\",\"item\":\"https:\/\/zlatnodoba.org\/product-category\/\"},{\"@type\":\"ListItem\",\"position\":3,\"name\":\"Kvantna Medicina &#8211; shop page\"}]},{\"@type\":\"WebSite\",\"@id\":\"https:\/\/zlatnodoba.org\/#website\",\"url\":\"https:\/\/zlatnodoba.org\/\",\"name\":\"Zlatno Doba\",\"description\":\"\",\"potentialAction\":[{\"@type\":\"SearchAction\",\"target\":{\"@type\":\"EntryPoint\",\"urlTemplate\":\"https:\/\/zlatnodoba.org\/?s={search_term_string}\"},\"query-input\":{\"@type\":\"PropertyValueSpecification\",\"valueRequired\":true,\"valueName\":\"search_term_string\"}}],\"inLanguage\":\"en-GB\"}]}<\/script>\n<!-- \/ Yoast SEO plugin. -->","yoast_head_json":{"title":"Kvantna Medicina - shop page - Zlatno Doba","robots":{"index":"index","follow":"follow","max-snippet":"max-snippet:-1","max-image-preview":"max-image-preview:large","max-video-preview":"max-video-preview:-1"},"canonical":"https:\/\/zlatnodoba.org\/en\/product-category\/kvantna-medicina\/","og_locale":"en_GB","og_type":"article","og_title":"Kvantna Medicina - shop page - Zlatno Doba","og_description":"KATEGORIJA &#8211; KVANTNA MEDICINA Garjajev Aparat \u2013 Kvantna Medicina \u2013 Kako se koristi za zdravlje \u2013 2025 &nbsp; Kvantna medicina 0\u00a0\u0440\u0441\u0434 Dodaj u korpu SVE KATEGORIJE Za\u0161tita od zra\u010denja Harmonizator aure Zajednica Godi\u0161nja \u010dlanarina Ru\u010dni radovi Unikatni proizvodi Ode\u0107a Majice i ostalo Kvantna medicina Aparati i ostalo Knjige Znanje je mo\u0107 Kalendar Za 2025. godinu [&hellip;]","og_url":"https:\/\/zlatnodoba.org\/en\/product-category\/kvantna-medicina\/","og_site_name":"Zlatno Doba","article_modified_time":"2025-06-01T20:31:34+00:00","og_image":[{"url":"https:\/\/zlatnodoba.org\/wp-content\/uploads\/2025\/02\/aparat1-300x300.jpg","type":"","width":"","height":""}],"twitter_card":"summary_large_image","twitter_misc":{"Estimated reading time":"5 minutes"},"schema":{"@context":"https:\/\/schema.org","@graph":[{"@type":"WebPage","@id":"https:\/\/zlatnodoba.org\/product-category\/kvantna-medicina\/","url":"https:\/\/zlatnodoba.org\/product-category\/kvantna-medicina\/","name":"Kvantna Medicina - shop page - Zlatno Doba","isPartOf":{"@id":"https:\/\/zlatnodoba.org\/#website"},"primaryImageOfPage":{"@id":"https:\/\/zlatnodoba.org\/product-category\/kvantna-medicina\/#primaryimage"},"image":{"@id":"https:\/\/zlatnodoba.org\/product-category\/kvantna-medicina\/#primaryimage"},"thumbnailUrl":"https:\/\/zlatnodoba.org\/wp-content\/uploads\/2025\/02\/aparat1-300x300.jpg","datePublished":"2025-02-02T22:26:38+00:00","dateModified":"2025-06-01T20:31:34+00:00","breadcrumb":{"@id":"https:\/\/zlatnodoba.org\/product-category\/kvantna-medicina\/#breadcrumb"},"inLanguage":"en-GB","potentialAction":[{"@type":"ReadAction","target":["https:\/\/zlatnodoba.org\/product-category\/kvantna-medicina\/"]}]},{"@type":"ImageObject","inLanguage":"en-GB","@id":"https:\/\/zlatnodoba.org\/product-category\/kvantna-medicina\/#primaryimage","url":"https:\/\/zlatnodoba.org\/wp-content\/uploads\/2025\/02\/aparat1-300x300.jpg","contentUrl":"https:\/\/zlatnodoba.org\/wp-content\/uploads\/2025\/02\/aparat1-300x300.jpg"},{"@type":"BreadcrumbList","@id":"https:\/\/zlatnodoba.org\/product-category\/kvantna-medicina\/#breadcrumb","itemListElement":[{"@type":"ListItem","position":1,"name":"Home","item":"https:\/\/zlatnodoba.org\/"},{"@type":"ListItem","position":2,"name":"Product category","item":"https:\/\/zlatnodoba.org\/product-category\/"},{"@type":"ListItem","position":3,"name":"Kvantna Medicina &#8211; shop page"}]},{"@type":"WebSite","@id":"https:\/\/zlatnodoba.org\/#website","url":"https:\/\/zlatnodoba.org\/","name":"Zlatno Doba","description":"","potentialAction":[{"@type":"SearchAction","target":{"@type":"EntryPoint","urlTemplate":"https:\/\/zlatnodoba.org\/?s={search_term_string}"},"query-input":{"@type":"PropertyValueSpecification","valueRequired":true,"valueName":"search_term_string"}}],"inLanguage":"en-GB"}]}},"_links":{"self":[{"href":"https:\/\/zlatnodoba.org\/en\/wp-json\/wp\/v2\/pages\/5187","targetHints":{"allow":["GET"]}}],"collection":[{"href":"https:\/\/zlatnodoba.org\/en\/wp-json\/wp\/v2\/pages"}],"about":[{"href":"https:\/\/zlatnodoba.org\/en\/wp-json\/wp\/v2\/types\/page"}],"author":[{"embeddable":true,"href":"https:\/\/zlatnodoba.org\/en\/wp-json\/wp\/v2\/users\/46"}],"replies":[{"embeddable":true,"href":"https:\/\/zlatnodoba.org\/en\/wp-json\/wp\/v2\/comments?post=5187"}],"version-history":[{"count":35,"href":"https:\/\/zlatnodoba.org\/en\/wp-json\/wp\/v2\/pages\/5187\/revisions"}],"predecessor-version":[{"id":6658,"href":"https:\/\/zlatnodoba.org\/en\/wp-json\/wp\/v2\/pages\/5187\/revisions\/6658"}],"wp:attachment":[{"href":"https:\/\/zlatnodoba.org\/en\/wp-json\/wp\/v2\/media?parent=5187"}],"curies":[{"name":"wp","href":"https:\/\/api.w.org\/{rel}","templated":true}]}}