{"id":5127,"date":"2025-02-02T21:02:02","date_gmt":"2025-02-02T21:02:02","guid":{"rendered":"https:\/\/zlatnodoba.org\/?page_id=5127"},"modified":"2025-09-07T14:21:59","modified_gmt":"2025-09-07T14:21:59","slug":"knjige","status":"publish","type":"page","link":"https:\/\/zlatnodoba.org\/en\/knjige\/","title":{"rendered":"Knjige &#8211; shop page"},"content":{"rendered":"<div data-elementor-type=\"wp-page\" data-elementor-id=\"5127\" class=\"elementor elementor-5127\" data-elementor-post-type=\"page\">\n\t\t\t\t\t\t<section class=\"elementor-section elementor-top-section elementor-element elementor-element-ad0fbe0 elementor-section-boxed elementor-section-height-default elementor-section-height-default\" data-id=\"ad0fbe0\" data-element_type=\"section\" data-e-type=\"section\">\n\t\t\t\t\t\t<div class=\"elementor-container elementor-column-gap-default\">\n\t\t\t\t\t<div class=\"elementor-column elementor-col-100 elementor-top-column elementor-element elementor-element-8beaa4f\" data-id=\"8beaa4f\" data-element_type=\"column\" data-e-type=\"column\">\n\t\t\t<div class=\"elementor-widget-wrap elementor-element-populated\">\n\t\t\t\t\t\t<div class=\"elementor-element elementor-element-98c8aa3 elementor-widget elementor-widget-heading\" data-id=\"98c8aa3\" data-element_type=\"widget\" data-e-type=\"widget\" data-widget_type=\"heading.default\">\n\t\t\t\t<div class=\"elementor-widget-container\">\n\t\t\t\t\t<h2 class=\"elementor-heading-title elementor-size-default\">KATEGORIJA - KNJIGE<\/h2>\t\t\t\t<\/div>\n\t\t\t\t<\/div>\n\t\t\t\t<div class=\"elementor-element elementor-element-5a156ba premium-woo-product-align-center premium-qv-hidden-yes elementor-widget elementor-widget-premium-woo-products\" data-id=\"5a156ba\" data-element_type=\"widget\" data-e-type=\"widget\" data-widget_type=\"premium-woo-products.grid-1\">\n\t\t\t\t<div class=\"elementor-widget-container\">\n\t\t\t\t\t<div class=\"premium-woocommerce premium-woo-products-grid premium-woo-skin-grid-1 premium-woo-query-custom\" data-page-id=\"5127\" data-skin=\"grid_1\" data-quick-view=\"\"><div class=\"premium-woo-products-inner premium-woo-product__hover-zoomin\"><ul class=\"products columns-3\">\n\r\n<li class=\"post-4707 product first instock taxable shipping-taxable purchasable product-type-simple\">\r\n\t<div class=\"premium-woo-product-wrapper premium-con-lq__none\">\r\n\t\t<div class=\"premium-woo-product-thumbnail\"><a href=\"https:\/\/zlatnodoba.org\/en\/proizvod\/angelina-avatar-zlatna-knjiga\/\" class=\"woocommerce-LoopProduct-link woocommerce-loop-product__link\"><img decoding=\"async\" src=\"https:\/\/zlatnodoba.org\/wp-content\/uploads\/2025\/01\/Zlatna-knjiga-Angelina-Avatar-2025-cover-300x300.png\" alt=\"Angelina Avatar Zlatna Knjiga - Zlatno doba - 2025\"><\/a><\/div><div class=\"premium-woo-products-details-wrap\"><a href=\"https:\/\/zlatnodoba.org\/en\/proizvod\/angelina-avatar-zlatna-knjiga\/\" class=\"premium-woo-product__link\"><h2 class=\"woocommerce-loop-product__title\">Angelina Avatar Zlatna Knjiga &#8211; Zlatno doba &#8211; 2025<\/h2><\/a>\t\t\t<span class=\"premium-woo-product-category\">\r\n\t\t\t\tKnjige\t\t\t<\/span>\r\n\t\t\t\n\t<span class=\"price\"><span class=\"woocommerce-Price-amount amount\"><bdi>2,100&nbsp;<span class=\"woocommerce-Price-currencySymbol\">RSD<\/span><\/bdi><\/span><\/span>\n<div class=\"premium-woo-atc-button\" ><a href=\"\/en\/wp-json\/wp\/v2\/pages\/5127?add-to-cart=4707\" aria-describedby=\"woocommerce_loop_add_to_cart_link_describedby_4707\" data-quantity=\"1\" class=\"button product_type_simple add_to_cart_button ajax_add_to_cart\" data-product_id=\"4707\" data-product_sku=\"4707\" aria-label=\"Add to basket: \u201cAngelina Avatar Zlatna Knjiga - Zlatno doba - 2025\u201d\" rel=\"nofollow\" data-success_message=\"\u201cAngelina Avatar Zlatna Knjiga - Zlatno doba - 2025\u201d has been added to your cart\" role=\"button\" data-no-translation=\"\" data-trp-gettext=\"\" data-no-translation-aria-label=\"\" data-no-translation-data-success_message=\"\">Add to basket<\/a>\t<span id=\"woocommerce_loop_add_to_cart_link_describedby_4707\" class=\"screen-reader-text\">\n\t\t\t<\/span>\n<\/div><\/div>\t<\/div>\r\n<\/li>\r\n\r\n<li class=\"post-3202 product  instock sale taxable shipping-taxable purchasable product-type-simple\">\r\n\t<div class=\"premium-woo-product-wrapper premium-con-lq__none\">\r\n\t\t<div class=\"premium-woo-product-thumbnail\"><div class=\"premium-woo-ribbon-container\">\t<div class=\"premium-woo-product-sale-wrap\">\r\n\t\t<span class=\"premium-woo-product-onsale\">Sale! <\/span>\r\n\t<\/div>\r\n\t<\/div><a href=\"https:\/\/zlatnodoba.org\/en\/proizvod\/ovako-govori-ljubav-leon-bijelic\/\" class=\"woocommerce-LoopProduct-link woocommerce-loop-product__link\"><img decoding=\"async\" src=\"https:\/\/zlatnodoba.org\/wp-content\/uploads\/2024\/12\/Korice-knjige-Zbirka-pesama-za-trudnice-i-bebe-300x300.png\" alt=\"Knjiga Ovako Govori Ljubav - Leon Bijeli\u0107 - Zlatno doba\"><\/a><\/div><div class=\"premium-woo-products-details-wrap\"><a href=\"https:\/\/zlatnodoba.org\/en\/proizvod\/ovako-govori-ljubav-leon-bijelic\/\" class=\"premium-woo-product__link\"><h2 class=\"woocommerce-loop-product__title\">Ovako Govori Ljubav &#8211; Leon Bijeli\u0107 &#8211; Knjige<\/h2><\/a>\t\t\t<span class=\"premium-woo-product-category\">\r\n\t\t\t\tKnjige\t\t\t<\/span>\r\n\t\t\t\n\t<span class=\"price\"><del aria-hidden=\"true\"><span class=\"woocommerce-Price-amount amount\"><bdi>2,500&nbsp;<span class=\"woocommerce-Price-currencySymbol\">RSD<\/span><\/bdi><\/span><\/del> <span class=\"screen-reader-text\" data-no-translation=\"\" data-trp-gettext=\"\">Original price was: 2,500&nbsp;RSD.<\/span><ins aria-hidden=\"true\"><span class=\"woocommerce-Price-amount amount\"><bdi>2,000&nbsp;<span class=\"woocommerce-Price-currencySymbol\">RSD<\/span><\/bdi><\/span><\/ins><span class=\"screen-reader-text\" data-no-translation=\"\" data-trp-gettext=\"\">Current price is: 2,000&nbsp;RSD.<\/span><\/span>\n<div class=\"premium-woo-atc-button\" ><a href=\"\/en\/wp-json\/wp\/v2\/pages\/5127?add-to-cart=3202\" aria-describedby=\"woocommerce_loop_add_to_cart_link_describedby_3202\" data-quantity=\"1\" class=\"button product_type_simple add_to_cart_button ajax_add_to_cart\" data-product_id=\"3202\" data-product_sku=\"3202\" aria-label=\"Add to basket: \u201cOvako Govori Ljubav - Leon Bijeli\u0107 - Knjige\u201d\" rel=\"nofollow\" data-success_message=\"\u201cOvako Govori Ljubav - Leon Bijeli\u0107 - Knjige\u201d has been added to your cart\" role=\"button\" data-no-translation=\"\" data-trp-gettext=\"\" data-no-translation-aria-label=\"\" data-no-translation-data-success_message=\"\">Add to basket<\/a>\t<span id=\"woocommerce_loop_add_to_cart_link_describedby_3202\" class=\"screen-reader-text\">\n\t\t\t<\/span>\n<\/div><\/div>\t<\/div>\r\n<\/li>\r\n\r\n<li class=\"post-3802 product last instock taxable shipping-taxable purchasable product-type-simple\">\r\n\t<div class=\"premium-woo-product-wrapper premium-con-lq__none\">\r\n\t\t<div class=\"premium-woo-product-thumbnail\"><a href=\"https:\/\/zlatnodoba.org\/en\/proizvod\/knjiga-popularna-lingvisticko-valna-genetika\/\" class=\"woocommerce-LoopProduct-link woocommerce-loop-product__link\"><img decoding=\"async\" src=\"https:\/\/zlatnodoba.org\/wp-content\/uploads\/2025\/01\/viber_image_2025-01-11_17-17-06-374-300x300.png\" alt=\"\"><\/a><\/div><div class=\"premium-woo-products-details-wrap\"><a href=\"https:\/\/zlatnodoba.org\/en\/proizvod\/knjiga-popularna-lingvisticko-valna-genetika\/\" class=\"premium-woo-product__link\"><h2 class=\"woocommerce-loop-product__title\">Pjotr Petrovi\u010d Gariaev &#8211; Popularna Lingvisti\u010dko-Valna Genetika &#8211; Knjiga<\/h2><\/a>\t\t\t<span class=\"premium-woo-product-category\">\r\n\t\t\t\tKnjige\t\t\t<\/span>\r\n\t\t\t\n\t<span class=\"price\"><span class=\"woocommerce-Price-amount amount\"><bdi>1,700&nbsp;<span class=\"woocommerce-Price-currencySymbol\">RSD<\/span><\/bdi><\/span><\/span>\n<div class=\"premium-woo-atc-button\" ><a href=\"\/en\/wp-json\/wp\/v2\/pages\/5127?add-to-cart=3802\" aria-describedby=\"woocommerce_loop_add_to_cart_link_describedby_3802\" data-quantity=\"1\" class=\"button product_type_simple add_to_cart_button ajax_add_to_cart\" data-product_id=\"3802\" data-product_sku=\"3802\" aria-label=\"Add to basket: \u201cPjotr Petrovi\u010d Gariaev - Popularna Lingvisti\u010dko-Valna Genetika - Knjiga\u201d\" rel=\"nofollow\" data-success_message=\"\u201cPjotr Petrovi\u010d Gariaev - Popularna Lingvisti\u010dko-Valna Genetika - Knjiga\u201d has been added to your cart\" role=\"button\" data-no-translation=\"\" data-trp-gettext=\"\" data-no-translation-aria-label=\"\" data-no-translation-data-success_message=\"\">Add to basket<\/a>\t<span id=\"woocommerce_loop_add_to_cart_link_describedby_3802\" class=\"screen-reader-text\">\n\t\t\t<\/span>\n<\/div><\/div>\t<\/div>\r\n<\/li>\r\n\r\n<li class=\"post-3564 product first instock taxable shipping-taxable purchasable product-type-simple\">\r\n\t<div class=\"premium-woo-product-wrapper premium-con-lq__none\">\r\n\t\t<div class=\"premium-woo-product-thumbnail\"><a href=\"https:\/\/zlatnodoba.org\/en\/proizvod\/knjiga-moc-je-u-mislima\/\" class=\"woocommerce-LoopProduct-link woocommerce-loop-product__link\"><img decoding=\"async\" src=\"https:\/\/zlatnodoba.org\/wp-content\/uploads\/2025\/01\/ASD-300x300.jpg\" alt=\"\"><\/a><\/div><div class=\"premium-woo-products-details-wrap\"><a href=\"https:\/\/zlatnodoba.org\/en\/proizvod\/knjiga-moc-je-u-mislima\/\" class=\"premium-woo-product__link\"><h2 class=\"woocommerce-loop-product__title\">Spasoje Vlaji\u0107 &#8211; Mo\u0107 Je U Mislima &#8211; Knjiga<\/h2><\/a>\t\t\t<span class=\"premium-woo-product-category\">\r\n\t\t\t\tKnjige\t\t\t<\/span>\r\n\t\t\t\n\t<span class=\"price\"><span class=\"woocommerce-Price-amount amount\"><bdi>1,500&nbsp;<span class=\"woocommerce-Price-currencySymbol\">RSD<\/span><\/bdi><\/span><\/span>\n<div class=\"premium-woo-atc-button\" ><a href=\"\/en\/wp-json\/wp\/v2\/pages\/5127?add-to-cart=3564\" aria-describedby=\"woocommerce_loop_add_to_cart_link_describedby_3564\" data-quantity=\"1\" class=\"button product_type_simple add_to_cart_button ajax_add_to_cart\" data-product_id=\"3564\" data-product_sku=\"3564\" aria-label=\"Add to basket: \u201cSpasoje Vlaji\u0107 - Mo\u0107 Je U Mislima - Knjiga\u201d\" rel=\"nofollow\" data-success_message=\"\u201cSpasoje Vlaji\u0107 - Mo\u0107 Je U Mislima - Knjiga\u201d has been added to your cart\" role=\"button\" data-no-translation=\"\" data-trp-gettext=\"\" data-no-translation-aria-label=\"\" data-no-translation-data-success_message=\"\">Add to basket<\/a>\t<span id=\"woocommerce_loop_add_to_cart_link_describedby_3564\" class=\"screen-reader-text\">\n\t\t\t<\/span>\n<\/div><\/div>\t<\/div>\r\n<\/li>\r\n\r\n<li class=\"post-3555 product  instock taxable shipping-taxable purchasable product-type-simple\">\r\n\t<div class=\"premium-woo-product-wrapper premium-con-lq__none\">\r\n\t\t<div class=\"premium-woo-product-thumbnail\"><a href=\"https:\/\/zlatnodoba.org\/en\/proizvod\/knjiga-fizika-i-tehnologija-svesti\/\" class=\"woocommerce-LoopProduct-link woocommerce-loop-product__link\"><img decoding=\"async\" src=\"https:\/\/zlatnodoba.org\/wp-content\/uploads\/2025\/01\/Fizika-i-tehnologija-svesti-Spasoje-Vlajic-Citati-iz-knjige-Leon-Bijelic-300x300.jpg\" alt=\"\"><\/a><\/div><div class=\"premium-woo-products-details-wrap\"><a href=\"https:\/\/zlatnodoba.org\/en\/proizvod\/knjiga-fizika-i-tehnologija-svesti\/\" class=\"premium-woo-product__link\"><h2 class=\"woocommerce-loop-product__title\">Spasoje Vlaji\u0107 &#8211; Fizika i Tehnologija Svesti &#8211; Knjiga<\/h2><\/a>\t\t\t<span class=\"premium-woo-product-category\">\r\n\t\t\t\tKnjige\t\t\t<\/span>\r\n\t\t\t\n\t<span class=\"price\"><span class=\"woocommerce-Price-amount amount\"><bdi>2,500&nbsp;<span class=\"woocommerce-Price-currencySymbol\">RSD<\/span><\/bdi><\/span><\/span>\n<div class=\"premium-woo-atc-button\" ><a href=\"\/en\/wp-json\/wp\/v2\/pages\/5127?add-to-cart=3555\" aria-describedby=\"woocommerce_loop_add_to_cart_link_describedby_3555\" data-quantity=\"1\" class=\"button product_type_simple add_to_cart_button ajax_add_to_cart\" data-product_id=\"3555\" data-product_sku=\"3555\" aria-label=\"Add to basket: \u201cSpasoje Vlaji\u0107 - Fizika i Tehnologija Svesti - Knjiga\u201d\" rel=\"nofollow\" data-success_message=\"\u201cSpasoje Vlaji\u0107 - Fizika i Tehnologija Svesti - Knjiga\u201d has been added to your cart\" role=\"button\" data-no-translation=\"\" data-trp-gettext=\"\" data-no-translation-aria-label=\"\" data-no-translation-data-success_message=\"\">Add to basket<\/a>\t<span id=\"woocommerce_loop_add_to_cart_link_describedby_3555\" class=\"screen-reader-text\">\n\t\t\t<\/span>\n<\/div><\/div>\t<\/div>\r\n<\/li>\r\n\r\n<li class=\"post-3566 product last instock taxable shipping-taxable purchasable product-type-simple\">\r\n\t<div class=\"premium-woo-product-wrapper premium-con-lq__none\">\r\n\t\t<div class=\"premium-woo-product-thumbnail\"><a href=\"https:\/\/zlatnodoba.org\/en\/proizvod\/knjiga-tesla-covek-andjeo\/\" class=\"woocommerce-LoopProduct-link woocommerce-loop-product__link\"><img decoding=\"async\" src=\"https:\/\/zlatnodoba.org\/wp-content\/uploads\/2025\/01\/Tesla-Covek-Andjeo-300x300.jpg\" alt=\"\"><\/a><\/div><div class=\"premium-woo-products-details-wrap\"><a href=\"https:\/\/zlatnodoba.org\/en\/proizvod\/knjiga-tesla-covek-andjeo\/\" class=\"premium-woo-product__link\"><h2 class=\"woocommerce-loop-product__title\">Spasoje Vlaji\u0107 &#8211; Tesla \u010covek An\u0111eo &#8211; Knjiga<\/h2><\/a>\t\t\t<span class=\"premium-woo-product-category\">\r\n\t\t\t\tKnjige\t\t\t<\/span>\r\n\t\t\t\n\t<span class=\"price\"><span class=\"woocommerce-Price-amount amount\"><bdi>2,000&nbsp;<span class=\"woocommerce-Price-currencySymbol\">RSD<\/span><\/bdi><\/span><\/span>\n<div class=\"premium-woo-atc-button\" ><a href=\"\/en\/wp-json\/wp\/v2\/pages\/5127?add-to-cart=3566\" aria-describedby=\"woocommerce_loop_add_to_cart_link_describedby_3566\" data-quantity=\"1\" class=\"button product_type_simple add_to_cart_button ajax_add_to_cart\" data-product_id=\"3566\" data-product_sku=\"3566\" aria-label=\"Add to basket: \u201cSpasoje Vlaji\u0107 - Tesla \u010covek An\u0111eo - Knjiga\u201d\" rel=\"nofollow\" data-success_message=\"\u201cSpasoje Vlaji\u0107 - Tesla \u010covek An\u0111eo - Knjiga\u201d has been added to your cart\" role=\"button\" data-no-translation=\"\" data-trp-gettext=\"\" data-no-translation-aria-label=\"\" data-no-translation-data-success_message=\"\">Add to basket<\/a>\t<span id=\"woocommerce_loop_add_to_cart_link_describedby_3566\" class=\"screen-reader-text\">\n\t\t\t<\/span>\n<\/div><\/div>\t<\/div>\r\n<\/li>\r\n<\/ul>\n\t\t\t<div class=\"premium-woo-load-more\">\n\t\t\t\t<button class=\"premium-woo-load-more-btn\" data-products=\"11\" data-order=\"popularity\" data-tax=\"\">\n\t\t\t\t\t<span>Prika\u017ei vi\u0161e<\/span>\n\t\t\t\t\t<span class=\"premium-woo-products-num\">(11)<\/span>\n\t\t\t\t<\/button>\n\t\t\t<\/div>\n\t\t<\/div><\/div>\t\t\t\t<\/div>\n\t\t\t\t<\/div>\n\t\t\t\t\t<\/div>\n\t\t<\/div>\n\t\t\t\t\t<\/div>\n\t\t<\/section>\n\t\t\t\t<section class=\"elementor-section elementor-top-section elementor-element elementor-element-4982611 elementor-section-boxed elementor-section-height-default elementor-section-height-default\" data-id=\"4982611\" data-element_type=\"section\" data-e-type=\"section\">\n\t\t\t\t\t\t<div class=\"elementor-container elementor-column-gap-default\">\n\t\t\t\t\t<div class=\"elementor-column elementor-col-100 elementor-top-column elementor-element elementor-element-ac1b933\" data-id=\"ac1b933\" data-element_type=\"column\" data-e-type=\"column\">\n\t\t\t<div class=\"elementor-widget-wrap elementor-element-populated\">\n\t\t\t\t\t\t<div class=\"elementor-element elementor-element-ef4cae1 elementor-widget elementor-widget-spacer\" data-id=\"ef4cae1\" data-element_type=\"widget\" data-e-type=\"widget\" data-widget_type=\"spacer.default\">\n\t\t\t\t<div class=\"elementor-widget-container\">\n\t\t\t\t\t\t\t<div class=\"elementor-spacer\">\n\t\t\t<div class=\"elementor-spacer-inner\"><\/div>\n\t\t<\/div>\n\t\t\t\t\t\t<\/div>\n\t\t\t\t<\/div>\n\t\t\t\t<div class=\"elementor-element elementor-element-793d5c7 elementor-widget elementor-widget-heading\" data-id=\"793d5c7\" data-element_type=\"widget\" data-e-type=\"widget\" data-widget_type=\"heading.default\">\n\t\t\t\t<div class=\"elementor-widget-container\">\n\t\t\t\t\t<h2 class=\"elementor-heading-title elementor-size-default\">SVE KATEGORIJE<\/h2>\t\t\t\t<\/div>\n\t\t\t\t<\/div>\n\t\t\t\t<div class=\"elementor-element elementor-element-ca0bf87 elementor-widget elementor-widget-spacer\" data-id=\"ca0bf87\" data-element_type=\"widget\" data-e-type=\"widget\" data-widget_type=\"spacer.default\">\n\t\t\t\t<div class=\"elementor-widget-container\">\n\t\t\t\t\t\t\t<div class=\"elementor-spacer\">\n\t\t\t<div class=\"elementor-spacer-inner\"><\/div>\n\t\t<\/div>\n\t\t\t\t\t\t<\/div>\n\t\t\t\t<\/div>\n\t\t\t\t\t<\/div>\n\t\t<\/div>\n\t\t\t\t\t<\/div>\n\t\t<\/section>\n\t\t\t\t<\/div>","protected":false},"excerpt":{"rendered":"<p>KATEGORIJA &#8211; KNJIGE Angelina Avatar Zlatna Knjiga \u2013 Zlatno doba \u2013 2025 &nbsp; Knjige 2,100\u00a0\u0440\u0441\u0434 Dodaj u korpu Ovako Govori Ljubav \u2013 Leon Bijeli\u0107 \u2013 Knjige &nbsp; Knjige 2,000\u00a0\u0440\u0441\u0434 Dodaj u korpu Spasoje Vlaji\u0107 \u2013 Mo\u0107 Je U Mislima \u2013 Knjiga &nbsp; Knjige 1,500\u00a0\u0440\u0441\u0434 Dodaj u korpu Pjotr Petrovi\u010d Gariaev \u2013 Popularna Lingvisti\u010dko-Valna Genetika \u2013 [&hellip;]<\/p>\n","protected":false},"author":46,"featured_media":0,"parent":0,"menu_order":0,"comment_status":"closed","ping_status":"closed","template":"","meta":{"_acf_changed":false,"_hpay_column_layout":"0","_hpay_name_price":"0","pmpro_default_level":"","footnotes":""},"class_list":["post-5127","page","type-page","status-publish","hentry","pmpro-has-access"],"acf":[],"yoast_head":"<!-- This site is optimized with the Yoast SEO plugin v27.1 - https:\/\/yoast.com\/product\/yoast-seo-wordpress\/ -->\n<title>Knjige - shop page - Zlatno Doba<\/title>\n<meta name=\"robots\" content=\"index, follow, max-snippet:-1, max-image-preview:large, max-video-preview:-1\" \/>\n<link rel=\"canonical\" href=\"https:\/\/zlatnodoba.org\/en\/product-category\/knjige\/\" \/>\n<meta property=\"og:locale\" content=\"en_GB\" \/>\n<meta property=\"og:type\" content=\"article\" \/>\n<meta property=\"og:title\" content=\"Knjige - shop page - Zlatno Doba\" \/>\n<meta property=\"og:description\" content=\"KATEGORIJA &#8211; KNJIGE Angelina Avatar Zlatna Knjiga \u2013 Zlatno doba \u2013 2025 &nbsp; Knjige 2,100\u00a0\u0440\u0441\u0434 Dodaj u korpu Ovako Govori Ljubav \u2013 Leon Bijeli\u0107 \u2013 Knjige &nbsp; Knjige 2,000\u00a0\u0440\u0441\u0434 Dodaj u korpu Spasoje Vlaji\u0107 \u2013 Mo\u0107 Je U Mislima \u2013 Knjiga &nbsp; Knjige 1,500\u00a0\u0440\u0441\u0434 Dodaj u korpu Pjotr Petrovi\u010d Gariaev \u2013 Popularna Lingvisti\u010dko-Valna Genetika \u2013 [&hellip;]\" \/>\n<meta property=\"og:url\" content=\"https:\/\/zlatnodoba.org\/en\/product-category\/knjige\/\" \/>\n<meta property=\"og:site_name\" content=\"Zlatno Doba\" \/>\n<meta property=\"article:modified_time\" content=\"2025-09-07T14:21:59+00:00\" \/>\n<meta property=\"og:image\" content=\"https:\/\/zlatnodoba.org\/wp-content\/uploads\/2024\/12\/Korice-knjige-Zbirka-pesama-za-trudnice-i-bebe-300x300.png\" \/>\n<meta name=\"twitter:card\" content=\"summary_large_image\" \/>\n<meta name=\"twitter:label1\" content=\"Estimated reading time\" \/>\n\t<meta name=\"twitter:data1\" content=\"6 minutes\" \/>\n<script type=\"application\/ld+json\" class=\"yoast-schema-graph\">{\"@context\":\"https:\/\/schema.org\",\"@graph\":[{\"@type\":\"WebPage\",\"@id\":\"https:\/\/zlatnodoba.org\/product-category\/knjige\/\",\"url\":\"https:\/\/zlatnodoba.org\/product-category\/knjige\/\",\"name\":\"Knjige - shop page - Zlatno Doba\",\"isPartOf\":{\"@id\":\"https:\/\/zlatnodoba.org\/#website\"},\"primaryImageOfPage\":{\"@id\":\"https:\/\/zlatnodoba.org\/product-category\/knjige\/#primaryimage\"},\"image\":{\"@id\":\"https:\/\/zlatnodoba.org\/product-category\/knjige\/#primaryimage\"},\"thumbnailUrl\":\"https:\/\/zlatnodoba.org\/wp-content\/uploads\/2025\/01\/Zlatna-knjiga-Angelina-Avatar-2025-cover-300x300.png\",\"datePublished\":\"2025-02-02T21:02:02+00:00\",\"dateModified\":\"2025-09-07T14:21:59+00:00\",\"breadcrumb\":{\"@id\":\"https:\/\/zlatnodoba.org\/product-category\/knjige\/#breadcrumb\"},\"inLanguage\":\"en-GB\",\"potentialAction\":[{\"@type\":\"ReadAction\",\"target\":[\"https:\/\/zlatnodoba.org\/product-category\/knjige\/\"]}]},{\"@type\":\"ImageObject\",\"inLanguage\":\"en-GB\",\"@id\":\"https:\/\/zlatnodoba.org\/product-category\/knjige\/#primaryimage\",\"url\":\"https:\/\/zlatnodoba.org\/wp-content\/uploads\/2025\/01\/Zlatna-knjiga-Angelina-Avatar-2025-cover-300x300.png\",\"contentUrl\":\"https:\/\/zlatnodoba.org\/wp-content\/uploads\/2025\/01\/Zlatna-knjiga-Angelina-Avatar-2025-cover-300x300.png\"},{\"@type\":\"BreadcrumbList\",\"@id\":\"https:\/\/zlatnodoba.org\/product-category\/knjige\/#breadcrumb\",\"itemListElement\":[{\"@type\":\"ListItem\",\"position\":1,\"name\":\"Home\",\"item\":\"https:\/\/zlatnodoba.org\/\"},{\"@type\":\"ListItem\",\"position\":2,\"name\":\"Product category\",\"item\":\"https:\/\/zlatnodoba.org\/product-category\/\"},{\"@type\":\"ListItem\",\"position\":3,\"name\":\"Knjige &#8211; shop page\"}]},{\"@type\":\"WebSite\",\"@id\":\"https:\/\/zlatnodoba.org\/#website\",\"url\":\"https:\/\/zlatnodoba.org\/\",\"name\":\"Zlatno Doba\",\"description\":\"\",\"potentialAction\":[{\"@type\":\"SearchAction\",\"target\":{\"@type\":\"EntryPoint\",\"urlTemplate\":\"https:\/\/zlatnodoba.org\/?s={search_term_string}\"},\"query-input\":{\"@type\":\"PropertyValueSpecification\",\"valueRequired\":true,\"valueName\":\"search_term_string\"}}],\"inLanguage\":\"en-GB\"}]}<\/script>\n<!-- \/ Yoast SEO plugin. -->","yoast_head_json":{"title":"Knjige - shop page - Zlatno Doba","robots":{"index":"index","follow":"follow","max-snippet":"max-snippet:-1","max-image-preview":"max-image-preview:large","max-video-preview":"max-video-preview:-1"},"canonical":"https:\/\/zlatnodoba.org\/en\/product-category\/knjige\/","og_locale":"en_GB","og_type":"article","og_title":"Knjige - shop page - Zlatno Doba","og_description":"KATEGORIJA &#8211; KNJIGE Angelina Avatar Zlatna Knjiga \u2013 Zlatno doba \u2013 2025 &nbsp; Knjige 2,100\u00a0\u0440\u0441\u0434 Dodaj u korpu Ovako Govori Ljubav \u2013 Leon Bijeli\u0107 \u2013 Knjige &nbsp; Knjige 2,000\u00a0\u0440\u0441\u0434 Dodaj u korpu Spasoje Vlaji\u0107 \u2013 Mo\u0107 Je U Mislima \u2013 Knjiga &nbsp; Knjige 1,500\u00a0\u0440\u0441\u0434 Dodaj u korpu Pjotr Petrovi\u010d Gariaev \u2013 Popularna Lingvisti\u010dko-Valna Genetika \u2013 [&hellip;]","og_url":"https:\/\/zlatnodoba.org\/en\/product-category\/knjige\/","og_site_name":"Zlatno Doba","article_modified_time":"2025-09-07T14:21:59+00:00","og_image":[{"url":"https:\/\/zlatnodoba.org\/wp-content\/uploads\/2024\/12\/Korice-knjige-Zbirka-pesama-za-trudnice-i-bebe-300x300.png","type":"","width":"","height":""}],"twitter_card":"summary_large_image","twitter_misc":{"Estimated reading time":"6 minutes"},"schema":{"@context":"https:\/\/schema.org","@graph":[{"@type":"WebPage","@id":"https:\/\/zlatnodoba.org\/product-category\/knjige\/","url":"https:\/\/zlatnodoba.org\/product-category\/knjige\/","name":"Knjige - shop page - Zlatno Doba","isPartOf":{"@id":"https:\/\/zlatnodoba.org\/#website"},"primaryImageOfPage":{"@id":"https:\/\/zlatnodoba.org\/product-category\/knjige\/#primaryimage"},"image":{"@id":"https:\/\/zlatnodoba.org\/product-category\/knjige\/#primaryimage"},"thumbnailUrl":"https:\/\/zlatnodoba.org\/wp-content\/uploads\/2025\/01\/Zlatna-knjiga-Angelina-Avatar-2025-cover-300x300.png","datePublished":"2025-02-02T21:02:02+00:00","dateModified":"2025-09-07T14:21:59+00:00","breadcrumb":{"@id":"https:\/\/zlatnodoba.org\/product-category\/knjige\/#breadcrumb"},"inLanguage":"en-GB","potentialAction":[{"@type":"ReadAction","target":["https:\/\/zlatnodoba.org\/product-category\/knjige\/"]}]},{"@type":"ImageObject","inLanguage":"en-GB","@id":"https:\/\/zlatnodoba.org\/product-category\/knjige\/#primaryimage","url":"https:\/\/zlatnodoba.org\/wp-content\/uploads\/2025\/01\/Zlatna-knjiga-Angelina-Avatar-2025-cover-300x300.png","contentUrl":"https:\/\/zlatnodoba.org\/wp-content\/uploads\/2025\/01\/Zlatna-knjiga-Angelina-Avatar-2025-cover-300x300.png"},{"@type":"BreadcrumbList","@id":"https:\/\/zlatnodoba.org\/product-category\/knjige\/#breadcrumb","itemListElement":[{"@type":"ListItem","position":1,"name":"Home","item":"https:\/\/zlatnodoba.org\/"},{"@type":"ListItem","position":2,"name":"Product category","item":"https:\/\/zlatnodoba.org\/product-category\/"},{"@type":"ListItem","position":3,"name":"Knjige &#8211; shop page"}]},{"@type":"WebSite","@id":"https:\/\/zlatnodoba.org\/#website","url":"https:\/\/zlatnodoba.org\/","name":"Zlatno Doba","description":"","potentialAction":[{"@type":"SearchAction","target":{"@type":"EntryPoint","urlTemplate":"https:\/\/zlatnodoba.org\/?s={search_term_string}"},"query-input":{"@type":"PropertyValueSpecification","valueRequired":true,"valueName":"search_term_string"}}],"inLanguage":"en-GB"}]}},"_links":{"self":[{"href":"https:\/\/zlatnodoba.org\/en\/wp-json\/wp\/v2\/pages\/5127","targetHints":{"allow":["GET"]}}],"collection":[{"href":"https:\/\/zlatnodoba.org\/en\/wp-json\/wp\/v2\/pages"}],"about":[{"href":"https:\/\/zlatnodoba.org\/en\/wp-json\/wp\/v2\/types\/page"}],"author":[{"embeddable":true,"href":"https:\/\/zlatnodoba.org\/en\/wp-json\/wp\/v2\/users\/46"}],"replies":[{"embeddable":true,"href":"https:\/\/zlatnodoba.org\/en\/wp-json\/wp\/v2\/comments?post=5127"}],"version-history":[{"count":39,"href":"https:\/\/zlatnodoba.org\/en\/wp-json\/wp\/v2\/pages\/5127\/revisions"}],"predecessor-version":[{"id":7389,"href":"https:\/\/zlatnodoba.org\/en\/wp-json\/wp\/v2\/pages\/5127\/revisions\/7389"}],"wp:attachment":[{"href":"https:\/\/zlatnodoba.org\/en\/wp-json\/wp\/v2\/media?parent=5127"}],"curies":[{"name":"wp","href":"https:\/\/api.w.org\/{rel}","templated":true}]}}