{"id":5093,"date":"2025-02-02T20:36:15","date_gmt":"2025-02-02T20:36:15","guid":{"rendered":"https:\/\/zlatnodoba.org\/?page_id=5093"},"modified":"2026-01-19T15:10:52","modified_gmt":"2026-01-19T15:10:52","slug":"kalendar","status":"publish","type":"page","link":"https:\/\/zlatnodoba.org\/en\/kalendar\/","title":{"rendered":"Kalendar &#8211; shop page"},"content":{"rendered":"<div data-elementor-type=\"wp-page\" data-elementor-id=\"5093\" class=\"elementor elementor-5093\" data-elementor-post-type=\"page\">\n\t\t\t\t\t\t<section class=\"elementor-section elementor-top-section elementor-element elementor-element-ad0fbe0 elementor-section-boxed elementor-section-height-default elementor-section-height-default\" data-id=\"ad0fbe0\" data-element_type=\"section\" data-e-type=\"section\">\n\t\t\t\t\t\t<div class=\"elementor-container elementor-column-gap-default\">\n\t\t\t\t\t<div class=\"elementor-column elementor-col-100 elementor-top-column elementor-element elementor-element-8beaa4f\" data-id=\"8beaa4f\" data-element_type=\"column\" data-e-type=\"column\">\n\t\t\t<div class=\"elementor-widget-wrap elementor-element-populated\">\n\t\t\t\t\t\t<div class=\"elementor-element elementor-element-98c8aa3 elementor-widget elementor-widget-heading\" data-id=\"98c8aa3\" data-element_type=\"widget\" data-e-type=\"widget\" data-widget_type=\"heading.default\">\n\t\t\t\t<div class=\"elementor-widget-container\">\n\t\t\t\t\t<h2 class=\"elementor-heading-title elementor-size-default\">KATEGORIJA - KALENDAR<\/h2>\t\t\t\t<\/div>\n\t\t\t\t<\/div>\n\t\t\t\t<div class=\"elementor-element elementor-element-9ab0753 premium-woo-product-align-center premium-qv-hidden-yes elementor-widget elementor-widget-premium-woo-products\" data-id=\"9ab0753\" data-element_type=\"widget\" data-e-type=\"widget\" data-widget_type=\"premium-woo-products.grid-1\">\n\t\t\t\t<div class=\"elementor-widget-container\">\n\t\t\t\t\t<div class=\"premium-woocommerce premium-woo-products-grid premium-woo-skin-grid-1 premium-woo-query-custom\" data-page-id=\"5093\" data-skin=\"grid_1\" data-quick-view=\"\"><div class=\"premium-woo-products-inner premium-woo-product__hover-zoomin\"><ul class=\"products columns-3\">\n\r\n<li class=\"post-3796 product first instock sale taxable shipping-taxable purchasable product-type-simple\">\r\n\t<div class=\"premium-woo-product-wrapper premium-con-lq__none\">\r\n\t\t<div class=\"premium-woo-product-thumbnail\"><div class=\"premium-woo-ribbon-container\">\t<div class=\"premium-woo-product-sale-wrap\">\r\n\t\t<span class=\"premium-woo-product-onsale\">Sale! <\/span>\r\n\t<\/div>\r\n\t<\/div><a href=\"https:\/\/zlatnodoba.org\/en\/proizvod\/stari-srpski-kalendar\/\" class=\"woocommerce-LoopProduct-link woocommerce-loop-product__link\"><img decoding=\"async\" src=\"https:\/\/zlatnodoba.org\/wp-content\/uploads\/2025\/01\/Stari-Srpski-Kalendar-Zabranjena-Istorija-Srba-Ocuvana-Pra-Istorija-Srbije-Zlatno-doba-2025-Ljiljana-Krtinic-JPG-WEB-2-300x300.jpg\" alt=\"Stari Srpski Kalendar - Zabranjena Istorija Srba - O\u010duvana Pra Istorija Srbije - Zlatno doba - 2025 - Ljiljana Krtini\u0107 JPG WEB-2\"><\/a><\/div><div class=\"premium-woo-products-details-wrap\"><a href=\"https:\/\/zlatnodoba.org\/en\/proizvod\/stari-srpski-kalendar\/\" class=\"premium-woo-product__link\"><h2 class=\"woocommerce-loop-product__title\">STARI SRPSKI KALENDAR &#8211; Zabranjena istorija Srba \ud83c\uddf7\ud83c\uddf8<\/h2><\/a>\t\t\t<span class=\"premium-woo-product-category\">\r\n\t\t\t\tKalendar\t\t\t<\/span>\r\n\t\t\t\n\t<span class=\"price\"><del aria-hidden=\"true\"><span class=\"woocommerce-Price-amount amount\"><bdi>1,500&nbsp;<span class=\"woocommerce-Price-currencySymbol\">RSD<\/span><\/bdi><\/span><\/del> <span class=\"screen-reader-text\" data-no-translation=\"\" data-trp-gettext=\"\">Original price was: 1,500&nbsp;RSD.<\/span><ins aria-hidden=\"true\"><span class=\"woocommerce-Price-amount amount\"><bdi>1,200&nbsp;<span class=\"woocommerce-Price-currencySymbol\">RSD<\/span><\/bdi><\/span><\/ins><span class=\"screen-reader-text\" data-no-translation=\"\" data-trp-gettext=\"\">Current price is: 1,200&nbsp;RSD.<\/span><\/span>\n<div class=\"premium-woo-atc-button\" ><a href=\"\/en\/wp-json\/wp\/v2\/pages\/5093?add-to-cart=3796\" aria-describedby=\"woocommerce_loop_add_to_cart_link_describedby_3796\" data-quantity=\"1\" class=\"button product_type_simple add_to_cart_button ajax_add_to_cart\" data-product_id=\"3796\" data-product_sku=\"3796\" aria-label=\"Add to basket: \u201cSTARI SRPSKI KALENDAR - Zabranjena istorija Srba \ud83c\uddf7\ud83c\uddf8\u201d\" rel=\"nofollow\" data-success_message=\"\u201cSTARI SRPSKI KALENDAR - Zabranjena istorija Srba \ud83c\uddf7\ud83c\uddf8\u201d has been added to your cart\" role=\"button\" data-no-translation=\"\" data-trp-gettext=\"\" data-no-translation-aria-label=\"\" data-no-translation-data-success_message=\"\">Add to basket<\/a>\t<span id=\"woocommerce_loop_add_to_cart_link_describedby_3796\" class=\"screen-reader-text\">\n\t\t\t<\/span>\n<\/div><\/div>\t<\/div>\r\n<\/li>\r\n<\/ul>\n<\/div><\/div>\t\t\t\t<\/div>\n\t\t\t\t<\/div>\n\t\t\t\t\t<\/div>\n\t\t<\/div>\n\t\t\t\t\t<\/div>\n\t\t<\/section>\n\t\t\t\t<section class=\"elementor-section elementor-top-section elementor-element elementor-element-0635110 elementor-section-boxed elementor-section-height-default elementor-section-height-default\" data-id=\"0635110\" data-element_type=\"section\" data-e-type=\"section\">\n\t\t\t\t\t\t<div class=\"elementor-container elementor-column-gap-default\">\n\t\t\t\t\t<div class=\"elementor-column elementor-col-100 elementor-top-column elementor-element elementor-element-75a8cdd\" data-id=\"75a8cdd\" data-element_type=\"column\" data-e-type=\"column\">\n\t\t\t<div class=\"elementor-widget-wrap elementor-element-populated\">\n\t\t\t\t\t\t<div class=\"elementor-element elementor-element-6b375e3 elementor-widget elementor-widget-spacer\" data-id=\"6b375e3\" data-element_type=\"widget\" data-e-type=\"widget\" data-widget_type=\"spacer.default\">\n\t\t\t\t<div class=\"elementor-widget-container\">\n\t\t\t\t\t\t\t<div class=\"elementor-spacer\">\n\t\t\t<div class=\"elementor-spacer-inner\"><\/div>\n\t\t<\/div>\n\t\t\t\t\t\t<\/div>\n\t\t\t\t<\/div>\n\t\t\t\t<div class=\"elementor-element elementor-element-f4b017d elementor-widget elementor-widget-heading\" data-id=\"f4b017d\" data-element_type=\"widget\" data-e-type=\"widget\" data-widget_type=\"heading.default\">\n\t\t\t\t<div class=\"elementor-widget-container\">\n\t\t\t\t\t<h2 class=\"elementor-heading-title elementor-size-default\">SVE KATEGORIJE<\/h2>\t\t\t\t<\/div>\n\t\t\t\t<\/div>\n\t\t\t\t<div class=\"elementor-element elementor-element-8fa8005 elementor-widget elementor-widget-spacer\" data-id=\"8fa8005\" data-element_type=\"widget\" data-e-type=\"widget\" data-widget_type=\"spacer.default\">\n\t\t\t\t<div class=\"elementor-widget-container\">\n\t\t\t\t\t\t\t<div class=\"elementor-spacer\">\n\t\t\t<div class=\"elementor-spacer-inner\"><\/div>\n\t\t<\/div>\n\t\t\t\t\t\t<\/div>\n\t\t\t\t<\/div>\n\t\t\t\t\t<\/div>\n\t\t<\/div>\n\t\t\t\t\t<\/div>\n\t\t<\/section>\n\t\t\t\t<\/div>","protected":false},"excerpt":{"rendered":"<p>KATEGORIJA &#8211; KALENDAR O\u010duvana Istorija Srba \u2013 Kalendar &nbsp; Kalendar 1,200\u00a0\u0440\u0441\u0434 Dodaj u korpu SVE KATEGORIJE Za\u0161tita od zra\u010denja Harmonizator aure Zajednica Godi\u0161nja \u010dlanarina Ru\u010dni radovi Unikatni proizvodi Ode\u0107a Majice i ostalo Knjige Znanje je mo\u0107 Kalendar Za 2025. godinu Za\u0161tita od zra\u010denja Harmonizator aure Zajednica Godi\u0161nja \u010dlanarina Ru\u010dni radovi Unikatni proizvodi Ode\u0107a Majice i [&hellip;]<\/p>\n","protected":false},"author":46,"featured_media":8248,"parent":0,"menu_order":0,"comment_status":"closed","ping_status":"closed","template":"","meta":{"_acf_changed":false,"_hpay_column_layout":"0","_hpay_name_price":"0","pmpro_default_level":"","footnotes":""},"class_list":["post-5093","page","type-page","status-publish","has-post-thumbnail","hentry","pmpro-has-access"],"acf":[],"yoast_head":"<!-- This site is optimized with the Yoast SEO plugin v27.1 - https:\/\/yoast.com\/product\/yoast-seo-wordpress\/ -->\n<title>Kalendar - shop page - Zlatno Doba<\/title>\n<meta name=\"robots\" content=\"index, follow, max-snippet:-1, max-image-preview:large, max-video-preview:-1\" \/>\n<link rel=\"canonical\" href=\"https:\/\/zlatnodoba.org\/en\/kalendar\/\" \/>\n<meta property=\"og:locale\" content=\"en_GB\" \/>\n<meta property=\"og:type\" content=\"article\" \/>\n<meta property=\"og:title\" content=\"Kalendar - shop page - Zlatno Doba\" \/>\n<meta property=\"og:description\" content=\"KATEGORIJA &#8211; KALENDAR O\u010duvana Istorija Srba \u2013 Kalendar &nbsp; Kalendar 1,200\u00a0\u0440\u0441\u0434 Dodaj u korpu SVE KATEGORIJE Za\u0161tita od zra\u010denja Harmonizator aure Zajednica Godi\u0161nja \u010dlanarina Ru\u010dni radovi Unikatni proizvodi Ode\u0107a Majice i ostalo Knjige Znanje je mo\u0107 Kalendar Za 2025. godinu Za\u0161tita od zra\u010denja Harmonizator aure Zajednica Godi\u0161nja \u010dlanarina Ru\u010dni radovi Unikatni proizvodi Ode\u0107a Majice i [&hellip;]\" \/>\n<meta property=\"og:url\" content=\"https:\/\/zlatnodoba.org\/en\/kalendar\/\" \/>\n<meta property=\"og:site_name\" content=\"Zlatno Doba\" \/>\n<meta property=\"article:modified_time\" content=\"2026-01-19T15:10:52+00:00\" \/>\n<meta property=\"og:image\" content=\"https:\/\/zlatnodoba.org\/wp-content\/uploads\/2025\/01\/Stari-Srpski-Kalendar-Zabranjena-Istorija-Srba-Ocuvana-Pra-Istorija-Srbije-Zlatno-doba-2025-Ljiljana-Krtinic-JPG-WEB-2.jpg\" \/>\n\t<meta property=\"og:image:width\" content=\"900\" \/>\n\t<meta property=\"og:image:height\" content=\"900\" \/>\n\t<meta property=\"og:image:type\" content=\"image\/jpeg\" \/>\n<meta name=\"twitter:card\" content=\"summary_large_image\" \/>\n<meta name=\"twitter:label1\" content=\"Estimated reading time\" \/>\n\t<meta name=\"twitter:data1\" content=\"5 minutes\" \/>\n<script type=\"application\/ld+json\" class=\"yoast-schema-graph\">{\"@context\":\"https:\/\/schema.org\",\"@graph\":[{\"@type\":\"WebPage\",\"@id\":\"https:\/\/zlatnodoba.org\/kalendar\/\",\"url\":\"https:\/\/zlatnodoba.org\/kalendar\/\",\"name\":\"Kalendar - shop page - Zlatno Doba\",\"isPartOf\":{\"@id\":\"https:\/\/zlatnodoba.org\/#website\"},\"primaryImageOfPage\":{\"@id\":\"https:\/\/zlatnodoba.org\/kalendar\/#primaryimage\"},\"image\":{\"@id\":\"https:\/\/zlatnodoba.org\/kalendar\/#primaryimage\"},\"thumbnailUrl\":\"https:\/\/zlatnodoba.org\/wp-content\/uploads\/2025\/01\/Stari-Srpski-Kalendar-Zabranjena-Istorija-Srba-Ocuvana-Pra-Istorija-Srbije-Zlatno-doba-2025-Ljiljana-Krtinic-JPG-WEB-2.jpg\",\"datePublished\":\"2025-02-02T20:36:15+00:00\",\"dateModified\":\"2026-01-19T15:10:52+00:00\",\"breadcrumb\":{\"@id\":\"https:\/\/zlatnodoba.org\/kalendar\/#breadcrumb\"},\"inLanguage\":\"en-GB\",\"potentialAction\":[{\"@type\":\"ReadAction\",\"target\":[\"https:\/\/zlatnodoba.org\/kalendar\/\"]}]},{\"@type\":\"ImageObject\",\"inLanguage\":\"en-GB\",\"@id\":\"https:\/\/zlatnodoba.org\/kalendar\/#primaryimage\",\"url\":\"https:\/\/zlatnodoba.org\/wp-content\/uploads\/2025\/01\/Stari-Srpski-Kalendar-Zabranjena-Istorija-Srba-Ocuvana-Pra-Istorija-Srbije-Zlatno-doba-2025-Ljiljana-Krtinic-JPG-WEB-2.jpg\",\"contentUrl\":\"https:\/\/zlatnodoba.org\/wp-content\/uploads\/2025\/01\/Stari-Srpski-Kalendar-Zabranjena-Istorija-Srba-Ocuvana-Pra-Istorija-Srbije-Zlatno-doba-2025-Ljiljana-Krtinic-JPG-WEB-2.jpg\",\"width\":900,\"height\":900,\"caption\":\"Stari Srpski Kalendar - Zabranjena Istorija Srba - O\u010duvana Pra Istorija Srbije - Zlatno doba - 2025 - Ljiljana Krtini\u0107 JPG WEB-2\"},{\"@type\":\"BreadcrumbList\",\"@id\":\"https:\/\/zlatnodoba.org\/kalendar\/#breadcrumb\",\"itemListElement\":[{\"@type\":\"ListItem\",\"position\":1,\"name\":\"Home\",\"item\":\"https:\/\/zlatnodoba.org\/\"},{\"@type\":\"ListItem\",\"position\":2,\"name\":\"Kalendar &#8211; shop page\"}]},{\"@type\":\"WebSite\",\"@id\":\"https:\/\/zlatnodoba.org\/#website\",\"url\":\"https:\/\/zlatnodoba.org\/\",\"name\":\"Zlatno Doba\",\"description\":\"\",\"potentialAction\":[{\"@type\":\"SearchAction\",\"target\":{\"@type\":\"EntryPoint\",\"urlTemplate\":\"https:\/\/zlatnodoba.org\/?s={search_term_string}\"},\"query-input\":{\"@type\":\"PropertyValueSpecification\",\"valueRequired\":true,\"valueName\":\"search_term_string\"}}],\"inLanguage\":\"en-GB\"}]}<\/script>\n<!-- \/ Yoast SEO plugin. -->","yoast_head_json":{"title":"Kalendar - shop page - Zlatno Doba","robots":{"index":"index","follow":"follow","max-snippet":"max-snippet:-1","max-image-preview":"max-image-preview:large","max-video-preview":"max-video-preview:-1"},"canonical":"https:\/\/zlatnodoba.org\/en\/kalendar\/","og_locale":"en_GB","og_type":"article","og_title":"Kalendar - shop page - Zlatno Doba","og_description":"KATEGORIJA &#8211; KALENDAR O\u010duvana Istorija Srba \u2013 Kalendar &nbsp; Kalendar 1,200\u00a0\u0440\u0441\u0434 Dodaj u korpu SVE KATEGORIJE Za\u0161tita od zra\u010denja Harmonizator aure Zajednica Godi\u0161nja \u010dlanarina Ru\u010dni radovi Unikatni proizvodi Ode\u0107a Majice i ostalo Knjige Znanje je mo\u0107 Kalendar Za 2025. godinu Za\u0161tita od zra\u010denja Harmonizator aure Zajednica Godi\u0161nja \u010dlanarina Ru\u010dni radovi Unikatni proizvodi Ode\u0107a Majice i [&hellip;]","og_url":"https:\/\/zlatnodoba.org\/en\/kalendar\/","og_site_name":"Zlatno Doba","article_modified_time":"2026-01-19T15:10:52+00:00","og_image":[{"width":900,"height":900,"url":"https:\/\/zlatnodoba.org\/wp-content\/uploads\/2025\/01\/Stari-Srpski-Kalendar-Zabranjena-Istorija-Srba-Ocuvana-Pra-Istorija-Srbije-Zlatno-doba-2025-Ljiljana-Krtinic-JPG-WEB-2.jpg","type":"image\/jpeg"}],"twitter_card":"summary_large_image","twitter_misc":{"Estimated reading time":"5 minutes"},"schema":{"@context":"https:\/\/schema.org","@graph":[{"@type":"WebPage","@id":"https:\/\/zlatnodoba.org\/kalendar\/","url":"https:\/\/zlatnodoba.org\/kalendar\/","name":"Kalendar - shop page - Zlatno Doba","isPartOf":{"@id":"https:\/\/zlatnodoba.org\/#website"},"primaryImageOfPage":{"@id":"https:\/\/zlatnodoba.org\/kalendar\/#primaryimage"},"image":{"@id":"https:\/\/zlatnodoba.org\/kalendar\/#primaryimage"},"thumbnailUrl":"https:\/\/zlatnodoba.org\/wp-content\/uploads\/2025\/01\/Stari-Srpski-Kalendar-Zabranjena-Istorija-Srba-Ocuvana-Pra-Istorija-Srbije-Zlatno-doba-2025-Ljiljana-Krtinic-JPG-WEB-2.jpg","datePublished":"2025-02-02T20:36:15+00:00","dateModified":"2026-01-19T15:10:52+00:00","breadcrumb":{"@id":"https:\/\/zlatnodoba.org\/kalendar\/#breadcrumb"},"inLanguage":"en-GB","potentialAction":[{"@type":"ReadAction","target":["https:\/\/zlatnodoba.org\/kalendar\/"]}]},{"@type":"ImageObject","inLanguage":"en-GB","@id":"https:\/\/zlatnodoba.org\/kalendar\/#primaryimage","url":"https:\/\/zlatnodoba.org\/wp-content\/uploads\/2025\/01\/Stari-Srpski-Kalendar-Zabranjena-Istorija-Srba-Ocuvana-Pra-Istorija-Srbije-Zlatno-doba-2025-Ljiljana-Krtinic-JPG-WEB-2.jpg","contentUrl":"https:\/\/zlatnodoba.org\/wp-content\/uploads\/2025\/01\/Stari-Srpski-Kalendar-Zabranjena-Istorija-Srba-Ocuvana-Pra-Istorija-Srbije-Zlatno-doba-2025-Ljiljana-Krtinic-JPG-WEB-2.jpg","width":900,"height":900,"caption":"Stari Srpski Kalendar - Zabranjena Istorija Srba - O\u010duvana Pra Istorija Srbije - Zlatno doba - 2025 - Ljiljana Krtini\u0107 JPG WEB-2"},{"@type":"BreadcrumbList","@id":"https:\/\/zlatnodoba.org\/kalendar\/#breadcrumb","itemListElement":[{"@type":"ListItem","position":1,"name":"Home","item":"https:\/\/zlatnodoba.org\/"},{"@type":"ListItem","position":2,"name":"Kalendar &#8211; shop page"}]},{"@type":"WebSite","@id":"https:\/\/zlatnodoba.org\/#website","url":"https:\/\/zlatnodoba.org\/","name":"Zlatno Doba","description":"","potentialAction":[{"@type":"SearchAction","target":{"@type":"EntryPoint","urlTemplate":"https:\/\/zlatnodoba.org\/?s={search_term_string}"},"query-input":{"@type":"PropertyValueSpecification","valueRequired":true,"valueName":"search_term_string"}}],"inLanguage":"en-GB"}]}},"_links":{"self":[{"href":"https:\/\/zlatnodoba.org\/en\/wp-json\/wp\/v2\/pages\/5093","targetHints":{"allow":["GET"]}}],"collection":[{"href":"https:\/\/zlatnodoba.org\/en\/wp-json\/wp\/v2\/pages"}],"about":[{"href":"https:\/\/zlatnodoba.org\/en\/wp-json\/wp\/v2\/types\/page"}],"author":[{"embeddable":true,"href":"https:\/\/zlatnodoba.org\/en\/wp-json\/wp\/v2\/users\/46"}],"replies":[{"embeddable":true,"href":"https:\/\/zlatnodoba.org\/en\/wp-json\/wp\/v2\/comments?post=5093"}],"version-history":[{"count":37,"href":"https:\/\/zlatnodoba.org\/en\/wp-json\/wp\/v2\/pages\/5093\/revisions"}],"predecessor-version":[{"id":7384,"href":"https:\/\/zlatnodoba.org\/en\/wp-json\/wp\/v2\/pages\/5093\/revisions\/7384"}],"wp:featuredmedia":[{"embeddable":true,"href":"https:\/\/zlatnodoba.org\/en\/wp-json\/wp\/v2\/media\/8248"}],"wp:attachment":[{"href":"https:\/\/zlatnodoba.org\/en\/wp-json\/wp\/v2\/media?parent=5093"}],"curies":[{"name":"wp","href":"https:\/\/api.w.org\/{rel}","templated":true}]}}