{"id":5077,"date":"2025-02-02T20:22:00","date_gmt":"2025-02-02T20:22:00","guid":{"rendered":"https:\/\/zlatnodoba.org\/?page_id=5077"},"modified":"2025-09-07T14:24:56","modified_gmt":"2025-09-07T14:24:56","slug":"zastita-od-zracenja","status":"publish","type":"page","link":"https:\/\/zlatnodoba.org\/en\/zastita-od-zracenja\/","title":{"rendered":"Zastita od zracenja &#8211; shop page"},"content":{"rendered":"<div data-elementor-type=\"wp-page\" data-elementor-id=\"5077\" class=\"elementor elementor-5077\" data-elementor-post-type=\"page\">\n\t\t\t\t\t\t<section class=\"elementor-section elementor-top-section elementor-element elementor-element-ad0fbe0 elementor-section-boxed elementor-section-height-default elementor-section-height-default\" data-id=\"ad0fbe0\" data-element_type=\"section\" data-e-type=\"section\">\n\t\t\t\t\t\t<div class=\"elementor-container elementor-column-gap-default\">\n\t\t\t\t\t<div class=\"elementor-column elementor-col-100 elementor-top-column elementor-element elementor-element-8beaa4f\" data-id=\"8beaa4f\" data-element_type=\"column\" data-e-type=\"column\">\n\t\t\t<div class=\"elementor-widget-wrap elementor-element-populated\">\n\t\t\t\t\t\t<div class=\"elementor-element elementor-element-98c8aa3 elementor-widget elementor-widget-heading\" data-id=\"98c8aa3\" data-element_type=\"widget\" data-e-type=\"widget\" data-widget_type=\"heading.default\">\n\t\t\t\t<div class=\"elementor-widget-container\">\n\t\t\t\t\t<h2 class=\"elementor-heading-title elementor-size-default\">KATEGORIJA - ZA\u0160TITA OD ZRA\u010cENJA<\/h2>\t\t\t\t<\/div>\n\t\t\t\t<\/div>\n\t\t\t\t<div class=\"elementor-element elementor-element-21bb0a8 premium-woo-product-align-center premium-qv-hidden-yes elementor-widget elementor-widget-premium-woo-products\" data-id=\"21bb0a8\" data-element_type=\"widget\" data-e-type=\"widget\" data-widget_type=\"premium-woo-products.grid-1\">\n\t\t\t\t<div class=\"elementor-widget-container\">\n\t\t\t\t\t<div class=\"premium-woocommerce premium-woo-products-grid premium-woo-skin-grid-1 premium-woo-query-custom\" data-page-id=\"5077\" data-skin=\"grid_1\" data-quick-view=\"\"><div class=\"premium-woo-products-inner premium-woo-product__hover-zoomin\"><ul class=\"products columns-3\">\n\r\n<li class=\"post-3816 product first instock taxable shipping-taxable purchasable product-type-simple\">\r\n\t<div class=\"premium-woo-product-wrapper premium-con-lq__none\">\r\n\t\t<div class=\"premium-woo-product-thumbnail\"><a href=\"https:\/\/zlatnodoba.org\/en\/proizvod\/teslin-tahjonski-disk\/\" class=\"woocommerce-LoopProduct-link woocommerce-loop-product__link\"><img decoding=\"async\" src=\"https:\/\/zlatnodoba.org\/wp-content\/uploads\/2025\/01\/IMG_4600-300x300.jpg\" alt=\"\"><\/a><\/div><div class=\"premium-woo-products-details-wrap\"><a href=\"https:\/\/zlatnodoba.org\/en\/proizvod\/teslin-tahjonski-disk\/\" class=\"premium-woo-product__link\"><h2 class=\"woocommerce-loop-product__title\">Teslin Tahjonski Disk<\/h2><\/a>\t\t\t<span class=\"premium-woo-product-category\">\r\n\t\t\t\tZa\u0161tita od zra\u010denja\t\t\t<\/span>\r\n\t\t\t\n\t<span class=\"price\"><span class=\"woocommerce-Price-amount amount\"><bdi>2,000&nbsp;<span class=\"woocommerce-Price-currencySymbol\">RSD<\/span><\/bdi><\/span><\/span>\n<div class=\"premium-woo-atc-button\" ><a href=\"\/en\/wp-json\/wp\/v2\/pages\/5077?add-to-cart=3816\" aria-describedby=\"woocommerce_loop_add_to_cart_link_describedby_3816\" data-quantity=\"1\" class=\"button product_type_simple add_to_cart_button ajax_add_to_cart\" data-product_id=\"3816\" data-product_sku=\"3816\" aria-label=\"Add to basket: \u201cTeslin Tahjonski Disk\u201d\" rel=\"nofollow\" data-success_message=\"\u201cTeslin Tahjonski Disk\u201d has been added to your cart\" role=\"button\" data-no-translation=\"\" data-trp-gettext=\"\" data-no-translation-aria-label=\"\" data-no-translation-data-success_message=\"\">Add to basket<\/a>\t<span id=\"woocommerce_loop_add_to_cart_link_describedby_3816\" class=\"screen-reader-text\">\n\t\t\t<\/span>\n<\/div><\/div>\t<\/div>\r\n<\/li>\r\n\r\n<li class=\"post-3809 product  instock taxable shipping-taxable purchasable product-type-simple\">\r\n\t<div class=\"premium-woo-product-wrapper premium-con-lq__none\">\r\n\t\t<div class=\"premium-woo-product-thumbnail\"><a href=\"https:\/\/zlatnodoba.org\/en\/proizvod\/teslina-tahjonska-ploca\/\" class=\"woocommerce-LoopProduct-link woocommerce-loop-product__link\"><img decoding=\"async\" src=\"https:\/\/zlatnodoba.org\/wp-content\/uploads\/2025\/01\/IMG_4603-300x300.jpg\" alt=\"\"><\/a><\/div><div class=\"premium-woo-products-details-wrap\"><a href=\"https:\/\/zlatnodoba.org\/en\/proizvod\/teslina-tahjonska-ploca\/\" class=\"premium-woo-product__link\"><h2 class=\"woocommerce-loop-product__title\">Teslina Tahjonska Plo\u010da<\/h2><\/a>\t\t\t<span class=\"premium-woo-product-category\">\r\n\t\t\t\tZa\u0161tita od zra\u010denja\t\t\t<\/span>\r\n\t\t\t\n\t<span class=\"price\"><span class=\"woocommerce-Price-amount amount\"><bdi>3,000&nbsp;<span class=\"woocommerce-Price-currencySymbol\">RSD<\/span><\/bdi><\/span><\/span>\n<div class=\"premium-woo-atc-button\" ><a href=\"\/en\/wp-json\/wp\/v2\/pages\/5077?add-to-cart=3809\" aria-describedby=\"woocommerce_loop_add_to_cart_link_describedby_3809\" data-quantity=\"1\" class=\"button product_type_simple add_to_cart_button ajax_add_to_cart\" data-product_id=\"3809\" data-product_sku=\"3809\" aria-label=\"Add to basket: \u201cTeslina Tahjonska Plo\u010da\u201d\" rel=\"nofollow\" data-success_message=\"\u201cTeslina Tahjonska Plo\u010da\u201d has been added to your cart\" role=\"button\" data-no-translation=\"\" data-trp-gettext=\"\" data-no-translation-aria-label=\"\" data-no-translation-data-success_message=\"\">Add to basket<\/a>\t<span id=\"woocommerce_loop_add_to_cart_link_describedby_3809\" class=\"screen-reader-text\">\n\t\t\t<\/span>\n<\/div><\/div>\t<\/div>\r\n<\/li>\r\n\r\n<li class=\"post-3844 product last instock taxable shipping-taxable purchasable product-type-simple\">\r\n\t<div class=\"premium-woo-product-wrapper premium-con-lq__none\">\r\n\t\t<div class=\"premium-woo-product-thumbnail\"><a href=\"https:\/\/zlatnodoba.org\/en\/proizvod\/mobilni-bioprotektor\/\" class=\"woocommerce-LoopProduct-link woocommerce-loop-product__link\"><img decoding=\"async\" src=\"https:\/\/zlatnodoba.org\/wp-content\/uploads\/2025\/01\/3.-Mobilni-bioprotector-300x300.jpg\" alt=\"\"><\/a><\/div><div class=\"premium-woo-products-details-wrap\"><a href=\"https:\/\/zlatnodoba.org\/en\/proizvod\/mobilni-bioprotektor\/\" class=\"premium-woo-product__link\"><h2 class=\"woocommerce-loop-product__title\">Mobilni Bioprotektor<\/h2><\/a>\t\t\t<span class=\"premium-woo-product-category\">\r\n\t\t\t\tZa\u0161tita od zra\u010denja\t\t\t<\/span>\r\n\t\t\t\n\t<span class=\"price\"><span class=\"woocommerce-Price-amount amount\"><bdi>6,000&nbsp;<span class=\"woocommerce-Price-currencySymbol\">RSD<\/span><\/bdi><\/span><\/span>\n<div class=\"premium-woo-atc-button\" ><a href=\"\/en\/wp-json\/wp\/v2\/pages\/5077?add-to-cart=3844\" aria-describedby=\"woocommerce_loop_add_to_cart_link_describedby_3844\" data-quantity=\"1\" class=\"button product_type_simple add_to_cart_button ajax_add_to_cart\" data-product_id=\"3844\" data-product_sku=\"3844\" aria-label=\"Add to basket: \u201cMobilni Bioprotektor\u201d\" rel=\"nofollow\" data-success_message=\"\u201cMobilni Bioprotektor\u201d has been added to your cart\" role=\"button\" data-no-translation=\"\" data-trp-gettext=\"\" data-no-translation-aria-label=\"\" data-no-translation-data-success_message=\"\">Add to basket<\/a>\t<span id=\"woocommerce_loop_add_to_cart_link_describedby_3844\" class=\"screen-reader-text\">\n\t\t\t<\/span>\n<\/div><\/div>\t<\/div>\r\n<\/li>\r\n\r\n<li class=\"post-3845 product first instock taxable shipping-taxable purchasable product-type-simple\">\r\n\t<div class=\"premium-woo-product-wrapper premium-con-lq__none\">\r\n\t\t<div class=\"premium-woo-product-thumbnail\"><a href=\"https:\/\/zlatnodoba.org\/en\/proizvod\/anti-stres-dragulj-bioprotector\/\" class=\"woocommerce-LoopProduct-link woocommerce-loop-product__link\"><img decoding=\"async\" src=\"https:\/\/zlatnodoba.org\/wp-content\/uploads\/2025\/01\/4.-Anti-stres-dragulj-Bioprotector-300x300.jpg\" alt=\"\"><\/a><\/div><div class=\"premium-woo-products-details-wrap\"><a href=\"https:\/\/zlatnodoba.org\/en\/proizvod\/anti-stres-dragulj-bioprotector\/\" class=\"premium-woo-product__link\"><h2 class=\"woocommerce-loop-product__title\">Anti-stres dragulj Bioprotector<\/h2><\/a>\t\t\t<span class=\"premium-woo-product-category\">\r\n\t\t\t\tZa\u0161tita od zra\u010denja\t\t\t<\/span>\r\n\t\t\t\n\t<span class=\"price\"><span class=\"woocommerce-Price-amount amount\"><bdi>6,000&nbsp;<span class=\"woocommerce-Price-currencySymbol\">RSD<\/span><\/bdi><\/span><\/span>\n<div class=\"premium-woo-atc-button\" ><a href=\"\/en\/wp-json\/wp\/v2\/pages\/5077?add-to-cart=3845\" aria-describedby=\"woocommerce_loop_add_to_cart_link_describedby_3845\" data-quantity=\"1\" class=\"button product_type_simple add_to_cart_button ajax_add_to_cart\" data-product_id=\"3845\" data-product_sku=\"3845\" aria-label=\"Add to basket: \u201cAnti-stres dragulj Bioprotector\u201d\" rel=\"nofollow\" data-success_message=\"\u201cAnti-stres dragulj Bioprotector\u201d has been added to your cart\" role=\"button\" data-no-translation=\"\" data-trp-gettext=\"\" data-no-translation-aria-label=\"\" data-no-translation-data-success_message=\"\">Add to basket<\/a>\t<span id=\"woocommerce_loop_add_to_cart_link_describedby_3845\" class=\"screen-reader-text\">\n\t\t\t<\/span>\n<\/div><\/div>\t<\/div>\r\n<\/li>\r\n\r\n<li class=\"post-3846 product  instock taxable shipping-taxable purchasable product-type-simple\">\r\n\t<div class=\"premium-woo-product-wrapper premium-con-lq__none\">\r\n\t\t<div class=\"premium-woo-product-thumbnail\"><a href=\"https:\/\/zlatnodoba.org\/en\/proizvod\/kucni-ljubimci-bioprotector\/\" class=\"woocommerce-LoopProduct-link woocommerce-loop-product__link\"><img decoding=\"async\" src=\"https:\/\/zlatnodoba.org\/wp-content\/uploads\/2025\/01\/5.-Kucni-ljubimci-Bioprotector-300x300.jpg\" alt=\"\"><\/a><\/div><div class=\"premium-woo-products-details-wrap\"><a href=\"https:\/\/zlatnodoba.org\/en\/proizvod\/kucni-ljubimci-bioprotector\/\" class=\"premium-woo-product__link\"><h2 class=\"woocommerce-loop-product__title\">Ku\u0107ni ljubimci Bioprotector<\/h2><\/a>\t\t\t<span class=\"premium-woo-product-category\">\r\n\t\t\t\tZa\u0161tita od zra\u010denja\t\t\t<\/span>\r\n\t\t\t\n\t<span class=\"price\"><span class=\"woocommerce-Price-amount amount\"><bdi>6,000&nbsp;<span class=\"woocommerce-Price-currencySymbol\">RSD<\/span><\/bdi><\/span><\/span>\n<div class=\"premium-woo-atc-button\" ><a href=\"\/en\/wp-json\/wp\/v2\/pages\/5077?add-to-cart=3846\" aria-describedby=\"woocommerce_loop_add_to_cart_link_describedby_3846\" data-quantity=\"1\" class=\"button product_type_simple add_to_cart_button ajax_add_to_cart\" data-product_id=\"3846\" data-product_sku=\"3846\" aria-label=\"Add to basket: \u201cKu\u0107ni ljubimci Bioprotector\u201d\" rel=\"nofollow\" data-success_message=\"\u201cKu\u0107ni ljubimci Bioprotector\u201d has been added to your cart\" role=\"button\" data-no-translation=\"\" data-trp-gettext=\"\" data-no-translation-aria-label=\"\" data-no-translation-data-success_message=\"\">Add to basket<\/a>\t<span id=\"woocommerce_loop_add_to_cart_link_describedby_3846\" class=\"screen-reader-text\">\n\t\t\t<\/span>\n<\/div><\/div>\t<\/div>\r\n<\/li>\r\n\r\n<li class=\"post-3843 product last instock taxable shipping-taxable purchasable product-type-simple\">\r\n\t<div class=\"premium-woo-product-wrapper premium-con-lq__none\">\r\n\t\t<div class=\"premium-woo-product-thumbnail\"><a href=\"https:\/\/zlatnodoba.org\/en\/proizvod\/licni-bio-protektor\/\" class=\"woocommerce-LoopProduct-link woocommerce-loop-product__link\"><img decoding=\"async\" src=\"https:\/\/zlatnodoba.org\/wp-content\/uploads\/2025\/01\/2.-Licni-Bioprotector-300x300.jpg\" alt=\"\"><\/a><\/div><div class=\"premium-woo-products-details-wrap\"><a href=\"https:\/\/zlatnodoba.org\/en\/proizvod\/licni-bio-protektor\/\" class=\"premium-woo-product__link\"><h2 class=\"woocommerce-loop-product__title\">Li\u010dni Bioprotektor<\/h2><\/a>\t\t\t<span class=\"premium-woo-product-category\">\r\n\t\t\t\tZa\u0161tita od zra\u010denja\t\t\t<\/span>\r\n\t\t\t\n\t<span class=\"price\"><span class=\"woocommerce-Price-amount amount\"><bdi>7,000&nbsp;<span class=\"woocommerce-Price-currencySymbol\">RSD<\/span><\/bdi><\/span><\/span>\n<div class=\"premium-woo-atc-button\" ><a href=\"\/en\/wp-json\/wp\/v2\/pages\/5077?add-to-cart=3843\" aria-describedby=\"woocommerce_loop_add_to_cart_link_describedby_3843\" data-quantity=\"1\" class=\"button product_type_simple add_to_cart_button ajax_add_to_cart\" data-product_id=\"3843\" data-product_sku=\"3843\" aria-label=\"Add to basket: \u201cLi\u010dni Bioprotektor\u201d\" rel=\"nofollow\" data-success_message=\"\u201cLi\u010dni Bioprotektor\u201d has been added to your cart\" role=\"button\" data-no-translation=\"\" data-trp-gettext=\"\" data-no-translation-aria-label=\"\" data-no-translation-data-success_message=\"\">Add to basket<\/a>\t<span id=\"woocommerce_loop_add_to_cart_link_describedby_3843\" class=\"screen-reader-text\">\n\t\t\t<\/span>\n<\/div><\/div>\t<\/div>\r\n<\/li>\r\n<\/ul>\n\t\t\t<div class=\"premium-woo-load-more\">\n\t\t\t\t<button class=\"premium-woo-load-more-btn\" data-products=\"6\" data-order=\"price\" data-tax=\"\">\n\t\t\t\t\t<span>Prika\u017ei vi\u0161e<\/span>\n\t\t\t\t\t<span class=\"premium-woo-products-num\">(6)<\/span>\n\t\t\t\t<\/button>\n\t\t\t<\/div>\n\t\t<\/div><\/div>\t\t\t\t<\/div>\n\t\t\t\t<\/div>\n\t\t\t\t\t<\/div>\n\t\t<\/div>\n\t\t\t\t\t<\/div>\n\t\t<\/section>\n\t\t\t\t<section class=\"elementor-section elementor-top-section elementor-element elementor-element-95b57b7 elementor-section-boxed elementor-section-height-default elementor-section-height-default\" data-id=\"95b57b7\" data-element_type=\"section\" data-e-type=\"section\">\n\t\t\t\t\t\t<div class=\"elementor-container elementor-column-gap-default\">\n\t\t\t\t\t<div class=\"elementor-column elementor-col-100 elementor-top-column elementor-element elementor-element-68eb39d\" data-id=\"68eb39d\" data-element_type=\"column\" data-e-type=\"column\">\n\t\t\t<div class=\"elementor-widget-wrap elementor-element-populated\">\n\t\t\t\t\t\t<div class=\"elementor-element elementor-element-8122a6f elementor-widget elementor-widget-spacer\" data-id=\"8122a6f\" data-element_type=\"widget\" data-e-type=\"widget\" data-widget_type=\"spacer.default\">\n\t\t\t\t<div class=\"elementor-widget-container\">\n\t\t\t\t\t\t\t<div class=\"elementor-spacer\">\n\t\t\t<div class=\"elementor-spacer-inner\"><\/div>\n\t\t<\/div>\n\t\t\t\t\t\t<\/div>\n\t\t\t\t<\/div>\n\t\t\t\t<div class=\"elementor-element elementor-element-b5620eb elementor-widget elementor-widget-heading\" data-id=\"b5620eb\" data-element_type=\"widget\" data-e-type=\"widget\" data-widget_type=\"heading.default\">\n\t\t\t\t<div class=\"elementor-widget-container\">\n\t\t\t\t\t<h2 class=\"elementor-heading-title elementor-size-default\">SVE KATEGORIJE<\/h2>\t\t\t\t<\/div>\n\t\t\t\t<\/div>\n\t\t\t\t<div class=\"elementor-element elementor-element-df730ed elementor-widget elementor-widget-spacer\" data-id=\"df730ed\" data-element_type=\"widget\" data-e-type=\"widget\" data-widget_type=\"spacer.default\">\n\t\t\t\t<div class=\"elementor-widget-container\">\n\t\t\t\t\t\t\t<div class=\"elementor-spacer\">\n\t\t\t<div class=\"elementor-spacer-inner\"><\/div>\n\t\t<\/div>\n\t\t\t\t\t\t<\/div>\n\t\t\t\t<\/div>\n\t\t\t\t\t<\/div>\n\t\t<\/div>\n\t\t\t\t\t<\/div>\n\t\t<\/section>\n\t\t\t\t<\/div>","protected":false},"excerpt":{"rendered":"<p>KATEGORIJA &#8211; ZA\u0160TITA OD ZRA\u010cENJA Teslin Tahjonski Disk &nbsp; Za\u0161tita od zra\u010denja 2,000\u00a0\u0440\u0441\u0434 Dodaj u korpu Teslina Tahjonska Plo\u010da &nbsp; Za\u0161tita od zra\u010denja 3,000\u00a0\u0440\u0441\u0434 Dodaj u korpu Mobilni Bioprotektor &nbsp; Za\u0161tita od zra\u010denja 6,000\u00a0\u0440\u0441\u0434 Dodaj u korpu Anti-stres dragulj Bioprotector &nbsp; Za\u0161tita od zra\u010denja 6,000\u00a0\u0440\u0441\u0434 Dodaj u korpu Ku\u0107ni ljubimci Bioprotector &nbsp; Za\u0161tita od zra\u010denja [&hellip;]<\/p>\n","protected":false},"author":46,"featured_media":0,"parent":0,"menu_order":0,"comment_status":"closed","ping_status":"closed","template":"","meta":{"_acf_changed":false,"_hpay_column_layout":"0","_hpay_name_price":"0","pmpro_default_level":"","footnotes":""},"class_list":["post-5077","page","type-page","status-publish","hentry","pmpro-has-access"],"acf":[],"yoast_head":"<!-- This site is optimized with the Yoast SEO plugin v27.1 - https:\/\/yoast.com\/product\/yoast-seo-wordpress\/ -->\n<title>Zastita od zracenja - shop page - Zlatno Doba<\/title>\n<meta name=\"robots\" content=\"index, follow, max-snippet:-1, max-image-preview:large, max-video-preview:-1\" \/>\n<link rel=\"canonical\" href=\"https:\/\/zlatnodoba.org\/en\/product-category\/ploca\/\" \/>\n<meta property=\"og:locale\" content=\"en_GB\" \/>\n<meta property=\"og:type\" content=\"article\" \/>\n<meta property=\"og:title\" content=\"Zastita od zracenja - shop page - Zlatno Doba\" \/>\n<meta property=\"og:description\" content=\"KATEGORIJA &#8211; ZA\u0160TITA OD ZRA\u010cENJA Teslin Tahjonski Disk &nbsp; Za\u0161tita od zra\u010denja 2,000\u00a0\u0440\u0441\u0434 Dodaj u korpu Teslina Tahjonska Plo\u010da &nbsp; Za\u0161tita od zra\u010denja 3,000\u00a0\u0440\u0441\u0434 Dodaj u korpu Mobilni Bioprotektor &nbsp; Za\u0161tita od zra\u010denja 6,000\u00a0\u0440\u0441\u0434 Dodaj u korpu Anti-stres dragulj Bioprotector &nbsp; Za\u0161tita od zra\u010denja 6,000\u00a0\u0440\u0441\u0434 Dodaj u korpu Ku\u0107ni ljubimci Bioprotector &nbsp; Za\u0161tita od zra\u010denja [&hellip;]\" \/>\n<meta property=\"og:url\" content=\"https:\/\/zlatnodoba.org\/en\/product-category\/ploca\/\" \/>\n<meta property=\"og:site_name\" content=\"Zlatno Doba\" \/>\n<meta property=\"article:modified_time\" content=\"2025-09-07T14:24:56+00:00\" \/>\n<meta property=\"og:image\" content=\"https:\/\/zlatnodoba.org\/wp-content\/uploads\/2025\/01\/IMG_4600-300x300.jpg\" \/>\n<meta name=\"twitter:card\" content=\"summary_large_image\" \/>\n<meta name=\"twitter:label1\" content=\"Estimated reading time\" \/>\n\t<meta name=\"twitter:data1\" content=\"6 minutes\" \/>\n<script type=\"application\/ld+json\" class=\"yoast-schema-graph\">{\"@context\":\"https:\/\/schema.org\",\"@graph\":[{\"@type\":\"WebPage\",\"@id\":\"https:\/\/zlatnodoba.org\/product-category\/ploca\/\",\"url\":\"https:\/\/zlatnodoba.org\/product-category\/ploca\/\",\"name\":\"Zastita od zracenja - shop page - Zlatno Doba\",\"isPartOf\":{\"@id\":\"https:\/\/zlatnodoba.org\/#website\"},\"primaryImageOfPage\":{\"@id\":\"https:\/\/zlatnodoba.org\/product-category\/ploca\/#primaryimage\"},\"image\":{\"@id\":\"https:\/\/zlatnodoba.org\/product-category\/ploca\/#primaryimage\"},\"thumbnailUrl\":\"https:\/\/zlatnodoba.org\/wp-content\/uploads\/2025\/01\/IMG_4600-300x300.jpg\",\"datePublished\":\"2025-02-02T20:22:00+00:00\",\"dateModified\":\"2025-09-07T14:24:56+00:00\",\"breadcrumb\":{\"@id\":\"https:\/\/zlatnodoba.org\/product-category\/ploca\/#breadcrumb\"},\"inLanguage\":\"en-GB\",\"potentialAction\":[{\"@type\":\"ReadAction\",\"target\":[\"https:\/\/zlatnodoba.org\/product-category\/ploca\/\"]}]},{\"@type\":\"ImageObject\",\"inLanguage\":\"en-GB\",\"@id\":\"https:\/\/zlatnodoba.org\/product-category\/ploca\/#primaryimage\",\"url\":\"https:\/\/zlatnodoba.org\/wp-content\/uploads\/2025\/01\/IMG_4600-300x300.jpg\",\"contentUrl\":\"https:\/\/zlatnodoba.org\/wp-content\/uploads\/2025\/01\/IMG_4600-300x300.jpg\"},{\"@type\":\"BreadcrumbList\",\"@id\":\"https:\/\/zlatnodoba.org\/product-category\/ploca\/#breadcrumb\",\"itemListElement\":[{\"@type\":\"ListItem\",\"position\":1,\"name\":\"Home\",\"item\":\"https:\/\/zlatnodoba.org\/\"},{\"@type\":\"ListItem\",\"position\":2,\"name\":\"Product category\",\"item\":\"https:\/\/zlatnodoba.org\/product-category\/\"},{\"@type\":\"ListItem\",\"position\":3,\"name\":\"Plo\u010da &#8211; shop page\"}]},{\"@type\":\"WebSite\",\"@id\":\"https:\/\/zlatnodoba.org\/#website\",\"url\":\"https:\/\/zlatnodoba.org\/\",\"name\":\"Zlatno Doba\",\"description\":\"\",\"potentialAction\":[{\"@type\":\"SearchAction\",\"target\":{\"@type\":\"EntryPoint\",\"urlTemplate\":\"https:\/\/zlatnodoba.org\/?s={search_term_string}\"},\"query-input\":{\"@type\":\"PropertyValueSpecification\",\"valueRequired\":true,\"valueName\":\"search_term_string\"}}],\"inLanguage\":\"en-GB\"}]}<\/script>\n<!-- \/ Yoast SEO plugin. -->","yoast_head_json":{"title":"Zastita od zracenja - shop page - Zlatno Doba","robots":{"index":"index","follow":"follow","max-snippet":"max-snippet:-1","max-image-preview":"max-image-preview:large","max-video-preview":"max-video-preview:-1"},"canonical":"https:\/\/zlatnodoba.org\/en\/product-category\/ploca\/","og_locale":"en_GB","og_type":"article","og_title":"Zastita od zracenja - shop page - Zlatno Doba","og_description":"KATEGORIJA &#8211; ZA\u0160TITA OD ZRA\u010cENJA Teslin Tahjonski Disk &nbsp; Za\u0161tita od zra\u010denja 2,000\u00a0\u0440\u0441\u0434 Dodaj u korpu Teslina Tahjonska Plo\u010da &nbsp; Za\u0161tita od zra\u010denja 3,000\u00a0\u0440\u0441\u0434 Dodaj u korpu Mobilni Bioprotektor &nbsp; Za\u0161tita od zra\u010denja 6,000\u00a0\u0440\u0441\u0434 Dodaj u korpu Anti-stres dragulj Bioprotector &nbsp; Za\u0161tita od zra\u010denja 6,000\u00a0\u0440\u0441\u0434 Dodaj u korpu Ku\u0107ni ljubimci Bioprotector &nbsp; Za\u0161tita od zra\u010denja [&hellip;]","og_url":"https:\/\/zlatnodoba.org\/en\/product-category\/ploca\/","og_site_name":"Zlatno Doba","article_modified_time":"2025-09-07T14:24:56+00:00","og_image":[{"url":"https:\/\/zlatnodoba.org\/wp-content\/uploads\/2025\/01\/IMG_4600-300x300.jpg","type":"","width":"","height":""}],"twitter_card":"summary_large_image","twitter_misc":{"Estimated reading time":"6 minutes"},"schema":{"@context":"https:\/\/schema.org","@graph":[{"@type":"WebPage","@id":"https:\/\/zlatnodoba.org\/product-category\/ploca\/","url":"https:\/\/zlatnodoba.org\/product-category\/ploca\/","name":"Zastita od zracenja - shop page - Zlatno Doba","isPartOf":{"@id":"https:\/\/zlatnodoba.org\/#website"},"primaryImageOfPage":{"@id":"https:\/\/zlatnodoba.org\/product-category\/ploca\/#primaryimage"},"image":{"@id":"https:\/\/zlatnodoba.org\/product-category\/ploca\/#primaryimage"},"thumbnailUrl":"https:\/\/zlatnodoba.org\/wp-content\/uploads\/2025\/01\/IMG_4600-300x300.jpg","datePublished":"2025-02-02T20:22:00+00:00","dateModified":"2025-09-07T14:24:56+00:00","breadcrumb":{"@id":"https:\/\/zlatnodoba.org\/product-category\/ploca\/#breadcrumb"},"inLanguage":"en-GB","potentialAction":[{"@type":"ReadAction","target":["https:\/\/zlatnodoba.org\/product-category\/ploca\/"]}]},{"@type":"ImageObject","inLanguage":"en-GB","@id":"https:\/\/zlatnodoba.org\/product-category\/ploca\/#primaryimage","url":"https:\/\/zlatnodoba.org\/wp-content\/uploads\/2025\/01\/IMG_4600-300x300.jpg","contentUrl":"https:\/\/zlatnodoba.org\/wp-content\/uploads\/2025\/01\/IMG_4600-300x300.jpg"},{"@type":"BreadcrumbList","@id":"https:\/\/zlatnodoba.org\/product-category\/ploca\/#breadcrumb","itemListElement":[{"@type":"ListItem","position":1,"name":"Home","item":"https:\/\/zlatnodoba.org\/"},{"@type":"ListItem","position":2,"name":"Product category","item":"https:\/\/zlatnodoba.org\/product-category\/"},{"@type":"ListItem","position":3,"name":"Plo\u010da &#8211; shop page"}]},{"@type":"WebSite","@id":"https:\/\/zlatnodoba.org\/#website","url":"https:\/\/zlatnodoba.org\/","name":"Zlatno Doba","description":"","potentialAction":[{"@type":"SearchAction","target":{"@type":"EntryPoint","urlTemplate":"https:\/\/zlatnodoba.org\/?s={search_term_string}"},"query-input":{"@type":"PropertyValueSpecification","valueRequired":true,"valueName":"search_term_string"}}],"inLanguage":"en-GB"}]}},"_links":{"self":[{"href":"https:\/\/zlatnodoba.org\/en\/wp-json\/wp\/v2\/pages\/5077","targetHints":{"allow":["GET"]}}],"collection":[{"href":"https:\/\/zlatnodoba.org\/en\/wp-json\/wp\/v2\/pages"}],"about":[{"href":"https:\/\/zlatnodoba.org\/en\/wp-json\/wp\/v2\/types\/page"}],"author":[{"embeddable":true,"href":"https:\/\/zlatnodoba.org\/en\/wp-json\/wp\/v2\/users\/46"}],"replies":[{"embeddable":true,"href":"https:\/\/zlatnodoba.org\/en\/wp-json\/wp\/v2\/comments?post=5077"}],"version-history":[{"count":44,"href":"https:\/\/zlatnodoba.org\/en\/wp-json\/wp\/v2\/pages\/5077\/revisions"}],"predecessor-version":[{"id":7368,"href":"https:\/\/zlatnodoba.org\/en\/wp-json\/wp\/v2\/pages\/5077\/revisions\/7368"}],"wp:attachment":[{"href":"https:\/\/zlatnodoba.org\/en\/wp-json\/wp\/v2\/media?parent=5077"}],"curies":[{"name":"wp","href":"https:\/\/api.w.org\/{rel}","templated":true}]}}