{"id":5027,"date":"2025-02-02T11:08:30","date_gmt":"2025-02-02T11:08:30","guid":{"rendered":"https:\/\/zlatnodoba.org\/?page_id=5027"},"modified":"2025-09-07T14:26:12","modified_gmt":"2025-09-07T14:26:12","slug":"zajednica","status":"publish","type":"page","link":"https:\/\/zlatnodoba.org\/en\/zajednica\/","title":{"rendered":"Zajednica &#8211; shop page"},"content":{"rendered":"<div data-elementor-type=\"wp-page\" data-elementor-id=\"5027\" class=\"elementor elementor-5027\" data-elementor-post-type=\"page\">\n\t\t\t\t\t\t<section class=\"elementor-section elementor-top-section elementor-element elementor-element-ad0fbe0 elementor-section-boxed elementor-section-height-default elementor-section-height-default\" data-id=\"ad0fbe0\" data-element_type=\"section\" data-e-type=\"section\">\n\t\t\t\t\t\t<div class=\"elementor-container elementor-column-gap-default\">\n\t\t\t\t\t<div class=\"elementor-column elementor-col-100 elementor-top-column elementor-element elementor-element-8beaa4f\" data-id=\"8beaa4f\" data-element_type=\"column\" data-e-type=\"column\">\n\t\t\t<div class=\"elementor-widget-wrap elementor-element-populated\">\n\t\t\t\t\t\t<div class=\"elementor-element elementor-element-98c8aa3 elementor-widget elementor-widget-heading\" data-id=\"98c8aa3\" data-element_type=\"widget\" data-e-type=\"widget\" data-widget_type=\"heading.default\">\n\t\t\t\t<div class=\"elementor-widget-container\">\n\t\t\t\t\t<h2 class=\"elementor-heading-title elementor-size-default\">KATEGORIJA - ZAJEDNICA<\/h2>\t\t\t\t<\/div>\n\t\t\t\t<\/div>\n\t\t\t\t\t<\/div>\n\t\t<\/div>\n\t\t\t\t\t<\/div>\n\t\t<\/section>\n\t\t\t\t<section class=\"elementor-section elementor-top-section elementor-element elementor-element-297c20a elementor-section-boxed elementor-section-height-default elementor-section-height-default\" data-id=\"297c20a\" data-element_type=\"section\" data-e-type=\"section\">\n\t\t\t\t\t\t<div class=\"elementor-container elementor-column-gap-default\">\n\t\t\t\t\t<div class=\"elementor-column elementor-col-33 elementor-top-column elementor-element elementor-element-177cce6\" data-id=\"177cce6\" data-element_type=\"column\" data-e-type=\"column\">\n\t\t\t<div class=\"elementor-widget-wrap\">\n\t\t\t\t\t\t\t<\/div>\n\t\t<\/div>\n\t\t\t\t<div class=\"elementor-column elementor-col-33 elementor-top-column elementor-element elementor-element-20af4b1\" data-id=\"20af4b1\" data-element_type=\"column\" data-e-type=\"column\">\n\t\t\t<div class=\"elementor-widget-wrap elementor-element-populated\">\n\t\t\t\t\t\t<div class=\"elementor-element elementor-element-c780ff7 premium-woo-product-align-center premium-qv-hidden-yes elementor-widget elementor-widget-premium-woo-products\" data-id=\"c780ff7\" data-element_type=\"widget\" data-e-type=\"widget\" data-widget_type=\"premium-woo-products.grid-1\">\n\t\t\t\t<div class=\"elementor-widget-container\">\n\t\t\t\t\t<div class=\"premium-woocommerce premium-woo-products-grid premium-woo-skin-grid-1 premium-woo-query-custom\" data-page-id=\"5027\" data-skin=\"grid_1\" data-quick-view=\"\"><div class=\"premium-woo-products-inner premium-woo-product__hover-zoomin\"><ul class=\"products columns-1\">\n\r\n<li class=\"post-4712 product first instock sale downloadable virtual taxable purchasable product-type-subscription\">\r\n\t<div class=\"premium-woo-product-wrapper premium-con-lq__none\">\r\n\t\t<div class=\"premium-woo-product-thumbnail\"><div class=\"premium-woo-ribbon-container\">\t<div class=\"premium-woo-product-sale-wrap\">\r\n\t\t<span class=\"premium-woo-product-onsale\">Sale! <\/span>\r\n\t<\/div>\r\n\t<\/div><a href=\"https:\/\/zlatnodoba.org\/en\/proizvod\/edukacija-zlatno-doba\/\" class=\"woocommerce-LoopProduct-link woocommerce-loop-product__link\"><img decoding=\"async\" src=\"https:\/\/zlatnodoba.org\/wp-content\/uploads\/2025\/01\/VIP-PRISTUP-Godisnja-edukacija-copy-2.jpg\" alt=\"Edukacija Zlatno doba - VIP PRISTUP - Godi\u0161nja edukacija - 2025\"><\/a><\/div><div class=\"premium-woo-products-details-wrap\"><a href=\"https:\/\/zlatnodoba.org\/en\/proizvod\/edukacija-zlatno-doba\/\" class=\"premium-woo-product__link\"><h2 class=\"woocommerce-loop-product__title\">EDUKACIJA ZLATNO DOBA &#8211; Godi\u0161nji pristup celoj arhivi &#8211; 2025<\/h2><\/a>\t\t\t<span class=\"premium-woo-product-category\">\r\n\t\t\t\tZajednica\t\t\t<\/span>\r\n\t\t\t\n\t<span class=\"price\"><del aria-hidden=\"true\"><span class=\"woocommerce-Price-amount amount\"><bdi>16,999&nbsp;<span class=\"woocommerce-Price-currencySymbol\">RSD<\/span><\/bdi><\/span><\/del> <span class=\"screen-reader-text\" data-no-translation=\"\" data-trp-gettext=\"\">Original price was: 16,999&nbsp;RSD.<\/span><ins aria-hidden=\"true\"><span class=\"woocommerce-Price-amount amount\"><bdi>8,448&nbsp;<span class=\"woocommerce-Price-currencySymbol\">RSD<\/span><\/bdi><\/span><\/ins><span class=\"screen-reader-text\" data-no-translation=\"\" data-trp-gettext=\"\">Current price is: 8,448&nbsp;RSD.<\/span> <span class=\"subscription-details\"> \/ year<\/span><\/span>\n<div class=\"premium-woo-atc-button\" ><a href=\"\/en\/wp-json\/wp\/v2\/pages\/5027?add-to-cart=4712\" aria-describedby=\"woocommerce_loop_add_to_cart_link_describedby_4712\" data-quantity=\"1\" class=\"button product_type_subscription add_to_cart_button ajax_add_to_cart\" data-product_id=\"4712\" data-product_sku=\"4712\" aria-label=\"Pretplati se: &ldquo;EDUKACIJA ZLATNO DOBA - Godi\u0161nji pristup celoj arhivi - 2025&rdquo;\" rel=\"nofollow\" data-success_message=\"\u201cEDUKACIJA ZLATNO DOBA - Godi\u0161nji pristup celoj arhivi - 2025\u201d has been added to your cart\" role=\"button\" data-no-translation-data-success_message=\"\">Pretplati se<\/a>\t<span id=\"woocommerce_loop_add_to_cart_link_describedby_4712\" class=\"screen-reader-text\">\n\t\t\t<\/span>\n<\/div><\/div>\t<\/div>\r\n<\/li>\r\n<\/ul>\n<\/div><\/div>\t\t\t\t<\/div>\n\t\t\t\t<\/div>\n\t\t\t\t\t<\/div>\n\t\t<\/div>\n\t\t\t\t<div class=\"elementor-column elementor-col-33 elementor-top-column elementor-element elementor-element-a9bc679\" data-id=\"a9bc679\" data-element_type=\"column\" data-e-type=\"column\">\n\t\t\t<div class=\"elementor-widget-wrap\">\n\t\t\t\t\t\t\t<\/div>\n\t\t<\/div>\n\t\t\t\t\t<\/div>\n\t\t<\/section>\n\t\t\t\t<section class=\"elementor-section elementor-top-section elementor-element elementor-element-0504b58 elementor-section-boxed elementor-section-height-default elementor-section-height-default\" data-id=\"0504b58\" data-element_type=\"section\" data-e-type=\"section\">\n\t\t\t\t\t\t<div class=\"elementor-container elementor-column-gap-default\">\n\t\t\t\t\t<div class=\"elementor-column elementor-col-100 elementor-top-column elementor-element elementor-element-0702c69\" data-id=\"0702c69\" data-element_type=\"column\" data-e-type=\"column\">\n\t\t\t<div class=\"elementor-widget-wrap elementor-element-populated\">\n\t\t\t\t\t\t<div class=\"elementor-element elementor-element-6c48dcd elementor-widget elementor-widget-spacer\" data-id=\"6c48dcd\" data-element_type=\"widget\" data-e-type=\"widget\" data-widget_type=\"spacer.default\">\n\t\t\t\t<div class=\"elementor-widget-container\">\n\t\t\t\t\t\t\t<div class=\"elementor-spacer\">\n\t\t\t<div class=\"elementor-spacer-inner\"><\/div>\n\t\t<\/div>\n\t\t\t\t\t\t<\/div>\n\t\t\t\t<\/div>\n\t\t\t\t<div class=\"elementor-element elementor-element-a8837d8 elementor-widget elementor-widget-heading\" data-id=\"a8837d8\" data-element_type=\"widget\" data-e-type=\"widget\" data-widget_type=\"heading.default\">\n\t\t\t\t<div class=\"elementor-widget-container\">\n\t\t\t\t\t<h2 class=\"elementor-heading-title elementor-size-default\">SVE KATEGORIJE<\/h2>\t\t\t\t<\/div>\n\t\t\t\t<\/div>\n\t\t\t\t<div class=\"elementor-element elementor-element-5717d52 elementor-widget elementor-widget-spacer\" data-id=\"5717d52\" data-element_type=\"widget\" data-e-type=\"widget\" data-widget_type=\"spacer.default\">\n\t\t\t\t<div class=\"elementor-widget-container\">\n\t\t\t\t\t\t\t<div class=\"elementor-spacer\">\n\t\t\t<div class=\"elementor-spacer-inner\"><\/div>\n\t\t<\/div>\n\t\t\t\t\t\t<\/div>\n\t\t\t\t<\/div>\n\t\t\t\t\t<\/div>\n\t\t<\/div>\n\t\t\t\t\t<\/div>\n\t\t<\/section>\n\t\t\t\t<\/div>","protected":false},"excerpt":{"rendered":"<p>KATEGORIJA &#8211; ZAJEDNICA EDUKACIJA ZLATNO DOBA \u2013 Godi\u0161nji pristup celoj arhivi \u2013 2025 &nbsp; Zajednica 7,000\u00a0\u0440\u0441\u0434 Dodaj u korpu SVE KATEGORIJE Za\u0161tita od zra\u010denja Harmonizator aure Zajednica Godi\u0161nja \u010dlanarina Ru\u010dni radovi Unikatni proizvodi Ode\u0107a Majice i ostalo Knjige Znanje je mo\u0107 Kalendar Za 2025. godinu Za\u0161tita od zra\u010denja Harmonizator aure Zajednica Godi\u0161nja \u010dlanarina Ru\u010dni radovi [&hellip;]<\/p>\n","protected":false},"author":46,"featured_media":0,"parent":0,"menu_order":0,"comment_status":"closed","ping_status":"closed","template":"","meta":{"_acf_changed":false,"_hpay_column_layout":"0","_hpay_name_price":"0","pmpro_default_level":"","footnotes":""},"class_list":["post-5027","page","type-page","status-publish","hentry","pmpro-has-access"],"acf":[],"yoast_head":"<!-- This site is optimized with the Yoast SEO plugin v27.1 - https:\/\/yoast.com\/product\/yoast-seo-wordpress\/ -->\n<title>Zajednica - shop page - Zlatno Doba<\/title>\n<meta name=\"robots\" content=\"index, follow, max-snippet:-1, max-image-preview:large, max-video-preview:-1\" \/>\n<link rel=\"canonical\" href=\"https:\/\/zlatnodoba.org\/en\/product-category\/zajednica\/\" \/>\n<meta property=\"og:locale\" content=\"en_GB\" \/>\n<meta property=\"og:type\" content=\"article\" \/>\n<meta property=\"og:title\" content=\"Zajednica - shop page - Zlatno Doba\" \/>\n<meta property=\"og:description\" content=\"KATEGORIJA &#8211; ZAJEDNICA EDUKACIJA ZLATNO DOBA \u2013 Godi\u0161nji pristup celoj arhivi \u2013 2025 &nbsp; Zajednica 7,000\u00a0\u0440\u0441\u0434 Dodaj u korpu SVE KATEGORIJE Za\u0161tita od zra\u010denja Harmonizator aure Zajednica Godi\u0161nja \u010dlanarina Ru\u010dni radovi Unikatni proizvodi Ode\u0107a Majice i ostalo Knjige Znanje je mo\u0107 Kalendar Za 2025. godinu Za\u0161tita od zra\u010denja Harmonizator aure Zajednica Godi\u0161nja \u010dlanarina Ru\u010dni radovi [&hellip;]\" \/>\n<meta property=\"og:url\" content=\"https:\/\/zlatnodoba.org\/en\/product-category\/zajednica\/\" \/>\n<meta property=\"og:site_name\" content=\"Zlatno Doba\" \/>\n<meta property=\"article:modified_time\" content=\"2025-09-07T14:26:12+00:00\" \/>\n<meta property=\"og:image\" content=\"https:\/\/zlatnodoba.org\/wp-content\/uploads\/2025\/01\/VIP-CLAN-800x800-1-300x300.jpg\" \/>\n<meta name=\"twitter:card\" content=\"summary_large_image\" \/>\n<meta name=\"twitter:label1\" content=\"Estimated reading time\" \/>\n\t<meta name=\"twitter:data1\" content=\"5 minutes\" \/>\n<script type=\"application\/ld+json\" class=\"yoast-schema-graph\">{\"@context\":\"https:\/\/schema.org\",\"@graph\":[{\"@type\":\"WebPage\",\"@id\":\"https:\/\/zlatnodoba.org\/product-category\/zajednica\/\",\"url\":\"https:\/\/zlatnodoba.org\/product-category\/zajednica\/\",\"name\":\"Zajednica - shop page - Zlatno Doba\",\"isPartOf\":{\"@id\":\"https:\/\/zlatnodoba.org\/#website\"},\"primaryImageOfPage\":{\"@id\":\"https:\/\/zlatnodoba.org\/product-category\/zajednica\/#primaryimage\"},\"image\":{\"@id\":\"https:\/\/zlatnodoba.org\/product-category\/zajednica\/#primaryimage\"},\"thumbnailUrl\":\"https:\/\/zlatnodoba.org\/wp-content\/uploads\/2025\/01\/VIP-PRISTUP-Godisnja-edukacija-copy-2.jpg\",\"datePublished\":\"2025-02-02T11:08:30+00:00\",\"dateModified\":\"2025-09-07T14:26:12+00:00\",\"breadcrumb\":{\"@id\":\"https:\/\/zlatnodoba.org\/product-category\/zajednica\/#breadcrumb\"},\"inLanguage\":\"en-GB\",\"potentialAction\":[{\"@type\":\"ReadAction\",\"target\":[\"https:\/\/zlatnodoba.org\/product-category\/zajednica\/\"]}]},{\"@type\":\"ImageObject\",\"inLanguage\":\"en-GB\",\"@id\":\"https:\/\/zlatnodoba.org\/product-category\/zajednica\/#primaryimage\",\"url\":\"https:\/\/zlatnodoba.org\/wp-content\/uploads\/2025\/01\/VIP-PRISTUP-Godisnja-edukacija-copy-2.jpg\",\"contentUrl\":\"https:\/\/zlatnodoba.org\/wp-content\/uploads\/2025\/01\/VIP-PRISTUP-Godisnja-edukacija-copy-2.jpg\"},{\"@type\":\"BreadcrumbList\",\"@id\":\"https:\/\/zlatnodoba.org\/product-category\/zajednica\/#breadcrumb\",\"itemListElement\":[{\"@type\":\"ListItem\",\"position\":1,\"name\":\"Home\",\"item\":\"https:\/\/zlatnodoba.org\/\"},{\"@type\":\"ListItem\",\"position\":2,\"name\":\"Product category\",\"item\":\"https:\/\/zlatnodoba.org\/product-category\/\"},{\"@type\":\"ListItem\",\"position\":3,\"name\":\"Zajednica &#8211; shop page\"}]},{\"@type\":\"WebSite\",\"@id\":\"https:\/\/zlatnodoba.org\/#website\",\"url\":\"https:\/\/zlatnodoba.org\/\",\"name\":\"Zlatno Doba\",\"description\":\"\",\"potentialAction\":[{\"@type\":\"SearchAction\",\"target\":{\"@type\":\"EntryPoint\",\"urlTemplate\":\"https:\/\/zlatnodoba.org\/?s={search_term_string}\"},\"query-input\":{\"@type\":\"PropertyValueSpecification\",\"valueRequired\":true,\"valueName\":\"search_term_string\"}}],\"inLanguage\":\"en-GB\"}]}<\/script>\n<!-- \/ Yoast SEO plugin. -->","yoast_head_json":{"title":"Zajednica - shop page - Zlatno Doba","robots":{"index":"index","follow":"follow","max-snippet":"max-snippet:-1","max-image-preview":"max-image-preview:large","max-video-preview":"max-video-preview:-1"},"canonical":"https:\/\/zlatnodoba.org\/en\/product-category\/zajednica\/","og_locale":"en_GB","og_type":"article","og_title":"Zajednica - shop page - Zlatno Doba","og_description":"KATEGORIJA &#8211; ZAJEDNICA EDUKACIJA ZLATNO DOBA \u2013 Godi\u0161nji pristup celoj arhivi \u2013 2025 &nbsp; Zajednica 7,000\u00a0\u0440\u0441\u0434 Dodaj u korpu SVE KATEGORIJE Za\u0161tita od zra\u010denja Harmonizator aure Zajednica Godi\u0161nja \u010dlanarina Ru\u010dni radovi Unikatni proizvodi Ode\u0107a Majice i ostalo Knjige Znanje je mo\u0107 Kalendar Za 2025. godinu Za\u0161tita od zra\u010denja Harmonizator aure Zajednica Godi\u0161nja \u010dlanarina Ru\u010dni radovi [&hellip;]","og_url":"https:\/\/zlatnodoba.org\/en\/product-category\/zajednica\/","og_site_name":"Zlatno Doba","article_modified_time":"2025-09-07T14:26:12+00:00","og_image":[{"url":"https:\/\/zlatnodoba.org\/wp-content\/uploads\/2025\/01\/VIP-CLAN-800x800-1-300x300.jpg","type":"","width":"","height":""}],"twitter_card":"summary_large_image","twitter_misc":{"Estimated reading time":"5 minutes"},"schema":{"@context":"https:\/\/schema.org","@graph":[{"@type":"WebPage","@id":"https:\/\/zlatnodoba.org\/product-category\/zajednica\/","url":"https:\/\/zlatnodoba.org\/product-category\/zajednica\/","name":"Zajednica - shop page - Zlatno Doba","isPartOf":{"@id":"https:\/\/zlatnodoba.org\/#website"},"primaryImageOfPage":{"@id":"https:\/\/zlatnodoba.org\/product-category\/zajednica\/#primaryimage"},"image":{"@id":"https:\/\/zlatnodoba.org\/product-category\/zajednica\/#primaryimage"},"thumbnailUrl":"https:\/\/zlatnodoba.org\/wp-content\/uploads\/2025\/01\/VIP-PRISTUP-Godisnja-edukacija-copy-2.jpg","datePublished":"2025-02-02T11:08:30+00:00","dateModified":"2025-09-07T14:26:12+00:00","breadcrumb":{"@id":"https:\/\/zlatnodoba.org\/product-category\/zajednica\/#breadcrumb"},"inLanguage":"en-GB","potentialAction":[{"@type":"ReadAction","target":["https:\/\/zlatnodoba.org\/product-category\/zajednica\/"]}]},{"@type":"ImageObject","inLanguage":"en-GB","@id":"https:\/\/zlatnodoba.org\/product-category\/zajednica\/#primaryimage","url":"https:\/\/zlatnodoba.org\/wp-content\/uploads\/2025\/01\/VIP-PRISTUP-Godisnja-edukacija-copy-2.jpg","contentUrl":"https:\/\/zlatnodoba.org\/wp-content\/uploads\/2025\/01\/VIP-PRISTUP-Godisnja-edukacija-copy-2.jpg"},{"@type":"BreadcrumbList","@id":"https:\/\/zlatnodoba.org\/product-category\/zajednica\/#breadcrumb","itemListElement":[{"@type":"ListItem","position":1,"name":"Home","item":"https:\/\/zlatnodoba.org\/"},{"@type":"ListItem","position":2,"name":"Product category","item":"https:\/\/zlatnodoba.org\/product-category\/"},{"@type":"ListItem","position":3,"name":"Zajednica &#8211; shop page"}]},{"@type":"WebSite","@id":"https:\/\/zlatnodoba.org\/#website","url":"https:\/\/zlatnodoba.org\/","name":"Zlatno Doba","description":"","potentialAction":[{"@type":"SearchAction","target":{"@type":"EntryPoint","urlTemplate":"https:\/\/zlatnodoba.org\/?s={search_term_string}"},"query-input":{"@type":"PropertyValueSpecification","valueRequired":true,"valueName":"search_term_string"}}],"inLanguage":"en-GB"}]}},"_links":{"self":[{"href":"https:\/\/zlatnodoba.org\/en\/wp-json\/wp\/v2\/pages\/5027","targetHints":{"allow":["GET"]}}],"collection":[{"href":"https:\/\/zlatnodoba.org\/en\/wp-json\/wp\/v2\/pages"}],"about":[{"href":"https:\/\/zlatnodoba.org\/en\/wp-json\/wp\/v2\/types\/page"}],"author":[{"embeddable":true,"href":"https:\/\/zlatnodoba.org\/en\/wp-json\/wp\/v2\/users\/46"}],"replies":[{"embeddable":true,"href":"https:\/\/zlatnodoba.org\/en\/wp-json\/wp\/v2\/comments?post=5027"}],"version-history":[{"count":58,"href":"https:\/\/zlatnodoba.org\/en\/wp-json\/wp\/v2\/pages\/5027\/revisions"}],"predecessor-version":[{"id":7145,"href":"https:\/\/zlatnodoba.org\/en\/wp-json\/wp\/v2\/pages\/5027\/revisions\/7145"}],"wp:attachment":[{"href":"https:\/\/zlatnodoba.org\/en\/wp-json\/wp\/v2\/media?parent=5027"}],"curies":[{"name":"wp","href":"https:\/\/api.w.org\/{rel}","templated":true}]}}