{"id":5016,"date":"2025-02-02T10:58:26","date_gmt":"2025-02-02T10:58:26","guid":{"rendered":"https:\/\/zlatnodoba.org\/?page_id=5016"},"modified":"2025-06-01T20:39:34","modified_gmt":"2025-06-01T20:39:34","slug":"product-category","status":"publish","type":"page","link":"https:\/\/zlatnodoba.org\/en\/product-category\/","title":{"rendered":"Product category &#8211; shop page"},"content":{"rendered":"<div data-elementor-type=\"wp-page\" data-elementor-id=\"5016\" class=\"elementor elementor-5016\" data-elementor-post-type=\"page\">\n\t\t\t\t\t\t<section class=\"elementor-section elementor-top-section elementor-element elementor-element-3379924 elementor-section-boxed elementor-section-height-default elementor-section-height-default\" data-id=\"3379924\" data-element_type=\"section\" data-e-type=\"section\">\n\t\t\t\t\t\t<div class=\"elementor-container elementor-column-gap-default\">\n\t\t\t\t\t<div class=\"elementor-column elementor-col-100 elementor-top-column elementor-element elementor-element-e7ec155\" data-id=\"e7ec155\" data-element_type=\"column\" data-e-type=\"column\">\n\t\t\t<div class=\"elementor-widget-wrap elementor-element-populated\">\n\t\t\t\t\t\t<div class=\"elementor-element elementor-element-fca8045 elementor-widget elementor-widget-spacer\" data-id=\"fca8045\" data-element_type=\"widget\" data-e-type=\"widget\" data-widget_type=\"spacer.default\">\n\t\t\t\t<div class=\"elementor-widget-container\">\n\t\t\t\t\t\t\t<div class=\"elementor-spacer\">\n\t\t\t<div class=\"elementor-spacer-inner\"><\/div>\n\t\t<\/div>\n\t\t\t\t\t\t<\/div>\n\t\t\t\t<\/div>\n\t\t\t\t<div class=\"elementor-element elementor-element-bdfa774 elementor-widget elementor-widget-heading\" data-id=\"bdfa774\" data-element_type=\"widget\" data-e-type=\"widget\" data-widget_type=\"heading.default\">\n\t\t\t\t<div class=\"elementor-widget-container\">\n\t\t\t\t\t<h2 class=\"elementor-heading-title elementor-size-default\">SVE KATEGORIJE<\/h2>\t\t\t\t<\/div>\n\t\t\t\t<\/div>\n\t\t\t\t<div class=\"elementor-element elementor-element-5b003f9 elementor-widget elementor-widget-spacer\" data-id=\"5b003f9\" data-element_type=\"widget\" data-e-type=\"widget\" data-widget_type=\"spacer.default\">\n\t\t\t\t<div class=\"elementor-widget-container\">\n\t\t\t\t\t\t\t<div class=\"elementor-spacer\">\n\t\t\t<div class=\"elementor-spacer-inner\"><\/div>\n\t\t<\/div>\n\t\t\t\t\t\t<\/div>\n\t\t\t\t<\/div>\n\t\t\t\t\t<\/div>\n\t\t<\/div>\n\t\t\t\t\t<\/div>\n\t\t<\/section>\n\t\t\t\t<section class=\"elementor-section elementor-top-section elementor-element elementor-element-64e9a7b elementor-section-boxed elementor-section-height-default elementor-section-height-default\" data-id=\"64e9a7b\" data-element_type=\"section\" data-e-type=\"section\">\n\t\t\t\t\t\t<div class=\"elementor-container elementor-column-gap-default\">\n\t\t\t\t\t<div class=\"elementor-column elementor-col-100 elementor-top-column elementor-element elementor-element-eb8b396\" data-id=\"eb8b396\" data-element_type=\"column\" data-e-type=\"column\">\n\t\t\t<div class=\"elementor-widget-wrap\">\n\t\t\t\t\t\t\t<\/div>\n\t\t<\/div>\n\t\t\t\t\t<\/div>\n\t\t<\/section>\n\t\t\t\t<\/div>","protected":false},"excerpt":{"rendered":"<p>SVE KATEGORIJE Za\u0161tita od zra\u010denja Harmonizator aure Zajednica Godi\u0161nja \u010dlanarina Ru\u010dni radovi Unikatni proizvodi Ode\u0107a Majice i ostalo Kvantna medicina Aparati i ostalo Knjige Znanje je mo\u0107 Kalendar Za 2025. godinu Doma\u0107i proizvodi Hrana, kozmetika&#8230; Za\u0161tita od zra\u010denja Harmonizator aure Zajednica Godi\u0161nja \u010dlanarina Ru\u010dni radovi Unikatni proizvodi Ode\u0107a Majice i ostalo Kvantna medicina Aparati i [&hellip;]<\/p>\n","protected":false},"author":46,"featured_media":0,"parent":0,"menu_order":0,"comment_status":"closed","ping_status":"closed","template":"","meta":{"_acf_changed":false,"_hpay_column_layout":"0","_hpay_name_price":"0","pmpro_default_level":"","footnotes":""},"class_list":["post-5016","page","type-page","status-publish","hentry","pmpro-has-access"],"acf":[],"yoast_head":"<!-- This site is optimized with the Yoast SEO plugin v27.1 - https:\/\/yoast.com\/product\/yoast-seo-wordpress\/ -->\n<title>Product category - shop page - Zlatno Doba<\/title>\n<meta name=\"robots\" content=\"index, follow, max-snippet:-1, max-image-preview:large, max-video-preview:-1\" \/>\n<link rel=\"canonical\" href=\"https:\/\/zlatnodoba.org\/en\/product-category\/\" \/>\n<meta property=\"og:locale\" content=\"en_GB\" \/>\n<meta property=\"og:type\" content=\"article\" \/>\n<meta property=\"og:title\" content=\"Product category - shop page - Zlatno Doba\" \/>\n<meta property=\"og:description\" content=\"SVE KATEGORIJE Za\u0161tita od zra\u010denja Harmonizator aure Zajednica Godi\u0161nja \u010dlanarina Ru\u010dni radovi Unikatni proizvodi Ode\u0107a Majice i ostalo Kvantna medicina Aparati i ostalo Knjige Znanje je mo\u0107 Kalendar Za 2025. godinu Doma\u0107i proizvodi Hrana, kozmetika&#8230; Za\u0161tita od zra\u010denja Harmonizator aure Zajednica Godi\u0161nja \u010dlanarina Ru\u010dni radovi Unikatni proizvodi Ode\u0107a Majice i ostalo Kvantna medicina Aparati i [&hellip;]\" \/>\n<meta property=\"og:url\" content=\"https:\/\/zlatnodoba.org\/en\/product-category\/\" \/>\n<meta property=\"og:site_name\" content=\"Zlatno Doba\" \/>\n<meta property=\"article:modified_time\" content=\"2025-06-01T20:39:34+00:00\" \/>\n<meta name=\"twitter:card\" content=\"summary_large_image\" \/>\n<meta name=\"twitter:label1\" content=\"Estimated reading time\" \/>\n\t<meta name=\"twitter:data1\" content=\"6 minutes\" \/>\n<script type=\"application\/ld+json\" class=\"yoast-schema-graph\">{\"@context\":\"https:\/\/schema.org\",\"@graph\":[{\"@type\":\"WebPage\",\"@id\":\"https:\/\/zlatnodoba.org\/product-category\/\",\"url\":\"https:\/\/zlatnodoba.org\/product-category\/\",\"name\":\"Product category - shop page - Zlatno Doba\",\"isPartOf\":{\"@id\":\"https:\/\/zlatnodoba.org\/#website\"},\"primaryImageOfPage\":{\"@id\":\"https:\/\/zlatnodoba.org\/product-category\/#primaryimage\"},\"image\":{\"@id\":\"https:\/\/zlatnodoba.org\/product-category\/#primaryimage\"},\"thumbnailUrl\":\"https:\/\/zlatnodoba.org\/wp-content\/uploads\/2025\/01\/IMG_4623-300x300.jpg\",\"datePublished\":\"2025-02-02T10:58:26+00:00\",\"dateModified\":\"2025-06-01T20:39:34+00:00\",\"breadcrumb\":{\"@id\":\"https:\/\/zlatnodoba.org\/product-category\/#breadcrumb\"},\"inLanguage\":\"en-GB\",\"potentialAction\":[{\"@type\":\"ReadAction\",\"target\":[\"https:\/\/zlatnodoba.org\/product-category\/\"]}]},{\"@type\":\"ImageObject\",\"inLanguage\":\"en-GB\",\"@id\":\"https:\/\/zlatnodoba.org\/product-category\/#primaryimage\",\"url\":\"https:\/\/zlatnodoba.org\/wp-content\/uploads\/2025\/01\/IMG_4623-300x300.jpg\",\"contentUrl\":\"https:\/\/zlatnodoba.org\/wp-content\/uploads\/2025\/01\/IMG_4623-300x300.jpg\"},{\"@type\":\"BreadcrumbList\",\"@id\":\"https:\/\/zlatnodoba.org\/product-category\/#breadcrumb\",\"itemListElement\":[{\"@type\":\"ListItem\",\"position\":1,\"name\":\"Home\",\"item\":\"https:\/\/zlatnodoba.org\/\"},{\"@type\":\"ListItem\",\"position\":2,\"name\":\"Product category\"}]},{\"@type\":\"WebSite\",\"@id\":\"https:\/\/zlatnodoba.org\/#website\",\"url\":\"https:\/\/zlatnodoba.org\/\",\"name\":\"Zlatno Doba\",\"description\":\"\",\"potentialAction\":[{\"@type\":\"SearchAction\",\"target\":{\"@type\":\"EntryPoint\",\"urlTemplate\":\"https:\/\/zlatnodoba.org\/?s={search_term_string}\"},\"query-input\":{\"@type\":\"PropertyValueSpecification\",\"valueRequired\":true,\"valueName\":\"search_term_string\"}}],\"inLanguage\":\"en-GB\"}]}<\/script>\n<!-- \/ Yoast SEO plugin. -->","yoast_head_json":{"title":"Product category - shop page - Zlatno Doba","robots":{"index":"index","follow":"follow","max-snippet":"max-snippet:-1","max-image-preview":"max-image-preview:large","max-video-preview":"max-video-preview:-1"},"canonical":"https:\/\/zlatnodoba.org\/en\/product-category\/","og_locale":"en_GB","og_type":"article","og_title":"Product category - shop page - Zlatno Doba","og_description":"SVE KATEGORIJE Za\u0161tita od zra\u010denja Harmonizator aure Zajednica Godi\u0161nja \u010dlanarina Ru\u010dni radovi Unikatni proizvodi Ode\u0107a Majice i ostalo Kvantna medicina Aparati i ostalo Knjige Znanje je mo\u0107 Kalendar Za 2025. godinu Doma\u0107i proizvodi Hrana, kozmetika&#8230; Za\u0161tita od zra\u010denja Harmonizator aure Zajednica Godi\u0161nja \u010dlanarina Ru\u010dni radovi Unikatni proizvodi Ode\u0107a Majice i ostalo Kvantna medicina Aparati i [&hellip;]","og_url":"https:\/\/zlatnodoba.org\/en\/product-category\/","og_site_name":"Zlatno Doba","article_modified_time":"2025-06-01T20:39:34+00:00","twitter_card":"summary_large_image","twitter_misc":{"Estimated reading time":"6 minutes"},"schema":{"@context":"https:\/\/schema.org","@graph":[{"@type":"WebPage","@id":"https:\/\/zlatnodoba.org\/product-category\/","url":"https:\/\/zlatnodoba.org\/product-category\/","name":"Product category - shop page - Zlatno Doba","isPartOf":{"@id":"https:\/\/zlatnodoba.org\/#website"},"primaryImageOfPage":{"@id":"https:\/\/zlatnodoba.org\/product-category\/#primaryimage"},"image":{"@id":"https:\/\/zlatnodoba.org\/product-category\/#primaryimage"},"thumbnailUrl":"https:\/\/zlatnodoba.org\/wp-content\/uploads\/2025\/01\/IMG_4623-300x300.jpg","datePublished":"2025-02-02T10:58:26+00:00","dateModified":"2025-06-01T20:39:34+00:00","breadcrumb":{"@id":"https:\/\/zlatnodoba.org\/product-category\/#breadcrumb"},"inLanguage":"en-GB","potentialAction":[{"@type":"ReadAction","target":["https:\/\/zlatnodoba.org\/product-category\/"]}]},{"@type":"ImageObject","inLanguage":"en-GB","@id":"https:\/\/zlatnodoba.org\/product-category\/#primaryimage","url":"https:\/\/zlatnodoba.org\/wp-content\/uploads\/2025\/01\/IMG_4623-300x300.jpg","contentUrl":"https:\/\/zlatnodoba.org\/wp-content\/uploads\/2025\/01\/IMG_4623-300x300.jpg"},{"@type":"BreadcrumbList","@id":"https:\/\/zlatnodoba.org\/product-category\/#breadcrumb","itemListElement":[{"@type":"ListItem","position":1,"name":"Home","item":"https:\/\/zlatnodoba.org\/"},{"@type":"ListItem","position":2,"name":"Product category"}]},{"@type":"WebSite","@id":"https:\/\/zlatnodoba.org\/#website","url":"https:\/\/zlatnodoba.org\/","name":"Zlatno Doba","description":"","potentialAction":[{"@type":"SearchAction","target":{"@type":"EntryPoint","urlTemplate":"https:\/\/zlatnodoba.org\/?s={search_term_string}"},"query-input":{"@type":"PropertyValueSpecification","valueRequired":true,"valueName":"search_term_string"}}],"inLanguage":"en-GB"}]}},"_links":{"self":[{"href":"https:\/\/zlatnodoba.org\/en\/wp-json\/wp\/v2\/pages\/5016","targetHints":{"allow":["GET"]}}],"collection":[{"href":"https:\/\/zlatnodoba.org\/en\/wp-json\/wp\/v2\/pages"}],"about":[{"href":"https:\/\/zlatnodoba.org\/en\/wp-json\/wp\/v2\/types\/page"}],"author":[{"embeddable":true,"href":"https:\/\/zlatnodoba.org\/en\/wp-json\/wp\/v2\/users\/46"}],"replies":[{"embeddable":true,"href":"https:\/\/zlatnodoba.org\/en\/wp-json\/wp\/v2\/comments?post=5016"}],"version-history":[{"count":42,"href":"https:\/\/zlatnodoba.org\/en\/wp-json\/wp\/v2\/pages\/5016\/revisions"}],"predecessor-version":[{"id":7416,"href":"https:\/\/zlatnodoba.org\/en\/wp-json\/wp\/v2\/pages\/5016\/revisions\/7416"}],"wp:attachment":[{"href":"https:\/\/zlatnodoba.org\/en\/wp-json\/wp\/v2\/media?parent=5016"}],"curies":[{"name":"wp","href":"https:\/\/api.w.org\/{rel}","templated":true}]}}