{"id":3523,"date":"2025-01-07T14:39:59","date_gmt":"2025-01-07T14:39:59","guid":{"rendered":"https:\/\/zlatnodoba.org\/?page_id=3523"},"modified":"2026-01-09T20:39:00","modified_gmt":"2026-01-09T20:39:00","slug":"uslovi-koriscenja","status":"publish","type":"page","link":"https:\/\/zlatnodoba.org\/en\/uslovi-koriscenja\/","title":{"rendered":"Uslovi Kori\u0161\u0107enja"},"content":{"rendered":"\t\t<div data-elementor-type=\"wp-page\" data-elementor-id=\"3523\" class=\"elementor elementor-3523\" data-elementor-post-type=\"page\">\n\t\t\t\t\t\t<section class=\"elementor-section elementor-top-section elementor-element elementor-element-1a1fb09 elementor-section-boxed elementor-section-height-default elementor-section-height-default\" data-id=\"1a1fb09\" data-element_type=\"section\" data-e-type=\"section\">\n\t\t\t\t\t\t<div class=\"elementor-container elementor-column-gap-default\">\n\t\t\t\t\t<div class=\"elementor-column elementor-col-100 elementor-top-column elementor-element elementor-element-4e20ff4\" data-id=\"4e20ff4\" data-element_type=\"column\" data-e-type=\"column\">\n\t\t\t<div class=\"elementor-widget-wrap elementor-element-populated\">\n\t\t\t\t\t\t<div class=\"elementor-element elementor-element-3b0c4eb elementor-widget elementor-widget-heading\" data-id=\"3b0c4eb\" data-element_type=\"widget\" data-e-type=\"widget\" data-widget_type=\"heading.default\">\n\t\t\t\t<div class=\"elementor-widget-container\">\n\t\t\t\t\t<h2 class=\"elementor-heading-title elementor-size-default\">Uslovi Kori\u0161\u0107enja<\/h2>\t\t\t\t<\/div>\n\t\t\t\t<\/div>\n\t\t\t\t\t<\/div>\n\t\t<\/div>\n\t\t\t\t\t<\/div>\n\t\t<\/section>\n\t\t\t\t<section class=\"elementor-section elementor-top-section elementor-element elementor-element-d016e20 elementor-section-boxed elementor-section-height-default elementor-section-height-default\" data-id=\"d016e20\" data-element_type=\"section\" data-e-type=\"section\">\n\t\t\t\t\t\t<div class=\"elementor-container elementor-column-gap-default\">\n\t\t\t\t\t<div class=\"elementor-column elementor-col-100 elementor-top-column elementor-element elementor-element-80b9c0d\" data-id=\"80b9c0d\" data-element_type=\"column\" data-e-type=\"column\">\n\t\t\t<div class=\"elementor-widget-wrap elementor-element-populated\">\n\t\t\t\t\t\t<div class=\"elementor-element elementor-element-76a848e elementor-widget elementor-widget-text-editor\" data-id=\"76a848e\" data-element_type=\"widget\" data-e-type=\"widget\" data-widget_type=\"text-editor.default\">\n\t\t\t\t<div class=\"elementor-widget-container\">\n\t\t\t\t\t\t\t\t\t<h2 class=\"wp-block-heading\"><strong>Politika privatnosti<\/strong><\/h2>\n<p>U ime&nbsp;<strong>TEST PRODAVNICE<\/strong>&nbsp;obavezujemo se da \u0107emo \u010duvati privatnost svih na\u0161ih kupaca. Prikupljamo samo neophodne, osnovne podatke o kupcima\/ korisnicima i podatke neophodne za poslovanje i informisanje korisnika u skladu sa dobrim poslovnim obi\u010dajima i u cilju pru\u017eanja kvalitetne usluge. Dajemo kupcima mogu\u0107nost izbora uklju\u010duju\u0107i<br>mogu\u0107nost odluke da li \u017eele ili ne da se izbri\u0161u sa mailing lista koje se koriste za marketin\u0161ke kampanje. Svi podaci o korisnicima\/kupcima se strogo \u010duvaju i dostupni su samo zaposlenima kojima su ti podaci nu\u017eni za obavljanje posla. Svi zaposleni&nbsp;<strong>TEST PRODAVNICE<\/strong>&nbsp;(i poslovni partneri) odgovorni su za po\u0161tovanje na\u010dela za\u0161tite privatnosti.<\/p>\n<p><strong>Uslovi kori\u0161\u0107enja<\/strong><\/p>\n<h2 class=\"wp-block-heading\"><strong>Za\u0161tita privatnosti korisnika<\/strong><\/h2>\n<p>U ime TEST PRODAVNICE, obavezujemo se da \u0107emo \u010duvati privatnost svih<br>na\u0161ih kupaca. Prikupljamo samo neophodne, osnovne podatke o kupcima\/ korisnicima i<br>podatke neophodne za poslovanje i informisanje korisnika u skladu sa dobrim poslovnim<br>obi\u010dajima i u cilju pru\u017eanja kvalitetne usluge. Dajemo kupcima mogu\u0107nost izbora uklju\u010duju\u0107i<br>mogu\u0107nost odluke da li \u017eele ili ne da se izbri\u0161u sa mailing lista koje se koriste za marketin\u0161ke<br>kampanje. Svi podaci o korisnicima\/kupcima se strogo \u010duvaju i dostupni su samo zaposlenima<br>kojima su ti podaci nu\u017eni za obavljanje posla. Svi zaposleni [ime prodajnog mesta] (i poslovni<br>partneri) odgovorni su za po\u0161tovanje na\u010dela za\u0161tite privatnosti.<\/p>\n<h2 class=\"wp-block-heading\"><strong>Uslovi kori\u0161\u0107enja<\/strong><\/h2>\n<p>Upotrebom ovog internet sajta potvr\u0111ujete da ste pro\u010ditali, razumeli i prihvatili ove uslove kori\u0161\u0107enja (u daljem tekstu \u201cuslovi\u201d) i sla\u017eete se da ste obavezni da ih po\u0161tujete, kao i sve druge primenljive zakone i propise. Ukoliko ne prihvatate ove uslove, nemojte koristiti ovaj internet sajt.<\/p>\n<p><strong>TEST PRODAVNICA &nbsp;<\/strong>mo\u017ee izmeniti ove Uslove u bilo kom trenutku izmenama u ovom tekstu. Trebalo bi da posetite ovu stranicu s vremena na vreme i proverite a\u017eurne Uslove, jer ste njima zakonski vezani. Pojedine odredbe ovih Uslova mogu biti nadja\u010dane eksplicitnim zakonskim aktima ili saop\u0161tenjima istaknutim na drugim stranicama ovog sajta.<\/p>\n<h2 class=\"wp-block-heading\"><strong>Za\u0161tita poverljivih podataka o transakciji<\/strong><\/h2>\n<p>Prilikom uno\u0161enja podataka o platnoj kartici, poverljive informacija se prenose putem javne mre\u017ee u za\u0161ti\u0107enoj (kriptovanoj) formi upotrebom SSL protokola i PKI sistema, kao trenutno<br>najsavremenije kriptografske tehnologije.<br>Sigurnost podataka prilikom kupovine, garantuje procesor platnih kartica, Banca Intesa ad Beograd, pa se tako kompletni proces naplate obavlja na stranicama banke. Niti jednog trenutka podaci o platnoj kartici nisu dostupni na\u0161em sistemu.\u201c<\/p>\n<h2 class=\"wp-block-heading\"><strong>Povra\u0107aj sredstava<\/strong><\/h2>\n<p>U slu\u010daju vra\u0107anja robe i povra\u0107aja sredstava kupcu koji je prethodno platio nekom od platnih kartica, delimi\u010dno ili u celosti, a bez obzira na razlog vra\u0107anja,&nbsp;<strong>TEST PRODAVNICA<\/strong>&nbsp; je u obavezi da povra\u0107aj vr\u0161i isklju\u010divo preko VISA, EC\/MC i Maestro metoda pla\u0107anja, \u0161to zna\u010di da \u0107e banka na zahtev prodavca obaviti povra\u0107aj sredstava na ra\u010dun korisnika kartice.<\/p>\n<p><strong>Upotreba internet sajta<\/strong><\/p>\n<p>Sav materijal na ovom internet sajtu (u daljem tekstu \u201cSajt\u201d) je za\u0161ti\u0107en autorskim pravima i svaka neovla\u0161\u0107ena upotreba mo\u017ee predstavljati kr\u0161enje Zakona o autorskom i srodnim pravima, Zakona o \u017eigovima ili drugih zakona iz oblasti intelektualne svojine. Osim ukoliko je druga\u010dije nazna\u010deno na drugom mestu na ovom sajtu, sav sadr\u017eaj mo\u017eete pregledati, kopirati, \u0161tampati ili preuzimati isklju\u010divo za li\u010dnu, nekomercijalnu upotrebu i u informativne svrhe, pod uslovom da sve naznake o autorskim pravima ili drugim vlasni\u010dkim informacijama koji su sadr\u017eani u originalnom dokumentu zadr\u017eite u svim kopijama. Ne mo\u017eete menjati sadr\u017eaj ovog sajta ni na koji na\u010din, niti ga reprodukovati ili javno prikazivati, izvoditi, distribuirati ili na drugi na\u010din koristiti u javne ili komercijalne svrhe. Ne uzimaju\u0107i u obzir prethodno navedeno, bilo koji softver ili drugi materijal dostupan za preuzimanje ili kori\u0161\u0107enje preko ovog sajta koji poseduje sopstvene uslove kori\u0161\u0107enja ili licenciranja nalazi se pod za\u0161titom tih uslova. Ukoliko prekr\u0161ite bilo koji od ovih Uslova, va\u0161a dozvola za upotrebu sajta \u0107e biti povu\u010dena i bi\u0107ete obavezni da odmah uni\u0161tite sve sadr\u017eaje koje ste preuzeli ili od\u0161tampali.<\/p>\n<p>Osim ako je eksplicitno druga\u010dije nazna\u010deno ovde ili na nekoj drugoj stranici ovog sajta, ni\u0161ta ovde sadr\u017eano, bilo izri\u010dito, pre\u0107utno, odricanjem ili na drugi na\u010din, vam ne daje pravo da koristite bilo koji deo intelektualne svojine koju ste prona\u0161li na Sajtu.<\/p>\n<p><strong>Informacije<\/strong><\/p>\n<p>Svi materijali, povratne informacije ili druge vrste informacija koje dostavite ovom Sajtu ili u kompaniji&nbsp;&nbsp;<strong>TEST PRODAVNICA<\/strong>&nbsp;&nbsp;povodom ovog sajta (\u201cInformacije\u201d) ne\u0107e biti smatrani za poverljive ili vlasni\u010dke.&nbsp;&nbsp;<strong>TEST PRODAVNICA<\/strong>&nbsp;&nbsp;\u0107e biti isklju\u010divi vlasnik svih informacija prikupljenih na Sajtu ili u vezi sa njim.&nbsp;&nbsp;<strong>TEST PRODAVNICA<\/strong>&nbsp;nema nikakve obaveze u odnosu na takve informacije i slobodan je da ih koristi bez ograni\u010denja za bilo koje svrhe (kao \u0161to je upotreba, reprodukcija, modifikacija, objavljivanje, (re)distribucija, javno prikazivanje itd.) i bez navo\u0111enja izvora.<\/p>\n<p>Zabranjeno je postavljati ili prenositi na Sajt ili sa njega bilo kakve protivzakonite, prete\u0107e, klevetni\u010dke, poni\u017eavaju\u0107e, obscene, pornografske ili druge materijale koji kr\u0161e bilo koje zakone.<\/p>\n<h2 class=\"wp-block-heading\"><strong>Reklamacije<\/strong><\/h2>\n<p>Reklamacije na o\u0161te\u0107enje u transportu<\/p>\n<p>Veoma je va\u017eno da sva o\u0161te\u0107enja u transportu, vidjliva na pakovanju proizvoda odmah prijavite kuriru koji vam isporu\u010di robu. Svako o\u0161te\u0107enje pri transportu kupac je du\u017ean da prijavi u roku od 24h od prijema robe.<\/p>\n<p>Ukoliko uo\u010dite takvo o\u0161te\u0107enje, nemojte potpisati prijem po\u0161iljke ili zamolite kurira da sa\u010deka dok proverite da li o\u0161te\u0107enje na pakovanju uslovilo i o\u0161te\u0107enje samog proizvoda ili gubitak delova. Ukoliko proizvod nije o\u0161te\u0107en, i svi delovi su na broju, potpi\u0161ite prijem po\u0161iljke.<\/p>\n<p>Reklamacije na podatke ili pogre\u0161nu vrstu robe<\/p>\n<p>Ukoliko ste primili po\u0161iljku i nakon otvaranja kutije ustanovili da isporu\u010dena roba ne odgovara naru\u010denoj ili podaci na ra\u010dunu nisu odgovaraju\u0107i, molimo Vas da nas, najkasnije u roku od 24h od trenutka prijema po\u0161iljke, pozovite telefonom na broj +381 11&nbsp; 5555 555, ili po\u0161aljete e-mail sa svojim podacima (ime, prezime, telefon) na e-mail sanjakokar@gmail.com i opi\u0161ete kakav problem imate. U najkra\u0107em mogu\u0107em roku, odgovor\u0107emo potro\u0161a\u010du na izjavljenu reklamaciju i obavesti\u0107emo Vas o daljem postupanju. Rok za re\u0161avanje reklamacije je 15 dana od trenutka prijave iste.<\/p>\n<h2 class=\"wp-block-heading\"><strong>Izjava o konverziji&nbsp;<\/strong><\/h2>\n<p>Sva pla\u0107anja \u0107e se vr\u0161iti u srpskoj valuti \u2013 dinarima (RSD). Iznos za koji \u0107e ra\u010dun va\u0161e kreditne kartice biti zadu\u017een dobija se konverzijom cene u evrima u srpski dinar prema zvani\u010dnom kursu Narodne banke Srbije. Prilikom zadu\u017eivanja va\u0161e kreditne kartice, isti iznos se konvertuje u lokalnu valutu prema kursu udru\u017eenja kreditnih kartica. Kao rezultat ove konverzije postoji mogu\u0107nost blage razlike od originalne cene navedene na na\u0161em sajtu.<br>Sve cene su izra\u017eene sa PDV-om i nema dodatnih tro\u0161kova.<\/p>\t\t\t\t\t\t\t\t<\/div>\n\t\t\t\t<\/div>\n\t\t\t\t\t<\/div>\n\t\t<\/div>\n\t\t\t\t\t<\/div>\n\t\t<\/section>\n\t\t\t\t<\/div>\n\t\t","protected":false},"excerpt":{"rendered":"<p>Uslovi Kori\u0161\u0107enja Politika privatnosti U ime&nbsp;TEST PRODAVNICE&nbsp;obavezujemo se da \u0107emo \u010duvati privatnost svih na\u0161ih kupaca. Prikupljamo samo neophodne, osnovne podatke o kupcima\/ korisnicima i podatke neophodne za poslovanje i informisanje korisnika u skladu sa dobrim poslovnim obi\u010dajima i u cilju pru\u017eanja kvalitetne usluge. Dajemo kupcima mogu\u0107nost izbora uklju\u010duju\u0107imogu\u0107nost odluke da li \u017eele ili ne da [&hellip;]<\/p>\n","protected":false},"author":46,"featured_media":0,"parent":0,"menu_order":0,"comment_status":"closed","ping_status":"closed","template":"","meta":{"_acf_changed":false,"_hpay_column_layout":"0","_hpay_name_price":"0","pmpro_default_level":"","footnotes":""},"class_list":["post-3523","page","type-page","status-publish","hentry","pmpro-has-access"],"acf":[],"yoast_head":"<!-- This site is optimized with the Yoast SEO plugin v27.1 - https:\/\/yoast.com\/product\/yoast-seo-wordpress\/ -->\n<title>Uslovi Kori\u0161\u0107enja - Zlatno Doba<\/title>\n<meta name=\"robots\" content=\"index, follow, max-snippet:-1, max-image-preview:large, max-video-preview:-1\" \/>\n<link rel=\"canonical\" href=\"https:\/\/zlatnodoba.org\/en\/uslovi-koriscenja\/\" \/>\n<meta property=\"og:locale\" content=\"en_GB\" \/>\n<meta property=\"og:type\" content=\"article\" \/>\n<meta property=\"og:title\" content=\"Uslovi Kori\u0161\u0107enja - Zlatno Doba\" \/>\n<meta property=\"og:description\" content=\"Uslovi Kori\u0161\u0107enja Politika privatnosti U ime&nbsp;TEST PRODAVNICE&nbsp;obavezujemo se da \u0107emo \u010duvati privatnost svih na\u0161ih kupaca. Prikupljamo samo neophodne, osnovne podatke o kupcima\/ korisnicima i podatke neophodne za poslovanje i informisanje korisnika u skladu sa dobrim poslovnim obi\u010dajima i u cilju pru\u017eanja kvalitetne usluge. Dajemo kupcima mogu\u0107nost izbora uklju\u010duju\u0107imogu\u0107nost odluke da li \u017eele ili ne da [&hellip;]\" \/>\n<meta property=\"og:url\" content=\"https:\/\/zlatnodoba.org\/en\/uslovi-koriscenja\/\" \/>\n<meta property=\"og:site_name\" content=\"Zlatno Doba\" \/>\n<meta property=\"article:modified_time\" content=\"2026-01-09T20:39:00+00:00\" \/>\n<meta name=\"twitter:card\" content=\"summary_large_image\" \/>\n<meta name=\"twitter:label1\" content=\"Estimated reading time\" \/>\n\t<meta name=\"twitter:data1\" content=\"6 minutes\" \/>\n<script type=\"application\/ld+json\" class=\"yoast-schema-graph\">{\"@context\":\"https:\/\/schema.org\",\"@graph\":[{\"@type\":\"WebPage\",\"@id\":\"https:\/\/zlatnodoba.org\/uslovi-koriscenja\/\",\"url\":\"https:\/\/zlatnodoba.org\/uslovi-koriscenja\/\",\"name\":\"Uslovi Kori\u0161\u0107enja - Zlatno Doba\",\"isPartOf\":{\"@id\":\"https:\/\/zlatnodoba.org\/#website\"},\"datePublished\":\"2025-01-07T14:39:59+00:00\",\"dateModified\":\"2026-01-09T20:39:00+00:00\",\"breadcrumb\":{\"@id\":\"https:\/\/zlatnodoba.org\/uslovi-koriscenja\/#breadcrumb\"},\"inLanguage\":\"en-GB\",\"potentialAction\":[{\"@type\":\"ReadAction\",\"target\":[\"https:\/\/zlatnodoba.org\/uslovi-koriscenja\/\"]}]},{\"@type\":\"BreadcrumbList\",\"@id\":\"https:\/\/zlatnodoba.org\/uslovi-koriscenja\/#breadcrumb\",\"itemListElement\":[{\"@type\":\"ListItem\",\"position\":1,\"name\":\"Home\",\"item\":\"https:\/\/zlatnodoba.org\/\"},{\"@type\":\"ListItem\",\"position\":2,\"name\":\"Uslovi Kori\u0161\u0107enja\"}]},{\"@type\":\"WebSite\",\"@id\":\"https:\/\/zlatnodoba.org\/#website\",\"url\":\"https:\/\/zlatnodoba.org\/\",\"name\":\"Zlatno Doba\",\"description\":\"\",\"potentialAction\":[{\"@type\":\"SearchAction\",\"target\":{\"@type\":\"EntryPoint\",\"urlTemplate\":\"https:\/\/zlatnodoba.org\/?s={search_term_string}\"},\"query-input\":{\"@type\":\"PropertyValueSpecification\",\"valueRequired\":true,\"valueName\":\"search_term_string\"}}],\"inLanguage\":\"en-GB\"}]}<\/script>\n<!-- \/ Yoast SEO plugin. -->","yoast_head_json":{"title":"Uslovi Kori\u0161\u0107enja - Zlatno Doba","robots":{"index":"index","follow":"follow","max-snippet":"max-snippet:-1","max-image-preview":"max-image-preview:large","max-video-preview":"max-video-preview:-1"},"canonical":"https:\/\/zlatnodoba.org\/en\/uslovi-koriscenja\/","og_locale":"en_GB","og_type":"article","og_title":"Uslovi Kori\u0161\u0107enja - Zlatno Doba","og_description":"Uslovi Kori\u0161\u0107enja Politika privatnosti U ime&nbsp;TEST PRODAVNICE&nbsp;obavezujemo se da \u0107emo \u010duvati privatnost svih na\u0161ih kupaca. Prikupljamo samo neophodne, osnovne podatke o kupcima\/ korisnicima i podatke neophodne za poslovanje i informisanje korisnika u skladu sa dobrim poslovnim obi\u010dajima i u cilju pru\u017eanja kvalitetne usluge. Dajemo kupcima mogu\u0107nost izbora uklju\u010duju\u0107imogu\u0107nost odluke da li \u017eele ili ne da [&hellip;]","og_url":"https:\/\/zlatnodoba.org\/en\/uslovi-koriscenja\/","og_site_name":"Zlatno Doba","article_modified_time":"2026-01-09T20:39:00+00:00","twitter_card":"summary_large_image","twitter_misc":{"Estimated reading time":"6 minutes"},"schema":{"@context":"https:\/\/schema.org","@graph":[{"@type":"WebPage","@id":"https:\/\/zlatnodoba.org\/uslovi-koriscenja\/","url":"https:\/\/zlatnodoba.org\/uslovi-koriscenja\/","name":"Uslovi Kori\u0161\u0107enja - Zlatno Doba","isPartOf":{"@id":"https:\/\/zlatnodoba.org\/#website"},"datePublished":"2025-01-07T14:39:59+00:00","dateModified":"2026-01-09T20:39:00+00:00","breadcrumb":{"@id":"https:\/\/zlatnodoba.org\/uslovi-koriscenja\/#breadcrumb"},"inLanguage":"en-GB","potentialAction":[{"@type":"ReadAction","target":["https:\/\/zlatnodoba.org\/uslovi-koriscenja\/"]}]},{"@type":"BreadcrumbList","@id":"https:\/\/zlatnodoba.org\/uslovi-koriscenja\/#breadcrumb","itemListElement":[{"@type":"ListItem","position":1,"name":"Home","item":"https:\/\/zlatnodoba.org\/"},{"@type":"ListItem","position":2,"name":"Uslovi Kori\u0161\u0107enja"}]},{"@type":"WebSite","@id":"https:\/\/zlatnodoba.org\/#website","url":"https:\/\/zlatnodoba.org\/","name":"Zlatno Doba","description":"","potentialAction":[{"@type":"SearchAction","target":{"@type":"EntryPoint","urlTemplate":"https:\/\/zlatnodoba.org\/?s={search_term_string}"},"query-input":{"@type":"PropertyValueSpecification","valueRequired":true,"valueName":"search_term_string"}}],"inLanguage":"en-GB"}]}},"_links":{"self":[{"href":"https:\/\/zlatnodoba.org\/en\/wp-json\/wp\/v2\/pages\/3523","targetHints":{"allow":["GET"]}}],"collection":[{"href":"https:\/\/zlatnodoba.org\/en\/wp-json\/wp\/v2\/pages"}],"about":[{"href":"https:\/\/zlatnodoba.org\/en\/wp-json\/wp\/v2\/types\/page"}],"author":[{"embeddable":true,"href":"https:\/\/zlatnodoba.org\/en\/wp-json\/wp\/v2\/users\/46"}],"replies":[{"embeddable":true,"href":"https:\/\/zlatnodoba.org\/en\/wp-json\/wp\/v2\/comments?post=3523"}],"version-history":[{"count":9,"href":"https:\/\/zlatnodoba.org\/en\/wp-json\/wp\/v2\/pages\/3523\/revisions"}],"predecessor-version":[{"id":8154,"href":"https:\/\/zlatnodoba.org\/en\/wp-json\/wp\/v2\/pages\/3523\/revisions\/8154"}],"wp:attachment":[{"href":"https:\/\/zlatnodoba.org\/en\/wp-json\/wp\/v2\/media?parent=3523"}],"curies":[{"name":"wp","href":"https:\/\/api.w.org\/{rel}","templated":true}]}}